{"id":7228,"date":"2025-03-21T00:55:52","date_gmt":"2025-03-21T00:55:52","guid":{"rendered":"https:\/\/fmp-components.com\/?post_type=product&#038;p=7228"},"modified":"2025-03-21T01:26:57","modified_gmt":"2025-03-21T01:26:57","slug":"worm-and-wheel","status":"publish","type":"product","link":"https:\/\/fmp-components.com\/fi\/product\/worm-and-wheel\/","title":{"rendered":"Mato ja py\u00f6r\u00e4"},"content":{"rendered":"<p><span style=\"color: #333333; font-size: 26px;\">Mit\u00e4 ovat mato- ja py\u00f6r\u00e4vaihteet?<\/span><\/p>\n<div>\n<p class=\"break-words\">A <strong>mato- ja py\u00f6r\u00e4vaihteisto<\/strong> on erikoistyyppinen hammaspy\u00f6r\u00e4vaihteisto, joka siirt\u00e4\u00e4 liikett\u00e4 kahden toisiaan leikkaamattoman akselin v\u00e4lill\u00e4, tyypillisesti 90 asteen kulmassa. J\u00e4rjestelm\u00e4\u00e4n kuuluu kaksi keskeist\u00e4 komponenttia:<\/p>\n<ul class=\"marker:text-secondary\">\n<li class=\"break-words\"><strong>Mato<\/strong>Sylinterim\u00e4inen, ruuvimainen komponentti, jossa on spiraalimaiset kierteet.<\/li>\n<li class=\"break-words\"><strong>Madonpy\u00f6r\u00e4<\/strong>Kierukkapy\u00f6r\u00e4\u00e4 muistuttava hammaspy\u00f6r\u00e4, jonka koverat hampaat on suunniteltu maksimoimaan kosketus matoon.<\/li>\n<\/ul>\n<p class=\"break-words\">T\u00e4m\u00e4 ainutlaatuinen rakenne mahdollistaa suuret alennussuhteet kompaktissa muodossa, mik\u00e4 tekee mato- ja py\u00f6r\u00e4vaihteista ensisijaisen ratkaisun sovelluksiin, jotka vaativat merkitt\u00e4v\u00e4\u00e4 nopeuden alennusta ja v\u00e4\u00e4nt\u00f6momentin lis\u00e4\u00e4mist\u00e4.<\/p>\n<table style=\"width: 100%;\" border=\"1\" width=\"100%\" cellspacing=\"0\" cellpadding=\"0\">\n<tbody>\n<tr style=\"height: 14.40pt;\">\n<td style=\"height: 14.4pt; width: 23.927%;\" width=\"83\" height=\"24\">\u00a0\u00a0\u00a0<img loading=\"lazy\" decoding=\"async\" class=\"alignnone size-full wp-image-7234\" src=\"https:\/\/fmp-components.com\/wp-content\/uploads\/2025\/03\/worm-and-wheel-5.webp\" alt=\"mato-py\u00f6r\u00e4\" width=\"768\" height=\"695\" title=\"\" srcset=\"https:\/\/fmp-components.com\/wp-content\/uploads\/2025\/03\/worm-and-wheel-5.webp 768w, https:\/\/fmp-components.com\/wp-content\/uploads\/2025\/03\/worm-and-wheel-5-480x434.webp 480w\" sizes=\"(min-width: 0px) and (max-width: 480px) 480px, (min-width: 481px) 768px, 100vw\" \/><\/td>\n<td style=\"width: 24.4635%;\" align=\"right\" width=\"80\">\u00a0<img loading=\"lazy\" decoding=\"async\" class=\"alignnone size-full wp-image-7238\" src=\"https:\/\/fmp-components.com\/wp-content\/uploads\/2025\/03\/worm-and-wheel-1-1.webp\" alt=\"mato ja py\u00f6r\u00e4 \" width=\"518\" height=\"345\" title=\"\" srcset=\"https:\/\/fmp-components.com\/wp-content\/uploads\/2025\/03\/worm-and-wheel-1-1.webp 518w, https:\/\/fmp-components.com\/wp-content\/uploads\/2025\/03\/worm-and-wheel-1-1-480x320.webp 480w\" sizes=\"(min-width: 0px) and (max-width: 480px) 480px, (min-width: 481px) 518px, 100vw\" \/><\/td>\n<td style=\"width: 27.146%;\" align=\"right\" width=\"154\"><img loading=\"lazy\" decoding=\"async\" class=\"alignnone size-full wp-image-7237\" src=\"https:\/\/fmp-components.com\/wp-content\/uploads\/2025\/03\/worm-and-wheel-2-1.webp\" alt=\"mato ja py\u00f6r\u00e4 \" width=\"518\" height=\"345\" title=\"\" srcset=\"https:\/\/fmp-components.com\/wp-content\/uploads\/2025\/03\/worm-and-wheel-2-1.webp 518w, https:\/\/fmp-components.com\/wp-content\/uploads\/2025\/03\/worm-and-wheel-2-1-480x320.webp 480w\" sizes=\"(min-width: 0px) and (max-width: 480px) 480px, (min-width: 481px) 518px, 100vw\" \/><\/td>\n<td style=\"width: 24.1416%;\" width=\"80\"><img loading=\"lazy\" decoding=\"async\" class=\"alignnone size-full wp-image-7231\" src=\"https:\/\/fmp-components.com\/wp-content\/uploads\/2025\/03\/worm-and-wheel-2.webp\" alt=\"mato-py\u00f6r\u00e4\" width=\"768\" height=\"695\" title=\"\" srcset=\"https:\/\/fmp-components.com\/wp-content\/uploads\/2025\/03\/worm-and-wheel-2.webp 768w, https:\/\/fmp-components.com\/wp-content\/uploads\/2025\/03\/worm-and-wheel-2-480x434.webp 480w\" sizes=\"(min-width: 0px) and (max-width: 480px) 480px, (min-width: 481px) 768px, 100vw\" \/><\/td>\n<\/tr>\n<tr style=\"height: 14.40pt;\">\n<td style=\"height: 14.4pt; width: 23.927%;\" height=\"24\"><img loading=\"lazy\" decoding=\"async\" class=\"alignnone size-full wp-image-7235\" src=\"https:\/\/fmp-components.com\/wp-content\/uploads\/2025\/03\/worm-and-wheel-6.webp\" alt=\"mato-py\u00f6r\u00e4\" width=\"768\" height=\"695\" title=\"\" srcset=\"https:\/\/fmp-components.com\/wp-content\/uploads\/2025\/03\/worm-and-wheel-6.webp 768w, https:\/\/fmp-components.com\/wp-content\/uploads\/2025\/03\/worm-and-wheel-6-480x434.webp 480w\" sizes=\"(min-width: 0px) and (max-width: 480px) 480px, (min-width: 481px) 768px, 100vw\" \/><\/td>\n<td style=\"width: 24.4635%;\" align=\"right\"><img loading=\"lazy\" decoding=\"async\" class=\"alignnone size-full wp-image-7233\" src=\"https:\/\/fmp-components.com\/wp-content\/uploads\/2025\/03\/worm-and-wheel-4.webp\" alt=\"mato-py\u00f6r\u00e4\" width=\"768\" height=\"695\" title=\"\" srcset=\"https:\/\/fmp-components.com\/wp-content\/uploads\/2025\/03\/worm-and-wheel-4.webp 768w, https:\/\/fmp-components.com\/wp-content\/uploads\/2025\/03\/worm-and-wheel-4-480x434.webp 480w\" sizes=\"(min-width: 0px) and (max-width: 480px) 480px, (min-width: 481px) 768px, 100vw\" \/><\/td>\n<td style=\"width: 27.146%;\" align=\"right\"><img loading=\"lazy\" decoding=\"async\" class=\"alignnone size-full wp-image-7236\" src=\"https:\/\/fmp-components.com\/wp-content\/uploads\/2025\/03\/worm-and-wheel-1.webp\" alt=\"mato-py\u00f6r\u00e4\" width=\"768\" height=\"695\" title=\"\" srcset=\"https:\/\/fmp-components.com\/wp-content\/uploads\/2025\/03\/worm-and-wheel-1.webp 768w, https:\/\/fmp-components.com\/wp-content\/uploads\/2025\/03\/worm-and-wheel-1-480x434.webp 480w\" sizes=\"(min-width: 0px) and (max-width: 480px) 480px, (min-width: 481px) 768px, 100vw\" \/><\/td>\n<td style=\"width: 24.1416%;\"><img loading=\"lazy\" decoding=\"async\" class=\"alignnone size-full wp-image-7232\" src=\"https:\/\/fmp-components.com\/wp-content\/uploads\/2025\/03\/worm-and-wheel-3.webp\" alt=\"mato-py\u00f6r\u00e4\" width=\"768\" height=\"695\" title=\"\" srcset=\"https:\/\/fmp-components.com\/wp-content\/uploads\/2025\/03\/worm-and-wheel-3.webp 768w, https:\/\/fmp-components.com\/wp-content\/uploads\/2025\/03\/worm-and-wheel-3-480x434.webp 480w\" sizes=\"(min-width: 0px) and (max-width: 480px) 480px, (min-width: 481px) 768px, 100vw\" \/><\/td>\n<\/tr>\n<\/tbody>\n<\/table>\n<h3>Tekniset tiedot<\/h3>\n<p>Mitat: \u03a65mm - \u03a6120mm<br \/>\nModuuli: M0.2-M2.2<br \/>\nMateriaalityyppi: alumiini, pronssi, ter\u00e4s, seos, sinkki jne. asiakkaan vaatimusten mukaisesti<\/p>\n<div class=\"table-responsive\">\n<table style=\"width: 100%;\" border=\"1\" width=\"100%\" cellspacing=\"0\" cellpadding=\"0\">\n<tbody>\n<tr class=\"firstRow\">\n<td colspan=\"2\">Tarkkuusmatovaihteet autolaitteissa<\/td>\n<\/tr>\n<tr>\n<td>Ulottuvuus<\/td>\n<td>\u03a65mm - \u03a6120mm<\/td>\n<\/tr>\n<tr>\n<td>Moduuli<\/td>\n<td>M0.2\u2013M2.2<\/td>\n<\/tr>\n<tr>\n<td>Materiaalityyppi<\/td>\n<td>Alumiini, pronssi, ter\u00e4s, seos, sinkki jne. asiakkaan vaatimusten mukaisesti<\/td>\n<\/tr>\n<tr>\n<td>Verkkoluokka<\/td>\n<td>JGMA1\/2\/3\/4\/5\/6\/7\/8 ISO 8\/7\/6\/5\/4<br \/>\nDIN 6\/5\/4\/3 AGME 13\/12\/14\/15\/16<\/td>\n<\/tr>\n<tr>\n<td>L\u00e4mp\u00f6k\u00e4sittely<\/td>\n<td>IONINITRIDI<\/td>\n<\/tr>\n<tr>\n<td>Hakemus<\/td>\n<td>Autoteollisuus, l\u00e4\u00e4ketiede, teollisuus, sotilas, lentokoneet, mekaaninen jne.<\/td>\n<\/tr>\n<tr>\n<td>R\u00e4\u00e4t\u00e4l\u00f6ity<\/td>\n<td>ODM\/OEM<\/td>\n<\/tr>\n<tr>\n<td>N\u00e4yte<\/td>\n<td>N\u00e4yte saatavilla<\/td>\n<\/tr>\n<tr>\n<td>Pakkaustavat<\/td>\n<td>Tyhji\u00f6pakattu muovitarjottimella<\/td>\n<\/tr>\n<tr>\n<td>Toimitustavat<\/td>\n<td>DHL &amp; TNT &amp; FedEx &amp; UPS<\/td>\n<\/tr>\n<tr>\n<td>Todistus<\/td>\n<td>ISO9001:2008 ja TS\/ISO16949:2008<\/td>\n<\/tr>\n<\/tbody>\n<\/table>\n<\/div>\n<\/div>\n<p><img loading=\"lazy\" decoding=\"async\" class=\"alignnone  wp-image-7240\" src=\"https:\/\/fmp-components.com\/wp-content\/uploads\/2025\/03\/worm-and-wheel-product-3.webp\" alt=\"mato-py\u00f6r\u00e4\" width=\"938\" height=\"500\" title=\"\" srcset=\"https:\/\/fmp-components.com\/wp-content\/uploads\/2025\/03\/worm-and-wheel-product-3.webp 938w, https:\/\/fmp-components.com\/wp-content\/uploads\/2025\/03\/worm-and-wheel-product-3-480x256.webp 480w\" sizes=\"(min-width: 0px) and (max-width: 480px) 480px, (min-width: 481px) 938px, 100vw\" \/> <img loading=\"lazy\" decoding=\"async\" class=\"alignnone size-full wp-image-7241\" src=\"https:\/\/fmp-components.com\/wp-content\/uploads\/2025\/03\/worm-and-wheel-product-2.webp\" alt=\"mato-py\u00f6r\u00e4\" width=\"937\" height=\"469\" title=\"\" srcset=\"https:\/\/fmp-components.com\/wp-content\/uploads\/2025\/03\/worm-and-wheel-product-2.webp 937w, https:\/\/fmp-components.com\/wp-content\/uploads\/2025\/03\/worm-and-wheel-product-2-480x240.webp 480w\" sizes=\"(min-width: 0px) and (max-width: 480px) 480px, (min-width: 481px) 937px, 100vw\" \/><\/p>\n<div>\n<h2>T\u00e4rkeimm\u00e4t ominaisuudet ja edut<\/h2>\n<p class=\"break-words\">Mato- ja py\u00f6r\u00e4vaihteilla on selkeit\u00e4 etuja, jotka tekev\u00e4t niist\u00e4 v\u00e4ltt\u00e4m\u00e4tt\u00f6mi\u00e4 useilla eri teollisuudenaloilla:<\/p>\n<ul class=\"marker:text-secondary\">\n<li class=\"break-words\"><strong>Korkea alennussuhde<\/strong>Saavuta huomattava nopeuden aleneminen helposti, ihanteellinen suuren v\u00e4\u00e4nt\u00f6momentin sovelluksiin.<\/li>\n<li class=\"break-words\"><strong>Kompakti muotoilu<\/strong>Yksi tilaa s\u00e4\u00e4st\u00e4vimmist\u00e4 vaihdej\u00e4rjestelmist\u00e4, joka tarjoaa suuria pienennyksi\u00e4 minimaalisessa tilassa.<\/li>\n<li class=\"break-words\"><strong>Itselukittuva ominaisuus<\/strong>Kun johtokulma ja kitkakerroin on optimoitu, n\u00e4m\u00e4 vaihteet voivat est\u00e4\u00e4 takaisinpy\u00f6rimisen ja parantaa turvallisuutta tietyiss\u00e4 kokoonpanoissa.<\/li>\n<li class=\"break-words\"><strong>Sujuva ja hiljainen toiminta<\/strong>Madon ja py\u00f6r\u00e4n v\u00e4linen liukuva kosketus varmistaa hiljaisemman suorituskyvyn verrattuna muihin vaihdetyyppeihin.<\/li>\n<\/ul>\n<p class=\"break-words\">N\u00e4m\u00e4 ominaisuudet tekev\u00e4t mato- ja py\u00f6r\u00e4vaihteista monipuolisen vaihtoehdon sek\u00e4 teollisiin ett\u00e4 tarkkuussovelluksiin.<\/p>\n<div>\n<h2>Mato- ja py\u00f6r\u00e4vaihteiden sovellukset<\/h2>\n<p class=\"break-words\">Mato- ja py\u00f6r\u00e4vaihteita k\u00e4ytet\u00e4\u00e4n monenlaisissa tilanteissa, mukaan lukien:<\/p>\n<ul class=\"marker:text-secondary\">\n<li class=\"break-words\"><strong>Nopeudenalentajat<\/strong>Yleinen koneissa, jotka vaativat kontrolloituja l\u00e4ht\u00f6nopeuksia.<\/li>\n<li class=\"break-words\"><strong>Hissit<\/strong>Luotettavien nostomekanismien tarjoaminen.<\/li>\n<li class=\"break-words\"><strong>Ty\u00f6st\u00f6koneet<\/strong>Tarkkuuden ja voimansiirron varmistaminen.<\/li>\n<li class=\"break-words\"><strong>Ketjulohkot<\/strong>Helpottaa raskaiden nostojen suorittamista kompaktin vaihteiston ansiosta.<\/li>\n<li class=\"break-words\"><strong>Kalastuskelat<\/strong>Tarjoaa sujuvan ja korkean suhdeluvun hallinnan.<\/li>\n<li class=\"break-words\"><strong>Auton ohjaustehostin<\/strong>Ajoneuvon ohjattavuuden parantaminen.<\/li>\n<li class=\"break-words\"><strong>Robotiikka ja l\u00e4\u00e4ketieteelliset laitteet<\/strong>Pienten moduulien vaihteiden hy\u00f6dynt\u00e4minen tarkkuusteht\u00e4viss\u00e4.<\/li>\n<\/ul>\n<p class=\"break-words\">Italiassa teollisuudenalat, kuten autoteollisuus, robotiikka ja koneenrakennus \u2013 avainaloilla esimerkiksi Emilia-Romagnan ja Lombardian kaltaisilla alueilla \u2013 ovat riippuvaisia \u200b\u200bn\u00e4ist\u00e4 vaihteista niiden tehokkuuden ja luotettavuuden vuoksi.<\/p>\n<div>\n<h2>FMP-yritys: Luotettu mato- ja py\u00f6r\u00e4valmistajasi Italiassa<\/h2>\n<p class=\"break-words\">FMP Companylla olemme ylpeit\u00e4 siit\u00e4, ett\u00e4 olemme johtava mato- ja py\u00f6r\u00e4vaihteiden toimittaja, joka vastaa monipuolisiin tarpeisiin laajalla tuotevalikoimallamme ja r\u00e4\u00e4t\u00e4l\u00f6intimahdollisuuksillamme. Tarjontaamme kuuluvat:<\/p>\n<ul class=\"marker:text-secondary\">\n<li class=\"break-words\"><strong>Yksi- ja monik\u00e4ynnistysmadot<\/strong>Saatavilla eri kierreluvuilla r\u00e4\u00e4t\u00e4l\u00f6ityj\u00e4 alennussuhteita varten.<\/li>\n<li class=\"break-words\"><strong>Madonpy\u00f6r\u00e4t<\/strong>Valmistetaan eri hammasluvuilla ja moduuleilla tiettyihin k\u00e4ytt\u00f6tarkoituksiin.<\/li>\n<li class=\"break-words\"><strong>Mukautetut mallit<\/strong>Suunniteltu vastaamaan ainutlaatuisia vaatimuksiasi monimutkaisuudesta riippumatta.<\/li>\n<\/ul>\n<p><img loading=\"lazy\" decoding=\"async\" class=\"size-full wp-image-7229 aligncenter\" src=\"https:\/\/fmp-components.com\/wp-content\/uploads\/2025\/03\/worm-wheel-factory.webp\" alt=\"matopy\u00f6r\u00e4tehdas\" width=\"1740\" height=\"630\" title=\"\" srcset=\"https:\/\/fmp-components.com\/wp-content\/uploads\/2025\/03\/worm-wheel-factory.webp 1740w, https:\/\/fmp-components.com\/wp-content\/uploads\/2025\/03\/worm-wheel-factory-1280x463.webp 1280w, https:\/\/fmp-components.com\/wp-content\/uploads\/2025\/03\/worm-wheel-factory-980x355.webp 980w, https:\/\/fmp-components.com\/wp-content\/uploads\/2025\/03\/worm-wheel-factory-480x174.webp 480w\" sizes=\"(min-width: 0px) and (max-width: 480px) 480px, (min-width: 481px) and (max-width: 980px) 980px, (min-width: 981px) and (max-width: 1280px) 1280px, (min-width: 1281px) 1740px, 100vw\" \/><\/p>\n<h3>Etk\u00f6 l\u00f6yd\u00e4 malliasi?<\/h3>\n<p class=\"break-words\">Jos et l\u00f6yd\u00e4 tarvitsemaasi mato- ja py\u00f6r\u00e4vaihdetta tuoteluettelostamme, \u00e4l\u00e4 huoli \u2013 emme todenn\u00e4k\u00f6isesti ole viel\u00e4 ehtineet ladata sit\u00e4 palveluumme. Yksinkertaisesti <strong>L\u00e4het\u00e4 meille s\u00e4hk\u00f6postia<\/strong> spesifikaatioidesi mukaisesti, ja asiantuntevat insin\u00f6\u00f6rimme vastaavat 24 tunnin kuluessa tarpeisiisi r\u00e4\u00e4t\u00e4l\u00f6idyll\u00e4 ratkaisulla. Olitpa sitten Milanossa, Torinossa tai miss\u00e4 tahansa muualla Italiassa, olemme t\u00e4\u00e4ll\u00e4 tukemassa sinua nopealla ja henkil\u00f6kohtaisella palvelulla.<\/p>\n<div>\n<h2>Mato- ja py\u00f6r\u00e4vaihteiden tekniset n\u00e4k\u00f6kohdat<\/h2>\n<p class=\"break-words\">Tehokkaan mato- ja py\u00f6r\u00e4j\u00e4rjestelm\u00e4n suunnittelussa on otettava huomioon useita kriittisi\u00e4 parametreja:<\/p>\n<ul class=\"marker:text-secondary\">\n<li class=\"break-words\"><strong>Moduuli<\/strong>: M\u00e4\u00e4ritt\u00e4\u00e4 hammaspy\u00f6r\u00e4n hampaiden koon.<\/li>\n<li class=\"break-words\"><strong>Painekulma<\/strong>Vaikuttaa kuormituskykyyn ja hy\u00f6tysuhteeseen.<\/li>\n<li class=\"break-words\"><strong>Madonpy\u00f6r\u00e4n hampaiden lukum\u00e4\u00e4r\u00e4<\/strong>M\u00e4\u00e4ritt\u00e4\u00e4 pienennyssuhteen madon s\u00e4ikeiden lukum\u00e4\u00e4r\u00e4n rinnalla.<\/li>\n<li class=\"break-words\"><strong>Langojen lukum\u00e4\u00e4r\u00e4 matossa<\/strong>Yksitt\u00e4inen, kaksinkertainen tai kolminkertainen k\u00e4ynnistys vaikuttaa nopeuteen ja v\u00e4\u00e4nt\u00f6momenttiin.<\/li>\n<li class=\"break-words\"><strong>Madon halkaisijan halkaisija<\/strong>Vaikuttaa vaihteiston geometriaan.<\/li>\n<li class=\"break-words\"><strong>Keskipisteen et\u00e4isyys<\/strong>Varmistaa akseleiden v\u00e4lisen oikean kohdistuksen.<\/li>\n<\/ul>\n<p class=\"break-words\">Esimerkiksi j\u00e4rjestelm\u00e4, jonka moduuli on 3, madon nousun halkaisija 44 mm, keski\u00f6v\u00e4li 67 mm ja matopy\u00f6r\u00e4, jossa on 30 hammasta, voi saavuttaa alennussuhteita, kuten 30:1 (yksikierteinen mato) tai 15:1 (kaksikierteinen mato), joita voidaan s\u00e4\u00e4t\u00e4\u00e4 muuttamalla kierteiden m\u00e4\u00e4r\u00e4\u00e4.<\/p>\n<p class=\"break-words\"><img loading=\"lazy\" decoding=\"async\" class=\"wp-image-7242 aligncenter\" src=\"https:\/\/fmp-components.com\/wp-content\/uploads\/2025\/03\/worm-and-wheel-product-5.webp\" alt=\"mato-ja-py\u00f6r\u00e4tuote-5\" width=\"839\" height=\"581\" title=\"\" srcset=\"https:\/\/fmp-components.com\/wp-content\/uploads\/2025\/03\/worm-and-wheel-product-5.webp 390w, https:\/\/fmp-components.com\/wp-content\/uploads\/2025\/03\/worm-and-wheel-product-5-300x208.webp 300w, https:\/\/fmp-components.com\/wp-content\/uploads\/2025\/03\/worm-and-wheel-product-5-18x12.webp 18w\" sizes=\"(max-width: 839px) 100vw, 839px\" \/><\/p>\n<\/div>\n<\/div>\n<\/div>\n<\/div>","protected":false},"excerpt":{"rendered":"<p>What Are Worm and Wheel Gears? A worm and wheel gear system is a specialized type of gear transmission that transfers motion between two non-intersecting shafts, typically at a 90-degree angle. The system comprises two key components: Worm: A cylindrical, screw-like component with spiral threads. Worm Wheel: A gear resembling a helical gear, but with [&hellip;]<\/p>","protected":false},"featured_media":7239,"comment_status":"open","ping_status":"closed","template":"","meta":{"_et_pb_use_builder":"","_et_pb_old_content":"","_et_gb_content_width":""},"product_brand":[],"product_cat":[107],"product_tag":[],"class_list":{"0":"post-7228","1":"product","2":"type-product","3":"status-publish","4":"has-post-thumbnail","6":"product_cat-worm-gear","8":"first","9":"instock","10":"shipping-taxable","11":"product-type-simple"},"_links":{"self":[{"href":"https:\/\/fmp-components.com\/fi\/wp-json\/wp\/v2\/product\/7228","targetHints":{"allow":["GET"]}}],"collection":[{"href":"https:\/\/fmp-components.com\/fi\/wp-json\/wp\/v2\/product"}],"about":[{"href":"https:\/\/fmp-components.com\/fi\/wp-json\/wp\/v2\/types\/product"}],"replies":[{"embeddable":true,"href":"https:\/\/fmp-components.com\/fi\/wp-json\/wp\/v2\/comments?post=7228"}],"wp:featuredmedia":[{"embeddable":true,"href":"https:\/\/fmp-components.com\/fi\/wp-json\/wp\/v2\/media\/7239"}],"wp:attachment":[{"href":"https:\/\/fmp-components.com\/fi\/wp-json\/wp\/v2\/media?parent=7228"}],"wp:term":[{"taxonomy":"product_brand","embeddable":true,"href":"https:\/\/fmp-components.com\/fi\/wp-json\/wp\/v2\/product_brand?post=7228"},{"taxonomy":"product_cat","embeddable":true,"href":"https:\/\/fmp-components.com\/fi\/wp-json\/wp\/v2\/product_cat?post=7228"},{"taxonomy":"product_tag","embeddable":true,"href":"https:\/\/fmp-components.com\/fi\/wp-json\/wp\/v2\/product_tag?post=7228"}],"curies":[{"name":"wp","href":"https:\/\/api.w.org\/{rel}","templated":true}]}}