{"id":720,"date":"2024-12-18T03:25:17","date_gmt":"2024-12-18T03:25:17","guid":{"rendered":"https:\/\/fmp-components.com\/?page_id=8"},"modified":"2024-12-18T03:37:20","modified_gmt":"2024-12-18T03:37:20","slug":"hydraulic-cylinder-for-jack-up-offshore-platform","status":"publish","type":"product","link":"https:\/\/fmp-components.com\/fi\/product\/hydraulic-cylinder-for-jack-up-offshore-platform\/","title":{"rendered":"Hydraulinen sylinteri nostoalustalle"},"content":{"rendered":"<p style=\"text-align: center;\"><span style=\"font-size: 18pt;\">Hydraulinen sylinteri nostoalustalle<\/span><\/p>\n<p>Jack-up Offshore -lauttojen hydraulisylinteri on kriittinen komponentti, joka on suunniteltu tarjoamaan luotettavaa nosto- ja laskukyky\u00e4 offshore-poraus- ja rakennusty\u00f6mailla k\u00e4ytett\u00e4vien jack-up-lauttojen jaloille. T\u00e4ll\u00e4 sylinterill\u00e4 on t\u00e4rke\u00e4 rooli alustan vakauden ja turvallisuuden varmistamisessa haastavissa meriymp\u00e4rist\u00f6iss\u00e4.<\/p>\n<p><img loading=\"lazy\" decoding=\"async\" class=\"size-full wp-image-728 aligncenter\" src=\"https:\/\/fmp-components.com\/wp-content\/uploads\/2024\/12\/Jack-up-Offshore-Platform-Bolt-Cylinder-Applications.webp\" alt=\"Jack-up-Offshore-Platform-Pulttisylinteri\" width=\"1024\" height=\"557\" title=\"\" srcset=\"https:\/\/fmp-components.com\/wp-content\/uploads\/2024\/12\/Jack-up-Offshore-Platform-Bolt-Cylinder-Applications.webp 1024w, https:\/\/fmp-components.com\/wp-content\/uploads\/2024\/12\/Jack-up-Offshore-Platform-Bolt-Cylinder-Applications-980x533.webp 980w, https:\/\/fmp-components.com\/wp-content\/uploads\/2024\/12\/Jack-up-Offshore-Platform-Bolt-Cylinder-Applications-480x261.webp 480w\" sizes=\"(min-width: 0px) and (max-width: 480px) 480px, (min-width: 481px) and (max-width: 980px) 980px, (min-width: 981px) 1024px, 100vw\" \/><\/p>\n<h4>T\u00e4rkeimm\u00e4t ominaisuudet:<\/h4>\n<ul>\n<li><strong>Suuri voimateho:<\/strong> T\u00e4m\u00e4 sylinteri on suunniteltu tuottamaan huomattavaa hydraulista voimaa, ja se hallitsee tehokkaasti lavan korkeutta mahdollistaen nopeat ja tarkat s\u00e4\u00e4d\u00f6t sek\u00e4 k\u00e4ytt\u00f6\u00f6noton ett\u00e4 sis\u00e4\u00e4nvedon aikana.<\/li>\n<li><strong>Kest\u00e4v\u00e4 rakenne:<\/strong> Se on valmistettu eritt\u00e4in lujista materiaaleista ja suunniteltu kest\u00e4m\u00e4\u00e4n offshore-toiminnoille tyypillisi\u00e4 ankaria olosuhteita ja korkeita paineita, mik\u00e4 varmistaa kest\u00e4vyyden ja pitk\u00e4aikaisen luotettavuuden.<\/li>\n<li><strong>Sujuva toiminta:<\/strong> Edistyksellinen hydraulinen rakenne mahdollistaa sujuvat ja hallitut liikkeet, mik\u00e4 parantaa toiminnan tehokkuutta ja minimoi seisokkiajat kriittisten poraustoimintojen aikana.<\/li>\n<li><strong>Korroosionkest\u00e4vyys:<\/strong> K\u00e4sitelty kest\u00e4m\u00e4\u00e4n suolaveden ja muiden merellisten elementtien aiheuttamaa korroosiota, mik\u00e4 varmistaa pitk\u00e4n k\u00e4ytt\u00f6i\u00e4n ja tasaisen suorituskyvyn vaativissa ymp\u00e4rist\u00f6iss\u00e4.<\/li>\n<li><strong>Monipuoliset sovellukset:<\/strong> T\u00e4m\u00e4 hydraulisylinteri soveltuu erilaisiin nostolavakokoonpanoihin ja mukautuu erilaisiin k\u00e4ytt\u00f6tarpeisiin, mik\u00e4 parantaa sen hy\u00f6dyllisyytt\u00e4 offshore-projekteissa.<\/li>\n<\/ul>\n<p>Jack-up Offshore -lautan hydraulisylinteri on v\u00e4ltt\u00e4m\u00e4t\u00f6n offshore-poraustoimintojen suorituskyvyn ja turvallisuuden optimoimiseksi, ja se edist\u00e4\u00e4 merkitt\u00e4v\u00e4sti merirakentamisen ja luonnonvarojen louhintatoiminnan tehokkuutta.<\/p>\n<h2>Jack-up Offshore -alustan nostosylinteri<\/h2>\n<p>Jack-up Offshore Platform -nostosylinteri on t\u00e4rke\u00e4 hydraulinen komponentti, joka on suunniteltu tarjoamaan tarvittava voima jack-up-lauttojen jalkojen nostamiseen ja laskemiseen offshore-operaatioissa. T\u00e4m\u00e4 sylinteri mahdollistaa alustan korkeuden tarkan hallinnan, mik\u00e4 varmistaa vakauden ja turvallisuuden haastavissa meriolosuhteissa ty\u00f6skennelt\u00e4ess\u00e4. Se on valmistettu eritt\u00e4in lujista materiaaleista ja suunniteltu kest\u00e4m\u00e4\u00e4n offshore-sovelluksille tyypillisi\u00e4 ankaria ymp\u00e4rist\u00f6j\u00e4 ja merkitt\u00e4vi\u00e4 paineita, mik\u00e4 varmistaa kest\u00e4vyyden ja luotettavuuden. Sujuva hydraulinen toiminta mahdollistaa tehokkaat ja nopeat s\u00e4\u00e4d\u00f6t, mik\u00e4 parantaa toiminnan tehokkuutta ja turvallisuutta poraus- ja huoltotoimien aikana. T\u00e4m\u00e4 nostosylinteri on v\u00e4ltt\u00e4m\u00e4t\u00f6n jack-up offshore-lauttojen suorituskyvyn optimoimiseksi, mik\u00e4 edist\u00e4\u00e4 merkitt\u00e4v\u00e4sti offshore-poraus- ja tuotantotoimintojen onnistumista.<\/p>\n<p><img loading=\"lazy\" decoding=\"async\" class=\"size-full wp-image-727 aligncenter\" src=\"https:\/\/fmp-components.com\/wp-content\/uploads\/2024\/12\/Jack-up-Offshore-Platform-Lifting-Cylinder.webp\" alt=\"Jack-up Offshore -alustan nostosylinteri\" width=\"500\" height=\"200\" title=\"\" srcset=\"https:\/\/fmp-components.com\/wp-content\/uploads\/2024\/12\/Jack-up-Offshore-Platform-Lifting-Cylinder.webp 500w, https:\/\/fmp-components.com\/wp-content\/uploads\/2024\/12\/Jack-up-Offshore-Platform-Lifting-Cylinder-480x192.webp 480w\" sizes=\"(min-width: 0px) and (max-width: 480px) 480px, (min-width: 481px) 500px, 100vw\" \/><\/p>\n<table border=\"1\" cellspacing=\"0\" cellpadding=\"0\">\n<tbody>\n<tr>\n<td>Tuotteen nimi<\/td>\n<td>Jack-up Offshore -alustan nostosylinteri<\/td>\n<\/tr>\n<tr>\n<td>Ominaisuudet:<\/td>\n<td>Toteuta lavan nosto ja lasku ajamalla rengaspalkkia<\/td>\n<\/tr>\n<tr>\n<td>Rei\u00e4n halkaisija:<\/td>\n<td>Jopa 700 mm<\/td>\n<\/tr>\n<tr>\n<td>Tangon halkaisija:<\/td>\n<td>Jopa 420 mm<br \/>\nIskunpituus jopa 2150 mm<\/td>\n<\/tr>\n<tr>\n<td>Paine:<\/td>\n<td>jopa 32 MPa<\/td>\n<\/tr>\n<tr>\n<td>Anturi:<\/td>\n<td>Ulkoinen siirtym\u00e4anturi voidaan konfiguroida vastaamaan anturin huolto- ja vaihtotarpeisiin ilman sylintereiden purkamista<\/td>\n<\/tr>\n<tr>\n<td>Sovellukset:<\/td>\n<td>Jack-up Offshore -alusta<\/td>\n<\/tr>\n<\/tbody>\n<\/table>\n<h2>Jack-up Offshore -alustan pulttisylinteri<\/h2>\n<p>Jack-up Offshore -alustan pulttisylinteri on olennainen hydraulinen komponentti, joka on suunniteltu helpottamaan alustan jalkojen turvallista lukitsemista ja avaamista k\u00e4yt\u00f6n aikana. T\u00e4m\u00e4 sylinteri tarjoaa tarvittavan voiman lukituspulttien kytkemiseen ja irrottamiseen varmistaen alustan vakauden ja turvallisuuden sen toimiessa erilaisissa meriolosuhteissa. Se on valmistettu eritt\u00e4in lujista materiaaleista ja suunniteltu kest\u00e4m\u00e4\u00e4n offshore-sovelluksille tyypillisi\u00e4 vaativia ymp\u00e4rist\u00f6j\u00e4 ja paineita, mik\u00e4 varmistaa pitk\u00e4ik\u00e4isen kest\u00e4vyyden ja luotettavuuden. Sujuva hydraulinen toiminta mahdollistaa tarkan ohjauksen, mik\u00e4 parantaa toiminnan tehokkuutta ja turvallisuutta k\u00e4ytt\u00f6\u00f6notto- ja sis\u00e4\u00e4nvetovaiheissa. T\u00e4m\u00e4 pulttisylinteri on ratkaisevan t\u00e4rke\u00e4 offshore-alustojen suorituskyvyn optimoinnissa, ja se edist\u00e4\u00e4 merkitt\u00e4v\u00e4sti offshore-poraus- ja kunnossapitotoimintojen tehokkuutta.<\/p>\n<p><img loading=\"lazy\" decoding=\"async\" class=\"size-full wp-image-726 aligncenter\" src=\"https:\/\/fmp-components.com\/wp-content\/uploads\/2024\/12\/Jack-up-Offshore-Platform-Bolt-Cylinder.webp\" alt=\"Jack-up Offshore -alustan pulttisylinteri\" width=\"500\" height=\"200\" title=\"\" srcset=\"https:\/\/fmp-components.com\/wp-content\/uploads\/2024\/12\/Jack-up-Offshore-Platform-Bolt-Cylinder.webp 500w, https:\/\/fmp-components.com\/wp-content\/uploads\/2024\/12\/Jack-up-Offshore-Platform-Bolt-Cylinder-480x192.webp 480w\" sizes=\"(min-width: 0px) and (max-width: 480px) 480px, (min-width: 481px) 500px, 100vw\" \/><\/p>\n<table style=\"width: 100.206%; height: 239px;\" border=\"1\" cellspacing=\"0\" cellpadding=\"0\">\n<tbody>\n<tr style=\"height: 23px;\">\n<td style=\"height: 23px;\">Tuotteen nimi<\/td>\n<td style=\"height: 23px;\">Jack-up Offshore -alustan pulttisylinteri<\/td>\n<\/tr>\n<tr style=\"height: 23px;\">\n<td style=\"height: 23px;\">Ominaisuudet:<\/td>\n<td style=\"height: 23px;\">Ty\u00f6nn\u00e4 rengaspalkin lieri\u00f6m\u00e4inen tappi sis\u00e4\u00e4n ja ved\u00e4 ulos lukitaksesi rengaspalkin.<\/td>\n<\/tr>\n<tr style=\"height: 47px;\">\n<td style=\"height: 47px;\">Rei\u00e4n halkaisija:<\/td>\n<td style=\"height: 47px;\">Jopa 100 mm<\/td>\n<\/tr>\n<tr style=\"height: 23px;\">\n<td style=\"height: 23px;\">Tangon halkaisija:<\/td>\n<td style=\"height: 23px;\">Jopa 60 mm<\/td>\n<\/tr>\n<tr style=\"height: 23px;\">\n<td style=\"height: 23px;\">Paine:<\/td>\n<td style=\"height: 23px;\">Jopa 32 MPa<\/td>\n<\/tr>\n<tr style=\"height: 47px;\">\n<td style=\"height: 47px;\">Anturi:<\/td>\n<td style=\"height: 47px;\">Se voidaan varustaa sis\u00e4\u00e4nrakennetulla siirtym\u00e4anturilla hydraulisylinterien asennuskoon pienent\u00e4miseksi.<\/td>\n<\/tr>\n<tr style=\"height: 23px;\">\n<td style=\"height: 23px;\">Sovellukset:<\/td>\n<td style=\"height: 23px;\">Jack-up Offshore -alusta<\/td>\n<\/tr>\n<\/tbody>\n<\/table>\n<h2>Jack-up Offshore Platform Hydraulisylinterin edut<\/h2>\n<ol>\n<li><strong>Suuri kuormituskapasiteetti:<\/strong>\n<ul>\n<li>Suunniteltu k\u00e4sittelem\u00e4\u00e4n merkitt\u00e4vi\u00e4 kuormia, mik\u00e4 varmistaa vakauden ja turvallisuuden offshore-toiminnassa.<\/li>\n<\/ul>\n<\/li>\n<li><strong>Tarkkuusohjaus:<\/strong>\n<ul>\n<li>Mahdollistaa alustan jalkojen tarkan asemoinnin ja s\u00e4\u00e4d\u00f6n, mik\u00e4 parantaa toiminnan tehokkuutta ja turvallisuutta.<\/li>\n<\/ul>\n<\/li>\n<li><strong>Kest\u00e4v\u00e4 rakenne:<\/strong>\n<ul>\n<li>Valmistettu eritt\u00e4in lujista materiaaleista, jotka kest\u00e4v\u00e4t ankaria meriymp\u00e4rist\u00f6j\u00e4 ja korkeita paineita varmistaen pitk\u00e4ik\u00e4isen suorituskyvyn.<\/li>\n<\/ul>\n<\/li>\n<li><strong>Korroosionkest\u00e4vyys:<\/strong>\n<ul>\n<li>K\u00e4sitelty kest\u00e4m\u00e4\u00e4n meriveden ja muiden merellisten elementtien aiheuttamaa korroosiota, mik\u00e4 pident\u00e4\u00e4 sylinterin k\u00e4ytt\u00f6ik\u00e4\u00e4.<\/li>\n<\/ul>\n<\/li>\n<li><strong>Sujuva toiminta:<\/strong>\n<ul>\n<li>Edistyksellinen hydraulinen rakenne takaa tasaiset ja tehokkaat liikkeet, mik\u00e4 v\u00e4hent\u00e4\u00e4 j\u00e4rjestelm\u00e4n kulumista.<\/li>\n<\/ul>\n<\/li>\n<li><strong>V\u00e4h\u00e4iset huoltovaatimukset:<\/strong>\n<ul>\n<li>Suunniteltu luotettaviksi ja minimaalisella huoltotarpeella, mik\u00e4 v\u00e4hent\u00e4\u00e4 seisokkiaikoja ja k\u00e4ytt\u00f6kustannuksia.<\/li>\n<\/ul>\n<\/li>\n<li><strong>Monipuolisuus:<\/strong>\n<ul>\n<li>Sopii erilaisiin nostolavakokoonpanoihin ja mukautuu erilaisiin offshore-sovelluksiin, mik\u00e4 parantaa sen hy\u00f6dyllisyytt\u00e4.<\/li>\n<\/ul>\n<\/li>\n<li><strong>Parannettu turvallisuus:<\/strong>\n<ul>\n<li>Sis\u00e4lt\u00e4\u00e4 sis\u00e4\u00e4nrakennetut turvaominaisuudet, jotka est\u00e4v\u00e4t vahingossa tapahtuvan aktivoinnin ja varmistavat turvallisen lukituksen k\u00e4yt\u00f6n aikana.<\/li>\n<\/ul>\n<\/li>\n<li><strong>Nopea reagointi:<\/strong>\n<ul>\n<li>Tarjoaa nopeita s\u00e4\u00e4t\u00f6j\u00e4, jotka mahdollistavat alustan tehokkaan k\u00e4ytt\u00f6\u00f6noton ja sis\u00e4\u00e4nvedon muuttuvien olosuhteiden mukaan.<\/li>\n<\/ul>\n<\/li>\n<li><strong>Parannettu toiminnan tehokkuus:<\/strong>\n<ul>\n<li>Edist\u00e4\u00e4 nopeampia poraus- ja rakennusprosesseja, maksimoiden tuottavuuden offshore-projekteissa.<\/li>\n<\/ul>\n<\/li>\n<\/ol>\n<p>N\u00e4m\u00e4 edut tekev\u00e4t hydraulisylinterist\u00e4 olennaisen komponentin jack-up offshore-lauttojen suorituskyvyn ja luotettavuuden optimoinnissa erilaisissa merioperaatioissa.<\/p>\n<p><img loading=\"lazy\" decoding=\"async\" class=\"alignnone size-full wp-image-731\" src=\"https:\/\/fmp-components.com\/wp-content\/uploads\/2024\/12\/Jack-up-Offshore-Platform-Lifting-Cylinder-1.webp\" alt=\"Jack-up-Offshore-Platform-Nostosylinteri\" width=\"1000\" height=\"560\" title=\"\" srcset=\"https:\/\/fmp-components.com\/wp-content\/uploads\/2024\/12\/Jack-up-Offshore-Platform-Lifting-Cylinder-1.webp 1000w, https:\/\/fmp-components.com\/wp-content\/uploads\/2024\/12\/Jack-up-Offshore-Platform-Lifting-Cylinder-1-980x549.webp 980w, https:\/\/fmp-components.com\/wp-content\/uploads\/2024\/12\/Jack-up-Offshore-Platform-Lifting-Cylinder-1-480x269.webp 480w\" sizes=\"(min-width: 0px) and (max-width: 480px) 480px, (min-width: 481px) and (max-width: 980px) 980px, (min-width: 981px) 1000px, 100vw\" \/><\/p>\n<h3>Tietoja FMP:st\u00e4<\/h3>\n<p>FMP on hydraulisten sylinterien tuotantoon erikoistunut konepajayritys. Perustamisestaan \u200b\u200bl\u00e4htien yritys on keskittynyt hydraulisen teknologian tutkimukseen ja valmistukseen ja siirtynyt menestyksekk\u00e4\u00e4sti monipuolisesta tuotevalikoimasta, joka sis\u00e4lsi sadonkorjuu- ja rakennuskoneita, maataloustraktorien osiin erikoistumiseen. Yli kymmenen vuoden kokemuksella valmistuksesta ja johtamisesta FMP varmistaa korkealaatuiset tuotteet edistyneiden tuotantotekniikoiden avulla.<\/p>\n<p>Yrityksen kehittyess\u00e4 se on kehitt\u00e4nyt kattavan koneistuslinjan, kokoonpanolinjan ja pinnoituslinjan. Tiimimme koostuu ammattitaitoisesta johtohenkil\u00f6st\u00f6st\u00e4, kokeneista mekaanisista suunnittelijoista ja korkeasti koulutetuista teknikoista, jotka ty\u00f6skentelev\u00e4t yhdess\u00e4 yll\u00e4pit\u00e4\u00e4kseen vakaata tuotannon laatua ja samalla tehokkaasti hallitakseen prosessin jatkuvuutta ja tehokkuutta.<\/p>\n<p>FMP noudattaa filosofiaa, jonka mukaan \u201dteknologinen innovaatio edist\u00e4\u00e4 kehityst\u00e4, laatu luo br\u00e4ndej\u00e4, k\u00e4sity\u00f6taito varmistaa laadun ja rakentaa pitk\u00e4aikaisia, kaikkia hy\u00f6dytt\u00e4vi\u00e4 suhteita\u201d. Sitoutumisemme korkealaatuisten tuotteiden ja erinomaisen asiakaspalvelun tarjoamiseen on edelleen keskeinen tavoitteemme, kun jatkamme markkinoiden kehittyvien tarpeiden t\u00e4ytt\u00e4mist\u00e4.<\/p>\n<p><img loading=\"lazy\" decoding=\"async\" class=\"alignnone size-full wp-image-426\" src=\"https:\/\/fmp-components.com\/wp-content\/uploads\/2024\/12\/Sanitation-Machinery-Locking-Hydraulic-Cylinder-factory.webp\" sizes=\"(min-width: 0px) and (max-width: 480px) 480px, (min-width: 481px) and (max-width: 980px) 980px, (min-width: 981px) and (max-width: 1280px) 1280px, (min-width: 1281px) 1414px, 100vw\" srcset=\"https:\/\/fmp-components.com\/wp-content\/uploads\/2024\/12\/Sanitation-Machinery-Locking-Hydraulic-Cylinder-factory.webp 1414w, https:\/\/fmp-components.com\/wp-content\/uploads\/2024\/12\/Sanitation-Machinery-Locking-Hydraulic-Cylinder-factory-1280x529.webp 1280w, https:\/\/fmp-components.com\/wp-content\/uploads\/2024\/12\/Sanitation-Machinery-Locking-Hydraulic-Cylinder-factory-980x405.webp 980w, https:\/\/fmp-components.com\/wp-content\/uploads\/2024\/12\/Sanitation-Machinery-Locking-Hydraulic-Cylinder-factory-480x198.webp 480w\" alt=\"Sanitaatio-Koneet-Lukitus-Hydraulinen-Sylinteri-tehdas\" width=\"1414\" height=\"584\" title=\"\"><\/p>\n<p>Tekij\u00e4: CX<\/p>","protected":false},"excerpt":{"rendered":"<p>Jack-up Offshore -alustan hydraulisylinteri on t\u00e4rke\u00e4 komponentti, joka on suunniteltu tarjoamaan tarvittava nosto- ja laskuvoima jack-up-lauttojen jaloille k\u00e4ytt\u00f6\u00f6noton ja sijoittelun aikana offshore-ymp\u00e4rist\u00f6iss\u00e4. T\u00e4m\u00e4 sylinteri mahdollistaa alustan korkeuden tarkan hallinnan, mik\u00e4 varmistaa vakauden ja turvallisuuden erilaisissa meriolosuhteissa. Se on valmistettu eritt\u00e4in lujista materiaaleista ja suunniteltu kest\u00e4m\u00e4\u00e4n offshore-toiminnoille tyypillisi\u00e4 ankaria meriolosuhteita ja korkeita paineita, mik\u00e4 varmistaa kest\u00e4vyyden ja luotettavuuden. Sujuva hydraulinen toiminta mahdollistaa tehokkaat ja nopeat s\u00e4\u00e4d\u00f6t, mik\u00e4 parantaa toiminnan tehokkuutta ja turvallisuutta poraus- ja huoltotoimien aikana. T\u00e4m\u00e4 hydraulisylinteri on v\u00e4ltt\u00e4m\u00e4t\u00f6n jack-up offshore-lauttojen suorituskyvyn optimoimiseksi, ja se edist\u00e4\u00e4 merkitt\u00e4v\u00e4sti offshore-poraus- ja tuotantotoimintojen tehokkuutta.<\/p>","protected":false},"featured_media":725,"comment_status":"open","ping_status":"closed","template":"","meta":{"_et_pb_use_builder":"","_et_pb_old_content":"","_et_gb_content_width":""},"product_brand":[],"product_cat":[28],"product_tag":[],"class_list":{"0":"post-720","1":"product","2":"type-product","3":"status-publish","4":"has-post-thumbnail","6":"product_cat-offshore-hydraulic-cylinders","8":"first","9":"instock","10":"shipping-taxable","11":"product-type-simple"},"_links":{"self":[{"href":"https:\/\/fmp-components.com\/fi\/wp-json\/wp\/v2\/product\/720","targetHints":{"allow":["GET"]}}],"collection":[{"href":"https:\/\/fmp-components.com\/fi\/wp-json\/wp\/v2\/product"}],"about":[{"href":"https:\/\/fmp-components.com\/fi\/wp-json\/wp\/v2\/types\/product"}],"replies":[{"embeddable":true,"href":"https:\/\/fmp-components.com\/fi\/wp-json\/wp\/v2\/comments?post=720"}],"wp:featuredmedia":[{"embeddable":true,"href":"https:\/\/fmp-components.com\/fi\/wp-json\/wp\/v2\/media\/725"}],"wp:attachment":[{"href":"https:\/\/fmp-components.com\/fi\/wp-json\/wp\/v2\/media?parent=720"}],"wp:term":[{"taxonomy":"product_brand","embeddable":true,"href":"https:\/\/fmp-components.com\/fi\/wp-json\/wp\/v2\/product_brand?post=720"},{"taxonomy":"product_cat","embeddable":true,"href":"https:\/\/fmp-components.com\/fi\/wp-json\/wp\/v2\/product_cat?post=720"},{"taxonomy":"product_tag","embeddable":true,"href":"https:\/\/fmp-components.com\/fi\/wp-json\/wp\/v2\/product_tag?post=720"}],"curies":[{"name":"wp","href":"https:\/\/api.w.org\/{rel}","templated":true}]}}