{"id":7196,"date":"2025-03-20T06:16:17","date_gmt":"2025-03-20T06:16:17","guid":{"rendered":"https:\/\/fmp-components.com\/?post_type=product&#038;p=7196"},"modified":"2025-03-26T08:51:01","modified_gmt":"2025-03-26T08:51:01","slug":"brass-worm-wheel","status":"publish","type":"product","link":"https:\/\/fmp-components.com\/fi\/product\/brass-worm-wheel\/","title":{"rendered":"Messinkimatopy\u00f6r\u00e4"},"content":{"rendered":"<p>Messinkinen matopy\u00f6r\u00e4 on tarkasti suunniteltu komponentti, joka on valmistettu erityisest\u00e4 kupari-sinkkiseoksesta, jota on parannettu lis\u00e4aineilla, kuten alumiinilla, piill\u00e4 ja mangaanilla. T\u00e4m\u00e4 tarjoaa erinomaiset liukuominaisuudet, suuren lujuuden ja erinomaisen kulutuskest\u00e4vyyden. FMP:ll\u00e4 olemme ylpeit\u00e4 voidessamme valmistaa laajan valikoiman messinkisi\u00e4 matopy\u00f6ri\u00e4, jotka on valmistettu korkealaatuisesta messingist\u00e4, jonka lyijypitoisuus on \u22640,1% painosta. T\u00e4m\u00e4 varmistaa poikkeuksellisen korroosionkest\u00e4vyyden, alumiinin ansiosta kest\u00e4v\u00e4t kemikaalit ja itsevoitelevat ominaisuudet vaativiin sovelluksiin. Tarjoamme my\u00f6s r\u00e4\u00e4t\u00e4l\u00f6inti\u00e4 tarpeidesi mukaan. Jos et l\u00f6yd\u00e4 etsim\u00e4\u00e4si mallia tuoteluettelostamme, se tarkoittaa yksinkertaisesti sit\u00e4, ettemme ole viel\u00e4 ladanneet sit\u00e4 palveluun \u2013 l\u00e4het\u00e4 meille s\u00e4hk\u00f6postia vaatimuksistasi, ja insin\u00f6\u00f6rimme vastaavat 24 tunnin kuluessa r\u00e4\u00e4t\u00e4l\u00f6idyill\u00e4 ratkaisuilla. Luota FMP:hen luotettavan messingin suhteen. <a href=\"https:\/\/fmp-components.com\/fi\/worm-gear-and-worm-shaft-2\/\">matovaihteet<\/a> nopealla toimituksella!<\/p>\n<h2>Yksityiskohta messinkisest\u00e4 matopy\u00f6r\u00e4st\u00e4<\/h2>\n<table style=\"width: 100%;\" border=\"1\" width=\"100%\" cellspacing=\"0\" cellpadding=\"0\">\n<tbody>\n<tr style=\"height: 14.40pt;\">\n<td style=\"height: 14.4pt; width: 28.3727%;\" width=\"83\" height=\"24\"><img loading=\"lazy\" decoding=\"async\" class=\"alignnone size-full wp-image-7197\" src=\"https:\/\/fmp-components.com\/wp-content\/uploads\/2025\/03\/Brass-Worm-Wheel-detail-1.webp\" alt=\"Messinki-matopy\u00f6r\u00e4n yksityiskohta\" width=\"380\" height=\"280\" title=\"\" srcset=\"https:\/\/fmp-components.com\/wp-content\/uploads\/2025\/03\/Brass-Worm-Wheel-detail-1.webp 380w, https:\/\/fmp-components.com\/wp-content\/uploads\/2025\/03\/Brass-Worm-Wheel-detail-1-300x221.webp 300w, https:\/\/fmp-components.com\/wp-content\/uploads\/2025\/03\/Brass-Worm-Wheel-detail-1-16x12.webp 16w\" sizes=\"(max-width: 380px) 100vw, 380px\" \/><\/td>\n<td style=\"width: 36.7237%;\" align=\"right\" width=\"80\"><img loading=\"lazy\" decoding=\"async\" class=\"alignnone size-full wp-image-7201\" src=\"https:\/\/fmp-components.com\/wp-content\/uploads\/2025\/03\/Brass-Worm-Wheel-detail-5.webp\" alt=\"Messinki-matopy\u00f6r\u00e4n yksityiskohta\" width=\"380\" height=\"280\" title=\"\" srcset=\"https:\/\/fmp-components.com\/wp-content\/uploads\/2025\/03\/Brass-Worm-Wheel-detail-5.webp 380w, https:\/\/fmp-components.com\/wp-content\/uploads\/2025\/03\/Brass-Worm-Wheel-detail-5-300x221.webp 300w, https:\/\/fmp-components.com\/wp-content\/uploads\/2025\/03\/Brass-Worm-Wheel-detail-5-16x12.webp 16w\" sizes=\"(max-width: 380px) 100vw, 380px\" \/><\/td>\n<td style=\"width: 34.6895%;\" align=\"right\" width=\"154\"><img loading=\"lazy\" decoding=\"async\" class=\"size-full wp-image-7200 aligncenter\" src=\"https:\/\/fmp-components.com\/wp-content\/uploads\/2025\/03\/Brass-Worm-Wheel-detail-4.webp\" alt=\"Messinki-matopy\u00f6r\u00e4n yksityiskohta\" width=\"380\" height=\"280\" title=\"\" srcset=\"https:\/\/fmp-components.com\/wp-content\/uploads\/2025\/03\/Brass-Worm-Wheel-detail-4.webp 380w, https:\/\/fmp-components.com\/wp-content\/uploads\/2025\/03\/Brass-Worm-Wheel-detail-4-300x221.webp 300w, https:\/\/fmp-components.com\/wp-content\/uploads\/2025\/03\/Brass-Worm-Wheel-detail-4-16x12.webp 16w\" sizes=\"(max-width: 380px) 100vw, 380px\" \/><\/td>\n<\/tr>\n<tr style=\"height: 14.40pt;\">\n<td style=\"height: 14.4pt; width: 28.3727%;\" height=\"24\"><img loading=\"lazy\" decoding=\"async\" class=\"alignnone size-full wp-image-7198\" src=\"https:\/\/fmp-components.com\/wp-content\/uploads\/2025\/03\/Brass-Worm-Wheel-detail-2.webp\" alt=\"Messinki-matopy\u00f6r\u00e4n yksityiskohta\" width=\"380\" height=\"280\" title=\"\" srcset=\"https:\/\/fmp-components.com\/wp-content\/uploads\/2025\/03\/Brass-Worm-Wheel-detail-2.webp 380w, https:\/\/fmp-components.com\/wp-content\/uploads\/2025\/03\/Brass-Worm-Wheel-detail-2-300x221.webp 300w, https:\/\/fmp-components.com\/wp-content\/uploads\/2025\/03\/Brass-Worm-Wheel-detail-2-16x12.webp 16w\" sizes=\"(max-width: 380px) 100vw, 380px\" \/><\/td>\n<td style=\"width: 36.7237%;\" align=\"right\"><img loading=\"lazy\" decoding=\"async\" class=\"alignnone size-full wp-image-7202\" src=\"https:\/\/fmp-components.com\/wp-content\/uploads\/2025\/03\/Brass-Worm-Wheel-detail-6.webp\" alt=\"Messinki-matopy\u00f6r\u00e4n yksityiskohta\" width=\"380\" height=\"280\" title=\"\" srcset=\"https:\/\/fmp-components.com\/wp-content\/uploads\/2025\/03\/Brass-Worm-Wheel-detail-6.webp 380w, https:\/\/fmp-components.com\/wp-content\/uploads\/2025\/03\/Brass-Worm-Wheel-detail-6-300x221.webp 300w, https:\/\/fmp-components.com\/wp-content\/uploads\/2025\/03\/Brass-Worm-Wheel-detail-6-16x12.webp 16w\" sizes=\"(max-width: 380px) 100vw, 380px\" \/><\/td>\n<td style=\"width: 34.6895%;\" align=\"right\"><img loading=\"lazy\" decoding=\"async\" class=\"alignnone size-full wp-image-7199\" src=\"https:\/\/fmp-components.com\/wp-content\/uploads\/2025\/03\/Brass-Worm-Wheel-detail-3.webp\" alt=\"Messinki-matopy\u00f6r\u00e4n yksityiskohta\" width=\"380\" height=\"280\" title=\"\" srcset=\"https:\/\/fmp-components.com\/wp-content\/uploads\/2025\/03\/Brass-Worm-Wheel-detail-3.webp 380w, https:\/\/fmp-components.com\/wp-content\/uploads\/2025\/03\/Brass-Worm-Wheel-detail-3-300x221.webp 300w, https:\/\/fmp-components.com\/wp-content\/uploads\/2025\/03\/Brass-Worm-Wheel-detail-3-16x12.webp 16w\" sizes=\"(max-width: 380px) 100vw, 380px\" \/><\/td>\n<\/tr>\n<\/tbody>\n<\/table>\n<h3>Tekniset tiedot<\/h3>\n<p>Lis\u00e4tietoja malleista ja teknisist\u00e4 tiedoista saat ottamalla meihin yhteytt\u00e4 s\u00e4hk\u00f6postitse, niin asiantuntijamme vastaavat sinulle pian!<\/p>\n<div>\n<table style=\"width: 100%;\" border=\"1\" width=\"100%\" cellspacing=\"0\" cellpadding=\"0\">\n<thead class=\"border-b border-primary\/20\">\n<tr class=\"border-primary\/10\">\n<th class=\"break-words\"><strong>Kategoria<\/strong><\/th>\n<th class=\"break-words\"><strong>Tekniset tiedot<\/strong><\/th>\n<\/tr>\n<\/thead>\n<tbody>\n<tr class=\"border-primary\/10\">\n<td class=\"break-words\"><strong>Materiaali<\/strong><\/td>\n<td class=\"break-words\">Messinki<\/td>\n<\/tr>\n<tr class=\"border-primary\/10\">\n<td class=\"break-words\"><strong>V\u00e4ri<\/strong><\/td>\n<td class=\"break-words\">Keltainen<\/td>\n<\/tr>\n<tr class=\"border-primary\/10\">\n<td class=\"break-words\"><strong>Modulus<\/strong><\/td>\n<td class=\"break-words\">0.5<\/td>\n<\/tr>\n<tr class=\"border-primary\/10\">\n<td class=\"break-words\"><strong>Paino<\/strong><\/td>\n<td class=\"break-words\">16 g<\/td>\n<\/tr>\n<tr class=\"border-primary\/10\">\n<td class=\"break-words\"><strong>Madonpy\u00f6r\u00e4n koko<\/strong><\/td>\n<td class=\"break-words\"><\/td>\n<\/tr>\n<tr class=\"border-primary\/10\">\n<td class=\"break-words\">\u2013 Hampaat<\/td>\n<td class=\"break-words\">20<\/td>\n<\/tr>\n<tr class=\"border-primary\/10\">\n<td class=\"break-words\">\u2013 Hampaiden halkaisija<\/td>\n<td class=\"break-words\">11,2 mm<\/td>\n<\/tr>\n<tr class=\"border-primary\/10\">\n<td class=\"break-words\">\u2013 Korkeus<\/td>\n<td class=\"break-words\">12 mm \/ 0,47 tuumaa<\/td>\n<\/tr>\n<tr class=\"border-primary\/10\">\n<td class=\"break-words\">\u2013 Ulkohalkaisija<\/td>\n<td class=\"break-words\">11 mm \/ 0,43 tuumaa<\/td>\n<\/tr>\n<tr class=\"border-primary\/10\">\n<td class=\"break-words\">\u2013 Rei\u00e4n halkaisija<\/td>\n<td class=\"break-words\">4 mm \/ 0,16 tuumaa<\/td>\n<\/tr>\n<tr class=\"border-primary\/10\">\n<td class=\"break-words\">\u2013 Askeleen koko<\/td>\n<td class=\"break-words\">9 x 7 mm \/ 0,35 \u00d7 0,27 tuumaa (halkaisija x korkeus)<\/td>\n<\/tr>\n<tr class=\"border-primary\/10\">\n<td class=\"break-words\">\u2013 Kokonaiskoko<\/td>\n<td class=\"break-words\">12 x 11 x 4 mm \/ 0,47 \u00d7 0,39 \u00d7 0,12 tuumaa (K x Ulkohalkaisija x Sis\u00e4halkaisija)<\/td>\n<\/tr>\n<tr class=\"border-primary\/10\">\n<td class=\"break-words\"><strong>Matovaihteen akselin koko<\/strong><\/td>\n<td class=\"break-words\"><\/td>\n<\/tr>\n<tr class=\"border-primary\/10\">\n<td class=\"break-words\">\u2013 Korkeus<\/td>\n<td class=\"break-words\">20 mm \/ 0,79 tuumaa<\/td>\n<\/tr>\n<tr class=\"border-primary\/10\">\n<td class=\"break-words\">\u2013 Ulkohalkaisija<\/td>\n<td class=\"break-words\">9,8 mm \/ 0,39 tuumaa<\/td>\n<\/tr>\n<tr class=\"border-primary\/10\">\n<td class=\"break-words\">\u2013 Sis\u00e4halkaisija<\/td>\n<td class=\"break-words\">3,17 mm \/ 0,12 tuumaa<\/td>\n<\/tr>\n<tr class=\"border-primary\/10\">\n<td class=\"break-words\">\u2013 Koko<\/td>\n<td class=\"break-words\">20 \u00d7 9,8 \u00d7 3,17 mm \/ 0,79 \u00d7 0,39 \u00d7 0,12 tuumaa (K \u00d7 OD \u00d7 ID)<\/td>\n<\/tr>\n<\/tbody>\n<\/table>\n<h3 class=\"product_title entry-title elementor-heading-title elementor-size-default\">Tarkkuusmessinkinen matopy\u00f6r\u00e4 keski\u00f6v\u00e4li 63 mm i=48 48 hammasta<\/h3>\n<table style=\"border-collapse: collapse; width: 94.8769%; height: 66px;\" border=\"0\" width=\"163\" cellspacing=\"0\" cellpadding=\"0\">\n<tbody>\n<tr style=\"height: 14.40pt;\">\n<td style=\"height: 14.40pt; width: 49.80pt;\" width=\"83\" height=\"24\">\u00a0<img loading=\"lazy\" decoding=\"async\" class=\"alignnone size-full wp-image-7205\" src=\"https:\/\/fmp-components.com\/wp-content\/uploads\/2025\/03\/Precision-brass-worm-wheel-centre-distance-63mm-i48-48-teeth.webp\" alt=\"Tarkkuusmessinki matopy\u00f6r\u00e4n keskipistev\u00e4li 63 mm i = 48-48 hammasta\" width=\"1920\" height=\"1920\" title=\"\" srcset=\"https:\/\/fmp-components.com\/wp-content\/uploads\/2025\/03\/Precision-brass-worm-wheel-centre-distance-63mm-i48-48-teeth.webp 1920w, https:\/\/fmp-components.com\/wp-content\/uploads\/2025\/03\/Precision-brass-worm-wheel-centre-distance-63mm-i48-48-teeth-1280x1280.webp 1280w, https:\/\/fmp-components.com\/wp-content\/uploads\/2025\/03\/Precision-brass-worm-wheel-centre-distance-63mm-i48-48-teeth-980x980.webp 980w, https:\/\/fmp-components.com\/wp-content\/uploads\/2025\/03\/Precision-brass-worm-wheel-centre-distance-63mm-i48-48-teeth-480x480.webp 480w\" sizes=\"(min-width: 0px) and (max-width: 480px) 480px, (min-width: 481px) and (max-width: 980px) 980px, (min-width: 981px) and (max-width: 1280px) 1280px, (min-width: 1281px) 1920px, 100vw\" \/><\/td>\n<td style=\"width: 48.00pt;\" align=\"right\" width=\"80\"><img loading=\"lazy\" decoding=\"async\" class=\"alignnone wp-image-7204\" src=\"https:\/\/fmp-components.com\/wp-content\/uploads\/2025\/03\/Precision-brass-worm-wheel-centre-distance-63mm-i48-48-teeth-specification.webp\" alt=\"Tarkkuusmessinki matopy\u00f6r\u00e4n keskipistev\u00e4li 63 mm i = 48-48 hampaat erittely\" width=\"460\" height=\"460\" title=\"\" srcset=\"https:\/\/fmp-components.com\/wp-content\/uploads\/2025\/03\/Precision-brass-worm-wheel-centre-distance-63mm-i48-48-teeth-specification.webp 300w, https:\/\/fmp-components.com\/wp-content\/uploads\/2025\/03\/Precision-brass-worm-wheel-centre-distance-63mm-i48-48-teeth-specification-150x150.webp 150w, https:\/\/fmp-components.com\/wp-content\/uploads\/2025\/03\/Precision-brass-worm-wheel-centre-distance-63mm-i48-48-teeth-specification-12x12.webp 12w, https:\/\/fmp-components.com\/wp-content\/uploads\/2025\/03\/Precision-brass-worm-wheel-centre-distance-63mm-i48-48-teeth-specification-100x100.webp 100w\" sizes=\"(max-width: 460px) 100vw, 460px\" \/><\/td>\n<\/tr>\n<\/tbody>\n<\/table>\n<table style=\"width: 100%;\" border=\"1\" width=\"100%\" cellspacing=\"0\" cellpadding=\"0\">\n<tbody>\n<tr>\n<td style=\"width: 50.8565%;\">Materiaali<\/td>\n<td style=\"width: 48.9293%;\">Messinki<\/td>\n<\/tr>\n<tr>\n<td style=\"width: 50.8565%;\">Pinta<\/td>\n<td style=\"width: 48.9293%;\">Tyhj\u00e4<\/td>\n<\/tr>\n<tr>\n<td style=\"width: 50.8565%;\">Suhde [i]<\/td>\n<td style=\"width: 48.9293%;\">48 : 1<\/td>\n<\/tr>\n<tr>\n<td style=\"width: 50.8565%;\">Moduuli<\/td>\n<td style=\"width: 48.9293%;\">2.0<\/td>\n<\/tr>\n<tr>\n<td style=\"width: 50.8565%;\">Hampaiden lukum\u00e4\u00e4r\u00e4<\/td>\n<td style=\"width: 48.9293%;\">48<\/td>\n<\/tr>\n<tr>\n<td style=\"width: 50.8565%;\">Ulkohalkaisija [d<sub>A<\/sub>]<\/td>\n<td style=\"width: 48.9293%;\">104 [mm]<\/td>\n<\/tr>\n<tr>\n<td style=\"width: 50.8565%;\">Helix-kulma<\/td>\n<td style=\"width: 48.9293%;\">3\u00b051 [\u00b0]<\/td>\n<\/tr>\n<tr>\n<td style=\"width: 50.8565%;\">Maks. v\u00e4\u00e4nt\u00f6momentti [MD]<\/td>\n<td style=\"width: 48.9293%;\">125 [Nm]<\/td>\n<\/tr>\n<tr>\n<td style=\"width: 50.8565%;\">Paino<\/td>\n<td style=\"width: 48.9293%;\">1200 [g]<\/td>\n<\/tr>\n<\/tbody>\n<\/table>\n<\/div>","protected":false},"excerpt":{"rendered":"<p>A brass worm wheel is a precision-engineered component made from a special copper-zinc alloy, enhanced with additives like aluminum, silicon, and manganese, offering excellent sliding properties, high strength, and superior wear resistance. At FMP, we pride ourselves on manufacturing a wide range of brass worm wheels, crafted from high-quality brass with a lead content of [&hellip;]<\/p>","protected":false},"featured_media":7206,"comment_status":"open","ping_status":"closed","template":"","meta":{"_et_pb_use_builder":"on","_et_pb_old_content":"A brass worm wheel is a precision-engineered component made from a special copper-zinc alloy, enhanced with additives like aluminum, silicon, and manganese, offering excellent sliding properties, high strength, and superior wear resistance. At FMP, we pride ourselves on manufacturing a wide range of brass worm wheels, crafted from high-quality brass with a lead content of \u22640.1% by weight, ensuring exceptional corrosion resistance, chemical durability due to aluminum, and self-lubricating capabilities for demanding applications. We also offer customization to meet your specific needs. If you don\u2019t find the model you\u2019re looking for in our product list, it simply means we haven\u2019t uploaded it yet\u2014please email us with your requirements, and our engineers will respond within 24 hours with tailored solutions. Trust FMP for reliable brass <a href=\"https:\/\/fmp-components.com\/en\/worm-gear-and-worm-shaft-2\/\">worm gears<\/a> with fast delivery!\r\n<h2>Detail of the Brass Worm Wheel<\/h2>\r\n<table style=\"width: 100%;\" border=\"1\" width=\"100%\" cellspacing=\"0\" cellpadding=\"0\">\r\n<tbody>\r\n<tr style=\"height: 14.40pt;\">\r\n<td style=\"height: 14.4pt; width: 28.3727%;\" width=\"83\" height=\"24\"><img class=\"alignnone size-full wp-image-7197\" src=\"https:\/\/fmp-components.com\/wp-content\/uploads\/2025\/03\/Brass-Worm-Wheel-detail-1.webp\" alt=\"Brass-Worm-Wheel-detail\" width=\"380\" height=\"280\" \/><\/td>\r\n<td style=\"width: 36.7237%;\" align=\"right\" width=\"80\"><img class=\"alignnone size-full wp-image-7201\" src=\"https:\/\/fmp-components.com\/wp-content\/uploads\/2025\/03\/Brass-Worm-Wheel-detail-5.webp\" alt=\"Brass-Worm-Wheel-detail\" width=\"380\" height=\"280\" \/><\/td>\r\n<td style=\"width: 34.6895%;\" align=\"right\" width=\"154\"><img class=\"size-full wp-image-7200 aligncenter\" src=\"https:\/\/fmp-components.com\/wp-content\/uploads\/2025\/03\/Brass-Worm-Wheel-detail-4.webp\" alt=\"Brass-Worm-Wheel-detail\" width=\"380\" height=\"280\" \/><\/td>\r\n<\/tr>\r\n<tr style=\"height: 14.40pt;\">\r\n<td style=\"height: 14.4pt; width: 28.3727%;\" height=\"24\"><img class=\"alignnone size-full wp-image-7198\" src=\"https:\/\/fmp-components.com\/wp-content\/uploads\/2025\/03\/Brass-Worm-Wheel-detail-2.webp\" alt=\"Brass-Worm-Wheel-detail\" width=\"380\" height=\"280\" \/><\/td>\r\n<td style=\"width: 36.7237%;\" align=\"right\"><img class=\"alignnone size-full wp-image-7202\" src=\"https:\/\/fmp-components.com\/wp-content\/uploads\/2025\/03\/Brass-Worm-Wheel-detail-6.webp\" alt=\"Brass-Worm-Wheel-detail\" width=\"380\" height=\"280\" \/><\/td>\r\n<td style=\"width: 34.6895%;\" align=\"right\"><img class=\"alignnone size-full wp-image-7199\" src=\"https:\/\/fmp-components.com\/wp-content\/uploads\/2025\/03\/Brass-Worm-Wheel-detail-3.webp\" alt=\"Brass-Worm-Wheel-detail\" width=\"380\" height=\"280\" \/><\/td>\r\n<\/tr>\r\n<\/tbody>\r\n<\/table>\r\n<h3>Specification<\/h3>\r\nFor more models and specifications, please contact us by email and our experts will respond to you promptly\uff01\r\n<div>\r\n<table style=\"width: 100%;\" border=\"1\" width=\"100%\" cellspacing=\"0\" cellpadding=\"0\">\r\n<thead class=\"border-b border-primary\/20\">\r\n<tr class=\"border-primary\/10\">\r\n<th class=\"break-words\"><strong>Category<\/strong><\/th>\r\n<th class=\"break-words\"><strong>Specification<\/strong><\/th>\r\n<\/tr>\r\n<\/thead>\r\n<tbody>\r\n<tr class=\"border-primary\/10\">\r\n<td class=\"break-words\"><strong>Material<\/strong><\/td>\r\n<td class=\"break-words\">Brass<\/td>\r\n<\/tr>\r\n<tr class=\"border-primary\/10\">\r\n<td class=\"break-words\"><strong>Color<\/strong><\/td>\r\n<td class=\"break-words\">Yellow<\/td>\r\n<\/tr>\r\n<tr class=\"border-primary\/10\">\r\n<td class=\"break-words\"><strong>Modulus<\/strong><\/td>\r\n<td class=\"break-words\">0.5<\/td>\r\n<\/tr>\r\n<tr class=\"border-primary\/10\">\r\n<td class=\"break-words\"><strong>Weight<\/strong><\/td>\r\n<td class=\"break-words\">16g<\/td>\r\n<\/tr>\r\n<tr class=\"border-primary\/10\">\r\n<td class=\"break-words\"><strong>Size of the Worm Wheel<\/strong><\/td>\r\n<td class=\"break-words\"><\/td>\r\n<\/tr>\r\n<tr class=\"border-primary\/10\">\r\n<td class=\"break-words\">- Teeth<\/td>\r\n<td class=\"break-words\">20<\/td>\r\n<\/tr>\r\n<tr class=\"border-primary\/10\">\r\n<td class=\"break-words\">- Teeth Diameter<\/td>\r\n<td class=\"break-words\">11.2mm<\/td>\r\n<\/tr>\r\n<tr class=\"border-primary\/10\">\r\n<td class=\"break-words\">- Height<\/td>\r\n<td class=\"break-words\">12mm \/ 0.47inch<\/td>\r\n<\/tr>\r\n<tr class=\"border-primary\/10\">\r\n<td class=\"break-words\">- Outer Diameter<\/td>\r\n<td class=\"break-words\">11mm \/ 0.43inch<\/td>\r\n<\/tr>\r\n<tr class=\"border-primary\/10\">\r\n<td class=\"break-words\">- Hole Diameter<\/td>\r\n<td class=\"break-words\">4mm \/ 0.16inch<\/td>\r\n<\/tr>\r\n<tr class=\"border-primary\/10\">\r\n<td class=\"break-words\">- Step Size<\/td>\r\n<td class=\"break-words\">9x7mm \/ 0.35x0.27inch (Dia x H)<\/td>\r\n<\/tr>\r\n<tr class=\"border-primary\/10\">\r\n<td class=\"break-words\">- Overall Size<\/td>\r\n<td class=\"break-words\">12x11x4mm \/ 0.47x0.39x0.12inch (H x OD x ID)<\/td>\r\n<\/tr>\r\n<tr class=\"border-primary\/10\">\r\n<td class=\"break-words\"><strong>Size of Worm Gear Shaft<\/strong><\/td>\r\n<td class=\"break-words\"><\/td>\r\n<\/tr>\r\n<tr class=\"border-primary\/10\">\r\n<td class=\"break-words\">- Height<\/td>\r\n<td class=\"break-words\">20mm \/ 0.79inch<\/td>\r\n<\/tr>\r\n<tr class=\"border-primary\/10\">\r\n<td class=\"break-words\">- Outer Diameter<\/td>\r\n<td class=\"break-words\">9.8mm \/ 0.39inch<\/td>\r\n<\/tr>\r\n<tr class=\"border-primary\/10\">\r\n<td class=\"break-words\">- Inner Diameter<\/td>\r\n<td class=\"break-words\">3.17mm \/ 0.12inch<\/td>\r\n<\/tr>\r\n<tr class=\"border-primary\/10\">\r\n<td class=\"break-words\">- Size<\/td>\r\n<td class=\"break-words\">20x9.8x3.17mm \/ 0.79x0.39x0.12inch (H x OD x ID)<\/td>\r\n<\/tr>\r\n<\/tbody>\r\n<\/table>\r\n<h3 class=\"product_title entry-title elementor-heading-title elementor-size-default\">Precision brass worm wheel centre distance 63mm i=48 48 teeth<\/h3>\r\n<table style=\"border-collapse: collapse; width: 94.8769%; height: 66px;\" border=\"0\" width=\"163\" cellspacing=\"0\" cellpadding=\"0\">\r\n<tbody>\r\n<tr style=\"height: 14.40pt;\">\r\n<td style=\"height: 14.40pt; width: 49.80pt;\" width=\"83\" height=\"24\">\u00a0<img class=\"alignnone size-full wp-image-7205\" src=\"https:\/\/fmp-components.com\/wp-content\/uploads\/2025\/03\/Precision-brass-worm-wheel-centre-distance-63mm-i48-48-teeth.webp\" alt=\"Precision-brass- worm-wheel-centre-distance-63mm-i=48-48-teeth\" width=\"1920\" height=\"1920\" \/><\/td>\r\n<td style=\"width: 48.00pt;\" align=\"right\" width=\"80\"><img class=\"alignnone wp-image-7204\" src=\"https:\/\/fmp-components.com\/wp-content\/uploads\/2025\/03\/Precision-brass-worm-wheel-centre-distance-63mm-i48-48-teeth-specification.webp\" alt=\"Precision-brass- worm-wheel-centre-distance-63mm-i=48-48-teeth-specification\" width=\"460\" height=\"460\" \/><\/td>\r\n<\/tr>\r\n<\/tbody>\r\n<\/table>\r\n<table style=\"width: 100%;\" border=\"1\" width=\"100%\" cellspacing=\"0\" cellpadding=\"0\">\r\n<tbody>\r\n<tr>\r\n<td style=\"width: 50.8565%;\">Material<\/td>\r\n<td style=\"width: 48.9293%;\">Brass<\/td>\r\n<\/tr>\r\n<tr>\r\n<td style=\"width: 50.8565%;\">Surface<\/td>\r\n<td style=\"width: 48.9293%;\">Blank<\/td>\r\n<\/tr>\r\n<tr>\r\n<td style=\"width: 50.8565%;\">Ratio [i]<\/td>\r\n<td style=\"width: 48.9293%;\">48 : 1<\/td>\r\n<\/tr>\r\n<tr>\r\n<td style=\"width: 50.8565%;\">Module<\/td>\r\n<td style=\"width: 48.9293%;\">2.0<\/td>\r\n<\/tr>\r\n<tr>\r\n<td style=\"width: 50.8565%;\">No. of teeth<\/td>\r\n<td style=\"width: 48.9293%;\">48<\/td>\r\n<\/tr>\r\n<tr>\r\n<td style=\"width: 50.8565%;\">Outer diameter [d<sub>A<\/sub>]<\/td>\r\n<td style=\"width: 48.9293%;\">104 [mm]<\/td>\r\n<\/tr>\r\n<tr>\r\n<td style=\"width: 50.8565%;\">Helix angle<\/td>\r\n<td style=\"width: 48.9293%;\">3\u00b051 [\u00b0]<\/td>\r\n<\/tr>\r\n<tr>\r\n<td style=\"width: 50.8565%;\">Max. torque [MD]<\/td>\r\n<td style=\"width: 48.9293%;\">125 [Nm]<\/td>\r\n<\/tr>\r\n<tr>\r\n<td style=\"width: 50.8565%;\">Weight<\/td>\r\n<td style=\"width: 48.9293%;\">1200 [g]<\/td>\r\n<\/tr>\r\n<\/tbody>\r\n<\/table>\r\n<\/div>","_et_gb_content_width":""},"product_brand":[],"product_cat":[107],"product_tag":[],"class_list":{"0":"post-7196","1":"product","2":"type-product","3":"status-publish","4":"has-post-thumbnail","6":"product_cat-worm-gear","8":"first","9":"instock","10":"shipping-taxable","11":"product-type-simple"},"_links":{"self":[{"href":"https:\/\/fmp-components.com\/fi\/wp-json\/wp\/v2\/product\/7196","targetHints":{"allow":["GET"]}}],"collection":[{"href":"https:\/\/fmp-components.com\/fi\/wp-json\/wp\/v2\/product"}],"about":[{"href":"https:\/\/fmp-components.com\/fi\/wp-json\/wp\/v2\/types\/product"}],"replies":[{"embeddable":true,"href":"https:\/\/fmp-components.com\/fi\/wp-json\/wp\/v2\/comments?post=7196"}],"wp:featuredmedia":[{"embeddable":true,"href":"https:\/\/fmp-components.com\/fi\/wp-json\/wp\/v2\/media\/7206"}],"wp:attachment":[{"href":"https:\/\/fmp-components.com\/fi\/wp-json\/wp\/v2\/media?parent=7196"}],"wp:term":[{"taxonomy":"product_brand","embeddable":true,"href":"https:\/\/fmp-components.com\/fi\/wp-json\/wp\/v2\/product_brand?post=7196"},{"taxonomy":"product_cat","embeddable":true,"href":"https:\/\/fmp-components.com\/fi\/wp-json\/wp\/v2\/product_cat?post=7196"},{"taxonomy":"product_tag","embeddable":true,"href":"https:\/\/fmp-components.com\/fi\/wp-json\/wp\/v2\/product_tag?post=7196"}],"curies":[{"name":"wp","href":"https:\/\/api.w.org\/{rel}","templated":true}]}}