{"id":7189,"date":"2025-03-20T05:36:25","date_gmt":"2025-03-20T05:36:25","guid":{"rendered":"https:\/\/fmp-components.com\/?post_type=product&#038;p=7189"},"modified":"2025-03-26T08:51:16","modified_gmt":"2025-03-26T08:51:16","slug":"cylindrical-worm-wheel","status":"publish","type":"product","link":"https:\/\/fmp-components.com\/fi\/product\/cylindrical-worm-wheel\/","title":{"rendered":"Sylinterim\u00e4inen matopy\u00f6r\u00e4"},"content":{"rendered":"<p>Sylinterim\u00e4inen matopy\u00f6r\u00e4 on keskeinen osa <a href=\"https:\/\/fmp-components.com\/fi\/worm-gear-and-worm-shaft-2\/\">matovaihde<\/a> j\u00e4rjestelm\u00e4t, jotka on suunniteltu kytkeytym\u00e4\u00e4n saumattomasti matoon tehon tehokkaan siirt\u00e4misen varmistamiseksi samalla, kun ne s\u00e4ilytt\u00e4v\u00e4t sujuvan toiminnan ja suuren v\u00e4\u00e4nt\u00f6momentin. FMP Companylla olemme erikoistuneet tuottamaan monipuolisia lieri\u00f6m\u00e4isi\u00e4 matopy\u00f6ri\u00e4, joita on saatavana eri tyyppein\u00e4 ja eritelmin\u00e4 juuri sinun sovelluksiisi sopivina, ja tarjoamme my\u00f6s r\u00e4\u00e4t\u00e4l\u00f6intivaihtoehtoja. Jos et l\u00f6yd\u00e4 tarvitsemaasi tarkkaa mallia tuoteluettelostamme, emme todenn\u00e4k\u00f6isesti ole viel\u00e4 p\u00e4ivitt\u00e4neet sit\u00e4 \u2013 ota meihin yhteytt\u00e4 s\u00e4hk\u00f6postitse ja kerro vaatimuksesi, niin asiantuntevat insin\u00f6\u00f6rimme vastaavat 24 tunnin kuluessa auttaakseen sinua.<\/p>\n<p><img loading=\"lazy\" decoding=\"async\" class=\"alignnone size-full wp-image-7193\" src=\"https:\/\/fmp-components.com\/wp-content\/uploads\/2025\/03\/Cylindrical-Worm-Wheel-1.webp\" alt=\"Sylinterim\u00e4inen matopy\u00f6r\u00e4\" width=\"986\" height=\"657\" title=\"\" srcset=\"https:\/\/fmp-components.com\/wp-content\/uploads\/2025\/03\/Cylindrical-Worm-Wheel-1.webp 986w, https:\/\/fmp-components.com\/wp-content\/uploads\/2025\/03\/Cylindrical-Worm-Wheel-1-980x653.webp 980w, https:\/\/fmp-components.com\/wp-content\/uploads\/2025\/03\/Cylindrical-Worm-Wheel-1-480x320.webp 480w\" sizes=\"(min-width: 0px) and (max-width: 480px) 480px, (min-width: 481px) and (max-width: 980px) 980px, (min-width: 981px) 986px, 100vw\" \/><\/p>\n<h3>Sylinterim\u00e4isen matopy\u00f6r\u00e4n ominaisuudet<\/h3>\n<div>\n<p class=\"break-words\">Lieri\u00f6m\u00e4iset matopy\u00f6r\u00e4t ovat olennainen osa matovaihteita, ja niit\u00e4 on saatavilla kahtena p\u00e4\u00e4kokoonpanona: \"mato- ja vinohammaspy\u00f6r\u00e4\" -setti ja \"mato- ja matopy\u00f6r\u00e4\" -setti. Ensimm\u00e4inen tyyppi, ristikk\u00e4isille akseleille tarkoitettujen vinohammaspy\u00f6rien osajoukko, sis\u00e4lt\u00e4\u00e4 hammaspy\u00f6r\u00e4n, jossa on minimaalinen m\u00e4\u00e4r\u00e4 hampaita (esim. 1, 2 tai 3) ja selke\u00e4 kierrekulma, joka lasketaan samalla tavalla kuin tavallisissa vinohammaspy\u00f6riss\u00e4 k\u00e4ytt\u00e4en normalisoituja standardimoduuleja. Hammasreunojen v\u00e4lisen pistekosketuksen vuoksi t\u00e4m\u00e4 kokoonpano ei kuitenkaan sovellu yht\u00e4 hyvin suuren kuormituksen sovelluksiin. Sit\u00e4 vastoin \"mato- ja matopy\u00f6r\u00e4\" -kokoonpanossa matopy\u00f6r\u00e4t on jyrsitty matojyrsimell\u00e4, joka vastaa madon spesifikaatioita, mik\u00e4 mahdollistaa hampaiden v\u00e4lisen linjakosketuksen ja tukee suurempia hammasvoimia suuremman kuormituskapasiteetin saavuttamiseksi.<\/p>\n<p class=\"break-words\">Lis\u00e4suunnitteluominaisuudet parantavat toiminnallisuutta. Kun matolaakerin \u00f6ljyn upotus t\u00e4ytt\u00e4\u00e4 vaatimukset, mutta madon syvyys ei ole riitt\u00e4v\u00e4, matoakseliin voidaan lis\u00e4t\u00e4 \u00f6ljyn roiskerengas. T\u00e4m\u00e4 rengas voitelee vaihteiston komponentteja ja laakereita est\u00e4en matolaakerin liiallisen \u00f6ljyn upotuksen. Suurnopeussovelluksissa, joissa madon keh\u00e4nopeus (PI) ylitt\u00e4\u00e4 10 m\/s, matopy\u00f6r\u00e4 korvataan madon yl\u00e4puolella sijaitsevalla yl\u00e4puolisella matopy\u00f6r\u00e4ll\u00e4. T\u00e4m\u00e4 j\u00e4rjestely v\u00e4hent\u00e4\u00e4 vaihteen nopeutta, minimoi \u00f6ljyn sekoittumish\u00e4vi\u00f6t ja v\u00e4hent\u00e4\u00e4 \u00f6ljylammikossa olevien ep\u00e4puhtauksien tai hankaavien aineiden p\u00e4\u00e4syn riski\u00e4 kytkent\u00e4alueelle varmistaen luotettavan suorituskyvyn.<\/p>\n<p><img loading=\"lazy\" decoding=\"async\" class=\"alignnone size-full wp-image-7194\" src=\"https:\/\/fmp-components.com\/wp-content\/uploads\/2025\/03\/Cylindrical-Worm-Wheel-2.webp\" alt=\"Sylinterim\u00e4inen matopy\u00f6r\u00e4\" width=\"1000\" height=\"664\" title=\"\" srcset=\"https:\/\/fmp-components.com\/wp-content\/uploads\/2025\/03\/Cylindrical-Worm-Wheel-2.webp 1000w, https:\/\/fmp-components.com\/wp-content\/uploads\/2025\/03\/Cylindrical-Worm-Wheel-2-980x651.webp 980w, https:\/\/fmp-components.com\/wp-content\/uploads\/2025\/03\/Cylindrical-Worm-Wheel-2-480x319.webp 480w\" sizes=\"(min-width: 0px) and (max-width: 480px) 480px, (min-width: 481px) and (max-width: 980px) 980px, (min-width: 981px) 1000px, 100vw\" \/><\/p>\n<\/div>","protected":false},"excerpt":{"rendered":"<p>A Cylindrical Worm Wheel is a key component in worm gear systems, designed to mesh seamlessly with a worm to transmit power efficiently while maintaining smooth operation and high torque capacity. At FMP Company, we specialize in producing a diverse range of Cylindrical Worm Wheels, available in various types and specifications to suit your specific [&hellip;]<\/p>","protected":false},"featured_media":7195,"comment_status":"open","ping_status":"closed","template":"","meta":{"_et_pb_use_builder":"","_et_pb_old_content":"","_et_gb_content_width":""},"product_brand":[],"product_cat":[107],"product_tag":[],"class_list":{"0":"post-7189","1":"product","2":"type-product","3":"status-publish","4":"has-post-thumbnail","6":"product_cat-worm-gear","8":"first","9":"instock","10":"shipping-taxable","11":"product-type-simple"},"_links":{"self":[{"href":"https:\/\/fmp-components.com\/fi\/wp-json\/wp\/v2\/product\/7189","targetHints":{"allow":["GET"]}}],"collection":[{"href":"https:\/\/fmp-components.com\/fi\/wp-json\/wp\/v2\/product"}],"about":[{"href":"https:\/\/fmp-components.com\/fi\/wp-json\/wp\/v2\/types\/product"}],"replies":[{"embeddable":true,"href":"https:\/\/fmp-components.com\/fi\/wp-json\/wp\/v2\/comments?post=7189"}],"wp:featuredmedia":[{"embeddable":true,"href":"https:\/\/fmp-components.com\/fi\/wp-json\/wp\/v2\/media\/7195"}],"wp:attachment":[{"href":"https:\/\/fmp-components.com\/fi\/wp-json\/wp\/v2\/media?parent=7189"}],"wp:term":[{"taxonomy":"product_brand","embeddable":true,"href":"https:\/\/fmp-components.com\/fi\/wp-json\/wp\/v2\/product_brand?post=7189"},{"taxonomy":"product_cat","embeddable":true,"href":"https:\/\/fmp-components.com\/fi\/wp-json\/wp\/v2\/product_cat?post=7189"},{"taxonomy":"product_tag","embeddable":true,"href":"https:\/\/fmp-components.com\/fi\/wp-json\/wp\/v2\/product_tag?post=7189"}],"curies":[{"name":"wp","href":"https:\/\/api.w.org\/{rel}","templated":true}]}}