{"id":7174,"date":"2025-03-20T02:01:26","date_gmt":"2025-03-20T02:01:26","guid":{"rendered":"https:\/\/fmp-components.com\/?post_type=product&#038;p=7174"},"modified":"2025-03-26T08:51:30","modified_gmt":"2025-03-26T08:51:30","slug":"duplex-worm-gear","status":"publish","type":"product","link":"https:\/\/fmp-components.com\/fi\/product\/duplex-worm-gear\/","title":{"rendered":"Kaksipuolinen matovaihde"},"content":{"rendered":"<p>Duplex-matovaihde on erikoistunut mekaaninen komponentti, joka on suunniteltu tarkkuussovelluksiin ja tarjoaa parempaa kest\u00e4vyytt\u00e4 ja tehokkuutta voimansiirtoj\u00e4rjestelmiss\u00e4. FMP Companylla valmistamme ylpe\u00e4n\u00e4 laajan valikoiman Duplex-matovaihdetta. <a href=\"https:\/\/fmp-components.com\/fi\/worm-gear-and-worm-shaft-2\/\">Matovaihteet<\/a> erilaisissa tyypeiss\u00e4 ja eritelmiss\u00e4 erilaisten toimialojen tarpeisiin. Tarjoamme my\u00f6s r\u00e4\u00e4t\u00e4l\u00f6ityj\u00e4 ratkaisuja ainutlaatuisiin tarpeisiisi. Jos et l\u00f6yd\u00e4 etsim\u00e4\u00e4si mallia tuoteluettelostamme, se tarkoittaa yksinkertaisesti sit\u00e4, ettemme ole viel\u00e4 ladanneet sit\u00e4 palveluun \u2013 l\u00e4het\u00e4 meille s\u00e4hk\u00f6postia ja kerro haluamasi tiedot, niin ammattitaitoiset insin\u00f6\u00f6rimme vastaavat 24 tunnin kuluessa auttaakseen sinua.<\/p>\n<p><img loading=\"lazy\" decoding=\"async\" class=\"size-full wp-image-7180 aligncenter\" src=\"https:\/\/fmp-components.com\/wp-content\/uploads\/2025\/03\/duplex-worm-gear-1.webp\" alt=\"duplex-matovaihde\" width=\"620\" height=\"420\" title=\"\" srcset=\"https:\/\/fmp-components.com\/wp-content\/uploads\/2025\/03\/duplex-worm-gear-1.webp 620w, https:\/\/fmp-components.com\/wp-content\/uploads\/2025\/03\/duplex-worm-gear-1-480x325.webp 480w\" sizes=\"(min-width: 0px) and (max-width: 480px) 480px, (min-width: 481px) 620px, 100vw\" \/><\/p>\n<h2>Duplex-matovaihteen erittely<\/h2>\n<p>Duplex- tai kaksoislyijymato viittaa matovaihteistoon, jossa kaksi kylke\u00e4 on muotoiltu hienovaraisesti erillisill\u00e4 moduuleilla ja halkaisijan osam\u00e4\u00e4rill\u00e4, mik\u00e4 johtaa vaihteleviin johtokulmiin kummassakin hammasprofiilissa. T\u00e4m\u00e4 rakenne saa hampaan paksuuden kasvamaan v\u00e4hitellen madon pituudella samalla kun kierteiden v\u00e4linen tila kapenee, mik\u00e4 mahdollistaa tarkan v\u00e4lyksen hallinnan.<\/p>\n<p>Matopy\u00f6r\u00e4ss\u00e4 n\u00e4m\u00e4 erilaiset moduulit johtavat ainutlaatuisiin lis\u00e4ysmodifikaatiokertoimiin ja vierint\u00e4ympyr\u00e4n halkaisijoihin kummallakin kyljell\u00e4, mik\u00e4 luo erilliset profiilit etu- ja takaosaan. Hammaspaksuus ja raot pysyv\u00e4t kuitenkin tasaisina py\u00f6r\u00e4n keh\u00e4n koko alueella.<\/p>\n<p>V\u00e4lyksen s\u00e4\u00e4t\u00f6\u00e4 varten matoa liikutetaan aksiaalisesti, jolloin osa kohdistetaan sopivan hampaan paksuuteen py\u00f6r\u00e4n kanssa ja saavutetaan haluttu v\u00e4lystaso (katso kuva 1). T\u00e4m\u00e4 menetelm\u00e4 mahdollistaa v\u00e4lyksen suoran s\u00e4\u00e4d\u00f6n mihin tahansa haluttuun arvoon rattaiden asennuksen aikana. Jopa kuluneita rattaita voidaan s\u00e4\u00e4t\u00e4\u00e4 hienos\u00e4\u00e4t\u00e4en jatkuvasti ilman, ett\u00e4 hampaiden kosketus muuttuu tai hammastusongelmia syntyy.<\/p>\n<p>Kuvatun kaksipuolisen l\u00e4hestymistavan lis\u00e4ksi muita menetelmi\u00e4 matovaihteen v\u00e4lyksen s\u00e4\u00e4t\u00e4miseksi ovat: keskiet\u00e4isyyden s\u00e4\u00e4t\u00e4minen kiert\u00e4m\u00e4ll\u00e4 ep\u00e4keskonapaa, joka tukee matoakselia ja py\u00f6r\u00e4\u00e4; kartiomaisen matovaihteen aksiaalinen siirt\u00e4minen (kuva 2a); matovaihteen jakaminen kahteen osaan (kuva 2b), joita voidaan kiert\u00e4\u00e4 tai siirt\u00e4\u00e4 toisiinsa n\u00e4hden (Ott-j\u00e4rjestelm\u00e4); tai py\u00f6r\u00e4n jakaminen kahdeksi levyksi (kuva 2c), joita voidaan s\u00e4\u00e4t\u00e4\u00e4 l\u00e4hemm\u00e4s toisiaan.<\/p>\n<table style=\"width: 100%; height: 28px;\" border=\"1\" width=\"100%\" cellspacing=\"0\" cellpadding=\"0\">\n<tbody>\n<tr style=\"height: 14.40pt;\">\n<td style=\"height: 14px; width: 49.8pt;\" width=\"83\" height=\"24\">\u00a0<img loading=\"lazy\" decoding=\"async\" class=\"alignnone size-full wp-image-7176\" src=\"https:\/\/fmp-components.com\/wp-content\/uploads\/2025\/03\/Duplex-Worms-1.webp\" alt=\"Duplex-madot\" width=\"450\" height=\"450\" title=\"\" srcset=\"https:\/\/fmp-components.com\/wp-content\/uploads\/2025\/03\/Duplex-Worms-1.webp 450w, https:\/\/fmp-components.com\/wp-content\/uploads\/2025\/03\/Duplex-Worms-1-300x300.webp 300w, https:\/\/fmp-components.com\/wp-content\/uploads\/2025\/03\/Duplex-Worms-1-150x150.webp 150w, https:\/\/fmp-components.com\/wp-content\/uploads\/2025\/03\/Duplex-Worms-1-12x12.webp 12w, https:\/\/fmp-components.com\/wp-content\/uploads\/2025\/03\/Duplex-Worms-1-100x100.webp 100w\" sizes=\"(max-width: 450px) 100vw, 450px\" \/><\/td>\n<td style=\"width: 48pt; height: 14px;\" align=\"right\" width=\"80\"><img loading=\"lazy\" decoding=\"async\" class=\"alignnone size-full wp-image-7175\" src=\"https:\/\/fmp-components.com\/wp-content\/uploads\/2025\/03\/Duplex-Worms-2.webp\" alt=\"Duplex-madot\" width=\"450\" height=\"450\" title=\"\" srcset=\"https:\/\/fmp-components.com\/wp-content\/uploads\/2025\/03\/Duplex-Worms-2.webp 450w, https:\/\/fmp-components.com\/wp-content\/uploads\/2025\/03\/Duplex-Worms-2-300x300.webp 300w, https:\/\/fmp-components.com\/wp-content\/uploads\/2025\/03\/Duplex-Worms-2-150x150.webp 150w, https:\/\/fmp-components.com\/wp-content\/uploads\/2025\/03\/Duplex-Worms-2-12x12.webp 12w, https:\/\/fmp-components.com\/wp-content\/uploads\/2025\/03\/Duplex-Worms-2-100x100.webp 100w\" sizes=\"(max-width: 450px) 100vw, 450px\" \/><\/td>\n<\/tr>\n<tr style=\"height: 14.40pt;\">\n<td style=\"height: 14px; text-align: center;\" height=\"24\"><strong>kuva 1<\/strong><\/td>\n<td style=\"height: 14px; text-align: center;\" align=\"right\"><strong>kuva 2<\/strong><\/td>\n<\/tr>\n<\/tbody>\n<\/table>\n<div>\n<h3 class=\"break-words\">Kokoonpanovaroitus Huomautus<\/h3>\n<p class=\"break-words\">Duplex-matovaihteissa on eri moduulit oikealla ja vasemmalla hammaspinnalla, mink\u00e4 vuoksi maton ja matopy\u00f6r\u00e4n oikea kohdistus on olennaista. Ennen kokoamista varmista, ett\u00e4 seuraavat kaksi kohtaa on tarkistettu huolellisesti.<\/p>\n<ol class=\"marker:text-secondary\">\n<li class=\"break-words\">Kokoonpanon suunnan vahvistaminen<br \/>\nSek\u00e4 kaksoismato ett\u00e4 matopy\u00f6r\u00e4 on merkitty nuolella, joka osoittaa oikean kokoonpanosuunnan. Kokoamisen aikana kohdista mato ja matopy\u00f6r\u00e4 siten, ett\u00e4 madon nuoli vastaa matopy\u00f6r\u00e4n nuolen suuntaa edest\u00e4p\u00e4in n\u00e4kyviss\u00e4. Jos kohdistus on v\u00e4\u00e4r\u00e4, keskipisteiden et\u00e4isyys \"a\" ylitt\u00e4\u00e4 vakiomitan, mik\u00e4 johtaa kokoonpano-ongelmiin ja huonoon hammaspy\u00f6r\u00e4kytkent\u00e4\u00e4n. (Katso kuva 3)<\/li>\n<\/ol>\n<p><img loading=\"lazy\" decoding=\"async\" class=\"alignnone size-full wp-image-7179\" src=\"https:\/\/fmp-components.com\/wp-content\/uploads\/2025\/03\/Duplex-Worms-3.webp\" alt=\"Duplex-madot\" width=\"900\" height=\"500\" title=\"\" srcset=\"https:\/\/fmp-components.com\/wp-content\/uploads\/2025\/03\/Duplex-Worms-3.webp 900w, https:\/\/fmp-components.com\/wp-content\/uploads\/2025\/03\/Duplex-Worms-3-480x267.webp 480w\" sizes=\"(min-width: 0px) and (max-width: 480px) 480px, (min-width: 481px) 900px, 100vw\" \/><\/p>\n<p style=\"text-align: center;\"><strong>kuva 3<\/strong><\/p>\n<p>Kuva 3 Nuoli osoittaa kahden hammaspy\u00f6r\u00e4n oikean suunnan koottuna. Kuten kuvassa n\u00e4kyy, kahden nuolen on osoitettava samaan suuntaan.<\/p>\n<p class=\"adj\"><span class=\"bold\">2. Referenssiasennon varmistaminen<\/span><br \/>\nKaksoismadon hampaan k\u00e4rjen reunassa oleva V-ura (60 mm, 0,3 mm syv\u00e4 viiva) merkitsee referenssihammasta. Hammaspy\u00f6r\u00e4st\u00f6ll\u00e4 on tarkoitus olla l\u00e4hes nollav\u00e4lys (\u00b1 0,045), kun referenssihammas on linjassa matopy\u00f6r\u00e4n py\u00f6rimiskeskipisteen kanssa ja keskipisteiden et\u00e4isyys on asetettu arvoon \"a\" (kuva 4).<\/p>\n<p><img loading=\"lazy\" decoding=\"async\" class=\"alignnone size-full wp-image-7178\" src=\"https:\/\/fmp-components.com\/wp-content\/uploads\/2025\/03\/Duplex-Worms-4.webp\" alt=\"Duplex-madot\" width=\"900\" height=\"400\" title=\"\" srcset=\"https:\/\/fmp-components.com\/wp-content\/uploads\/2025\/03\/Duplex-Worms-4.webp 900w, https:\/\/fmp-components.com\/wp-content\/uploads\/2025\/03\/Duplex-Worms-4-480x213.webp 480w\" sizes=\"(min-width: 0px) and (max-width: 480px) 480px, (min-width: 481px) 900px, 100vw\" \/><\/p>\n<p style=\"text-align: center;\"><strong>kuva 4<\/strong><\/p>\n<h3>Sovellusesimerkki<\/h3>\n<p><img loading=\"lazy\" decoding=\"async\" class=\"alignnone size-full wp-image-7187\" src=\"https:\/\/fmp-components.com\/wp-content\/uploads\/2025\/03\/Duplex-Worm-gear-application.webp\" alt=\"Duplex-matovaihteen-sovellus\" width=\"1240\" height=\"391\" title=\"\" srcset=\"https:\/\/fmp-components.com\/wp-content\/uploads\/2025\/03\/Duplex-Worm-gear-application.webp 1240w, https:\/\/fmp-components.com\/wp-content\/uploads\/2025\/03\/Duplex-Worm-gear-application-980x309.webp 980w, https:\/\/fmp-components.com\/wp-content\/uploads\/2025\/03\/Duplex-Worm-gear-application-480x151.webp 480w\" sizes=\"(min-width: 0px) and (max-width: 480px) 480px, (min-width: 481px) and (max-width: 980px) 980px, (min-width: 981px) 1240px, 100vw\" \/><\/p>\n<p>Yll\u00e4 olevat kuvat ovat vain suunnitteluesimerkkej\u00e4 eiv\u00e4tk\u00e4 ole todellisten koneiden tai laitteiden suunnitelmia.<\/p>\n<h3>Aiheeseen liittyv\u00e4 tuote<\/h3>\n<p>T\u00e4m\u00e4 on vain osa tuotteista, ota meihin yhteytt\u00e4 saadaksesi lis\u00e4\u00e4 tuotteita<\/p>\n<p><img loading=\"lazy\" decoding=\"async\" class=\"size-full wp-image-7190 aligncenter\" src=\"https:\/\/fmp-components.com\/wp-content\/uploads\/2025\/03\/duplex-worm-gear-product-2.webp\" alt=\"duplex-matovaihde\" width=\"1000\" height=\"700\" title=\"\" srcset=\"https:\/\/fmp-components.com\/wp-content\/uploads\/2025\/03\/duplex-worm-gear-product-2.webp 1000w, https:\/\/fmp-components.com\/wp-content\/uploads\/2025\/03\/duplex-worm-gear-product-2-980x686.webp 980w, https:\/\/fmp-components.com\/wp-content\/uploads\/2025\/03\/duplex-worm-gear-product-2-480x336.webp 480w\" sizes=\"(min-width: 0px) and (max-width: 480px) 480px, (min-width: 481px) and (max-width: 980px) 980px, (min-width: 981px) 1000px, 100vw\" \/><\/p>\n<\/div>","protected":false},"excerpt":{"rendered":"<p>A Duplex Worm Gear is a specialized mechanical component designed for high-precision applications, offering enhanced durability and efficiency in power transmission systems. At FMP Company, we proudly manufacture a wide range of Duplex Worm Gears in various types and specifications to meet diverse industry needs. We also offer customized solutions tailored to your unique requirements. [&hellip;]<\/p>","protected":false},"featured_media":7188,"comment_status":"open","ping_status":"closed","template":"","meta":{"_et_pb_use_builder":"","_et_pb_old_content":"","_et_gb_content_width":""},"product_brand":[],"product_cat":[107],"product_tag":[],"class_list":{"0":"post-7174","1":"product","2":"type-product","3":"status-publish","4":"has-post-thumbnail","6":"product_cat-worm-gear","8":"first","9":"instock","10":"shipping-taxable","11":"product-type-simple"},"_links":{"self":[{"href":"https:\/\/fmp-components.com\/fi\/wp-json\/wp\/v2\/product\/7174","targetHints":{"allow":["GET"]}}],"collection":[{"href":"https:\/\/fmp-components.com\/fi\/wp-json\/wp\/v2\/product"}],"about":[{"href":"https:\/\/fmp-components.com\/fi\/wp-json\/wp\/v2\/types\/product"}],"replies":[{"embeddable":true,"href":"https:\/\/fmp-components.com\/fi\/wp-json\/wp\/v2\/comments?post=7174"}],"wp:featuredmedia":[{"embeddable":true,"href":"https:\/\/fmp-components.com\/fi\/wp-json\/wp\/v2\/media\/7188"}],"wp:attachment":[{"href":"https:\/\/fmp-components.com\/fi\/wp-json\/wp\/v2\/media?parent=7174"}],"wp:term":[{"taxonomy":"product_brand","embeddable":true,"href":"https:\/\/fmp-components.com\/fi\/wp-json\/wp\/v2\/product_brand?post=7174"},{"taxonomy":"product_cat","embeddable":true,"href":"https:\/\/fmp-components.com\/fi\/wp-json\/wp\/v2\/product_cat?post=7174"},{"taxonomy":"product_tag","embeddable":true,"href":"https:\/\/fmp-components.com\/fi\/wp-json\/wp\/v2\/product_tag?post=7174"}],"curies":[{"name":"wp","href":"https:\/\/api.w.org\/{rel}","templated":true}]}}