{"id":7147,"date":"2025-03-19T06:49:31","date_gmt":"2025-03-19T06:49:31","guid":{"rendered":"https:\/\/fmp-components.com\/?post_type=product&#038;p=7147"},"modified":"2025-03-26T08:52:30","modified_gmt":"2025-03-26T08:52:30","slug":"alloy-steel-worm-and-worm-gear-for-auto-parts","status":"publish","type":"product","link":"https:\/\/fmp-components.com\/fi\/product\/alloy-steel-worm-and-worm-gear-for-auto-parts\/","title":{"rendered":"Seoster\u00e4ksest\u00e4 valmistettu mato ja matovaihteet auton osille"},"content":{"rendered":"<p>FMP Companylla olemme erikoistuneet laajan valikoiman seoster\u00e4ksest\u00e4 valmistettujen mato- ja <a href=\"https:\/\/fmp-components.com\/fi\/worm-gear-and-worm-shaft-2\/\">Matovaihteet<\/a> Autonosia varten, suunniteltu vastaamaan erilaisten teollisuudenalojen tarpeisiin tarkasti ja kest\u00e4v\u00e4sti. Tarjoamme my\u00f6s r\u00e4\u00e4t\u00e4l\u00f6intipalveluita varmistaaksemme, ett\u00e4 tuotteemme vastaavat t\u00e4ydellisesti erityisvaatimuksiasi. Jos et l\u00f6yd\u00e4 tarvitsemaasi mallia tuoteluettelostamme, se tarkoittaa yksinkertaisesti sit\u00e4, ettemme ole viel\u00e4 ehtineet ladata sit\u00e4 palveluumme \u2013 l\u00e4het\u00e4 meille s\u00e4hk\u00f6postia ja kerro haluamistasi tiedoista. Insin\u00f6\u00f6rimme vastaavat 24 tunnin kuluessa auttaakseen sinua.<\/p>\n<p><img loading=\"lazy\" decoding=\"async\" class=\"alignnone size-full wp-image-7148\" src=\"https:\/\/fmp-components.com\/wp-content\/uploads\/2025\/03\/Alloy-Steel-Worm-And-Worm-Gear-for-Auto-Parts-1.png\" alt=\"Seoster\u00e4ksest\u00e4 valmistettu mato ja matovaihteet auton osille\" width=\"1018\" height=\"709\" title=\"\" srcset=\"https:\/\/fmp-components.com\/wp-content\/uploads\/2025\/03\/Alloy-Steel-Worm-And-Worm-Gear-for-Auto-Parts-1.png 1018w, https:\/\/fmp-components.com\/wp-content\/uploads\/2025\/03\/Alloy-Steel-Worm-And-Worm-Gear-for-Auto-Parts-1-980x683.png 980w, https:\/\/fmp-components.com\/wp-content\/uploads\/2025\/03\/Alloy-Steel-Worm-And-Worm-Gear-for-Auto-Parts-1-480x334.png 480w\" sizes=\"(min-width: 0px) and (max-width: 480px) 480px, (min-width: 481px) and (max-width: 980px) 980px, (min-width: 981px) 1018px, 100vw\" \/><\/p>\n<p>Mitat: \u03a65mm - \u03a6120mm<br \/>\nModuuli: M0.2-M2.2<br \/>\nMateriaalityyppi: alumiini, kupari, messinki, ruostumaton ter\u00e4s, ter\u00e4s, rauta, seos, titaani jne. asiakkaan vaatimusten mukaisesti<\/p>\n<div class=\"table-responsive\">\n<table class=\"table\" style=\"height: 602px; width: 99.8413%; border-style: solid; border-color: #0d0b0b;\" border=\"1\">\n<tbody>\n<tr>\n<td style=\"width: 99.2693%;\" colspan=\"2\">\n<p style=\"text-align: center;\">Seoster\u00e4ksest\u00e4 valmistettu mato ja matovaihteet auton osille<\/p>\n<\/td>\n<\/tr>\n<tr>\n<td style=\"width: 15.9708%;\">Ulottuvuus<\/td>\n<td style=\"width: 83.2985%;\">\u03a65mm - \u03a6120mm<\/td>\n<\/tr>\n<tr>\n<td style=\"width: 15.9708%;\">Moduuli<\/td>\n<td style=\"width: 83.2985%;\">M0.2\u2013M2.2<\/td>\n<\/tr>\n<tr>\n<td style=\"width: 15.9708%;\">Materiaalityyppi<\/td>\n<td style=\"width: 83.2985%;\">Alumiini, kupari, messinki, ruostumaton ter\u00e4s, ter\u00e4s, rauta, seos, titaani jne. asiakkaan vaatimusten mukaisesti<\/td>\n<\/tr>\n<tr>\n<td style=\"width: 15.9708%;\">Pintak\u00e4sittely<\/td>\n<td style=\"width: 83.2985%;\">Anodisointi, harjaus, sinkitys, laserkaiverrus, silkkipainatus, kiillotus, jauhemaalaus jne.<\/td>\n<\/tr>\n<tr>\n<td style=\"width: 15.9708%;\">K\u00e4sittely<\/td>\n<td style=\"width: 83.2985%;\">CNC-sorvaus, jyrsint\u00e4, poraus, vierint\u00e4jyrsint\u00e4, kiillotus, holkkien jyrsint\u00e4, pintak\u00e4sittely jne.<\/td>\n<\/tr>\n<tr>\n<td style=\"width: 15.9708%;\">Hakemus<\/td>\n<td style=\"width: 83.2985%;\">Autoteollisuus, l\u00e4\u00e4ketiede, teollisuus, sotilas, lentokoneet, mekaaninen jne.<\/td>\n<\/tr>\n<tr>\n<td style=\"width: 15.9708%;\">R\u00e4\u00e4t\u00e4l\u00f6ity<\/td>\n<td style=\"width: 83.2985%;\">ODM\/OEM<\/td>\n<\/tr>\n<tr>\n<td style=\"width: 15.9708%;\">N\u00e4yte<\/td>\n<td style=\"width: 83.2985%;\">N\u00e4yte saatavilla<\/td>\n<\/tr>\n<tr>\n<td style=\"width: 15.9708%;\">Pakkaustavat<\/td>\n<td style=\"width: 83.2985%;\">PE-pussi sis\u00e4ll\u00e4, pahvi ulkopuolella tai asiakkaidemme tarpeiden mukaan<\/td>\n<\/tr>\n<tr>\n<td style=\"width: 15.9708%;\">Toimitustavat<\/td>\n<td style=\"width: 83.2985%;\">DHL &amp; TNT &amp; FedEx &amp; UPS<\/td>\n<\/tr>\n<tr>\n<td style=\"width: 15.9708%;\">Toleranssi<\/td>\n<td style=\"width: 83.2985%;\">0,001 mm - 0,01 mm - 0,1 mm<\/td>\n<\/tr>\n<\/tbody>\n<\/table>\n<h2>Seoster\u00e4ksest\u00e4 valmistetun mato- ja matovaihteen ominaisuudet<\/h2>\n<div>\n<ul>\n<li class=\"break-words\"><strong>Kompakti muotoilu<\/strong>Mato- ja matovaihteistot ovat tilaa s\u00e4\u00e4st\u00e4vi\u00e4 vaihdej\u00e4rjestelmi\u00e4, jotka on suunniteltu siirt\u00e4m\u00e4\u00e4n liikett\u00e4 toisiinsa liittym\u00e4tt\u00f6mien suorakulmaisten akselien v\u00e4lill\u00e4 ja samalla tarjoamaan korkeat alennussuhteet minimaalisella jalanj\u00e4ljell\u00e4.<\/li>\n<li class=\"break-words\"><strong>Korkea lujuus ja kest\u00e4vyys<\/strong>Seoster\u00e4ksest\u00e4 valmistettu, usein karkaistu tai l\u00e4mp\u00f6k\u00e4sitelty mato tarjoaa poikkeuksellisen vetolujuuden ja kulutuskest\u00e4vyyden, mik\u00e4 varmistaa pitk\u00e4aikaisen suorituskyvyn vaativissa olosuhteissa.<\/li>\n<li class=\"break-words\"><strong>Hiljainen ja tasainen toiminta<\/strong>T\u00e4m\u00e4 vaihdeyhdistelm\u00e4 tarjoaa hiljaisimman ja tasaisimman toiminnan kaikista vaihdetyypeist\u00e4 seoster\u00e4ksest\u00e4 valmistettujen mato- ja matopy\u00f6r\u00e4n tarkan kytkenn\u00e4n ansiosta, mik\u00e4 v\u00e4hent\u00e4\u00e4 melua ja t\u00e4rin\u00e4\u00e4.<\/li>\n<li class=\"break-words\"><strong>Erinomainen kuormank\u00e4sittely<\/strong>Seoster\u00e4ksest\u00e4 valmistetut matovaihteet yhdistettyn\u00e4 matovaihteen materiaaleihin, kuten pronssiin tai valurautaan, kest\u00e4v\u00e4t erinomaisesti raskaita kuormia ja suurta v\u00e4\u00e4nt\u00f6momenttia, mik\u00e4 tekee niist\u00e4 ihanteellisia sovelluksiin, jotka vaativat vankkaa voimansiirtoa.<\/li>\n<li class=\"break-words\"><strong>Parannettu tehokkuus ja monipuolisuus<\/strong>Seoster\u00e4ksen ty\u00f6stett\u00e4vyyden ansiosta matoja voidaan hioa tarkasti optimaalisten hammasprofiilien saavuttamiseksi, mik\u00e4 parantaa tehokkuutta ja mahdollistaa r\u00e4\u00e4t\u00e4l\u00f6it\u00e4v\u00e4t mallit erilaisiin k\u00e4ytt\u00f6tarkoituksiin, kuten koneiden k\u00e4ytt\u00f6ihin tai nostimiin.<\/li>\n<\/ul>\n<\/div>\n<table style=\"width: 100%;\" border=\"1\" width=\"100%\" cellspacing=\"0\" cellpadding=\"0\">\n<tbody>\n<tr style=\"height: 14.40pt;\">\n<td style=\"height: 14.40pt; width: 49.80pt;\" width=\"83\" height=\"24\"><img loading=\"lazy\" decoding=\"async\" class=\"alignnone size-full wp-image-7150\" src=\"https:\/\/fmp-components.com\/wp-content\/uploads\/2025\/03\/Alloy-Steel-Worm-And-Worm-Gear-for-Auto-Parts-3.webp\" alt=\"Seoster\u00e4ksest\u00e4 valmistettu mato ja matovaihteet auton osille\" width=\"350\" height=\"350\" title=\"\" srcset=\"https:\/\/fmp-components.com\/wp-content\/uploads\/2025\/03\/Alloy-Steel-Worm-And-Worm-Gear-for-Auto-Parts-3.webp 350w, https:\/\/fmp-components.com\/wp-content\/uploads\/2025\/03\/Alloy-Steel-Worm-And-Worm-Gear-for-Auto-Parts-3-300x300.webp 300w, https:\/\/fmp-components.com\/wp-content\/uploads\/2025\/03\/Alloy-Steel-Worm-And-Worm-Gear-for-Auto-Parts-3-150x150.webp 150w, https:\/\/fmp-components.com\/wp-content\/uploads\/2025\/03\/Alloy-Steel-Worm-And-Worm-Gear-for-Auto-Parts-3-12x12.webp 12w, https:\/\/fmp-components.com\/wp-content\/uploads\/2025\/03\/Alloy-Steel-Worm-And-Worm-Gear-for-Auto-Parts-3-100x100.webp 100w\" sizes=\"(max-width: 350px) 100vw, 350px\" \/><\/td>\n<td style=\"width: 48.00pt;\" align=\"right\" width=\"80\"><img loading=\"lazy\" decoding=\"async\" class=\"alignnone size-full wp-image-7151\" src=\"https:\/\/fmp-components.com\/wp-content\/uploads\/2025\/03\/Alloy-Steel-Worm-And-Worm-Gear-for-Auto-Parts-2.webp\" alt=\"Seoster\u00e4ksest\u00e4 valmistettu mato ja matovaihteet auton osille\" width=\"350\" height=\"350\" title=\"\" srcset=\"https:\/\/fmp-components.com\/wp-content\/uploads\/2025\/03\/Alloy-Steel-Worm-And-Worm-Gear-for-Auto-Parts-2.webp 350w, https:\/\/fmp-components.com\/wp-content\/uploads\/2025\/03\/Alloy-Steel-Worm-And-Worm-Gear-for-Auto-Parts-2-300x300.webp 300w, https:\/\/fmp-components.com\/wp-content\/uploads\/2025\/03\/Alloy-Steel-Worm-And-Worm-Gear-for-Auto-Parts-2-150x150.webp 150w, https:\/\/fmp-components.com\/wp-content\/uploads\/2025\/03\/Alloy-Steel-Worm-And-Worm-Gear-for-Auto-Parts-2-12x12.webp 12w, https:\/\/fmp-components.com\/wp-content\/uploads\/2025\/03\/Alloy-Steel-Worm-And-Worm-Gear-for-Auto-Parts-2-100x100.webp 100w\" sizes=\"(max-width: 350px) 100vw, 350px\" \/><\/td>\n<\/tr>\n<\/tbody>\n<\/table>\n<p>&nbsp;<\/p>\n<p><img loading=\"lazy\" decoding=\"async\" class=\"alignnone size-full wp-image-7149\" src=\"https:\/\/fmp-components.com\/wp-content\/uploads\/2025\/03\/Alloy-Steel-Worm-And-Worm-Gear-for-Auto-Parts-4.webp\" alt=\"Seoster\u00e4ksest\u00e4 valmistettu mato ja matovaihteet auton osille\" width=\"773\" height=\"669\" title=\"\" srcset=\"https:\/\/fmp-components.com\/wp-content\/uploads\/2025\/03\/Alloy-Steel-Worm-And-Worm-Gear-for-Auto-Parts-4.webp 773w, https:\/\/fmp-components.com\/wp-content\/uploads\/2025\/03\/Alloy-Steel-Worm-And-Worm-Gear-for-Auto-Parts-4-480x415.webp 480w\" sizes=\"(min-width: 0px) and (max-width: 480px) 480px, (min-width: 481px) 773px, 100vw\" \/><\/p>\n<\/div>","protected":false},"excerpt":{"rendered":"<p>At FMP Company, we specialize in manufacturing a wide range of Alloy Steel Worm and Worm Gear for Auto Parts, designed to meet diverse industry needs with precision and durability. We also offer customization services to ensure our products perfectly align with your specific requirements. If you don\u2019t find the model you need in our [&hellip;]<\/p>","protected":false},"featured_media":7152,"comment_status":"open","ping_status":"closed","template":"","meta":{"_et_pb_use_builder":"","_et_pb_old_content":"","_et_gb_content_width":""},"product_brand":[],"product_cat":[107],"product_tag":[],"class_list":{"0":"post-7147","1":"product","2":"type-product","3":"status-publish","4":"has-post-thumbnail","6":"product_cat-worm-gear","8":"first","9":"instock","10":"shipping-taxable","11":"product-type-simple"},"_links":{"self":[{"href":"https:\/\/fmp-components.com\/fi\/wp-json\/wp\/v2\/product\/7147","targetHints":{"allow":["GET"]}}],"collection":[{"href":"https:\/\/fmp-components.com\/fi\/wp-json\/wp\/v2\/product"}],"about":[{"href":"https:\/\/fmp-components.com\/fi\/wp-json\/wp\/v2\/types\/product"}],"replies":[{"embeddable":true,"href":"https:\/\/fmp-components.com\/fi\/wp-json\/wp\/v2\/comments?post=7147"}],"wp:featuredmedia":[{"embeddable":true,"href":"https:\/\/fmp-components.com\/fi\/wp-json\/wp\/v2\/media\/7152"}],"wp:attachment":[{"href":"https:\/\/fmp-components.com\/fi\/wp-json\/wp\/v2\/media?parent=7147"}],"wp:term":[{"taxonomy":"product_brand","embeddable":true,"href":"https:\/\/fmp-components.com\/fi\/wp-json\/wp\/v2\/product_brand?post=7147"},{"taxonomy":"product_cat","embeddable":true,"href":"https:\/\/fmp-components.com\/fi\/wp-json\/wp\/v2\/product_cat?post=7147"},{"taxonomy":"product_tag","embeddable":true,"href":"https:\/\/fmp-components.com\/fi\/wp-json\/wp\/v2\/product_tag?post=7147"}],"curies":[{"name":"wp","href":"https:\/\/api.w.org\/{rel}","templated":true}]}}