{"id":7132,"date":"2025-03-18T08:04:19","date_gmt":"2025-03-18T08:04:19","guid":{"rendered":"https:\/\/fmp-components.com\/?post_type=product&#038;p=7132"},"modified":"2025-03-27T01:23:33","modified_gmt":"2025-03-27T01:23:33","slug":"forging-bevel-gears","status":"publish","type":"product","link":"https:\/\/fmp-components.com\/fi\/product\/forging-bevel-gears\/","title":{"rendered":"Kartiohammaspy\u00f6rien taonta"},"content":{"rendered":"<h2>Tarkkuustakootut kartiopy\u00f6r\u00e4t tarpeisiisi r\u00e4\u00e4t\u00e4l\u00f6ityn\u00e4<\/h2>\n<p>FMP:ll\u00e4 olemme erikoistuneet korkean suorituskyvyn takomisen valmistukseen <a href=\"https:\/\/fmp-components.com\/fi\/bevel-gear-2\/\">kartiohammaspy\u00f6r\u00e4t<\/a> laaja valikoima tyyppej\u00e4 ja eritelmi\u00e4, suunniteltu vastaamaan erilaisiin teollisuuden tarpeisiin. Tuotevalikoimaamme kuuluvat suorat, kierre- ja hypoidikartiopy\u00f6r\u00e4t, jotka kaikki on tarkasti suunniteltu edistyneill\u00e4 taontatekniikoilla poikkeuksellisen kest\u00e4vyyden, lujuuden ja saumattoman integroinnin varmistamiseksi koneisiisi.<\/p>\n<p>R\u00e4\u00e4t\u00e4l\u00f6idyt ratkaisut ovat vahvuutemme. Tarvitsetpa sitten ainutlaatuisia mittoja, erikoismateriaaleja tai r\u00e4\u00e4t\u00e4l\u00f6ityj\u00e4 hammasprofiileja, suunnittelutiimimme tekee tiivist\u00e4 yhteisty\u00f6t\u00e4 asiakkaiden kanssa toimittaakseen odotukset ylitt\u00e4vi\u00e4 hammaspy\u00f6ri\u00e4.<\/p>\n<p>Eik\u00f6 haluamaasi mallia l\u00f6ydy luettelostamme? \u00c4l\u00e4 huoli \u2013 verkkoluettelomme laajenee jatkuvasti. L\u00e4het\u00e4 meille s\u00e4hk\u00f6postia ja kerro meille tarvitsemasi vaihdetyypin tiedot, mukaan lukien sovellusparametrit ja tekniset tiedot. Asiantuntevat insin\u00f6\u00f6rimme tarkistavat kyselysi 24 tunnin kuluessa ja antavat palautetta toteutettavuudesta, hinnoittelusta ja toimitusajoista.<\/p>\n<table style=\"width: 103.173%;\" border=\"1\" width=\"100%\" cellspacing=\"0\" cellpadding=\"0\">\n<tbody>\n<tr style=\"height: 14.40pt;\">\n<td style=\"height: 14.4pt; width: 50.7937%;\" width=\"83\" height=\"24\"><img loading=\"lazy\" decoding=\"async\" class=\"size-full wp-image-7135 aligncenter\" src=\"https:\/\/fmp-components.com\/wp-content\/uploads\/2025\/03\/Forging-Bevel-Gears-product-4.webp\" alt=\"Taonta-kartiopy\u00f6r\u00e4t\" width=\"400\" height=\"400\" title=\"\" srcset=\"https:\/\/fmp-components.com\/wp-content\/uploads\/2025\/03\/Forging-Bevel-Gears-product-4.webp 400w, https:\/\/fmp-components.com\/wp-content\/uploads\/2025\/03\/Forging-Bevel-Gears-product-4-300x300.webp 300w, https:\/\/fmp-components.com\/wp-content\/uploads\/2025\/03\/Forging-Bevel-Gears-product-4-150x150.webp 150w, https:\/\/fmp-components.com\/wp-content\/uploads\/2025\/03\/Forging-Bevel-Gears-product-4-12x12.webp 12w, https:\/\/fmp-components.com\/wp-content\/uploads\/2025\/03\/Forging-Bevel-Gears-product-4-100x100.webp 100w\" sizes=\"(max-width: 400px) 100vw, 400px\" \/><\/td>\n<td style=\"width: 52.2222%;\" align=\"right\" width=\"80\"><img loading=\"lazy\" decoding=\"async\" class=\"size-full wp-image-7136 aligncenter\" src=\"https:\/\/fmp-components.com\/wp-content\/uploads\/2025\/03\/Forging-Bevel-Gears-product-3.webp\" alt=\"Taonta-kartiopy\u00f6r\u00e4t\" width=\"400\" height=\"400\" title=\"\" srcset=\"https:\/\/fmp-components.com\/wp-content\/uploads\/2025\/03\/Forging-Bevel-Gears-product-3.webp 400w, https:\/\/fmp-components.com\/wp-content\/uploads\/2025\/03\/Forging-Bevel-Gears-product-3-300x300.webp 300w, https:\/\/fmp-components.com\/wp-content\/uploads\/2025\/03\/Forging-Bevel-Gears-product-3-150x150.webp 150w, https:\/\/fmp-components.com\/wp-content\/uploads\/2025\/03\/Forging-Bevel-Gears-product-3-12x12.webp 12w, https:\/\/fmp-components.com\/wp-content\/uploads\/2025\/03\/Forging-Bevel-Gears-product-3-100x100.webp 100w\" sizes=\"(max-width: 400px) 100vw, 400px\" \/><\/td>\n<\/tr>\n<tr style=\"height: 14.40pt;\">\n<td style=\"height: 14.4pt; width: 50.7937%;\" height=\"24\"><img loading=\"lazy\" decoding=\"async\" class=\"size-full wp-image-7137 aligncenter\" src=\"https:\/\/fmp-components.com\/wp-content\/uploads\/2025\/03\/Forging-Bevel-Gears-product-2.webp\" alt=\"Taonta-kartiopy\u00f6r\u00e4t\" width=\"400\" height=\"400\" title=\"\" srcset=\"https:\/\/fmp-components.com\/wp-content\/uploads\/2025\/03\/Forging-Bevel-Gears-product-2.webp 400w, https:\/\/fmp-components.com\/wp-content\/uploads\/2025\/03\/Forging-Bevel-Gears-product-2-300x300.webp 300w, https:\/\/fmp-components.com\/wp-content\/uploads\/2025\/03\/Forging-Bevel-Gears-product-2-150x150.webp 150w, https:\/\/fmp-components.com\/wp-content\/uploads\/2025\/03\/Forging-Bevel-Gears-product-2-12x12.webp 12w, https:\/\/fmp-components.com\/wp-content\/uploads\/2025\/03\/Forging-Bevel-Gears-product-2-100x100.webp 100w\" sizes=\"(max-width: 400px) 100vw, 400px\" \/><\/td>\n<td style=\"width: 52.2222%;\" align=\"right\"><img loading=\"lazy\" decoding=\"async\" class=\"size-full wp-image-7138 aligncenter\" src=\"https:\/\/fmp-components.com\/wp-content\/uploads\/2025\/03\/Forging-Bevel-Gears-product-1.webp\" alt=\"Taonta-kartiopy\u00f6r\u00e4t\" width=\"400\" height=\"400\" title=\"\" srcset=\"https:\/\/fmp-components.com\/wp-content\/uploads\/2025\/03\/Forging-Bevel-Gears-product-1.webp 400w, https:\/\/fmp-components.com\/wp-content\/uploads\/2025\/03\/Forging-Bevel-Gears-product-1-300x300.webp 300w, https:\/\/fmp-components.com\/wp-content\/uploads\/2025\/03\/Forging-Bevel-Gears-product-1-150x150.webp 150w, https:\/\/fmp-components.com\/wp-content\/uploads\/2025\/03\/Forging-Bevel-Gears-product-1-12x12.webp 12w, https:\/\/fmp-components.com\/wp-content\/uploads\/2025\/03\/Forging-Bevel-Gears-product-1-100x100.webp 100w\" sizes=\"(max-width: 400px) 100vw, 400px\" \/><\/td>\n<\/tr>\n<\/tbody>\n<\/table>\n<h2>Kartiohammaspy\u00f6rien taontaominaisuudet<\/h2>\n<p>Taotut kartiopy\u00f6r\u00e4t ovat kriittisi\u00e4 komponentteja raskaissa mekaanisissa j\u00e4rjestelmiss\u00e4, ja ne tarjoavat ainutlaatuisia etuja valettuihin tai koneistettuihin vaihtoehtoihin verrattuna. Alla on lueteltu niiden erottuvat ominaisuudet, jotka tekev\u00e4t niist\u00e4 ihanteellisia korkean suorituskyvyn sovelluksiin:<\/p>\n<p><strong>Ylivertainen lujuus ja kest\u00e4vyys<\/strong><\/p>\n<ul>\n<li><strong>Viljan rakenteen kohdistus<\/strong>Taontaprosessi puristaa ja tasaa metallin raerakennetta, mik\u00e4 parantaa vetolujuutta ja v\u00e4symiskest\u00e4vyytt\u00e4.<\/li>\n<li><strong>Suuri kuormituskapasiteetti<\/strong>Kest\u00e4\u00e4 \u00e4\u00e4rimm\u00e4ist\u00e4 v\u00e4\u00e4nt\u00f6momenttia, iskukuormia ja toistuvaa rasitusta ilman muodonmuutoksia.<\/li>\n<li><strong>Materiaalinen eheys<\/strong>Poistaa valurattaissa yleisi\u00e4 huokoisuuksia, onteloita ja sulkeumia varmistaen pitk\u00e4aikaisen luotettavuuden.<\/li>\n<\/ul>\n<p><strong>Parannettu tarkkuus ja suorituskyky<\/strong><\/p>\n<ul>\n<li><strong>Tarkka mittatarkkuus<\/strong>Taonta mahdollistaa l\u00e4hes t\u00e4ydellisen muodon tuotannon, mik\u00e4 minimoi j\u00e4lkik\u00e4sittelyn ja varmistaa yhdenmukaiset hammasprofiilit.<\/li>\n<li><strong>Optimaalinen pinnanlaatu<\/strong>V\u00e4hentynyt hiomisen\/kiillotuksen tarve, s\u00e4ilytt\u00e4en rakenteen eheyden ja samalla varmistaen sujuvan toiminnan.<\/li>\n<li><strong>Melunvaimennus<\/strong>Tarkkuudella taotut hampaat lomittuvat saumattomasti, mik\u00e4 v\u00e4hent\u00e4\u00e4 t\u00e4rin\u00e4\u00e4 ja k\u00e4yntimelua.<\/li>\n<\/ul>\n<p><strong>Kulumis- ja korroosionkest\u00e4vyys<\/strong><\/p>\n<ul>\n<li><strong>L\u00e4mp\u00f6k\u00e4sittelyn yhteensopivuus<\/strong>Taotut hammaspy\u00f6r\u00e4t voidaan karkaista (esim. hiiletys, induktiokarkaisu) pinnan kovuuden ja kulutuskest\u00e4vyyden parantamiseksi.<\/li>\n<li><strong>Materiaalinen joustavuus<\/strong>Yhteensopiva korkean lujuuden omaavien seosten (esim. AISI 4140, 4340) ja ruostumattomien ter\u00e4sten kanssa sy\u00f6vytt\u00e4viss\u00e4 ymp\u00e4rist\u00f6iss\u00e4.<\/li>\n<\/ul>\n<p><strong>Kustannustehokkuus ajan kuluessa<\/strong><\/p>\n<ul>\n<li><strong>Pidempi k\u00e4ytt\u00f6ik\u00e4<\/strong>V\u00e4hentynyt kuluminen ja vikaantumisaste alentavat yll\u00e4pitokustannuksia ja seisokkiaikoja.<\/li>\n<li><strong>Tehokkuuden kasvu<\/strong>Tarkkuusvalmistus minimoi kitkasta johtuvan energiah\u00e4vi\u00f6n ja parantaa j\u00e4rjestelm\u00e4n tehokkuutta.<\/li>\n<\/ul>\n<h3>Miksi valita taotut kartiopy\u00f6r\u00e4t valettujen\/koneistettujen sijaan?<\/h3>\n<p>Taonta varmistaa tihe\u00e4n ja homogeenisen rakenteen, joka on lujuudeltaan valettuja hammaspy\u00f6ri\u00e4 parempi ja kustannustehokkaampi kuin koneistetut hammaspy\u00f6r\u00e4t suurta rasitusta vaativissa sovelluksissa. Niiden kyky kest\u00e4\u00e4 ankaria olosuhteita ja s\u00e4ilytt\u00e4\u00e4 samalla tarkkuus tekee niist\u00e4 v\u00e4ltt\u00e4m\u00e4tt\u00f6mi\u00e4 kriittisill\u00e4 teollisuudenaloilla.<\/p>\n<p>&nbsp;<\/p>\n<p><img loading=\"lazy\" decoding=\"async\" class=\"alignnone size-full wp-image-7139\" src=\"https:\/\/fmp-components.com\/wp-content\/uploads\/2025\/03\/Forging-Bevel-Gears-product-5.webp\" alt=\"Taonta-kartiopy\u00f6r\u00e4t\" width=\"700\" height=\"395\" title=\"\" srcset=\"https:\/\/fmp-components.com\/wp-content\/uploads\/2025\/03\/Forging-Bevel-Gears-product-5.webp 700w, https:\/\/fmp-components.com\/wp-content\/uploads\/2025\/03\/Forging-Bevel-Gears-product-5-480x271.webp 480w\" sizes=\"(min-width: 0px) and (max-width: 480px) 480px, (min-width: 481px) 700px, 100vw\" \/><\/p>\n<h3>Aiheeseen liittyv\u00e4 tuote<\/h3>\n<p><img loading=\"lazy\" decoding=\"async\" class=\"alignnone size-full wp-image-7140\" src=\"https:\/\/fmp-components.com\/wp-content\/uploads\/2025\/03\/Forging-Bevel-Gears-product-6.webp\" alt=\"Taonta-kartiopy\u00f6r\u00e4t\" width=\"887\" height=\"652\" title=\"\" srcset=\"https:\/\/fmp-components.com\/wp-content\/uploads\/2025\/03\/Forging-Bevel-Gears-product-6.webp 887w, https:\/\/fmp-components.com\/wp-content\/uploads\/2025\/03\/Forging-Bevel-Gears-product-6-480x353.webp 480w\" sizes=\"(min-width: 0px) and (max-width: 480px) 480px, (min-width: 481px) 887px, 100vw\" \/><\/p>","protected":false},"excerpt":{"rendered":"<p>Precision-Forged Bevel Gears Tailored to Your Needs At FMP, we specialize in manufacturing high-performance forging bevel gears across a wide range of types and specifications, designed to meet diverse industrial demands. Our product portfolio includes straight, spiral, and hypoid bevel gears, all precision-engineered using advanced forging techniques to ensure exceptional durability, strength, and seamless integration [&hellip;]<\/p>","protected":false},"featured_media":7133,"comment_status":"open","ping_status":"closed","template":"","meta":{"_et_pb_use_builder":"","_et_pb_old_content":"","_et_gb_content_width":""},"product_brand":[],"product_cat":[106],"product_tag":[],"class_list":{"0":"post-7132","1":"product","2":"type-product","3":"status-publish","4":"has-post-thumbnail","6":"product_cat-bevel-gears","8":"first","9":"instock","10":"shipping-taxable","11":"product-type-simple"},"_links":{"self":[{"href":"https:\/\/fmp-components.com\/fi\/wp-json\/wp\/v2\/product\/7132","targetHints":{"allow":["GET"]}}],"collection":[{"href":"https:\/\/fmp-components.com\/fi\/wp-json\/wp\/v2\/product"}],"about":[{"href":"https:\/\/fmp-components.com\/fi\/wp-json\/wp\/v2\/types\/product"}],"replies":[{"embeddable":true,"href":"https:\/\/fmp-components.com\/fi\/wp-json\/wp\/v2\/comments?post=7132"}],"wp:featuredmedia":[{"embeddable":true,"href":"https:\/\/fmp-components.com\/fi\/wp-json\/wp\/v2\/media\/7133"}],"wp:attachment":[{"href":"https:\/\/fmp-components.com\/fi\/wp-json\/wp\/v2\/media?parent=7132"}],"wp:term":[{"taxonomy":"product_brand","embeddable":true,"href":"https:\/\/fmp-components.com\/fi\/wp-json\/wp\/v2\/product_brand?post=7132"},{"taxonomy":"product_cat","embeddable":true,"href":"https:\/\/fmp-components.com\/fi\/wp-json\/wp\/v2\/product_cat?post=7132"},{"taxonomy":"product_tag","embeddable":true,"href":"https:\/\/fmp-components.com\/fi\/wp-json\/wp\/v2\/product_tag?post=7132"}],"curies":[{"name":"wp","href":"https:\/\/api.w.org\/{rel}","templated":true}]}}