{"id":705,"date":"2024-12-18T01:55:14","date_gmt":"2024-12-18T01:55:14","guid":{"rendered":"https:\/\/fmp-components.com\/?page_id=8"},"modified":"2024-12-18T02:02:20","modified_gmt":"2024-12-18T02:02:20","slug":"split-barge-split-cylinder","status":"publish","type":"product","link":"https:\/\/fmp-components.com\/fi\/product\/split-barge-split-cylinder\/","title":{"rendered":"Jaettu proomu Jaettu sylinteri"},"content":{"rendered":"<p style=\"text-align: center;\"><span style=\"font-size: 18pt;\">Jaettu proomu Jaettu sylinteri<\/span><\/p>\n<p>Proomun jaettu sylinteri on erikoishydraulinen komponentti, joka on suunniteltu parantamaan jaettujen proomujen toimivuutta ja tehokkuutta meritoiminnassa. T\u00e4m\u00e4 sylinteri on suunniteltu tarjoamaan tarvittava voima proomun osien erottamiseen, mik\u00e4 helpottaa lastin lastaamista ja purkamista ja parantaa aluksen ohjattavuutta.<\/p>\n<p>&nbsp;<\/p>\n<p><img loading=\"lazy\" decoding=\"async\" class=\"size-full wp-image-707 aligncenter\" src=\"https:\/\/fmp-components.com\/wp-content\/uploads\/2024\/12\/Split-Barge-Split-Cylinder.webp\" alt=\"Jaettu proomu-jaettu sylinteri\" width=\"600\" height=\"600\" title=\"\" srcset=\"https:\/\/fmp-components.com\/wp-content\/uploads\/2024\/12\/Split-Barge-Split-Cylinder.webp 600w, https:\/\/fmp-components.com\/wp-content\/uploads\/2024\/12\/Split-Barge-Split-Cylinder-480x480.webp 480w\" sizes=\"(min-width: 0px) and (max-width: 480px) 480px, (min-width: 481px) 600px, 100vw\" \/><\/p>\n<h4>T\u00e4rkeimm\u00e4t ominaisuudet:<\/h4>\n<ul>\n<li><strong>Suuri voimateho:<\/strong> T\u00e4m\u00e4 sylinteri, joka pystyy tuottamaan huomattavaa hydraulista voimaa, varmistaa proomun osien sujuvan ja tehokkaan jakamisen, mik\u00e4 optimoi lastink\u00e4sittelytoiminnot.<\/li>\n<li><strong>Kest\u00e4v\u00e4 rakenne:<\/strong> Se on valmistettu eritt\u00e4in lujista materiaaleista ja suunniteltu kest\u00e4m\u00e4\u00e4n ankaraa meriymp\u00e4rist\u00f6\u00e4 varmistaen kest\u00e4vyyden ja luotettavuuden my\u00f6s \u00e4\u00e4rimm\u00e4isiss\u00e4 olosuhteissa.<\/li>\n<li><strong>Tarkka ohjaus:<\/strong> Edistyksellinen hydraulinen rakenne mahdollistaa tarkat ja hallitut liikkeet, mik\u00e4 parantaa turvallisuutta k\u00e4yt\u00f6n aikana ja minimoi onnettomuusriskin.<\/li>\n<li><strong>Monipuolinen sovellus:<\/strong> Ihanteellinen erilaisiin merilogistiikan ja kuljetustilanteisiin, t\u00e4m\u00e4 jaettu sylinteri tukee tehokkaita toimintoja sek\u00e4 lastaus- ett\u00e4 purkuprosesseissa.<\/li>\n<li><strong>V\u00e4h\u00e4iset huoltovaatimukset:<\/strong> Sylinteri on suunniteltu minimoimaan kulumisen, joten se vaatii v\u00e4hemm\u00e4n huoltoa, mik\u00e4 v\u00e4hent\u00e4\u00e4 seisokkiaikoja ja parantaa toiminnan tehokkuutta.<\/li>\n<\/ul>\n<p>Jaetun proomun jaettu sylinteri on olennainen osa jaettujen proomujen suorituskyvyn optimointia, mik\u00e4 parantaa merkitt\u00e4v\u00e4sti merilogistiikan ja kuljetustoimintojen tehokkuutta ja turvallisuutta.<\/p>\n<h2>Jaetun proomun jaetun sylinterin tekniset tiedot:<\/h2>\n<table style=\"width: 94.7186%; height: 221px;\" border=\"1\" cellspacing=\"0\" cellpadding=\"0\">\n<tbody>\n<tr>\n<td>Tuotteen nimi<\/td>\n<td>Jaettu proomu Jaettu sylinteri<\/td>\n<\/tr>\n<tr>\n<td>Ominaisuudet:<\/td>\n<td>Suljettu runko<\/td>\n<\/tr>\n<tr>\n<td>Rei\u00e4n halkaisija:<\/td>\n<td>Jopa 550 mm<\/td>\n<\/tr>\n<tr>\n<td>Tangon halkaisija:<\/td>\n<td>Jopa 280 mm<br \/>\nIsku \u22641000 mm<\/td>\n<\/tr>\n<tr>\n<td>Vetovoima:<\/td>\n<td>Jopa 6000 kN<\/td>\n<\/tr>\n<tr>\n<td>Paine:<\/td>\n<td>Jopa 38 MPa<\/td>\n<\/tr>\n<tr>\n<td>Sovellukset:<\/td>\n<td>Jaettu proomu<\/td>\n<\/tr>\n<\/tbody>\n<\/table>\n<h2>Split Barge Split -sylinterin ominaisuudet<\/h2>\n<ol>\n<li><strong>Suuri voimateho:<\/strong>\n<ul>\n<li>Pystyy tuottamaan huomattavan hydraulisen voiman proomun osien tehokkaaseen erottamiseen ja varmistaa sujuvan toiminnan lastauksen ja purun aikana.<\/li>\n<\/ul>\n<\/li>\n<li><strong>Kest\u00e4v\u00e4 rakenne:<\/strong>\n<ul>\n<li>Valmistettu eritt\u00e4in lujista materiaaleista, jotka on suunniteltu kest\u00e4m\u00e4\u00e4n ankaria meriymp\u00e4rist\u00f6j\u00e4, mik\u00e4 takaa kest\u00e4vyyden ja luotettavuuden \u00e4\u00e4rimm\u00e4isiss\u00e4 olosuhteissa.<\/li>\n<\/ul>\n<\/li>\n<li><strong>Tarkka ohjaus:<\/strong>\n<ul>\n<li>Edistyksellinen hydraulinen suunnittelu mahdollistaa tarkat ja hallitut liikkeet, mik\u00e4 parantaa turvallisuutta ja minimoi k\u00e4ytt\u00f6onnettomuuksien riskin.<\/li>\n<\/ul>\n<\/li>\n<li><strong>Monipuolinen sovellus:<\/strong>\n<ul>\n<li>Sopii erilaisiin merilogistiikan skenaarioihin, helpottaen tehokasta lastink\u00e4sittely\u00e4 erilaisissa lastaus- ja purkuprosesseissa.<\/li>\n<\/ul>\n<\/li>\n<li><strong>V\u00e4h\u00e4iset huoltovaatimukset:<\/strong>\n<ul>\n<li>T\u00e4m\u00e4 sylinteri on suunniteltu minimoimaan kulumisen, joten se vaatii v\u00e4hemm\u00e4n huoltoa, mik\u00e4 v\u00e4hent\u00e4\u00e4 seisokkiaikoja ja parantaa toiminnan kokonaistehokkuutta.<\/li>\n<\/ul>\n<\/li>\n<li><strong>Korroosionkest\u00e4vyys:<\/strong>\n<ul>\n<li>K\u00e4sitelty tai pinnoitettu kest\u00e4m\u00e4\u00e4n suolaveden ja muiden merellisten elementtien aiheuttamaa korroosiota, mik\u00e4 varmistaa pitk\u00e4n k\u00e4ytt\u00f6i\u00e4n ja luotettavan suorituskyvyn.<\/li>\n<\/ul>\n<\/li>\n<li><strong>Kompakti muotoilu:<\/strong>\n<ul>\n<li>Tilaa s\u00e4\u00e4st\u00e4v\u00e4 suunnittelu mahdollistaa helpon integroinnin olemassa oleviin proomuj\u00e4rjestelmiin rakenteellista eheytt\u00e4 vaarantamatta.<\/li>\n<\/ul>\n<\/li>\n<li><strong>Turvaominaisuudet:<\/strong>\n<ul>\n<li>Varustettu sis\u00e4\u00e4nrakennetuilla turvamekanismeilla, jotka est\u00e4v\u00e4t vahingossa tapahtuvan aktivoitumisen tai vikaantumisen ja parantavat k\u00e4ytt\u00f6luotettavuutta.<\/li>\n<\/ul>\n<\/li>\n<li><strong>Helppo asennus:<\/strong>\n<ul>\n<li>Suunniteltu helppoon asennukseen ja vaihtoon, mik\u00e4 minimoi seisokkiajat huollon tai p\u00e4ivitysten aikana.<\/li>\n<\/ul>\n<\/li>\n<li><strong>Parannettu ohjattavuus:<\/strong>\n<ul>\n<li>Parantaa jaettujen proomujen ohjattavuutta, mik\u00e4 mahdollistaa paremman navigoinnin ja k\u00e4sittelyn ruuhkaisissa tai haastavissa meriymp\u00e4rist\u00f6iss\u00e4.<\/li>\n<\/ul>\n<\/li>\n<\/ol>\n<p>N\u00e4m\u00e4 ominaisuudet tekev\u00e4t Split Barge Split Cylinder -sylinterist\u00e4 olennaisen osan merilogistiikan ja kuljetustoimintojen tehokkuuden ja turvallisuuden optimoinnissa.<\/p>\n<p><img loading=\"lazy\" decoding=\"async\" class=\"alignnone size-full wp-image-708\" src=\"https:\/\/fmp-components.com\/wp-content\/uploads\/2024\/12\/Split-Barge-Split-Cylinder-Applications.webp\" alt=\"Jaetut proomu-jaetut sylinterisovellukset\" width=\"1024\" height=\"573\" title=\"\" srcset=\"https:\/\/fmp-components.com\/wp-content\/uploads\/2024\/12\/Split-Barge-Split-Cylinder-Applications.webp 1024w, https:\/\/fmp-components.com\/wp-content\/uploads\/2024\/12\/Split-Barge-Split-Cylinder-Applications-980x548.webp 980w, https:\/\/fmp-components.com\/wp-content\/uploads\/2024\/12\/Split-Barge-Split-Cylinder-Applications-480x269.webp 480w\" sizes=\"(min-width: 0px) and (max-width: 480px) 480px, (min-width: 481px) and (max-width: 980px) 980px, (min-width: 981px) 1024px, 100vw\" \/><\/p>\n<h2>Split Barge Split -sylinterin sovellukset<\/h2>\n<ol>\n<li><strong>Merilogistiikka:<\/strong>\n<ul>\n<li>K\u00e4ytet\u00e4\u00e4n lastin lastaamiseen ja purkamiseen jaetuissa proomuissa, mik\u00e4 parantaa toiminnan tehokkuutta tavaroiden kuljetuksessa vesill\u00e4.<\/li>\n<\/ul>\n<\/li>\n<li><strong>Lastink\u00e4sittely:<\/strong>\n<ul>\n<li>Helpottaa proomun osien erottelua, mik\u00e4 mahdollistaa helpon p\u00e4\u00e4syn lastitiloihin ja parantaa lastink\u00e4sittelyn nopeutta ja turvallisuutta.<\/li>\n<\/ul>\n<\/li>\n<li><strong>Ruoppaustoiminnot:<\/strong>\n<ul>\n<li>K\u00e4ytet\u00e4\u00e4n ruoppaussovelluksissa, joissa ruoppausmateriaalien kuljettamiseen k\u00e4ytet\u00e4\u00e4n jaettuja proomuja, mik\u00e4 mahdollistaa sedimentin tehokkaan poiston.<\/li>\n<\/ul>\n<\/li>\n<li><strong>Huolto ja korjaukset:<\/strong>\n<ul>\n<li>Auttaa jaettujen proomujen kunnossapidossa mahdollistamalla p\u00e4\u00e4syn sis\u00e4isiin komponentteihin tarkastusta ja korjausta varten, mik\u00e4 parantaa aluksen yleist\u00e4 kunnossapitoa.<\/li>\n<\/ul>\n<\/li>\n<li><strong>Rakennusprojektit:<\/strong>\n<ul>\n<li>K\u00e4ytet\u00e4\u00e4n rakentamiseen liittyviss\u00e4 meritoiminnoissa, joissa tarvitaan jaettuja proomuja raskaiden materiaalien ja laitteiden kuljettamiseen rakennusty\u00f6maille.<\/li>\n<\/ul>\n<\/li>\n<li><strong>Ymp\u00e4rist\u00f6n siivous:<\/strong>\n<ul>\n<li>Tukee ymp\u00e4rist\u00f6n kunnostushankkeita, joissa k\u00e4ytet\u00e4\u00e4n jaettuja proomuja j\u00e4temateriaalien tai puhdistuslaitteiden kuljettamiseen.<\/li>\n<\/ul>\n<\/li>\n<li><strong>Offshore-toiminnot:<\/strong>\n<ul>\n<li>K\u00e4ytet\u00e4\u00e4n avomerell\u00e4 teht\u00e4viss\u00e4 poraus- ja etsint\u00e4toimissa, joissa jaettuja proomuja voidaan k\u00e4ytt\u00e4\u00e4 laitteiden ja henkil\u00f6st\u00f6n tehokkaaseen kuljettamiseen.<\/li>\n<\/ul>\n<\/li>\n<li><strong>Laivanrakennus- ja korjaustelakat:<\/strong>\n<ul>\n<li>K\u00e4ytet\u00e4\u00e4n telakoilla laivojen rakentamiseen tai korjaamiseen tarvittavien materiaalien ja komponenttien kuljetukseen, mik\u00e4 helpottaa tehokasta logistiikkaa.<\/li>\n<\/ul>\n<\/li>\n<li><strong>H\u00e4t\u00e4tilanteiden reagointi:<\/strong>\n<ul>\n<li>Avustaa resurssien nopeassa k\u00e4ytt\u00f6\u00f6notossa merellisiss\u00e4 h\u00e4t\u00e4tilanteissa, mik\u00e4 mahdollistaa nopean p\u00e4\u00e4syn t\u00e4rkeisiin laitteisiin ja tarvikkeisiin.<\/li>\n<\/ul>\n<\/li>\n<li><strong>Lauttapalvelut:<\/strong>\n<ul>\n<li>Parantaa jaettujen lauttojen toimivuutta, mik\u00e4 tehostaa ajoneuvojen ja matkustajien kuljetusta vesill\u00e4.<\/li>\n<\/ul>\n<\/li>\n<\/ol>\n<p>N\u00e4m\u00e4 sovellukset osoittavat Split Barge Split Cylinder -sylinterin monipuolisuuden ja merkityksen erilaisissa meri- ja logistiikkatoiminnoissa, mik\u00e4 edist\u00e4\u00e4 tehokkuuden ja turvallisuuden paranemista meriteollisuudessa.<\/p>\n<p><img loading=\"lazy\" decoding=\"async\" class=\"alignnone size-full wp-image-709\" src=\"https:\/\/fmp-components.com\/wp-content\/uploads\/2024\/12\/Split-Barge-Split-Cylinder-Features.webp\" alt=\"Jaetun proomun ja jaetun sylinterin ominaisuudet\" width=\"1000\" height=\"390\" title=\"\" srcset=\"https:\/\/fmp-components.com\/wp-content\/uploads\/2024\/12\/Split-Barge-Split-Cylinder-Features.webp 1000w, https:\/\/fmp-components.com\/wp-content\/uploads\/2024\/12\/Split-Barge-Split-Cylinder-Features-980x382.webp 980w, https:\/\/fmp-components.com\/wp-content\/uploads\/2024\/12\/Split-Barge-Split-Cylinder-Features-480x187.webp 480w\" sizes=\"(min-width: 0px) and (max-width: 480px) 480px, (min-width: 481px) and (max-width: 980px) 980px, (min-width: 981px) 1000px, 100vw\" \/><\/p>\n<h3>Tietoja FMP:st\u00e4<\/h3>\n<p>FMP on hydraulisten sylinterien tuotantoon erikoistunut konepajayritys. Perustamisestaan \u200b\u200bl\u00e4htien yritys on keskittynyt hydraulisen teknologian tutkimukseen ja valmistukseen ja siirtynyt menestyksekk\u00e4\u00e4sti monipuolisesta tuotevalikoimasta, joka sis\u00e4lsi sadonkorjuu- ja rakennuskoneita, maataloustraktorien osiin erikoistumiseen. Yli kymmenen vuoden kokemuksella valmistuksesta ja johtamisesta FMP varmistaa korkealaatuiset tuotteet edistyneiden tuotantotekniikoiden avulla.<\/p>\n<p>Yrityksen kehittyess\u00e4 se on kehitt\u00e4nyt kattavan koneistuslinjan, kokoonpanolinjan ja pinnoituslinjan. Tiimimme koostuu ammattitaitoisesta johtohenkil\u00f6st\u00f6st\u00e4, kokeneista mekaanisista suunnittelijoista ja korkeasti koulutetuista teknikoista, jotka ty\u00f6skentelev\u00e4t yhdess\u00e4 yll\u00e4pit\u00e4\u00e4kseen vakaata tuotannon laatua ja samalla tehokkaasti hallitakseen prosessin jatkuvuutta ja tehokkuutta.<\/p>\n<p>FMP noudattaa filosofiaa, jonka mukaan \u201dteknologinen innovaatio edist\u00e4\u00e4 kehityst\u00e4, laatu luo br\u00e4ndej\u00e4, k\u00e4sity\u00f6taito varmistaa laadun ja rakentaa pitk\u00e4aikaisia, kaikkia hy\u00f6dytt\u00e4vi\u00e4 suhteita\u201d. Sitoutumisemme korkealaatuisten tuotteiden ja erinomaisen asiakaspalvelun tarjoamiseen on edelleen keskeinen tavoitteemme, kun jatkamme markkinoiden kehittyvien tarpeiden t\u00e4ytt\u00e4mist\u00e4.<\/p>\n<p><img loading=\"lazy\" decoding=\"async\" class=\"alignnone size-full wp-image-426\" src=\"https:\/\/fmp-components.com\/wp-content\/uploads\/2024\/12\/Sanitation-Machinery-Locking-Hydraulic-Cylinder-factory.webp\" sizes=\"(min-width: 0px) and (max-width: 480px) 480px, (min-width: 481px) and (max-width: 980px) 980px, (min-width: 981px) and (max-width: 1280px) 1280px, (min-width: 1281px) 1414px, 100vw\" srcset=\"https:\/\/fmp-components.com\/wp-content\/uploads\/2024\/12\/Sanitation-Machinery-Locking-Hydraulic-Cylinder-factory.webp 1414w, https:\/\/fmp-components.com\/wp-content\/uploads\/2024\/12\/Sanitation-Machinery-Locking-Hydraulic-Cylinder-factory-1280x529.webp 1280w, https:\/\/fmp-components.com\/wp-content\/uploads\/2024\/12\/Sanitation-Machinery-Locking-Hydraulic-Cylinder-factory-980x405.webp 980w, https:\/\/fmp-components.com\/wp-content\/uploads\/2024\/12\/Sanitation-Machinery-Locking-Hydraulic-Cylinder-factory-480x198.webp 480w\" alt=\"Sanitaatio-Koneet-Lukitus-Hydraulinen-Sylinteri-tehdas\" width=\"1414\" height=\"584\" title=\"\"><\/p>\n<p>Tekij\u00e4: CX<\/p>","protected":false},"excerpt":{"rendered":"<p>Proomun jaettu sylinteri on erikoishydraulinen komponentti, joka on suunniteltu helpottamaan jaettujen proomujen tehokasta k\u00e4ytt\u00f6\u00e4 merisovelluksissa. T\u00e4m\u00e4 sylinteri tarjoaa tarvittavan voiman proomun osien erottamiseen tai jakamiseen, mik\u00e4 mahdollistaa lastin helpon lastaamisen ja purkamisen samalla parantaen ohjattavuutta. Se on valmistettu eritt\u00e4in lujista materiaaleista ja suunniteltu kest\u00e4m\u00e4\u00e4n ankaraa meriymp\u00e4rist\u00f6\u00e4 varmistaen kest\u00e4vyyden ja luotettavuuden \u00e4\u00e4rimm\u00e4isiss\u00e4 olosuhteissa. Sujuva hydraulinen toiminta mahdollistaa tarkan hallinnan k\u00e4yt\u00f6n aikana, mik\u00e4 parantaa proomujen k\u00e4sittelyn kokonaistehokkuutta ja turvallisuutta. T\u00e4m\u00e4 jaettu sylinteri on v\u00e4ltt\u00e4m\u00e4t\u00f6n jaettujen proomujen toimivuuden optimoimiseksi ja edist\u00e4\u00e4 merkitt\u00e4v\u00e4sti tehokasta merilogistiikkaa ja -kuljetuksia.<\/p>","protected":false},"featured_media":707,"comment_status":"open","ping_status":"closed","template":"","meta":{"_et_pb_use_builder":"","_et_pb_old_content":"","_et_gb_content_width":""},"product_brand":[],"product_cat":[28],"product_tag":[],"class_list":{"0":"post-705","1":"product","2":"type-product","3":"status-publish","4":"has-post-thumbnail","6":"product_cat-offshore-hydraulic-cylinders","8":"first","9":"instock","10":"shipping-taxable","11":"product-type-simple"},"_links":{"self":[{"href":"https:\/\/fmp-components.com\/fi\/wp-json\/wp\/v2\/product\/705","targetHints":{"allow":["GET"]}}],"collection":[{"href":"https:\/\/fmp-components.com\/fi\/wp-json\/wp\/v2\/product"}],"about":[{"href":"https:\/\/fmp-components.com\/fi\/wp-json\/wp\/v2\/types\/product"}],"replies":[{"embeddable":true,"href":"https:\/\/fmp-components.com\/fi\/wp-json\/wp\/v2\/comments?post=705"}],"wp:featuredmedia":[{"embeddable":true,"href":"https:\/\/fmp-components.com\/fi\/wp-json\/wp\/v2\/media\/707"}],"wp:attachment":[{"href":"https:\/\/fmp-components.com\/fi\/wp-json\/wp\/v2\/media?parent=705"}],"wp:term":[{"taxonomy":"product_brand","embeddable":true,"href":"https:\/\/fmp-components.com\/fi\/wp-json\/wp\/v2\/product_brand?post=705"},{"taxonomy":"product_cat","embeddable":true,"href":"https:\/\/fmp-components.com\/fi\/wp-json\/wp\/v2\/product_cat?post=705"},{"taxonomy":"product_tag","embeddable":true,"href":"https:\/\/fmp-components.com\/fi\/wp-json\/wp\/v2\/product_tag?post=705"}],"curies":[{"name":"wp","href":"https:\/\/api.w.org\/{rel}","templated":true}]}}