{"id":7030,"date":"2025-03-14T07:40:07","date_gmt":"2025-03-14T07:40:07","guid":{"rendered":"https:\/\/fmp-components.com\/?post_type=product&#038;p=7030"},"modified":"2025-03-27T01:25:11","modified_gmt":"2025-03-27T01:25:11","slug":"straight-bevel-gear","status":"publish","type":"product","link":"https:\/\/fmp-components.com\/fi\/product\/straight-bevel-gear\/","title":{"rendered":"Suora kartiopy\u00f6r\u00e4"},"content":{"rendered":"<p>Suora kartiohammaspy\u00f6r\u00e4 on er\u00e4\u00e4nlainen <a href=\"https:\/\/fmp-components.com\/fi\/bevel-gear-2\/\">kartiohammaspy\u00f6r\u00e4<\/a> suorilla, kapenevilla hampailla, jotka on leikattu hammaspy\u00f6r\u00e4n kartiomaista pintaa pitkin, suunniteltu siirt\u00e4m\u00e4\u00e4n tehoa tehokkaasti leikkaavien akseleiden v\u00e4lill\u00e4, tyypillisesti 90 asteen kulmassa, mik\u00e4 tarjoaa yksinkertaisuutta ja luotettavuutta sovelluksissa, kuten autojen tasauspy\u00f6r\u00e4st\u00f6iss\u00e4 ja koneissa. FMP Companylla valmistamme ylpe\u00e4n\u00e4 laajan valikoiman kartiohammaspy\u00f6ri\u00e4, mukaan lukien suoria, kierre- ja kierrevaihteita, ja tarjoamme my\u00f6s r\u00e4\u00e4t\u00e4l\u00f6ityj\u00e4 ratkaisuja vastaamaan erityistarpeitasi. Jos et l\u00f6yd\u00e4 tarvitsemaasi mallia tuoteluettelostamme, se tarkoittaa yksinkertaisesti sit\u00e4, ettemme ole viel\u00e4 ehtineet p\u00e4ivitt\u00e4\u00e4 sit\u00e4 \u2013 l\u00e4het\u00e4 meille s\u00e4hk\u00f6postia ja kerro haluamasi tiedot, niin insin\u00f6\u00f6rimme vastaavat 24 tunnin kuluessa r\u00e4\u00e4t\u00e4l\u00f6idyll\u00e4 avustuksella.<\/p>\n<h2>Tekniset tiedot<\/h2>\n<table class=\"table\" border=\"1\" width=\"100%\" cellspacing=\"0\" cellpadding=\"0\">\n<tbody>\n<tr class=\"firstRow\">\n<td valign=\"center\" width=\"132\">Mallinumero<\/td>\n<td valign=\"center\" width=\"491\">M3, M4, M5, M8, M12 ja niin edelleen.<\/td>\n<\/tr>\n<tr>\n<td valign=\"center\" width=\"132\">Materiaali<\/td>\n<td valign=\"center\" width=\"491\">Messinki, C45-ter\u00e4s, ruostumaton ter\u00e4s, kupari, POM, alumiini, seos ja niin edelleen<\/td>\n<\/tr>\n<tr>\n<td valign=\"center\" width=\"132\">Pintak\u00e4sittely<\/td>\n<td valign=\"center\" width=\"491\">Sinkitty, nikkel\u00f6ity, passivointi, hapetus, anodisointi,<br \/>\nGeomet, dakromet, musta oksidi, fosfatointi, pulverimaalaus ja elektroforeesi<\/td>\n<\/tr>\n<tr>\n<td valign=\"center\" width=\"132\">Standardi<\/td>\n<td valign=\"center\" width=\"491\">ISO, DIN, ANSI, JIS, BS ja ei-standardi.<\/td>\n<\/tr>\n<tr>\n<td valign=\"center\" width=\"132\">Tarkkuus<\/td>\n<td valign=\"center\" width=\"491\">DIN6, DIN7, DIN8, DIN9.<\/td>\n<\/tr>\n<tr>\n<td valign=\"center\" width=\"132\">Hampaiden hoito<\/td>\n<td valign=\"center\" width=\"491\">Karkaistu, jyrsitty tai hiottu<\/td>\n<\/tr>\n<tr>\n<td valign=\"center\" width=\"132\">Toleranssi<\/td>\n<td valign=\"center\" width=\"491\">0,001 mm - 0,01 mm - 0,1 mm<\/td>\n<\/tr>\n<tr>\n<td valign=\"center\" width=\"132\">Valmis<\/td>\n<td valign=\"center\" width=\"491\">hiekkapuhallus, l\u00e4mp\u00f6k\u00e4sittely, hehkutus, p\u00e4\u00e4st\u00f6, kiillotus, anodisointi, sinkitys<\/td>\n<\/tr>\n<tr>\n<td valign=\"center\" width=\"132\">Pakkaukset<\/td>\n<td valign=\"center\" width=\"491\">Muovipussi + laatikot tai puiset pakkaukset<\/td>\n<\/tr>\n<tr>\n<td valign=\"center\" width=\"132\">Maksuehdot<\/td>\n<td valign=\"center\" width=\"491\">T\/T, L\/C<\/td>\n<\/tr>\n<tr>\n<td valign=\"center\" width=\"132\">Tuotannon l\u00e4pimenoaika<\/td>\n<td valign=\"center\" width=\"491\">20 arkip\u00e4iv\u00e4\u00e4 n\u00e4ytteelle, 25 p\u00e4iv\u00e4\u00e4 irtotavaralle<\/td>\n<\/tr>\n<tr>\n<td valign=\"center\" width=\"132\">N\u00e4ytteet<\/td>\n<td valign=\"center\" width=\"491\">N\u00e4ytehintaluokka $2 - $100.<br \/>\nasiakkaiden maksama esimerkki pikapyynn\u00f6st\u00e4<\/td>\n<\/tr>\n<tr>\n<td valign=\"center\" width=\"132\">Hakemus<\/td>\n<td valign=\"center\" width=\"491\">1. Automaattinen ohjauslaite<br \/>\n2. Puolijohdeteollisuus<br \/>\n3. Yleiset teollisuuskoneet<br \/>\n4. L\u00e4\u00e4kinn\u00e4lliset laitteet<br \/>\n5. Aurinkoenergialaitteet<br \/>\n6. Ty\u00f6st\u00f6kone<br \/>\n7. Pys\u00e4k\u00f6intij\u00e4rjestelm\u00e4<br \/>\n8. Suurnopeusjuna- ja lentoliikennev\u00e4lineet jne.<\/td>\n<\/tr>\n<\/tbody>\n<\/table>\n<h2>Suoran kartiohammaspy\u00f6r\u00e4n ominaisuudet<\/h2>\n<div>\n<ul>\n<li class=\"break-words\"><strong>Suora hammasmuotoilu<\/strong>Suorissa kartiohammaspy\u00f6riss\u00e4 on suoriksi leikatut ja kartiomaiset hampaat, mik\u00e4 tarjoaa yksinkertaisen ja tehokkaan rakenteen voimansiirtoon leikkaavien akseleiden v\u00e4lill\u00e4.<\/li>\n<li class=\"break-words\"><strong>Tehokas voimansiirto<\/strong>N\u00e4m\u00e4 vaihteet on suunniteltu siirt\u00e4m\u00e4\u00e4n v\u00e4\u00e4nt\u00f6momenttia sujuvasti ja luotettavasti, tyypillisesti 90 asteen kulmassa, mink\u00e4 ansiosta ne sopivat sovelluksiin, kuten autojen tasauspy\u00f6r\u00e4st\u00f6ihin ja peruskoneisiin.<\/li>\n<li class=\"break-words\"><strong>Kustannustehokas tuotanto<\/strong>Yksinkertainen hammasgeometria mahdollistaa helpomman ja edullisemman valmistuksen verrattuna kierre- tai vinohampaisiin kartiohammaspy\u00f6riin, mik\u00e4 tarjoaa taloudellisen vaihtoehdon monille j\u00e4rjestelmille.<\/li>\n<li class=\"break-words\"><strong>Kohtalainen kuormituskapasiteetti<\/strong>Vaikka suorat kartiohammaspy\u00f6r\u00e4t pystyv\u00e4t k\u00e4sittelem\u00e4\u00e4n kohtalaisia \u200b\u200bkuormia, niiden hampaiden kosketuspinta-ala on pienempi kuin kierrehammaspy\u00f6rien, mink\u00e4 vuoksi ne sopivat parhaiten sovelluksiin, joissa v\u00e4\u00e4nt\u00f6momentti- tai nopeusvaatimukset ovat alhaisemmat.<\/li>\n<li class=\"break-words\"><strong>Kompakti ja monipuolinen<\/strong>Niiden kartiomainen muoto mahdollistaa kompaktin integroinnin mekaanisiin j\u00e4rjestelmiin, mik\u00e4 tarjoaa monipuolisuutta rajoitetusti tilaa sis\u00e4lt\u00e4viss\u00e4 asetteluissa, vaikka ne saattavatkin tuottaa enemm\u00e4n melua ja t\u00e4rin\u00e4\u00e4 suurilla nopeuksilla.<\/li>\n<\/ul>\n<p><img loading=\"lazy\" decoding=\"async\" class=\"alignnone size-full wp-image-7031\" src=\"https:\/\/fmp-components.com\/wp-content\/uploads\/2025\/03\/Straight-Bevel-Gear-1.webp\" alt=\"Suora kartiohammaspy\u00f6r\u00e4\" width=\"969\" height=\"648\" title=\"\" srcset=\"https:\/\/fmp-components.com\/wp-content\/uploads\/2025\/03\/Straight-Bevel-Gear-1.webp 969w, https:\/\/fmp-components.com\/wp-content\/uploads\/2025\/03\/Straight-Bevel-Gear-1-480x321.webp 480w\" sizes=\"(min-width: 0px) and (max-width: 480px) 480px, (min-width: 481px) 969px, 100vw\" \/><\/p>\n<\/div>\n<h2>Tietoja FMP:st\u00e4<\/h2>\n<p>FMP on johtava italialainen hammaspy\u00f6rien ja hammastankojen valmistaja, joka on tunnettu asiantuntemuksestaan \u200b\u200bsek\u00e4 vakiokomponenttien ett\u00e4 r\u00e4\u00e4t\u00e4l\u00f6ityjen ratkaisujen valmistuksessa. Vakio-osien valikoiman lis\u00e4ksi FMP on erikoistunut valmistamaan vakio- ja erikoisvaihteita asiakkaidemme toimittamien piirustusten tai n\u00e4ytteiden perusteella. Vaihteitamme on saatavana useista materiaaleista, kuten hiiliter\u00e4ksest\u00e4, ruostumattomasta ter\u00e4ksest\u00e4, alumiinista, kuparista, messingist\u00e4 ja muovisista kierre- tai lieri\u00f6vaihteista. Jos sinulla on vaatimuksia r\u00e4\u00e4t\u00e4l\u00f6idyille hammasvaihteille, ota rohkeasti yhteytt\u00e4 s\u00e4hk\u00f6postitse. FMP:n omistautunut ammattitaitoisten insin\u00f6\u00f6rien tiimi vastaa tiedusteluusi 24 tunnin kuluessa.<\/p>\n<p><img loading=\"lazy\" decoding=\"async\" class=\"alignnone size-full wp-image-7010\" src=\"https:\/\/fmp-components.com\/wp-content\/uploads\/2025\/03\/bevel-gear-3.webp\" alt=\"kartiohammaspy\u00f6r\u00e4\" width=\"1076\" height=\"721\" title=\"\" srcset=\"https:\/\/fmp-components.com\/wp-content\/uploads\/2025\/03\/bevel-gear-3.webp 1076w, https:\/\/fmp-components.com\/wp-content\/uploads\/2025\/03\/bevel-gear-3-980x657.webp 980w, https:\/\/fmp-components.com\/wp-content\/uploads\/2025\/03\/bevel-gear-3-480x322.webp 480w\" sizes=\"(min-width: 0px) and (max-width: 480px) 480px, (min-width: 481px) and (max-width: 980px) 980px, (min-width: 981px) 1076px, 100vw\" \/><\/p>","protected":false},"excerpt":{"rendered":"<p>A straight bevel gear is a type of bevel gear with straight, tapered teeth cut along the gear\u2019s conical surface, designed to transmit power efficiently between intersecting shafts, typically at a 90-degree angle, offering simplicity and reliability in applications like automotive differentials and machinery. At FMP Company, we proudly manufacture a wide range of bevel [&hellip;]<\/p>","protected":false},"featured_media":4345,"comment_status":"open","ping_status":"closed","template":"","meta":{"_et_pb_use_builder":"","_et_pb_old_content":"","_et_gb_content_width":""},"product_brand":[],"product_cat":[106],"product_tag":[],"class_list":{"0":"post-7030","1":"product","2":"type-product","3":"status-publish","4":"has-post-thumbnail","6":"product_cat-bevel-gears","8":"first","9":"instock","10":"shipping-taxable","11":"product-type-simple"},"_links":{"self":[{"href":"https:\/\/fmp-components.com\/fi\/wp-json\/wp\/v2\/product\/7030","targetHints":{"allow":["GET"]}}],"collection":[{"href":"https:\/\/fmp-components.com\/fi\/wp-json\/wp\/v2\/product"}],"about":[{"href":"https:\/\/fmp-components.com\/fi\/wp-json\/wp\/v2\/types\/product"}],"replies":[{"embeddable":true,"href":"https:\/\/fmp-components.com\/fi\/wp-json\/wp\/v2\/comments?post=7030"}],"wp:featuredmedia":[{"embeddable":true,"href":"https:\/\/fmp-components.com\/fi\/wp-json\/wp\/v2\/media\/4345"}],"wp:attachment":[{"href":"https:\/\/fmp-components.com\/fi\/wp-json\/wp\/v2\/media?parent=7030"}],"wp:term":[{"taxonomy":"product_brand","embeddable":true,"href":"https:\/\/fmp-components.com\/fi\/wp-json\/wp\/v2\/product_brand?post=7030"},{"taxonomy":"product_cat","embeddable":true,"href":"https:\/\/fmp-components.com\/fi\/wp-json\/wp\/v2\/product_cat?post=7030"},{"taxonomy":"product_tag","embeddable":true,"href":"https:\/\/fmp-components.com\/fi\/wp-json\/wp\/v2\/product_tag?post=7030"}],"curies":[{"name":"wp","href":"https:\/\/api.w.org\/{rel}","templated":true}]}}