{"id":7026,"date":"2025-03-14T07:30:53","date_gmt":"2025-03-14T07:30:53","guid":{"rendered":"https:\/\/fmp-components.com\/?post_type=product&#038;p=7026"},"modified":"2025-03-27T01:25:36","modified_gmt":"2025-03-27T01:25:36","slug":"helical-bevel-gear","status":"publish","type":"product","link":"https:\/\/fmp-components.com\/fi\/product\/helical-bevel-gear\/","title":{"rendered":"Kierukkavaihde"},"content":{"rendered":"<table style=\"border-collapse: collapse; width: 99.2%; height: 7px;\" border=\"0\" width=\"163\" cellspacing=\"0\" cellpadding=\"0\">\n<tbody>\n<tr style=\"height: 14.40pt;\">\n<td style=\"height: 14.40pt; width: 49.80pt;\" width=\"83\" height=\"24\"><img loading=\"lazy\" decoding=\"async\" class=\"alignnone size-full wp-image-7027\" src=\"https:\/\/fmp-components.com\/wp-content\/uploads\/2025\/03\/helical-bevel-gear-3.webp\" alt=\"kartiohammaspy\u00f6r\u00e4\" width=\"850\" height=\"589\" title=\"\" srcset=\"https:\/\/fmp-components.com\/wp-content\/uploads\/2025\/03\/helical-bevel-gear-3.webp 850w, https:\/\/fmp-components.com\/wp-content\/uploads\/2025\/03\/helical-bevel-gear-3-480x333.webp 480w\" sizes=\"(min-width: 0px) and (max-width: 480px) 480px, (min-width: 481px) 850px, 100vw\" \/><\/td>\n<td style=\"width: 48.00pt;\" align=\"right\" width=\"80\"><img loading=\"lazy\" decoding=\"async\" class=\"alignnone size-full wp-image-7028\" src=\"https:\/\/fmp-components.com\/wp-content\/uploads\/2025\/03\/helical-bevel-gear-2.webp\" alt=\"kartiohammaspy\u00f6r\u00e4\" width=\"835\" height=\"612\" title=\"\" srcset=\"https:\/\/fmp-components.com\/wp-content\/uploads\/2025\/03\/helical-bevel-gear-2.webp 835w, https:\/\/fmp-components.com\/wp-content\/uploads\/2025\/03\/helical-bevel-gear-2-480x352.webp 480w\" sizes=\"(min-width: 0px) and (max-width: 480px) 480px, (min-width: 481px) 835px, 100vw\" \/><\/td>\n<\/tr>\n<\/tbody>\n<\/table>\n<table class=\"table\" border=\"1\" width=\"100%\" cellspacing=\"0\" cellpadding=\"0\">\n<tbody>\n<tr class=\"firstRow\">\n<td valign=\"center\" width=\"132\">Mallinumero<\/td>\n<td valign=\"center\" width=\"491\">M3, M4, M5, M8, M12 ja niin edelleen.<\/td>\n<\/tr>\n<tr>\n<td valign=\"center\" width=\"132\">Materiaali<\/td>\n<td valign=\"center\" width=\"491\">Messinki, C45-ter\u00e4s, ruostumaton ter\u00e4s, kupari, POM, alumiini, seos ja niin edelleen<\/td>\n<\/tr>\n<tr>\n<td valign=\"center\" width=\"132\">Pintak\u00e4sittely<\/td>\n<td valign=\"center\" width=\"491\">Sinkitty, nikkel\u00f6ity, passivointi, hapetus, anodisointi,<br \/>\nGeomet, dakromet, musta oksidi, fosfatointi, pulverimaalaus ja elektroforeesi<\/td>\n<\/tr>\n<tr>\n<td valign=\"center\" width=\"132\">Standardi<\/td>\n<td valign=\"center\" width=\"491\">ISO, DIN, ANSI, JIS, BS ja ei-standardi.<\/td>\n<\/tr>\n<tr>\n<td valign=\"center\" width=\"132\">Tarkkuus<\/td>\n<td valign=\"center\" width=\"491\">DIN6, DIN7, DIN8, DIN9.<\/td>\n<\/tr>\n<tr>\n<td valign=\"center\" width=\"132\">Hampaiden hoito<\/td>\n<td valign=\"center\" width=\"491\">Karkaistu, jyrsitty tai hiottu<\/td>\n<\/tr>\n<tr>\n<td valign=\"center\" width=\"132\">Toleranssi<\/td>\n<td valign=\"center\" width=\"491\">0,001 mm - 0,01 mm - 0,1 mm<\/td>\n<\/tr>\n<tr>\n<td valign=\"center\" width=\"132\">Valmis<\/td>\n<td valign=\"center\" width=\"491\">hiekkapuhallus, l\u00e4mp\u00f6k\u00e4sittely, hehkutus, p\u00e4\u00e4st\u00f6, kiillotus, anodisointi, sinkitys<\/td>\n<\/tr>\n<tr>\n<td valign=\"center\" width=\"132\">Pakkaukset<\/td>\n<td valign=\"center\" width=\"491\">Muovipussi + laatikot tai puiset pakkaukset<\/td>\n<\/tr>\n<tr>\n<td valign=\"center\" width=\"132\">Maksuehdot<\/td>\n<td valign=\"center\" width=\"491\">T\/T, L\/C<\/td>\n<\/tr>\n<tr>\n<td valign=\"center\" width=\"132\">Tuotannon l\u00e4pimenoaika<\/td>\n<td valign=\"center\" width=\"491\">20 arkip\u00e4iv\u00e4\u00e4 n\u00e4ytteelle, 25 p\u00e4iv\u00e4\u00e4 irtotavaralle<\/td>\n<\/tr>\n<tr>\n<td valign=\"center\" width=\"132\">N\u00e4ytteet<\/td>\n<td valign=\"center\" width=\"491\">N\u00e4ytehintaluokka $2 - $100.<br \/>\nasiakkaiden maksama esimerkki pikapyynn\u00f6st\u00e4<\/td>\n<\/tr>\n<tr>\n<td valign=\"center\" width=\"132\">Hakemus<\/td>\n<td valign=\"center\" width=\"491\">1. Automaattinen ohjauslaite<br \/>\n2. Puolijohdeteollisuus<br \/>\n3. Yleiset teollisuuskoneet<br \/>\n4. L\u00e4\u00e4kinn\u00e4lliset laitteet<br \/>\n5. Aurinkoenergialaitteet<br \/>\n6. Ty\u00f6st\u00f6kone<br \/>\n7. Pys\u00e4k\u00f6intij\u00e4rjestelm\u00e4<br \/>\n8. Suurnopeusjuna- ja lentoliikennev\u00e4lineet jne.<\/td>\n<\/tr>\n<\/tbody>\n<\/table>\n<h2>Kierukkavaihteen ominaisuudet<\/h2>\n<div>\n<ul>\n<li class=\"break-words\"><strong>Kierukkahampaiden konfiguraatio<\/strong>Kierukkavaihteet yhdist\u00e4v\u00e4t kulmikkaat hampaat <a href=\"https:\/\/fmp-components.com\/fi\/bevel-gear-2\/\">kartiohammaspy\u00f6r\u00e4t<\/a> kierteisell\u00e4 kierteell\u00e4, jossa hampaat ovat kaarevat ja viistot, mik\u00e4 mahdollistaa asteittaisen kosketuksen ja tasaisemman kytkeytymisen verrattuna suoriin kartiohammaspy\u00f6riin.<\/li>\n<li class=\"break-words\"><strong>Parannettu kuormituskapasiteetti<\/strong>Kierteinen rakenne jakaa voimat useille hampaille kytkenn\u00e4n aikana, mik\u00e4 parantaa hammaspy\u00f6r\u00e4n kyky\u00e4 k\u00e4sitell\u00e4 suurempia kuormia ja v\u00e4\u00e4nt\u00f6momenttia, joten se sopii raskaisiin autoteollisuuden ja teollisuuden sovelluksiin.<\/li>\n<li class=\"break-words\"><strong>V\u00e4hentynyt melu ja t\u00e4rin\u00e4<\/strong>Kierukkakulman ansiosta asteittainen hampaiden kytkeytyminen minimoi iskut ja liukumisen, mik\u00e4 johtaa hiljaisempaan k\u00e4yntiin ja v\u00e4h\u00e4isemp\u00e4\u00e4n t\u00e4rin\u00e4\u00e4n, mik\u00e4 on ihanteellinen tarkkuuskoneisiin ja ajoneuvojen vaihteistoihin.<\/li>\n<li class=\"break-words\"><strong>Kulmavoimansiirto<\/strong>Kuten muutkin kartiopy\u00f6r\u00e4t, kierteiset kartiopy\u00f6r\u00e4t siirt\u00e4v\u00e4t voimaa leikkaavien akseleiden v\u00e4lill\u00e4 (tyypillisesti 90 asteen kulmassa), mik\u00e4 tarjoaa monipuolisuutta kompakteissa kokoonpanoissa, kuten vaihteistoissa ja tasauspy\u00f6r\u00e4st\u00f6j\u00e4rjestelmiss\u00e4.<\/li>\n<li class=\"break-words\"><strong>Korkea hy\u00f6tysuhde ja kest\u00e4vyys<\/strong>Kest\u00e4vist\u00e4 materiaaleista, kuten karkaistusta ter\u00e4ksest\u00e4, valmistetut ja asianmukaisella voitelulla varustetut vaihteet tarjoavat erinomaisen hy\u00f6tysuhteen ja pitk\u00e4aikaisen kest\u00e4vyyden vaativissa olosuhteissa tasapainottaen suorituskyvyn ja kulutuskest\u00e4vyyden.<\/li>\n<\/ul>\n<\/div>\n<p><img loading=\"lazy\" decoding=\"async\" class=\"alignnone size-full wp-image-7029\" src=\"https:\/\/fmp-components.com\/wp-content\/uploads\/2025\/03\/helical-bevel-gear-1.webp\" alt=\"kartiohammaspy\u00f6r\u00e4\" width=\"1000\" height=\"1000\" title=\"\" srcset=\"https:\/\/fmp-components.com\/wp-content\/uploads\/2025\/03\/helical-bevel-gear-1.webp 1000w, https:\/\/fmp-components.com\/wp-content\/uploads\/2025\/03\/helical-bevel-gear-1-980x980.webp 980w, https:\/\/fmp-components.com\/wp-content\/uploads\/2025\/03\/helical-bevel-gear-1-480x480.webp 480w\" sizes=\"(min-width: 0px) and (max-width: 480px) 480px, (min-width: 481px) and (max-width: 980px) 980px, (min-width: 981px) 1000px, 100vw\" \/><\/p>\n<h2>Tietoja FMP:st\u00e4<\/h2>\n<p>FMP on johtava italialainen hammaspy\u00f6rien ja hammastankojen valmistaja, joka on tunnettu asiantuntemuksestaan \u200b\u200bsek\u00e4 vakiokomponenttien ett\u00e4 r\u00e4\u00e4t\u00e4l\u00f6ityjen ratkaisujen valmistuksessa. Vakio-osien valikoiman lis\u00e4ksi FMP on erikoistunut valmistamaan vakio- ja erikoisvaihteita asiakkaidemme toimittamien piirustusten tai n\u00e4ytteiden perusteella. Vaihteitamme on saatavana useista materiaaleista, kuten hiiliter\u00e4ksest\u00e4, ruostumattomasta ter\u00e4ksest\u00e4, alumiinista, kuparista, messingist\u00e4 ja muovisista kierre- tai lieri\u00f6vaihteista. Jos sinulla on vaatimuksia r\u00e4\u00e4t\u00e4l\u00f6idyille hammasvaihteille, ota rohkeasti yhteytt\u00e4 s\u00e4hk\u00f6postitse. FMP:n omistautunut ammattitaitoisten insin\u00f6\u00f6rien tiimi vastaa tiedusteluusi 24 tunnin kuluessa.<\/p>\n<p><img loading=\"lazy\" decoding=\"async\" class=\"alignnone size-full wp-image-7010\" src=\"https:\/\/fmp-components.com\/wp-content\/uploads\/2025\/03\/bevel-gear-3.webp\" alt=\"kartiohammaspy\u00f6r\u00e4\" width=\"1076\" height=\"721\" title=\"\" srcset=\"https:\/\/fmp-components.com\/wp-content\/uploads\/2025\/03\/bevel-gear-3.webp 1076w, https:\/\/fmp-components.com\/wp-content\/uploads\/2025\/03\/bevel-gear-3-980x657.webp 980w, https:\/\/fmp-components.com\/wp-content\/uploads\/2025\/03\/bevel-gear-3-480x322.webp 480w\" sizes=\"(min-width: 0px) and (max-width: 480px) 480px, (min-width: 481px) and (max-width: 980px) 980px, (min-width: 981px) 1076px, 100vw\" \/><\/p>","protected":false},"excerpt":{"rendered":"<p>Model Number M3,M4,M5,M8,M12 and etc. Material Brass, C45 steel, Stainless steel, Copper, POM, Aluminum, Alloy, and so on Surface treatment Zinc-plated, Nickel plated, Passivation, Oxidation, Anodization, Geomet, Dacromet, Black Oxide, Phosphatizing, Powder Coating, and Electrophoresis Standard ISO, DIN, ANSI, JIS, BS, and Non-standard. Precision DIN6,DIN7,DIN8,DIN9. Teeth treatment Hardened, Milled, or Ground Tolerance 0.001mm-0.01mm-0.1mm Finish shot\/sandblast, [&hellip;]<\/p>","protected":false},"featured_media":4335,"comment_status":"open","ping_status":"closed","template":"","meta":{"_et_pb_use_builder":"","_et_pb_old_content":"","_et_gb_content_width":""},"product_brand":[],"product_cat":[106],"product_tag":[],"class_list":{"0":"post-7026","1":"product","2":"type-product","3":"status-publish","4":"has-post-thumbnail","6":"product_cat-bevel-gears","8":"first","9":"instock","10":"shipping-taxable","11":"product-type-simple"},"_links":{"self":[{"href":"https:\/\/fmp-components.com\/fi\/wp-json\/wp\/v2\/product\/7026","targetHints":{"allow":["GET"]}}],"collection":[{"href":"https:\/\/fmp-components.com\/fi\/wp-json\/wp\/v2\/product"}],"about":[{"href":"https:\/\/fmp-components.com\/fi\/wp-json\/wp\/v2\/types\/product"}],"replies":[{"embeddable":true,"href":"https:\/\/fmp-components.com\/fi\/wp-json\/wp\/v2\/comments?post=7026"}],"wp:featuredmedia":[{"embeddable":true,"href":"https:\/\/fmp-components.com\/fi\/wp-json\/wp\/v2\/media\/4335"}],"wp:attachment":[{"href":"https:\/\/fmp-components.com\/fi\/wp-json\/wp\/v2\/media?parent=7026"}],"wp:term":[{"taxonomy":"product_brand","embeddable":true,"href":"https:\/\/fmp-components.com\/fi\/wp-json\/wp\/v2\/product_brand?post=7026"},{"taxonomy":"product_cat","embeddable":true,"href":"https:\/\/fmp-components.com\/fi\/wp-json\/wp\/v2\/product_cat?post=7026"},{"taxonomy":"product_tag","embeddable":true,"href":"https:\/\/fmp-components.com\/fi\/wp-json\/wp\/v2\/product_tag?post=7026"}],"curies":[{"name":"wp","href":"https:\/\/api.w.org\/{rel}","templated":true}]}}