{"id":7021,"date":"2025-03-14T06:47:26","date_gmt":"2025-03-14T06:47:26","guid":{"rendered":"https:\/\/fmp-components.com\/?post_type=product&#038;p=7021"},"modified":"2025-03-14T06:47:27","modified_gmt":"2025-03-14T06:47:27","slug":"zero-degree-spiral-bevel-gear","status":"publish","type":"product","link":"https:\/\/fmp-components.com\/fi\/product\/zero-degree-spiral-bevel-gear\/","title":{"rendered":"Nolla-asteinen spiraalimainen kartiopy\u00f6r\u00e4"},"content":{"rendered":"<h2>Tekniset tiedot<\/h2>\n<table class=\"table\" border=\"1\" width=\"100%\" cellspacing=\"0\" cellpadding=\"0\">\n<tbody>\n<tr class=\"firstRow\">\n<td valign=\"center\" width=\"132\">Mallinumero<\/td>\n<td valign=\"center\" width=\"491\">M3, M4, M5, M8, M12 ja niin edelleen.<\/td>\n<\/tr>\n<tr>\n<td valign=\"center\" width=\"132\">Materiaali<\/td>\n<td valign=\"center\" width=\"491\">Messinki, C45-ter\u00e4s, ruostumaton ter\u00e4s, kupari, POM, alumiini, seos ja niin edelleen<\/td>\n<\/tr>\n<tr>\n<td valign=\"center\" width=\"132\">Pintak\u00e4sittely<\/td>\n<td valign=\"center\" width=\"491\">Sinkitty, nikkel\u00f6ity, passivointi, hapetus, anodisointi,<br \/>\nGeomet, dakromet, musta oksidi, fosfatointi, pulverimaalaus ja elektroforeesi<\/td>\n<\/tr>\n<tr>\n<td valign=\"center\" width=\"132\">Standardi<\/td>\n<td valign=\"center\" width=\"491\">ISO, DIN, ANSI, JIS, BS ja ei-standardi.<\/td>\n<\/tr>\n<tr>\n<td valign=\"center\" width=\"132\">Tarkkuus<\/td>\n<td valign=\"center\" width=\"491\">DIN6, DIN7, DIN8, DIN9.<\/td>\n<\/tr>\n<tr>\n<td valign=\"center\" width=\"132\">Hampaiden hoito<\/td>\n<td valign=\"center\" width=\"491\">Karkaistu, jyrsitty tai hiottu<\/td>\n<\/tr>\n<tr>\n<td valign=\"center\" width=\"132\">Toleranssi<\/td>\n<td valign=\"center\" width=\"491\">0,001 mm - 0,01 mm - 0,1 mm<\/td>\n<\/tr>\n<tr>\n<td valign=\"center\" width=\"132\">Valmis<\/td>\n<td valign=\"center\" width=\"491\">hiekkapuhallus, l\u00e4mp\u00f6k\u00e4sittely, hehkutus, p\u00e4\u00e4st\u00f6, kiillotus, anodisointi, sinkitys<\/td>\n<\/tr>\n<tr>\n<td valign=\"center\" width=\"132\">Pakkaukset<\/td>\n<td valign=\"center\" width=\"491\">Muovipussi + laatikot tai puiset pakkaukset<\/td>\n<\/tr>\n<tr>\n<td valign=\"center\" width=\"132\">Maksuehdot<\/td>\n<td valign=\"center\" width=\"491\">T\/T, L\/C<\/td>\n<\/tr>\n<tr>\n<td valign=\"center\" width=\"132\">Tuotannon l\u00e4pimenoaika<\/td>\n<td valign=\"center\" width=\"491\">20 arkip\u00e4iv\u00e4\u00e4 n\u00e4ytteelle, 25 p\u00e4iv\u00e4\u00e4 irtotavaralle<\/td>\n<\/tr>\n<tr>\n<td valign=\"center\" width=\"132\">N\u00e4ytteet<\/td>\n<td valign=\"center\" width=\"491\">N\u00e4ytehintaluokka $2 - $100.<br \/>\nasiakkaiden maksama esimerkki pikapyynn\u00f6st\u00e4<\/td>\n<\/tr>\n<tr>\n<td valign=\"center\" width=\"132\">Hakemus<\/td>\n<td valign=\"center\" width=\"491\">1. Automaattinen ohjauslaite<br \/>\n2. Puolijohdeteollisuus<br \/>\n3. Yleiset teollisuuskoneet<br \/>\n4. L\u00e4\u00e4kinn\u00e4lliset laitteet<br \/>\n5. Aurinkoenergialaitteet<br \/>\n6. Ty\u00f6st\u00f6kone<br \/>\n7. Pys\u00e4k\u00f6intij\u00e4rjestelm\u00e4<br \/>\n8. Suurnopeusjuna- ja lentoliikennev\u00e4lineet jne.<\/td>\n<\/tr>\n<\/tbody>\n<\/table>\n<h2>Nolla-asteen spiraalikartiovaihteen ominaisuudet<\/h2>\n<div>\n<ul>\n<li class=\"break-words\"><strong>Suora hampaan geometria<\/strong>Toisin kuin tyypillisiss\u00e4 kaarevilla hampailla varustetuissa kierrekartiohammaspy\u00f6riss\u00e4, nolla-asteen kierrekartiohammaspy\u00f6riss\u00e4 on suorat hampaat 0 asteen kierrekulmassa, mik\u00e4 muistuttaa suoria kartiohammaspy\u00f6ri\u00e4, mutta niiden kartiomainen muoto sopii leikkaaviin akseleihin.<\/li>\n<li class=\"break-words\"><strong>Tehokas voimansiirto<\/strong>N\u00e4m\u00e4 vaihteet tarjoavat tasaisen ja tehokkaan v\u00e4\u00e4nt\u00f6momentin siirron akseleiden v\u00e4lill\u00e4 kulmassa (yleens\u00e4 90 astetta), mik\u00e4 tekee niist\u00e4 sopivia auto- ja teollisuussovelluksiin, jotka vaativat tarkkoja suunnanmuutoksia.<\/li>\n<li class=\"break-words\"><strong>V\u00e4hentynyt melu ja t\u00e4rin\u00e4<\/strong>Nolla asteen rakenne minimoi hampaiden v\u00e4lisen liukuvan kosketuksen verrattuna suurempiin kierrekulmiin, mik\u00e4 johtaa hiljaisempaan toimintaan ja v\u00e4h\u00e4isemp\u00e4\u00e4n t\u00e4rin\u00e4\u00e4n \u2013 ihanteellinen meluherkille ymp\u00e4rist\u00f6ille.<\/li>\n<li class=\"break-words\"><strong>Yksinkertaistettu valmistus<\/strong>Suorien hampaiden ja kierteisen kaarevuuden puuttuessa nolla-asteen kierrekartiopy\u00f6r\u00e4t ovat helpompia ja halvempia valmistaa kuin perinteiset kierrekartiopy\u00f6r\u00e4t, ja ne tarjoavat silti vankan suorituskyvyn.<\/li>\n<li class=\"break-words\"><strong>Suuri kuormituskyky<\/strong>Yksinkertaisemmasta rakenteestaan \u200b\u200bhuolimatta n\u00e4m\u00e4 vaihteet on valmistettu kest\u00e4vist\u00e4 materiaaleista, kuten karkaistusta ter\u00e4ksest\u00e4, mink\u00e4 ansiosta ne kest\u00e4v\u00e4t merkitt\u00e4vi\u00e4 kuormia ja rasituksia j\u00e4rjestelmiss\u00e4, kuten tasauspy\u00f6r\u00e4st\u00f6iss\u00e4 tai vaihteistoissa.<\/li>\n<\/ul>\n<div>\n<div>\n<h3>Muovisten kartiovaihteiden toimittaja<\/h3>\n<p>FMP:ll\u00e4 on kaikki tarvitsemasi muovirattaat. Tarjoamme tarkkuusmuovisia lieri\u00f6hammasrattaita, muovisia hammastankoja, muovisia kierre- ja kartiohammasrattaita, muovisia mato- ja matohammasrattaita, muovisia kartiohammasrattaita, muovisia hammaspy\u00f6ri\u00e4, muovisia hammaspy\u00f6ri\u00e4 ja muovisia hammastankoja.<\/p>\n<p>Soita meille, jos tarvitset apua oikean vaihteen tai muunnelman l\u00f6yt\u00e4misess\u00e4 vakioluettelotuotteeseen tai r\u00e4\u00e4t\u00e4l\u00f6ityyn suunnitteluun; insin\u00f6\u00f6rimme tarjoavat parhaan ratkaisun sovellukseesi.<\/p>\n<p><img loading=\"lazy\" decoding=\"async\" class=\"alignnone size-full wp-image-7019\" src=\"https:\/\/fmp-components.com\/wp-content\/uploads\/2025\/03\/Plastic-Bevel-Gears-Supplier1.webp\" alt=\"Muovikartiovaihteiden toimittaja\" width=\"1200\" height=\"1000\" title=\"\" srcset=\"https:\/\/fmp-components.com\/wp-content\/uploads\/2025\/03\/Plastic-Bevel-Gears-Supplier1.webp 1200w, https:\/\/fmp-components.com\/wp-content\/uploads\/2025\/03\/Plastic-Bevel-Gears-Supplier1-980x817.webp 980w, https:\/\/fmp-components.com\/wp-content\/uploads\/2025\/03\/Plastic-Bevel-Gears-Supplier1-480x400.webp 480w\" sizes=\"(min-width: 0px) and (max-width: 480px) 480px, (min-width: 481px) and (max-width: 980px) 980px, (min-width: 981px) 1200px, 100vw\" \/><\/p>\n<\/div>\n<\/div>\n<div class=\"table-responsive\">\n<h2>Tietoja FMP:st\u00e4<\/h2>\n<p>FMP on johtava italialainen hammaspy\u00f6rien ja hammastankojen valmistaja, joka on tunnettu asiantuntemuksestaan \u200b\u200bsek\u00e4 vakiokomponenttien ett\u00e4 r\u00e4\u00e4t\u00e4l\u00f6ityjen ratkaisujen valmistuksessa. Vakio-osien valikoiman lis\u00e4ksi FMP on erikoistunut valmistamaan vakio- ja erikoisvaihteita asiakkaidemme toimittamien piirustusten tai n\u00e4ytteiden perusteella. Vaihteitamme on saatavana useista materiaaleista, kuten hiiliter\u00e4ksest\u00e4, ruostumattomasta ter\u00e4ksest\u00e4, alumiinista, kuparista, messingist\u00e4 ja muovisista kierre- tai lieri\u00f6vaihteista. Jos sinulla on vaatimuksia r\u00e4\u00e4t\u00e4l\u00f6idyille hammasvaihteille, ota rohkeasti yhteytt\u00e4 s\u00e4hk\u00f6postitse. FMP:n omistautunut ammattitaitoisten insin\u00f6\u00f6rien tiimi vastaa tiedusteluusi 24 tunnin kuluessa.<\/p>\n<p><img loading=\"lazy\" decoding=\"async\" class=\"alignnone size-full wp-image-7010\" src=\"https:\/\/fmp-components.com\/wp-content\/uploads\/2025\/03\/bevel-gear-3.webp\" alt=\"kartiohammaspy\u00f6r\u00e4\" width=\"1076\" height=\"721\" title=\"\" srcset=\"https:\/\/fmp-components.com\/wp-content\/uploads\/2025\/03\/bevel-gear-3.webp 1076w, https:\/\/fmp-components.com\/wp-content\/uploads\/2025\/03\/bevel-gear-3-980x657.webp 980w, https:\/\/fmp-components.com\/wp-content\/uploads\/2025\/03\/bevel-gear-3-480x322.webp 480w\" sizes=\"(min-width: 0px) and (max-width: 480px) 480px, (min-width: 481px) and (max-width: 980px) 980px, (min-width: 981px) 1076px, 100vw\" \/><\/p>\n<\/div>\n<\/div>","protected":false},"excerpt":{"rendered":"<p>Specification Model Number M3,M4,M5,M8,M12 and etc. Material Brass, C45 steel, Stainless steel, Copper, POM, Aluminum, Alloy, and so on Surface treatment Zinc-plated, Nickel plated, Passivation, Oxidation, Anodization, Geomet, Dacromet, Black Oxide, Phosphatizing, Powder Coating, and Electrophoresis Standard ISO, DIN, ANSI, JIS, BS, and Non-standard. Precision DIN6,DIN7,DIN8,DIN9. Teeth treatment Hardened, Milled, or Ground Tolerance 0.001mm-0.01mm-0.1mm Finish [&hellip;]<\/p>","protected":false},"featured_media":4346,"comment_status":"open","ping_status":"closed","template":"","meta":{"_et_pb_use_builder":"","_et_pb_old_content":"","_et_gb_content_width":""},"product_brand":[],"product_cat":[106],"product_tag":[],"class_list":{"0":"post-7021","1":"product","2":"type-product","3":"status-publish","4":"has-post-thumbnail","6":"product_cat-bevel-gears","8":"first","9":"instock","10":"shipping-taxable","11":"product-type-simple"},"_links":{"self":[{"href":"https:\/\/fmp-components.com\/fi\/wp-json\/wp\/v2\/product\/7021","targetHints":{"allow":["GET"]}}],"collection":[{"href":"https:\/\/fmp-components.com\/fi\/wp-json\/wp\/v2\/product"}],"about":[{"href":"https:\/\/fmp-components.com\/fi\/wp-json\/wp\/v2\/types\/product"}],"replies":[{"embeddable":true,"href":"https:\/\/fmp-components.com\/fi\/wp-json\/wp\/v2\/comments?post=7021"}],"wp:featuredmedia":[{"embeddable":true,"href":"https:\/\/fmp-components.com\/fi\/wp-json\/wp\/v2\/media\/4346"}],"wp:attachment":[{"href":"https:\/\/fmp-components.com\/fi\/wp-json\/wp\/v2\/media?parent=7021"}],"wp:term":[{"taxonomy":"product_brand","embeddable":true,"href":"https:\/\/fmp-components.com\/fi\/wp-json\/wp\/v2\/product_brand?post=7021"},{"taxonomy":"product_cat","embeddable":true,"href":"https:\/\/fmp-components.com\/fi\/wp-json\/wp\/v2\/product_cat?post=7021"},{"taxonomy":"product_tag","embeddable":true,"href":"https:\/\/fmp-components.com\/fi\/wp-json\/wp\/v2\/product_tag?post=7021"}],"curies":[{"name":"wp","href":"https:\/\/api.w.org\/{rel}","templated":true}]}}