{"id":7020,"date":"2025-03-14T06:42:58","date_gmt":"2025-03-14T06:42:58","guid":{"rendered":"https:\/\/fmp-components.com\/?post_type=product&#038;p=7020"},"modified":"2025-03-27T01:27:19","modified_gmt":"2025-03-27T01:27:19","slug":"industrial-bevel-gears","status":"publish","type":"product","link":"https:\/\/fmp-components.com\/fi\/product\/industrial-bevel-gears\/","title":{"rendered":"Teollisuuden kartiovaihteet"},"content":{"rendered":"<p><a href=\"https:\/\/fmp-components.com\/fi\/bevel-gear-2\/\">Kartiopy\u00f6r\u00e4<\/a> M3-M20 halkaisija 1200 mm:n sis\u00e4ll\u00e4. Valmistettu 20crmiti\/20crmnmo\/42CrMo:sta. Sopii vaihteistoille\/\u00f6ljykoneille\/rakennuskoneille\/kuorma-autoille\/maatalouskoneille.<\/p>\n<h2>Tuotetiedot<\/h2>\n<div class=\"table-responsive\">\n<table class=\"table\" style=\"width: 99.8343%; height: 197px;\" border=\"1\">\n<tbody>\n<tr>\n<td style=\"width: 29.443%;\">Sovellus:<\/td>\n<td style=\"width: 75.199%;\">Koneet, merikoneet, maatalouskoneet, \u00f6ljykoneet<\/td>\n<\/tr>\n<tr>\n<td style=\"width: 29.443%;\">Kovuus:<\/td>\n<td style=\"width: 75.199%;\">Kovettunut hampaan pinta<\/td>\n<\/tr>\n<tr>\n<td style=\"width: 29.443%;\">Vaihteiston asento:<\/td>\n<td style=\"width: 75.199%;\">Ulkoinen vaihde<\/td>\n<\/tr>\n<tr>\n<td style=\"width: 29.443%;\">Valmistusmenetelm\u00e4:<\/td>\n<td style=\"width: 75.199%;\">Hiomalaitteet<\/td>\n<\/tr>\n<tr>\n<td style=\"width: 29.443%;\">Hammastetun osan muoto:<\/td>\n<td style=\"width: 75.199%;\">Viistepy\u00f6r\u00e4<\/td>\n<\/tr>\n<tr>\n<td style=\"width: 29.443%;\">Materiaali:<\/td>\n<td style=\"width: 75.199%;\">20crmnti<\/td>\n<\/tr>\n<\/tbody>\n<tbody>\n<tr>\n<td>Vaihdeakselin malli<\/td>\n<td>R\u00e4\u00e4t\u00e4l\u00f6idyt vaihdelaatikot asiakkaan n\u00e4ytteen tai piirustuksen mukaan<\/td>\n<\/tr>\n<tr>\n<td>K\u00e4sittelykone<\/td>\n<td>CNC-kone<\/td>\n<\/tr>\n<tr>\n<td>Materiaali<\/td>\n<td>20CrMnTi\/ 20CrMnMo\/ 42CrMo\/ 45#ter\u00e4s\/ 40Cr\/ 20CrNi2MoA<\/td>\n<\/tr>\n<tr>\n<td>L\u00e4mp\u00f6k\u00e4sittely<\/td>\n<td>Hiiletys ja sammutus \/ P\u00e4\u00e4st\u00f6 \/ Nitridointi \/ Hiilinitridointi \/ Induktiokarkaisu<\/td>\n<\/tr>\n<tr>\n<td>Kovuus<\/td>\n<td>58\u201362 HRC<\/td>\n<\/tr>\n<tr>\n<td>Laatustandardi<\/td>\n<td>GB\/ DIN\/ JIS\/ AGMA<\/td>\n<\/tr>\n<tr>\n<td>Tarkkuusluokka<\/td>\n<td>5.\u20138. luokka<\/td>\n<\/tr>\n<tr>\n<td>Toimitus<\/td>\n<td>Merikuljetus \/ Lentokuljetus \/ Pikakuljetus<\/td>\n<\/tr>\n<tr>\n<td>Toimitusaika<\/td>\n<td>30 p\u00e4iv\u00e4\u00e4<\/td>\n<\/tr>\n<\/tbody>\n<\/table>\n<h2>Tietoja FMP:st\u00e4<\/h2>\n<p>FMP on johtava italialainen hammaspy\u00f6rien ja hammastankojen valmistaja, joka on tunnettu asiantuntemuksestaan \u200b\u200bsek\u00e4 vakiokomponenttien ett\u00e4 r\u00e4\u00e4t\u00e4l\u00f6ityjen ratkaisujen valmistuksessa. Vakio-osien valikoiman lis\u00e4ksi FMP on erikoistunut valmistamaan vakio- ja erikoisvaihteita asiakkaidemme toimittamien piirustusten tai n\u00e4ytteiden perusteella. Vaihteitamme on saatavana useista materiaaleista, kuten hiiliter\u00e4ksest\u00e4, ruostumattomasta ter\u00e4ksest\u00e4, alumiinista, kuparista, messingist\u00e4 ja muovisista kierre- tai lieri\u00f6vaihteista. Jos sinulla on vaatimuksia r\u00e4\u00e4t\u00e4l\u00f6idyille hammasvaihteille, ota rohkeasti yhteytt\u00e4 s\u00e4hk\u00f6postitse. FMP:n omistautunut ammattitaitoisten insin\u00f6\u00f6rien tiimi vastaa tiedusteluusi 24 tunnin kuluessa.<\/p>\n<p><img loading=\"lazy\" decoding=\"async\" class=\"alignnone size-full wp-image-7010\" src=\"https:\/\/fmp-components.com\/wp-content\/uploads\/2025\/03\/bevel-gear-3.webp\" alt=\"kartiohammaspy\u00f6r\u00e4\" width=\"1076\" height=\"721\" title=\"\" srcset=\"https:\/\/fmp-components.com\/wp-content\/uploads\/2025\/03\/bevel-gear-3.webp 1076w, https:\/\/fmp-components.com\/wp-content\/uploads\/2025\/03\/bevel-gear-3-980x657.webp 980w, https:\/\/fmp-components.com\/wp-content\/uploads\/2025\/03\/bevel-gear-3-480x322.webp 480w\" sizes=\"(min-width: 0px) and (max-width: 480px) 480px, (min-width: 481px) and (max-width: 980px) 980px, (min-width: 981px) 1076px, 100vw\" \/><\/p>\n<\/div>","protected":false},"excerpt":{"rendered":"<p>Bevel Gear M3-M20 Diameter Within 1200mm Made of 20crmiti\/20crmnmo\/42CrMo for Reducer\/ Oil Machine\/ Construction Machinery\/ Truck\/ Agricultural Machinery Product Specification Application: Machinery, Marine, Agricultural Machinery, Oil Machinery Hardness: Hardened Tooth Surface Gear Position: External Gear Manufacturing Method: Grinding Gear Toothed Portion Shape: Bevel Wheel Material: 20crmnti Gear shaft model Customized gear accoding to customers sample [&hellip;]<\/p>","protected":false},"featured_media":4336,"comment_status":"open","ping_status":"closed","template":"","meta":{"_et_pb_use_builder":"","_et_pb_old_content":"","_et_gb_content_width":""},"product_brand":[],"product_cat":[106],"product_tag":[],"class_list":{"0":"post-7020","1":"product","2":"type-product","3":"status-publish","4":"has-post-thumbnail","6":"product_cat-bevel-gears","8":"first","9":"instock","10":"shipping-taxable","11":"product-type-simple"},"_links":{"self":[{"href":"https:\/\/fmp-components.com\/fi\/wp-json\/wp\/v2\/product\/7020","targetHints":{"allow":["GET"]}}],"collection":[{"href":"https:\/\/fmp-components.com\/fi\/wp-json\/wp\/v2\/product"}],"about":[{"href":"https:\/\/fmp-components.com\/fi\/wp-json\/wp\/v2\/types\/product"}],"replies":[{"embeddable":true,"href":"https:\/\/fmp-components.com\/fi\/wp-json\/wp\/v2\/comments?post=7020"}],"wp:featuredmedia":[{"embeddable":true,"href":"https:\/\/fmp-components.com\/fi\/wp-json\/wp\/v2\/media\/4336"}],"wp:attachment":[{"href":"https:\/\/fmp-components.com\/fi\/wp-json\/wp\/v2\/media?parent=7020"}],"wp:term":[{"taxonomy":"product_brand","embeddable":true,"href":"https:\/\/fmp-components.com\/fi\/wp-json\/wp\/v2\/product_brand?post=7020"},{"taxonomy":"product_cat","embeddable":true,"href":"https:\/\/fmp-components.com\/fi\/wp-json\/wp\/v2\/product_cat?post=7020"},{"taxonomy":"product_tag","embeddable":true,"href":"https:\/\/fmp-components.com\/fi\/wp-json\/wp\/v2\/product_tag?post=7020"}],"curies":[{"name":"wp","href":"https:\/\/api.w.org\/{rel}","templated":true}]}}