{"id":7011,"date":"2025-03-14T06:16:24","date_gmt":"2025-03-14T06:16:24","guid":{"rendered":"https:\/\/fmp-components.com\/?post_type=product&#038;p=7011"},"modified":"2025-03-27T01:30:59","modified_gmt":"2025-03-27T01:30:59","slug":"metal-bevel-gear","status":"publish","type":"product","link":"https:\/\/fmp-components.com\/fi\/product\/metal-bevel-gear\/","title":{"rendered":"Metallinen kartiohammaspy\u00f6r\u00e4"},"content":{"rendered":"<p>Mitat: \u03a63mm - \u03a6120mm<br \/>\nModuuli: M1.5<br \/>\nMateriaalityyppi: Metalli asiakkaan tarpeen mukaan<\/p>\n<h2>Tuotetiedot<\/h2>\n<div class=\"table-responsive\">\n<table class=\"table\" style=\"width: 100%; height: 367px;\" border=\"1\">\n<tbody>\n<tr>\n<td colspan=\"2\">Metallinen kartiohammaspy\u00f6r\u00e4<\/td>\n<\/tr>\n<tr>\n<td>Ulottuvuus<\/td>\n<td>\u03a68mm<\/td>\n<\/tr>\n<tr>\n<td>Moduuli<\/td>\n<td>M0.15\u2013M2.0<\/td>\n<\/tr>\n<tr>\n<td>Materiaalityyppi<\/td>\n<td>Metalli, pronssi, ter\u00e4s, seos, POM, sinkki, alumiini, rauta, ruostumaton ter\u00e4s, messinki, kupari<\/td>\n<\/tr>\n<tr>\n<td>Verkkoluokka<\/td>\n<td>JGMA 1, JIS 6, AGMA 13, DIN 6, Din5, AGMA12<\/td>\n<\/tr>\n<tr>\n<td>Hakemus<\/td>\n<td>Autoteollisuus, sotilas-, lentokone-, kone-, teollisuus- ja l\u00e4\u00e4ketiede<\/td>\n<\/tr>\n<tr>\n<td>R\u00e4\u00e4t\u00e4l\u00f6ity<\/td>\n<td>ODM\/OEM<\/td>\n<\/tr>\n<tr>\n<td>N\u00e4yte<\/td>\n<td>N\u00e4yte saatavilla<\/td>\n<\/tr>\n<tr>\n<td>Pakkaustavat<\/td>\n<td>Tyhji\u00f6pakattu muovitarjottimella<\/td>\n<\/tr>\n<tr>\n<td>Toimitustavat<\/td>\n<td>DHL ja UPS<\/td>\n<\/tr>\n<tr>\n<td>Todistus<\/td>\n<td>ISO 9001: 2008\/TS16949<\/td>\n<\/tr>\n<\/tbody>\n<\/table>\n<\/div>\n<h2>Metallisen kartiovaihteen ominaisuudet<\/h2>\n<p>Kartiomainen muoto kulmikkailla hampailla: Metalli <a href=\"https:\/\/fmp-components.com\/fi\/bevel-gear-2\/\">kartiohammaspy\u00f6r\u00e4t<\/a> niill\u00e4 on kapeneva, kartiomainen rakenne, jonka hampaat on leikattu kulmassa, mik\u00e4 mahdollistaa tehon siirt\u00e4misen leikkaavien akseleiden v\u00e4lill\u00e4, usein 90 asteen kulmassa.<br \/>\nKorkea lujuus ja kest\u00e4vyys: Ne on valmistettu kest\u00e4vist\u00e4 metalleista, kuten ter\u00e4ksest\u00e4, alumiinista tai messingist\u00e4, ja ne on suunniteltu kest\u00e4m\u00e4\u00e4n merkitt\u00e4v\u00e4\u00e4 mekaanista rasitusta, kulumista ja raskaita kuormia ajan kuluessa.<br \/>\nTarkkuustekniikka: Ne valmistetaan tarkoilla toleransseilla, jotka varmistavat sujuvan kytkenn\u00e4n, tehokkaan tehonsiirron ja minimaalisen v\u00e4lyksen, mik\u00e4 tekee niist\u00e4 sopivia korkean suorituskyvyn sovelluksiin.<br \/>\nKorroosionkest\u00e4vyys: K\u00e4ytetyst\u00e4 metallista (esim. ruostumaton ter\u00e4s tai pinnoitetut seokset) riippuen ne ovat usein ruosteen- ja ymp\u00e4rist\u00f6n pilaantumisen kest\u00e4vi\u00e4, mik\u00e4 parantaa pitk\u00e4ik\u00e4isyytt\u00e4 ankarissa olosuhteissa.<br \/>\nMukautettavat hammasprofiilit: Saatavilla erilaisilla hammasmalleilla \u2013 kuten suorina, spiraalimaisina tai nollahampaisina \u2013 mik\u00e4 tarjoaa monipuolisuutta melun v\u00e4hent\u00e4miseksi, kuorman jakautumisen parantamiseksi ja erityisten k\u00e4ytt\u00f6tarpeiden t\u00e4ytt\u00e4miseksi.<\/p>\n<div class=\"table-responsive\">\n<h2>Tietoja FMP:st\u00e4<\/h2>\n<p>FMP on johtava italialainen hammaspy\u00f6rien ja hammastankojen valmistaja, joka on tunnettu asiantuntemuksestaan \u200b\u200bsek\u00e4 vakiokomponenttien ett\u00e4 r\u00e4\u00e4t\u00e4l\u00f6ityjen ratkaisujen valmistuksessa. Vakio-osien valikoiman lis\u00e4ksi FMP on erikoistunut valmistamaan vakio- ja erikoisvaihteita asiakkaidemme toimittamien piirustusten tai n\u00e4ytteiden perusteella. Vaihteitamme on saatavana useista materiaaleista, kuten hiiliter\u00e4ksest\u00e4, ruostumattomasta ter\u00e4ksest\u00e4, alumiinista, kuparista, messingist\u00e4 ja muovisista kierre- tai lieri\u00f6vaihteista. Jos sinulla on vaatimuksia r\u00e4\u00e4t\u00e4l\u00f6idyille hammasvaihteille, ota rohkeasti yhteytt\u00e4 s\u00e4hk\u00f6postitse. FMP:n omistautunut ammattitaitoisten insin\u00f6\u00f6rien tiimi vastaa tiedusteluusi 24 tunnin kuluessa.<\/p>\n<p><img loading=\"lazy\" decoding=\"async\" class=\"alignnone size-full wp-image-7010\" src=\"https:\/\/fmp-components.com\/wp-content\/uploads\/2025\/03\/bevel-gear-3.webp\" alt=\"kartiohammaspy\u00f6r\u00e4\" width=\"1076\" height=\"721\" title=\"\" srcset=\"https:\/\/fmp-components.com\/wp-content\/uploads\/2025\/03\/bevel-gear-3.webp 1076w, https:\/\/fmp-components.com\/wp-content\/uploads\/2025\/03\/bevel-gear-3-980x657.webp 980w, https:\/\/fmp-components.com\/wp-content\/uploads\/2025\/03\/bevel-gear-3-480x322.webp 480w\" sizes=\"(min-width: 0px) and (max-width: 480px) 480px, (min-width: 481px) and (max-width: 980px) 980px, (min-width: 981px) 1076px, 100vw\" \/><\/p>\n<\/div>","protected":false},"excerpt":{"rendered":"<p>Dimension:\u03a63mm- \u03a6120mm Module: M1.5 Material Type: Metal as customer required Product Specification Metal Bevel Gear Dimension \u03a68mm Module M0.15-M2.0 Material Type Metal, Bronze, Steel, Alloy, POM, Zinc, Aluminum, Iron, Stainless, Brass, Copper Meshing Grade JGMA 1, JIS 6, AGMA 13, DIN 6,Din5,AGMA12 Application Automotive, Military, Aircraft, Mechanical, industrial, Medical Customized ODM\/OEM Sample Sample available Modes [&hellip;]<\/p>","protected":false},"featured_media":4337,"comment_status":"open","ping_status":"closed","template":"","meta":{"_et_pb_use_builder":"","_et_pb_old_content":"","_et_gb_content_width":""},"product_brand":[],"product_cat":[106],"product_tag":[],"class_list":{"0":"post-7011","1":"product","2":"type-product","3":"status-publish","4":"has-post-thumbnail","6":"product_cat-bevel-gears","8":"first","9":"instock","10":"shipping-taxable","11":"product-type-simple"},"_links":{"self":[{"href":"https:\/\/fmp-components.com\/fi\/wp-json\/wp\/v2\/product\/7011","targetHints":{"allow":["GET"]}}],"collection":[{"href":"https:\/\/fmp-components.com\/fi\/wp-json\/wp\/v2\/product"}],"about":[{"href":"https:\/\/fmp-components.com\/fi\/wp-json\/wp\/v2\/types\/product"}],"replies":[{"embeddable":true,"href":"https:\/\/fmp-components.com\/fi\/wp-json\/wp\/v2\/comments?post=7011"}],"wp:featuredmedia":[{"embeddable":true,"href":"https:\/\/fmp-components.com\/fi\/wp-json\/wp\/v2\/media\/4337"}],"wp:attachment":[{"href":"https:\/\/fmp-components.com\/fi\/wp-json\/wp\/v2\/media?parent=7011"}],"wp:term":[{"taxonomy":"product_brand","embeddable":true,"href":"https:\/\/fmp-components.com\/fi\/wp-json\/wp\/v2\/product_brand?post=7011"},{"taxonomy":"product_cat","embeddable":true,"href":"https:\/\/fmp-components.com\/fi\/wp-json\/wp\/v2\/product_cat?post=7011"},{"taxonomy":"product_tag","embeddable":true,"href":"https:\/\/fmp-components.com\/fi\/wp-json\/wp\/v2\/product_tag?post=7011"}],"curies":[{"name":"wp","href":"https:\/\/api.w.org\/{rel}","templated":true}]}}