{"id":7006,"date":"2025-03-14T06:03:43","date_gmt":"2025-03-14T06:03:43","guid":{"rendered":"https:\/\/fmp-components.com\/?post_type=product&#038;p=7006"},"modified":"2025-03-27T01:32:14","modified_gmt":"2025-03-27T01:32:14","slug":"aircraft-bevel-gear","status":"publish","type":"product","link":"https:\/\/fmp-components.com\/fi\/product\/aircraft-bevel-gear\/","title":{"rendered":"Lentokoneiden kartiopy\u00f6r\u00e4"},"content":{"rendered":"<p>Mitat: \u03a63mm - \u03a6120mm<br \/>\nModuuli: M2.0<br \/>\nMateriaalityyppi: Metalli asiakkaan tarpeen mukaan<\/p>\n<h2>Tuotetiedot<\/h2>\n<div class=\"table-responsive\">\n<table class=\"table\" style=\"width: 99.125%; height: 352px;\" border=\"1\">\n<tbody>\n<tr>\n<td style=\"width: 99.2395%;\" colspan=\"2\">Lentokoneiden kartiopy\u00f6r\u00e4<\/td>\n<\/tr>\n<tr>\n<td style=\"width: 18.5044%;\">Ulottuvuus<\/td>\n<td style=\"width: 80.7351%;\">\u03a610mm<\/td>\n<\/tr>\n<tr>\n<td style=\"width: 18.5044%;\">Moduuli<\/td>\n<td style=\"width: 80.7351%;\">M0.15\u2013M2.2<\/td>\n<\/tr>\n<tr>\n<td style=\"width: 18.5044%;\">Materiaalityyppi<\/td>\n<td style=\"width: 80.7351%;\">Metalli, pronssi, ter\u00e4s, seos, POM, sinkki, alumiini, rauta, ruostumaton ter\u00e4s, messinki, kupari<\/td>\n<\/tr>\n<tr>\n<td style=\"width: 18.5044%;\">Verkkoluokka<\/td>\n<td style=\"width: 80.7351%;\">JGMA 1, JIS 6, AGMA 13, DIN 6, Din5, AGMA12<\/td>\n<\/tr>\n<tr>\n<td style=\"width: 18.5044%;\">Hakemus<\/td>\n<td style=\"width: 80.7351%;\">Autoteollisuus, sotilas-, lentokone-, kone-, teollisuus- ja l\u00e4\u00e4ketiede<\/td>\n<\/tr>\n<tr>\n<td style=\"width: 18.5044%;\">R\u00e4\u00e4t\u00e4l\u00f6ity<\/td>\n<td style=\"width: 80.7351%;\">ODM\/OEM<\/td>\n<\/tr>\n<tr>\n<td style=\"width: 18.5044%;\">N\u00e4yte<\/td>\n<td style=\"width: 80.7351%;\">N\u00e4yte saatavilla<\/td>\n<\/tr>\n<tr>\n<td style=\"width: 18.5044%;\">Pakkaustavat<\/td>\n<td style=\"width: 80.7351%;\">Tyhji\u00f6pakattu muovitarjottimella<\/td>\n<\/tr>\n<tr>\n<td style=\"width: 18.5044%;\">Toimitustavat<\/td>\n<td style=\"width: 80.7351%;\">DHL ja UPS<\/td>\n<\/tr>\n<tr>\n<td style=\"width: 18.5044%;\">Todistus<\/td>\n<td style=\"width: 80.7351%;\">ISO 9001: 2008\/TS16949<\/td>\n<\/tr>\n<\/tbody>\n<\/table>\n<h2>Lentokoneiden kartiovaihteiden ominaisuudet<\/h2>\n<div>\n<ul>\n<li class=\"break-words\"><strong>Kulmikas hampaiden muotoilu<\/strong>The <a href=\"https:\/\/fmp-components.com\/fi\/bevel-gear-2\/\">kartiohammaspy\u00f6r\u00e4<\/a> jonka hampaat on leikattu kulmassa kartiomaiselle pinnalle, mink\u00e4 ansiosta se voi kytkeyty\u00e4 toiseen hammaspy\u00f6r\u00e4\u00e4n ja siirt\u00e4\u00e4 voimaa leikkaavien akseleiden v\u00e4lill\u00e4, tyypillisesti 90 asteen kulmassa.<\/li>\n<li class=\"break-words\"><strong>Korkea tarkkuus<\/strong>Se on suunniteltu tiukoilla toleransseilla varmistamaan sujuva, tarkka ja luotettava tehonsiirto, mik\u00e4 on kriittist\u00e4 lentokonej\u00e4rjestelmien tarkkuusvaatimuksille.<\/li>\n<li class=\"break-words\"><strong>Kompakti ja kevyt<\/strong>Suunnittelu on optimoitu tilatehokkaaksi ja kevyeksi, mik\u00e4 v\u00e4hent\u00e4\u00e4 lentokoneen kokonaispainoa s\u00e4ilytt\u00e4en samalla rakenteellisen eheyden ahtaissa tiloissa.<\/li>\n<li class=\"break-words\"><strong>Kantavuus<\/strong>Kest\u00e4vist\u00e4 materiaaleista, kuten karkaistusta ter\u00e4ksest\u00e4 tai titaanista, valmistettu se kest\u00e4\u00e4 suurta v\u00e4\u00e4nt\u00f6momenttia ja raskaita kuormia varmistaen suorituskyvyn lennon rasituksessa.<\/li>\n<li class=\"break-words\"><strong>Monipuolisuus<\/strong>Se tukee erilaisia \u200b\u200bkokoonpanoja (esim. suoria, spiraalimaisia \u200b\u200btai nollahampaita) ja tarjoaa joustavuutta sopiakseen erilaisiin lentokoneiden sovelluksiin, kuten moottoreihin tai ohjausmekanismeihin, minimoimalla t\u00e4rin\u00e4n ja melun.<\/li>\n<\/ul>\n<p><img loading=\"lazy\" decoding=\"async\" class=\"size-full wp-image-4330 aligncenter\" src=\"https:\/\/fmp-components.com\/wp-content\/uploads\/2025\/01\/Aircraft-Bevel-Gear.webp\" alt=\"Lentokoneiden kartiopy\u00f6r\u00e4\" width=\"600\" height=\"600\" title=\"\" srcset=\"https:\/\/fmp-components.com\/wp-content\/uploads\/2025\/01\/Aircraft-Bevel-Gear.webp 600w, https:\/\/fmp-components.com\/wp-content\/uploads\/2025\/01\/Aircraft-Bevel-Gear-480x480.webp 480w\" sizes=\"(min-width: 0px) and (max-width: 480px) 480px, (min-width: 481px) 600px, 100vw\" \/><\/p>\n<\/div>\n<\/div>\n<div class=\"table-responsive\">\n<h2>Tietoja FMP:st\u00e4<\/h2>\n<p>FMP on johtava italialainen hammaspy\u00f6rien ja hammastankojen valmistaja, joka on tunnettu asiantuntemuksestaan \u200b\u200bsek\u00e4 vakiokomponenttien ett\u00e4 r\u00e4\u00e4t\u00e4l\u00f6ityjen ratkaisujen valmistuksessa. Vakio-osien valikoiman lis\u00e4ksi FMP on erikoistunut valmistamaan vakio- ja erikoisvaihteita asiakkaidemme toimittamien piirustusten tai n\u00e4ytteiden perusteella. Vaihteitamme on saatavana useista materiaaleista, kuten hiiliter\u00e4ksest\u00e4, ruostumattomasta ter\u00e4ksest\u00e4, alumiinista, kuparista, messingist\u00e4 ja muovisista kierre- tai lieri\u00f6vaihteista. Jos sinulla on vaatimuksia r\u00e4\u00e4t\u00e4l\u00f6idyille hammasvaihteille, ota rohkeasti yhteytt\u00e4 s\u00e4hk\u00f6postitse. FMP:n omistautunut ammattitaitoisten insin\u00f6\u00f6rien tiimi vastaa tiedusteluusi 24 tunnin kuluessa.<\/p>\n<p><img loading=\"lazy\" decoding=\"async\" class=\"alignnone size-full wp-image-7010\" src=\"https:\/\/fmp-components.com\/wp-content\/uploads\/2025\/03\/bevel-gear-3.webp\" alt=\"kartiohammaspy\u00f6r\u00e4\" width=\"1076\" height=\"721\" title=\"\" srcset=\"https:\/\/fmp-components.com\/wp-content\/uploads\/2025\/03\/bevel-gear-3.webp 1076w, https:\/\/fmp-components.com\/wp-content\/uploads\/2025\/03\/bevel-gear-3-980x657.webp 980w, https:\/\/fmp-components.com\/wp-content\/uploads\/2025\/03\/bevel-gear-3-480x322.webp 480w\" sizes=\"(min-width: 0px) and (max-width: 480px) 480px, (min-width: 481px) and (max-width: 980px) 980px, (min-width: 981px) 1076px, 100vw\" \/><\/p>\n<\/div>","protected":false},"excerpt":{"rendered":"<p>Dimension:\u03a63mm- \u03a6120mm Module: M2.0 Material Type: Metal as customer required Product Specification Aircraft Bevel Gear Dimension \u03a610mm Module M0.15-M2.2 Material Type Metal, Bronze, Steel, Alloy, POM, Zinc, Aluminum, Iron, Stainless, Brass, Copper Meshing Grade JGMA 1, JIS 6, AGMA 13, DIN 6,Din5,AGMA12 Application Automotive, Military, Aircraft, Mechanical, industrial, Medical Customized ODM\/OEM Sample Sample available Modes [&hellip;]<\/p>","protected":false},"featured_media":4330,"comment_status":"open","ping_status":"closed","template":"","meta":{"_et_pb_use_builder":"","_et_pb_old_content":"","_et_gb_content_width":""},"product_brand":[],"product_cat":[106],"product_tag":[],"class_list":{"0":"post-7006","1":"product","2":"type-product","3":"status-publish","4":"has-post-thumbnail","6":"product_cat-bevel-gears","8":"first","9":"instock","10":"shipping-taxable","11":"product-type-simple"},"_links":{"self":[{"href":"https:\/\/fmp-components.com\/fi\/wp-json\/wp\/v2\/product\/7006","targetHints":{"allow":["GET"]}}],"collection":[{"href":"https:\/\/fmp-components.com\/fi\/wp-json\/wp\/v2\/product"}],"about":[{"href":"https:\/\/fmp-components.com\/fi\/wp-json\/wp\/v2\/types\/product"}],"replies":[{"embeddable":true,"href":"https:\/\/fmp-components.com\/fi\/wp-json\/wp\/v2\/comments?post=7006"}],"wp:featuredmedia":[{"embeddable":true,"href":"https:\/\/fmp-components.com\/fi\/wp-json\/wp\/v2\/media\/4330"}],"wp:attachment":[{"href":"https:\/\/fmp-components.com\/fi\/wp-json\/wp\/v2\/media?parent=7006"}],"wp:term":[{"taxonomy":"product_brand","embeddable":true,"href":"https:\/\/fmp-components.com\/fi\/wp-json\/wp\/v2\/product_brand?post=7006"},{"taxonomy":"product_cat","embeddable":true,"href":"https:\/\/fmp-components.com\/fi\/wp-json\/wp\/v2\/product_cat?post=7006"},{"taxonomy":"product_tag","embeddable":true,"href":"https:\/\/fmp-components.com\/fi\/wp-json\/wp\/v2\/product_tag?post=7006"}],"curies":[{"name":"wp","href":"https:\/\/api.w.org\/{rel}","templated":true}]}}