{"id":7005,"date":"2025-03-14T05:36:02","date_gmt":"2025-03-14T05:36:02","guid":{"rendered":"https:\/\/fmp-components.com\/?post_type=product&#038;p=7005"},"modified":"2025-03-27T01:32:34","modified_gmt":"2025-03-27T01:32:34","slug":"medical-bevel-gear","status":"publish","type":"product","link":"https:\/\/fmp-components.com\/fi\/product\/medical-bevel-gear\/","title":{"rendered":"L\u00e4\u00e4ketieteellinen viistevaihde"},"content":{"rendered":"<p>Mitat: \u03a63mm - \u03a6120mm<br \/>\nModuuli: M0.25<br \/>\nMateriaalityyppi: Metalli asiakkaan tarpeen mukaan<\/p>\n<h2>Tuotetiedot<\/h2>\n<div class=\"table-responsive\">\n<table class=\"table\" style=\"width: 98.375%; height: 341px;\" border=\"1\">\n<tbody>\n<tr>\n<td colspan=\"2\">L\u00e4\u00e4ketieteellinen viistevaihde<\/td>\n<\/tr>\n<tr>\n<td>Ulottuvuus<\/td>\n<td>\u03a66mm<\/td>\n<\/tr>\n<tr>\n<td>Moduuli<\/td>\n<td>M0.15\u2013M2.2<\/td>\n<\/tr>\n<tr>\n<td>Materiaalityyppi<\/td>\n<td>Metalli, pronssi, ter\u00e4s, seos, POM, sinkki, alumiini, rauta, ruostumaton ter\u00e4s, messinki, kupari<\/td>\n<\/tr>\n<tr>\n<td>Verkkoluokka<\/td>\n<td>ISO6, JGMA 1, JIS 6, AGMA 13, DIN 6, Din5, AGMA12<\/td>\n<\/tr>\n<tr>\n<td>Hakemus<\/td>\n<td>Autoteollisuus, sotilas-, lentokone-, kone-, teollisuus- ja l\u00e4\u00e4ketiede<\/td>\n<\/tr>\n<tr>\n<td>R\u00e4\u00e4t\u00e4l\u00f6ity<\/td>\n<td>ODM\/OEM<\/td>\n<\/tr>\n<tr>\n<td>N\u00e4yte<\/td>\n<td>N\u00e4yte saatavilla<\/td>\n<\/tr>\n<tr>\n<td>Pakkaustavat<\/td>\n<td>Tyhji\u00f6pakattu muovitarjottimella<\/td>\n<\/tr>\n<tr>\n<td>Toimitustavat<\/td>\n<td>DHL ja UPS<\/td>\n<\/tr>\n<tr>\n<td>Todistus<\/td>\n<td>ISO 9001: 2008\/TS16949<\/td>\n<\/tr>\n<\/tbody>\n<\/table>\n<p><img loading=\"lazy\" decoding=\"async\" class=\"size-full wp-image-4347 aligncenter\" src=\"https:\/\/fmp-components.com\/wp-content\/uploads\/2025\/01\/Medical-Bevel-Gear.webp\" alt=\"L\u00e4\u00e4ketieteellinen viistevaihde\" width=\"600\" height=\"600\" title=\"\" srcset=\"https:\/\/fmp-components.com\/wp-content\/uploads\/2025\/01\/Medical-Bevel-Gear.webp 600w, https:\/\/fmp-components.com\/wp-content\/uploads\/2025\/01\/Medical-Bevel-Gear-480x480.webp 480w\" sizes=\"(min-width: 0px) and (max-width: 480px) 480px, (min-width: 481px) 600px, 100vw\" \/><\/p>\n<h2>L\u00e4\u00e4ketieteellisen viistevaihteen ominaisuudet<\/h2>\n<div>\n<ul>\n<li class=\"break-words\"><strong>Tarkkuustekniikka<\/strong>L\u00e4\u00e4ketieteellinen <a href=\"https:\/\/fmp-components.com\/fi\/bevel-gear-2\/\">kartiohammaspy\u00f6r\u00e4t<\/a> on suunniteltu eritt\u00e4in tarkasti varmistamaan liikkeen ja v\u00e4\u00e4nt\u00f6momentin tarkka siirto, mik\u00e4 on kriittist\u00e4 l\u00e4\u00e4ketieteellisiss\u00e4 laitteissa, kuten kirurgisissa ty\u00f6kaluissa tai kuvantamislaitteissa, joissa tarkat liikkeet ovat v\u00e4ltt\u00e4m\u00e4tt\u00f6mi\u00e4.<\/li>\n<li class=\"break-words\"><strong>Kompakti muotoilu<\/strong>N\u00e4ill\u00e4 hammaspy\u00f6rill\u00e4 on kartiomainen muoto, jonka ansiosta ne sopivat ahtaisiin tiloihin. T\u00e4m\u00e4 tekee niist\u00e4 ihanteellisia kompakteille l\u00e4\u00e4ketieteellisille instrumenteille, joissa tilaa on rajoitetusti, kuten endoskooppilaitteissa tai robottikirurgisissa j\u00e4rjestelmiss\u00e4.<\/li>\n<li class=\"break-words\"><strong>Sujuva toiminta<\/strong>Usein suorilla, kierteisill\u00e4 tai nollahampaisilla l\u00e4\u00e4ketieteellisill\u00e4 kartiohammaspy\u00f6rill\u00e4 varustetut hammaspy\u00f6r\u00e4t tarjoavat tasaisen ja hiljaisen toiminnan, v\u00e4hent\u00e4en t\u00e4rin\u00e4\u00e4 ja melua \u2013 mik\u00e4 on t\u00e4rke\u00e4\u00e4 potilasmukavuuden ja l\u00e4\u00e4ketieteellisiss\u00e4 toimenpiteiss\u00e4 vaadittavan tarkkuuden kannalta.<\/li>\n<li class=\"break-words\"><strong>Kest\u00e4vyys ja materiaalien laatu<\/strong>N\u00e4m\u00e4 vaihteet on valmistettu bioyhteensopivista ja korroosionkest\u00e4vist\u00e4 materiaaleista, kuten ruostumattomasta ter\u00e4ksest\u00e4 tai erikoisseoksista, ja ne on rakennettu kest\u00e4m\u00e4\u00e4n sterilointiprosesseja ja varmistamaan pitk\u00e4aikainen luotettavuus l\u00e4\u00e4ketieteellisiss\u00e4 ymp\u00e4rist\u00f6iss\u00e4.<\/li>\n<li class=\"break-words\"><strong>Suuntajoustavuus<\/strong>L\u00e4\u00e4ketieteellisiss\u00e4 sovelluksissa k\u00e4ytett\u00e4v\u00e4t kartiohammaspy\u00f6r\u00e4t voivat siirt\u00e4\u00e4 voimaa leikkaavien akseleiden v\u00e4lill\u00e4, tyypillisesti 90 asteen kulmassa, mik\u00e4 mahdollistaa monimutkaiset mekaaniset kokoonpanot laitteissa, kuten hammasporissa tai ortopedisissa ty\u00f6kaluissa, joissa suunnanmuutokset ovat v\u00e4ltt\u00e4m\u00e4tt\u00f6mi\u00e4.<\/li>\n<\/ul>\n<h2>Tietoja FMP:st\u00e4<\/h2>\n<p>FMP on johtava italialainen hammaspy\u00f6rien ja hammastankojen valmistaja, joka on tunnettu asiantuntemuksestaan \u200b\u200bsek\u00e4 vakiokomponenttien ett\u00e4 r\u00e4\u00e4t\u00e4l\u00f6ityjen ratkaisujen valmistuksessa. Vakio-osien valikoiman lis\u00e4ksi FMP on erikoistunut valmistamaan vakio- ja erikoisvaihteita asiakkaidemme toimittamien piirustusten tai n\u00e4ytteiden perusteella. Vaihteitamme on saatavana useista materiaaleista, kuten hiiliter\u00e4ksest\u00e4, ruostumattomasta ter\u00e4ksest\u00e4, alumiinista, kuparista, messingist\u00e4 ja muovisista kierre- tai lieri\u00f6vaihteista. Jos sinulla on vaatimuksia r\u00e4\u00e4t\u00e4l\u00f6idyille hammasvaihteille, ota rohkeasti yhteytt\u00e4 s\u00e4hk\u00f6postitse. FMP:n omistautunut ammattitaitoisten insin\u00f6\u00f6rien tiimi vastaa tiedusteluusi 24 tunnin kuluessa.<\/p>\n<p><img loading=\"lazy\" decoding=\"async\" class=\"alignnone size-full wp-image-7010\" src=\"https:\/\/fmp-components.com\/wp-content\/uploads\/2025\/03\/bevel-gear-3.webp\" alt=\"kartiohammaspy\u00f6r\u00e4\" width=\"1076\" height=\"721\" title=\"\" srcset=\"https:\/\/fmp-components.com\/wp-content\/uploads\/2025\/03\/bevel-gear-3.webp 1076w, https:\/\/fmp-components.com\/wp-content\/uploads\/2025\/03\/bevel-gear-3-980x657.webp 980w, https:\/\/fmp-components.com\/wp-content\/uploads\/2025\/03\/bevel-gear-3-480x322.webp 480w\" sizes=\"(min-width: 0px) and (max-width: 480px) 480px, (min-width: 481px) and (max-width: 980px) 980px, (min-width: 981px) 1076px, 100vw\" \/><\/p>\n<\/div>\n<\/div>","protected":false},"excerpt":{"rendered":"<p>Dimension:\u03a63mm- \u03a6120mm Module: M0.25 Material Type: Metal as customer required Product Specification Medical Bevel Gear Dimension \u03a66mm Module M0.15-M2.2 Material Type Metal, Bronze, Steel, Alloy, POM, Zinc, Aluminum, Iron, Stainless, Brass, Copper Meshing Grade ISO6, JGMA 1, JIS 6, AGMA 13, DIN 6,Din5,AGMA12 Application Automotive, Military, Aircraft, Mechanical, industrial, Medical Customized ODM\/OEM Sample Sample available [&hellip;]<\/p>","protected":false},"featured_media":4347,"comment_status":"open","ping_status":"closed","template":"","meta":{"_et_pb_use_builder":"","_et_pb_old_content":"","_et_gb_content_width":""},"product_brand":[],"product_cat":[106],"product_tag":[],"class_list":{"0":"post-7005","1":"product","2":"type-product","3":"status-publish","4":"has-post-thumbnail","6":"product_cat-bevel-gears","8":"first","9":"instock","10":"shipping-taxable","11":"product-type-simple"},"_links":{"self":[{"href":"https:\/\/fmp-components.com\/fi\/wp-json\/wp\/v2\/product\/7005","targetHints":{"allow":["GET"]}}],"collection":[{"href":"https:\/\/fmp-components.com\/fi\/wp-json\/wp\/v2\/product"}],"about":[{"href":"https:\/\/fmp-components.com\/fi\/wp-json\/wp\/v2\/types\/product"}],"replies":[{"embeddable":true,"href":"https:\/\/fmp-components.com\/fi\/wp-json\/wp\/v2\/comments?post=7005"}],"wp:featuredmedia":[{"embeddable":true,"href":"https:\/\/fmp-components.com\/fi\/wp-json\/wp\/v2\/media\/4347"}],"wp:attachment":[{"href":"https:\/\/fmp-components.com\/fi\/wp-json\/wp\/v2\/media?parent=7005"}],"wp:term":[{"taxonomy":"product_brand","embeddable":true,"href":"https:\/\/fmp-components.com\/fi\/wp-json\/wp\/v2\/product_brand?post=7005"},{"taxonomy":"product_cat","embeddable":true,"href":"https:\/\/fmp-components.com\/fi\/wp-json\/wp\/v2\/product_cat?post=7005"},{"taxonomy":"product_tag","embeddable":true,"href":"https:\/\/fmp-components.com\/fi\/wp-json\/wp\/v2\/product_tag?post=7005"}],"curies":[{"name":"wp","href":"https:\/\/api.w.org\/{rel}","templated":true}]}}