{"id":6946,"date":"2025-03-13T03:46:50","date_gmt":"2025-03-13T03:46:50","guid":{"rendered":"https:\/\/fmp-components.com\/?post_type=product&#038;p=6946"},"modified":"2025-03-27T01:34:39","modified_gmt":"2025-03-27T01:34:39","slug":"sintered-metal-bevel-gears","status":"publish","type":"product","link":"https:\/\/fmp-components.com\/fi\/product\/sintered-metal-bevel-gears\/","title":{"rendered":"Sintratut metalliset kartiohammaspy\u00f6r\u00e4t"},"content":{"rendered":"<div>\n<h3>Tietoja sintratuista metallisista kartiohammaspy\u00f6rist\u00e4<\/h3>\n<p class=\"break-words\">Sintrattu metalli <a href=\"https:\/\/fmp-components.com\/fi\/bevel-gear-2\/\">kartiohammaspy\u00f6r\u00e4t<\/a> ovat tarkkuusvalmisteisia komponentteja, jotka on valmistettu sintrausprosessilla, jossa metallijauheet puristetaan ja kuumennetaan vahvojen, kest\u00e4vien, kartiomaisten hammaspy\u00f6rien muodostamiseksi. N\u00e4it\u00e4 hammaspy\u00f6ri\u00e4 k\u00e4ytet\u00e4\u00e4n laajalti eri teollisuudenaloilla niiden kyvyn ansiosta siirt\u00e4\u00e4 liikett\u00e4 ja voimaa leikkaavien akseleiden v\u00e4lill\u00e4, tyypillisesti 90 asteen kulmassa. Ne tarjoavat etuja, kuten suuren lujuuden, kulutuskest\u00e4vyyden ja kustannustehokkuuden jauhemetallurgiaprosessin ansiosta.<\/p>\n<p class=\"break-words\">FMP Companylla olemme erikoistuneet laajan valikoiman sintrattujen metallisten kartiohammaspy\u00f6rien valmistukseen erilaisiin sovellustarpeisiin. Tarjoamme my\u00f6s r\u00e4\u00e4t\u00e4l\u00f6intipalveluita, joiden avulla voimme r\u00e4\u00e4t\u00e4l\u00f6id\u00e4 tuotteemme erityistarpeisiisi. Jos et l\u00f6yd\u00e4 tarvitsemaasi mallia tuoteluettelostamme, se tarkoittaa yksinkertaisesti sit\u00e4, ettemme ole viel\u00e4 ehtineet p\u00e4ivitt\u00e4\u00e4 sit\u00e4. L\u00e4het\u00e4 meille s\u00e4hk\u00f6postia ja kerro meille haluamasi tiedot, niin insin\u00f6\u00f6rimme vastaavat 24 tunnin kuluessa auttaakseen sinua.\u00a0<img loading=\"lazy\" decoding=\"async\" class=\"alignnone size-full wp-image-6952\" src=\"https:\/\/fmp-components.com\/wp-content\/uploads\/2025\/03\/Sintered-Metal-bevel-gear-maintain.webp\" alt=\"Sintrattu metalli kartiopy\u00f6r\u00e4\" width=\"1300\" height=\"946\" title=\"\" srcset=\"https:\/\/fmp-components.com\/wp-content\/uploads\/2025\/03\/Sintered-Metal-bevel-gear-maintain.webp 1300w, https:\/\/fmp-components.com\/wp-content\/uploads\/2025\/03\/Sintered-Metal-bevel-gear-maintain-1280x931.webp 1280w, https:\/\/fmp-components.com\/wp-content\/uploads\/2025\/03\/Sintered-Metal-bevel-gear-maintain-980x713.webp 980w, https:\/\/fmp-components.com\/wp-content\/uploads\/2025\/03\/Sintered-Metal-bevel-gear-maintain-480x349.webp 480w\" sizes=\"(min-width: 0px) and (max-width: 480px) 480px, (min-width: 481px) and (max-width: 980px) 980px, (min-width: 981px) and (max-width: 1280px) 1280px, (min-width: 1281px) 1300px, 100vw\" \/><\/p>\n<h3>Tekniset tiedot<\/h3>\n<\/div>\n<table class=\"table\" border=\"1\" width=\"100%\" cellspacing=\"0\" cellpadding=\"0\">\n<tbody>\n<tr class=\"firstRow\">\n<td valign=\"center\" width=\"132\">Mallinumero<\/td>\n<td valign=\"center\" width=\"491\">M3, M4, M5, M8, M12 ja niin edelleen.<\/td>\n<\/tr>\n<tr>\n<td valign=\"center\" width=\"132\">Materiaali<\/td>\n<td valign=\"center\" width=\"491\">Messinki, C45-ter\u00e4s, ruostumaton ter\u00e4s, kupari, POM, alumiini, seos ja niin edelleen<\/td>\n<\/tr>\n<tr>\n<td valign=\"center\" width=\"132\">Pintak\u00e4sittely<\/td>\n<td valign=\"center\" width=\"491\">Sinkitty, nikkel\u00f6ity, passivointi, hapetus, anodisointi,<br \/>\nGeomet, dakromet, musta oksidi, fosfatointi, pulverimaalaus ja elektroforeesi<\/td>\n<\/tr>\n<tr>\n<td valign=\"center\" width=\"132\">Standardi<\/td>\n<td valign=\"center\" width=\"491\">ISO, DIN, ANSI, JIS, BS ja ei-standardi.<\/td>\n<\/tr>\n<tr>\n<td valign=\"center\" width=\"132\">Tarkkuus<\/td>\n<td valign=\"center\" width=\"491\">DIN6, DIN7, DIN8, DIN9.<\/td>\n<\/tr>\n<tr>\n<td valign=\"center\" width=\"132\">Hampaiden hoito<\/td>\n<td valign=\"center\" width=\"491\">Karkaistu, jyrsitty tai hiottu<\/td>\n<\/tr>\n<tr>\n<td valign=\"center\" width=\"132\">Toleranssi<\/td>\n<td valign=\"center\" width=\"491\">0,001 mm - 0,01 mm - 0,1 mm<\/td>\n<\/tr>\n<tr>\n<td valign=\"center\" width=\"132\">Valmis<\/td>\n<td valign=\"center\" width=\"491\">hiekkapuhallus, l\u00e4mp\u00f6k\u00e4sittely, hehkutus, p\u00e4\u00e4st\u00f6, kiillotus, anodisointi, sinkitys<\/td>\n<\/tr>\n<tr>\n<td valign=\"center\" width=\"132\">Pakkaukset<\/td>\n<td valign=\"center\" width=\"491\">Muovipussi + laatikot tai puiset pakkaukset<\/td>\n<\/tr>\n<tr>\n<td valign=\"center\" width=\"132\">Maksuehdot<\/td>\n<td valign=\"center\" width=\"491\">T\/T, L\/C<\/td>\n<\/tr>\n<tr>\n<td valign=\"center\" width=\"132\">Tuotannon l\u00e4pimenoaika<\/td>\n<td valign=\"center\" width=\"491\">20 arkip\u00e4iv\u00e4\u00e4 n\u00e4ytteelle, 25 p\u00e4iv\u00e4\u00e4 irtotavaralle<\/td>\n<\/tr>\n<tr>\n<td valign=\"center\" width=\"132\">N\u00e4ytteet<\/td>\n<td valign=\"center\" width=\"491\">N\u00e4ytehintaluokka $2 - $100.<br \/>\nasiakkaiden maksama esimerkki pikapyynn\u00f6st\u00e4<\/td>\n<\/tr>\n<tr>\n<td valign=\"center\" width=\"132\">Hakemus<\/td>\n<td valign=\"center\" width=\"491\">1. Automaattinen ohjauslaite<br \/>\n2. Puolijohdeteollisuus<br \/>\n3. Yleiset teollisuuskoneet<br \/>\n4. L\u00e4\u00e4kinn\u00e4lliset laitteet<br \/>\n5. Aurinkoenergialaitteet<br \/>\n6. Ty\u00f6st\u00f6kone<br \/>\n7. Pys\u00e4k\u00f6intij\u00e4rjestelm\u00e4<br \/>\n8. Suurnopeusjuna- ja lentoliikennev\u00e4lineet jne.<\/td>\n<\/tr>\n<\/tbody>\n<\/table>\n<p><img loading=\"lazy\" decoding=\"async\" class=\"alignnone wp-image-6953\" src=\"https:\/\/fmp-components.com\/wp-content\/uploads\/2025\/03\/Sintered-Metal-bevel-gear-work.webp\" alt=\"Sintrattu metalli kartiopy\u00f6r\u00e4\" width=\"772\" height=\"587\" title=\"\" srcset=\"https:\/\/fmp-components.com\/wp-content\/uploads\/2025\/03\/Sintered-Metal-bevel-gear-work.webp 772w, https:\/\/fmp-components.com\/wp-content\/uploads\/2025\/03\/Sintered-Metal-bevel-gear-work-480x365.webp 480w\" sizes=\"(min-width: 0px) and (max-width: 480px) 480px, (min-width: 481px) 772px, 100vw\" \/><\/p>","protected":false},"excerpt":{"rendered":"<p>About Sintered Metal bevel gears Sintered metal bevel gears are precision-engineered components made through a sintering process, where metal powders are compacted and heated to form strong, durable gears with a conical shape. These gears are widely used in various industries for their ability to transmit motion and power between intersecting shafts, typically at a [&hellip;]<\/p>","protected":false},"featured_media":6951,"comment_status":"open","ping_status":"closed","template":"","meta":{"_et_pb_use_builder":"","_et_pb_old_content":"","_et_gb_content_width":""},"product_brand":[],"product_cat":[106],"product_tag":[],"class_list":{"0":"post-6946","1":"product","2":"type-product","3":"status-publish","4":"has-post-thumbnail","6":"product_cat-bevel-gears","8":"first","9":"instock","10":"shipping-taxable","11":"product-type-simple"},"_links":{"self":[{"href":"https:\/\/fmp-components.com\/fi\/wp-json\/wp\/v2\/product\/6946","targetHints":{"allow":["GET"]}}],"collection":[{"href":"https:\/\/fmp-components.com\/fi\/wp-json\/wp\/v2\/product"}],"about":[{"href":"https:\/\/fmp-components.com\/fi\/wp-json\/wp\/v2\/types\/product"}],"replies":[{"embeddable":true,"href":"https:\/\/fmp-components.com\/fi\/wp-json\/wp\/v2\/comments?post=6946"}],"wp:featuredmedia":[{"embeddable":true,"href":"https:\/\/fmp-components.com\/fi\/wp-json\/wp\/v2\/media\/6951"}],"wp:attachment":[{"href":"https:\/\/fmp-components.com\/fi\/wp-json\/wp\/v2\/media?parent=6946"}],"wp:term":[{"taxonomy":"product_brand","embeddable":true,"href":"https:\/\/fmp-components.com\/fi\/wp-json\/wp\/v2\/product_brand?post=6946"},{"taxonomy":"product_cat","embeddable":true,"href":"https:\/\/fmp-components.com\/fi\/wp-json\/wp\/v2\/product_cat?post=6946"},{"taxonomy":"product_tag","embeddable":true,"href":"https:\/\/fmp-components.com\/fi\/wp-json\/wp\/v2\/product_tag?post=6946"}],"curies":[{"name":"wp","href":"https:\/\/api.w.org\/{rel}","templated":true}]}}