{"id":6943,"date":"2025-03-13T03:22:40","date_gmt":"2025-03-13T03:22:40","guid":{"rendered":"https:\/\/fmp-components.com\/?post_type=product&#038;p=6943"},"modified":"2025-03-27T01:33:31","modified_gmt":"2025-03-27T01:33:31","slug":"90-degree-bevel-gears","status":"publish","type":"product","link":"https:\/\/fmp-components.com\/fi\/product\/90-degree-bevel-gears\/","title":{"rendered":"90 asteen kartiovaihteet"},"content":{"rendered":"<div>\n<h2>Noin 90 asteen viistevaihteet<\/h2>\n<p>90 astetta <a href=\"https:\/\/fmp-components.com\/fi\/bevel-gear-2\/\">Kartiopy\u00f6r\u00e4t<\/a> ovat mahtavia osia, jotka auttavat siirt\u00e4m\u00e4\u00e4n energiaa kahden kulmassa yhdistyv\u00e4n sauvan v\u00e4lill\u00e4 muodostaen 90 asteen kulman. Niit\u00e4 l\u00f6ytyy monista asioista \u2013 kuten autoista, lentokoneista, valtavista koneista ja jopa roboteista \u2013 koska ne ovat todella hyvi\u00e4 l\u00e4hett\u00e4m\u00e4\u00e4n energiaa pienin\u00e4, varovaisina kierroksina. N\u00e4m\u00e4 hammaspy\u00f6r\u00e4t ovat kartion muotoisia ja niiss\u00e4 on erityyppisi\u00e4 hampaita: suoria, kierrettyj\u00e4 spiraalimaisia \u200b\u200btai erityinen tyyppi nimelt\u00e4 zerol. T\u00e4m\u00e4 tarkoittaa, ett\u00e4 ne voivat toimia helppoissa, hitaissa teht\u00e4viss\u00e4 tai nopeissa, vaikeissa teht\u00e4viss\u00e4, mik\u00e4 tekee niist\u00e4 eritt\u00e4in hy\u00f6dyllisi\u00e4 nykyaikaisten asioiden rakentamisessa.<\/p>\n<p>FMP Companylla voimme valmistaa kaikenlaisia \u200b\u200b90 asteen kartiohammaspy\u00f6ri\u00e4, kuten suoria, kierrehammaspy\u00f6ri\u00e4 ja jopa laatikoissa toimitettavia sarjoja, kaikki todella vahvoina ja hyvin tehtyin\u00e4. Voimme my\u00f6s tehd\u00e4 ne juuri haluamallasi tavalla, t\u00e4ydellisell\u00e4 hammasm\u00e4\u00e4r\u00e4ll\u00e4, oikeilla materiaaleilla (kuten metallia tai muovia) ja tarvitsemallasi koolla. Jos et l\u00f6yd\u00e4 haluamaasi hammaspy\u00f6r\u00e4\u00e4 listaltamme, \u00e4l\u00e4 huoli \u2013 se tarkoittaa vain, ettemme ole viel\u00e4 lis\u00e4nneet sit\u00e4. L\u00e4het\u00e4 meille vain s\u00e4hk\u00f6postia ja kerro, mit\u00e4 tarvitset, niin insin\u00f6\u00f6rimme vastaavat 24 tunnin kuluessa loistavalla ratkaisulla projektiisi!<\/p>\n<table style=\"width: 100%;\" border=\"0\" width=\"100%\" cellspacing=\"0\" cellpadding=\"0\">\n<tbody>\n<tr style=\"height: 14.40pt;\">\n<td style=\"height: 14.4pt; width: 50.6281%;\" align=\"right\" width=\"80\" height=\"24\"><img loading=\"lazy\" decoding=\"async\" class=\"alignnone wp-image-6949\" src=\"https:\/\/fmp-components.com\/wp-content\/uploads\/2025\/03\/90-degree-bevel-gears-maintain.webp\" alt=\"90 asteen kartiovaihteiden huolto\" width=\"413\" height=\"413\" title=\"\"><\/td>\n<td style=\"width: 49.2462%;\" align=\"right\" width=\"154\"><img loading=\"lazy\" decoding=\"async\" class=\"alignnone wp-image-6950\" src=\"https:\/\/fmp-components.com\/wp-content\/uploads\/2025\/03\/90-degree-bevel-gears-advantages.webp\" alt=\"90 asteen kartiohammaspy\u00f6r\u00e4t\" width=\"392\" height=\"392\" title=\"\"><\/td>\n<\/tr>\n<\/tbody>\n<\/table>\n<\/div>\n<h3>1. Vakiosuora kartiopy\u00f6r\u00e4 \u2013 malli A<\/h3>\n<table style=\"width: 100%;\" border=\"1\" width=\"100%\" cellspacing=\"0\" cellpadding=\"0\">\n<tbody>\n<tr style=\"height: 57.60pt;\">\n<td class=\"et2\" style=\"height: 57.60pt; width: 106.80pt;\" width=\"178\" height=\"96\"><strong>Mallin nimi<\/strong><\/td>\n<td class=\"et2\" style=\"width: 49.80pt;\" width=\"83\"><strong>Moduuli<\/strong><\/td>\n<td class=\"et2\" style=\"width: 48.00pt;\" width=\"80\"><strong>Hampaiden m\u00e4\u00e4r\u00e4<\/strong><\/td>\n<td class=\"et2\" style=\"width: 92.40pt;\" width=\"154\"><strong>Suhde<\/strong><\/td>\n<td class=\"et2\" style=\"width: 48.00pt;\" width=\"80\"><strong>Akselin rei\u00e4n halkaisija<\/strong><\/td>\n<td class=\"et2\" style=\"width: 91.80pt;\" width=\"153\"><strong>Materiaali<\/strong><\/td>\n<td class=\"et2\" style=\"width: 48.00pt;\" width=\"80\"><strong>Painekulma<\/strong><\/td>\n<td class=\"et2\" style=\"width: 86.40pt;\" width=\"144\"><strong>Ulkohalkaisija<\/strong><\/td>\n<td class=\"et2\" style=\"width: 115.20pt;\" width=\"192\"><strong>Hampaan pinnan kovuus<\/strong><\/td>\n<td class=\"et2\" style=\"width: 60.60pt;\" width=\"101\"><strong>Maksiminopeus<\/strong><\/td>\n<td class=\"et2\" style=\"width: 108.60pt;\" width=\"181\"><strong>Hakemus<\/strong><\/td>\n<\/tr>\n<tr style=\"height: 14.40pt;\">\n<td style=\"height: 14.40pt;\" height=\"24\">Suora kartiopy\u00f6r\u00e4 A<\/td>\n<td align=\"right\">1<\/td>\n<td align=\"right\">20<\/td>\n<td>1:1 (jiirivaihde)<\/td>\n<td>10 mm<\/td>\n<td>45# hiiliter\u00e4s<\/td>\n<td>20\u00b0<\/td>\n<td>22 mm<\/td>\n<td>Karkaistu (HRC 40-45)<\/td>\n<td>1000 kierrosta minuutissa<\/td>\n<td>Hidasnopeuskoneet<\/td>\n<\/tr>\n<\/tbody>\n<\/table>\n<h3>2. Vakiosuora kartiopy\u00f6r\u00e4 \u2013 malli B<\/h3>\n<table style=\"width: 100%;\" border=\"1\" width=\"100%\" cellspacing=\"0\" cellpadding=\"0\">\n<tbody>\n<tr style=\"height: 57.60pt;\">\n<td class=\"et2\" style=\"height: 57.60pt; width: 106.80pt;\" width=\"178\" height=\"96\"><strong>Mallin nimi<\/strong><\/td>\n<td class=\"et2\" style=\"width: 49.80pt;\" width=\"83\"><strong>Moduuli<\/strong><\/td>\n<td class=\"et2\" style=\"width: 48.00pt;\" width=\"80\"><strong>Hampaiden m\u00e4\u00e4r\u00e4<\/strong><\/td>\n<td class=\"et2\" style=\"width: 92.40pt;\" width=\"154\"><strong>Suhde<\/strong><\/td>\n<td class=\"et2\" style=\"width: 48.00pt;\" width=\"80\"><strong>Akselin rei\u00e4n halkaisija<\/strong><\/td>\n<td class=\"et2\" style=\"width: 91.80pt;\" width=\"153\"><strong>Materiaali<\/strong><\/td>\n<td class=\"et2\" style=\"width: 48.00pt;\" width=\"80\"><strong>Painekulma<\/strong><\/td>\n<td class=\"et2\" style=\"width: 86.40pt;\" width=\"144\"><strong>Ulkohalkaisija<\/strong><\/td>\n<td class=\"et2\" style=\"width: 115.20pt;\" width=\"192\"><strong>Hampaan pinnan kovuus<\/strong><\/td>\n<td class=\"et2\" style=\"width: 60.60pt;\" width=\"101\"><strong>Maksiminopeus<\/strong><\/td>\n<td class=\"et2\" style=\"width: 108.60pt;\" width=\"181\"><strong>Hakemus<\/strong><\/td>\n<\/tr>\n<tr style=\"height: 14.40pt;\">\n<td style=\"height: 14.40pt;\" height=\"24\">Suora kartiohammaspy\u00f6r\u00e4 B<\/td>\n<td align=\"right\">2<\/td>\n<td align=\"right\">30<\/td>\n<td class=\"et3\" align=\"right\">2:01<\/td>\n<td>14 mm<\/td>\n<td>Ruostumaton ter\u00e4s<\/td>\n<td>20\u00b0<\/td>\n<td>64 mm<\/td>\n<td>Karkaistu (HRC 45-50)<\/td>\n<td>800 kierrosta minuutissa<\/td>\n<td>Keskiraskaat vaihteistot<\/td>\n<\/tr>\n<\/tbody>\n<\/table>\n<h3>3. Spiraalikartiopy\u00f6r\u00e4 \u2013 Malli C<\/h3>\n<table style=\"width: 100%;\" border=\"1\" width=\"100%\" cellspacing=\"0\" cellpadding=\"0\">\n<thead class=\"border-b border-primary\/20\">\n<tr class=\"border-primary\/10\">\n<th class=\"break-words\">Mallin nimi<\/th>\n<th class=\"break-words\">Moduuli<\/th>\n<th class=\"break-words\">Hampaiden m\u00e4\u00e4r\u00e4<\/th>\n<th class=\"break-words\">Suhde<\/th>\n<th class=\"break-words\">Akselin rei\u00e4n halkaisija<\/th>\n<th class=\"break-words\">Materiaali<\/th>\n<th class=\"break-words\">Painekulma<\/th>\n<th class=\"break-words\">Ulkohalkaisija<\/th>\n<th class=\"break-words\">Hampaan pinnan kovuus<\/th>\n<th class=\"break-words\">Takaisku<\/th>\n<th class=\"break-words\">Maksiminopeus<\/th>\n<th class=\"break-words\">Hakemus<\/th>\n<\/tr>\n<\/thead>\n<tbody>\n<tr class=\"border-primary\/10\">\n<td class=\"break-words\">Spiraalikartiopy\u00f6r\u00e4 C<\/td>\n<td class=\"break-words\">1.5<\/td>\n<td class=\"break-words\">25<\/td>\n<td class=\"break-words\">1:1<\/td>\n<td class=\"break-words\">12 mm<\/td>\n<td class=\"break-words\">Hiiletetty ter\u00e4s<\/td>\n<td class=\"break-words\">20\u00b0<\/td>\n<td class=\"break-words\">40 mm<\/td>\n<td class=\"break-words\">Karkaistu (HRC 50-55)<\/td>\n<td class=\"break-words\">5\u201310 kaariminuuttia<\/td>\n<td class=\"break-words\">2000 kierrosta minuutissa<\/td>\n<td class=\"break-words\">Nopea robotiikka<\/td>\n<\/tr>\n<\/tbody>\n<\/table>\n<h4>4. Spiraalikartiopy\u00f6r\u00e4 \u2013 Malli D<\/h4>\n<table style=\"width: 100%;\" border=\"1\" width=\"100%\" cellspacing=\"0\" cellpadding=\"0\">\n<tbody>\n<tr style=\"height: 57.60pt;\">\n<td class=\"et2\" style=\"height: 57.60pt; width: 106.80pt;\" width=\"178\" height=\"96\"><strong>Mallin nimi<\/strong><\/td>\n<td class=\"et2\" style=\"width: 49.80pt;\" width=\"83\"><strong>Moduuli<\/strong><\/td>\n<td class=\"et2\" style=\"width: 48.00pt;\" width=\"80\"><strong>Hampaiden m\u00e4\u00e4r\u00e4<\/strong><\/td>\n<td class=\"et2\" style=\"width: 92.40pt;\" width=\"154\"><strong>Suhde<\/strong><\/td>\n<td class=\"et2\" style=\"width: 48.00pt;\" width=\"80\"><strong>Akselin rei\u00e4n halkaisija<\/strong><\/td>\n<td class=\"et2\" style=\"width: 91.80pt;\" width=\"153\"><strong>Materiaali<\/strong><\/td>\n<td class=\"et2\" style=\"width: 48.00pt;\" width=\"80\"><strong>Painekulma<\/strong><\/td>\n<td class=\"et2\" style=\"width: 86.40pt;\" width=\"144\"><strong>Ulkohalkaisija<\/strong><\/td>\n<td class=\"et2\" style=\"width: 115.20pt;\" width=\"192\"><strong>Hampaan pinnan kovuus<\/strong><\/td>\n<td class=\"et2\" style=\"width: 60.60pt;\" width=\"101\"><strong>Takaisku<\/strong><\/td>\n<td class=\"et2\" style=\"width: 108.60pt;\" width=\"181\"><strong>Maksiminopeus<\/strong><\/td>\n<td class=\"et2\" style=\"width: 48.00pt;\" width=\"80\"><strong>Hakemus<\/strong><\/td>\n<\/tr>\n<tr style=\"height: 14.40pt;\">\n<td style=\"height: 14.40pt;\" height=\"24\">Spiraalikartiopy\u00f6r\u00e4 D<\/td>\n<td align=\"right\">3<\/td>\n<td align=\"right\">40<\/td>\n<td>1.5:1<\/td>\n<td>16 mm<\/td>\n<td>Karkaistu ter\u00e4s<\/td>\n<td>20\u00b0<\/td>\n<td>126 mm<\/td>\n<td>Karkaistu (HRC 55-60)<\/td>\n<td>3\u20138 kaariminuuttia<\/td>\n<td>1500 kierrosta minuutissa<\/td>\n<td>Raskaat koneet<\/td>\n<\/tr>\n<\/tbody>\n<\/table>\n<h3>5. 90 asteen kartiokulmavaihteisto \u2013 malli E (yksi ulostulo)<\/h3>\n<table style=\"width: 100%; height: 57px;\" border=\"1\" width=\"100%\" cellspacing=\"0\" cellpadding=\"0\">\n<tbody>\n<tr style=\"height: 43.20pt;\">\n<td class=\"et2\" style=\"height: 43px; width: 106.8pt;\" width=\"178\" height=\"72\"><strong>Mallin nimi<\/strong><\/td>\n<td class=\"et2\" style=\"width: 49.8pt; height: 43px;\" width=\"83\"><strong>Tyyppi<\/strong><\/td>\n<td class=\"et2\" style=\"width: 48pt; height: 43px;\" width=\"80\"><strong>Moduuli<\/strong><\/td>\n<td class=\"et2\" style=\"width: 92.4pt; height: 43px;\" width=\"154\"><strong>Hampaiden m\u00e4\u00e4r\u00e4<\/strong><\/td>\n<td class=\"et2\" style=\"width: 48pt; height: 43px;\" width=\"80\"><strong>Suhde<\/strong><\/td>\n<td class=\"et2\" style=\"width: 91.8pt; height: 43px;\" width=\"153\"><strong>Akselin halkaisija<\/strong><\/td>\n<td class=\"et2\" style=\"width: 48pt; height: 43px;\" width=\"80\"><strong>Kotelon materiaali<\/strong><\/td>\n<td class=\"et2\" style=\"width: 86.4pt; height: 43px;\" width=\"144\"><strong>Nimellinen l\u00e4ht\u00f6momentti<\/strong><\/td>\n<td class=\"et2\" style=\"width: 115.2pt; height: 43px;\" width=\"192\"><strong>Maksiminopeus<\/strong><\/td>\n<td class=\"et2\" style=\"width: 60.6pt; height: 43px;\" width=\"101\"><strong>Suojausluokitus<\/strong><\/td>\n<td class=\"et2\" style=\"width: 108.6pt; height: 43px;\" width=\"181\"><strong>Paino<\/strong><\/td>\n<td class=\"et2\" style=\"width: 48pt; height: 43px;\" width=\"80\"><strong>Hakemus<\/strong><\/td>\n<\/tr>\n<tr style=\"height: 14.40pt;\">\n<td style=\"height: 14px;\" height=\"24\">Kartiovaihteisto E<\/td>\n<td style=\"height: 14px;\">Yksitt\u00e4inen l\u00e4ht\u00f6akseli<\/td>\n<td style=\"height: 14px;\" align=\"right\">1<\/td>\n<td style=\"height: 14px;\" align=\"right\">20<\/td>\n<td class=\"et3\" style=\"height: 14px;\" align=\"right\">1:01<\/td>\n<td style=\"height: 14px;\">8 mm<\/td>\n<td style=\"height: 14px;\">Valettu alumiini<\/td>\n<td style=\"height: 14px;\">50 Nm<\/td>\n<td style=\"height: 14px;\">1800 kierrosta minuutissa<\/td>\n<td style=\"height: 14px;\">IP65-suojaus<\/td>\n<td style=\"height: 14px;\">0,8 kg<\/td>\n<td style=\"height: 14px;\">Tee-se-itse-mekaaniset projektit<\/td>\n<\/tr>\n<\/tbody>\n<\/table>\n<h3>6. 90 asteen kartiokulmavaihteisto \u2013 malli F (kaksoisl\u00e4ht\u00f6)<\/h3>\n<table style=\"width: 100%;\" border=\"1\" width=\"100%\" cellspacing=\"0\" cellpadding=\"0\">\n<thead class=\"border-b border-primary\/20\">\n<tr class=\"border-primary\/10\">\n<th class=\"break-words\">Mallin nimi<\/th>\n<th class=\"break-words\">Tyyppi<\/th>\n<th class=\"break-words\">Moduuli<\/th>\n<th class=\"break-words\">Hampaiden m\u00e4\u00e4r\u00e4<\/th>\n<th class=\"break-words\">Suhde<\/th>\n<th class=\"break-words\">Akselin halkaisija<\/th>\n<th class=\"break-words\">Kotelon materiaali<\/th>\n<th class=\"break-words\">Nimellinen l\u00e4ht\u00f6momentti<\/th>\n<th class=\"break-words\">Maksiminopeus<\/th>\n<th class=\"break-words\">Suojausluokitus<\/th>\n<th class=\"break-words\">Paino<\/th>\n<th class=\"break-words\">Hakemus<\/th>\n<\/tr>\n<\/thead>\n<tbody>\n<tr class=\"border-primary\/10\">\n<td class=\"break-words\">Kartiovaihteisto F<\/td>\n<td class=\"break-words\">Kaksinkertainen ulostuloakseli<\/td>\n<td class=\"break-words\">2<\/td>\n<td class=\"break-words\">30<\/td>\n<td class=\"break-words\">2:1<\/td>\n<td class=\"break-words\">12 mm<\/td>\n<td class=\"break-words\">Nikkel\u00f6ity alumiini<\/td>\n<td class=\"break-words\">120 Nm<\/td>\n<td class=\"break-words\">1200 kierrosta minuutissa<\/td>\n<td class=\"break-words\">IP67<\/td>\n<td class=\"break-words\">1,5 kg<\/td>\n<td class=\"break-words\">Teollisuuskuljettimet<\/td>\n<\/tr>\n<\/tbody>\n<\/table>\n<h3>7. Vakiosuora kartiopy\u00f6r\u00e4 \u2013 malli G<\/h3>\n<table style=\"width: 100%;\" border=\"1\" width=\"100%\" cellspacing=\"0\" cellpadding=\"0\">\n<thead class=\"border-b border-primary\/20\">\n<tr class=\"border-primary\/10\">\n<th class=\"break-words\">Mallin nimi<\/th>\n<th class=\"break-words\">Moduuli<\/th>\n<th class=\"break-words\">Hampaiden m\u00e4\u00e4r\u00e4<\/th>\n<th class=\"break-words\">Suhde<\/th>\n<th class=\"break-words\">Akselin rei\u00e4n halkaisija<\/th>\n<th class=\"break-words\">Materiaali<\/th>\n<th class=\"break-words\">Painekulma<\/th>\n<th class=\"break-words\">Ulkohalkaisija<\/th>\n<th class=\"break-words\">Hampaan pinnan kovuus<\/th>\n<th class=\"break-words\">Maksiminopeus<\/th>\n<th class=\"break-words\">Hakemus<\/th>\n<\/tr>\n<\/thead>\n<tbody>\n<tr class=\"border-primary\/10\">\n<td class=\"break-words\">Suora kartiohammaspy\u00f6r\u00e4 G<\/td>\n<td class=\"break-words\">2.5<\/td>\n<td class=\"break-words\">16<\/td>\n<td class=\"break-words\">1:1 (jiirivaihde)<\/td>\n<td class=\"break-words\">12 mm<\/td>\n<td class=\"break-words\">Alumiini<\/td>\n<td class=\"break-words\">14,5\u00b0<\/td>\n<td class=\"break-words\">42 mm<\/td>\n<td class=\"break-words\">Karkaisematon<\/td>\n<td class=\"break-words\">900 kierrosta minuutissa<\/td>\n<td class=\"break-words\">Kevyet j\u00e4rjestelm\u00e4t<\/td>\n<\/tr>\n<\/tbody>\n<\/table>\n<h3>8. Spiraalikartiopy\u00f6r\u00e4 \u2013 Malli H<\/h3>\n<table style=\"width: 100%;\" border=\"1\" width=\"100%\" cellspacing=\"0\" cellpadding=\"0\">\n<tbody>\n<tr style=\"height: 57.60pt;\">\n<td class=\"et2\" style=\"height: 57.60pt; width: 106.80pt;\" width=\"178\" height=\"96\"><strong>Mallin nimi<\/strong><\/td>\n<td class=\"et2\" style=\"width: 49.80pt;\" width=\"83\"><strong>Moduuli<\/strong><\/td>\n<td class=\"et2\" style=\"width: 48.00pt;\" width=\"80\"><strong>Hampaiden m\u00e4\u00e4r\u00e4<\/strong><\/td>\n<td class=\"et2\" style=\"width: 92.40pt;\" width=\"154\"><strong>Suhde<\/strong><\/td>\n<td class=\"et2\" style=\"width: 48.00pt;\" width=\"80\"><strong>Akselin rei\u00e4n halkaisija<\/strong><\/td>\n<td class=\"et2\" style=\"width: 91.80pt;\" width=\"153\"><strong>Materiaali<\/strong><\/td>\n<td class=\"et2\" style=\"width: 48.00pt;\" width=\"80\"><strong>Painekulma<\/strong><\/td>\n<td class=\"et2\" style=\"width: 86.40pt;\" width=\"144\"><strong>Ulkohalkaisija<\/strong><\/td>\n<td class=\"et2\" style=\"width: 115.20pt;\" width=\"192\"><strong>Hampaan pinnan kovuus<\/strong><\/td>\n<td class=\"et2\" style=\"width: 60.60pt;\" width=\"101\"><strong>Takaisku<\/strong><\/td>\n<td class=\"et2\" style=\"width: 108.60pt;\" width=\"181\"><strong>Maksiminopeus<\/strong><\/td>\n<td class=\"et2\" style=\"width: 48.00pt;\" width=\"80\"><strong>Hakemus<\/strong><\/td>\n<\/tr>\n<tr style=\"height: 14.40pt;\">\n<td style=\"height: 14.40pt;\" height=\"24\">Spiraalikartiopy\u00f6r\u00e4 H<\/td>\n<td align=\"right\">2.5<\/td>\n<td align=\"right\">35<\/td>\n<td class=\"et3\" align=\"right\">2:01<\/td>\n<td>14 mm<\/td>\n<td>Hiiletetty ter\u00e4s<\/td>\n<td>20\u00b0<\/td>\n<td>90 mm<\/td>\n<td>Karkaistu (HRC 50-55)<\/td>\n<td>4\u201312 kaariminuuttia<\/td>\n<td>1800 kierrosta minuutissa<\/td>\n<td>Autojen tasauspy\u00f6r\u00e4st\u00f6t<\/td>\n<\/tr>\n<\/tbody>\n<\/table>\n<div>\n<h3>90 asteen kartiovaihteiden ominaisuudet<\/h3>\n<p class=\"break-words\">90 asteen kartiopy\u00f6r\u00e4t ovat kartion muotoisia erikoispy\u00f6ri\u00e4, jotka siirt\u00e4v\u00e4t voimaa kahden 90 asteen kulmassa, kuten kulmassa, kohtaavan akselin v\u00e4lill\u00e4. Niit\u00e4 l\u00f6ytyy autoista, lentokoneista ja koneista. On olemassa kahdenlaisia \u200b\u200bp\u00e4\u00e4tyyppej\u00e4: suorissa kartiopy\u00f6r\u00e4iss\u00e4 on yksinkertaiset, suorat hampaat ja ne sopivat hyvin hitaampiin laitteisiin, kuten painokoneisiin, mutta niit\u00e4 ei voida kiillottaa sen j\u00e4lkeen, kun ne on tehty lujiksi l\u00e4mm\u00f6ll\u00e4. Spiraalikartiopy\u00f6r\u00e4iss\u00e4 on kaarevat hampaat, jotka kiertyv\u00e4t, mik\u00e4 tekee niist\u00e4 hiljaisempia ja parempia nopeisiin tai raskaisiin t\u00f6ihin, kuten auton moottoreissa. Ne voidaan kiillottaa eritt\u00e4in tarkkoiksi. N\u00e4m\u00e4 py\u00f6r\u00e4t voidaan valmistaa vahvasta materiaalista, kuten ter\u00e4ksest\u00e4 tai jopa muovista. Spiraalipy\u00f6r\u00e4t ovat hankalampia valmistaa, mutta ne ovat kest\u00e4vi\u00e4 ja niist\u00e4 on tulossa yh\u00e4 suositumpia, koska ne ovat niin hyvi\u00e4 ty\u00f6ss\u00e4\u00e4n!<\/p>\n<\/div>","protected":false},"excerpt":{"rendered":"<p>About 90 Degree Bevel Gears 90 Degree Bevel Gears are awesome parts that help pass energy between two rods that connect at a corner, making a 90-degree angle. You can find them in lots of things\u2014like cars, planes, huge machines, and even robots\u2014because they\u2019re really good at sending energy in small, careful twists. These gears [&hellip;]<\/p>","protected":false},"featured_media":6944,"comment_status":"open","ping_status":"closed","template":"","meta":{"_et_pb_use_builder":"","_et_pb_old_content":"","_et_gb_content_width":""},"product_brand":[],"product_cat":[91,106],"product_tag":[],"class_list":{"0":"post-6943","1":"product","2":"type-product","3":"status-publish","4":"has-post-thumbnail","6":"product_cat-gear-racks","7":"product_cat-bevel-gears","9":"first","10":"instock","11":"shipping-taxable","12":"product-type-simple"},"_links":{"self":[{"href":"https:\/\/fmp-components.com\/fi\/wp-json\/wp\/v2\/product\/6943","targetHints":{"allow":["GET"]}}],"collection":[{"href":"https:\/\/fmp-components.com\/fi\/wp-json\/wp\/v2\/product"}],"about":[{"href":"https:\/\/fmp-components.com\/fi\/wp-json\/wp\/v2\/types\/product"}],"replies":[{"embeddable":true,"href":"https:\/\/fmp-components.com\/fi\/wp-json\/wp\/v2\/comments?post=6943"}],"wp:featuredmedia":[{"embeddable":true,"href":"https:\/\/fmp-components.com\/fi\/wp-json\/wp\/v2\/media\/6944"}],"wp:attachment":[{"href":"https:\/\/fmp-components.com\/fi\/wp-json\/wp\/v2\/media?parent=6943"}],"wp:term":[{"taxonomy":"product_brand","embeddable":true,"href":"https:\/\/fmp-components.com\/fi\/wp-json\/wp\/v2\/product_brand?post=6943"},{"taxonomy":"product_cat","embeddable":true,"href":"https:\/\/fmp-components.com\/fi\/wp-json\/wp\/v2\/product_cat?post=6943"},{"taxonomy":"product_tag","embeddable":true,"href":"https:\/\/fmp-components.com\/fi\/wp-json\/wp\/v2\/product_tag?post=6943"}],"curies":[{"name":"wp","href":"https:\/\/api.w.org\/{rel}","templated":true}]}}