{"id":6652,"date":"2025-03-11T06:36:21","date_gmt":"2025-03-11T06:36:21","guid":{"rendered":"https:\/\/fmp-components.com\/product\/professional-long-stroke-double-acting-small-dump-truck-multistage-hydraulic-cylinder"},"modified":"2025-03-12T08:24:10","modified_gmt":"2025-03-12T08:24:10","slug":"professional-long-stroke-double-acting-small-dump-truck-multistage-hydraulic-cylinder","status":"publish","type":"product","link":"https:\/\/fmp-components.com\/fi\/product\/professional-long-stroke-double-acting-small-dump-truck-multistage-hydraulic-cylinder\/","title":{"rendered":"Ammattimainen pitk\u00e4iskuinen kaksitoiminen pieni kippiauton monivaiheinen hydraulisylinteri"},"content":{"rendered":"<h2>Ammattimainen pitk\u00e4iskuinen kaksitoiminen pieni kippiauton monivaiheinen hydraulisylinteri<\/h2>\n<p>Ammattimainen pitk\u00e4iskuinen kaksitoiminen pienten kippiautojen monivaiheinen hydraulisylinterimme on uusi tuote, jolla on yhden vuoden takuu. Se on suunniteltu k\u00e4ytett\u00e4v\u00e4ksi useilla eri teollisuudenaloilla, kuten konepajoissa, maatiloilla, energia- ja kaivosteollisuudessa, konevalmistuksessa ja konetehtaissa. Se on valmistettu kest\u00e4v\u00e4st\u00e4 ter\u00e4ksest\u00e4 ja tarjoaa enint\u00e4\u00e4n 3000 tonnin ty\u00f6nt\u00f6voiman ja enint\u00e4\u00e4n 20 tonnin vetokyvyn. Se on saatavana vakiov\u00e4risen\u00e4 mustana ja sill\u00e4 on ISO9001:2000-sertifiointi.<\/p>\n<h2>Tuotteen tekniset tiedot<\/h2>\n<table style=\"width: 96.0953%;\" border=\"\">\n<tbody>\n<tr>\n<td style=\"width: 43.5028%;\"><strong>Rei\u00e4n koko<\/strong><\/td>\n<td style=\"width: 464.407%;\">2\u20136 tuumaa<\/td>\n<\/tr>\n<tr>\n<td style=\"width: 43.5028%;\"><strong>Tangon koko<\/strong><\/td>\n<td style=\"width: 464.407%;\">1,125\u20134 tuumaa<\/td>\n<\/tr>\n<tr>\n<td style=\"width: 43.5028%;\"><strong>Iskun koko<\/strong><\/td>\n<td style=\"width: 464.407%;\">4\u2013100 tuumaa<\/td>\n<\/tr>\n<tr>\n<td style=\"width: 43.5028%;\"><strong>Tapin koko<\/strong><\/td>\n<td style=\"width: 464.407%;\">0,5\u20132 tuumaa<\/td>\n<\/tr>\n<tr>\n<td style=\"width: 43.5028%;\"><strong>Portit<\/strong><\/td>\n<td style=\"width: 464.407%;\">G\/SAE\/NPT\/M<\/td>\n<\/tr>\n<\/tbody>\n<\/table>\n<h2>Ainutlaatuiset ominaisuudet ja edut<\/h2>\n<ul>\n<li>Energiatehokas<\/li>\n<li>Eritt\u00e4in tehokas<\/li>\n<li>Turvallinen k\u00e4ytt\u00e4\u00e4<\/li>\n<\/ul>\n<h2>Toimintaperiaate ja sovellukset<\/h2>\n<p>Hydraulisylinteri toimii perusperiaatteella, jossa hydraulinen energia muunnetaan mekaaniseksi liikkeeksi paineen avulla. T\u00e4m\u00e4 prosessi alkaa, kun hydraulineste paineistetaan, tyypillisesti hydraulipumpulla. Paineistettu neste johdetaan sitten sylinteriin, jossa se kohdistaa voimaa sylinterin sis\u00e4ll\u00e4 olevaan m\u00e4nt\u00e4\u00e4n. Kun neste saapuu sylinteriin, se ty\u00f6nt\u00e4\u00e4 m\u00e4nt\u00e4\u00e4, jolloin se liikkuu lineaariseen suuntaan. T\u00e4t\u00e4 liikett\u00e4 voidaan hy\u00f6dynt\u00e4\u00e4 erilaisten mekaanisten teht\u00e4vien suorittamiseen, kuten raskaiden kuormien nostamiseen, ty\u00f6nt\u00e4miseen tai vet\u00e4miseen.<\/p>\n<p>Hydraulisylinterien tehokkuus perustuu niiden kykyyn siirt\u00e4\u00e4 voimaa pitkin matkoja ilman merkitt\u00e4v\u00e4\u00e4 energiah\u00e4vi\u00f6t\u00e4. Hydraulinesteen kokoonpuristumattomuus mahdollistaa liikkeen tarkan hallinnan, jolloin k\u00e4ytt\u00e4j\u00e4t voivat s\u00e4\u00e4t\u00e4\u00e4 m\u00e4nn\u00e4n nopeutta ja asentoa huomattavan tarkasti. T\u00e4m\u00e4 ominaisuus tekee hydraulij\u00e4rjestelmist\u00e4 monipuolisia ja luotettavia monissa sovelluksissa, joissa tarvitaan suurta voimaa kompaktissa muodossa.<\/p>\n<p><img loading=\"lazy\" decoding=\"async\" class=\"alignnone  wp-image-6659\" src=\"https:\/\/fmp-components.com\/wp-content\/uploads\/2025\/03\/telescopic-hydraulic-cylinder-12.webp\" alt=\"teleskooppinen hydraulisylinteri\" width=\"926\" height=\"926\" title=\"\" srcset=\"https:\/\/fmp-components.com\/wp-content\/uploads\/2025\/03\/telescopic-hydraulic-cylinder-12.webp 926w, https:\/\/fmp-components.com\/wp-content\/uploads\/2025\/03\/telescopic-hydraulic-cylinder-12-480x480.webp 480w\" sizes=\"(min-width: 0px) and (max-width: 480px) 480px, (min-width: 481px) 926px, 100vw\" \/><\/p>\n<h2>Sovellukset<\/h2>\n<p>Hydraulisylintereit\u00e4 k\u00e4ytet\u00e4\u00e4n monilla eri teollisuudenaloilla ja sovelluksissa, mik\u00e4 osoittaa niiden monipuolisuuden ja tehokkuuden:<\/p>\n<ul>\n<li><strong>Kippiautot:<\/strong> Kuljetusalalla hydraulisylinterit ovat v\u00e4ltt\u00e4m\u00e4tt\u00f6mi\u00e4 kippiautojen toiminnassa. Ne mahdollistavat kippimekanismin, jonka avulla kuorma-auton lavaa voidaan nostaa ja kallistaa, mik\u00e4 mahdollistaa materiaalien, kuten maan, soran ja roskien, tehokkaan purkamisen.<\/li>\n<li><strong>Koneiden valmistus:<\/strong> Tuotantoymp\u00e4rist\u00f6iss\u00e4 hydraulisylintereill\u00e4 on ratkaiseva rooli koneiden kokoonpanossa ja k\u00e4yt\u00f6ss\u00e4. Niit\u00e4 k\u00e4ytet\u00e4\u00e4n esimerkiksi metalliosien puristamiseen, raskaiden komponenttien nostamiseen ja kokoonpanolinjojen automatisoitujen prosessien edellytt\u00e4m\u00e4n voiman tuottamiseen.<\/li>\n<li><strong>Rakentaminen:<\/strong> Hydraulisylinterit ovat olennainen osa erilaisia \u200b\u200brakennuslaitteita, kuten kaivinkoneita, traktorikaivureita ja puskutraktoreita. Ne tarjoavat tarvittavan voiman raskaiden materiaalien kaivamiseen, nostamiseen ja siirt\u00e4miseen, mik\u00e4 tekee niist\u00e4 v\u00e4ltt\u00e4m\u00e4tt\u00f6mi\u00e4 rakennusty\u00f6mailla.<\/li>\n<li><strong>Maatalouskoneet:<\/strong> Maataloudessa hydraulisylintereit\u00e4 k\u00e4ytet\u00e4\u00e4n traktoreissa, auroissa ja puimureissa. Ne auttavat esimerkiksi ty\u00f6koneiden nostamisessa ja laskemisessa, mik\u00e4 parantaa maataloustoiminnan tehokkuutta ja vaikuttavuutta.<\/li>\n<li><strong>Kaivosteollisuus:<\/strong> Hydraulisylintereit\u00e4 k\u00e4ytet\u00e4\u00e4n kaivoskoneissa poraukseen, louhintaan ja materiaalink\u00e4sittelyyn. Niiden kest\u00e4v\u00e4 rakenne mahdollistaa niiden luotettavan toiminnan ankarissa olosuhteissa, joissa suuri voima ja kest\u00e4vyys ovat ratkaisevan t\u00e4rkeit\u00e4.<\/li>\n<li><strong>Materiaalink\u00e4sittely:<\/strong> Varastoissa ja jakelukeskuksissa hydraulisylintereit\u00e4 k\u00e4ytet\u00e4\u00e4n trukeissa ja nostop\u00f6ydiss\u00e4 raskaiden kuormien siirt\u00e4miseen ja sijoittamiseen, mik\u00e4 parantaa toiminnan tehokkuutta ja ty\u00f6ntekij\u00f6iden turvallisuutta.<\/li>\n<\/ul>\n<p>Hydraulisylinterien laaja k\u00e4ytt\u00f6 n\u00e4iss\u00e4 monipuolisissa sovelluksissa korostaa niiden merkityst\u00e4 nykyaikaisissa konepaja- ja teollisuusprosesseissa. Niiden kyky tuottaa tehokasta ja hallittua liikett\u00e4 tekee niist\u00e4 elint\u00e4rkeit\u00e4 ty\u00f6kaluja monilla aloilla, edist\u00e4en tuottavuutta ja innovaatioita.<\/p>\n<h3>Tietoja FMP:st\u00e4<\/h3>\n<p>FMP on johtava italialainen valmistaja, joka tunnetaan asiantuntemuksestaan \u200b\u200bkorkealaatuisten hydraulisylintereiden suunnittelussa, kehitt\u00e4misess\u00e4 ja tuotannossa. Vuosikymmenten kokemuksella alalta yhdist\u00e4mme saumattomasti perinteisen italialaisen k\u00e4sity\u00f6taidon huipputeknologiaan toimittaaksemme erinomaisia \u200b\u200bhydraulisia ratkaisuja, jotka on r\u00e4\u00e4t\u00e4l\u00f6ity globaalien asiakkaidemme monimuotoisiin tarpeisiin. Italiassa, insin\u00f6\u00f6ritaidon huippuosaamisen keskuksessa, sijaitseva FMP on vakiinnuttanut asemansa luotettavana nimen\u00e4 hydrauliikka-alalla ja on omistautunut tarjoamaan luotettavia, kest\u00e4vi\u00e4 ja innovatiivisia tuotteita, jotka voimaannuttavat yrityksi\u00e4 ymp\u00e4ri maailmaa.<\/p>\n<p>Yrityksemme yhdist\u00e4\u00e4 parhaat edistykselliset valmistusk\u00e4yt\u00e4nn\u00f6t tulevaisuuteen suuntautuneeseen l\u00e4hestymistapaan. Hy\u00f6dynt\u00e4m\u00e4ll\u00e4 vuosien kokemustaan \u200b\u200bhydraulij\u00e4rjestelmist\u00e4, FMP on kehittynyt nykyaikaiseksi yritykseksi, joka on erinomainen tutkimuksessa, suunnittelussa ja tuotannossa. Tarjoamme laajan valikoiman hydraulisylintereit\u00e4, mukaan lukien kaksitoimiset sylinterit, autojen nostosylinterit, maatalouskoneiden sylinterit ja r\u00e4\u00e4t\u00e4l\u00f6ityj\u00e4 ratkaisuja erilaisiin teollisiin sovelluksiin. Olipa kyseess\u00e4 rakentaminen, teollisuusasennukset, maatalous tai raskaskoneet, hydraulisylinterimme on suunniteltu toimimaan haastavimmissakin olosuhteissa varmistaen turvallisuuden, tehokkuuden ja pitk\u00e4n k\u00e4ytt\u00f6i\u00e4n.<\/p>\n<p>FMP:ll\u00e4 olemme ylpeit\u00e4 huippuluokan tuotantolaitoksistamme, jotka on varustettu tarkkuuskoneilla ja edistyneill\u00e4 testausj\u00e4rjestelmill\u00e4. Valmistusprosessimme noudattavat tiukkoja kansallisia ja kansainv\u00e4lisi\u00e4 standardeja, mik\u00e4 takaa, ett\u00e4 jokainen valmistettu hydraulisylinteri t\u00e4ytt\u00e4\u00e4 korkeimmat laatu- ja luotettavuusvaatimukset. Taitavan teknisen tiimimme ja huippuluokan laitteiden avulla yll\u00e4pid\u00e4mme tiukkaa laadunvalvontaa tuotannon jokaisessa vaiheessa \u2013 raaka-aineiden valinnasta lopputarkastukseen. T\u00e4m\u00e4 sitoutuminen erinomaisuuteen on ansainnut meille sertifikaatteja ja tunnustusta alan viranomaisilta, mik\u00e4 vahvistaa mainettamme luotettavana kumppanina.<\/p>\n<p><img loading=\"lazy\" decoding=\"async\" class=\"alignnone size-full wp-image-6720\" src=\"https:\/\/fmp-components.com\/wp-content\/uploads\/2025\/03\/hydraulic-cylinder-8.webp\" alt=\"Teleskooppiset hydraulisylinterit\" width=\"933\" height=\"526\" title=\"\" srcset=\"https:\/\/fmp-components.com\/wp-content\/uploads\/2025\/03\/hydraulic-cylinder-8.webp 933w, https:\/\/fmp-components.com\/wp-content\/uploads\/2025\/03\/hydraulic-cylinder-8-480x271.webp 480w\" sizes=\"(min-width: 0px) and (max-width: 480px) 480px, (min-width: 481px) 933px, 100vw\" \/><\/p>\n<p>Missiomme on sek\u00e4 suoraviivainen ett\u00e4 kunnianhimoinen: tarjota asiakkaillemme hydraulisylintereit\u00e4, jotka ylitt\u00e4v\u00e4t odotukset suorituskyvyss\u00e4, kest\u00e4vyydess\u00e4 ja arvossa. Noudatamme ammattitaidon, rehellisyyden ja asiakasl\u00e4ht\u00f6isyyden perusperiaatteita. Edist\u00e4m\u00e4ll\u00e4 innovaatio- ja tarkkuuskulttuuria parannamme jatkuvasti tuotteitamme pysy\u00e4ksemme kilpailuedulla. Laaja tuotevalikoimamme ja kykymme tarjota r\u00e4\u00e4t\u00e4l\u00f6ityj\u00e4 ratkaisuja tekev\u00e4t meist\u00e4 ensisijaisen valinnan yrityksille, jotka etsiv\u00e4t tehokkaita hydraulisylintereit\u00e4.<\/p>\n<p>FMP on enemm\u00e4n kuin vain valmistaja; olemme sitoutuneita kumppaneita menestyksesi kannalta. Ymm\u00e4rr\u00e4mme, ett\u00e4 asiakkaamme luottavat meihin ty\u00f6kalujen toimittamisessa, jotka parantavat tuottavuutta ja turvallisuutta. Siksi olemme omistautuneet toimittamaan paitsi huippuluokan tuotteita, my\u00f6s poikkeuksellista palvelua. Alustavista konsultaatioista myynnin j\u00e4lkeiseen tukeen teemme tiivist\u00e4 yhteisty\u00f6t\u00e4 asiakkaidemme kanssa varmistaaksemme, ett\u00e4 heid\u00e4n tarpeensa t\u00e4ytet\u00e4\u00e4n ammattitaitoisesti ja huolellisesti. Kilpailukykyinen hinnoittelumme yhdistettyn\u00e4 horjumattomaan sitoutumiseen laatuun tekee FMP:st\u00e4 \u00e4lykk\u00e4\u00e4n valinnan yrityksille, jotka haluavat investoida luotettaviin hydrauliikkaratkaisuihin.<\/p>","protected":false},"excerpt":{"rendered":"<p>Professional Long Stroke Double Acting Small Dump Truck Multistage Hydraulic Cylinder Our professional long stroke double acting small dump truck multistage hydraulic cylinder is a new product with a one-year warranty. It is designed for use in various industries such as machinery repair shops, farms, energy &amp; mining, machinery manufacturing, and machinery factories. Made of [&hellip;]<\/p>","protected":false},"featured_media":6762,"comment_status":"closed","ping_status":"closed","template":"","meta":{"_et_pb_use_builder":"","_et_pb_old_content":"","_et_gb_content_width":""},"product_brand":[],"product_cat":[103],"product_tag":[34,105],"class_list":{"0":"post-6652","1":"product","2":"type-product","3":"status-publish","4":"has-post-thumbnail","6":"product_cat-telescopic-hydraulic-cylinders","7":"product_tag-hydraulic-cylinder","8":"product_tag-telescopic-hydraulic-cylinders","10":"first","11":"instock","12":"product-type-simple"},"_links":{"self":[{"href":"https:\/\/fmp-components.com\/fi\/wp-json\/wp\/v2\/product\/6652","targetHints":{"allow":["GET"]}}],"collection":[{"href":"https:\/\/fmp-components.com\/fi\/wp-json\/wp\/v2\/product"}],"about":[{"href":"https:\/\/fmp-components.com\/fi\/wp-json\/wp\/v2\/types\/product"}],"replies":[{"embeddable":true,"href":"https:\/\/fmp-components.com\/fi\/wp-json\/wp\/v2\/comments?post=6652"}],"wp:featuredmedia":[{"embeddable":true,"href":"https:\/\/fmp-components.com\/fi\/wp-json\/wp\/v2\/media\/6762"}],"wp:attachment":[{"href":"https:\/\/fmp-components.com\/fi\/wp-json\/wp\/v2\/media?parent=6652"}],"wp:term":[{"taxonomy":"product_brand","embeddable":true,"href":"https:\/\/fmp-components.com\/fi\/wp-json\/wp\/v2\/product_brand?post=6652"},{"taxonomy":"product_cat","embeddable":true,"href":"https:\/\/fmp-components.com\/fi\/wp-json\/wp\/v2\/product_cat?post=6652"},{"taxonomy":"product_tag","embeddable":true,"href":"https:\/\/fmp-components.com\/fi\/wp-json\/wp\/v2\/product_tag?post=6652"}],"curies":[{"name":"wp","href":"https:\/\/api.w.org\/{rel}","templated":true}]}}