{"id":6649,"date":"2025-03-11T06:36:21","date_gmt":"2025-03-11T06:36:21","guid":{"rendered":"https:\/\/fmp-components.com\/product\/factory-direct-sale-2-stage-double-acting-telescopic-hydraulic-cylinder"},"modified":"2025-03-12T08:20:13","modified_gmt":"2025-03-12T08:20:13","slug":"factory-direct-sale-2-stage-double-acting-telescopic-hydraulic-cylinder","status":"publish","type":"product","link":"https:\/\/fmp-components.com\/fi\/product\/factory-direct-sale-2-stage-double-acting-telescopic-hydraulic-cylinder\/","title":{"rendered":"Tehtaan suoramyynti 2-vaiheinen kaksitoiminen teleskooppinen hydraulisylinteri"},"content":{"rendered":"<h2>Tehtaan suoramyynti 2-vaiheinen kaksitoiminen teleskooppinen hydraulisylinteri<\/h2>\n<p>Kaksivaiheinen kaksitoiminen teleskooppinen hydraulisylinteri on innovatiivinen tuote, joka on suunniteltu ottaen huomioon eri teollisuudenalojen, kuten konepajojen, maatilojen, energia- ja kaivosteollisuuden, konevalmistuksen ja konetehtaiden, tarpeet. Se on vakiokokoinen tuote, joka toimii hydraulisella voimalla ja on valmistettu korkealaatuisesta ter\u00e4ksest\u00e4. Maksimaalisen ty\u00f6nt\u00f6voiman ollessa 3000 tonnia ja maksimivetovoiman ollessa 20 tonnia, t\u00e4m\u00e4 monivaiheinen hydraulisylinteri on kest\u00e4v\u00e4 ja luotettava valinta.<\/p>\n<h2>Ominaisuudet ja toiminnot<\/h2>\n<p>T\u00e4ll\u00e4 hydraulisylinterill\u00e4 on 1 vuoden takuu ja siin\u00e4 on keskeiset komponentit, kuten laakeri ja hydraulisylinteri. Se on sertifioitu ISO9001:2000-standardin mukaisesti, mik\u00e4 takaa sen korkean laadun ja luotettavuuden. Tuotetta on saatavana mustana ja siin\u00e4 on useita eri liit\u00e4nt\u00e4vaihtoehtoja, kuten G, SAE, NPT ja M.<\/p>\n<h3>Tekniset tiedot<\/h3>\n<table style=\"width: 97.1459%;\" border=\"\">\n<tbody>\n<tr>\n<td style=\"width: 42.9379%;\"><i>Rei\u00e4n koko<\/i><\/td>\n<td style=\"width: 459.322%;\">2\u20136 tuumaa<\/td>\n<\/tr>\n<tr>\n<td style=\"width: 42.9379%;\"><i>Tangon koko<\/i><\/td>\n<td style=\"width: 459.322%;\">1,125\u20134 tuumaa<\/td>\n<\/tr>\n<tr>\n<td style=\"width: 42.9379%;\"><i>Iskun koko<\/i><\/td>\n<td style=\"width: 459.322%;\">4\u2013100 tuumaa<\/td>\n<\/tr>\n<tr>\n<td style=\"width: 42.9379%;\"><i>Tapin koko<\/i><\/td>\n<td style=\"width: 459.322%;\">0,5\u20132 tuumaa<\/td>\n<\/tr>\n<tr>\n<td style=\"width: 42.9379%;\"><i>Portit<\/i><\/td>\n<td style=\"width: 459.322%;\">G\/SAE\/NPT\/M<\/td>\n<\/tr>\n<\/tbody>\n<\/table>\n<h2>Ainutlaatuiset edut<\/h2>\n<ul>\n<li>Energiatehokas: Sylinteri toimii hydraulisella voimalla, mik\u00e4 tekee siit\u00e4 energiatehokkaan vaihtoehdon.<\/li>\n<li>Korkea suorituskyky: Tuotteen suurin ty\u00f6nt\u00f6voima on 3000 ja suurin vetovoima 20 tonnia, joten se takaa korkean suorituskyvyn.<\/li>\n<li>Kest\u00e4v\u00e4 ja luotettava: Ter\u00e4ksest\u00e4 valmistettu tuote on kest\u00e4v\u00e4 ja luotettava, mik\u00e4 takaa pitk\u00e4aikaisen k\u00e4yt\u00f6n.<\/li>\n<\/ul>\n<p><img loading=\"lazy\" decoding=\"async\" class=\"alignnone  wp-image-6657\" src=\"https:\/\/fmp-components.com\/wp-content\/uploads\/2025\/03\/telescopic-hydraulic-cylinder-3.webp\" alt=\"teleskooppinen hydraulisylinteri\" width=\"898\" height=\"898\" title=\"\" srcset=\"https:\/\/fmp-components.com\/wp-content\/uploads\/2025\/03\/telescopic-hydraulic-cylinder-3.webp 898w, https:\/\/fmp-components.com\/wp-content\/uploads\/2025\/03\/telescopic-hydraulic-cylinder-3-480x480.webp 480w\" sizes=\"(min-width: 0px) and (max-width: 480px) 480px, (min-width: 481px) 898px, 100vw\" \/><\/p>\n<h2>Hydraulij\u00e4rjestelm\u00e4 ja toimintaperiaate<\/h2>\n<p>Hydraulisylinteri toimii perusperiaatteella, jossa hydraulinen energia muunnetaan mekaaniseksi liikkeeksi. Hydraulineste paineistetaan, mik\u00e4 puolestaan \u200b\u200bliikuttaa sylinterin m\u00e4nt\u00e4\u00e4 ja tuottaa siten voimaa. T\u00e4t\u00e4 voimaa k\u00e4ytet\u00e4\u00e4n sitten erilaisissa teollisissa sovelluksissa.<\/p>\n<h2>Hydraulisylinterin sovellukset<\/h2>\n<p>T\u00e4t\u00e4 monivaiheista hydraulisylinteri\u00e4 k\u00e4ytet\u00e4\u00e4n laajalti konepajoissa, maatiloilla, energia- ja kaivosteollisuudessa, konevalmistuksessa ja konetehtaissa.<\/p>\n<h2>Hydraulisylinterit ja voimayksik\u00f6t<\/h2>\n<p>Hydraulisylinteri ja voimayksikk\u00f6 ovat hydraulij\u00e4rjestelm\u00e4n v\u00e4ltt\u00e4m\u00e4tt\u00f6mi\u00e4 osia. Niiden yhdistetty toiminta varmistaa hydraulitekniikan laajan k\u00e4yt\u00f6n teollisuudessa, tarjoten luotettavaa teho- ja ohjaustukea erilaisille teknisille ja mekaanisille laitteille. Hydraulisylinteri toimilaitteena vastaa hydraulisen energian muuntamisesta mekaaniseksi liikkeeksi ja paineen muuttamisesta voimaksi. Voimayksikk\u00f6 on ydin, joka tuottaa hydraulij\u00e4rjestelm\u00e4n tarvitsemat energia- ja ohjaussignaalit. Vain niiden v\u00e4linen koordinoitu yhteisty\u00f6 voi saada hydraulij\u00e4rjestelm\u00e4n toimimaan normaalisti. FMP tarjoaa my\u00f6s voimayksik\u00f6it\u00e4 myyntiin.<\/p>\n<h3>Tietoja FMP:st\u00e4<\/h3>\n<p>FMP on johtava italialainen valmistaja, joka tunnetaan asiantuntemuksestaan \u200b\u200bkorkealaatuisten hydraulisylintereiden suunnittelussa, kehitt\u00e4misess\u00e4 ja tuotannossa. Vuosikymmenten kokemuksella alalta yhdist\u00e4mme saumattomasti perinteisen italialaisen k\u00e4sity\u00f6taidon huipputeknologiaan toimittaaksemme erinomaisia \u200b\u200bhydraulisia ratkaisuja, jotka on r\u00e4\u00e4t\u00e4l\u00f6ity globaalien asiakkaidemme monimuotoisiin tarpeisiin. Italiassa, insin\u00f6\u00f6ritaidon huippuosaamisen keskuksessa, sijaitseva FMP on vakiinnuttanut asemansa luotettavana nimen\u00e4 hydrauliikka-alalla ja on omistautunut tarjoamaan luotettavia, kest\u00e4vi\u00e4 ja innovatiivisia tuotteita, jotka voimaannuttavat yrityksi\u00e4 ymp\u00e4ri maailmaa.<\/p>\n<p>Yrityksemme yhdist\u00e4\u00e4 parhaat edistykselliset valmistusk\u00e4yt\u00e4nn\u00f6t tulevaisuuteen suuntautuneeseen l\u00e4hestymistapaan. Hy\u00f6dynt\u00e4m\u00e4ll\u00e4 vuosien kokemustaan \u200b\u200bhydraulij\u00e4rjestelmist\u00e4, FMP on kehittynyt nykyaikaiseksi yritykseksi, joka on erinomainen tutkimuksessa, suunnittelussa ja tuotannossa. Tarjoamme laajan valikoiman hydraulisylintereit\u00e4, mukaan lukien kaksitoimiset sylinterit, autojen nostosylinterit, maatalouskoneiden sylinterit ja r\u00e4\u00e4t\u00e4l\u00f6ityj\u00e4 ratkaisuja erilaisiin teollisiin sovelluksiin. Olipa kyseess\u00e4 rakentaminen, teollisuusasennukset, maatalous tai raskaskoneet, hydraulisylinterimme on suunniteltu toimimaan haastavimmissakin olosuhteissa varmistaen turvallisuuden, tehokkuuden ja pitk\u00e4n k\u00e4ytt\u00f6i\u00e4n.<\/p>\n<p>FMP:ll\u00e4 olemme ylpeit\u00e4 huippuluokan tuotantolaitoksistamme, jotka on varustettu tarkkuuskoneilla ja edistyneill\u00e4 testausj\u00e4rjestelmill\u00e4. Valmistusprosessimme noudattavat tiukkoja kansallisia ja kansainv\u00e4lisi\u00e4 standardeja, mik\u00e4 takaa, ett\u00e4 jokainen valmistettu hydraulisylinteri t\u00e4ytt\u00e4\u00e4 korkeimmat laatu- ja luotettavuusvaatimukset. Taitavan teknisen tiimimme ja huippuluokan laitteiden avulla yll\u00e4pid\u00e4mme tiukkaa laadunvalvontaa tuotannon jokaisessa vaiheessa \u2013 raaka-aineiden valinnasta lopputarkastukseen. T\u00e4m\u00e4 sitoutuminen erinomaisuuteen on ansainnut meille sertifikaatteja ja tunnustusta alan viranomaisilta, mik\u00e4 vahvistaa mainettamme luotettavana kumppanina.<\/p>\n<p><img loading=\"lazy\" decoding=\"async\" class=\"alignnone size-full wp-image-6720\" src=\"https:\/\/fmp-components.com\/wp-content\/uploads\/2025\/03\/hydraulic-cylinder-8.webp\" alt=\"Teleskooppiset hydraulisylinterit\" width=\"933\" height=\"526\" title=\"\" srcset=\"https:\/\/fmp-components.com\/wp-content\/uploads\/2025\/03\/hydraulic-cylinder-8.webp 933w, https:\/\/fmp-components.com\/wp-content\/uploads\/2025\/03\/hydraulic-cylinder-8-480x271.webp 480w\" sizes=\"(min-width: 0px) and (max-width: 480px) 480px, (min-width: 481px) 933px, 100vw\" \/><\/p>\n<p>Missiomme on sek\u00e4 suoraviivainen ett\u00e4 kunnianhimoinen: tarjota asiakkaillemme hydraulisylintereit\u00e4, jotka ylitt\u00e4v\u00e4t odotukset suorituskyvyss\u00e4, kest\u00e4vyydess\u00e4 ja arvossa. Noudatamme ammattitaidon, rehellisyyden ja asiakasl\u00e4ht\u00f6isyyden perusperiaatteita. Edist\u00e4m\u00e4ll\u00e4 innovaatio- ja tarkkuuskulttuuria parannamme jatkuvasti tuotteitamme pysy\u00e4ksemme kilpailuedulla. Laaja tuotevalikoimamme ja kykymme tarjota r\u00e4\u00e4t\u00e4l\u00f6ityj\u00e4 ratkaisuja tekev\u00e4t meist\u00e4 ensisijaisen valinnan yrityksille, jotka etsiv\u00e4t tehokkaita hydraulisylintereit\u00e4.<\/p>\n<p>FMP on enemm\u00e4n kuin vain valmistaja; olemme sitoutuneita kumppaneita menestyksesi kannalta. Ymm\u00e4rr\u00e4mme, ett\u00e4 asiakkaamme luottavat meihin ty\u00f6kalujen toimittamisessa, jotka parantavat tuottavuutta ja turvallisuutta. Siksi olemme omistautuneet toimittamaan paitsi huippuluokan tuotteita, my\u00f6s poikkeuksellista palvelua. Alustavista konsultaatioista myynnin j\u00e4lkeiseen tukeen teemme tiivist\u00e4 yhteisty\u00f6t\u00e4 asiakkaidemme kanssa varmistaaksemme, ett\u00e4 heid\u00e4n tarpeensa t\u00e4ytet\u00e4\u00e4n ammattitaitoisesti ja huolellisesti. Kilpailukykyinen hinnoittelumme yhdistettyn\u00e4 horjumattomaan sitoutumiseen laatuun tekee FMP:st\u00e4 \u00e4lykk\u00e4\u00e4n valinnan yrityksille, jotka haluavat investoida luotettaviin hydrauliikkaratkaisuihin.<\/p>","protected":false},"excerpt":{"rendered":"<p>Factory Direct Sale 2 Stage Double Acting Telescopic Hydraulic Cylinder The 2 Stage Double Acting Telescopic Hydraulic Cylinder is an innovative product that has been designed keeping in mind the needs of various industries like machinery repair shops, farms, energy &amp; mining, machinery manufacturing, and machinery factories. It is a standard-sized product that operates using [&hellip;]<\/p>","protected":false},"featured_media":6759,"comment_status":"closed","ping_status":"closed","template":"","meta":{"_et_pb_use_builder":"","_et_pb_old_content":"","_et_gb_content_width":""},"product_brand":[],"product_cat":[103],"product_tag":[34,105],"class_list":{"0":"post-6649","1":"product","2":"type-product","3":"status-publish","4":"has-post-thumbnail","6":"product_cat-telescopic-hydraulic-cylinders","7":"product_tag-hydraulic-cylinder","8":"product_tag-telescopic-hydraulic-cylinders","10":"first","11":"instock","12":"product-type-simple"},"_links":{"self":[{"href":"https:\/\/fmp-components.com\/fi\/wp-json\/wp\/v2\/product\/6649","targetHints":{"allow":["GET"]}}],"collection":[{"href":"https:\/\/fmp-components.com\/fi\/wp-json\/wp\/v2\/product"}],"about":[{"href":"https:\/\/fmp-components.com\/fi\/wp-json\/wp\/v2\/types\/product"}],"replies":[{"embeddable":true,"href":"https:\/\/fmp-components.com\/fi\/wp-json\/wp\/v2\/comments?post=6649"}],"wp:featuredmedia":[{"embeddable":true,"href":"https:\/\/fmp-components.com\/fi\/wp-json\/wp\/v2\/media\/6759"}],"wp:attachment":[{"href":"https:\/\/fmp-components.com\/fi\/wp-json\/wp\/v2\/media?parent=6649"}],"wp:term":[{"taxonomy":"product_brand","embeddable":true,"href":"https:\/\/fmp-components.com\/fi\/wp-json\/wp\/v2\/product_brand?post=6649"},{"taxonomy":"product_cat","embeddable":true,"href":"https:\/\/fmp-components.com\/fi\/wp-json\/wp\/v2\/product_cat?post=6649"},{"taxonomy":"product_tag","embeddable":true,"href":"https:\/\/fmp-components.com\/fi\/wp-json\/wp\/v2\/product_tag?post=6649"}],"curies":[{"name":"wp","href":"https:\/\/api.w.org\/{rel}","templated":true}]}}