{"id":6648,"date":"2025-03-11T06:36:21","date_gmt":"2025-03-11T06:36:21","guid":{"rendered":"https:\/\/fmp-components.com\/product\/20-ton-hydraulic-cylinder-double-acting-telescopic-hydraulic-cylinder"},"modified":"2025-03-18T01:55:17","modified_gmt":"2025-03-18T01:55:17","slug":"20-ton-hydraulic-cylinder-double-acting-telescopic-hydraulic-cylinder","status":"publish","type":"product","link":"https:\/\/fmp-components.com\/fi\/product\/20-ton-hydraulic-cylinder-double-acting-telescopic-hydraulic-cylinder\/","title":{"rendered":"20 tonnin hydraulisylinteri, kaksitoiminen teleskooppinen hydraulisylinteri"},"content":{"rendered":"<h2>20 tonnin hydraulisylinteri, kaksitoiminen teleskooppinen hydraulisylinteri<\/h2>\n<p>T\u00e4m\u00e4 20 tonnin hydraulisylinteri on uusi kaksitoiminen teleskooppinen hydraulisylinteri, jolla on vuoden takuu. Se sopii k\u00e4ytett\u00e4v\u00e4ksi useilla eri teollisuudenaloilla, kuten konepajoissa, maatiloilla, energia- ja kaivosteollisuudessa, konevalmistuksessa ja konetehtaissa.<\/p>\n<h3>Tuotteen tekniset tiedot<\/h3>\n<p>Hydraulisylinteri painaa 120 kg ja sen suurin ty\u00f6nt\u00f6voima on 3000. Se on monivaiheinen hydraulisylinteri, jossa on G\/SAE\/NPT\/M-liit\u00e4nn\u00e4t ja joka voi vet\u00e4\u00e4 enint\u00e4\u00e4n 20 tonnin kuorman. Sylinteri on ISO9001:2000-sertifioitu ja vakiov\u00e4ri musta.<\/p>\n<h3>Yksityiskohtaiset parametrit<\/h3>\n<table style=\"width: 93.7263%; height: 127px;\" border=\"\">\n<tbody>\n<tr>\n<th>Rei\u00e4n koko<\/th>\n<td>2\u20136 tuumaa<\/td>\n<\/tr>\n<tr>\n<th>Tangon koko<\/th>\n<td>1,125\u20134 tuumaa<\/td>\n<\/tr>\n<tr>\n<th>Iskun koko<\/th>\n<td>4\u2013100 tuumaa<\/td>\n<\/tr>\n<tr>\n<th>Tapin koko<\/th>\n<td>0,5\u20132 tuumaa<\/td>\n<\/tr>\n<tr>\n<th>Portit<\/th>\n<td>G\/SAE\/NPT\/M<\/td>\n<\/tr>\n<\/tbody>\n<\/table>\n<h2>Ainutlaatuiset ominaisuudet ja edut<\/h2>\n<ul>\n<li>Energiatehokas<\/li>\n<li>Eritt\u00e4in tehokas<\/li>\n<li>Turvallinen k\u00e4ytt\u00e4\u00e4<\/li>\n<\/ul>\n<h2>Hydraulij\u00e4rjestelm\u00e4 ja toimintaperiaate<\/h2>\n<p>Hydraulisylinteri toimii perusperiaatteella, jossa hydraulinen energia muunnetaan mekaaniseksi liikkeeksi. T\u00e4m\u00e4 muutos alkaa, kun hydraulineste paineistetaan sylinterin sis\u00e4ll\u00e4. Kun nesteeseen kohdistetaan paine, se kohdistaa voimaa sylinterin sis\u00e4ll\u00e4 olevaan m\u00e4nt\u00e4\u00e4n, jolloin m\u00e4nt\u00e4 liikkuu. T\u00e4m\u00e4 liike synnytt\u00e4\u00e4 lineaarista liikett\u00e4, jota voidaan hy\u00f6dynt\u00e4\u00e4 monenlaisten mekaanisten teht\u00e4vien suorittamiseen. T\u00e4m\u00e4n prosessin tehokkuus mahdollistaa hydraulij\u00e4rjestelmien merkitt\u00e4v\u00e4n tehontuoton suhteellisen pienill\u00e4 sy\u00f6t\u00f6ill\u00e4, mik\u00e4 tekee niist\u00e4 ihanteellisia sovelluksiin, jotka vaativat huomattavaa voimaa kompaktissa muodossa.<\/p>\n<p><img loading=\"lazy\" decoding=\"async\" class=\"alignnone wp-image-6656\" src=\"https:\/\/fmp-components.com\/wp-content\/uploads\/2025\/03\/telescopic-hydraulic-cylinder-5.webp\" alt=\"teleskooppinen hydraulisylinteri\" width=\"917\" height=\"917\" title=\"\" srcset=\"https:\/\/fmp-components.com\/wp-content\/uploads\/2025\/03\/telescopic-hydraulic-cylinder-5.webp 917w, https:\/\/fmp-components.com\/wp-content\/uploads\/2025\/03\/telescopic-hydraulic-cylinder-5-480x480.webp 480w\" sizes=\"(min-width: 0px) and (max-width: 480px) 480px, (min-width: 481px) 917px, 100vw\" \/><\/p>\n<p>Hydraulisylinterien monimutkainen rakenne mahdollistaa niiden tehokkaan toiminnan erilaisissa olosuhteissa. K\u00e4ytt\u00e4m\u00e4ll\u00e4 kokoonpuristumatonta hydraulinestett\u00e4 n\u00e4m\u00e4 j\u00e4rjestelm\u00e4t voivat siirt\u00e4\u00e4 voimaa pitki\u00e4 matkoja minimaalisella energiah\u00e4vi\u00f6ll\u00e4. Lis\u00e4ksi kyky s\u00e4\u00e4t\u00e4\u00e4 hydraulinesteen virtausta ja painetta mahdollistaa m\u00e4nn\u00e4n nopeuden ja asennon tarkan hallinnan, mik\u00e4 parantaa hydraulij\u00e4rjestelmien monipuolisuutta ja reagointikyky\u00e4.<\/p>\n<h2>Sovellusskenaariot<\/h2>\n<p>Hydraulisylinterit ovat olennainen osa lukuisia teollisuudenaloja, ja niiden monipuolisuus ja tehokkuus n\u00e4kyv\u00e4t useissa eri sovelluksissa, mukaan lukien:<\/p>\n<ul>\n<li><strong>Koneiden valmistus ja huolto:<\/strong> Tuotantoymp\u00e4rist\u00f6iss\u00e4 hydraulisylintereit\u00e4 k\u00e4ytet\u00e4\u00e4n esimerkiksi raskaiden komponenttien nostamiseen, materiaalien puristamiseen ja automatisoitujen koneiden k\u00e4ytt\u00f6\u00f6n. Niill\u00e4 on t\u00e4rke\u00e4 rooli kokoonpanolinjoilla ja kunnossapitotoiminnoissa, sill\u00e4 ne tarjoavat tarvittavan voiman ja tarkkuuden sujuvan toiminnan varmistamiseksi.<\/li>\n<li><strong>Maanviljely:<\/strong> Maataloudessa hydraulisylintereit\u00e4 k\u00e4ytet\u00e4\u00e4n useissa laitteissa, kuten traktoreissa ja puimureissa. Ne auttavat esimerkiksi ty\u00f6koneiden nostamisessa ja laskemisessa, aurojen kallistuksessa ja lis\u00e4laitteiden k\u00e4yt\u00f6ss\u00e4, mik\u00e4 parantaa maataloustoiminnan tuottavuutta ja tehokkuutta.<\/li>\n<li><strong>Energia ja kaivostoiminta:<\/strong> Hydraulij\u00e4rjestelm\u00e4t ovat ratkaisevan t\u00e4rkeit\u00e4 energia- ja kaivosteollisuudessa, joilla niit\u00e4 k\u00e4ytet\u00e4\u00e4n poraamiseen, kaivamiseen ja raskaiden kuormien nostamiseen. Niiden kyky toimia \u00e4\u00e4rimm\u00e4isiss\u00e4 olosuhteissa ja tuottaa suuria voimia tekee niist\u00e4 v\u00e4ltt\u00e4m\u00e4tt\u00f6mi\u00e4 n\u00e4iss\u00e4 vaativissa ymp\u00e4rist\u00f6iss\u00e4.<\/li>\n<li><strong>Rakentaminen:<\/strong> Hydraulisylintereit\u00e4 k\u00e4ytet\u00e4\u00e4n yleisesti rakennuskoneissa, kuten kaivinkoneissa, puskutraktoreissa ja nostureissa. Ne mahdollistavat tehokkaat nosto- ja kaivuominaisuudet, mik\u00e4 helpottaa erilaisia \u200b\u200brakennusteht\u00e4vi\u00e4 tarkasti ja helposti.<\/li>\n<li><strong>Kuljetus:<\/strong> Kuljetusalalla hydraulisylintereit\u00e4 k\u00e4ytet\u00e4\u00e4n ajoneuvoissa erilaisiin toimintoihin, kuten takalaitojen nostamiseen, hydraulisten jarrujen k\u00e4ytt\u00f6\u00f6n ja jousitusj\u00e4rjestelmien ohjaamiseen, mik\u00e4 edist\u00e4\u00e4 turvallisuutta ja suorituskyky\u00e4.<\/li>\n<\/ul>\n<p>Hydraulisylinterien laaja k\u00e4ytt\u00f6 n\u00e4ill\u00e4 teollisuudenaloilla korostaa niiden olennaista roolia nykyaikaisessa konepaja- ja konetekniikassa, tehokkuuden ja tuottavuuden edist\u00e4misess\u00e4 lukuisissa ymp\u00e4rist\u00f6iss\u00e4.<\/p>\n<h2>Hydraulisylinterit ja voimayksik\u00f6t<\/h2>\n<p>Hydraulisylinteri ja voimayksikk\u00f6 ovat hydraulij\u00e4rjestelm\u00e4n kiinteit\u00e4 osia. Niiden yhdistetty toiminta varmistaa hydrauliteknologian laajan soveltamisen teollisuudessa ja tarjoaa luotettavaa teho- ja ohjaustukea erilaisille teknisille ja mekaanisille laitteille. Hydraulisylinteri toimilaitteena vastaa hydraulisen energian muuntamisesta mekaaniseksi liikkeeksi ja paineen muuntamisesta voimaksi. Voimayksikk\u00f6 on ydin, joka tuottaa hydraulij\u00e4rjestelm\u00e4n tarvitsemat energia- ja ohjaussignaalit. N\u00e4iden kahden koordinoitu toiminta mahdollistaa hydraulij\u00e4rjestelm\u00e4n normaalin toiminnan. FMP tarjoaa my\u00f6s voimayksik\u00f6it\u00e4 myyntiin.<\/p>\n<h2>Usein kysytyt kysymykset<\/h2>\n<p>K: Oletko kauppayhti\u00f6 vai valmistaja?<br \/>\nV: Olemme valmistaja.<\/p>\n<p>K: Mik\u00e4 on toimitusaika?<br \/>\nV: Yleens\u00e4 se on 25\u201335 p\u00e4iv\u00e4\u00e4.<\/p>\n<p>K: Toimitatteko n\u00e4ytteit\u00e4? Onko se ilmaista vai lis\u00e4maksullista?<br \/>\nV: Kyll\u00e4, voisimme tarjota n\u00e4ytteen, mutta se ei ole ilmainen.<\/p>\n<h3>Tietoja FMP:st\u00e4<\/h3>\n<p>FMP on johtava italialainen valmistaja, joka tunnetaan asiantuntemuksestaan \u200b\u200bkorkealaatuisten hydraulisylintereiden suunnittelussa, kehitt\u00e4misess\u00e4 ja tuotannossa. Vuosikymmenten kokemuksella alalta yhdist\u00e4mme saumattomasti perinteisen italialaisen k\u00e4sity\u00f6taidon huipputeknologiaan toimittaaksemme erinomaisia \u200b\u200bhydraulisia ratkaisuja, jotka on r\u00e4\u00e4t\u00e4l\u00f6ity globaalien asiakkaidemme monimuotoisiin tarpeisiin. Italiassa, insin\u00f6\u00f6ritaidon huippuosaamisen keskuksessa, sijaitseva FMP on vakiinnuttanut asemansa luotettavana nimen\u00e4 hydrauliikka-alalla ja on omistautunut tarjoamaan luotettavia, kest\u00e4vi\u00e4 ja innovatiivisia tuotteita, jotka voimaannuttavat yrityksi\u00e4 ymp\u00e4ri maailmaa.<\/p>\n<p>Yrityksemme yhdist\u00e4\u00e4 parhaat edistykselliset valmistusk\u00e4yt\u00e4nn\u00f6t tulevaisuuteen suuntautuneeseen l\u00e4hestymistapaan. Hy\u00f6dynt\u00e4m\u00e4ll\u00e4 vuosien kokemustaan \u200b\u200bhydraulij\u00e4rjestelmist\u00e4, FMP on kehittynyt nykyaikaiseksi yritykseksi, joka on erinomainen tutkimuksessa, suunnittelussa ja tuotannossa. Tarjoamme laajan valikoiman hydraulisylintereit\u00e4, mukaan lukien kaksitoimiset sylinterit, autojen nostosylinterit, maatalouskoneiden sylinterit ja r\u00e4\u00e4t\u00e4l\u00f6ityj\u00e4 ratkaisuja erilaisiin teollisiin sovelluksiin. Olipa kyseess\u00e4 rakentaminen, teollisuusasennukset, maatalous tai raskaskoneet, hydraulisylinterimme on suunniteltu toimimaan haastavimmissakin olosuhteissa varmistaen turvallisuuden, tehokkuuden ja pitk\u00e4n k\u00e4ytt\u00f6i\u00e4n.<\/p>\n<p>FMP:ll\u00e4 olemme ylpeit\u00e4 huippuluokan tuotantolaitoksistamme, jotka on varustettu tarkkuuskoneilla ja edistyneill\u00e4 testausj\u00e4rjestelmill\u00e4. Valmistusprosessimme noudattavat tiukkoja kansallisia ja kansainv\u00e4lisi\u00e4 standardeja, mik\u00e4 takaa, ett\u00e4 jokainen valmistettu hydraulisylinteri t\u00e4ytt\u00e4\u00e4 korkeimmat laatu- ja luotettavuusvaatimukset. Taitavan teknisen tiimimme ja huippuluokan laitteiden avulla yll\u00e4pid\u00e4mme tiukkaa laadunvalvontaa tuotannon jokaisessa vaiheessa \u2013 raaka-aineiden valinnasta lopputarkastukseen. T\u00e4m\u00e4 sitoutuminen erinomaisuuteen on ansainnut meille sertifikaatteja ja tunnustusta alan viranomaisilta, mik\u00e4 vahvistaa mainettamme luotettavana kumppanina.<\/p>\n<p><img loading=\"lazy\" decoding=\"async\" class=\"alignnone size-full wp-image-6720\" src=\"https:\/\/fmp-components.com\/wp-content\/uploads\/2025\/03\/hydraulic-cylinder-8.webp\" alt=\"Teleskooppiset hydraulisylinterit\" width=\"933\" height=\"526\" title=\"\" srcset=\"https:\/\/fmp-components.com\/wp-content\/uploads\/2025\/03\/hydraulic-cylinder-8.webp 933w, https:\/\/fmp-components.com\/wp-content\/uploads\/2025\/03\/hydraulic-cylinder-8-480x271.webp 480w\" sizes=\"(min-width: 0px) and (max-width: 480px) 480px, (min-width: 481px) 933px, 100vw\" \/><\/p>\n<p>Missiomme on sek\u00e4 suoraviivainen ett\u00e4 kunnianhimoinen: tarjota asiakkaillemme hydraulisylintereit\u00e4, jotka ylitt\u00e4v\u00e4t odotukset suorituskyvyss\u00e4, kest\u00e4vyydess\u00e4 ja arvossa. Noudatamme ammattitaidon, rehellisyyden ja asiakasl\u00e4ht\u00f6isyyden perusperiaatteita. Edist\u00e4m\u00e4ll\u00e4 innovaatio- ja tarkkuuskulttuuria parannamme jatkuvasti tuotteitamme pysy\u00e4ksemme kilpailuedulla. Laaja tuotevalikoimamme ja kykymme tarjota r\u00e4\u00e4t\u00e4l\u00f6ityj\u00e4 ratkaisuja tekev\u00e4t meist\u00e4 ensisijaisen valinnan yrityksille, jotka etsiv\u00e4t tehokkaita hydraulisylintereit\u00e4.<\/p>\n<p>FMP on enemm\u00e4n kuin vain valmistaja; olemme sitoutuneita kumppaneita menestyksesi kannalta. Ymm\u00e4rr\u00e4mme, ett\u00e4 asiakkaamme luottavat meihin ty\u00f6kalujen toimittamisessa, jotka parantavat tuottavuutta ja turvallisuutta. Siksi olemme omistautuneet toimittamaan paitsi huippuluokan tuotteita, my\u00f6s poikkeuksellista palvelua. Alustavista konsultaatioista myynnin j\u00e4lkeiseen tukeen teemme tiivist\u00e4 yhteisty\u00f6t\u00e4 asiakkaidemme kanssa varmistaaksemme, ett\u00e4 heid\u00e4n tarpeensa t\u00e4ytet\u00e4\u00e4n ammattitaitoisesti ja huolellisesti. Kilpailukykyinen hinnoittelumme yhdistettyn\u00e4 horjumattomaan sitoutumiseen laatuun tekee FMP:st\u00e4 \u00e4lykk\u00e4\u00e4n valinnan yrityksille, jotka haluavat investoida luotettaviin hydrauliikkaratkaisuihin.<\/p>","protected":false},"excerpt":{"rendered":"<p>20 Ton Hydraulic Cylinder Double Acting Telescopic Hydraulic Cylinder This 20 Ton hydraulic cylinder is a double acting telescopic hydraulic cylinder that is new with a 1-year warranty. It is suitable for use in various industries including machinery repair shops, farms, energy and mining, machinery manufacturing, and machinery factories. Product Specifications The hydraulic cylinder weighs [&hellip;]<\/p>","protected":false},"featured_media":6758,"comment_status":"closed","ping_status":"closed","template":"","meta":{"_et_pb_use_builder":"","_et_pb_old_content":"","_et_gb_content_width":""},"product_brand":[],"product_cat":[103],"product_tag":[34,105],"class_list":{"0":"post-6648","1":"product","2":"type-product","3":"status-publish","4":"has-post-thumbnail","6":"product_cat-telescopic-hydraulic-cylinders","7":"product_tag-hydraulic-cylinder","8":"product_tag-telescopic-hydraulic-cylinders","10":"first","11":"instock","12":"product-type-simple"},"_links":{"self":[{"href":"https:\/\/fmp-components.com\/fi\/wp-json\/wp\/v2\/product\/6648","targetHints":{"allow":["GET"]}}],"collection":[{"href":"https:\/\/fmp-components.com\/fi\/wp-json\/wp\/v2\/product"}],"about":[{"href":"https:\/\/fmp-components.com\/fi\/wp-json\/wp\/v2\/types\/product"}],"replies":[{"embeddable":true,"href":"https:\/\/fmp-components.com\/fi\/wp-json\/wp\/v2\/comments?post=6648"}],"wp:featuredmedia":[{"embeddable":true,"href":"https:\/\/fmp-components.com\/fi\/wp-json\/wp\/v2\/media\/6758"}],"wp:attachment":[{"href":"https:\/\/fmp-components.com\/fi\/wp-json\/wp\/v2\/media?parent=6648"}],"wp:term":[{"taxonomy":"product_brand","embeddable":true,"href":"https:\/\/fmp-components.com\/fi\/wp-json\/wp\/v2\/product_brand?post=6648"},{"taxonomy":"product_cat","embeddable":true,"href":"https:\/\/fmp-components.com\/fi\/wp-json\/wp\/v2\/product_cat?post=6648"},{"taxonomy":"product_tag","embeddable":true,"href":"https:\/\/fmp-components.com\/fi\/wp-json\/wp\/v2\/product_tag?post=6648"}],"curies":[{"name":"wp","href":"https:\/\/api.w.org\/{rel}","templated":true}]}}