{"id":6647,"date":"2025-03-11T06:36:21","date_gmt":"2025-03-11T06:36:21","guid":{"rendered":"https:\/\/fmp-components.com\/product\/multi-stage-dump-truck-hydraulic-hoist-cylinder"},"modified":"2025-03-12T07:00:10","modified_gmt":"2025-03-12T07:00:10","slug":"multi-stage-dump-truck-hydraulic-hoist-cylinder","status":"publish","type":"product","link":"https:\/\/fmp-components.com\/fi\/product\/multi-stage-dump-truck-hydraulic-hoist-cylinder\/","title":{"rendered":"Monivaiheinen kippiauton hydraulinen nostosylinteri"},"content":{"rendered":"<h2>Monivaiheinen kippiauton hydraulinen nostosylinteri<\/h2>\n<p>Esittelyss\u00e4 upouusi tuotteemme, monivaiheinen kippiauton hydraulinen nostosylinteri. T\u00e4m\u00e4 hydraulisylinteri on t\u00e4rke\u00e4 osa raskaita koneita, ja se sopii t\u00e4ydellisesti konepajoille, maatiloille, energia- ja kaivosteollisuudelle sek\u00e4 konevalmistukseen ja tehtaisiin.<\/p>\n<h3>Tuotteen ominaisuudet ja tekniset tiedot<\/h3>\n<p>T\u00e4ll\u00e4 huippulaatuisella hydraulisella nostosylinterill\u00e4 on vuoden takuu ja se painaa 120 kg. Ydinkomponenteilla, kuten laakereilla ja itse hydraulisylinterill\u00e4, on my\u00f6s vuoden takuu. Se on vakiomallinen m\u00e4nt\u00e4sylinteri, jonka runko on valmistettu tukevasta ter\u00e4ksest\u00e4. Sen k\u00e4sittelem\u00e4 suurin ty\u00f6nt\u00f6voima ja vetovoima ovat 3000 ja 20 tonnia. Sen sylinterin sylinterin sis\u00e4halkaisija vaihtelee 2\u20136 tuuman v\u00e4lill\u00e4 ja tangon koko vaihtelee 1,125\u20134 tuuman v\u00e4lill\u00e4. Iskunpituus vaihtelee 4\u2013100 tuuman v\u00e4lill\u00e4 ja tapin koko vaihtelee 0,5\u20132 tuuman v\u00e4lill\u00e4. Hydraulinen nostosylinteri on v\u00e4rilt\u00e4\u00e4n musta.<\/p>\n<h3>Tekniset tiedot<\/h3>\n<table style=\"width: 95.5642%;\" border=\"\">\n<tbody>\n<tr>\n<td style=\"width: 43.5028%;\"><b>Rei\u00e4n koko<\/b><\/td>\n<td style=\"width: 461.582%;\">2\u20136 tuumaa<\/td>\n<\/tr>\n<tr>\n<td style=\"width: 43.5028%;\"><b>Tangon koko<\/b><\/td>\n<td style=\"width: 461.582%;\">1,125\u20134 tuumaa<\/td>\n<\/tr>\n<tr>\n<td style=\"width: 43.5028%;\"><b>Iskun koko<\/b><\/td>\n<td style=\"width: 461.582%;\">4\u2013100 tuumaa<\/td>\n<\/tr>\n<tr>\n<td style=\"width: 43.5028%;\"><b>Tapin koko<\/b><\/td>\n<td style=\"width: 461.582%;\">0,5\u20132 tuumaa<\/td>\n<\/tr>\n<tr>\n<td style=\"width: 43.5028%;\"><b>Portit<\/b><\/td>\n<td style=\"width: 461.582%;\">G\/SAE\/NPT\/M<\/td>\n<\/tr>\n<\/tbody>\n<\/table>\n<h2>Tuotteen edut<\/h2>\n<p>Monivaiheinen kippiauton hydraulinen nostosylinteri on energiatehokas, eritt\u00e4in tehokas ja uskomattoman turvallinen, joten se on ihanteellinen valinta teollisuuden tarpeisiin.<\/p>\n<h3>Hydraulij\u00e4rjestelm\u00e4 ja toimintaperiaatteet<\/h3>\n<p>Hydraulinen nostosylinteri on hydraulij\u00e4rjestelm\u00e4n ydinosa. Se muuntaa hydraulisen energian mekaaniseksi liikkeeksi ja paineen voimaksi. Hydraulinen tehoyksikk\u00f6 sy\u00f6tt\u00e4\u00e4 hydraulij\u00e4rjestelm\u00e4lle tarvittavan energian ja ohjaussignaalit varmistaen sen sujuvan toiminnan.<\/p>\n<p><img loading=\"lazy\" decoding=\"async\" class=\"alignnone  wp-image-6657\" src=\"https:\/\/fmp-components.com\/wp-content\/uploads\/2025\/03\/telescopic-hydraulic-cylinder-3.webp\" alt=\"teleskooppinen hydraulisylinteri\" width=\"952\" height=\"952\" title=\"\" srcset=\"https:\/\/fmp-components.com\/wp-content\/uploads\/2025\/03\/telescopic-hydraulic-cylinder-3.webp 952w, https:\/\/fmp-components.com\/wp-content\/uploads\/2025\/03\/telescopic-hydraulic-cylinder-3-480x480.webp 480w\" sizes=\"(min-width: 0px) and (max-width: 480px) 480px, (min-width: 481px) 952px, 100vw\" \/><\/p>\n<h2>Tuotteen k\u00e4ytt\u00f6kohde<\/h2>\n<p>T\u00e4m\u00e4 hydraulinen nostosylinteri sopii erinomaisesti konepajoihin, maatiloille, energia- ja kaivosteollisuuteen sek\u00e4 konevalmistukseen ja tehtaisiin. Se on suunniteltu k\u00e4sittelem\u00e4\u00e4n raskaita kuormia ja toimimaan vaativissa olosuhteissa.<\/p>\n<h2>Hydraulisylinterit ja voimayksik\u00f6t<\/h2>\n<p>Hydraulisylinterit ja voimayksik\u00f6t ovat erottamattomia osia hydraulij\u00e4rjestelm\u00e4st\u00e4. Niiden yhdistetty toiminta varmistaa hydrauliikkateknologian laajan soveltamisen teollisuudessa ja tarjoaa luotettavaa teho- ja ohjaustukea erilaisille teknisille ja mekaanisille laitteille. FMP:ll\u00e4 tarjoamme my\u00f6s voimayksik\u00f6it\u00e4 myyntiin.<\/p>\n<h2>Usein kysytyt kysymykset<\/h2>\n<p><b>K: Oletko kauppayhti\u00f6 vai valmistaja?<\/b><br \/>\nA: Olemme tehdas.<\/p>\n<p><b>K: Kuinka pitk\u00e4 on toimitusaikanne?<\/b><br \/>\nV: Yleens\u00e4 se on 25\u201335 p\u00e4iv\u00e4\u00e4.<\/p>\n<p><b>K: Toimitatteko n\u00e4ytteit\u00e4? Onko se ilmaista vai lis\u00e4maksullista?<\/b><br \/>\nV: Kyll\u00e4, voisimme tarjota n\u00e4ytteen, mutta se ei ole ilmainen.<\/p>\n<h3>Tietoja FMP:st\u00e4<\/h3>\n<p>FMP on johtava italialainen valmistaja, joka tunnetaan asiantuntemuksestaan \u200b\u200bkorkealaatuisten hydraulisylintereiden suunnittelussa, kehitt\u00e4misess\u00e4 ja tuotannossa. Vuosikymmenten kokemuksella alalta yhdist\u00e4mme saumattomasti perinteisen italialaisen k\u00e4sity\u00f6taidon huipputeknologiaan toimittaaksemme erinomaisia \u200b\u200bhydraulisia ratkaisuja, jotka on r\u00e4\u00e4t\u00e4l\u00f6ity globaalien asiakkaidemme monimuotoisiin tarpeisiin. Italiassa, insin\u00f6\u00f6ritaidon huippuosaamisen keskuksessa, sijaitseva FMP on vakiinnuttanut asemansa luotettavana nimen\u00e4 hydrauliikka-alalla ja on omistautunut tarjoamaan luotettavia, kest\u00e4vi\u00e4 ja innovatiivisia tuotteita, jotka voimaannuttavat yrityksi\u00e4 ymp\u00e4ri maailmaa.<\/p>\n<p>Yrityksemme yhdist\u00e4\u00e4 parhaat edistykselliset valmistusk\u00e4yt\u00e4nn\u00f6t tulevaisuuteen suuntautuneeseen l\u00e4hestymistapaan. Hy\u00f6dynt\u00e4m\u00e4ll\u00e4 vuosien kokemustaan \u200b\u200bhydraulij\u00e4rjestelmist\u00e4, FMP on kehittynyt nykyaikaiseksi yritykseksi, joka on erinomainen tutkimuksessa, suunnittelussa ja tuotannossa. Tarjoamme laajan valikoiman hydraulisylintereit\u00e4, mukaan lukien kaksitoimiset sylinterit, autojen nostosylinterit, maatalouskoneiden sylinterit ja r\u00e4\u00e4t\u00e4l\u00f6ityj\u00e4 ratkaisuja erilaisiin teollisiin sovelluksiin. Olipa kyseess\u00e4 rakentaminen, teollisuusasennukset, maatalous tai raskaskoneet, hydraulisylinterimme on suunniteltu toimimaan haastavimmissakin olosuhteissa varmistaen turvallisuuden, tehokkuuden ja pitk\u00e4n k\u00e4ytt\u00f6i\u00e4n.<\/p>\n<p>FMP:ll\u00e4 olemme ylpeit\u00e4 huippuluokan tuotantolaitoksistamme, jotka on varustettu tarkkuuskoneilla ja edistyneill\u00e4 testausj\u00e4rjestelmill\u00e4. Valmistusprosessimme noudattavat tiukkoja kansallisia ja kansainv\u00e4lisi\u00e4 standardeja, mik\u00e4 takaa, ett\u00e4 jokainen valmistettu hydraulisylinteri t\u00e4ytt\u00e4\u00e4 korkeimmat laatu- ja luotettavuusvaatimukset. Taitavan teknisen tiimimme ja huippuluokan laitteiden avulla yll\u00e4pid\u00e4mme tiukkaa laadunvalvontaa tuotannon jokaisessa vaiheessa \u2013 raaka-aineiden valinnasta lopputarkastukseen. T\u00e4m\u00e4 sitoutuminen erinomaisuuteen on ansainnut meille sertifikaatteja ja tunnustusta alan viranomaisilta, mik\u00e4 vahvistaa mainettamme luotettavana kumppanina.<\/p>\n<p><img loading=\"lazy\" decoding=\"async\" class=\"alignnone size-full wp-image-6720\" src=\"https:\/\/fmp-components.com\/wp-content\/uploads\/2025\/03\/hydraulic-cylinder-8.webp\" alt=\"Teleskooppiset hydraulisylinterit\" width=\"933\" height=\"526\" title=\"\" srcset=\"https:\/\/fmp-components.com\/wp-content\/uploads\/2025\/03\/hydraulic-cylinder-8.webp 933w, https:\/\/fmp-components.com\/wp-content\/uploads\/2025\/03\/hydraulic-cylinder-8-480x271.webp 480w\" sizes=\"(min-width: 0px) and (max-width: 480px) 480px, (min-width: 481px) 933px, 100vw\" \/><\/p>\n<p>Missiomme on sek\u00e4 suoraviivainen ett\u00e4 kunnianhimoinen: tarjota asiakkaillemme hydraulisylintereit\u00e4, jotka ylitt\u00e4v\u00e4t odotukset suorituskyvyss\u00e4, kest\u00e4vyydess\u00e4 ja arvossa. Noudatamme ammattitaidon, rehellisyyden ja asiakasl\u00e4ht\u00f6isyyden perusperiaatteita. Edist\u00e4m\u00e4ll\u00e4 innovaatio- ja tarkkuuskulttuuria parannamme jatkuvasti tuotteitamme pysy\u00e4ksemme kilpailuedulla. Laaja tuotevalikoimamme ja kykymme tarjota r\u00e4\u00e4t\u00e4l\u00f6ityj\u00e4 ratkaisuja tekev\u00e4t meist\u00e4 ensisijaisen valinnan yrityksille, jotka etsiv\u00e4t tehokkaita hydraulisylintereit\u00e4.<\/p>\n<p>FMP on enemm\u00e4n kuin vain valmistaja; olemme sitoutuneita kumppaneita menestyksesi kannalta. Ymm\u00e4rr\u00e4mme, ett\u00e4 asiakkaamme luottavat meihin ty\u00f6kalujen toimittamisessa, jotka parantavat tuottavuutta ja turvallisuutta. Siksi olemme omistautuneet toimittamaan paitsi huippuluokan tuotteita, my\u00f6s poikkeuksellista palvelua. Alustavista konsultaatioista myynnin j\u00e4lkeiseen tukeen teemme tiivist\u00e4 yhteisty\u00f6t\u00e4 asiakkaidemme kanssa varmistaaksemme, ett\u00e4 heid\u00e4n tarpeensa t\u00e4ytet\u00e4\u00e4n ammattitaitoisesti ja huolellisesti. Kilpailukykyinen hinnoittelumme yhdistettyn\u00e4 horjumattomaan sitoutumiseen laatuun tekee FMP:st\u00e4 \u00e4lykk\u00e4\u00e4n valinnan yrityksille, jotka haluavat investoida luotettaviin hydrauliikkaratkaisuihin.<\/p>","protected":false},"excerpt":{"rendered":"<p>Multi Stage Dump Truck Hydraulic Hoist Cylinder Introducing our brand-new product, the Multi Stage Dump Truck Hydraulic Hoist Cylinder. A vital component for heavy machinery, this hydraulic cylinder is perfect for machinery repair shops, farms, energy and mining industries, and machinery manufacturing and factories. Product Features and Specifications This top-quality hydraulic hoist cylinder comes with [&hellip;]<\/p>","protected":false},"featured_media":6757,"comment_status":"closed","ping_status":"closed","template":"","meta":{"_et_pb_use_builder":"","_et_pb_old_content":"","_et_gb_content_width":""},"product_brand":[],"product_cat":[103],"product_tag":[34,105],"class_list":{"0":"post-6647","1":"product","2":"type-product","3":"status-publish","4":"has-post-thumbnail","6":"product_cat-telescopic-hydraulic-cylinders","7":"product_tag-hydraulic-cylinder","8":"product_tag-telescopic-hydraulic-cylinders","10":"first","11":"instock","12":"product-type-simple"},"_links":{"self":[{"href":"https:\/\/fmp-components.com\/fi\/wp-json\/wp\/v2\/product\/6647","targetHints":{"allow":["GET"]}}],"collection":[{"href":"https:\/\/fmp-components.com\/fi\/wp-json\/wp\/v2\/product"}],"about":[{"href":"https:\/\/fmp-components.com\/fi\/wp-json\/wp\/v2\/types\/product"}],"replies":[{"embeddable":true,"href":"https:\/\/fmp-components.com\/fi\/wp-json\/wp\/v2\/comments?post=6647"}],"wp:featuredmedia":[{"embeddable":true,"href":"https:\/\/fmp-components.com\/fi\/wp-json\/wp\/v2\/media\/6757"}],"wp:attachment":[{"href":"https:\/\/fmp-components.com\/fi\/wp-json\/wp\/v2\/media?parent=6647"}],"wp:term":[{"taxonomy":"product_brand","embeddable":true,"href":"https:\/\/fmp-components.com\/fi\/wp-json\/wp\/v2\/product_brand?post=6647"},{"taxonomy":"product_cat","embeddable":true,"href":"https:\/\/fmp-components.com\/fi\/wp-json\/wp\/v2\/product_cat?post=6647"},{"taxonomy":"product_tag","embeddable":true,"href":"https:\/\/fmp-components.com\/fi\/wp-json\/wp\/v2\/product_tag?post=6647"}],"curies":[{"name":"wp","href":"https:\/\/api.w.org\/{rel}","templated":true}]}}