{"id":6645,"date":"2025-03-11T06:35:17","date_gmt":"2025-03-11T06:35:17","guid":{"rendered":"https:\/\/fmp-components.com\/product\/5-stage-hydraulic-hoist-cylinder-dump-truck-hydraulic-cylinder"},"modified":"2025-03-12T08:36:56","modified_gmt":"2025-03-12T08:36:56","slug":"5-stage-hydraulic-hoist-cylinder-dump-truck-hydraulic-cylinder","status":"publish","type":"product","link":"https:\/\/fmp-components.com\/fi\/product\/5-stage-hydraulic-hoist-cylinder-dump-truck-hydraulic-cylinder\/","title":{"rendered":"5-vaiheinen hydraulinen nostosylinteri kippiauton hydraulisylinteri"},"content":{"rendered":"<h2>5-vaiheinen hydraulinen nostosylinteri kippiauton hydraulisylinteri<\/h2>\n<p>5-vaiheinen hydraulinen nostosylinteri kippiautoon on huippuluokan tuote, joka on suunniteltu tarjoamaan korkeimman tehokkuus- ja voimatason. Sen luotettava ja kest\u00e4v\u00e4 rakenne tekee siit\u00e4 olennaisen komponentin konepajoissa, maatiloilla, energia- ja kaivosteollisuudessa, konevalmistuksessa ja konetehtaissa.<\/p>\n<p><img loading=\"lazy\" decoding=\"async\" class=\"alignnone  wp-image-6664\" src=\"https:\/\/fmp-components.com\/wp-content\/uploads\/2025\/03\/telescopic-hydraulic-cylinder-8.webp\" alt=\"teleskooppinen hydraulisylinteri\" width=\"861\" height=\"861\" title=\"\" srcset=\"https:\/\/fmp-components.com\/wp-content\/uploads\/2025\/03\/telescopic-hydraulic-cylinder-8.webp 861w, https:\/\/fmp-components.com\/wp-content\/uploads\/2025\/03\/telescopic-hydraulic-cylinder-8-480x480.webp 480w\" sizes=\"(min-width: 0px) and (max-width: 480px) 480px, (min-width: 481px) 861px, 100vw\" \/><\/p>\n<h3>Tuotteen ominaisuudet ja tekniset tiedot<\/h3>\n<p>T\u00e4ll\u00e4 hydraulisylinterill\u00e4 on 1 vuoden takuu ja paino 28 kg. Siin\u00e4 on hydraulisylinterirakenne, joka toimii hydraulisella energialla ja on valmistettu korkealaatuisesta ter\u00e4ksest\u00e4 maksimaalisen kest\u00e4vyyden takaamiseksi. Sen suurin ty\u00f6nt\u00f6voima on 3000 ja suurin vetovoima 20 tonnia. Se on musta ja monivaiheinen hydraulisylinteri.<\/p>\n<table style=\"width: 95.1506%; height: 115px;\" border=\"\">\n<tbody>\n<tr style=\"height: 23px;\">\n<th style=\"width: 43.5028%; height: 23px;\">Rei\u00e4n koko<\/th>\n<td style=\"width: 459.393%; height: 23px;\">2\u20136 tuumaa<\/td>\n<\/tr>\n<tr style=\"height: 23px;\">\n<th style=\"width: 43.5028%; height: 23px;\">Tangon koko<\/th>\n<td style=\"width: 459.393%; height: 23px;\">1,125\u20134 tuumaa<\/td>\n<\/tr>\n<tr style=\"height: 23px;\">\n<th style=\"width: 43.5028%; height: 23px;\">Iskun koko<\/th>\n<td style=\"width: 459.393%; height: 23px;\">4\u2013100 tuumaa<\/td>\n<\/tr>\n<tr style=\"height: 23px;\">\n<th style=\"width: 43.5028%; height: 23px;\">Tapin koko<\/th>\n<td style=\"width: 459.393%; height: 23px;\">0,5\u20132 tuumaa<\/td>\n<\/tr>\n<tr style=\"height: 23px;\">\n<th style=\"width: 43.5028%; height: 23px;\">Portit<\/th>\n<td style=\"width: 459.393%; height: 23px;\">G\/SAE\/NPT\/M<\/td>\n<\/tr>\n<\/tbody>\n<\/table>\n<h2>Ainutlaatuiset ominaisuudet ja edut<\/h2>\n<p>T\u00e4m\u00e4 hydraulisylinteri on suunniteltu keskittyen energiatehokkuuteen, korkeaan suorituskykyyn ja turvallisuuteen, mik\u00e4 tekee siit\u00e4 markkinoiden johtavan valinnan. Sen innovatiiviset ominaisuudet varmistavat, ett\u00e4 se toimii huipputeholla ja minimoi ymp\u00e4rist\u00f6vaikutukset. Optimoimalla hydraulisen energian muuntamisen t\u00e4m\u00e4 sylinteri ei ainoastaan \u200b\u200balenna energiakustannuksia, vaan tukee my\u00f6s kest\u00e4vi\u00e4 k\u00e4yt\u00e4nt\u00f6j\u00e4. Lis\u00e4ksi sen kest\u00e4v\u00e4 rakenne ja edistynyt suunnittelu tarjoavat mielenrauhaa, sill\u00e4 se t\u00e4ytt\u00e4\u00e4 tiukat turvallisuusstandardit ja tarjoaa luotettavan toiminnan vaativissa olosuhteissa.<\/p>\n<h3>Hydraulij\u00e4rjestelm\u00e4t ja toimintaperiaatteet<\/h3>\n<p>Hydraulisylinteri toimii perusperiaatteella, jossa hydraulinen energia muunnetaan mekaaniseksi liikkeeksi. T\u00e4m\u00e4 prosessi sis\u00e4lt\u00e4\u00e4 paineen muuttamisen voimaksi, mink\u00e4 ansiosta sylinteri voi suorittaa erilaisia \u200b\u200bmekaanisia teht\u00e4vi\u00e4 tarkasti. Kun hydraulineste paineistetaan, se ty\u00f6ntyy sylinterin sis\u00e4ll\u00e4 olevaa m\u00e4nt\u00e4\u00e4 vasten ja tuottaa lineaarista liikett\u00e4. T\u00e4m\u00e4 tehokas energianmuunnos tekee hydraulisylintereist\u00e4 olennaisia \u200b\u200bkomponentteja lukuisissa koneissa ja suunnittelusovelluksissa, joiden avulla k\u00e4ytt\u00e4j\u00e4t voivat nostaa, ty\u00f6nt\u00e4\u00e4 tai vet\u00e4\u00e4 raskaita kuormia helposti.<\/p>\n<p><img loading=\"lazy\" decoding=\"async\" class=\"alignnone  wp-image-6665\" src=\"https:\/\/fmp-components.com\/wp-content\/uploads\/2025\/03\/telescopic-hydraulic-cylinder-9.webp\" alt=\"teleskooppinen hydraulisylinteri\" width=\"912\" height=\"912\" title=\"\" srcset=\"https:\/\/fmp-components.com\/wp-content\/uploads\/2025\/03\/telescopic-hydraulic-cylinder-9.webp 912w, https:\/\/fmp-components.com\/wp-content\/uploads\/2025\/03\/telescopic-hydraulic-cylinder-9-480x480.webp 480w\" sizes=\"(min-width: 0px) and (max-width: 480px) 480px, (min-width: 481px) 912px, 100vw\" \/><\/p>\n<h3>Sovellusskenaariot<\/h3>\n<p>T\u00e4ll\u00e4 hydraulisylinterill\u00e4 on laaja k\u00e4ytt\u00f6alue useilla eri aloilla, mukaan lukien:<\/p>\n<ul>\n<li><strong>Konekorjaamot:<\/strong> Korjausymp\u00e4rist\u00f6iss\u00e4 hydraulisylinterit helpottavat raskaiden koneiden osien nostamista ja sijoittamista, mik\u00e4 virtaviivaistaa huoltoprosesseja ja parantaa toiminnan tehokkuutta.<\/li>\n<li><strong>Maanviljely:<\/strong> Maataloussektorilla n\u00e4m\u00e4 sylinterit ovat ratkaisevan t\u00e4rkeit\u00e4 esimerkiksi traktoreiden ja puimureiden kaltaisten laitteiden k\u00e4yt\u00f6ss\u00e4. Ne auttavat teht\u00e4viss\u00e4, kuten nostamisessa, kynt\u00e4misess\u00e4 ja tavaroiden kuljetuksessa, mik\u00e4 parantaa merkitt\u00e4v\u00e4sti maatilojen tuottavuutta.<\/li>\n<li><strong>Energia ja kaivostoiminta:<\/strong> Hydraulisylinterit ovat elint\u00e4rkeit\u00e4 energia- ja kaivosteollisuudessa, jossa niit\u00e4 k\u00e4ytet\u00e4\u00e4n poraamiseen, louhintaan ja materiaalink\u00e4sittelyyn. Niiden kyky toimia luotettavasti ankarissa olosuhteissa tekee niist\u00e4 v\u00e4ltt\u00e4m\u00e4tt\u00f6mi\u00e4 n\u00e4iden teollisuudenalojen laitteissa.<\/li>\n<li><strong>Koneiden valmistus:<\/strong> Valmistusymp\u00e4rist\u00f6iss\u00e4 hydraulisylintereit\u00e4 k\u00e4ytet\u00e4\u00e4n prosessien automatisointiin, raskaiden materiaalien nostamiseen ja kokoonpanolinjojen virtal\u00e4hteen\u00e4. Niiden tehokkuus lis\u00e4\u00e4 tuottavuutta ja tarkkuutta tuotannossa.<\/li>\n<li><strong>Konetehtaat:<\/strong> N\u00e4ill\u00e4 sylintereill\u00e4 on keskeinen rooli erilaisten koneenosien kokoonpanossa ja k\u00e4yt\u00f6ss\u00e4, mik\u00e4 varmistaa sujuvat ty\u00f6nkulut ja tehokkaan materiaalink\u00e4sittelyn tehdasymp\u00e4rist\u00f6iss\u00e4.<\/li>\n<\/ul>\n<h2>Hydraulisylinterit ja voimayksik\u00f6t<\/h2>\n<p>Hydraulisylinterit ja voimayksik\u00f6t ovat olennaisia \u200b\u200bosia miss\u00e4 tahansa hydraulij\u00e4rjestelm\u00e4ss\u00e4, ja ne toimivat yhdess\u00e4 tarjotakseen luotettavaa tehoa ja ohjausta. Hydraulisylinteri toimii toimilaitteena, joka muuntaa hydraulisen energian mekaaniseksi liikkeeksi, kun taas voimayksikk\u00f6 tuottaa ja s\u00e4\u00e4telee toiminnan edellytt\u00e4m\u00e4\u00e4 hydraulipainetta. T\u00e4m\u00e4 symbioottinen suhde mahdollistaa hydrauliteknologian laajan soveltamisen eri teollisuudenaloilla varmistaen, ett\u00e4 kone- ja mekaaniset laitteet voivat toimia tehokkaasti ja tuloksellisesti. Yhdist\u00e4m\u00e4ll\u00e4 korkealaatuiset hydraulisylinterit edistyneisiin voimayksik\u00f6ihin yritykset voivat saavuttaa optimaalisen suorituskyvyn ja luotettavuuden toiminnassaan, mik\u00e4 edist\u00e4\u00e4 tuottavuutta ja innovaatioita omilla aloillaan.<\/p>\n<h2>Usein kysytyt kysymykset<\/h2>\n<p><b>K: Oletko kauppayhti\u00f6 vai valmistaja?<\/b><br \/>\nA: Olemme tehdas.<\/p>\n<p><b>K: Kuinka pitk\u00e4 on toimitusaikanne?<\/b><br \/>\nV: Yleens\u00e4 se on 25\u201335 p\u00e4iv\u00e4\u00e4.<\/p>\n<p><b>K: Toimitatteko n\u00e4ytteit\u00e4? Onko se ilmaista vai lis\u00e4maksullista?<\/b><br \/>\nV: Kyll\u00e4, voisimme tarjota n\u00e4ytteen, mutta se ei ole ilmainen.<\/p>\n<h3>Tietoja FMP:st\u00e4<\/h3>\n<p class=\"break-words\">FMP on johtava italialainen valmistaja, joka on erikoistunut korkealaatuisten hydraulisylintereiden suunnitteluun, kehitt\u00e4miseen ja tuotantoon. Rikkaalla, vuosikymmenten kokemukseen perustuvalla perinn\u00f6ll\u00e4mme yhdist\u00e4mme ylpe\u00e4n\u00e4 italialaisen k\u00e4sity\u00f6taidon huipputeknologiaan toimittaaksemme poikkeuksellisia hydraulisia ratkaisuja, jotka on r\u00e4\u00e4t\u00e4l\u00f6ity vastaamaan maailmanlaajuisen asiakaskuntamme monipuolisiin tarpeisiin. Italiassa, insin\u00f6\u00f6ritaidon huippuosaamisen keskuksessa, sijaitseva FMP on luotettava nimi hydrauliikkateollisuudessa ja sitoutunut tarjoamaan luotettavia, kest\u00e4vi\u00e4 ja innovatiivisia tuotteita, jotka voimaannuttavat yrityksi\u00e4 maailmanlaajuisesti.<\/p>\n<p class=\"break-words\">Yrityksemme yhdist\u00e4\u00e4 parhaat edistykselliset valmistusperinteet tulevaisuuteen suuntautuneeseen l\u00e4hestymistapaan. Vuosien kokemuksella hydrauliikkaj\u00e4rjestelmist\u00e4 FMP on kehittynyt nykyaikaiseksi yritykseksi, joka erottuu edukseen tutkimuksessa, suunnittelussa ja tuotannossa. Olemme erikoistuneet laajaan valikoimaan hydraulisylintereit\u00e4, mukaan lukien kaksitoimiset sylinterit, autojen nostosylinterit, maatalouskoneiden sylinterit ja r\u00e4\u00e4t\u00e4l\u00f6idyt ratkaisut erilaisiin teollisiin sovelluksiin. Olipa kyseess\u00e4 sitten rakentaminen, teollisuusasennukset, maatalous tai raskaskoneet, hydraulisylinterimme on rakennettu toimimaan vaativimmissakin olosuhteissa varmistaen turvallisuuden, tehokkuuden ja pitk\u00e4n k\u00e4ytt\u00f6i\u00e4n.<\/p>\n<p><img loading=\"lazy\" decoding=\"async\" class=\"alignnone size-full wp-image-6720\" src=\"https:\/\/fmp-components.com\/wp-content\/uploads\/2025\/03\/hydraulic-cylinder-8.webp\" alt=\"Teleskooppiset hydraulisylinterit\" width=\"933\" height=\"526\" title=\"\" srcset=\"https:\/\/fmp-components.com\/wp-content\/uploads\/2025\/03\/hydraulic-cylinder-8.webp 933w, https:\/\/fmp-components.com\/wp-content\/uploads\/2025\/03\/hydraulic-cylinder-8-480x271.webp 480w\" sizes=\"(min-width: 0px) and (max-width: 480px) 480px, (min-width: 481px) 933px, 100vw\" \/><\/p>\n<p class=\"break-words\">FMP:ll\u00e4 olemme ylpeit\u00e4 huippumoderneista tuotantolaitoksistamme, jotka on varustettu tarkkuuskoneilla ja edistyneill\u00e4 testausj\u00e4rjestelmill\u00e4. Valmistusprosessimme noudattavat tiukkoja kansallisia ja kansainv\u00e4lisi\u00e4 standardeja, mik\u00e4 varmistaa, ett\u00e4 jokainen tehtaaltamme l\u00e4htev\u00e4 hydraulisylinteri on eritt\u00e4in laadukas ja luotettava. Taitava tekninen tiimimme ja huippuluokan laitteet mahdollistavat tiukan laadunvalvonnan tuotannon jokaisessa vaiheessa \u2013 raaka-aineiden valinnasta lopputarkastukseen. T\u00e4m\u00e4 omistautuminen erinomaisuuteen on ansainnut meille sertifikaatteja ja tunnustusta alan viranomaisilta, mik\u00e4 on vahvistanut mainettamme luotettavana kumppanina.<\/p>\n<p class=\"break-words\">Missiomme on yksinkertainen mutta kunnianhimoinen: tarjota asiakkaillemme hydraulisylintereit\u00e4, jotka ylitt\u00e4v\u00e4t odotukset suorituskyvyss\u00e4, kest\u00e4vyydess\u00e4 ja arvossa. Toimimme ammattitaidon, rehellisyyden ja asiakasl\u00e4ht\u00f6isyyden ohjaamilla periaatteilla. Edist\u00e4m\u00e4ll\u00e4 innovaatio- ja tarkkuuskulttuuria ja jalostamme jatkuvasti tuotteitamme pysy\u00e4ksemme kilpailuedulla. Kattava tuotevalikoimamme ja kykymme tarjota r\u00e4\u00e4t\u00e4l\u00f6ityj\u00e4 ratkaisuja tekev\u00e4t meist\u00e4 ensisijaisen valinnan yrityksille, jotka etsiv\u00e4t tehokkaita hydraulisylintereit\u00e4.<\/p>\n<p class=\"break-words\">FMP on enemm\u00e4n kuin vain valmistaja \u2013 olemme kumppani menestyksess\u00e4si. Ymm\u00e4rr\u00e4mme, ett\u00e4 asiakkaamme luottavat meihin ty\u00f6kalujen toimittamisessa, jotka parantavat heid\u00e4n tuottavuuttaan ja turvallisuuttaan. Siksi olemme sitoutuneet tarjoamaan paitsi huippuluokan tuotteita my\u00f6s poikkeuksellista palvelua. Alustavasta konsultoinnista myynnin j\u00e4lkeiseen tukeen teemme tiivist\u00e4 yhteisty\u00f6t\u00e4 asiakkaidemme kanssa varmistaaksemme, ett\u00e4 heid\u00e4n tarpeensa t\u00e4ytet\u00e4\u00e4n ammattitaitoisesti ja huolellisesti. Kilpailukykyiset hintamme yhdistettyn\u00e4 horjumattomaan sitoutumiseemme laatuun tekev\u00e4t FMP:st\u00e4 \u00e4lykk\u00e4\u00e4n valinnan yrityksille, jotka haluavat investoida luotettaviin hydrauliikkaratkaisuihin.<\/p>","protected":false},"excerpt":{"rendered":"<p>5 Stage Hydraulic Hoist Cylinder Dump Truck Hydraulic Cylinder The 5 Stage Hydraulic Hoist Cylinder Dump Truck hydraulic cylinder is a state-of-the-art product designed to provide the highest level of efficiency and power. Its reliable and durable design makes it an essential component in machinery repair shops, farms, energy and mining sectors, machinery manufacturing and [&hellip;]<\/p>","protected":false},"featured_media":6767,"comment_status":"closed","ping_status":"closed","template":"","meta":{"_et_pb_use_builder":"","_et_pb_old_content":"","_et_gb_content_width":""},"product_brand":[],"product_cat":[103],"product_tag":[34,105],"class_list":{"0":"post-6645","1":"product","2":"type-product","3":"status-publish","4":"has-post-thumbnail","6":"product_cat-telescopic-hydraulic-cylinders","7":"product_tag-hydraulic-cylinder","8":"product_tag-telescopic-hydraulic-cylinders","10":"first","11":"instock","12":"product-type-simple"},"_links":{"self":[{"href":"https:\/\/fmp-components.com\/fi\/wp-json\/wp\/v2\/product\/6645","targetHints":{"allow":["GET"]}}],"collection":[{"href":"https:\/\/fmp-components.com\/fi\/wp-json\/wp\/v2\/product"}],"about":[{"href":"https:\/\/fmp-components.com\/fi\/wp-json\/wp\/v2\/types\/product"}],"replies":[{"embeddable":true,"href":"https:\/\/fmp-components.com\/fi\/wp-json\/wp\/v2\/comments?post=6645"}],"wp:featuredmedia":[{"embeddable":true,"href":"https:\/\/fmp-components.com\/fi\/wp-json\/wp\/v2\/media\/6767"}],"wp:attachment":[{"href":"https:\/\/fmp-components.com\/fi\/wp-json\/wp\/v2\/media?parent=6645"}],"wp:term":[{"taxonomy":"product_brand","embeddable":true,"href":"https:\/\/fmp-components.com\/fi\/wp-json\/wp\/v2\/product_brand?post=6645"},{"taxonomy":"product_cat","embeddable":true,"href":"https:\/\/fmp-components.com\/fi\/wp-json\/wp\/v2\/product_cat?post=6645"},{"taxonomy":"product_tag","embeddable":true,"href":"https:\/\/fmp-components.com\/fi\/wp-json\/wp\/v2\/product_tag?post=6645"}],"curies":[{"name":"wp","href":"https:\/\/api.w.org\/{rel}","templated":true}]}}