{"id":6643,"date":"2025-03-11T06:35:17","date_gmt":"2025-03-11T06:35:17","guid":{"rendered":"https:\/\/fmp-components.com\/product\/excellent-quality-3-stage-multistage-double-acting-hydraulic-cylinder"},"modified":"2025-03-18T01:03:20","modified_gmt":"2025-03-18T01:03:20","slug":"excellent-quality-3-stage-multistage-double-acting-hydraulic-cylinder","status":"publish","type":"product","link":"https:\/\/fmp-components.com\/fi\/product\/excellent-quality-3-stage-multistage-double-acting-hydraulic-cylinder\/","title":{"rendered":"Erinomainen laatu 3-vaiheinen monivaiheinen kaksitoiminen hydraulisylinteri"},"content":{"rendered":"<h2>Erinomainen laatu 3-vaiheinen monivaiheinen kaksitoiminen hydraulisylinteri<\/h2>\n<p>Koe kolmivaiheisen, monivaiheisen, kaksitoimisen hydraulisylinterimme erinomainen suorituskyky. Huolellisesti useille eri teollisuudenaloille valmistettu tuote on t\u00e4ydellinen yhdistelm\u00e4 tehokkuutta ja kest\u00e4vyytt\u00e4. Se on uusi lis\u00e4ys huippulaatuisten hydraulisylinterien mallistoon, joka lanseerattiin osana uutta tuotesarjaa 2025.<\/p>\n<h3>T\u00e4rkeimm\u00e4t ominaisuudet ja edut<\/h3>\n<ul>\n<li><strong>Laadukas materiaali:<\/strong> Valmistettu korkealaatuisesta ter\u00e4ksest\u00e4, se takaa pitk\u00e4aikaisen k\u00e4ytt\u00f6i\u00e4n ja kest\u00e4vyyden.<\/li>\n<li><strong>Kaksitoiminen:<\/strong> Tarjoaa sujuvan ja tehokkaan toiminnan sek\u00e4 ty\u00f6nt\u00f6- ett\u00e4 vetosuunnassa.<\/li>\n<li><strong>Vakiokoko:<\/strong> Sopii vakioteollisuuden sovelluksiin, joiden sis\u00e4halkaisija on 2\u20136 tuumaa ja tangon koko 1,125\u20134 tuumaa.<\/li>\n<li><strong>Suuri kapasiteetti:<\/strong> Ty\u00f6nt\u00f6voima on enint\u00e4\u00e4n 3000 ja vetovoima jopa 20 tonnia.<\/li>\n<li><strong>Takuu:<\/strong> Mukana 1 vuoden takuu keskeisille osille, mik\u00e4 takaa mielenrauhan.<\/li>\n<\/ul>\n<h3>Tekniset tiedot<\/h3>\n<table style=\"width: 96.9706%;\" border=\"\">\n<tbody>\n<tr>\n<td style=\"width: 43.4286%;\"><strong>Rei\u00e4n koko<\/strong><\/td>\n<td style=\"width: 402.857%;\">2\u20136 tuumaa<\/td>\n<\/tr>\n<tr>\n<td style=\"width: 43.4286%;\"><strong>Tangon koko<\/strong><\/td>\n<td style=\"width: 402.857%;\">1,125\u20134 tuumaa<\/td>\n<\/tr>\n<tr>\n<td style=\"width: 43.4286%;\"><strong>Iskun koko<\/strong><\/td>\n<td style=\"width: 402.857%;\">4\u2013100 tuumaa<\/td>\n<\/tr>\n<tr>\n<td style=\"width: 43.4286%;\"><strong>Tapin koko<\/strong><\/td>\n<td style=\"width: 402.857%;\">0,5\u20132 tuumaa<\/td>\n<\/tr>\n<tr>\n<td style=\"width: 43.4286%;\"><strong>Portit<\/strong><\/td>\n<td style=\"width: 402.857%;\">G\/SAE\/NPT\/M<\/td>\n<\/tr>\n<\/tbody>\n<\/table>\n<h2>Hydraulij\u00e4rjestelmien ymm\u00e4rt\u00e4minen<\/h2>\n<p>Hydraulij\u00e4rjestelm\u00e4t, kuten monivaiheinen hydraulisylinterimme, k\u00e4ytt\u00e4v\u00e4t nestett\u00e4 voimansiirtoon. J\u00e4rjestelm\u00e4n tehokkuus ja turvallisuus tekev\u00e4t siit\u00e4 ihanteellisen valinnan useille eri teollisuudenaloille konepajoista ja maatiloista energia-, kaivos- ja konepajateollisuuteen.<\/p>\n<p><img loading=\"lazy\" decoding=\"async\" class=\"alignnone wp-image-6661\" src=\"https:\/\/fmp-components.com\/wp-content\/uploads\/2025\/03\/telescopic-hydraulic-cylinder-10.webp\" alt=\"teleskooppinen hydraulisylinteri\" width=\"904\" height=\"904\" title=\"\" srcset=\"https:\/\/fmp-components.com\/wp-content\/uploads\/2025\/03\/telescopic-hydraulic-cylinder-10.webp 904w, https:\/\/fmp-components.com\/wp-content\/uploads\/2025\/03\/telescopic-hydraulic-cylinder-10-480x480.webp 480w\" sizes=\"(min-width: 0px) and (max-width: 480px) 480px, (min-width: 481px) 904px, 100vw\" \/><\/p>\n<h2>Hydraulisylinterien sovellukset<\/h2>\n<p>Hydraulisylinterimme ovat monipuolisia ja niit\u00e4 k\u00e4ytet\u00e4\u00e4n laajasti eri teollisuudenaloilla. Ne ovat erityisen hy\u00f6dyllisi\u00e4 raskaissa koneissa ja teollisuuslaitteissa tarvittavan tehon ja ohjauksen tarjoamiseksi.<\/p>\n<h2>Hydraulisylinterit ja voimayksik\u00f6t<\/h2>\n<p>Hydraulisylinterit ja voimayksik\u00f6t ovat hydraulisten j\u00e4rjestelmien olennaisia \u200b\u200bosia. Niiden yhteisty\u00f6 varmistaa hydrauliteknologian laajan k\u00e4yt\u00f6n teollisuudessa, tarjoten luotettavaa teho- ja ohjaustukea erilaisille kone- ja laitelaitteille. FMP myy my\u00f6s voimayksik\u00f6it\u00e4.<\/p>\n<h2>Usein kysytyt kysymykset<\/h2>\n<ol>\n<li><strong>K: Oletko kauppayhti\u00f6 vai valmistaja?<\/strong><br \/>\nA: Olemme tehdas.<\/li>\n<li><strong>K: Kuinka pitk\u00e4 on toimitusaikanne?<\/strong><br \/>\nV: Yleens\u00e4 se on 25\u201335 p\u00e4iv\u00e4\u00e4.<\/li>\n<li><strong>K: Voitteko tuottaa n\u00e4ytteiden mukaan?<\/strong><br \/>\nV: Kyll\u00e4, voimme valmistaa n\u00e4ytteidenne tai teknisten piirustustenne perusteella. Voimme rakentaa muotit ja kalusteet.<\/li>\n<\/ol>\n<h3>Tietoja FMP:st\u00e4<\/h3>\n<p class=\"break-words\">FMP on johtava italialainen valmistaja, joka on erikoistunut korkealaatuisten hydraulisylintereiden suunnitteluun, kehitt\u00e4miseen ja tuotantoon. Rikkaalla, vuosikymmenten kokemukseen perustuvalla perinn\u00f6ll\u00e4mme yhdist\u00e4mme ylpe\u00e4n\u00e4 italialaisen k\u00e4sity\u00f6taidon huipputeknologiaan toimittaaksemme poikkeuksellisia hydraulisia ratkaisuja, jotka on r\u00e4\u00e4t\u00e4l\u00f6ity vastaamaan maailmanlaajuisen asiakaskuntamme monipuolisiin tarpeisiin. Italiassa, insin\u00f6\u00f6ritaidon huippuosaamisen keskuksessa, sijaitseva FMP on luotettava nimi hydrauliikkateollisuudessa ja sitoutunut tarjoamaan luotettavia, kest\u00e4vi\u00e4 ja innovatiivisia tuotteita, jotka voimaannuttavat yrityksi\u00e4 maailmanlaajuisesti.<\/p>\n<p class=\"break-words\">Yrityksemme yhdist\u00e4\u00e4 parhaat edistykselliset valmistusperinteet tulevaisuuteen suuntautuneeseen l\u00e4hestymistapaan. Vuosien kokemuksella hydrauliikkaj\u00e4rjestelmist\u00e4 FMP on kehittynyt nykyaikaiseksi yritykseksi, joka erottuu edukseen tutkimuksessa, suunnittelussa ja tuotannossa. Olemme erikoistuneet laajaan valikoimaan hydraulisylintereit\u00e4, mukaan lukien kaksitoimiset sylinterit, autojen nostosylinterit, maatalouskoneiden sylinterit ja r\u00e4\u00e4t\u00e4l\u00f6idyt ratkaisut erilaisiin teollisiin sovelluksiin. Olipa kyseess\u00e4 sitten rakentaminen, teollisuusasennukset, maatalous tai raskaskoneet, hydraulisylinterimme on rakennettu toimimaan vaativimmissakin olosuhteissa varmistaen turvallisuuden, tehokkuuden ja pitk\u00e4n k\u00e4ytt\u00f6i\u00e4n.<\/p>\n<p><img loading=\"lazy\" decoding=\"async\" class=\"alignnone size-full wp-image-6720\" src=\"https:\/\/fmp-components.com\/wp-content\/uploads\/2025\/03\/hydraulic-cylinder-8.webp\" alt=\"Teleskooppiset hydraulisylinterit\" width=\"933\" height=\"526\" title=\"\" srcset=\"https:\/\/fmp-components.com\/wp-content\/uploads\/2025\/03\/hydraulic-cylinder-8.webp 933w, https:\/\/fmp-components.com\/wp-content\/uploads\/2025\/03\/hydraulic-cylinder-8-480x271.webp 480w\" sizes=\"(min-width: 0px) and (max-width: 480px) 480px, (min-width: 481px) 933px, 100vw\" \/><\/p>\n<p class=\"break-words\">FMP:ll\u00e4 olemme ylpeit\u00e4 huippumoderneista tuotantolaitoksistamme, jotka on varustettu tarkkuuskoneilla ja edistyneill\u00e4 testausj\u00e4rjestelmill\u00e4. Valmistusprosessimme noudattavat tiukkoja kansallisia ja kansainv\u00e4lisi\u00e4 standardeja, mik\u00e4 varmistaa, ett\u00e4 jokainen tehtaaltamme l\u00e4htev\u00e4 hydraulisylinteri on eritt\u00e4in laadukas ja luotettava. Taitava tekninen tiimimme ja huippuluokan laitteet mahdollistavat tiukan laadunvalvonnan tuotannon jokaisessa vaiheessa \u2013 raaka-aineiden valinnasta lopputarkastukseen. T\u00e4m\u00e4 omistautuminen erinomaisuuteen on ansainnut meille sertifikaatteja ja tunnustusta alan viranomaisilta, mik\u00e4 on vahvistanut mainettamme luotettavana kumppanina.<\/p>\n<p class=\"break-words\">Missiomme on yksinkertainen mutta kunnianhimoinen: tarjota asiakkaillemme hydraulisylintereit\u00e4, jotka ylitt\u00e4v\u00e4t odotukset suorituskyvyss\u00e4, kest\u00e4vyydess\u00e4 ja arvossa. Toimimme ammattitaidon, rehellisyyden ja asiakasl\u00e4ht\u00f6isyyden ohjaamilla periaatteilla. Edist\u00e4m\u00e4ll\u00e4 innovaatio- ja tarkkuuskulttuuria ja jalostamme jatkuvasti tuotteitamme pysy\u00e4ksemme kilpailuedulla. Kattava tuotevalikoimamme ja kykymme tarjota r\u00e4\u00e4t\u00e4l\u00f6ityj\u00e4 ratkaisuja tekev\u00e4t meist\u00e4 ensisijaisen valinnan yrityksille, jotka etsiv\u00e4t tehokkaita hydraulisylintereit\u00e4.<\/p>\n<p class=\"break-words\">FMP on enemm\u00e4n kuin vain valmistaja \u2013 olemme kumppani menestyksess\u00e4si. Ymm\u00e4rr\u00e4mme, ett\u00e4 asiakkaamme luottavat meihin ty\u00f6kalujen toimittamisessa, jotka parantavat heid\u00e4n tuottavuuttaan ja turvallisuuttaan. Siksi olemme sitoutuneet tarjoamaan paitsi huippuluokan tuotteita my\u00f6s poikkeuksellista palvelua. Alustavasta konsultoinnista myynnin j\u00e4lkeiseen tukeen teemme tiivist\u00e4 yhteisty\u00f6t\u00e4 asiakkaidemme kanssa varmistaaksemme, ett\u00e4 heid\u00e4n tarpeensa t\u00e4ytet\u00e4\u00e4n ammattitaitoisesti ja huolellisesti. Kilpailukykyiset hintamme yhdistettyn\u00e4 horjumattomaan sitoutumiseemme laatuun tekev\u00e4t FMP:st\u00e4 \u00e4lykk\u00e4\u00e4n valinnan yrityksille, jotka haluavat investoida luotettaviin hydrauliikkaratkaisuihin.<\/p>","protected":false},"excerpt":{"rendered":"<p>Excellent Quality 3 Stage Multistage Double Acting Hydraulic Cylinder Experience the superior performance of our 3 Stage Multistage Double Acting hydraulic cylinder. Crafted carefully for a variety of industries, this product is a perfect blend of efficiency and durability. It&#8217;s a new addition to our top-quality hydraulic cylinders collection, launched under the new product 2025 [&hellip;]<\/p>","protected":false},"featured_media":6782,"comment_status":"closed","ping_status":"closed","template":"","meta":{"_et_pb_use_builder":"","_et_pb_old_content":"","_et_gb_content_width":""},"product_brand":[],"product_cat":[103],"product_tag":[34,105],"class_list":{"0":"post-6643","1":"product","2":"type-product","3":"status-publish","4":"has-post-thumbnail","6":"product_cat-telescopic-hydraulic-cylinders","7":"product_tag-hydraulic-cylinder","8":"product_tag-telescopic-hydraulic-cylinders","10":"first","11":"instock","12":"product-type-simple"},"_links":{"self":[{"href":"https:\/\/fmp-components.com\/fi\/wp-json\/wp\/v2\/product\/6643","targetHints":{"allow":["GET"]}}],"collection":[{"href":"https:\/\/fmp-components.com\/fi\/wp-json\/wp\/v2\/product"}],"about":[{"href":"https:\/\/fmp-components.com\/fi\/wp-json\/wp\/v2\/types\/product"}],"replies":[{"embeddable":true,"href":"https:\/\/fmp-components.com\/fi\/wp-json\/wp\/v2\/comments?post=6643"}],"wp:featuredmedia":[{"embeddable":true,"href":"https:\/\/fmp-components.com\/fi\/wp-json\/wp\/v2\/media\/6782"}],"wp:attachment":[{"href":"https:\/\/fmp-components.com\/fi\/wp-json\/wp\/v2\/media?parent=6643"}],"wp:term":[{"taxonomy":"product_brand","embeddable":true,"href":"https:\/\/fmp-components.com\/fi\/wp-json\/wp\/v2\/product_brand?post=6643"},{"taxonomy":"product_cat","embeddable":true,"href":"https:\/\/fmp-components.com\/fi\/wp-json\/wp\/v2\/product_cat?post=6643"},{"taxonomy":"product_tag","embeddable":true,"href":"https:\/\/fmp-components.com\/fi\/wp-json\/wp\/v2\/product_tag?post=6643"}],"curies":[{"name":"wp","href":"https:\/\/api.w.org\/{rel}","templated":true}]}}