{"id":6639,"date":"2025-03-11T06:35:17","date_gmt":"2025-03-11T06:35:17","guid":{"rendered":"https:\/\/fmp-components.com\/product\/factory-direct-sale-2-stage-dump-truck-hydraulic-cylinder"},"modified":"2025-03-18T01:56:38","modified_gmt":"2025-03-18T01:56:38","slug":"factory-direct-sale-2-stage-dump-truck-hydraulic-cylinder","status":"publish","type":"product","link":"https:\/\/fmp-components.com\/fi\/product\/factory-direct-sale-2-stage-dump-truck-hydraulic-cylinder\/","title":{"rendered":"Tehtaan suoramyynti 2-vaiheinen kippiauton hydraulisylinteri"},"content":{"rendered":"<h2>Tehtaan suoramyynti 2-vaiheinen kippiauton hydraulisylinteri<\/h2>\n<p>Kaksivaiheinen kippiauton hydraulisylinteri on FMP:n upouusi, suoraan tehtaalta myyt\u00e4v\u00e4 tuote, joka tarjoaa erinomaista suorituskyky\u00e4 ja kest\u00e4vyytt\u00e4. Monivaiheisen hydrauliikkansa ja tehokkaan 3000 MO:n ty\u00f6nt\u00f6voimansa ansiosta t\u00e4m\u00e4 tuote on v\u00e4ltt\u00e4m\u00e4t\u00f6n konekorjaamoille, maatiloille ja energia-, kaivos- ja koneenrakennusteollisuudelle.<\/p>\n<h3>Ominaisuudet ja toiminnallisuus<\/h3>\n<p>T\u00e4m\u00e4 hydraulisylinteri tarjoaa useita vaikuttavia ominaisuuksia. ISO9001:2000-sertifiointi takaa laadun ja luotettavuuden. Ter\u00e4ksinen runkorakenne yhdistettyn\u00e4 vakiomalliseen m\u00e4nt\u00e4sylinterirakenteeseen tarjoaa kest\u00e4vyytt\u00e4 ja kyky\u00e4 kest\u00e4\u00e4 ankaria olosuhteita. Tuotteen suurin vetovoima on huomattavat 20 tonnia, mik\u00e4 tekee siit\u00e4 erinomaisen valinnan raskaaseen k\u00e4ytt\u00f6\u00f6n.<\/p>\n<h3>Tekniset tiedot<\/h3>\n<table style=\"width: 99.3143%; height: 125px;\" border=\"\">\n<tbody>\n<tr>\n<td colspan=\"\" rowspan=\"\"><i>Rei\u00e4n koko<\/i><\/td>\n<td colspan=\"\" rowspan=\"\">2\u20136 tuumaa<\/td>\n<\/tr>\n<tr>\n<td colspan=\"\" rowspan=\"\"><i>Tangon koko<\/i><\/td>\n<td colspan=\"\" rowspan=\"\">1,125\u20134 tuumaa<\/td>\n<\/tr>\n<tr>\n<td colspan=\"\" rowspan=\"\"><i>Iskun koko<\/i><\/td>\n<td colspan=\"\" rowspan=\"\">4\u2013100 tuumaa<\/td>\n<\/tr>\n<tr>\n<td colspan=\"\" rowspan=\"\"><i>Tapin koko<\/i><\/td>\n<td colspan=\"\" rowspan=\"\">0,5\u20132 tuumaa<\/td>\n<\/tr>\n<tr>\n<td colspan=\"\" rowspan=\"\"><i>Portit<\/i><\/td>\n<td colspan=\"\" rowspan=\"\">G\/SAE\/NPT\/M<\/td>\n<\/tr>\n<\/tbody>\n<\/table>\n<h2>Ainutlaatuiset edut<\/h2>\n<ul>\n<li>Energiatehokkuus: Hydraulisylinteri toimii hydraulisella voimalla, mik\u00e4 varmistaa alhaisemman energiankulutuksen.<\/li>\n<li>Tehokkuus: Sylinterin ty\u00f6nt\u00f6voima on enint\u00e4\u00e4n 3000, mik\u00e4 tekee toiminnasta nopeaa ja tehokasta.<\/li>\n<li>Turvallisuus: Tuotteella on 1 vuoden takuu keskeisille osille, mik\u00e4 tarjoaa mielenrauhaa.<\/li>\n<\/ul>\n<p><img loading=\"lazy\" decoding=\"async\" class=\"alignnone wp-image-6662\" src=\"https:\/\/fmp-components.com\/wp-content\/uploads\/2025\/03\/telescopic-hydraulic-cylinder-4.webp\" alt=\"teleskooppinen hydraulisylinteri\" width=\"774\" height=\"774\" title=\"\" srcset=\"https:\/\/fmp-components.com\/wp-content\/uploads\/2025\/03\/telescopic-hydraulic-cylinder-4.webp 774w, https:\/\/fmp-components.com\/wp-content\/uploads\/2025\/03\/telescopic-hydraulic-cylinder-4-480x480.webp 480w\" sizes=\"(min-width: 0px) and (max-width: 480px) 480px, (min-width: 481px) 774px, 100vw\" \/><\/p>\n<h2>Hydraulij\u00e4rjestelm\u00e4 ja toimintaperiaate<\/h2>\n<p>Hydraulisylinteri toimii periaatteella, jossa hydraulinen energia muunnetaan mekaaniseksi liikkeeksi. Se k\u00e4ytt\u00e4\u00e4 nesteen painetta voiman tuottamiseen, jota sitten k\u00e4ytet\u00e4\u00e4n ty\u00f6n suorittamiseen.<\/p>\n<h2>Hydraulisylinterin k\u00e4ytt\u00f6<\/h2>\n<p>Kaksivaiheinen kippiauton hydraulisylinteri on monipuolinen tuote, jota voidaan k\u00e4ytt\u00e4\u00e4 useilla eri toimialoilla, kuten koneiden korjauksessa, maataloudessa, energia-alalla, kaivosteollisuudessa ja koneiden valmistuksessa.<\/p>\n<h3>Tietoja FMP:st\u00e4<\/h3>\n<p class=\"break-words\">FMP on johtava italialainen valmistaja, joka on erikoistunut korkealaatuisten hydraulisylintereiden suunnitteluun, kehitt\u00e4miseen ja tuotantoon. Rikkaalla, vuosikymmenten kokemukseen perustuvalla perinn\u00f6ll\u00e4mme yhdist\u00e4mme ylpe\u00e4n\u00e4 italialaisen k\u00e4sity\u00f6taidon huipputeknologiaan toimittaaksemme poikkeuksellisia hydraulisia ratkaisuja, jotka on r\u00e4\u00e4t\u00e4l\u00f6ity vastaamaan maailmanlaajuisen asiakaskuntamme monipuolisiin tarpeisiin. Italiassa, insin\u00f6\u00f6ritaidon huippuosaamisen keskuksessa, sijaitseva FMP on luotettava nimi hydrauliikkateollisuudessa ja sitoutunut tarjoamaan luotettavia, kest\u00e4vi\u00e4 ja innovatiivisia tuotteita, jotka voimaannuttavat yrityksi\u00e4 maailmanlaajuisesti.<\/p>\n<p class=\"break-words\">Yrityksemme yhdist\u00e4\u00e4 parhaat edistykselliset valmistusperinteet tulevaisuuteen suuntautuneeseen l\u00e4hestymistapaan. Vuosien kokemuksella hydrauliikkaj\u00e4rjestelmist\u00e4 FMP on kehittynyt nykyaikaiseksi yritykseksi, joka erottuu edukseen tutkimuksessa, suunnittelussa ja tuotannossa. Olemme erikoistuneet laajaan valikoimaan hydraulisylintereit\u00e4, mukaan lukien kaksitoimiset sylinterit, autojen nostosylinterit, maatalouskoneiden sylinterit ja r\u00e4\u00e4t\u00e4l\u00f6idyt ratkaisut erilaisiin teollisiin sovelluksiin. Olipa kyseess\u00e4 sitten rakentaminen, teollisuusasennukset, maatalous tai raskaskoneet, hydraulisylinterimme on rakennettu toimimaan vaativimmissakin olosuhteissa varmistaen turvallisuuden, tehokkuuden ja pitk\u00e4n k\u00e4ytt\u00f6i\u00e4n.<\/p>\n<p><img loading=\"lazy\" decoding=\"async\" class=\"alignnone size-full wp-image-6720\" src=\"https:\/\/fmp-components.com\/wp-content\/uploads\/2025\/03\/hydraulic-cylinder-8.webp\" alt=\"Teleskooppiset hydraulisylinterit\" width=\"933\" height=\"526\" title=\"\" srcset=\"https:\/\/fmp-components.com\/wp-content\/uploads\/2025\/03\/hydraulic-cylinder-8.webp 933w, https:\/\/fmp-components.com\/wp-content\/uploads\/2025\/03\/hydraulic-cylinder-8-480x271.webp 480w\" sizes=\"(min-width: 0px) and (max-width: 480px) 480px, (min-width: 481px) 933px, 100vw\" \/><\/p>\n<p class=\"break-words\">FMP:ll\u00e4 olemme ylpeit\u00e4 huippumoderneista tuotantolaitoksistamme, jotka on varustettu tarkkuuskoneilla ja edistyneill\u00e4 testausj\u00e4rjestelmill\u00e4. Valmistusprosessimme noudattavat tiukkoja kansallisia ja kansainv\u00e4lisi\u00e4 standardeja, mik\u00e4 varmistaa, ett\u00e4 jokainen tehtaaltamme l\u00e4htev\u00e4 hydraulisylinteri on eritt\u00e4in laadukas ja luotettava. Taitava tekninen tiimimme ja huippuluokan laitteet mahdollistavat tiukan laadunvalvonnan tuotannon jokaisessa vaiheessa \u2013 raaka-aineiden valinnasta lopputarkastukseen. T\u00e4m\u00e4 omistautuminen erinomaisuuteen on ansainnut meille sertifikaatteja ja tunnustusta alan viranomaisilta, mik\u00e4 on vahvistanut mainettamme luotettavana kumppanina.<\/p>\n<p class=\"break-words\">Missiomme on yksinkertainen mutta kunnianhimoinen: tarjota asiakkaillemme hydraulisylintereit\u00e4, jotka ylitt\u00e4v\u00e4t odotukset suorituskyvyss\u00e4, kest\u00e4vyydess\u00e4 ja arvossa. Toimimme ammattitaidon, rehellisyyden ja asiakasl\u00e4ht\u00f6isyyden ohjaamilla periaatteilla. Edist\u00e4m\u00e4ll\u00e4 innovaatio- ja tarkkuuskulttuuria ja jalostamme jatkuvasti tuotteitamme pysy\u00e4ksemme kilpailuedulla. Kattava tuotevalikoimamme ja kykymme tarjota r\u00e4\u00e4t\u00e4l\u00f6ityj\u00e4 ratkaisuja tekev\u00e4t meist\u00e4 ensisijaisen valinnan yrityksille, jotka etsiv\u00e4t tehokkaita hydraulisylintereit\u00e4.<\/p>\n<p class=\"break-words\">FMP on enemm\u00e4n kuin vain valmistaja \u2013 olemme kumppani menestyksess\u00e4si. Ymm\u00e4rr\u00e4mme, ett\u00e4 asiakkaamme luottavat meihin ty\u00f6kalujen toimittamisessa, jotka parantavat heid\u00e4n tuottavuuttaan ja turvallisuuttaan. Siksi olemme sitoutuneet tarjoamaan paitsi huippuluokan tuotteita my\u00f6s poikkeuksellista palvelua. Alustavasta konsultoinnista myynnin j\u00e4lkeiseen tukeen teemme tiivist\u00e4 yhteisty\u00f6t\u00e4 asiakkaidemme kanssa varmistaaksemme, ett\u00e4 heid\u00e4n tarpeensa t\u00e4ytet\u00e4\u00e4n ammattitaitoisesti ja huolellisesti. Kilpailukykyiset hintamme yhdistettyn\u00e4 horjumattomaan sitoutumiseemme laatuun tekev\u00e4t FMP:st\u00e4 \u00e4lykk\u00e4\u00e4n valinnan yrityksille, jotka haluavat investoida luotettaviin hydrauliikkaratkaisuihin.<\/p>","protected":false},"excerpt":{"rendered":"<p>Tehtaan suoramyyntiin tarkoitettu 2-vaiheinen kippiauton hydraulisylinteri 2-vaiheinen kippiauton hydraulisylinteri on FMP:n upouusi, tehtaan suoramyyntiin tarkoitettu tuote, joka tarjoaa erinomaista suorituskyky\u00e4 ja kest\u00e4vyytt\u00e4. Monivaiheisen hydrauliikkansa ja tehokkaan 3000 ty\u00f6nt\u00f6voimansa ansiosta t\u00e4m\u00e4 tuote on v\u00e4ltt\u00e4m\u00e4t\u00f6n konekorjaamoille, maatiloille ja muille teollisuudenaloille, jotka [\u2026]<\/p>","protected":false},"featured_media":6779,"comment_status":"closed","ping_status":"closed","template":"","meta":{"_et_pb_use_builder":"","_et_pb_old_content":"","_et_gb_content_width":""},"product_brand":[],"product_cat":[103],"product_tag":[34,105],"class_list":{"0":"post-6639","1":"product","2":"type-product","3":"status-publish","4":"has-post-thumbnail","6":"product_cat-telescopic-hydraulic-cylinders","7":"product_tag-hydraulic-cylinder","8":"product_tag-telescopic-hydraulic-cylinders","10":"first","11":"instock","12":"product-type-simple"},"_links":{"self":[{"href":"https:\/\/fmp-components.com\/fi\/wp-json\/wp\/v2\/product\/6639","targetHints":{"allow":["GET"]}}],"collection":[{"href":"https:\/\/fmp-components.com\/fi\/wp-json\/wp\/v2\/product"}],"about":[{"href":"https:\/\/fmp-components.com\/fi\/wp-json\/wp\/v2\/types\/product"}],"replies":[{"embeddable":true,"href":"https:\/\/fmp-components.com\/fi\/wp-json\/wp\/v2\/comments?post=6639"}],"wp:featuredmedia":[{"embeddable":true,"href":"https:\/\/fmp-components.com\/fi\/wp-json\/wp\/v2\/media\/6779"}],"wp:attachment":[{"href":"https:\/\/fmp-components.com\/fi\/wp-json\/wp\/v2\/media?parent=6639"}],"wp:term":[{"taxonomy":"product_brand","embeddable":true,"href":"https:\/\/fmp-components.com\/fi\/wp-json\/wp\/v2\/product_brand?post=6639"},{"taxonomy":"product_cat","embeddable":true,"href":"https:\/\/fmp-components.com\/fi\/wp-json\/wp\/v2\/product_cat?post=6639"},{"taxonomy":"product_tag","embeddable":true,"href":"https:\/\/fmp-components.com\/fi\/wp-json\/wp\/v2\/product_tag?post=6639"}],"curies":[{"name":"wp","href":"https:\/\/api.w.org\/{rel}","templated":true}]}}