{"id":6637,"date":"2025-03-11T06:35:17","date_gmt":"2025-03-11T06:35:17","guid":{"rendered":"https:\/\/fmp-components.com\/product\/professional-mini-multistage-hydraulic-cylinder-telescopic-hydraulic-cylinder"},"modified":"2025-03-12T08:58:57","modified_gmt":"2025-03-12T08:58:57","slug":"professional-mini-multistage-hydraulic-cylinder-telescopic-hydraulic-cylinder","status":"publish","type":"product","link":"https:\/\/fmp-components.com\/fi\/product\/professional-mini-multistage-hydraulic-cylinder-telescopic-hydraulic-cylinder\/","title":{"rendered":"Ammattimainen minikokoinen monivaiheinen hydraulisylinteri Teleskooppinen hydraulisylinteri"},"content":{"rendered":"<h2>Ammattimainen minikokoinen monivaiheinen hydraulisylinteri Teleskooppinen hydraulisylinteri<\/h2>\n<p>Ammattimainen minikokoinen monivaiheinen hydraulisylinteri teleskooppisella hydraulisylinterill\u00e4 on olennainen osa useilla eri teollisuudenaloilla, kuten konepajoissa, maatiloilla, energia- ja kaivosteollisuudessa, konevalmistuksessa ja konetehtaissa. Sylinteri on suunniteltu tarjoamaan erinomaista suorituskyky\u00e4 erilaisissa sovelluksissa.<\/p>\n<h3>Tuotteen tekniset tiedot<\/h3>\n<p>Ter\u00e4srunkoisen hydraulisylinterin suurin ty\u00f6nt\u00f6voima on 3000 ja suurin vetovoima 20 tonnia. Sylinterin sis\u00e4halkaisija on 2\u20136 tuumaa, m\u00e4nn\u00e4nvarren koko 1,125\u20134 tuumaa ja iskunpituus 4\u2013100 tuumaa. Tapin koko on 0,5\u20132 tuumaa. Lis\u00e4ksi se on saatavana tyylikk\u00e4\u00e4n mustana.<\/p>\n<table style=\"width: 93.6391%;\" border=\"\">\n<tbody>\n<tr>\n<th style=\"width: 43.4286%;\">Rei\u00e4n koko<\/th>\n<td style=\"width: 387.429%;\">2\u20136 tuumaa<\/td>\n<\/tr>\n<tr>\n<th style=\"width: 43.4286%;\">Tangon koko<\/th>\n<td style=\"width: 387.429%;\">1,125\u20134 tuumaa<\/td>\n<\/tr>\n<tr>\n<th style=\"width: 43.4286%;\">Iskun koko<\/th>\n<td style=\"width: 387.429%;\">4\u2013100 tuumaa<\/td>\n<\/tr>\n<tr>\n<th style=\"width: 43.4286%;\">Tapin koko<\/th>\n<td style=\"width: 387.429%;\">0,5\u20132 tuumaa<\/td>\n<\/tr>\n<tr>\n<th style=\"width: 43.4286%;\">Portit<\/th>\n<td style=\"width: 387.429%;\">G\/SAE\/NPT\/M<\/td>\n<\/tr>\n<\/tbody>\n<\/table>\n<h2>Tuotteen ominaisuudet ja edut<\/h2>\n<p>Hydraulisylinteri on suunniteltu maksimoimaan tehokkuus ja samalla varmistamaan turvallisuus. Se on tunnettu energians\u00e4\u00e4st\u00f6ominaisuuksistaan, kest\u00e4v\u00e4st\u00e4 rakenteestaan \u200b\u200bja luotettavasta suorituskyvyst\u00e4\u00e4n.<\/p>\n<p><img loading=\"lazy\" decoding=\"async\" class=\"alignnone  wp-image-6658\" src=\"https:\/\/fmp-components.com\/wp-content\/uploads\/2025\/03\/telescopic-hydraulic-cylinder-6.webp\" alt=\"teleskooppinen hydraulisylinteri\" width=\"773\" height=\"773\" title=\"\" srcset=\"https:\/\/fmp-components.com\/wp-content\/uploads\/2025\/03\/telescopic-hydraulic-cylinder-6.webp 773w, https:\/\/fmp-components.com\/wp-content\/uploads\/2025\/03\/telescopic-hydraulic-cylinder-6-480x480.webp 480w\" sizes=\"(min-width: 0px) and (max-width: 480px) 480px, (min-width: 481px) 773px, 100vw\" \/><\/p>\n<h2>Hydraulij\u00e4rjestelmien ja niiden toimintaperiaatteen ymm\u00e4rt\u00e4minen<\/h2>\n<p>Hydraulisylinteri toimii hydraulisella periaatteella muuttamalla nesteen paineen mekaaniseksi ty\u00f6ksi. T\u00e4m\u00e4 mekanismi on ratkaisevan t\u00e4rke\u00e4 monissa teollisissa sovelluksissa.<\/p>\n<h2>Hydraulisylinterin k\u00e4ytt\u00f6<\/h2>\n<p>Hydraulisylinteri\u00e4 k\u00e4ytet\u00e4\u00e4n laajalti lukuisilla teollisuudenaloilla sen monipuolisuuden ja tehokkuuden ansiosta. Erityisi\u00e4 sovelluksia ovat konekorjaamot, maatilat, energia- ja kaivostoiminta, konevalmistus ja konetehtaat.<\/p>\n<h3>Usein kysytyt kysymykset<\/h3>\n<dl>\n<dt>K: Oletko kauppayhti\u00f6 vai valmistaja?<\/dt>\n<dd>V: Olemme valmistaja.<\/dd>\n<dt>K: Kuinka pitk\u00e4 on toimitusaikanne?<\/dt>\n<dd>V: Yleens\u00e4 se on 25\u201335 p\u00e4iv\u00e4\u00e4.<\/dd>\n<dt>K: Toimitatteko n\u00e4ytteit\u00e4?<\/dt>\n<dd>V: Kyll\u00e4, voisimme tarjota n\u00e4ytteen, mutta se ei ole ilmainen.<\/dd>\n<\/dl>\n<h3>Tietoja FMP:st\u00e4<\/h3>\n<p class=\"break-words\">FMP on johtava italialainen valmistaja, joka on erikoistunut korkealaatuisten hydraulisylintereiden suunnitteluun, kehitt\u00e4miseen ja tuotantoon. Rikkaalla, vuosikymmenten kokemukseen perustuvalla perinn\u00f6ll\u00e4mme yhdist\u00e4mme ylpe\u00e4n\u00e4 italialaisen k\u00e4sity\u00f6taidon huipputeknologiaan toimittaaksemme poikkeuksellisia hydraulisia ratkaisuja, jotka on r\u00e4\u00e4t\u00e4l\u00f6ity vastaamaan maailmanlaajuisen asiakaskuntamme monipuolisiin tarpeisiin. Italiassa, insin\u00f6\u00f6ritaidon huippuosaamisen keskuksessa, sijaitseva FMP on luotettava nimi hydrauliikkateollisuudessa ja sitoutunut tarjoamaan luotettavia, kest\u00e4vi\u00e4 ja innovatiivisia tuotteita, jotka voimaannuttavat yrityksi\u00e4 maailmanlaajuisesti.<\/p>\n<p class=\"break-words\">Yrityksemme yhdist\u00e4\u00e4 parhaat edistykselliset valmistusperinteet tulevaisuuteen suuntautuneeseen l\u00e4hestymistapaan. Vuosien kokemuksella hydrauliikkaj\u00e4rjestelmist\u00e4 FMP on kehittynyt nykyaikaiseksi yritykseksi, joka erottuu edukseen tutkimuksessa, suunnittelussa ja tuotannossa. Olemme erikoistuneet laajaan valikoimaan hydraulisylintereit\u00e4, mukaan lukien kaksitoimiset sylinterit, autojen nostosylinterit, maatalouskoneiden sylinterit ja r\u00e4\u00e4t\u00e4l\u00f6idyt ratkaisut erilaisiin teollisiin sovelluksiin. Olipa kyseess\u00e4 sitten rakentaminen, teollisuusasennukset, maatalous tai raskaskoneet, hydraulisylinterimme on rakennettu toimimaan vaativimmissakin olosuhteissa varmistaen turvallisuuden, tehokkuuden ja pitk\u00e4n k\u00e4ytt\u00f6i\u00e4n.<\/p>\n<p><img loading=\"lazy\" decoding=\"async\" class=\"alignnone size-full wp-image-6720\" src=\"https:\/\/fmp-components.com\/wp-content\/uploads\/2025\/03\/hydraulic-cylinder-8.webp\" alt=\"Teleskooppiset hydraulisylinterit\" width=\"933\" height=\"526\" title=\"\" srcset=\"https:\/\/fmp-components.com\/wp-content\/uploads\/2025\/03\/hydraulic-cylinder-8.webp 933w, https:\/\/fmp-components.com\/wp-content\/uploads\/2025\/03\/hydraulic-cylinder-8-480x271.webp 480w\" sizes=\"(min-width: 0px) and (max-width: 480px) 480px, (min-width: 481px) 933px, 100vw\" \/><\/p>\n<p class=\"break-words\">FMP:ll\u00e4 olemme ylpeit\u00e4 huippumoderneista tuotantolaitoksistamme, jotka on varustettu tarkkuuskoneilla ja edistyneill\u00e4 testausj\u00e4rjestelmill\u00e4. Valmistusprosessimme noudattavat tiukkoja kansallisia ja kansainv\u00e4lisi\u00e4 standardeja, mik\u00e4 varmistaa, ett\u00e4 jokainen tehtaaltamme l\u00e4htev\u00e4 hydraulisylinteri on eritt\u00e4in laadukas ja luotettava. Taitava tekninen tiimimme ja huippuluokan laitteet mahdollistavat tiukan laadunvalvonnan tuotannon jokaisessa vaiheessa \u2013 raaka-aineiden valinnasta lopputarkastukseen. T\u00e4m\u00e4 omistautuminen erinomaisuuteen on ansainnut meille sertifikaatteja ja tunnustusta alan viranomaisilta, mik\u00e4 on vahvistanut mainettamme luotettavana kumppanina.<\/p>\n<p class=\"break-words\">Missiomme on yksinkertainen mutta kunnianhimoinen: tarjota asiakkaillemme hydraulisylintereit\u00e4, jotka ylitt\u00e4v\u00e4t odotukset suorituskyvyss\u00e4, kest\u00e4vyydess\u00e4 ja arvossa. Toimimme ammattitaidon, rehellisyyden ja asiakasl\u00e4ht\u00f6isyyden ohjaamilla periaatteilla. Edist\u00e4m\u00e4ll\u00e4 innovaatio- ja tarkkuuskulttuuria ja jalostamme jatkuvasti tuotteitamme pysy\u00e4ksemme kilpailuedulla. Kattava tuotevalikoimamme ja kykymme tarjota r\u00e4\u00e4t\u00e4l\u00f6ityj\u00e4 ratkaisuja tekev\u00e4t meist\u00e4 ensisijaisen valinnan yrityksille, jotka etsiv\u00e4t tehokkaita hydraulisylintereit\u00e4.<\/p>\n<p class=\"break-words\">FMP on enemm\u00e4n kuin vain valmistaja \u2013 olemme kumppani menestyksess\u00e4si. Ymm\u00e4rr\u00e4mme, ett\u00e4 asiakkaamme luottavat meihin ty\u00f6kalujen toimittamisessa, jotka parantavat heid\u00e4n tuottavuuttaan ja turvallisuuttaan. Siksi olemme sitoutuneet tarjoamaan paitsi huippuluokan tuotteita my\u00f6s poikkeuksellista palvelua. Alustavasta konsultoinnista myynnin j\u00e4lkeiseen tukeen teemme tiivist\u00e4 yhteisty\u00f6t\u00e4 asiakkaidemme kanssa varmistaaksemme, ett\u00e4 heid\u00e4n tarpeensa t\u00e4ytet\u00e4\u00e4n ammattitaitoisesti ja huolellisesti. Kilpailukykyiset hintamme yhdistettyn\u00e4 horjumattomaan sitoutumiseemme laatuun tekev\u00e4t FMP:st\u00e4 \u00e4lykk\u00e4\u00e4n valinnan yrityksille, jotka haluavat investoida luotettaviin hydrauliikkaratkaisuihin.<\/p>","protected":false},"excerpt":{"rendered":"<p>Professional Mini Multistage Hydraulic Cylinder Telescopic Hydraulic Cylinder The Professional Mini Multistage Hydraulic Cylinder Telescopic Hydraulic Cylinder is an integral component in various industries, including Machinery Repair Shops, Farms, Energy &amp; Mining, Machinery manufacturing, and Machinery Factories. The cylinder is designed to provide superior performance in a variety of applications. Product Specifications Constructed with a [&hellip;]<\/p>","protected":false},"featured_media":6777,"comment_status":"closed","ping_status":"closed","template":"","meta":{"_et_pb_use_builder":"","_et_pb_old_content":"","_et_gb_content_width":""},"product_brand":[],"product_cat":[103],"product_tag":[34,105],"class_list":{"0":"post-6637","1":"product","2":"type-product","3":"status-publish","4":"has-post-thumbnail","6":"product_cat-telescopic-hydraulic-cylinders","7":"product_tag-hydraulic-cylinder","8":"product_tag-telescopic-hydraulic-cylinders","10":"first","11":"instock","12":"product-type-simple"},"_links":{"self":[{"href":"https:\/\/fmp-components.com\/fi\/wp-json\/wp\/v2\/product\/6637","targetHints":{"allow":["GET"]}}],"collection":[{"href":"https:\/\/fmp-components.com\/fi\/wp-json\/wp\/v2\/product"}],"about":[{"href":"https:\/\/fmp-components.com\/fi\/wp-json\/wp\/v2\/types\/product"}],"replies":[{"embeddable":true,"href":"https:\/\/fmp-components.com\/fi\/wp-json\/wp\/v2\/comments?post=6637"}],"wp:featuredmedia":[{"embeddable":true,"href":"https:\/\/fmp-components.com\/fi\/wp-json\/wp\/v2\/media\/6777"}],"wp:attachment":[{"href":"https:\/\/fmp-components.com\/fi\/wp-json\/wp\/v2\/media?parent=6637"}],"wp:term":[{"taxonomy":"product_brand","embeddable":true,"href":"https:\/\/fmp-components.com\/fi\/wp-json\/wp\/v2\/product_brand?post=6637"},{"taxonomy":"product_cat","embeddable":true,"href":"https:\/\/fmp-components.com\/fi\/wp-json\/wp\/v2\/product_cat?post=6637"},{"taxonomy":"product_tag","embeddable":true,"href":"https:\/\/fmp-components.com\/fi\/wp-json\/wp\/v2\/product_tag?post=6637"}],"curies":[{"name":"wp","href":"https:\/\/api.w.org\/{rel}","templated":true}]}}