{"id":6631,"date":"2025-03-11T06:35:17","date_gmt":"2025-03-11T06:35:17","guid":{"rendered":"https:\/\/fmp-components.com\/product\/3-stage-small-dump-truck-hydraulic-cylinder-for-dump-trailer"},"modified":"2025-03-12T08:41:53","modified_gmt":"2025-03-12T08:41:53","slug":"3-stage-small-dump-truck-hydraulic-cylinder-for-dump-trailer","status":"publish","type":"product","link":"https:\/\/fmp-components.com\/fi\/product\/3-stage-small-dump-truck-hydraulic-cylinder-for-dump-trailer\/","title":{"rendered":"3-vaiheinen pieni kippiauton hydraulisylinteri kippiper\u00e4vaunulle"},"content":{"rendered":"<h2>3-vaiheinen pieni kippiauton hydraulisylinteri kippiper\u00e4vaunulle<\/h2>\n<p>T\u00e4m\u00e4 kolmivaiheinen pienten kippiautojen hydraulisylinteri on monipuolinen ja tehokas hydraulij\u00e4rjestelm\u00e4, joka on suunniteltu k\u00e4ytett\u00e4v\u00e4ksi kippiper\u00e4vaunuissa. Sylinteri on valmistettu kest\u00e4v\u00e4st\u00e4 ter\u00e4srungosta, mik\u00e4 takaa kest\u00e4vyyden ja pitk\u00e4n k\u00e4ytt\u00f6i\u00e4n. Maksimaalisen ty\u00f6nt\u00f6voiman 3000 tonnia ja maksimivetovahvuuden 20 tonnia ansiosta t\u00e4m\u00e4 hydraulisylinteri tarjoaa tehokkaan ja luotettavan suorituskyvyn raskaisiin teht\u00e4viisi.<\/p>\n<h3>Toiminnot ja ominaisuudet<\/h3>\n<p>Hydraulisylinteri toimii koneesi keskeisen\u00e4 osana, joka muuntaa hydraulisen voiman mekaaniseksi liikkeeksi. T\u00e4ss\u00e4 monivaiheisessa hydraulisylinteriss\u00e4 on useita ominaisuuksia, mukaan lukien vakio- tai ei-standardimallit: vakio, rakenne: m\u00e4nt\u00e4sylinteri, teho: hydraulinen, reik\u00e4koko: 2\u20136 tuumaa, m\u00e4nn\u00e4nvarren koko: 1,125\u20134 tuumaa, iskunpituus: 4\u2013100 tuumaa, tapin koko: 0,5\u20132 tuumaa. N\u00e4m\u00e4 ominaisuudet tekev\u00e4t siit\u00e4 luotettavan ja tehokkaan vaihtoehdon koneesiisi.<\/p>\n<h3>Tuotteen tekniset tiedot<\/h3>\n<table style=\"width: 95.4718%;\" border=\"\">\n<tbody>\n<tr>\n<td style=\"width: 42.8571%;\"><i>Rei\u00e4n koko<\/i><\/td>\n<td style=\"width: 386.286%;\">2\u20136 tuumaa<\/td>\n<\/tr>\n<tr>\n<td style=\"width: 42.8571%;\"><i>Tangon koko<\/i><\/td>\n<td style=\"width: 386.286%;\">1,125\u20134 tuumaa<\/td>\n<\/tr>\n<tr>\n<td style=\"width: 42.8571%;\"><i>Iskun koko<\/i><\/td>\n<td style=\"width: 386.286%;\">4\u2013100 tuumaa<\/td>\n<\/tr>\n<tr>\n<td style=\"width: 42.8571%;\"><i>Tapin koko<\/i><\/td>\n<td style=\"width: 386.286%;\">0,5\u20132 tuumaa<\/td>\n<\/tr>\n<tr>\n<td style=\"width: 42.8571%;\"><i>Portit<\/i><\/td>\n<td style=\"width: 386.286%;\">G\/SAE\/NPT\/M<\/td>\n<\/tr>\n<\/tbody>\n<\/table>\n<h2>Ainutlaatuiset ominaisuudet ja edut<\/h2>\n<ul>\n<li>Energiatehokas<\/li>\n<li>Tehokas<\/li>\n<li>Turvallinen k\u00e4ytt\u00e4\u00e4<\/li>\n<li>Kest\u00e4v\u00e4 ja pitk\u00e4ik\u00e4inen<\/li>\n<\/ul>\n<p><img loading=\"lazy\" decoding=\"async\" class=\"alignnone  wp-image-6661\" src=\"https:\/\/fmp-components.com\/wp-content\/uploads\/2025\/03\/telescopic-hydraulic-cylinder-10.webp\" alt=\"teleskooppinen hydraulisylinteri\" width=\"800\" height=\"800\" title=\"\" srcset=\"https:\/\/fmp-components.com\/wp-content\/uploads\/2025\/03\/telescopic-hydraulic-cylinder-10.webp 800w, https:\/\/fmp-components.com\/wp-content\/uploads\/2025\/03\/telescopic-hydraulic-cylinder-10-480x480.webp 480w\" sizes=\"(min-width: 0px) and (max-width: 480px) 480px, (min-width: 481px) 800px, 100vw\" \/><\/p>\n<h2>Hydrauliset j\u00e4rjestelm\u00e4t ja toimintaperiaate<\/h2>\n<p>Hydraulisylinteri toimii k\u00e4ytt\u00e4m\u00e4ll\u00e4 nesteen painetta voiman tuottamiseen, joka sitten muuttuu lineaariseksi liikkeeksi. Kun hydraulinestett\u00e4 pumpataan sylinteriin, se kohdistaa painetta sylinterin sis\u00e4ll\u00e4 olevaan m\u00e4nt\u00e4\u00e4n. T\u00e4m\u00e4 paine saa m\u00e4nn\u00e4n liikkumaan, mik\u00e4 tuottaa lineaarista liikett\u00e4, jota voidaan hy\u00f6dynt\u00e4\u00e4 monenlaisten mekaanisten teht\u00e4vien suorittamiseen. J\u00e4rjestelm\u00e4n tehokkuus perustuu hydraulinesteen kokoonpuristumattomuuteen, mik\u00e4 mahdollistaa sek\u00e4 nopeuden ett\u00e4 voiman tarkan hallinnan. T\u00e4m\u00e4n seurauksena hydraulisylinterit voivat tuottaa merkitt\u00e4v\u00e4\u00e4 tehoa samalla, kun ne yll\u00e4pit\u00e4v\u00e4t tasaisia \u200b\u200bja hallittuja liikkeit\u00e4, mik\u00e4 tekee niist\u00e4 ihanteellisia erilaisten koneiden ja laitteiden k\u00e4ytt\u00e4miseen.<\/p>\n<p>Pohjimmiltaan sylinterin tuottama hydraulinen teho on ratkaisevan t\u00e4rke\u00e4\u00e4 monissa sovelluksissa. Muuntamalla nesteenergiaa mekaaniseksi ty\u00f6ksi hydraulisylinterit mahdollistavat koneiden nostaa, ty\u00f6nt\u00e4\u00e4, vet\u00e4\u00e4 tai kiert\u00e4\u00e4 raskaita kuormia helposti. T\u00e4m\u00e4 monipuolisuus on keskeinen syy siihen, miksi hydraulij\u00e4rjestelmi\u00e4 k\u00e4ytet\u00e4\u00e4n laajasti eri teollisuudenaloilla rakentamisesta valmistukseen.<\/p>\n<h2>Hydraulisylinterin k\u00e4ytt\u00f6<\/h2>\n<p>Kolmivaiheinen pienen dumpperiauton hydraulisylinteri on erityisesti suunniteltu erilaisiin sovelluksiin useilla eri teollisuudenaloilla, mik\u00e4 osoittaa sen mukautuvuutta ja tehokkuutta. Joitakin merkitt\u00e4vi\u00e4 toimialoja ovat:<\/p>\n<ul>\n<li><strong>Konekorjaamot:<\/strong> Korjausymp\u00e4rist\u00f6iss\u00e4 t\u00e4ll\u00e4 hydraulisylinterill\u00e4 on t\u00e4rke\u00e4 rooli raskaiden komponenttien nostamisessa ja sijoittamisessa, mik\u00e4 helpottaa huoltoteht\u00e4vi\u00e4 ja parantaa ty\u00f6nkulun tehokkuutta. Sen kyky tarjota tehokas nostokyky on olennaista suurten koneenosien turvalliseen k\u00e4sittelyyn.<\/li>\n<li><strong>Maatilat:<\/strong> Maataloustoiminnot hy\u00f6tyv\u00e4t merkitt\u00e4v\u00e4sti t\u00e4m\u00e4n hydraulisylinterin k\u00e4yt\u00f6st\u00e4, jota k\u00e4ytet\u00e4\u00e4n dumppereissa ja muissa laitteissa. Se auttaa esimerkiksi maaper\u00e4n, sadon ja materiaalien kuljetuksessa, mik\u00e4 tekee maataloustoiminnasta tehokkaampaa ja tuottavampaa.<\/li>\n<li><strong>Energia ja kaivostoiminta:<\/strong> Energia- ja kaivosteollisuudessa hydraulisylinterit ovat ratkaisevan t\u00e4rkeit\u00e4 louhinta- ja materiaalink\u00e4sittelylaitteiden k\u00e4yt\u00f6ss\u00e4. Kolmivaiheinen pienten kippiautojen hydraulisylinteri on erityisen tehokas n\u00e4iss\u00e4 sovelluksissa, joissa se pystyy k\u00e4sittelem\u00e4\u00e4n raskaita kuormia ja toimimaan luotettavasti haastavissa ymp\u00e4rist\u00f6iss\u00e4.<\/li>\n<li><strong>Koneiden valmistus:<\/strong> Tuotantolaitoksissa t\u00e4t\u00e4 hydraulisylinteri\u00e4 k\u00e4ytet\u00e4\u00e4n kokoonpanolinjoilla ja koneiden toiminnassa. Sen kyky tarjota tasainen ja tehokas liike parantaa tuottavuutta ja tarkkuutta, jolloin valmistajat voivat parantaa tuottavuuttaan ja samalla yll\u00e4pit\u00e4\u00e4 korkeita laatustandardeja.<\/li>\n<li><strong>Konetehtaat:<\/strong> Koneiden tuotantoon erikoistuneissa tehtaissa hydraulisylinterit ovat v\u00e4ltt\u00e4m\u00e4tt\u00f6mi\u00e4 erilaisissa nosto- ja siirtoteht\u00e4viss\u00e4. Kolmivaiheinen pienten kippiautojen hydraulisylinteri varmistaa laitteiden tehokkaan k\u00e4yt\u00f6n, mik\u00e4 edist\u00e4\u00e4 tuotantoprosessien virtaviivaistamista ja tehokasta materiaalink\u00e4sittely\u00e4.<\/li>\n<\/ul>\n<p>Kaiken kaikkiaan 3-vaiheisen pienen kippiauton hydraulisylinterin monipuolisuus ja luotettavuus tekev\u00e4t siit\u00e4 v\u00e4ltt\u00e4m\u00e4tt\u00f6m\u00e4n komponentin lukuisilla teollisuudenaloilla, mik\u00e4 lis\u00e4\u00e4 tehokkuutta ja vaikuttavuutta monissa sovelluksissa.<\/p>\n<h3>Usein kysytyt kysymykset<\/h3>\n<p><b>K: Oletko kauppayhti\u00f6 vai valmistaja?<\/b><br \/>\nA: Olemme tehdas.<\/p>\n<p><b>K: Kuinka pitk\u00e4 on toimitusaikanne?<\/b><br \/>\nV: Yleens\u00e4 se on 25\u201335 p\u00e4iv\u00e4\u00e4.<\/p>\n<p><b>K: Toimitatteko n\u00e4ytteit\u00e4? Onko se ilmaista vai lis\u00e4maksullista?<\/b><br \/>\nV: Kyll\u00e4, voisimme tarjota n\u00e4ytteen, mutta se ei ole ilmainen.<\/p>\n<h3>Tietoja FMP:st\u00e4<\/h3>\n<p class=\"break-words\">FMP on johtava italialainen valmistaja, joka on erikoistunut korkealaatuisten hydraulisylintereiden suunnitteluun, kehitt\u00e4miseen ja tuotantoon. Rikkaalla, vuosikymmenten kokemukseen perustuvalla perinn\u00f6ll\u00e4mme yhdist\u00e4mme ylpe\u00e4n\u00e4 italialaisen k\u00e4sity\u00f6taidon huipputeknologiaan toimittaaksemme poikkeuksellisia hydraulisia ratkaisuja, jotka on r\u00e4\u00e4t\u00e4l\u00f6ity vastaamaan maailmanlaajuisen asiakaskuntamme monipuolisiin tarpeisiin. Italiassa, insin\u00f6\u00f6ritaidon huippuosaamisen keskuksessa, sijaitseva FMP on luotettava nimi hydrauliikkateollisuudessa ja sitoutunut tarjoamaan luotettavia, kest\u00e4vi\u00e4 ja innovatiivisia tuotteita, jotka voimaannuttavat yrityksi\u00e4 maailmanlaajuisesti.<\/p>\n<p class=\"break-words\">Yrityksemme yhdist\u00e4\u00e4 parhaat edistykselliset valmistusperinteet tulevaisuuteen suuntautuneeseen l\u00e4hestymistapaan. Vuosien kokemuksella hydrauliikkaj\u00e4rjestelmist\u00e4 FMP on kehittynyt nykyaikaiseksi yritykseksi, joka erottuu edukseen tutkimuksessa, suunnittelussa ja tuotannossa. Olemme erikoistuneet laajaan valikoimaan hydraulisylintereit\u00e4, mukaan lukien kaksitoimiset sylinterit, autojen nostosylinterit, maatalouskoneiden sylinterit ja r\u00e4\u00e4t\u00e4l\u00f6idyt ratkaisut erilaisiin teollisiin sovelluksiin. Olipa kyseess\u00e4 sitten rakentaminen, teollisuusasennukset, maatalous tai raskaskoneet, hydraulisylinterimme on rakennettu toimimaan vaativimmissakin olosuhteissa varmistaen turvallisuuden, tehokkuuden ja pitk\u00e4n k\u00e4ytt\u00f6i\u00e4n.<\/p>\n<p><img loading=\"lazy\" decoding=\"async\" class=\"alignnone size-full wp-image-6720\" src=\"https:\/\/fmp-components.com\/wp-content\/uploads\/2025\/03\/hydraulic-cylinder-8.webp\" alt=\"Teleskooppiset hydraulisylinterit\" width=\"933\" height=\"526\" title=\"\" srcset=\"https:\/\/fmp-components.com\/wp-content\/uploads\/2025\/03\/hydraulic-cylinder-8.webp 933w, https:\/\/fmp-components.com\/wp-content\/uploads\/2025\/03\/hydraulic-cylinder-8-480x271.webp 480w\" sizes=\"(min-width: 0px) and (max-width: 480px) 480px, (min-width: 481px) 933px, 100vw\" \/><\/p>\n<p class=\"break-words\">FMP:ll\u00e4 olemme ylpeit\u00e4 huippumoderneista tuotantolaitoksistamme, jotka on varustettu tarkkuuskoneilla ja edistyneill\u00e4 testausj\u00e4rjestelmill\u00e4. Valmistusprosessimme noudattavat tiukkoja kansallisia ja kansainv\u00e4lisi\u00e4 standardeja, mik\u00e4 varmistaa, ett\u00e4 jokainen tehtaaltamme l\u00e4htev\u00e4 hydraulisylinteri on eritt\u00e4in laadukas ja luotettava. Taitava tekninen tiimimme ja huippuluokan laitteet mahdollistavat tiukan laadunvalvonnan tuotannon jokaisessa vaiheessa \u2013 raaka-aineiden valinnasta lopputarkastukseen. T\u00e4m\u00e4 omistautuminen erinomaisuuteen on ansainnut meille sertifikaatteja ja tunnustusta alan viranomaisilta, mik\u00e4 on vahvistanut mainettamme luotettavana kumppanina.<\/p>\n<p class=\"break-words\">Missiomme on yksinkertainen mutta kunnianhimoinen: tarjota asiakkaillemme hydraulisylintereit\u00e4, jotka ylitt\u00e4v\u00e4t odotukset suorituskyvyss\u00e4, kest\u00e4vyydess\u00e4 ja arvossa. Toimimme ammattitaidon, rehellisyyden ja asiakasl\u00e4ht\u00f6isyyden ohjaamilla periaatteilla. Edist\u00e4m\u00e4ll\u00e4 innovaatio- ja tarkkuuskulttuuria ja jalostamme jatkuvasti tuotteitamme pysy\u00e4ksemme kilpailuedulla. Kattava tuotevalikoimamme ja kykymme tarjota r\u00e4\u00e4t\u00e4l\u00f6ityj\u00e4 ratkaisuja tekev\u00e4t meist\u00e4 ensisijaisen valinnan yrityksille, jotka etsiv\u00e4t tehokkaita hydraulisylintereit\u00e4.<\/p>\n<p class=\"break-words\">FMP on enemm\u00e4n kuin vain valmistaja \u2013 olemme kumppani menestyksess\u00e4si. Ymm\u00e4rr\u00e4mme, ett\u00e4 asiakkaamme luottavat meihin ty\u00f6kalujen toimittamisessa, jotka parantavat heid\u00e4n tuottavuuttaan ja turvallisuuttaan. Siksi olemme sitoutuneet tarjoamaan paitsi huippuluokan tuotteita my\u00f6s poikkeuksellista palvelua. Alustavasta konsultoinnista myynnin j\u00e4lkeiseen tukeen teemme tiivist\u00e4 yhteisty\u00f6t\u00e4 asiakkaidemme kanssa varmistaaksemme, ett\u00e4 heid\u00e4n tarpeensa t\u00e4ytet\u00e4\u00e4n ammattitaitoisesti ja huolellisesti. Kilpailukykyiset hintamme yhdistettyn\u00e4 horjumattomaan sitoutumiseemme laatuun tekev\u00e4t FMP:st\u00e4 \u00e4lykk\u00e4\u00e4n valinnan yrityksille, jotka haluavat investoida luotettaviin hydrauliikkaratkaisuihin.<\/p>","protected":false},"excerpt":{"rendered":"<p>3 Stage Small Dump Truck Hydraulic Cylinder for Dump Trailer This 3 Stage Small Dump Truck Hydraulic Cylinder is a versatile and efficient hydraulic system designed for use in dump trailers. The cylinder is manufactured with a robust steel body material, ensuring durability and longevity. With a max thrust of 3000 and a max pull [&hellip;]<\/p>","protected":false},"featured_media":6770,"comment_status":"closed","ping_status":"closed","template":"","meta":{"_et_pb_use_builder":"","_et_pb_old_content":"","_et_gb_content_width":""},"product_brand":[],"product_cat":[103],"product_tag":[34,105],"class_list":{"0":"post-6631","1":"product","2":"type-product","3":"status-publish","4":"has-post-thumbnail","6":"product_cat-telescopic-hydraulic-cylinders","7":"product_tag-hydraulic-cylinder","8":"product_tag-telescopic-hydraulic-cylinders","10":"first","11":"instock","12":"product-type-simple"},"_links":{"self":[{"href":"https:\/\/fmp-components.com\/fi\/wp-json\/wp\/v2\/product\/6631","targetHints":{"allow":["GET"]}}],"collection":[{"href":"https:\/\/fmp-components.com\/fi\/wp-json\/wp\/v2\/product"}],"about":[{"href":"https:\/\/fmp-components.com\/fi\/wp-json\/wp\/v2\/types\/product"}],"replies":[{"embeddable":true,"href":"https:\/\/fmp-components.com\/fi\/wp-json\/wp\/v2\/comments?post=6631"}],"wp:featuredmedia":[{"embeddable":true,"href":"https:\/\/fmp-components.com\/fi\/wp-json\/wp\/v2\/media\/6770"}],"wp:attachment":[{"href":"https:\/\/fmp-components.com\/fi\/wp-json\/wp\/v2\/media?parent=6631"}],"wp:term":[{"taxonomy":"product_brand","embeddable":true,"href":"https:\/\/fmp-components.com\/fi\/wp-json\/wp\/v2\/product_brand?post=6631"},{"taxonomy":"product_cat","embeddable":true,"href":"https:\/\/fmp-components.com\/fi\/wp-json\/wp\/v2\/product_cat?post=6631"},{"taxonomy":"product_tag","embeddable":true,"href":"https:\/\/fmp-components.com\/fi\/wp-json\/wp\/v2\/product_tag?post=6631"}],"curies":[{"name":"wp","href":"https:\/\/api.w.org\/{rel}","templated":true}]}}