{"id":6627,"date":"2025-03-11T06:35:17","date_gmt":"2025-03-11T06:35:17","guid":{"rendered":"https:\/\/fmp-components.com\/product\/customized-small-multistage-dump-truck-hydraulic-cylinder"},"modified":"2025-03-14T00:34:14","modified_gmt":"2025-03-14T00:34:14","slug":"customized-small-multistage-dump-truck-hydraulic-cylinder","status":"publish","type":"product","link":"https:\/\/fmp-components.com\/fi\/product\/customized-small-multistage-dump-truck-hydraulic-cylinder\/","title":{"rendered":"R\u00e4\u00e4t\u00e4l\u00f6ity pieni monivaiheinen kippiauton hydraulisylinteri"},"content":{"rendered":"<h2>R\u00e4\u00e4t\u00e4l\u00f6ity pieni monivaiheinen kippiauton hydraulisylinteri<\/h2>\n<p>Esittelyss\u00e4 huippuluokan, r\u00e4\u00e4t\u00e4l\u00f6ity pieni monivaiheinen kippiauton hydraulisylinterimme, monipuolinen ja kest\u00e4v\u00e4 ty\u00f6kalu, joka on suunniteltu useille teollisuuden aloille. T\u00e4ydellinen konekorjaamoille, maatiloille, energia- ja kaivosteollisuudelle, konevalmistukseen ja konetehtaisiin. Sen moitteeton muotoilu ja erinomainen toimivuus tekev\u00e4t siit\u00e4 korvaamattoman ty\u00f6kalun hydraulisissa sovelluksissa.<\/p>\n<h2>Tuotteen tekniset tiedot<\/h2>\n<p>Hydraulisylinterill\u00e4 on vuoden takuu ja se painaa kohtuulliset 27 kg. Se on vakiotuote, jossa on tukeva ter\u00e4srunko, joka kest\u00e4\u00e4 enint\u00e4\u00e4n 3000 tonnin ty\u00f6nt\u00f6voiman ja enint\u00e4\u00e4n 20 tonnin vetovoiman. Sylinteri on sertifioitu ISO9001:2000-standardin mukaisesti ja se on saatavana tyylikk\u00e4\u00e4n mustana.<\/p>\n<table style=\"width: 102.27%;\" border=\"\">\n<tbody>\n<tr>\n<th style=\"width: 17.0854%;\">Rei\u00e4n koko<\/th>\n<th style=\"width: 20.3518%;\">Tangon koko<\/th>\n<th style=\"width: 19.8492%;\">Iskun koko<\/th>\n<th style=\"width: 16.3317%;\">Tapin koko<\/th>\n<th style=\"width: 126.884%;\">Portit<\/th>\n<\/tr>\n<tr>\n<td style=\"width: 17.0854%;\">2\u20136 tuumaa<\/td>\n<td style=\"width: 20.3518%;\">1,125\u20134 tuumaa<\/td>\n<td style=\"width: 19.8492%;\">4\u2013100 tuumaa<\/td>\n<td style=\"width: 16.3317%;\">0,5\u20132 tuumaa<\/td>\n<td style=\"width: 126.884%;\">G\/SAE\/NPT\/M<\/td>\n<\/tr>\n<\/tbody>\n<\/table>\n<h2>Ainutlaatuiset ominaisuudet ja edut<\/h2>\n<ul>\n<li>Energiatehokkuus: Hydraulisylinteri toimii minimaalisella energiankulutuksella, mik\u00e4 maksimoi tuottavuuden ja minimoi kustannukset.<\/li>\n<li>Korkea hy\u00f6tysuhde: Sen monivaiheinen rakenne varmistaa optimaalisen suorituskyvyn ja tehokkuuden kaikissa sovelluksissa.<\/li>\n<li>Turvallisuus: Hydraulisylinterimme on suunniteltu turvallisuus etusijalla, mik\u00e4 varmistaa luotettavan toiminnan ja minimoi onnettomuusriskin.<\/li>\n<\/ul>\n<h2>Hydraulij\u00e4rjestelmien ymm\u00e4rt\u00e4minen<\/h2>\n<p>Hydraulij\u00e4rjestelm\u00e4 toimii virtausmekaniikan periaatteella. Monivaiheinen hydraulisylinteri on t\u00e4rke\u00e4 komponentti, joka muuntaa hydraulisen energian mekaaniseksi energiaksi ja tuottaa tarvittavan tehon erilaisille koneille ja laitteille.<\/p>\n<h2>Hydraulisylinterit ja voimayksik\u00f6t<\/h2>\n<p>Hydraulisylinteri ja voimayksikk\u00f6 ovat hydraulij\u00e4rjestelm\u00e4n olennaisia \u200b\u200bosia. Niiden synergia varmistaa hydrauliteknologian laajan soveltamisen teollisuudessa, tarjoten luotettavaa teho- ja ohjaustukea erilaisille kone- ja laitelaitteille. FMP tarjoaa my\u00f6s voimayksik\u00f6it\u00e4 myyntiin.<\/p>\n<h2>Usein kysytyt kysymykset<\/h2>\n<ol>\n<li>K: Oletko kauppayhti\u00f6 vai valmistaja?<br \/>\nA: Olemme tehdas.<\/li>\n<li>K: Kuinka pitk\u00e4 on toimitusaikanne?<br \/>\nV: Yleens\u00e4 se on 25\u201335 p\u00e4iv\u00e4\u00e4.<\/li>\n<li>K: Voitteko tuottaa n\u00e4ytteiden mukaan?<br \/>\nV: Kyll\u00e4, voimme valmistaa n\u00e4ytteidenne tai teknisten piirustustenne perusteella. Voimme rakentaa muotit ja kalusteet.<\/li>\n<\/ol>\n<h3>Tietoja FMP:st\u00e4<\/h3>\n<p class=\"break-words\">FMP on johtava italialainen valmistaja, joka on erikoistunut korkealaatuisten hydraulisylintereiden suunnitteluun, kehitt\u00e4miseen ja tuotantoon. Rikkaalla, vuosikymmenten kokemukseen perustuvalla perinn\u00f6ll\u00e4mme yhdist\u00e4mme ylpe\u00e4n\u00e4 italialaisen k\u00e4sity\u00f6taidon huipputeknologiaan toimittaaksemme poikkeuksellisia hydraulisia ratkaisuja, jotka on r\u00e4\u00e4t\u00e4l\u00f6ity vastaamaan maailmanlaajuisen asiakaskuntamme monipuolisiin tarpeisiin. Italiassa, insin\u00f6\u00f6ritaidon huippuosaamisen keskuksessa, sijaitseva FMP on luotettava nimi hydrauliikkateollisuudessa ja sitoutunut tarjoamaan luotettavia, kest\u00e4vi\u00e4 ja innovatiivisia tuotteita, jotka voimaannuttavat yrityksi\u00e4 maailmanlaajuisesti.<\/p>\n<p class=\"break-words\">Yrityksemme yhdist\u00e4\u00e4 parhaat edistykselliset valmistusperinteet tulevaisuuteen suuntautuneeseen l\u00e4hestymistapaan. Vuosien kokemuksella hydrauliikkaj\u00e4rjestelmist\u00e4 FMP on kehittynyt nykyaikaiseksi yritykseksi, joka erottuu edukseen tutkimuksessa, suunnittelussa ja tuotannossa. Olemme erikoistuneet laajaan valikoimaan hydraulisylintereit\u00e4, mukaan lukien kaksitoimiset sylinterit, autojen nostosylinterit, maatalouskoneiden sylinterit ja r\u00e4\u00e4t\u00e4l\u00f6idyt ratkaisut erilaisiin teollisiin sovelluksiin. Olipa kyseess\u00e4 sitten rakentaminen, teollisuusasennukset, maatalous tai raskaskoneet, hydraulisylinterimme on rakennettu toimimaan vaativimmissakin olosuhteissa varmistaen turvallisuuden, tehokkuuden ja pitk\u00e4n k\u00e4ytt\u00f6i\u00e4n.<\/p>\n<p><img loading=\"lazy\" decoding=\"async\" class=\"alignnone size-full wp-image-6720\" src=\"https:\/\/fmp-components.com\/wp-content\/uploads\/2025\/03\/hydraulic-cylinder-8.webp\" alt=\"Teleskooppiset hydraulisylinterit\" width=\"933\" height=\"526\" title=\"\" srcset=\"https:\/\/fmp-components.com\/wp-content\/uploads\/2025\/03\/hydraulic-cylinder-8.webp 933w, https:\/\/fmp-components.com\/wp-content\/uploads\/2025\/03\/hydraulic-cylinder-8-480x271.webp 480w\" sizes=\"(min-width: 0px) and (max-width: 480px) 480px, (min-width: 481px) 933px, 100vw\" \/><\/p>\n<p class=\"break-words\">FMP:ll\u00e4 olemme ylpeit\u00e4 huippumoderneista tuotantolaitoksistamme, jotka on varustettu tarkkuuskoneilla ja edistyneill\u00e4 testausj\u00e4rjestelmill\u00e4. Valmistusprosessimme noudattavat tiukkoja kansallisia ja kansainv\u00e4lisi\u00e4 standardeja, mik\u00e4 varmistaa, ett\u00e4 jokainen tehtaaltamme l\u00e4htev\u00e4 hydraulisylinteri on eritt\u00e4in laadukas ja luotettava. Taitava tekninen tiimimme ja huippuluokan laitteet mahdollistavat tiukan laadunvalvonnan tuotannon jokaisessa vaiheessa \u2013 raaka-aineiden valinnasta lopputarkastukseen. T\u00e4m\u00e4 omistautuminen erinomaisuuteen on ansainnut meille sertifikaatteja ja tunnustusta alan viranomaisilta, mik\u00e4 on vahvistanut mainettamme luotettavana kumppanina.<\/p>\n<p class=\"break-words\">Missiomme on yksinkertainen mutta kunnianhimoinen: tarjota asiakkaillemme hydraulisylintereit\u00e4, jotka ylitt\u00e4v\u00e4t odotukset suorituskyvyss\u00e4, kest\u00e4vyydess\u00e4 ja arvossa. Toimimme ammattitaidon, rehellisyyden ja asiakasl\u00e4ht\u00f6isyyden ohjaamilla periaatteilla. Edist\u00e4m\u00e4ll\u00e4 innovaatio- ja tarkkuuskulttuuria ja jalostamme jatkuvasti tuotteitamme pysy\u00e4ksemme kilpailuedulla. Kattava tuotevalikoimamme ja kykymme tarjota r\u00e4\u00e4t\u00e4l\u00f6ityj\u00e4 ratkaisuja tekev\u00e4t meist\u00e4 ensisijaisen valinnan yrityksille, jotka etsiv\u00e4t tehokkaita hydraulisylintereit\u00e4.<\/p>\n<p class=\"break-words\">FMP on enemm\u00e4n kuin vain valmistaja \u2013 olemme kumppani menestyksess\u00e4si. Ymm\u00e4rr\u00e4mme, ett\u00e4 asiakkaamme luottavat meihin ty\u00f6kalujen toimittamisessa, jotka parantavat heid\u00e4n tuottavuuttaan ja turvallisuuttaan. Siksi olemme sitoutuneet tarjoamaan paitsi huippuluokan tuotteita my\u00f6s poikkeuksellista palvelua. Alustavasta konsultoinnista myynnin j\u00e4lkeiseen tukeen teemme tiivist\u00e4 yhteisty\u00f6t\u00e4 asiakkaidemme kanssa varmistaaksemme, ett\u00e4 heid\u00e4n tarpeensa t\u00e4ytet\u00e4\u00e4n ammattitaitoisesti ja huolellisesti. Kilpailukykyiset hintamme yhdistettyn\u00e4 horjumattomaan sitoutumiseemme laatuun tekev\u00e4t FMP:st\u00e4 \u00e4lykk\u00e4\u00e4n valinnan yrityksille, jotka haluavat investoida luotettaviin hydrauliikkaratkaisuihin.<\/p>","protected":false},"excerpt":{"rendered":"<p>Customized Small Multistage Dump Truck Hydraulic Cylinder Introducing our top-tier, Customized Small Multistage Dump Truck hydraulic cylinder, a versatile and robust tool engineered for various industrial sectors. Perfect for machinery repair shops, farms, energy &amp; mining sectors, machinery manufacturing, and machinery factories. Its impeccable design and superior functionality make it an indispensable asset in hydraulic [&hellip;]<\/p>","protected":false},"featured_media":6781,"comment_status":"closed","ping_status":"closed","template":"","meta":{"_et_pb_use_builder":"","_et_pb_old_content":"","_et_gb_content_width":""},"product_brand":[],"product_cat":[103],"product_tag":[34,105],"class_list":{"0":"post-6627","1":"product","2":"type-product","3":"status-publish","4":"has-post-thumbnail","6":"product_cat-telescopic-hydraulic-cylinders","7":"product_tag-hydraulic-cylinder","8":"product_tag-telescopic-hydraulic-cylinders","10":"first","11":"instock","12":"product-type-simple"},"_links":{"self":[{"href":"https:\/\/fmp-components.com\/fi\/wp-json\/wp\/v2\/product\/6627","targetHints":{"allow":["GET"]}}],"collection":[{"href":"https:\/\/fmp-components.com\/fi\/wp-json\/wp\/v2\/product"}],"about":[{"href":"https:\/\/fmp-components.com\/fi\/wp-json\/wp\/v2\/types\/product"}],"replies":[{"embeddable":true,"href":"https:\/\/fmp-components.com\/fi\/wp-json\/wp\/v2\/comments?post=6627"}],"wp:featuredmedia":[{"embeddable":true,"href":"https:\/\/fmp-components.com\/fi\/wp-json\/wp\/v2\/media\/6781"}],"wp:attachment":[{"href":"https:\/\/fmp-components.com\/fi\/wp-json\/wp\/v2\/media?parent=6627"}],"wp:term":[{"taxonomy":"product_brand","embeddable":true,"href":"https:\/\/fmp-components.com\/fi\/wp-json\/wp\/v2\/product_brand?post=6627"},{"taxonomy":"product_cat","embeddable":true,"href":"https:\/\/fmp-components.com\/fi\/wp-json\/wp\/v2\/product_cat?post=6627"},{"taxonomy":"product_tag","embeddable":true,"href":"https:\/\/fmp-components.com\/fi\/wp-json\/wp\/v2\/product_tag?post=6627"}],"curies":[{"name":"wp","href":"https:\/\/api.w.org\/{rel}","templated":true}]}}