{"id":6625,"date":"2025-03-11T06:33:57","date_gmt":"2025-03-11T06:33:57","guid":{"rendered":"https:\/\/fmp-components.com\/product\/professional-small-dump-truck-hydraulic-hoist-cylinder-multistage-hydraulic-cylinder"},"modified":"2025-03-14T01:51:38","modified_gmt":"2025-03-14T01:51:38","slug":"professional-small-dump-truck-hydraulic-hoist-cylinder-multistage-hydraulic-cylinder","status":"publish","type":"product","link":"https:\/\/fmp-components.com\/fi\/product\/professional-small-dump-truck-hydraulic-hoist-cylinder-multistage-hydraulic-cylinder\/","title":{"rendered":"Ammattimainen pieni kippiauton hydraulinen nostosylinteri monivaiheinen hydraulisylinteri"},"content":{"rendered":"<h2>Ammattimainen pieni kippiauton hydraulinen nostosylinteri monivaiheinen hydraulisylinteri<\/h2>\n<p>Ammattimainen pienten kippiautojen hydraulinen nostosylinteri, monivaiheinen hydraulisylinteri, on huippuluokan tuote, joka tarjoaa vertaansa vailla olevaa laatua ja suorituskyky\u00e4. Tehokkuus ja luotettavuus mieless\u00e4 suunniteltu hydraulisylinteri sopii t\u00e4ydellisesti erilaisiin sovelluksiin konepajoissa, maatiloilla, energia- ja kaivosteollisuudessa sek\u00e4 konevalmistuksessa ja tehtaissa.<\/p>\n<h3>T\u00e4rkeimm\u00e4t ominaisuudet ja edut<\/h3>\n<ul>\n<li>Ylivertainen lujuus: Maksimaalisen ty\u00f6nt\u00f6voiman 3000 ja jopa 20 tonnin vetokyvyn ansiosta t\u00e4m\u00e4 hydraulisylinteri on lujuuden ja kest\u00e4vyyden voimanpes\u00e4.<\/li>\n<li>Laadukkaat materiaalit: Valmistettu korkealaatuisesta ter\u00e4ksest\u00e4, se takaa pitk\u00e4n k\u00e4ytt\u00f6i\u00e4n ja kulumisenkest\u00e4vyyden.<\/li>\n<li>Korkea hy\u00f6tysuhde: Sen monivaiheinen ominaisuus mahdollistaa tehokkuuden ja toimivuuden lis\u00e4\u00e4ntymisen erilaisissa teht\u00e4viss\u00e4.<\/li>\n<li>Energians\u00e4\u00e4st\u00f6: Hydraulisylinterimme on suunniteltu k\u00e4ytt\u00e4m\u00e4\u00e4n energiaa tehokkaasti, mik\u00e4 v\u00e4hent\u00e4\u00e4 energiankulutusta ja k\u00e4ytt\u00f6kustannuksia.<\/li>\n<li>Turvallisuus: Sill\u00e4 on 1 vuoden takuu, joka varmistaa sen keskeisten komponenttien turvallisuuden ja pitk\u00e4aikaisen suorituskyvyn.<\/li>\n<\/ul>\n<h3>Tekniset tiedot<\/h3>\n<table style=\"width: 95.5978%;\" border=\"\">\n<tbody>\n<tr>\n<td style=\"width: 42.8571%;\"><i>Rei\u00e4n koko<\/i><\/td>\n<td style=\"width: 386.857%;\">2\u20136 tuumaa<\/td>\n<\/tr>\n<tr>\n<td style=\"width: 42.8571%;\"><i>Tangon koko<\/i><\/td>\n<td style=\"width: 386.857%;\">1,125\u20134 tuumaa<\/td>\n<\/tr>\n<tr>\n<td style=\"width: 42.8571%;\"><i>Iskun koko<\/i><\/td>\n<td style=\"width: 386.857%;\">4\u2013100 tuumaa<\/td>\n<\/tr>\n<tr>\n<td style=\"width: 42.8571%;\"><i>Tapin koko<\/i><\/td>\n<td style=\"width: 386.857%;\">0,5\u20132 tuumaa<\/td>\n<\/tr>\n<tr>\n<td style=\"width: 42.8571%;\"><i>Portit<\/i><\/td>\n<td style=\"width: 386.857%;\">G\/SAE\/NPT\/M<\/td>\n<\/tr>\n<\/tbody>\n<\/table>\n<h2>Ainutlaatuiset ominaisuudet ja edut<\/h2>\n<ul>\n<li>Energians\u00e4\u00e4st\u00f6: Hydraulisylinterin suunnittelu ja toiminta on optimoitu energiatehokkuutta ajatellen.<\/li>\n<li>Korkea tehokkuus: Se suorittaa teht\u00e4vi\u00e4 nopeasti ja tarkasti, mik\u00e4 tekee siit\u00e4 eritt\u00e4in tehokkaan ty\u00f6kalun.<\/li>\n<li>Turvallisuus: Se on rakennettu turvaominaisuuksilla k\u00e4ytt\u00e4j\u00e4n ja sen k\u00e4ytt\u00e4mien koneiden suojaamiseksi.<\/li>\n<\/ul>\n<h2>Hydrauliset j\u00e4rjestelm\u00e4t ja toimintaperiaate<\/h2>\n<p>Hydraulisylinterimme toimii perusperiaatteella, jossa hydraulinen energia muunnetaan mekaaniseksi energiaksi. T\u00e4m\u00e4 prosessi on v\u00e4ltt\u00e4m\u00e4t\u00f6n useissa teollisissa sovelluksissa. T\u00e4m\u00e4 muunnos tapahtuu paineistetun hydraulinesteen liikkeen kautta, joka johdetaan sylinteriin. Kun neste virtaa sis\u00e4\u00e4n, se kohdistaa voimaa sylinterin sis\u00e4ll\u00e4 olevaan m\u00e4nt\u00e4\u00e4n. T\u00e4m\u00e4 voima saa m\u00e4nn\u00e4n liikkumaan ja muuntaa hydraulisen energian mekaaniseksi liikkeeksi.<\/p>\n<p>M\u00e4nn\u00e4n liikett\u00e4 voidaan hy\u00f6dynt\u00e4\u00e4 hy\u00f6dyllisten t\u00f6iden suorittamiseen, kuten raskaiden kuormien nostamiseen, koneen osien k\u00e4ytt\u00e4miseen tai jopa monimutkaisten teht\u00e4vien suorittamiseen valmistusprosesseissa. J\u00e4rjestelm\u00e4n tehokkuus johtuu suurelta osin hydraulinesteen kokoonpuristumattomuudesta, mik\u00e4 mahdollistaa voiman voimakkaan vahvistamisen. Hydraulisylinterimme voivat tuottaa merkitt\u00e4vi\u00e4 l\u00e4ht\u00f6voimia hy\u00f6dynt\u00e4m\u00e4ll\u00e4 suhteellisen pieni\u00e4 sy\u00f6tt\u00f6voimia, mik\u00e4 tekee niist\u00e4 ihanteellisia teht\u00e4viin, jotka vaativat lujuutta ja tarkkuutta.<\/p>\n<p>T\u00e4m\u00e4 hydraulisen toiminnan periaate ei ole ainoastaan \u200b\u200btehokas, vaan se tarjoaa my\u00f6s hallinnan tason, jota on vaikea saavuttaa pelk\u00e4st\u00e4\u00e4n mekaanisilla j\u00e4rjestelmill\u00e4. K\u00e4ytt\u00e4j\u00e4t voivat helposti s\u00e4\u00e4t\u00e4\u00e4 hydraulinesteen painetta ja virtausnopeutta m\u00e4nn\u00e4n liikkeen hienos\u00e4\u00e4t\u00e4miseksi, mik\u00e4 mahdollistaa tarkat toiminnot erilaisissa ymp\u00e4rist\u00f6iss\u00e4.<\/p>\n<p><img loading=\"lazy\" decoding=\"async\" class=\"alignnone  wp-image-6664\" src=\"https:\/\/fmp-components.com\/wp-content\/uploads\/2025\/03\/telescopic-hydraulic-cylinder-8.webp\" alt=\"teleskooppinen hydraulisylinteri\" width=\"778\" height=\"778\" title=\"\" srcset=\"https:\/\/fmp-components.com\/wp-content\/uploads\/2025\/03\/telescopic-hydraulic-cylinder-8.webp 778w, https:\/\/fmp-components.com\/wp-content\/uploads\/2025\/03\/telescopic-hydraulic-cylinder-8-480x480.webp 480w\" sizes=\"(min-width: 0px) and (max-width: 480px) 480px, (min-width: 481px) 778px, 100vw\" \/><\/p>\n<h2>Hydraulisylinterimme sovellukset<\/h2>\n<p>Hydraulisylinterimme on poikkeuksellisen monipuolinen ja sit\u00e4 voidaan k\u00e4ytt\u00e4\u00e4 monenlaisissa sovelluksissa eri teollisuudenaloilla. Yksi t\u00e4rkeimmist\u00e4 k\u00e4ytt\u00f6tarkoituksista on konepajat, joissa se helpottaa raskaiden laitteiden nostamista ja sijoittamista huolto- ja korjausteht\u00e4vi\u00e4 varten. Kyky nostaa ja k\u00e4sitell\u00e4 suuria komponentteja turvallisesti ja tehokkaasti on ratkaisevan t\u00e4rke\u00e4\u00e4 sen varmistamiseksi, ett\u00e4 koneet pysyv\u00e4t toimintakunnossa ja hyvin huollettuina.<\/p>\n<p>Maataloussektorilla hydrauliikkasylinterimme ovat v\u00e4ltt\u00e4m\u00e4tt\u00f6mi\u00e4 maatalouskoneiden, kuten traktoreiden, aurojen ja puimureiden, k\u00e4yt\u00f6ss\u00e4. Niiden avulla maanviljelij\u00e4t voivat suorittaa helposti teht\u00e4vi\u00e4, kuten aurojen nostamista ja laitteiden s\u00e4\u00e4t\u00f6\u00e4, mik\u00e4 parantaa merkitt\u00e4v\u00e4sti tuottavuutta ja v\u00e4hent\u00e4\u00e4 manuaalista ty\u00f6t\u00e4.<\/p>\n<p>My\u00f6s energia- ja kaivosteollisuus hy\u00f6tyv\u00e4t hydraulisten sylinteriemme vankasta suorituskyvyst\u00e4. N\u00e4ill\u00e4 aloilla niit\u00e4 k\u00e4ytet\u00e4\u00e4n raskaiden koneiden, kuten kaivinkoneiden ja porien, k\u00e4ytt\u00f6\u00f6n materiaalien louhinnassa ja kuljetuksessa. Niiden lujuus ja luotettavuus \u00e4\u00e4rimm\u00e4isiss\u00e4 olosuhteissa tekev\u00e4t niist\u00e4 korvaamattomia n\u00e4iss\u00e4 vaativissa ymp\u00e4rist\u00f6iss\u00e4.<\/p>\n<p>Lis\u00e4ksi hydraulisylintereit\u00e4mme k\u00e4ytet\u00e4\u00e4n laajasti koneenrakennuksessa ja tehdasymp\u00e4rist\u00f6iss\u00e4. Ne ovat ratkaisevan t\u00e4rkeit\u00e4 kokoonpanolinjoilla, joissa ne helpottavat komponenttien siirt\u00e4mist\u00e4 ja sijoittelua, mik\u00e4 osaltaan virtaviivaistaa tuotantoprosesseja. Hydraulisylintereidemme tarkkuus ja teho parantavat yleist\u00e4 toiminnan tehokkuutta, mik\u00e4 tekee niist\u00e4 elint\u00e4rke\u00e4n osan nykyaikaisessa valmistuksessa.<\/p>\n<p>Yhteenvetona voidaan todeta, ett\u00e4 hydrauliikkasylinterimme on suunniteltu vastaamaan eri teollisuudenalojen monipuolisiin tarpeisiin ja tarjoamaan luotettavia ja tehokkaita ratkaisuja koneiden nostamiseen, siirt\u00e4miseen ja k\u00e4ytt\u00f6\u00f6n. Niiden laaja k\u00e4ytt\u00f6alue korostaa niiden merkityst\u00e4 tuottavuuden ja turvallisuuden parantamisessa useilla eri sektoreilla.<\/p>\n<h2>Hydraulisylinterit ja voimayksik\u00f6t<\/h2>\n<p>Hydraulisylinterit ja voimayksik\u00f6t ovat hydraulisten j\u00e4rjestelmien v\u00e4ltt\u00e4m\u00e4tt\u00f6mi\u00e4 osia. Niiden yhdistetty toiminta varmistaa hydraulitekniikan laajan k\u00e4yt\u00f6n teollisuudessa, tarjoten luotettavaa teho- ja ohjaustukea erilaisille teknisille ja mekaanisille laitteille. Hydraulisylinteri toimilaitteena vastaa hydraulisen energian muuntamisesta mekaaniseksi liikkeeksi ja paineen muuntamisesta voimaksi. Voimayksikk\u00f6 on ydin, joka tuottaa hydraulij\u00e4rjestelm\u00e4n tarvitseman energian ja ohjaussignaalit.<\/p>\n<h2>Usein kysytyt kysymykset<\/h2>\n<dl>\n<dt>K: Oletko kauppayhti\u00f6 vai valmistaja?<\/dt>\n<dd>V: Olemme valmistaja.<\/dd>\n<dt>K: Kuinka pitk\u00e4 on toimitusaikanne?<\/dt>\n<dd>V: Yleens\u00e4 se on 25\u201335 p\u00e4iv\u00e4\u00e4.<\/dd>\n<dt>K: Toimitatteko n\u00e4ytteit\u00e4? Onko se ilmaista vai lis\u00e4maksullista?<\/dt>\n<dd>V: Kyll\u00e4, voisimme tarjota n\u00e4ytteen, mutta se ei ole ilmainen.<\/dd>\n<\/dl>\n<h3>Tietoja FMP:st\u00e4<\/h3>\n<p class=\"break-words\">FMP on johtava italialainen valmistaja, joka on erikoistunut korkealaatuisten hydraulisylintereiden suunnitteluun, kehitt\u00e4miseen ja tuotantoon. Rikkaalla, vuosikymmenten kokemukseen perustuvalla perinn\u00f6ll\u00e4mme yhdist\u00e4mme ylpe\u00e4n\u00e4 italialaisen k\u00e4sity\u00f6taidon huipputeknologiaan toimittaaksemme poikkeuksellisia hydraulisia ratkaisuja, jotka on r\u00e4\u00e4t\u00e4l\u00f6ity vastaamaan maailmanlaajuisen asiakaskuntamme monipuolisiin tarpeisiin. Italiassa, insin\u00f6\u00f6ritaidon huippuosaamisen keskuksessa, sijaitseva FMP on luotettava nimi hydrauliikkateollisuudessa ja sitoutunut tarjoamaan luotettavia, kest\u00e4vi\u00e4 ja innovatiivisia tuotteita, jotka voimaannuttavat yrityksi\u00e4 maailmanlaajuisesti.<\/p>\n<p class=\"break-words\">Yrityksemme yhdist\u00e4\u00e4 parhaat edistykselliset valmistusperinteet tulevaisuuteen suuntautuneeseen l\u00e4hestymistapaan. Vuosien kokemuksella hydrauliikkaj\u00e4rjestelmist\u00e4 FMP on kehittynyt nykyaikaiseksi yritykseksi, joka erottuu edukseen tutkimuksessa, suunnittelussa ja tuotannossa. Olemme erikoistuneet laajaan valikoimaan hydraulisylintereit\u00e4, mukaan lukien kaksitoimiset sylinterit, autojen nostosylinterit, maatalouskoneiden sylinterit ja r\u00e4\u00e4t\u00e4l\u00f6idyt ratkaisut erilaisiin teollisiin sovelluksiin. Olipa kyseess\u00e4 sitten rakentaminen, teollisuusasennukset, maatalous tai raskaskoneet, hydraulisylinterimme on rakennettu toimimaan vaativimmissakin olosuhteissa varmistaen turvallisuuden, tehokkuuden ja pitk\u00e4n k\u00e4ytt\u00f6i\u00e4n.<\/p>\n<p><img loading=\"lazy\" decoding=\"async\" class=\"alignnone size-full wp-image-6720\" src=\"https:\/\/fmp-components.com\/wp-content\/uploads\/2025\/03\/hydraulic-cylinder-8.webp\" alt=\"Teleskooppiset hydraulisylinterit\" width=\"933\" height=\"526\" title=\"\" srcset=\"https:\/\/fmp-components.com\/wp-content\/uploads\/2025\/03\/hydraulic-cylinder-8.webp 933w, https:\/\/fmp-components.com\/wp-content\/uploads\/2025\/03\/hydraulic-cylinder-8-480x271.webp 480w\" sizes=\"(min-width: 0px) and (max-width: 480px) 480px, (min-width: 481px) 933px, 100vw\" \/><\/p>\n<p class=\"break-words\">FMP:ll\u00e4 olemme ylpeit\u00e4 huippumoderneista tuotantolaitoksistamme, jotka on varustettu tarkkuuskoneilla ja edistyneill\u00e4 testausj\u00e4rjestelmill\u00e4. Valmistusprosessimme noudattavat tiukkoja kansallisia ja kansainv\u00e4lisi\u00e4 standardeja, mik\u00e4 varmistaa, ett\u00e4 jokainen tehtaaltamme l\u00e4htev\u00e4 hydraulisylinteri on eritt\u00e4in laadukas ja luotettava. Taitava tekninen tiimimme ja huippuluokan laitteet mahdollistavat tiukan laadunvalvonnan tuotannon jokaisessa vaiheessa \u2013 raaka-aineiden valinnasta lopputarkastukseen. T\u00e4m\u00e4 omistautuminen erinomaisuuteen on ansainnut meille sertifikaatteja ja tunnustusta alan viranomaisilta, mik\u00e4 on vahvistanut mainettamme luotettavana kumppanina.<\/p>\n<p class=\"break-words\">Missiomme on yksinkertainen mutta kunnianhimoinen: tarjota asiakkaillemme hydraulisylintereit\u00e4, jotka ylitt\u00e4v\u00e4t odotukset suorituskyvyss\u00e4, kest\u00e4vyydess\u00e4 ja arvossa. Toimimme ammattitaidon, rehellisyyden ja asiakasl\u00e4ht\u00f6isyyden ohjaamilla periaatteilla. Edist\u00e4m\u00e4ll\u00e4 innovaatio- ja tarkkuuskulttuuria ja jalostamme jatkuvasti tuotteitamme pysy\u00e4ksemme kilpailuedulla. Kattava tuotevalikoimamme ja kykymme tarjota r\u00e4\u00e4t\u00e4l\u00f6ityj\u00e4 ratkaisuja tekev\u00e4t meist\u00e4 ensisijaisen valinnan yrityksille, jotka etsiv\u00e4t tehokkaita hydraulisylintereit\u00e4.<\/p>\n<p class=\"break-words\">FMP on enemm\u00e4n kuin vain valmistaja \u2013 olemme kumppani menestyksess\u00e4si. Ymm\u00e4rr\u00e4mme, ett\u00e4 asiakkaamme luottavat meihin ty\u00f6kalujen toimittamisessa, jotka parantavat heid\u00e4n tuottavuuttaan ja turvallisuuttaan. Siksi olemme sitoutuneet tarjoamaan paitsi huippuluokan tuotteita my\u00f6s poikkeuksellista palvelua. Alustavasta konsultoinnista myynnin j\u00e4lkeiseen tukeen teemme tiivist\u00e4 yhteisty\u00f6t\u00e4 asiakkaidemme kanssa varmistaaksemme, ett\u00e4 heid\u00e4n tarpeensa t\u00e4ytet\u00e4\u00e4n ammattitaitoisesti ja huolellisesti. Kilpailukykyiset hintamme yhdistettyn\u00e4 horjumattomaan sitoutumiseemme laatuun tekev\u00e4t FMP:st\u00e4 \u00e4lykk\u00e4\u00e4n valinnan yrityksille, jotka haluavat investoida luotettaviin hydrauliikkaratkaisuihin.<\/p>","protected":false},"excerpt":{"rendered":"<p>Professional Small Dump Truck Hydraulic Hoist Cylinder Multistage Hydraulic Cylinder Our Professional Small Dump Truck Hydraulic Hoist Cylinder Multistage hydraulic cylinder is a state-of-the-art product that offers unparalleled quality and performance. Designed with efficiency and reliability in mind, this hydraulic cylinder is perfect for various applications in machinery repair shops, farms, energy and mining industries, [&hellip;]<\/p>","protected":false},"featured_media":6806,"comment_status":"closed","ping_status":"closed","template":"","meta":{"_et_pb_use_builder":"","_et_pb_old_content":"","_et_gb_content_width":""},"product_brand":[],"product_cat":[103],"product_tag":[34,105],"class_list":{"0":"post-6625","1":"product","2":"type-product","3":"status-publish","4":"has-post-thumbnail","6":"product_cat-telescopic-hydraulic-cylinders","7":"product_tag-hydraulic-cylinder","8":"product_tag-telescopic-hydraulic-cylinders","10":"first","11":"instock","12":"product-type-simple"},"_links":{"self":[{"href":"https:\/\/fmp-components.com\/fi\/wp-json\/wp\/v2\/product\/6625","targetHints":{"allow":["GET"]}}],"collection":[{"href":"https:\/\/fmp-components.com\/fi\/wp-json\/wp\/v2\/product"}],"about":[{"href":"https:\/\/fmp-components.com\/fi\/wp-json\/wp\/v2\/types\/product"}],"replies":[{"embeddable":true,"href":"https:\/\/fmp-components.com\/fi\/wp-json\/wp\/v2\/comments?post=6625"}],"wp:featuredmedia":[{"embeddable":true,"href":"https:\/\/fmp-components.com\/fi\/wp-json\/wp\/v2\/media\/6806"}],"wp:attachment":[{"href":"https:\/\/fmp-components.com\/fi\/wp-json\/wp\/v2\/media?parent=6625"}],"wp:term":[{"taxonomy":"product_brand","embeddable":true,"href":"https:\/\/fmp-components.com\/fi\/wp-json\/wp\/v2\/product_brand?post=6625"},{"taxonomy":"product_cat","embeddable":true,"href":"https:\/\/fmp-components.com\/fi\/wp-json\/wp\/v2\/product_cat?post=6625"},{"taxonomy":"product_tag","embeddable":true,"href":"https:\/\/fmp-components.com\/fi\/wp-json\/wp\/v2\/product_tag?post=6625"}],"curies":[{"name":"wp","href":"https:\/\/api.w.org\/{rel}","templated":true}]}}