{"id":6623,"date":"2025-03-11T06:33:57","date_gmt":"2025-03-11T06:33:57","guid":{"rendered":"https:\/\/fmp-components.com\/product\/high-quality-small-dump-truck-hydraulic-cylinder-hydraulic-telescopic-cylinder"},"modified":"2025-03-18T01:03:38","modified_gmt":"2025-03-18T01:03:38","slug":"high-quality-small-dump-truck-hydraulic-cylinder-hydraulic-telescopic-cylinder","status":"publish","type":"product","link":"https:\/\/fmp-components.com\/fi\/product\/high-quality-small-dump-truck-hydraulic-cylinder-hydraulic-telescopic-cylinder\/","title":{"rendered":"Korkealaatuinen pieni kippiauton hydraulisylinteri hydraulinen teleskooppisylinteri"},"content":{"rendered":"<h2>Korkealaatuinen pieni kippiauton hydraulisylinteri hydraulinen teleskooppisylinteri<\/h2>\n<p>Korkealaatuinen pienten kippiautojen hydraulisylinterimme, hydraulinen teleskooppisylinterimme, on uusi tuote vuodelle 2025. T\u00e4m\u00e4 hydraulisylinteri on suunniteltu vakiok\u00e4ytt\u00f6\u00f6n, ja siin\u00e4 on ter\u00e4srunko ja m\u00e4nt\u00e4rakenne. Suurimman ty\u00f6nt\u00f6voimansa 3000 tonnia ja suurimman vetovoimansa 20 tonnia ansiosta t\u00e4m\u00e4 sylinteri on vankka ratkaisu useille teollisuudenaloille, kuten konepajoille, maatiloille, energia- ja kaivosteollisuudelle, konevalmistukseen ja konetehtaisiin.<\/p>\n<h3>Hydraulisylinterin ominaisuudet ja toiminnot<\/h3>\n<p>Monivaiheinen hydraulisylinteri tunnetaan energiatehokkuudestaan, korkeasta suorituskyvyst\u00e4\u00e4n ja turvallisuudestaan. Se toimii hydraulisella voimalla ja siin\u00e4 on keskeiset komponentit, kuten laakerit ja itse hydraulisylinteri. Sylinteri on ISO9001:2000-sertifioitu, mik\u00e4 varmistaa sen laadun ja luotettavuuden. Sen runko on valmistettu kest\u00e4v\u00e4st\u00e4 ter\u00e4ksest\u00e4, joka on suunniteltu kest\u00e4m\u00e4\u00e4n raskaita kuormia ja ankaria olosuhteita.<\/p>\n<h3>Tuotteen tekniset tiedot<\/h3>\n<table style=\"width: 96.3554%;\" border=\"\">\n<tbody>\n<tr>\n<td style=\"width: 42.8571%;\"><i>Rei\u00e4n koko<\/i><\/td>\n<td style=\"width: 390.286%;\">2\u20136 tuumaa<\/td>\n<\/tr>\n<tr>\n<td style=\"width: 42.8571%;\"><i>Tangon koko<\/i><\/td>\n<td style=\"width: 390.286%;\">1,125\u20134 tuumaa<\/td>\n<\/tr>\n<tr>\n<td style=\"width: 42.8571%;\"><i>Iskun koko<\/i><\/td>\n<td style=\"width: 390.286%;\">4\u2013100 tuumaa<\/td>\n<\/tr>\n<tr>\n<td style=\"width: 42.8571%;\"><i>Tapin koko<\/i><\/td>\n<td style=\"width: 390.286%;\">0,5\u20132 tuumaa<\/td>\n<\/tr>\n<tr>\n<td style=\"width: 42.8571%;\"><i>Portit<\/i><\/td>\n<td style=\"width: 390.286%;\">G\/SAE\/NPT\/M<\/td>\n<\/tr>\n<\/tbody>\n<\/table>\n<h4>Ainutlaatuiset ominaisuudet<\/h4>\n<p>Hydraulisylinteri tarjoaa ainutlaatuisia ominaisuuksia ja etuja, kuten huippuluokan energians\u00e4\u00e4st\u00f6ominaisuudet, poikkeuksellisen hy\u00f6tysuhteen ja \u00e4\u00e4rimm\u00e4isen turvallisuuden. Sit\u00e4 voidaan k\u00e4ytt\u00e4\u00e4 erilaisissa sovelluksissa, ja se tarjoaa luotettavaa tehon ja ohjauksen tukea.<\/p>\n<h2>Hydraulij\u00e4rjestelm\u00e4 ja toimintaperiaate<\/h2>\n<p>Hydraulisylinteri toimii muuttamalla hydraulisen energian mekaaniseksi liikkeeksi, jolloin paine muuttuu voimaksi. Se toimii synergiassa voimayksik\u00f6iden kanssa, mik\u00e4 varmistaa hydraulisen teknologian laajan k\u00e4yt\u00f6n eri teollisuudenaloilla.<\/p>\n<p><img loading=\"lazy\" decoding=\"async\" class=\"alignnone size-full wp-image-6786\" src=\"https:\/\/fmp-components.com\/wp-content\/uploads\/2025\/03\/Telescopic-Hydraulic-Cylinders-2.webp\" alt=\"Teleskooppiset hydraulisylinterit\" width=\"800\" height=\"800\" title=\"\" srcset=\"https:\/\/fmp-components.com\/wp-content\/uploads\/2025\/03\/Telescopic-Hydraulic-Cylinders-2.webp 800w, https:\/\/fmp-components.com\/wp-content\/uploads\/2025\/03\/Telescopic-Hydraulic-Cylinders-2-480x480.webp 480w\" sizes=\"(min-width: 0px) and (max-width: 480px) 480px, (min-width: 481px) 800px, 100vw\" \/><\/p>\n<h3>Hydraulisylinterin k\u00e4ytt\u00f6<\/h3>\n<p>Hydraulisylinteri\u00e4 k\u00e4ytet\u00e4\u00e4n laajalti konepajoissa, maatiloilla, energia- ja kaivosteollisuudessa, konevalmistuksessa ja konetehtaissa. Se tarjoaa luotettavaa teho- ja ohjaustukea, mik\u00e4 tekee siit\u00e4 v\u00e4ltt\u00e4m\u00e4tt\u00f6m\u00e4n osan hydraulij\u00e4rjestelmi\u00e4.<\/p>\n<h2>Hydraulisylinterit ja voimayksik\u00f6t<\/h2>\n<p>Hydraulisylinterit ja voimayksik\u00f6t ovat hydraulij\u00e4rjestelm\u00e4n erottamattomia osia. Niiden yhdistetty toiminta varmistaa hydraulitekniikan laajan soveltamisen teollisuudessa, tarjoten luotettavaa tehonsy\u00f6tt\u00f6\u00e4 ja ohjausta erilaisille teknisille ja mekaanisille laitteille.<\/p>\n<h2>Usein kysytyt kysymykset<\/h2>\n<p><b>K: Oletko kauppayhti\u00f6 vai valmistaja?<\/b><br \/>\nA: Olemme tehdas.<\/p>\n<p><b>K: Kuinka pitk\u00e4 on toimitusaikanne?<\/b><br \/>\nV: Yleens\u00e4 se on 25\u201335 p\u00e4iv\u00e4\u00e4.<\/p>\n<p><b>K: Voitteko tuottaa n\u00e4ytteiden mukaan?<\/b><br \/>\nV: Kyll\u00e4, voimme valmistaa n\u00e4ytteidenne tai teknisten piirustustenne perusteella. Voimme rakentaa muotit ja kalusteet.<\/p>\n<h3>Tietoja FMP:st\u00e4<\/h3>\n<p class=\"break-words\">FMP on johtava italialainen valmistaja, joka on erikoistunut korkealaatuisten hydraulisylintereiden suunnitteluun, kehitt\u00e4miseen ja tuotantoon. Rikkaalla, vuosikymmenten kokemukseen perustuvalla perinn\u00f6ll\u00e4mme yhdist\u00e4mme ylpe\u00e4n\u00e4 italialaisen k\u00e4sity\u00f6taidon huipputeknologiaan toimittaaksemme poikkeuksellisia hydraulisia ratkaisuja, jotka on r\u00e4\u00e4t\u00e4l\u00f6ity vastaamaan maailmanlaajuisen asiakaskuntamme monipuolisiin tarpeisiin. Italiassa, insin\u00f6\u00f6ritaidon huippuosaamisen keskuksessa, sijaitseva FMP on luotettava nimi hydrauliikkateollisuudessa ja sitoutunut tarjoamaan luotettavia, kest\u00e4vi\u00e4 ja innovatiivisia tuotteita, jotka voimaannuttavat yrityksi\u00e4 maailmanlaajuisesti.<\/p>\n<p class=\"break-words\">Yrityksemme yhdist\u00e4\u00e4 parhaat edistykselliset valmistusperinteet tulevaisuuteen suuntautuneeseen l\u00e4hestymistapaan. Vuosien kokemuksella hydrauliikkaj\u00e4rjestelmist\u00e4 FMP on kehittynyt nykyaikaiseksi yritykseksi, joka erottuu edukseen tutkimuksessa, suunnittelussa ja tuotannossa. Olemme erikoistuneet laajaan valikoimaan hydraulisylintereit\u00e4, mukaan lukien kaksitoimiset sylinterit, autojen nostosylinterit, maatalouskoneiden sylinterit ja r\u00e4\u00e4t\u00e4l\u00f6idyt ratkaisut erilaisiin teollisiin sovelluksiin. Olipa kyseess\u00e4 sitten rakentaminen, teollisuusasennukset, maatalous tai raskaskoneet, hydraulisylinterimme on rakennettu toimimaan vaativimmissakin olosuhteissa varmistaen turvallisuuden, tehokkuuden ja pitk\u00e4n k\u00e4ytt\u00f6i\u00e4n.<\/p>\n<p><img loading=\"lazy\" decoding=\"async\" class=\"alignnone size-full wp-image-6720\" src=\"https:\/\/fmp-components.com\/wp-content\/uploads\/2025\/03\/hydraulic-cylinder-8.webp\" alt=\"Teleskooppiset hydraulisylinterit\" width=\"933\" height=\"526\" title=\"\" srcset=\"https:\/\/fmp-components.com\/wp-content\/uploads\/2025\/03\/hydraulic-cylinder-8.webp 933w, https:\/\/fmp-components.com\/wp-content\/uploads\/2025\/03\/hydraulic-cylinder-8-480x271.webp 480w\" sizes=\"(min-width: 0px) and (max-width: 480px) 480px, (min-width: 481px) 933px, 100vw\" \/><\/p>\n<p class=\"break-words\">FMP:ll\u00e4 olemme ylpeit\u00e4 huippumoderneista tuotantolaitoksistamme, jotka on varustettu tarkkuuskoneilla ja edistyneill\u00e4 testausj\u00e4rjestelmill\u00e4. Valmistusprosessimme noudattavat tiukkoja kansallisia ja kansainv\u00e4lisi\u00e4 standardeja, mik\u00e4 varmistaa, ett\u00e4 jokainen tehtaaltamme l\u00e4htev\u00e4 hydraulisylinteri on eritt\u00e4in laadukas ja luotettava. Taitava tekninen tiimimme ja huippuluokan laitteet mahdollistavat tiukan laadunvalvonnan tuotannon jokaisessa vaiheessa \u2013 raaka-aineiden valinnasta lopputarkastukseen. T\u00e4m\u00e4 omistautuminen erinomaisuuteen on ansainnut meille sertifikaatteja ja tunnustusta alan viranomaisilta, mik\u00e4 on vahvistanut mainettamme luotettavana kumppanina.<\/p>\n<p class=\"break-words\">Missiomme on yksinkertainen mutta kunnianhimoinen: tarjota asiakkaillemme hydraulisylintereit\u00e4, jotka ylitt\u00e4v\u00e4t odotukset suorituskyvyss\u00e4, kest\u00e4vyydess\u00e4 ja arvossa. Toimimme ammattitaidon, rehellisyyden ja asiakasl\u00e4ht\u00f6isyyden ohjaamilla periaatteilla. Edist\u00e4m\u00e4ll\u00e4 innovaatio- ja tarkkuuskulttuuria ja jalostamme jatkuvasti tuotteitamme pysy\u00e4ksemme kilpailuedulla. Kattava tuotevalikoimamme ja kykymme tarjota r\u00e4\u00e4t\u00e4l\u00f6ityj\u00e4 ratkaisuja tekev\u00e4t meist\u00e4 ensisijaisen valinnan yrityksille, jotka etsiv\u00e4t tehokkaita hydraulisylintereit\u00e4.<\/p>\n<p class=\"break-words\">FMP on enemm\u00e4n kuin vain valmistaja \u2013 olemme kumppani menestyksess\u00e4si. Ymm\u00e4rr\u00e4mme, ett\u00e4 asiakkaamme luottavat meihin ty\u00f6kalujen toimittamisessa, jotka parantavat heid\u00e4n tuottavuuttaan ja turvallisuuttaan. Siksi olemme sitoutuneet tarjoamaan paitsi huippuluokan tuotteita my\u00f6s poikkeuksellista palvelua. Alustavasta konsultoinnista myynnin j\u00e4lkeiseen tukeen teemme tiivist\u00e4 yhteisty\u00f6t\u00e4 asiakkaidemme kanssa varmistaaksemme, ett\u00e4 heid\u00e4n tarpeensa t\u00e4ytet\u00e4\u00e4n ammattitaitoisesti ja huolellisesti. Kilpailukykyiset hintamme yhdistettyn\u00e4 horjumattomaan sitoutumiseemme laatuun tekev\u00e4t FMP:st\u00e4 \u00e4lykk\u00e4\u00e4n valinnan yrityksille, jotka haluavat investoida luotettaviin hydrauliikkaratkaisuihin.<\/p>","protected":false},"excerpt":{"rendered":"<p>High Quality Small Dump Truck Hydraulic Cylinder Hydraulic Telescopic Cylinder Our High Quality Small Dump Truck Hydraulic Cylinder Hydraulic Telescopic Cylinder is a new product for 2025. This hydraulic cylinder is designed for standard applications, featuring a steel body and plunger structure. With a maximum thrust of 3000 and a maximum pull of 20 tons, [&hellip;]<\/p>","protected":false},"featured_media":6786,"comment_status":"closed","ping_status":"closed","template":"","meta":{"_et_pb_use_builder":"","_et_pb_old_content":"","_et_gb_content_width":""},"product_brand":[],"product_cat":[103],"product_tag":[34,105],"class_list":{"0":"post-6623","1":"product","2":"type-product","3":"status-publish","4":"has-post-thumbnail","6":"product_cat-telescopic-hydraulic-cylinders","7":"product_tag-hydraulic-cylinder","8":"product_tag-telescopic-hydraulic-cylinders","10":"first","11":"instock","12":"product-type-simple"},"_links":{"self":[{"href":"https:\/\/fmp-components.com\/fi\/wp-json\/wp\/v2\/product\/6623","targetHints":{"allow":["GET"]}}],"collection":[{"href":"https:\/\/fmp-components.com\/fi\/wp-json\/wp\/v2\/product"}],"about":[{"href":"https:\/\/fmp-components.com\/fi\/wp-json\/wp\/v2\/types\/product"}],"replies":[{"embeddable":true,"href":"https:\/\/fmp-components.com\/fi\/wp-json\/wp\/v2\/comments?post=6623"}],"wp:featuredmedia":[{"embeddable":true,"href":"https:\/\/fmp-components.com\/fi\/wp-json\/wp\/v2\/media\/6786"}],"wp:attachment":[{"href":"https:\/\/fmp-components.com\/fi\/wp-json\/wp\/v2\/media?parent=6623"}],"wp:term":[{"taxonomy":"product_brand","embeddable":true,"href":"https:\/\/fmp-components.com\/fi\/wp-json\/wp\/v2\/product_brand?post=6623"},{"taxonomy":"product_cat","embeddable":true,"href":"https:\/\/fmp-components.com\/fi\/wp-json\/wp\/v2\/product_cat?post=6623"},{"taxonomy":"product_tag","embeddable":true,"href":"https:\/\/fmp-components.com\/fi\/wp-json\/wp\/v2\/product_tag?post=6623"}],"curies":[{"name":"wp","href":"https:\/\/api.w.org\/{rel}","templated":true}]}}