{"id":6622,"date":"2025-03-11T06:33:57","date_gmt":"2025-03-11T06:33:57","guid":{"rendered":"https:\/\/fmp-components.com\/product\/professional-craftsmanship-3-stages-multistage-hydraulic-cylinder-for-dump-truck"},"modified":"2025-03-18T01:57:06","modified_gmt":"2025-03-18T01:57:06","slug":"professional-craftsmanship-3-stages-multistage-hydraulic-cylinder-for-dump-truck","status":"publish","type":"product","link":"https:\/\/fmp-components.com\/fi\/product\/professional-craftsmanship-3-stages-multistage-hydraulic-cylinder-for-dump-truck\/","title":{"rendered":"Ammattimainen k\u00e4sity\u00f6taito 3 vaihetta monivaiheinen hydraulisylinteri kippiautoon"},"content":{"rendered":"<h2>Ammattimainen k\u00e4sity\u00f6taito 3 vaihetta monivaiheinen hydraulisylinteri kippiautoon<\/h2>\n<p>Huippulaatuinen, ammattilaistason kolmivaiheinen monivaiheinen hydraulisylinterimme on suunniteltu erityisesti dumppereille. T\u00e4m\u00e4 huippuluokan hydraulisylinteri on valmistettu erinomaisella ammattitaidolla ja tarjoaa korkean suorituskyvyn ja kest\u00e4vyyden monenlaisiin k\u00e4ytt\u00f6tarkoituksiin. T\u00e4m\u00e4 hydraulisylinteri on ihanteellinen konepajoille, maatiloille, energia- ja kaivosteollisuudelle, konevalmistukseen ja konetehtaisiin, ja se on paras ty\u00f6kalu raskaaseen k\u00e4ytt\u00f6\u00f6n.<\/p>\n<h3>Tuotteen tekniset tiedot<\/h3>\n<table style=\"width: 101.042%;\" border=\"\">\n<tbody>\n<tr>\n<td style=\"width: 43.4286%;\"><b>Rei\u00e4n koko<\/b><\/td>\n<td style=\"width: 421.714%;\">2\u20136 tuumaa<\/td>\n<\/tr>\n<tr>\n<td style=\"width: 43.4286%;\"><b>Tangon koko<\/b><\/td>\n<td style=\"width: 421.714%;\">1,125\u20134 tuumaa<\/td>\n<\/tr>\n<tr>\n<td style=\"width: 43.4286%;\"><b>Iskun koko<\/b><\/td>\n<td style=\"width: 421.714%;\">4\u2013100 tuumaa<\/td>\n<\/tr>\n<tr>\n<td style=\"width: 43.4286%;\"><b>Tapin koko<\/b><\/td>\n<td style=\"width: 421.714%;\">0,5\u20132 tuumaa<\/td>\n<\/tr>\n<tr>\n<td style=\"width: 43.4286%;\"><b>Portit<\/b><\/td>\n<td style=\"width: 421.714%;\">G\/SAE\/NPT\/M<\/td>\n<\/tr>\n<\/tbody>\n<\/table>\n<h2>T\u00e4rkeimm\u00e4t ominaisuudet ja edut<\/h2>\n<ul>\n<li>Energiatehokas: Monivaiheinen hydraulisylinterimme on suunniteltu optimoimaan energiankulutusta ja v\u00e4hent\u00e4m\u00e4\u00e4n k\u00e4ytt\u00f6kustannuksia.<\/li>\n<li>Korkea hy\u00f6tysuhde: Rakennettu tuottamaan suuri teho ja varmistamaan maksimaalinen tuottavuus.<\/li>\n<li>Turvallisuus: Turvallisuus mieless\u00e4 suunniteltu hydraulisylinterimme takaa riskitt\u00f6m\u00e4n k\u00e4yt\u00f6n.<\/li>\n<\/ul>\n<h2>Hydraulij\u00e4rjestelm\u00e4n ymm\u00e4rt\u00e4minen<\/h2>\n<p>Hydraulij\u00e4rjestelm\u00e4t toimivat periaatteella, jossa voimaa siirret\u00e4\u00e4n pisteest\u00e4 toiseen kokoonpuristumattoman nesteen avulla. Kolmivaiheisessa monivaiheisessa hydraulisylinteriss\u00e4mme j\u00e4rjestelm\u00e4 toimii muuttamalla hydraulipaineen lineaariseksi liikkeeksi, jota k\u00e4ytet\u00e4\u00e4n raskaiden kuormien nostamiseen kippiautoissa.<\/p>\n<p><img loading=\"lazy\" decoding=\"async\" class=\"alignnone size-full wp-image-6793\" src=\"https:\/\/fmp-components.com\/wp-content\/uploads\/2025\/03\/Telescopic-Hydraulic-Cylinders-9.webp\" alt=\"Teleskooppiset hydraulisylinterit\" width=\"800\" height=\"800\" title=\"\" srcset=\"https:\/\/fmp-components.com\/wp-content\/uploads\/2025\/03\/Telescopic-Hydraulic-Cylinders-9.webp 800w, https:\/\/fmp-components.com\/wp-content\/uploads\/2025\/03\/Telescopic-Hydraulic-Cylinders-9-480x480.webp 480w\" sizes=\"(min-width: 0px) and (max-width: 480px) 480px, (min-width: 481px) 800px, 100vw\" \/><\/p>\n<h2>3-vaiheisen monivaiheisen hydraulisylinterimme sovellukset<\/h2>\n<p>Hydraulisylinterimme on monipuolinen ja sit\u00e4 voidaan k\u00e4ytt\u00e4\u00e4 useilla eri aloilla, kuten konepajoissa, maatiloilla, energia- ja kaivosteollisuudessa, konevalmistuksessa ja konetehtaissa. Se sopii t\u00e4ydellisesti kaikkiin raskaisiin sovelluksiin, jotka vaativat suurta tehoa ja kest\u00e4vyytt\u00e4.<\/p>\n<h2>Hydraulisylinterit ja voimayksik\u00f6t<\/h2>\n<p>Hydraulisylinterit ja voimayksik\u00f6t ovat olennainen osa mit\u00e4 tahansa hydraulij\u00e4rjestelm\u00e4\u00e4. FMP ymm\u00e4rt\u00e4\u00e4 n\u00e4iden komponenttien t\u00e4rkeyden ja tarjoaa myyntiin korkealaatuisia voimayksik\u00f6it\u00e4.<\/p>\n<h2>Usein kysytyt kysymykset<\/h2>\n<ul>\n<li><b>K: Kuinka pitk\u00e4 on toimitusaikanne?<\/b><br \/>\nV: Normaali toimitusaikamme on 25\u201335 p\u00e4iv\u00e4\u00e4.<\/li>\n<li><b>K: Toimitatteko n\u00e4ytteit\u00e4?<\/b><br \/>\nV: Kyll\u00e4, voimme tarjota n\u00e4ytteit\u00e4, mutta ne eiv\u00e4t ole ilmaisia.<\/li>\n<li><b>K: Voitteko mukauttaa tuotteita n\u00e4ytteiden tai teknisten piirustusten mukaan?<\/b><br \/>\nV: Kyll\u00e4, voimme r\u00e4\u00e4t\u00e4l\u00f6id\u00e4 tuotteita n\u00e4ytteidesi tai teknisten piirustusten perusteella.<\/li>\n<\/ul>\n<h3>Tietoja FMP:st\u00e4<\/h3>\n<p class=\"break-words\">FMP on johtava italialainen valmistaja, joka on erikoistunut korkealaatuisten hydraulisylintereiden suunnitteluun, kehitt\u00e4miseen ja tuotantoon. Rikkaalla, vuosikymmenten kokemukseen perustuvalla perinn\u00f6ll\u00e4mme yhdist\u00e4mme ylpe\u00e4n\u00e4 italialaisen k\u00e4sity\u00f6taidon huipputeknologiaan toimittaaksemme poikkeuksellisia hydraulisia ratkaisuja, jotka on r\u00e4\u00e4t\u00e4l\u00f6ity vastaamaan maailmanlaajuisen asiakaskuntamme monipuolisiin tarpeisiin. Italiassa, insin\u00f6\u00f6ritaidon huippuosaamisen keskuksessa, sijaitseva FMP on luotettava nimi hydrauliikkateollisuudessa ja sitoutunut tarjoamaan luotettavia, kest\u00e4vi\u00e4 ja innovatiivisia tuotteita, jotka voimaannuttavat yrityksi\u00e4 maailmanlaajuisesti.<\/p>\n<p class=\"break-words\">Yrityksemme yhdist\u00e4\u00e4 parhaat edistykselliset valmistusperinteet tulevaisuuteen suuntautuneeseen l\u00e4hestymistapaan. Vuosien kokemuksella hydrauliikkaj\u00e4rjestelmist\u00e4 FMP on kehittynyt nykyaikaiseksi yritykseksi, joka erottuu edukseen tutkimuksessa, suunnittelussa ja tuotannossa. Olemme erikoistuneet laajaan valikoimaan hydraulisylintereit\u00e4, mukaan lukien kaksitoimiset sylinterit, autojen nostosylinterit, maatalouskoneiden sylinterit ja r\u00e4\u00e4t\u00e4l\u00f6idyt ratkaisut erilaisiin teollisiin sovelluksiin. Olipa kyseess\u00e4 sitten rakentaminen, teollisuusasennukset, maatalous tai raskaskoneet, hydraulisylinterimme on rakennettu toimimaan vaativimmissakin olosuhteissa varmistaen turvallisuuden, tehokkuuden ja pitk\u00e4n k\u00e4ytt\u00f6i\u00e4n.<\/p>\n<p><img loading=\"lazy\" decoding=\"async\" class=\"alignnone size-full wp-image-6720\" src=\"https:\/\/fmp-components.com\/wp-content\/uploads\/2025\/03\/hydraulic-cylinder-8.webp\" alt=\"Teleskooppiset hydraulisylinterit\" width=\"933\" height=\"526\" title=\"\" srcset=\"https:\/\/fmp-components.com\/wp-content\/uploads\/2025\/03\/hydraulic-cylinder-8.webp 933w, https:\/\/fmp-components.com\/wp-content\/uploads\/2025\/03\/hydraulic-cylinder-8-480x271.webp 480w\" sizes=\"(min-width: 0px) and (max-width: 480px) 480px, (min-width: 481px) 933px, 100vw\" \/><\/p>\n<p class=\"break-words\">FMP:ll\u00e4 olemme ylpeit\u00e4 huippumoderneista tuotantolaitoksistamme, jotka on varustettu tarkkuuskoneilla ja edistyneill\u00e4 testausj\u00e4rjestelmill\u00e4. Valmistusprosessimme noudattavat tiukkoja kansallisia ja kansainv\u00e4lisi\u00e4 standardeja, mik\u00e4 varmistaa, ett\u00e4 jokainen tehtaaltamme l\u00e4htev\u00e4 hydraulisylinteri on eritt\u00e4in laadukas ja luotettava. Taitava tekninen tiimimme ja huippuluokan laitteet mahdollistavat tiukan laadunvalvonnan tuotannon jokaisessa vaiheessa \u2013 raaka-aineiden valinnasta lopputarkastukseen. T\u00e4m\u00e4 omistautuminen erinomaisuuteen on ansainnut meille sertifikaatteja ja tunnustusta alan viranomaisilta, mik\u00e4 on vahvistanut mainettamme luotettavana kumppanina.<\/p>\n<p class=\"break-words\">Missiomme on yksinkertainen mutta kunnianhimoinen: tarjota asiakkaillemme hydraulisylintereit\u00e4, jotka ylitt\u00e4v\u00e4t odotukset suorituskyvyss\u00e4, kest\u00e4vyydess\u00e4 ja arvossa. Toimimme ammattitaidon, rehellisyyden ja asiakasl\u00e4ht\u00f6isyyden ohjaamilla periaatteilla. Edist\u00e4m\u00e4ll\u00e4 innovaatio- ja tarkkuuskulttuuria ja jalostamme jatkuvasti tuotteitamme pysy\u00e4ksemme kilpailuedulla. Kattava tuotevalikoimamme ja kykymme tarjota r\u00e4\u00e4t\u00e4l\u00f6ityj\u00e4 ratkaisuja tekev\u00e4t meist\u00e4 ensisijaisen valinnan yrityksille, jotka etsiv\u00e4t tehokkaita hydraulisylintereit\u00e4.<\/p>\n<p class=\"break-words\">FMP on enemm\u00e4n kuin vain valmistaja \u2013 olemme kumppani menestyksess\u00e4si. Ymm\u00e4rr\u00e4mme, ett\u00e4 asiakkaamme luottavat meihin ty\u00f6kalujen toimittamisessa, jotka parantavat heid\u00e4n tuottavuuttaan ja turvallisuuttaan. Siksi olemme sitoutuneet tarjoamaan paitsi huippuluokan tuotteita my\u00f6s poikkeuksellista palvelua. Alustavasta konsultoinnista myynnin j\u00e4lkeiseen tukeen teemme tiivist\u00e4 yhteisty\u00f6t\u00e4 asiakkaidemme kanssa varmistaaksemme, ett\u00e4 heid\u00e4n tarpeensa t\u00e4ytet\u00e4\u00e4n ammattitaitoisesti ja huolellisesti. Kilpailukykyiset hintamme yhdistettyn\u00e4 horjumattomaan sitoutumiseemme laatuun tekev\u00e4t FMP:st\u00e4 \u00e4lykk\u00e4\u00e4n valinnan yrityksille, jotka haluavat investoida luotettaviin hydrauliikkaratkaisuihin.<\/p>","protected":false},"excerpt":{"rendered":"<p>Professional Craftsmanship 3 Stages Multistage Hydraulic Cylinder For Dump Truck Our top-quality, professional-grade 3 Stages Multistage Hydraulic Cylinder is designed specifically for dump trucks. Built with superior craftsmanship, this state-of-the-art hydraulic cylinder provides high performance and robustness for a wide range of applications. Ideal for machinery repair shops, farms, energy &amp; mining, machinery manufacturing, and [&hellip;]<\/p>","protected":false},"featured_media":6790,"comment_status":"closed","ping_status":"closed","template":"","meta":{"_et_pb_use_builder":"","_et_pb_old_content":"","_et_gb_content_width":""},"product_brand":[],"product_cat":[103],"product_tag":[34,105],"class_list":{"0":"post-6622","1":"product","2":"type-product","3":"status-publish","4":"has-post-thumbnail","6":"product_cat-telescopic-hydraulic-cylinders","7":"product_tag-hydraulic-cylinder","8":"product_tag-telescopic-hydraulic-cylinders","10":"first","11":"instock","12":"product-type-simple"},"_links":{"self":[{"href":"https:\/\/fmp-components.com\/fi\/wp-json\/wp\/v2\/product\/6622","targetHints":{"allow":["GET"]}}],"collection":[{"href":"https:\/\/fmp-components.com\/fi\/wp-json\/wp\/v2\/product"}],"about":[{"href":"https:\/\/fmp-components.com\/fi\/wp-json\/wp\/v2\/types\/product"}],"replies":[{"embeddable":true,"href":"https:\/\/fmp-components.com\/fi\/wp-json\/wp\/v2\/comments?post=6622"}],"wp:featuredmedia":[{"embeddable":true,"href":"https:\/\/fmp-components.com\/fi\/wp-json\/wp\/v2\/media\/6790"}],"wp:attachment":[{"href":"https:\/\/fmp-components.com\/fi\/wp-json\/wp\/v2\/media?parent=6622"}],"wp:term":[{"taxonomy":"product_brand","embeddable":true,"href":"https:\/\/fmp-components.com\/fi\/wp-json\/wp\/v2\/product_brand?post=6622"},{"taxonomy":"product_cat","embeddable":true,"href":"https:\/\/fmp-components.com\/fi\/wp-json\/wp\/v2\/product_cat?post=6622"},{"taxonomy":"product_tag","embeddable":true,"href":"https:\/\/fmp-components.com\/fi\/wp-json\/wp\/v2\/product_tag?post=6622"}],"curies":[{"name":"wp","href":"https:\/\/api.w.org\/{rel}","templated":true}]}}