{"id":6621,"date":"2025-03-11T06:33:57","date_gmt":"2025-03-11T06:33:57","guid":{"rendered":"https:\/\/fmp-components.com\/product\/premium-quality-dump-truck-hydraulic-hoist-cylinder-double-acting-hydraulic-cylinder"},"modified":"2025-03-14T00:55:26","modified_gmt":"2025-03-14T00:55:26","slug":"premium-quality-dump-truck-hydraulic-hoist-cylinder-double-acting-hydraulic-cylinder","status":"publish","type":"product","link":"https:\/\/fmp-components.com\/fi\/product\/premium-quality-dump-truck-hydraulic-hoist-cylinder-double-acting-hydraulic-cylinder\/","title":{"rendered":"Ensiluokkainen kippiauton hydraulinen nostosylinteri, kaksitoiminen hydraulisylinteri"},"content":{"rendered":"<h2>Ensiluokkainen kippiauton hydraulinen nostosylinteri<\/h2>\n<p>Ensiluokkainen kippiauton hydraulinen nostosylinterimme on kaksitoiminen hydraulisylinteri, joka tarjoaa huippuluokan suorituskyky\u00e4 kaikilla soveltuvilla toimialoilla. Olitpa sitten koneiden korjauksessa, maanviljelyss\u00e4, energia- ja kaivosteollisuudessa, koneiden valmistuksessa tai omistatko konetehtaan, t\u00e4m\u00e4 hydraulisylinteri on suunniteltu palvelemaan tarpeitasi poikkeuksellisen hyvin.<\/p>\n<h3>Tuotteen tekniset tiedot<\/h3>\n<p>Hydraulisylinterimme on uudenveroinen ja sill\u00e4 on vuoden takuu. Se on vakiomallinen ja monivaiheinen hydraulisylinteri, jossa on m\u00e4nt\u00e4rakenne. Runko on valmistettu ter\u00e4ksest\u00e4 ja sen maksimity\u00f6nt\u00f6voima on 3000. Hydraulisylinterimme maksimivetovoima on 20 tonnia ja sill\u00e4 on ISO9001:2000-sertifikaatti.<\/p>\n<table style=\"width: 95.0781%;\" border=\"\">\n<tbody>\n<tr>\n<th style=\"width: 42.8571%;\">Rei\u00e4n koko<\/th>\n<th style=\"width: 396%;\">2\u20136 tuumaa<\/th>\n<\/tr>\n<tr>\n<th style=\"width: 42.8571%;\">Tangon koko<\/th>\n<th style=\"width: 396%;\">1,125\u20134 tuumaa<\/th>\n<\/tr>\n<tr>\n<th style=\"width: 42.8571%;\">Iskun koko<\/th>\n<th style=\"width: 396%;\">4\u2013100 tuumaa<\/th>\n<\/tr>\n<tr>\n<th style=\"width: 42.8571%;\">Tapin koko<\/th>\n<th style=\"width: 396%;\">0,5\u20132 tuumaa<\/th>\n<\/tr>\n<tr>\n<th style=\"width: 42.8571%;\">Portit<\/th>\n<th style=\"width: 396%;\">G\/SAE\/NPT\/M<\/th>\n<\/tr>\n<\/tbody>\n<\/table>\n<h2>Tuotteen ominaisuudet ja edut<\/h2>\n<ul>\n<li>Energiatehokas<\/li>\n<li>Eritt\u00e4in tehokas<\/li>\n<li>Turvallisuus taattu<\/li>\n<\/ul>\n<h2>Hydraulij\u00e4rjestelm\u00e4n toimintaperiaate<\/h2>\n<p>Hydraulisylinterimme toimii nestevoiman periaatteella. Kyseess\u00e4 on tekniikka, joka hy\u00f6dynt\u00e4\u00e4 hydraulinesteen kokoonpuristumattomuutta voiman siirt\u00e4miseen ja mekaanisten teht\u00e4vien suorittamiseen. Kun hydraulinestett\u00e4 sy\u00f6tet\u00e4\u00e4n sylinteriin paineen alaisena, se kohdistaa voimaa sylinterin sis\u00e4ll\u00e4 olevaan m\u00e4nt\u00e4\u00e4n. T\u00e4m\u00e4 voima saa m\u00e4nn\u00e4n liikkumaan, mik\u00e4 puolestaan \u200b\u200bliikuttaa kiinnitetty\u00e4 tankoa pident\u00e4en tai vet\u00e4ytyen sis\u00e4\u00e4n. T\u00e4m\u00e4n toiminnan perusajatuksena on Pascalin laki, jonka mukaan kaikki suljetussa nesteess\u00e4 tapahtuvat paineen muutokset v\u00e4littyv\u00e4t tasaisesti kaikkiin suuntiin. T\u00e4m\u00e4 mahdollistaa sen, ett\u00e4 suhteellisen pieni sy\u00f6tt\u00f6voima tuottaa paljon suuremman l\u00e4ht\u00f6voiman, mik\u00e4 tekee hydraulij\u00e4rjestelmist\u00e4 uskomattoman tehokkaita raskaiden kuormien nostamiseen ja siirt\u00e4miseen.<\/p>\n<p>Hydraulisylinterin suunnittelu sis\u00e4lt\u00e4\u00e4 erilaisia \u200b\u200bkomponentteja, kuten tiivisteit\u00e4 ja venttiilej\u00e4, jotka auttavat hallitsemaan nesteen virtausta ja varmistamaan sujuvan toiminnan. S\u00e4\u00e4telem\u00e4ll\u00e4 hydraulinesteen painetta ja virtausnopeutta k\u00e4ytt\u00e4j\u00e4t voivat saavuttaa tarkkoja liikkeit\u00e4 ja hallita laitteita, mik\u00e4 tekee hydraulij\u00e4rjestelmist\u00e4 ihanteellisia teht\u00e4viin, jotka vaativat sek\u00e4 voimaa ett\u00e4 tarkkuutta.<\/p>\n<p><img loading=\"lazy\" decoding=\"async\" class=\"alignnone  wp-image-6663\" src=\"https:\/\/fmp-components.com\/wp-content\/uploads\/2025\/03\/telescopic-hydraulic-cylinder-11.webp\" alt=\"teleskooppinen hydraulisylinteri\" width=\"784\" height=\"784\" title=\"\" srcset=\"https:\/\/fmp-components.com\/wp-content\/uploads\/2025\/03\/telescopic-hydraulic-cylinder-11.webp 784w, https:\/\/fmp-components.com\/wp-content\/uploads\/2025\/03\/telescopic-hydraulic-cylinder-11-480x480.webp 480w\" sizes=\"(min-width: 0px) and (max-width: 480px) 480px, (min-width: 481px) 784px, 100vw\" \/><\/p>\n<h3>Hydraulisylinterin k\u00e4ytt\u00f6<\/h3>\n<p>Hydraulisen nostosylinterimme monipuolisuus tekee siit\u00e4 olennaisen komponentin monissa sovelluksissa, erityisesti rakennus- ja kuljetusaloilla. T\u00e4m\u00e4n tyyppist\u00e4 hydraulisylinteri\u00e4 k\u00e4ytet\u00e4\u00e4n yleisesti kippiautoissa, joissa sill\u00e4 on ratkaiseva rooli lavan nostamisessa materiaalien, kuten soran, hiekan tai roskien, purkamisen helpottamiseksi. Lavan tehokas nostaminen ja laskeminen parantaa tuottavuutta ja turvallisuutta rakennusty\u00f6mailla.<\/p>\n<p>Kippiautojen lis\u00e4ksi hydraulisia nostosylintereit\u00e4 k\u00e4ytet\u00e4\u00e4n laajasti kaivinkoneissa ja kuormaajissa. Kaivinkoneissa n\u00e4m\u00e4 sylinterit vastaavat puomin ja varren liikkeist\u00e4, mik\u00e4 mahdollistaa materiaalien tarkan kaivamisen, nostamisen ja sijoittelun. Vastaavasti kuormaajissa hydraulisylinterit mahdollistavat kauhan nostamisen ja kallistuksen, mik\u00e4 helpottaa materiaalien kuljetusta ja lastaamista.<\/p>\n<p>Hydraulisylinterien k\u00e4ytt\u00f6kohteet ulottuvat rakennuskoneiden ulkopuolelle; niit\u00e4 l\u00f6ytyy my\u00f6s erilaisista teollisuuslaitteista, kuten trukeista ja materiaalink\u00e4sittelyj\u00e4rjestelmist\u00e4, joissa ne tarjoavat tarvittavan voiman raskaiden kuormien nostamiseen ja toiminnan tehokkuuden parantamiseen. Niiden kest\u00e4v\u00e4 rakenne ja suuri teho tekev\u00e4t niist\u00e4 v\u00e4ltt\u00e4m\u00e4tt\u00f6mi\u00e4 teht\u00e4viss\u00e4, jotka vaativat raskaita nostoja ja siirtoja, varmistaen, ett\u00e4 koneet toimivat sujuvasti ja tehokkaasti vaativissa ymp\u00e4rist\u00f6iss\u00e4.<\/p>\n<p>Kaiken kaikkiaan hydraulinen nostosylinteri on esimerkki hydraulisten j\u00e4rjestelmien tehokkuudesta nykyaikaisissa koneissa ja osoittaa niiden kyvyn suorittaa monimutkaisia \u200b\u200bteht\u00e4vi\u00e4 luotettavasti ja tarkasti useilla eri toimialoilla.<\/p>\n<p><img alt=\"\" \/><\/p>\n<h2>Usein kysytyt kysymykset<\/h2>\n<p><span>K: Oletko kauppayhti\u00f6 vai valmistaja?<\/span><br \/>\n<span>A: Olemme tehdas.<\/span><br \/>\n<span>K: Kuinka pitk\u00e4 on toimitusaikanne?<\/span><br \/>\n<span>V: Yleens\u00e4 se on 25\u201335 p\u00e4iv\u00e4\u00e4.<\/span><br \/>\n<span>K: Tarjoatteko n\u00e4ytteit\u00e4? Ovatko ne ilmaisia \u200b\u200bvai ylim\u00e4\u00e4r\u00e4isi\u00e4?<\/span><br \/>\n<span>V: Kyll\u00e4, voisimme tarjota n\u00e4ytteen, mutta se ei ole ilmainen.<\/span><\/p>\n<h3>Tietoja FMP:st\u00e4<\/h3>\n<p class=\"break-words\">FMP on johtava italialainen valmistaja, joka on erikoistunut korkealaatuisten hydraulisylintereiden suunnitteluun, kehitt\u00e4miseen ja tuotantoon. Rikkaalla, vuosikymmenten kokemukseen perustuvalla perinn\u00f6ll\u00e4mme yhdist\u00e4mme ylpe\u00e4n\u00e4 italialaisen k\u00e4sity\u00f6taidon huipputeknologiaan toimittaaksemme poikkeuksellisia hydraulisia ratkaisuja, jotka on r\u00e4\u00e4t\u00e4l\u00f6ity vastaamaan maailmanlaajuisen asiakaskuntamme monipuolisiin tarpeisiin. Italiassa, insin\u00f6\u00f6ritaidon huippuosaamisen keskuksessa, sijaitseva FMP on luotettava nimi hydrauliikkateollisuudessa ja sitoutunut tarjoamaan luotettavia, kest\u00e4vi\u00e4 ja innovatiivisia tuotteita, jotka voimaannuttavat yrityksi\u00e4 maailmanlaajuisesti.<\/p>\n<p class=\"break-words\">Yrityksemme yhdist\u00e4\u00e4 parhaat edistykselliset valmistusperinteet tulevaisuuteen suuntautuneeseen l\u00e4hestymistapaan. Vuosien kokemuksella hydrauliikkaj\u00e4rjestelmist\u00e4 FMP on kehittynyt nykyaikaiseksi yritykseksi, joka erottuu edukseen tutkimuksessa, suunnittelussa ja tuotannossa. Olemme erikoistuneet laajaan valikoimaan hydraulisylintereit\u00e4, mukaan lukien kaksitoimiset sylinterit, autojen nostosylinterit, maatalouskoneiden sylinterit ja r\u00e4\u00e4t\u00e4l\u00f6idyt ratkaisut erilaisiin teollisiin sovelluksiin. Olipa kyseess\u00e4 sitten rakentaminen, teollisuusasennukset, maatalous tai raskaskoneet, hydraulisylinterimme on rakennettu toimimaan vaativimmissakin olosuhteissa varmistaen turvallisuuden, tehokkuuden ja pitk\u00e4n k\u00e4ytt\u00f6i\u00e4n.<\/p>\n<p><img loading=\"lazy\" decoding=\"async\" class=\"alignnone size-full wp-image-6720\" src=\"https:\/\/fmp-components.com\/wp-content\/uploads\/2025\/03\/hydraulic-cylinder-8.webp\" alt=\"Teleskooppiset hydraulisylinterit\" width=\"933\" height=\"526\" title=\"\" srcset=\"https:\/\/fmp-components.com\/wp-content\/uploads\/2025\/03\/hydraulic-cylinder-8.webp 933w, https:\/\/fmp-components.com\/wp-content\/uploads\/2025\/03\/hydraulic-cylinder-8-480x271.webp 480w\" sizes=\"(min-width: 0px) and (max-width: 480px) 480px, (min-width: 481px) 933px, 100vw\" \/><\/p>\n<p class=\"break-words\">FMP:ll\u00e4 olemme ylpeit\u00e4 huippumoderneista tuotantolaitoksistamme, jotka on varustettu tarkkuuskoneilla ja edistyneill\u00e4 testausj\u00e4rjestelmill\u00e4. Valmistusprosessimme noudattavat tiukkoja kansallisia ja kansainv\u00e4lisi\u00e4 standardeja, mik\u00e4 varmistaa, ett\u00e4 jokainen tehtaaltamme l\u00e4htev\u00e4 hydraulisylinteri on eritt\u00e4in laadukas ja luotettava. Taitava tekninen tiimimme ja huippuluokan laitteet mahdollistavat tiukan laadunvalvonnan tuotannon jokaisessa vaiheessa \u2013 raaka-aineiden valinnasta lopputarkastukseen. T\u00e4m\u00e4 omistautuminen erinomaisuuteen on ansainnut meille sertifikaatteja ja tunnustusta alan viranomaisilta, mik\u00e4 on vahvistanut mainettamme luotettavana kumppanina.<\/p>\n<p class=\"break-words\">Missiomme on yksinkertainen mutta kunnianhimoinen: tarjota asiakkaillemme hydraulisylintereit\u00e4, jotka ylitt\u00e4v\u00e4t odotukset suorituskyvyss\u00e4, kest\u00e4vyydess\u00e4 ja arvossa. Toimimme ammattitaidon, rehellisyyden ja asiakasl\u00e4ht\u00f6isyyden ohjaamilla periaatteilla. Edist\u00e4m\u00e4ll\u00e4 innovaatio- ja tarkkuuskulttuuria ja jalostamme jatkuvasti tuotteitamme pysy\u00e4ksemme kilpailuedulla. Kattava tuotevalikoimamme ja kykymme tarjota r\u00e4\u00e4t\u00e4l\u00f6ityj\u00e4 ratkaisuja tekev\u00e4t meist\u00e4 ensisijaisen valinnan yrityksille, jotka etsiv\u00e4t tehokkaita hydraulisylintereit\u00e4.<\/p>\n<p class=\"break-words\">FMP on enemm\u00e4n kuin vain valmistaja \u2013 olemme kumppani menestyksess\u00e4si. Ymm\u00e4rr\u00e4mme, ett\u00e4 asiakkaamme luottavat meihin ty\u00f6kalujen toimittamisessa, jotka parantavat heid\u00e4n tuottavuuttaan ja turvallisuuttaan. Siksi olemme sitoutuneet tarjoamaan paitsi huippuluokan tuotteita my\u00f6s poikkeuksellista palvelua. Alustavasta konsultoinnista myynnin j\u00e4lkeiseen tukeen teemme tiivist\u00e4 yhteisty\u00f6t\u00e4 asiakkaidemme kanssa varmistaaksemme, ett\u00e4 heid\u00e4n tarpeensa t\u00e4ytet\u00e4\u00e4n ammattitaitoisesti ja huolellisesti. Kilpailukykyiset hintamme yhdistettyn\u00e4 horjumattomaan sitoutumiseemme laatuun tekev\u00e4t FMP:st\u00e4 \u00e4lykk\u00e4\u00e4n valinnan yrityksille, jotka haluavat investoida luotettaviin hydrauliikkaratkaisuihin.<\/p>","protected":false},"excerpt":{"rendered":"<p>Premium Quality Dump Truck Hydraulic Hoist Cylinder Our Premium Quality Dump Truck Hydraulic Hoist Cylinder is a double acting hydraulic cylinder that delivers top-notch performance in all applicable industries. Whether you are into machinery repair, farming, energy and mining, machinery manufacturing, or you own a machinery factory, this hydraulic cylinder is crafted to serve your [&hellip;]<\/p>","protected":false},"featured_media":6789,"comment_status":"closed","ping_status":"closed","template":"","meta":{"_et_pb_use_builder":"","_et_pb_old_content":"","_et_gb_content_width":""},"product_brand":[],"product_cat":[103],"product_tag":[34,105],"class_list":{"0":"post-6621","1":"product","2":"type-product","3":"status-publish","4":"has-post-thumbnail","6":"product_cat-telescopic-hydraulic-cylinders","7":"product_tag-hydraulic-cylinder","8":"product_tag-telescopic-hydraulic-cylinders","10":"first","11":"instock","12":"product-type-simple"},"_links":{"self":[{"href":"https:\/\/fmp-components.com\/fi\/wp-json\/wp\/v2\/product\/6621","targetHints":{"allow":["GET"]}}],"collection":[{"href":"https:\/\/fmp-components.com\/fi\/wp-json\/wp\/v2\/product"}],"about":[{"href":"https:\/\/fmp-components.com\/fi\/wp-json\/wp\/v2\/types\/product"}],"replies":[{"embeddable":true,"href":"https:\/\/fmp-components.com\/fi\/wp-json\/wp\/v2\/comments?post=6621"}],"wp:featuredmedia":[{"embeddable":true,"href":"https:\/\/fmp-components.com\/fi\/wp-json\/wp\/v2\/media\/6789"}],"wp:attachment":[{"href":"https:\/\/fmp-components.com\/fi\/wp-json\/wp\/v2\/media?parent=6621"}],"wp:term":[{"taxonomy":"product_brand","embeddable":true,"href":"https:\/\/fmp-components.com\/fi\/wp-json\/wp\/v2\/product_brand?post=6621"},{"taxonomy":"product_cat","embeddable":true,"href":"https:\/\/fmp-components.com\/fi\/wp-json\/wp\/v2\/product_cat?post=6621"},{"taxonomy":"product_tag","embeddable":true,"href":"https:\/\/fmp-components.com\/fi\/wp-json\/wp\/v2\/product_tag?post=6621"}],"curies":[{"name":"wp","href":"https:\/\/api.w.org\/{rel}","templated":true}]}}