{"id":6614,"date":"2025-03-11T06:33:57","date_gmt":"2025-03-11T06:33:57","guid":{"rendered":"https:\/\/fmp-components.com\/product\/quality-assurance-hydraulic-cylinder-double-acting-5-stage-hydraulic-telescopic-cylinder"},"modified":"2025-03-14T00:49:46","modified_gmt":"2025-03-14T00:49:46","slug":"quality-assurance-hydraulic-cylinder-double-acting-5-stage-hydraulic-telescopic-cylinder","status":"publish","type":"product","link":"https:\/\/fmp-components.com\/fi\/product\/quality-assurance-hydraulic-cylinder-double-acting-5-stage-hydraulic-telescopic-cylinder\/","title":{"rendered":"Laadunvarmistushydraulisylinteri Kaksitoiminen 5-vaiheinen hydraulinen teleskooppisylinteri"},"content":{"rendered":"<h2>Laadunvarmistushydraulisylinteri Kaksitoiminen 5-vaiheinen hydraulinen teleskooppisylinteri<\/h2>\n<p>Esittelyss\u00e4 laadunvarmistuksella varustettu kaksitoiminen 5-vaiheinen hydraulinen teleskooppisylinteri, huippuluokan tuote, joka on suunniteltu erilaisiin sovelluksiin teollisuudenaloilla, kuten konepajoissa, maatiloilla, energia- ja kaivosteollisuudessa, konevalmistuksessa ja konetehtaissa. T\u00e4m\u00e4 hydraulisylinteri on rakennettu korkeimpien laatustandardien mukaisesti, mik\u00e4 varmistaa kest\u00e4v\u00e4n ja luotettavan toiminnan.<\/p>\n<h3>Tuotteen ominaisuudet ja edut<\/h3>\n<ul>\n<li>Kaksitoiminen \u2013 mahdollistaa sek\u00e4 tangon ojennuksen ett\u00e4 sis\u00e4\u00e4nvedon hallinnan, mik\u00e4 lis\u00e4\u00e4 turvallisuutta ja tarkkuutta k\u00e4yt\u00f6ss\u00e4.<\/li>\n<li>5-vaiheinen teleskooppinen rakenne \u2013 tarjoaa pidemm\u00e4n ty\u00f6iskun kuin samanpituinen yksivaiheinen sylinteri.<\/li>\n<li>Ter\u00e4srunkomateriaali \u2013 varmistaa kest\u00e4vyyden ja pitk\u00e4aikaisen suorituskyvyn my\u00f6s vaativissa ty\u00f6olosuhteissa.<\/li>\n<li>Korkea suorituskyky \u2013 t\u00e4m\u00e4n hydraulisylinterin enimm\u00e4isty\u00f6nt\u00f6voima on 3000 tonnia ja enimm\u00e4isvetovoima 20 tonnia, joten se soveltuu raskaisiin sovelluksiin.<\/li>\n<li>Laadunvarmistus \u2013 hydraulisylinterill\u00e4mme on 1 vuoden takuu ydinosille, testiraportit ja ISO9001:2000-sertifiointi.<\/li>\n<\/ul>\n<h3>Tekniset tiedot<\/h3>\n<table style=\"width: 101.022%;\" border=\"\">\n<tbody>\n<tr>\n<td style=\"width: 42.8571%;\"><i>Rei\u00e4n koko<\/i><\/td>\n<td style=\"width: 411.429%;\">2\u20136 tuumaa<\/td>\n<\/tr>\n<tr>\n<td style=\"width: 42.8571%;\"><i>Tangon koko<\/i><\/td>\n<td style=\"width: 411.429%;\">1,125\u20134 tuumaa<\/td>\n<\/tr>\n<tr>\n<td style=\"width: 42.8571%;\"><i>Iskun koko<\/i><\/td>\n<td style=\"width: 411.429%;\">4\u2013100 tuumaa<\/td>\n<\/tr>\n<tr>\n<td style=\"width: 42.8571%;\"><i>Tapin koko<\/i><\/td>\n<td style=\"width: 411.429%;\">0,5\u20132 tuumaa<\/td>\n<\/tr>\n<tr>\n<td style=\"width: 42.8571%;\"><i>Portit<\/i><\/td>\n<td style=\"width: 411.429%;\">G\/SAE\/NPT\/M<\/td>\n<\/tr>\n<\/tbody>\n<\/table>\n<h2>Hydraulisylinterien k\u00e4ytt\u00f6<\/h2>\n<p>Hydraulisylintereit\u00e4mme k\u00e4ytet\u00e4\u00e4n laajasti monenlaisissa sovelluksissa, mik\u00e4 osoittaa niiden monipuolisuuden ja tehokkuuden eri sektoreilla. Konekorjaamoista maatalousalueisiin, energiantuotantoon, kaivostoimintaan, konevalmistukseen ja teollisuuslaitoksiin, n\u00e4ill\u00e4 sylintereill\u00e4 on ratkaiseva rooli teht\u00e4viss\u00e4, jotka vaativat merkitt\u00e4v\u00e4\u00e4 voimaa ja tarkkuutta.<\/p>\n<p>Yksi hydraulisylintereidemme keskeisist\u00e4 ominaisuuksista on niiden monivaiheinen rakenne, jonka ansiosta ne pystyv\u00e4t tuottamaan suuren tehon s\u00e4ilytt\u00e4en samalla kompaktin koon. T\u00e4m\u00e4 tekee niist\u00e4 ihanteellisia sovelluksiin, jotka vaativat huomattavaa voimaa pitkill\u00e4 matkoilla. Esimerkiksi konepajoissa hydraulisylintereit\u00e4 k\u00e4ytet\u00e4\u00e4n raskaiden laitteiden nostamiseen huoltoa ja korjausta varten, mik\u00e4 varmistaa turvallisuuden ja tehokkuuden prosessin aikana.<\/p>\n<p>Maataloudessa n\u00e4m\u00e4 sylinterit auttavat maatalouskoneiden, kuten traktoreiden ja puimureiden, k\u00e4yt\u00f6ss\u00e4, jolloin viljelij\u00e4t voivat suorittaa teht\u00e4vi\u00e4, kuten aurojen nostamista tai laitteiden s\u00e4\u00e4t\u00f6\u00e4, helposti. Maataloussektori hy\u00f6tyy suuresti hydraulisylintereiden tehokkaasta nostokyvyst\u00e4, mik\u00e4 parantaa tuottavuutta ja v\u00e4hent\u00e4\u00e4 manuaalista ty\u00f6t\u00e4.<\/p>\n<p>Energia- ja kaivosteollisuudessa hydraulisylinterit ovat v\u00e4ltt\u00e4m\u00e4tt\u00f6mi\u00e4 poraus-, kaivu- ja materiaalink\u00e4sittelylaitteiden k\u00e4yt\u00f6ss\u00e4. Ne tarjoavat tarvittavan voiman suurten maa-ainesten tai materiaalien siirt\u00e4miseen, mik\u00e4 tekee toiminnasta turvallisempaa ja tehokkaampaa. Lis\u00e4ksi koneenrakennuksessa ja tehtaissa hydraulisylinterit ovat olennainen osa kokoonpanolinjoja, joissa ne helpottavat komponenttien siirt\u00e4mist\u00e4 ja sijoittamista, mik\u00e4 osaltaan virtaviivaistaa tuotantoprosesseja.<\/p>\n<p><img loading=\"lazy\" decoding=\"async\" class=\"alignnone size-full wp-image-6788\" src=\"https:\/\/fmp-components.com\/wp-content\/uploads\/2025\/03\/Telescopic-Hydraulic-Cylinders-4.webp\" alt=\"Teleskooppiset hydraulisylinterit\" width=\"800\" height=\"800\" title=\"\" srcset=\"https:\/\/fmp-components.com\/wp-content\/uploads\/2025\/03\/Telescopic-Hydraulic-Cylinders-4.webp 800w, https:\/\/fmp-components.com\/wp-content\/uploads\/2025\/03\/Telescopic-Hydraulic-Cylinders-4-480x480.webp 480w\" sizes=\"(min-width: 0px) and (max-width: 480px) 480px, (min-width: 481px) 800px, 100vw\" \/><\/p>\n<h2>Hydraulisylinterit ja voimayksik\u00f6t<\/h2>\n<p>Hydraulisylinterit ja voimayksik\u00f6t ovat mink\u00e4 tahansa hydraulij\u00e4rjestelm\u00e4n peruskomponentteja, jotka toimivat harmonisesti maksimoidakseen hydrauliteknologian tehokkuuden teollisissa sovelluksissa. Hydraulisylinteri toimii toimilaitteena, joka muuntaa hydraulisen paineen mekaaniseksi liikkeeksi, kun taas voimayksikk\u00f6 tuottaa ja s\u00e4\u00e4telee sylinterin k\u00e4ytt\u00e4miseen tarvittavaa hydraulinesteen painetta.<\/p>\n<p>Yhdess\u00e4 n\u00e4m\u00e4 komponentit varmistavat, ett\u00e4 hydrauliikkaj\u00e4rjestelm\u00e4t tarjoavat luotettavaa tehoa ja tarkkaa ohjausta erilaisille teknisille ja mekaanisille laitteille. Hydraulisylinterien ja voimayksik\u00f6iden yhteisty\u00f6 mahdollistaa laajan valikoiman sovelluksia nostamisesta ja ty\u00f6nt\u00e4misest\u00e4 puristamiseen ja taivuttamiseen, mik\u00e4 tekee niist\u00e4 v\u00e4ltt\u00e4m\u00e4tt\u00f6mi\u00e4 nykyaikaisessa valmistuksessa, rakentamisessa ja luonnonvarojen louhinnassa.<\/p>\n<p>Lis\u00e4ksi niiden yhdistetty tehokkuus ei ainoastaan \u200b\u200bparanna tuottavuutta, vaan varmistaa my\u00f6s toiminnan turvallisuuden ja tarkkuuden. Hy\u00f6dynt\u00e4m\u00e4ll\u00e4 hydrauliikkateknologian vahvuuksia teollisuudenalat voivat saavuttaa korkeamman suorituskyvyn, v\u00e4hent\u00e4\u00e4 seisokkiaikoja ja parantaa yleist\u00e4 toiminnan tehokkuutta. T\u00e4m\u00e4 hydraulisylinterien ja voimayksik\u00f6iden v\u00e4linen symbioottinen suhde on esimerkki hydraulij\u00e4rjestelmien kriittisest\u00e4 roolista teollisten valmiuksien ja innovaatioiden edist\u00e4misess\u00e4.<\/p>\n<h2>Usein kysytyt kysymykset<\/h2>\n<p><b>K: Kuinka pitk\u00e4 on toimitusaikanne?<\/b><br \/>\nV: Yleens\u00e4 se on 25\u201335 p\u00e4iv\u00e4\u00e4.<\/p>\n<p><b>K: Toimitatteko n\u00e4ytteit\u00e4? Onko se ilmaista vai lis\u00e4maksullista?<\/b><br \/>\nV: Kyll\u00e4, voisimme tarjota n\u00e4ytteen, mutta se ei ole ilmainen.<\/p>\n<p><b>Voitko tuottaa n\u00e4ytteiden mukaan?<\/b><br \/>\nV: Kyll\u00e4, voimme valmistaa n\u00e4ytteidenne tai teknisten piirustustenne perusteella. Voimme rakentaa muotit ja kalusteet.<\/p>\n<h3>Tietoja FMP:st\u00e4<\/h3>\n<p class=\"break-words\">FMP on johtava italialainen valmistaja, joka on erikoistunut korkealaatuisten hydraulisylintereiden suunnitteluun, kehitt\u00e4miseen ja tuotantoon. Rikkaalla, vuosikymmenten kokemukseen perustuvalla perinn\u00f6ll\u00e4mme yhdist\u00e4mme ylpe\u00e4n\u00e4 italialaisen k\u00e4sity\u00f6taidon huipputeknologiaan toimittaaksemme poikkeuksellisia hydraulisia ratkaisuja, jotka on r\u00e4\u00e4t\u00e4l\u00f6ity vastaamaan maailmanlaajuisen asiakaskuntamme monipuolisiin tarpeisiin. Italiassa, insin\u00f6\u00f6ritaidon huippuosaamisen keskuksessa, sijaitseva FMP on luotettava nimi hydrauliikkateollisuudessa ja sitoutunut tarjoamaan luotettavia, kest\u00e4vi\u00e4 ja innovatiivisia tuotteita, jotka voimaannuttavat yrityksi\u00e4 maailmanlaajuisesti.<\/p>\n<p class=\"break-words\">Yrityksemme yhdist\u00e4\u00e4 parhaat edistykselliset valmistusperinteet tulevaisuuteen suuntautuneeseen l\u00e4hestymistapaan. Vuosien kokemuksella hydrauliikkaj\u00e4rjestelmist\u00e4 FMP on kehittynyt nykyaikaiseksi yritykseksi, joka erottuu edukseen tutkimuksessa, suunnittelussa ja tuotannossa. Olemme erikoistuneet laajaan valikoimaan hydraulisylintereit\u00e4, mukaan lukien kaksitoimiset sylinterit, autojen nostosylinterit, maatalouskoneiden sylinterit ja r\u00e4\u00e4t\u00e4l\u00f6idyt ratkaisut erilaisiin teollisiin sovelluksiin. Olipa kyseess\u00e4 sitten rakentaminen, teollisuusasennukset, maatalous tai raskaskoneet, hydraulisylinterimme on rakennettu toimimaan vaativimmissakin olosuhteissa varmistaen turvallisuuden, tehokkuuden ja pitk\u00e4n k\u00e4ytt\u00f6i\u00e4n.<\/p>\n<p><img loading=\"lazy\" decoding=\"async\" class=\"alignnone size-full wp-image-6720\" src=\"https:\/\/fmp-components.com\/wp-content\/uploads\/2025\/03\/hydraulic-cylinder-8.webp\" alt=\"Teleskooppiset hydraulisylinterit\" width=\"933\" height=\"526\" title=\"\" srcset=\"https:\/\/fmp-components.com\/wp-content\/uploads\/2025\/03\/hydraulic-cylinder-8.webp 933w, https:\/\/fmp-components.com\/wp-content\/uploads\/2025\/03\/hydraulic-cylinder-8-480x271.webp 480w\" sizes=\"(min-width: 0px) and (max-width: 480px) 480px, (min-width: 481px) 933px, 100vw\" \/><\/p>\n<p class=\"break-words\">FMP:ll\u00e4 olemme ylpeit\u00e4 huippumoderneista tuotantolaitoksistamme, jotka on varustettu tarkkuuskoneilla ja edistyneill\u00e4 testausj\u00e4rjestelmill\u00e4. Valmistusprosessimme noudattavat tiukkoja kansallisia ja kansainv\u00e4lisi\u00e4 standardeja, mik\u00e4 varmistaa, ett\u00e4 jokainen tehtaaltamme l\u00e4htev\u00e4 hydraulisylinteri on eritt\u00e4in laadukas ja luotettava. Taitava tekninen tiimimme ja huippuluokan laitteet mahdollistavat tiukan laadunvalvonnan tuotannon jokaisessa vaiheessa \u2013 raaka-aineiden valinnasta lopputarkastukseen. T\u00e4m\u00e4 omistautuminen erinomaisuuteen on ansainnut meille sertifikaatteja ja tunnustusta alan viranomaisilta, mik\u00e4 on vahvistanut mainettamme luotettavana kumppanina.<\/p>\n<p class=\"break-words\">Missiomme on yksinkertainen mutta kunnianhimoinen: tarjota asiakkaillemme hydraulisylintereit\u00e4, jotka ylitt\u00e4v\u00e4t odotukset suorituskyvyss\u00e4, kest\u00e4vyydess\u00e4 ja arvossa. Toimimme ammattitaidon, rehellisyyden ja asiakasl\u00e4ht\u00f6isyyden ohjaamilla periaatteilla. Edist\u00e4m\u00e4ll\u00e4 innovaatio- ja tarkkuuskulttuuria ja jalostamme jatkuvasti tuotteitamme pysy\u00e4ksemme kilpailuedulla. Kattava tuotevalikoimamme ja kykymme tarjota r\u00e4\u00e4t\u00e4l\u00f6ityj\u00e4 ratkaisuja tekev\u00e4t meist\u00e4 ensisijaisen valinnan yrityksille, jotka etsiv\u00e4t tehokkaita hydraulisylintereit\u00e4.<\/p>\n<p class=\"break-words\">FMP on enemm\u00e4n kuin vain valmistaja \u2013 olemme kumppani menestyksess\u00e4si. Ymm\u00e4rr\u00e4mme, ett\u00e4 asiakkaamme luottavat meihin ty\u00f6kalujen toimittamisessa, jotka parantavat heid\u00e4n tuottavuuttaan ja turvallisuuttaan. Siksi olemme sitoutuneet tarjoamaan paitsi huippuluokan tuotteita my\u00f6s poikkeuksellista palvelua. Alustavasta konsultoinnista myynnin j\u00e4lkeiseen tukeen teemme tiivist\u00e4 yhteisty\u00f6t\u00e4 asiakkaidemme kanssa varmistaaksemme, ett\u00e4 heid\u00e4n tarpeensa t\u00e4ytet\u00e4\u00e4n ammattitaitoisesti ja huolellisesti. Kilpailukykyiset hintamme yhdistettyn\u00e4 horjumattomaan sitoutumiseemme laatuun tekev\u00e4t FMP:st\u00e4 \u00e4lykk\u00e4\u00e4n valinnan yrityksille, jotka haluavat investoida luotettaviin hydrauliikkaratkaisuihin.<\/p>","protected":false},"excerpt":{"rendered":"<p>Quality Assurance Hydraulic Cylinder Double Acting 5 Stage Hydraulic Telescopic Cylinder Introducing our Quality Assurance hydraulic cylinder Double Acting 5 Stage Hydraulic Telescopic Cylinder, a state-of-the-art product designed for various applications in industries such as machinery repair shops, farms, energy &amp; mining, machinery manufacturing, and from machinery factories. This hydraulic cylinder is built with the [&hellip;]<\/p>","protected":false},"featured_media":6788,"comment_status":"closed","ping_status":"closed","template":"","meta":{"_et_pb_use_builder":"","_et_pb_old_content":"","_et_gb_content_width":""},"product_brand":[],"product_cat":[103],"product_tag":[34,105],"class_list":{"0":"post-6614","1":"product","2":"type-product","3":"status-publish","4":"has-post-thumbnail","6":"product_cat-telescopic-hydraulic-cylinders","7":"product_tag-hydraulic-cylinder","8":"product_tag-telescopic-hydraulic-cylinders","10":"first","11":"instock","12":"product-type-simple"},"_links":{"self":[{"href":"https:\/\/fmp-components.com\/fi\/wp-json\/wp\/v2\/product\/6614","targetHints":{"allow":["GET"]}}],"collection":[{"href":"https:\/\/fmp-components.com\/fi\/wp-json\/wp\/v2\/product"}],"about":[{"href":"https:\/\/fmp-components.com\/fi\/wp-json\/wp\/v2\/types\/product"}],"replies":[{"embeddable":true,"href":"https:\/\/fmp-components.com\/fi\/wp-json\/wp\/v2\/comments?post=6614"}],"wp:featuredmedia":[{"embeddable":true,"href":"https:\/\/fmp-components.com\/fi\/wp-json\/wp\/v2\/media\/6788"}],"wp:attachment":[{"href":"https:\/\/fmp-components.com\/fi\/wp-json\/wp\/v2\/media?parent=6614"}],"wp:term":[{"taxonomy":"product_brand","embeddable":true,"href":"https:\/\/fmp-components.com\/fi\/wp-json\/wp\/v2\/product_brand?post=6614"},{"taxonomy":"product_cat","embeddable":true,"href":"https:\/\/fmp-components.com\/fi\/wp-json\/wp\/v2\/product_cat?post=6614"},{"taxonomy":"product_tag","embeddable":true,"href":"https:\/\/fmp-components.com\/fi\/wp-json\/wp\/v2\/product_tag?post=6614"}],"curies":[{"name":"wp","href":"https:\/\/api.w.org\/{rel}","templated":true}]}}