{"id":6613,"date":"2025-03-11T06:33:57","date_gmt":"2025-03-11T06:33:57","guid":{"rendered":"https:\/\/fmp-components.com\/product\/factory-direct-sale-3-stage-dump-truck-hydraulic-cylinder-telescopic-hydraulic-cylinder-for-sale"},"modified":"2025-03-12T08:55:31","modified_gmt":"2025-03-12T08:55:31","slug":"factory-direct-sale-3-stage-dump-truck-hydraulic-cylinder-telescopic-hydraulic-cylinder-for-sale","status":"publish","type":"product","link":"https:\/\/fmp-components.com\/fi\/product\/factory-direct-sale-3-stage-dump-truck-hydraulic-cylinder-telescopic-hydraulic-cylinder-for-sale\/","title":{"rendered":"Tehtaan suoramyynti 3-vaiheinen kippiauton hydraulisylinteri Teleskooppinen hydraulisylinteri myyt\u00e4v\u00e4n\u00e4"},"content":{"rendered":"<h2>Tehtaan suoramyynti 3-vaiheinen kippiauton hydraulisylinteri Teleskooppinen hydraulisylinteri myyt\u00e4v\u00e4n\u00e4<\/h2>\n<p>Tehtaan suoramyyntiin tarkoitettu 3-vaiheinen kippiauton hydraulisylinteri Teleskooppinen hydraulisylinteri tarjoaa erinomaisen suorituskyvyn monenlaisiin k\u00e4ytt\u00f6tarkoituksiin. T\u00e4m\u00e4 hydraulisylinteri on suunniteltu tarjoamaan maksimaalisen ty\u00f6nt\u00f6- ja vetovoiman raskaissa k\u00e4ytt\u00f6kohteissa, joten se on erinomainen valinta konekorjaamoille, maatiloille, energia- ja kaivosteollisuudelle, konevalmistukseen ja konetehtaisiin. Hydraulisylinteri on valmistettu kest\u00e4v\u00e4st\u00e4 ter\u00e4ksest\u00e4, mik\u00e4 varmistaa sen pitk\u00e4n k\u00e4ytt\u00f6i\u00e4n ja luotettavuuden vaativissa ymp\u00e4rist\u00f6iss\u00e4.<\/p>\n<h3>Tuotteen tekniset tiedot<\/h3>\n<p>T\u00e4m\u00e4 hydraulisylinteri painaa 32 kg, sen sis\u00e4halkaisija on 2\u20136 tuumaa, varren koko 1,125\u20134 tuumaa ja iskunpituus 4\u2013100 tuumaa. Suurin ty\u00f6nt\u00f6voima on 3000 ja suurin vetovoima 20 tonnia. Se on saatavana mustana ja pakattu rauta-, vaneri- tai pahvilaatikkoon turvallisen kuljetuksen takaamiseksi.<\/p>\n<table style=\"width: 93.9579%;\" border=\"\">\n<tbody>\n<tr>\n<td style=\"width: 42.8571%;\"><i>Rei\u00e4n koko<\/i><\/td>\n<td style=\"width: 379.429%;\">2\u20136 tuumaa<\/td>\n<\/tr>\n<tr>\n<td style=\"width: 42.8571%;\"><i>Tangon koko<\/i><\/td>\n<td style=\"width: 379.429%;\">1,125\u20134 tuumaa<\/td>\n<\/tr>\n<tr>\n<td style=\"width: 42.8571%;\"><i>Iskun koko<\/i><\/td>\n<td style=\"width: 379.429%;\">4\u2013100 tuumaa<\/td>\n<\/tr>\n<tr>\n<td style=\"width: 42.8571%;\"><i>Tapin koko<\/i><\/td>\n<td style=\"width: 379.429%;\">0,5\u20132 tuumaa<\/td>\n<\/tr>\n<tr>\n<td style=\"width: 42.8571%;\"><i>Portit<\/i><\/td>\n<td style=\"width: 379.429%;\">G\/SAE\/NPT\/M<\/td>\n<\/tr>\n<\/tbody>\n<\/table>\n<h3>Ainutlaatuiset ominaisuudet ja edut<\/h3>\n<p>T\u00e4m\u00e4 hydraulisylinteri tarjoaa lukuisia etuja, kuten energiatehokkuuden, korkean suorituskyvyn ja turvallisuuden. Siin\u00e4 on my\u00f6s monivaiheinen rakenne, joka tarjoaa enemm\u00e4n joustavuutta ja tehokkuutta toimintaan. Se on sertifioitu ISO9001:2000-standardin mukaisesti, mik\u00e4 varmistaa sen laadun ja luotettavuuden.<\/p>\n<h2>Hydraulisten j\u00e4rjestelmien toimintaperiaate ja sovellukset<\/h2>\n<p>Hydraulisylintereill\u00e4 on ratkaiseva rooli useilla teollisuudenaloilla, sill\u00e4 ne muuntavat hydraulista energiaa mekaaniseksi energiaksi. T\u00e4m\u00e4 muuntaminen on olennaista erilaisten koneiden ja laitteiden toiminnassa. Hydraulisylintereit\u00e4mme k\u00e4ytet\u00e4\u00e4n laajalti eri teollisuudenaloilla, kuten koneiden korjauksissa, maataloudessa, energia- ja kaivosteollisuudessa, konevalmistuksessa ja muualla.<\/p>\n<h2>Hydraulisylinterit ja voimayksik\u00f6t<\/h2>\n<p>Hydraulisylinterit ja voimayksik\u00f6t ovat olennainen osa mit\u00e4 tahansa hydraulij\u00e4rjestelm\u00e4\u00e4. Niiden yhdistetty toiminta varmistaa hydrauliteknologian laajan soveltamisen eri teollisuudenaloilla. FMP tarjoaa my\u00f6s voimayksik\u00f6it\u00e4 myyntiin, jotka tarjoavat luotettavaa teho- ja ohjaustukea erilaisille kone- ja laitej\u00e4rjestelmille.<\/p>\n<p><img loading=\"lazy\" decoding=\"async\" class=\"alignnone  wp-image-6656\" src=\"https:\/\/fmp-components.com\/wp-content\/uploads\/2025\/03\/telescopic-hydraulic-cylinder-5.webp\" alt=\"teleskooppinen hydraulisylinteri\" width=\"832\" height=\"832\" title=\"\" srcset=\"https:\/\/fmp-components.com\/wp-content\/uploads\/2025\/03\/telescopic-hydraulic-cylinder-5.webp 832w, https:\/\/fmp-components.com\/wp-content\/uploads\/2025\/03\/telescopic-hydraulic-cylinder-5-480x480.webp 480w\" sizes=\"(min-width: 0px) and (max-width: 480px) 480px, (min-width: 481px) 832px, 100vw\" \/><\/p>\n<h2>Usein kysytyt kysymykset<\/h2>\n<ol>\n<li><b>K: Oletko kauppayhti\u00f6 vai valmistaja?<\/b><br \/>\nV: Olemme valmistaja.<\/li>\n<li><b>K: Kuinka pitk\u00e4 on toimitusaikanne?<\/b><br \/>\nV: Yleens\u00e4 se on 25\u201335 p\u00e4iv\u00e4\u00e4.<\/li>\n<li><b>K: Toimitatteko n\u00e4ytteit\u00e4? Onko se ilmaista vai lis\u00e4maksullista?<\/b><br \/>\nV: Kyll\u00e4, voisimme tarjota n\u00e4ytteen, mutta se ei ole ilmainen.<\/li>\n<\/ol>\n<h3>Tietoja FMP:st\u00e4<\/h3>\n<p class=\"break-words\">FMP on johtava italialainen valmistaja, joka on erikoistunut korkealaatuisten hydraulisylintereiden suunnitteluun, kehitt\u00e4miseen ja tuotantoon. Rikkaalla, vuosikymmenten kokemukseen perustuvalla perinn\u00f6ll\u00e4mme yhdist\u00e4mme ylpe\u00e4n\u00e4 italialaisen k\u00e4sity\u00f6taidon huipputeknologiaan toimittaaksemme poikkeuksellisia hydraulisia ratkaisuja, jotka on r\u00e4\u00e4t\u00e4l\u00f6ity vastaamaan maailmanlaajuisen asiakaskuntamme monipuolisiin tarpeisiin. Italiassa, insin\u00f6\u00f6ritaidon huippuosaamisen keskuksessa, sijaitseva FMP on luotettava nimi hydrauliikkateollisuudessa ja sitoutunut tarjoamaan luotettavia, kest\u00e4vi\u00e4 ja innovatiivisia tuotteita, jotka voimaannuttavat yrityksi\u00e4 maailmanlaajuisesti.<\/p>\n<p class=\"break-words\">Yrityksemme yhdist\u00e4\u00e4 parhaat edistykselliset valmistusperinteet tulevaisuuteen suuntautuneeseen l\u00e4hestymistapaan. Vuosien kokemuksella hydrauliikkaj\u00e4rjestelmist\u00e4 FMP on kehittynyt nykyaikaiseksi yritykseksi, joka erottuu edukseen tutkimuksessa, suunnittelussa ja tuotannossa. Olemme erikoistuneet laajaan valikoimaan hydraulisylintereit\u00e4, mukaan lukien kaksitoimiset sylinterit, autojen nostosylinterit, maatalouskoneiden sylinterit ja r\u00e4\u00e4t\u00e4l\u00f6idyt ratkaisut erilaisiin teollisiin sovelluksiin. Olipa kyseess\u00e4 sitten rakentaminen, teollisuusasennukset, maatalous tai raskaskoneet, hydraulisylinterimme on rakennettu toimimaan vaativimmissakin olosuhteissa varmistaen turvallisuuden, tehokkuuden ja pitk\u00e4n k\u00e4ytt\u00f6i\u00e4n.<\/p>\n<p><img loading=\"lazy\" decoding=\"async\" class=\"alignnone size-full wp-image-6720\" src=\"https:\/\/fmp-components.com\/wp-content\/uploads\/2025\/03\/hydraulic-cylinder-8.webp\" alt=\"Teleskooppiset hydraulisylinterit\" width=\"933\" height=\"526\" title=\"\" srcset=\"https:\/\/fmp-components.com\/wp-content\/uploads\/2025\/03\/hydraulic-cylinder-8.webp 933w, https:\/\/fmp-components.com\/wp-content\/uploads\/2025\/03\/hydraulic-cylinder-8-480x271.webp 480w\" sizes=\"(min-width: 0px) and (max-width: 480px) 480px, (min-width: 481px) 933px, 100vw\" \/><\/p>\n<p class=\"break-words\">FMP:ll\u00e4 olemme ylpeit\u00e4 huippumoderneista tuotantolaitoksistamme, jotka on varustettu tarkkuuskoneilla ja edistyneill\u00e4 testausj\u00e4rjestelmill\u00e4. Valmistusprosessimme noudattavat tiukkoja kansallisia ja kansainv\u00e4lisi\u00e4 standardeja, mik\u00e4 varmistaa, ett\u00e4 jokainen tehtaaltamme l\u00e4htev\u00e4 hydraulisylinteri on eritt\u00e4in laadukas ja luotettava. Taitava tekninen tiimimme ja huippuluokan laitteet mahdollistavat tiukan laadunvalvonnan tuotannon jokaisessa vaiheessa \u2013 raaka-aineiden valinnasta lopputarkastukseen. T\u00e4m\u00e4 omistautuminen erinomaisuuteen on ansainnut meille sertifikaatteja ja tunnustusta alan viranomaisilta, mik\u00e4 on vahvistanut mainettamme luotettavana kumppanina.<\/p>\n<p class=\"break-words\">Missiomme on yksinkertainen mutta kunnianhimoinen: tarjota asiakkaillemme hydraulisylintereit\u00e4, jotka ylitt\u00e4v\u00e4t odotukset suorituskyvyss\u00e4, kest\u00e4vyydess\u00e4 ja arvossa. Toimimme ammattitaidon, rehellisyyden ja asiakasl\u00e4ht\u00f6isyyden ohjaamilla periaatteilla. Edist\u00e4m\u00e4ll\u00e4 innovaatio- ja tarkkuuskulttuuria ja jalostamme jatkuvasti tuotteitamme pysy\u00e4ksemme kilpailuedulla. Kattava tuotevalikoimamme ja kykymme tarjota r\u00e4\u00e4t\u00e4l\u00f6ityj\u00e4 ratkaisuja tekev\u00e4t meist\u00e4 ensisijaisen valinnan yrityksille, jotka etsiv\u00e4t tehokkaita hydraulisylintereit\u00e4.<\/p>\n<p class=\"break-words\">FMP on enemm\u00e4n kuin vain valmistaja \u2013 olemme kumppani menestyksess\u00e4si. Ymm\u00e4rr\u00e4mme, ett\u00e4 asiakkaamme luottavat meihin ty\u00f6kalujen toimittamisessa, jotka parantavat heid\u00e4n tuottavuuttaan ja turvallisuuttaan. Siksi olemme sitoutuneet tarjoamaan paitsi huippuluokan tuotteita my\u00f6s poikkeuksellista palvelua. Alustavasta konsultoinnista myynnin j\u00e4lkeiseen tukeen teemme tiivist\u00e4 yhteisty\u00f6t\u00e4 asiakkaidemme kanssa varmistaaksemme, ett\u00e4 heid\u00e4n tarpeensa t\u00e4ytet\u00e4\u00e4n ammattitaitoisesti ja huolellisesti. Kilpailukykyiset hintamme yhdistettyn\u00e4 horjumattomaan sitoutumiseemme laatuun tekev\u00e4t FMP:st\u00e4 \u00e4lykk\u00e4\u00e4n valinnan yrityksille, jotka haluavat investoida luotettaviin hydrauliikkaratkaisuihin.<\/p>","protected":false},"excerpt":{"rendered":"<p>Factory Direct Sale 3 Stage Dump Truck Hydraulic Cylinder Telescopic Hydraulic Cylinder For Sale Our Factory Direct Sale 3 Stage Dump Truck hydraulic cylinder Telescopic Hydraulic Cylinder offers superior performance for a wide range of applications. This hydraulic cylinder is designed to deliver maximum thrust and pull power for heavy-duty operations, making it an excellent [&hellip;]<\/p>","protected":false},"featured_media":6775,"comment_status":"closed","ping_status":"closed","template":"","meta":{"_et_pb_use_builder":"","_et_pb_old_content":"","_et_gb_content_width":""},"product_brand":[],"product_cat":[103],"product_tag":[34,105],"class_list":{"0":"post-6613","1":"product","2":"type-product","3":"status-publish","4":"has-post-thumbnail","6":"product_cat-telescopic-hydraulic-cylinders","7":"product_tag-hydraulic-cylinder","8":"product_tag-telescopic-hydraulic-cylinders","10":"first","11":"instock","12":"product-type-simple"},"_links":{"self":[{"href":"https:\/\/fmp-components.com\/fi\/wp-json\/wp\/v2\/product\/6613","targetHints":{"allow":["GET"]}}],"collection":[{"href":"https:\/\/fmp-components.com\/fi\/wp-json\/wp\/v2\/product"}],"about":[{"href":"https:\/\/fmp-components.com\/fi\/wp-json\/wp\/v2\/types\/product"}],"replies":[{"embeddable":true,"href":"https:\/\/fmp-components.com\/fi\/wp-json\/wp\/v2\/comments?post=6613"}],"wp:featuredmedia":[{"embeddable":true,"href":"https:\/\/fmp-components.com\/fi\/wp-json\/wp\/v2\/media\/6775"}],"wp:attachment":[{"href":"https:\/\/fmp-components.com\/fi\/wp-json\/wp\/v2\/media?parent=6613"}],"wp:term":[{"taxonomy":"product_brand","embeddable":true,"href":"https:\/\/fmp-components.com\/fi\/wp-json\/wp\/v2\/product_brand?post=6613"},{"taxonomy":"product_cat","embeddable":true,"href":"https:\/\/fmp-components.com\/fi\/wp-json\/wp\/v2\/product_cat?post=6613"},{"taxonomy":"product_tag","embeddable":true,"href":"https:\/\/fmp-components.com\/fi\/wp-json\/wp\/v2\/product_tag?post=6613"}],"curies":[{"name":"wp","href":"https:\/\/api.w.org\/{rel}","templated":true}]}}