{"id":6609,"date":"2025-03-11T06:33:57","date_gmt":"2025-03-11T06:33:57","guid":{"rendered":"https:\/\/fmp-components.com\/product\/professional-double-acting-multi-stage-hydraulic-cylinder-for-press"},"modified":"2025-03-14T01:21:24","modified_gmt":"2025-03-14T01:21:24","slug":"professional-double-acting-multi-stage-hydraulic-cylinder-for-press","status":"publish","type":"product","link":"https:\/\/fmp-components.com\/fi\/product\/professional-double-acting-multi-stage-hydraulic-cylinder-for-press\/","title":{"rendered":"Ammattimainen kaksitoiminen monivaiheinen hydraulisylinteri puristimelle"},"content":{"rendered":"<h2>Ammattimainen kaksitoiminen monivaiheinen hydraulisylinteri puristimelle<\/h2>\n<p>Ammattimainen kaksitoiminen monivaiheinen hydraulisylinteri puristimille on kest\u00e4v\u00e4 ja luotettava komponentti hydrauliikan maailmassa. Tarkkuudella suunniteltu sylinteri sopii erinomaisesti puristimille eri teollisuudenaloilla, kuten konepajoissa, energia-alalla ja kaivosteollisuudessa.<\/p>\n<h3>Tuotteen ominaisuudet ja tekniset tiedot<\/h3>\n<p>T\u00e4ss\u00e4 hydraulisylinteriss\u00e4 on useita ominaisuuksia, jotka tekev\u00e4t siit\u00e4 erottuvan joukosta. Sen ty\u00f6nt\u00f6voima on enint\u00e4\u00e4n 3000 tonnia ja vetovoima 20 tonnia. Sylinteri on valmistettu kest\u00e4v\u00e4st\u00e4 ter\u00e4ksest\u00e4 ja sen sylinterin halkaisija on 2\u20136 tuumaa, m\u00e4nn\u00e4nvarren halkaisija 1,125\u20134 tuumaa ja iskunpituus 4\u2013100 tuumaa.<\/p>\n<h3>Tekniset parametrit<\/h3>\n<table style=\"width: 96.4775%;\" border=\"\">\n<tbody>\n<tr>\n<th style=\"width: 43.4286%;\">Rei\u00e4n koko<\/th>\n<td style=\"width: 400.571%;\">2\u20136 tuumaa<\/td>\n<\/tr>\n<tr>\n<th style=\"width: 43.4286%;\">Tangon koko<\/th>\n<td style=\"width: 400.571%;\">1,125\u20134 tuumaa<\/td>\n<\/tr>\n<tr>\n<th style=\"width: 43.4286%;\">Iskun koko<\/th>\n<td style=\"width: 400.571%;\">4\u2013100 tuumaa<\/td>\n<\/tr>\n<tr>\n<th style=\"width: 43.4286%;\">Tapin koko<\/th>\n<td style=\"width: 400.571%;\">0,5\u20132 tuumaa<\/td>\n<\/tr>\n<tr>\n<th style=\"width: 43.4286%;\">Portit<\/th>\n<td style=\"width: 400.571%;\">G\/SAE\/NPT\/M<\/td>\n<\/tr>\n<\/tbody>\n<\/table>\n<h2>Ainutlaatuiset edut<\/h2>\n<p>T\u00e4m\u00e4 hydraulisylinteri on energiatehokas, tehokas ja turvallinen. Sen kaksitoiminen ominaisuus lis\u00e4\u00e4 tehokkuutta ja tehoa. Hydraulisylinteri on my\u00f6s ISO9001:2000-sertifioitu, mik\u00e4 takaa laadun ja luotettavuuden.<\/p>\n<h2>Hydraulij\u00e4rjestelm\u00e4t ja toimintaperiaatteet<\/h2>\n<p>Hydraulisylinterit ovat mink\u00e4 tahansa hydraulij\u00e4rjestelm\u00e4n peruskomponentti, ja niill\u00e4 on ratkaiseva rooli hydraulisen energian muuntamisessa mekaaniseksi liikkeeksi. T\u00e4m\u00e4 muunnos saavutetaan k\u00e4ytt\u00e4m\u00e4ll\u00e4 hydraulinestett\u00e4, joka paineistetaan ja johdetaan sylinteriin. Kun neste saapuu sis\u00e4\u00e4n, se kohdistaa voimaa sylinterin sis\u00e4ll\u00e4 olevaan m\u00e4nt\u00e4\u00e4n, jolloin se liikkuu. T\u00e4m\u00e4 liike muuttuu lineaariseksi liikkeeksi, jota voidaan hy\u00f6dynt\u00e4\u00e4 monenlaisissa teollisissa teht\u00e4viss\u00e4 raskaiden kuormien nostamisesta koneiden tarkkaan k\u00e4ytt\u00f6\u00f6n.<\/p>\n<p>Yksi monipuolisimmista hydraulisylintereist\u00e4 on kaksitoiminen hydraulisylinteri. Toisin kuin yksitoimiset sylinterit, jotka voivat liikkua vain yhteen suuntaan, kaksitoimiset sylinterit voivat liikkua sis\u00e4\u00e4n ja ulos molempiin suuntiin hydraulivoiman avulla. T\u00e4m\u00e4 ominaisuus tekee niist\u00e4 ihanteellisia monenlaisiin sovelluksiin, kuten rakennuskoneisiin, autonostimiin ja materiaalink\u00e4sittelylaitteisiin. Mahdollisuus ohjata liikett\u00e4 molempiin suuntiin mahdollistaa suuremman joustavuuden ja tehokkuuden toiminnassa, mik\u00e4 tekee kaksitoimisista sylintereist\u00e4 ensisijaisen vaihtoehdon monissa teollisuusymp\u00e4rist\u00f6iss\u00e4.<\/p>\n<p><img loading=\"lazy\" decoding=\"async\" class=\"alignnone size-full wp-image-6795\" src=\"https:\/\/fmp-components.com\/wp-content\/uploads\/2025\/03\/Telescopic-Hydraulic-Cylinders-11.webp\" alt=\"Teleskooppiset hydraulisylinterit\" width=\"800\" height=\"800\" title=\"\" srcset=\"https:\/\/fmp-components.com\/wp-content\/uploads\/2025\/03\/Telescopic-Hydraulic-Cylinders-11.webp 800w, https:\/\/fmp-components.com\/wp-content\/uploads\/2025\/03\/Telescopic-Hydraulic-Cylinders-11-480x480.webp 480w\" sizes=\"(min-width: 0px) and (max-width: 480px) 480px, (min-width: 481px) 800px, 100vw\" \/><\/p>\n<h2>Hydraulisylinterit ja voimayksik\u00f6t<\/h2>\n<p>Hydraulisylinterit ja voimayksik\u00f6t ovat hydraulij\u00e4rjestelm\u00e4n kriittisi\u00e4 osia, jotka toimivat yhdess\u00e4 hydrauliikan tehon hy\u00f6dynt\u00e4miseksi tehokkaasti. Hydraulisylinteri toimii toimilaitteena ja muuntaa voimayksik\u00f6n tuottaman hydraulipaineen mekaaniseksi liikkeeksi. Voimayksikk\u00f6 puolestaan \u200b\u200bvastaa hydraulinesteen paineen tuottamisesta ja s\u00e4\u00e4telyst\u00e4, toimittaen j\u00e4rjestelm\u00e4lle tarvittavan energian.<\/p>\n<p>T\u00e4m\u00e4 yhteisty\u00f6 on v\u00e4ltt\u00e4m\u00e4t\u00f6nt\u00e4 hydrauliikkateknologian laajalle soveltamiselle teollisuudessa. Yhdess\u00e4 hydraulisylinterit ja voimayksik\u00f6t tarjoavat luotettavaa tehoa ja tarkkaa ohjausta erilaisille teknisille ja mekaanisille laitteille. Esimerkiksi valmistusymp\u00e4rist\u00f6iss\u00e4 t\u00e4m\u00e4 synergia mahdollistaa puristimien, kuljettimien ja robottij\u00e4rjestelmien toiminnan, mik\u00e4 parantaa tuottavuutta ja tehokkuutta.<\/p>\n<p>Lis\u00e4ksi hydraulisylinterien integrointi voimayksik\u00f6ihin mahdollistaa monimutkaisten teht\u00e4vien toteuttamisen, jotka vaativat sek\u00e4 lujuutta ett\u00e4 tarkkuutta. S\u00e4\u00e4t\u00e4m\u00e4ll\u00e4 hydraulinesteen painetta ja virtausta k\u00e4ytt\u00e4j\u00e4t voivat hallita liikkeit\u00e4 tarkasti, mik\u00e4 tekee hydraulij\u00e4rjestelmist\u00e4 sopivia sovelluksiin raskaasta nostamisesta monimutkaisiin kokoonpanoprosesseihin.<\/p>\n<p>Yhteenvetona voidaan todeta, ett\u00e4 hydraulisylinterien ja voimayksik\u00f6iden yhdistelm\u00e4 on esimerkki hydraulisten j\u00e4rjestelmien tehokkuudesta nykyaikaisissa teollisissa sovelluksissa. Niiden kyky toimia saumattomasti yhdess\u00e4 varmistaa, ett\u00e4 teollisuudenalat voivat hy\u00f6dynt\u00e4\u00e4 hydrauliteknologiaa parantaakseen toiminnan tehokkuutta, parantaakseen turvallisuutta ja lis\u00e4t\u00e4kseen kokonaistuottavuutta monissa eri sovelluksissa.<\/p>\n<h2>Usein kysytyt kysymykset<\/h2>\n<p>K: Oletko kauppayhti\u00f6 vai valmistaja?<br \/>\nA: Olemme tehdas.<\/p>\n<p>K: Kuinka pitk\u00e4 on toimitusaikanne?<br \/>\nV: Yleens\u00e4 se on 25\u201335 p\u00e4iv\u00e4\u00e4.<\/p>\n<p>K: Voitteko tuottaa n\u00e4ytteiden mukaan?<br \/>\nV: Kyll\u00e4, voimme valmistaa n\u00e4ytteidenne tai teknisten piirustustenne perusteella. Voimme rakentaa muotit ja kalusteet.<\/p>\n<h3>Tietoja FMP:st\u00e4<\/h3>\n<p class=\"break-words\">FMP on johtava italialainen valmistaja, joka on erikoistunut korkealaatuisten hydraulisylintereiden suunnitteluun, kehitt\u00e4miseen ja tuotantoon. Rikkaalla, vuosikymmenten kokemukseen perustuvalla perinn\u00f6ll\u00e4mme yhdist\u00e4mme ylpe\u00e4n\u00e4 italialaisen k\u00e4sity\u00f6taidon huipputeknologiaan toimittaaksemme poikkeuksellisia hydraulisia ratkaisuja, jotka on r\u00e4\u00e4t\u00e4l\u00f6ity vastaamaan maailmanlaajuisen asiakaskuntamme monipuolisiin tarpeisiin. Italiassa, insin\u00f6\u00f6ritaidon huippuosaamisen keskuksessa, sijaitseva FMP on luotettava nimi hydrauliikkateollisuudessa ja sitoutunut tarjoamaan luotettavia, kest\u00e4vi\u00e4 ja innovatiivisia tuotteita, jotka voimaannuttavat yrityksi\u00e4 maailmanlaajuisesti.<\/p>\n<p class=\"break-words\">Yrityksemme yhdist\u00e4\u00e4 parhaat edistykselliset valmistusperinteet tulevaisuuteen suuntautuneeseen l\u00e4hestymistapaan. Vuosien kokemuksella hydrauliikkaj\u00e4rjestelmist\u00e4 FMP on kehittynyt nykyaikaiseksi yritykseksi, joka erottuu edukseen tutkimuksessa, suunnittelussa ja tuotannossa. Olemme erikoistuneet laajaan valikoimaan hydraulisylintereit\u00e4, mukaan lukien kaksitoimiset sylinterit, autojen nostosylinterit, maatalouskoneiden sylinterit ja r\u00e4\u00e4t\u00e4l\u00f6idyt ratkaisut erilaisiin teollisiin sovelluksiin. Olipa kyseess\u00e4 sitten rakentaminen, teollisuusasennukset, maatalous tai raskaskoneet, hydraulisylinterimme on rakennettu toimimaan vaativimmissakin olosuhteissa varmistaen turvallisuuden, tehokkuuden ja pitk\u00e4n k\u00e4ytt\u00f6i\u00e4n.<\/p>\n<p><img loading=\"lazy\" decoding=\"async\" class=\"alignnone size-full wp-image-6720\" src=\"https:\/\/fmp-components.com\/wp-content\/uploads\/2025\/03\/hydraulic-cylinder-8.webp\" alt=\"Teleskooppiset hydraulisylinterit\" width=\"933\" height=\"526\" title=\"\" srcset=\"https:\/\/fmp-components.com\/wp-content\/uploads\/2025\/03\/hydraulic-cylinder-8.webp 933w, https:\/\/fmp-components.com\/wp-content\/uploads\/2025\/03\/hydraulic-cylinder-8-480x271.webp 480w\" sizes=\"(min-width: 0px) and (max-width: 480px) 480px, (min-width: 481px) 933px, 100vw\" \/><\/p>\n<p class=\"break-words\">FMP:ll\u00e4 olemme ylpeit\u00e4 huippumoderneista tuotantolaitoksistamme, jotka on varustettu tarkkuuskoneilla ja edistyneill\u00e4 testausj\u00e4rjestelmill\u00e4. Valmistusprosessimme noudattavat tiukkoja kansallisia ja kansainv\u00e4lisi\u00e4 standardeja, mik\u00e4 varmistaa, ett\u00e4 jokainen tehtaaltamme l\u00e4htev\u00e4 hydraulisylinteri on eritt\u00e4in laadukas ja luotettava. Taitava tekninen tiimimme ja huippuluokan laitteet mahdollistavat tiukan laadunvalvonnan tuotannon jokaisessa vaiheessa \u2013 raaka-aineiden valinnasta lopputarkastukseen. T\u00e4m\u00e4 omistautuminen erinomaisuuteen on ansainnut meille sertifikaatteja ja tunnustusta alan viranomaisilta, mik\u00e4 on vahvistanut mainettamme luotettavana kumppanina.<\/p>\n<p class=\"break-words\">Missiomme on yksinkertainen mutta kunnianhimoinen: tarjota asiakkaillemme hydraulisylintereit\u00e4, jotka ylitt\u00e4v\u00e4t odotukset suorituskyvyss\u00e4, kest\u00e4vyydess\u00e4 ja arvossa. Toimimme ammattitaidon, rehellisyyden ja asiakasl\u00e4ht\u00f6isyyden ohjaamilla periaatteilla. Edist\u00e4m\u00e4ll\u00e4 innovaatio- ja tarkkuuskulttuuria ja jalostamme jatkuvasti tuotteitamme pysy\u00e4ksemme kilpailuedulla. Kattava tuotevalikoimamme ja kykymme tarjota r\u00e4\u00e4t\u00e4l\u00f6ityj\u00e4 ratkaisuja tekev\u00e4t meist\u00e4 ensisijaisen valinnan yrityksille, jotka etsiv\u00e4t tehokkaita hydraulisylintereit\u00e4.<\/p>\n<p class=\"break-words\">FMP on enemm\u00e4n kuin vain valmistaja \u2013 olemme kumppani menestyksess\u00e4si. Ymm\u00e4rr\u00e4mme, ett\u00e4 asiakkaamme luottavat meihin ty\u00f6kalujen toimittamisessa, jotka parantavat heid\u00e4n tuottavuuttaan ja turvallisuuttaan. Siksi olemme sitoutuneet tarjoamaan paitsi huippuluokan tuotteita my\u00f6s poikkeuksellista palvelua. Alustavasta konsultoinnista myynnin j\u00e4lkeiseen tukeen teemme tiivist\u00e4 yhteisty\u00f6t\u00e4 asiakkaidemme kanssa varmistaaksemme, ett\u00e4 heid\u00e4n tarpeensa t\u00e4ytet\u00e4\u00e4n ammattitaitoisesti ja huolellisesti. Kilpailukykyiset hintamme yhdistettyn\u00e4 horjumattomaan sitoutumiseemme laatuun tekev\u00e4t FMP:st\u00e4 \u00e4lykk\u00e4\u00e4n valinnan yrityksille, jotka haluavat investoida luotettaviin hydrauliikkaratkaisuihin.<\/p>","protected":false},"excerpt":{"rendered":"<p>Professional Double Acting Multi Stage Hydraulic Cylinder for Press The Professional Double Acting multi stage hydraulic cylinder for press is a robust and reliable component in the world of hydraulics. Designed with precision, this cylinder is ideal for press applications in various industries such as machinery repair shops, energy, and mining. Product Features and Specifications [&hellip;]<\/p>","protected":false},"featured_media":6795,"comment_status":"closed","ping_status":"closed","template":"","meta":{"_et_pb_use_builder":"","_et_pb_old_content":"","_et_gb_content_width":""},"product_brand":[],"product_cat":[103],"product_tag":[34,105],"class_list":{"0":"post-6609","1":"product","2":"type-product","3":"status-publish","4":"has-post-thumbnail","6":"product_cat-telescopic-hydraulic-cylinders","7":"product_tag-hydraulic-cylinder","8":"product_tag-telescopic-hydraulic-cylinders","10":"first","11":"instock","12":"product-type-simple"},"_links":{"self":[{"href":"https:\/\/fmp-components.com\/fi\/wp-json\/wp\/v2\/product\/6609","targetHints":{"allow":["GET"]}}],"collection":[{"href":"https:\/\/fmp-components.com\/fi\/wp-json\/wp\/v2\/product"}],"about":[{"href":"https:\/\/fmp-components.com\/fi\/wp-json\/wp\/v2\/types\/product"}],"replies":[{"embeddable":true,"href":"https:\/\/fmp-components.com\/fi\/wp-json\/wp\/v2\/comments?post=6609"}],"wp:featuredmedia":[{"embeddable":true,"href":"https:\/\/fmp-components.com\/fi\/wp-json\/wp\/v2\/media\/6795"}],"wp:attachment":[{"href":"https:\/\/fmp-components.com\/fi\/wp-json\/wp\/v2\/media?parent=6609"}],"wp:term":[{"taxonomy":"product_brand","embeddable":true,"href":"https:\/\/fmp-components.com\/fi\/wp-json\/wp\/v2\/product_brand?post=6609"},{"taxonomy":"product_cat","embeddable":true,"href":"https:\/\/fmp-components.com\/fi\/wp-json\/wp\/v2\/product_cat?post=6609"},{"taxonomy":"product_tag","embeddable":true,"href":"https:\/\/fmp-components.com\/fi\/wp-json\/wp\/v2\/product_tag?post=6609"}],"curies":[{"name":"wp","href":"https:\/\/api.w.org\/{rel}","templated":true}]}}