{"id":6608,"date":"2025-03-11T06:33:57","date_gmt":"2025-03-11T06:33:57","guid":{"rendered":"https:\/\/fmp-components.com\/product\/customized-trailer-telescopic-hydraulic-cylinder-used-for-dump-truck-from-fmp"},"modified":"2025-03-14T01:34:20","modified_gmt":"2025-03-14T01:34:20","slug":"customized-trailer-telescopic-hydraulic-cylinder-used-for-dump-truck-from-fmp","status":"publish","type":"product","link":"https:\/\/fmp-components.com\/fi\/product\/customized-trailer-telescopic-hydraulic-cylinder-used-for-dump-truck-from-fmp\/","title":{"rendered":"R\u00e4\u00e4t\u00e4l\u00f6ity per\u00e4vaunun teleskooppinen hydraulisylinteri, jota k\u00e4ytet\u00e4\u00e4n FMP:n kippiautoon"},"content":{"rendered":"<h2>R\u00e4\u00e4t\u00e4l\u00f6ity per\u00e4vaunun teleskooppinen hydraulisylinteri, jota k\u00e4ytet\u00e4\u00e4n FMP:n kippiautoon<\/h2>\n<p>Koe FMP:n huipputuotteen, Customized Trailer Telescopic -hydraulisylinterin, tehokkuus ja tehokkuus. Erityisesti kippiautoihin suunniteltu hydraulisylinteri tarjoaa vertaansa vailla olevaa suorituskyky\u00e4 ja luotettavuutta.<\/p>\n<h3>T\u00e4rkeimm\u00e4t ominaisuudet ja tekniset tiedot<\/h3>\n<h4>Ominaisuudet<\/h4>\n<ul>\n<li>Kunto: Uusi<\/li>\n<li>Takuu: 1 vuosi<\/li>\n<li>Rakenne: M\u00e4nt\u00e4sylinteri<\/li>\n<li>Voima: Hydraulinen<\/li>\n<li>Rungon materiaali: Ter\u00e4s<\/li>\n<li>Maksimi ty\u00f6nt\u00f6voima: 3000<\/li>\n<li>Neste: \u00d6ljy<\/li>\n<li>Maksimiveto: 600<\/li>\n<li>Sertifiointi: ISO9001:2000<\/li>\n<\/ul>\n<h4><span style=\"font-size: 26px;\">Ainutlaatuiset ominaisuudet ja edut<\/span><\/h4>\n<p>Hydraulisylinterimme erottuu edukseen energians\u00e4\u00e4st\u00f6ns\u00e4, korkean hy\u00f6tysuhteensa ja turvallisuusominaisuuksiensa ansiosta. Se on vakiotuote, jota voidaan r\u00e4\u00e4t\u00e4l\u00f6id\u00e4 tarpeidesi mukaan, mik\u00e4 tarjoaa ihanteellisen ratkaisun eri toimialoille, kuten tuotantolaitoksille, konepajoille, maatiloille sek\u00e4 energia- ja kaivosteollisuudelle.<\/p>\n<p><img loading=\"lazy\" decoding=\"async\" class=\"alignnone size-full wp-image-6757\" src=\"https:\/\/fmp-components.com\/wp-content\/uploads\/2025\/03\/Telescopic-Hydraulic-Cylinders-114.webp\" alt=\"Teleskooppiset hydraulisylinterit\" width=\"2160\" height=\"2160\" title=\"\" srcset=\"https:\/\/fmp-components.com\/wp-content\/uploads\/2025\/03\/Telescopic-Hydraulic-Cylinders-114.webp 2160w, https:\/\/fmp-components.com\/wp-content\/uploads\/2025\/03\/Telescopic-Hydraulic-Cylinders-114-1280x1280.webp 1280w, https:\/\/fmp-components.com\/wp-content\/uploads\/2025\/03\/Telescopic-Hydraulic-Cylinders-114-980x980.webp 980w, https:\/\/fmp-components.com\/wp-content\/uploads\/2025\/03\/Telescopic-Hydraulic-Cylinders-114-480x480.webp 480w\" sizes=\"(min-width: 0px) and (max-width: 480px) 480px, (min-width: 481px) and (max-width: 980px) 980px, (min-width: 981px) and (max-width: 1280px) 1280px, (min-width: 1281px) 2160px, 100vw\" \/><\/p>\n<h2>Hydraulij\u00e4rjestelm\u00e4 ja toimintaperiaate<\/h2>\n<p>Hydraulisylinteri toimii muuntamalla hydraulisen energian mekaaniseksi liikkeeksi ja muuttamalla paineen voimaksi. Se on hydraulij\u00e4rjestelm\u00e4n olennainen osa, joka varmistaa sen sujuvan toiminnan. Sylinterin sylinterin halkaisijaa, iskunpituutta ja muita parametreja voidaan s\u00e4\u00e4t\u00e4\u00e4 tarpeidesi mukaan, mik\u00e4 tarjoaa joustavan ja r\u00e4\u00e4t\u00e4l\u00f6idyn ratkaisun yrityksellesi.<\/p>\n<h2>Sovellusskenaariot<\/h2>\n<p>T\u00e4t\u00e4 hydraulisylinteri\u00e4 k\u00e4ytet\u00e4\u00e4n laajalti kippiautoissa, joissa se tarjoaa luotettavaa ja tehokasta suorituskyky\u00e4, mik\u00e4 on ratkaisevan t\u00e4rke\u00e4\u00e4 erilaisissa nosto- ja purkuteht\u00e4viss\u00e4. Sen kest\u00e4v\u00e4 rakenne on suunniteltu kest\u00e4m\u00e4\u00e4n rakennus- ja kuljetusymp\u00e4rist\u00f6iss\u00e4 usein esiintyv\u00e4t vaativat olosuhteet. Suuren ty\u00f6nt\u00f6voimansa ansiosta t\u00e4m\u00e4 hydraulisylinteri varmistaa, ett\u00e4 kippiauto voi nostaa ja laskea lavaansa sujuvasti, mik\u00e4 mahdollistaa materiaalien, kuten soran, hiekan ja rakennusj\u00e4tteen, nopean ja tehokkaan purkamisen.<\/p>\n<p>Kyky toimia raskaiden kuormien alla ja vaativissa olosuhteissa tekee t\u00e4st\u00e4 hydraulisylinterist\u00e4 v\u00e4ltt\u00e4m\u00e4tt\u00f6m\u00e4n osan kippiautoissa. Sen luotettavuus vaikuttaa suoraan rakennusprojektien kokonaistuottavuuteen, sill\u00e4 se nopeuttaa materiaalink\u00e4sittely\u00e4 ja v\u00e4hent\u00e4\u00e4 seisokkiaikoja. Olipa kyseess\u00e4 sitten kaupunkien rakennusty\u00f6maat tai syrj\u00e4iset kaivostoiminnot, hydraulisylinterin tasainen suorituskyky edist\u00e4\u00e4 kippiautojen toiminnan tehokkuutta ja vaikuttavuutta.<\/p>\n<p>N\u00e4it\u00e4 hydraulisylintereit\u00e4 k\u00e4ytet\u00e4\u00e4n dumppereiden lis\u00e4ksi my\u00f6s useissa muissa sovelluksissa, kuten kaivinkoneissa, kuormaajissa ja jopa maatalouskoneissa. Niiden monipuolisuus ja lujuus tekev\u00e4t niist\u00e4 sopivia monenlaisiin teht\u00e4viin raskaiden laitteiden nostamisesta ja siirt\u00e4misest\u00e4 tarkkojen toimintojen suorittamiseen valmistusymp\u00e4rist\u00f6iss\u00e4.<\/p>\n<h2>Hydraulisylinterit ja voimayksik\u00f6t<\/h2>\n<p>Hydraulisylinterit ja voimayksik\u00f6t ovat hydraulij\u00e4rjestelm\u00e4n olennaisia \u200b\u200bosia, ja kullakin on t\u00e4rke\u00e4 rooli hydrauliteknologian tehokkaan soveltamisen varmistamisessa eri teollisuudenaloilla. Hydraulisylinteri toimii toimilaitteena, joka muuntaa hydraulisen energian mekaaniseksi liikkeeksi, kun taas voimayksikk\u00f6 tuottaa ja s\u00e4\u00e4telee sylinterin toiminnan edellytt\u00e4m\u00e4\u00e4 hydraulinesteen painetta.<\/p>\n<p>Yhdess\u00e4 n\u00e4m\u00e4 komponentit varmistavat, ett\u00e4 hydrauliikkaj\u00e4rjestelm\u00e4t tarjoavat luotettavaa tehon ja ohjauksen tukea erilaisille teknisille ja mekaanisille laitteille. Esimerkiksi tuotantolaitoksissa hydraulisylinterien ja voimayksik\u00f6iden yhteisty\u00f6 mahdollistaa koneiden, kuten puristimien, robottik\u00e4sivarsien ja kuljetinj\u00e4rjestelmien, k\u00e4yt\u00f6n. T\u00e4m\u00e4 kumppanuus mahdollistaa monimutkaisten teht\u00e4vien suorittamisen, jotka vaativat sek\u00e4 voimaa ett\u00e4 tarkkuutta, mik\u00e4 parantaa kokonaistuottavuutta.<\/p>\n<p>Lis\u00e4ksi hydraulisten j\u00e4rjestelmien tehokkuutta parannetaan entisest\u00e4\u00e4n kyvyll\u00e4 hallita nesteen painetta ja virtausta. T\u00e4m\u00e4 mahdollistaa k\u00e4ytt\u00e4jille hienos\u00e4\u00e4detyt liikkeet, mik\u00e4 tekee hydrauliteknologiasta sopivan monenlaisiin sovelluksiin raskaasta nostamisesta monimutkaisiin kokoonpanoprosesseihin.<\/p>\n<p>Yhteenvetona voidaan todeta, ett\u00e4 hydraulisylinterien ja voimayksik\u00f6iden v\u00e4linen synergia on esimerkki hydraulisten j\u00e4rjestelmien tehokkuudesta nykyaikaisessa teollisuudessa. Niiden yhdistetty toiminnallisuus ei ainoastaan \u200b\u200bparanna toiminnan tehokkuutta, vaan my\u00f6s edist\u00e4\u00e4 merkitt\u00e4v\u00e4sti turvallisuutta ja luotettavuutta erilaisissa sovelluksissa, mik\u00e4 viime k\u00e4dess\u00e4 edist\u00e4\u00e4 innovaatioita ja tuottavuutta teollisuudessa.<\/p>\n<h3>Tietoja FMP:st\u00e4<\/h3>\n<p class=\"break-words\">FMP on johtava italialainen valmistaja, joka on erikoistunut korkealaatuisten hydraulisylintereiden suunnitteluun, kehitt\u00e4miseen ja tuotantoon. Rikkaalla, vuosikymmenten kokemukseen perustuvalla perinn\u00f6ll\u00e4mme yhdist\u00e4mme ylpe\u00e4n\u00e4 italialaisen k\u00e4sity\u00f6taidon huipputeknologiaan toimittaaksemme poikkeuksellisia hydraulisia ratkaisuja, jotka on r\u00e4\u00e4t\u00e4l\u00f6ity vastaamaan maailmanlaajuisen asiakaskuntamme monipuolisiin tarpeisiin. Italiassa, insin\u00f6\u00f6ritaidon huippuosaamisen keskuksessa, sijaitseva FMP on luotettava nimi hydrauliikkateollisuudessa ja sitoutunut tarjoamaan luotettavia, kest\u00e4vi\u00e4 ja innovatiivisia tuotteita, jotka voimaannuttavat yrityksi\u00e4 maailmanlaajuisesti.<\/p>\n<p class=\"break-words\">Yrityksemme yhdist\u00e4\u00e4 parhaat edistykselliset valmistusperinteet tulevaisuuteen suuntautuneeseen l\u00e4hestymistapaan. Vuosien kokemuksella hydrauliikkaj\u00e4rjestelmist\u00e4 FMP on kehittynyt nykyaikaiseksi yritykseksi, joka erottuu edukseen tutkimuksessa, suunnittelussa ja tuotannossa. Olemme erikoistuneet laajaan valikoimaan hydraulisylintereit\u00e4, mukaan lukien kaksitoimiset sylinterit, autojen nostosylinterit, maatalouskoneiden sylinterit ja r\u00e4\u00e4t\u00e4l\u00f6idyt ratkaisut erilaisiin teollisiin sovelluksiin. Olipa kyseess\u00e4 sitten rakentaminen, teollisuusasennukset, maatalous tai raskaskoneet, hydraulisylinterimme on rakennettu toimimaan vaativimmissakin olosuhteissa varmistaen turvallisuuden, tehokkuuden ja pitk\u00e4n k\u00e4ytt\u00f6i\u00e4n.<\/p>\n<p><img loading=\"lazy\" decoding=\"async\" class=\"alignnone size-full wp-image-6720\" src=\"https:\/\/fmp-components.com\/wp-content\/uploads\/2025\/03\/hydraulic-cylinder-8.webp\" alt=\"Teleskooppiset hydraulisylinterit\" width=\"933\" height=\"526\" title=\"\" srcset=\"https:\/\/fmp-components.com\/wp-content\/uploads\/2025\/03\/hydraulic-cylinder-8.webp 933w, https:\/\/fmp-components.com\/wp-content\/uploads\/2025\/03\/hydraulic-cylinder-8-480x271.webp 480w\" sizes=\"(min-width: 0px) and (max-width: 480px) 480px, (min-width: 481px) 933px, 100vw\" \/><\/p>\n<p class=\"break-words\">FMP:ll\u00e4 olemme ylpeit\u00e4 huippumoderneista tuotantolaitoksistamme, jotka on varustettu tarkkuuskoneilla ja edistyneill\u00e4 testausj\u00e4rjestelmill\u00e4. Valmistusprosessimme noudattavat tiukkoja kansallisia ja kansainv\u00e4lisi\u00e4 standardeja, mik\u00e4 varmistaa, ett\u00e4 jokainen tehtaaltamme l\u00e4htev\u00e4 hydraulisylinteri on eritt\u00e4in laadukas ja luotettava. Taitava tekninen tiimimme ja huippuluokan laitteet mahdollistavat tiukan laadunvalvonnan tuotannon jokaisessa vaiheessa \u2013 raaka-aineiden valinnasta lopputarkastukseen. T\u00e4m\u00e4 omistautuminen erinomaisuuteen on ansainnut meille sertifikaatteja ja tunnustusta alan viranomaisilta, mik\u00e4 on vahvistanut mainettamme luotettavana kumppanina.<\/p>\n<p class=\"break-words\">Missiomme on yksinkertainen mutta kunnianhimoinen: tarjota asiakkaillemme hydraulisylintereit\u00e4, jotka ylitt\u00e4v\u00e4t odotukset suorituskyvyss\u00e4, kest\u00e4vyydess\u00e4 ja arvossa. Toimimme ammattitaidon, rehellisyyden ja asiakasl\u00e4ht\u00f6isyyden ohjaamilla periaatteilla. Edist\u00e4m\u00e4ll\u00e4 innovaatio- ja tarkkuuskulttuuria ja jalostamme jatkuvasti tuotteitamme pysy\u00e4ksemme kilpailuedulla. Kattava tuotevalikoimamme ja kykymme tarjota r\u00e4\u00e4t\u00e4l\u00f6ityj\u00e4 ratkaisuja tekev\u00e4t meist\u00e4 ensisijaisen valinnan yrityksille, jotka etsiv\u00e4t tehokkaita hydraulisylintereit\u00e4.<\/p>\n<p class=\"break-words\">FMP on enemm\u00e4n kuin vain valmistaja \u2013 olemme kumppani menestyksess\u00e4si. Ymm\u00e4rr\u00e4mme, ett\u00e4 asiakkaamme luottavat meihin ty\u00f6kalujen toimittamisessa, jotka parantavat heid\u00e4n tuottavuuttaan ja turvallisuuttaan. Siksi olemme sitoutuneet tarjoamaan paitsi huippuluokan tuotteita my\u00f6s poikkeuksellista palvelua. Alustavasta konsultoinnista myynnin j\u00e4lkeiseen tukeen teemme tiivist\u00e4 yhteisty\u00f6t\u00e4 asiakkaidemme kanssa varmistaaksemme, ett\u00e4 heid\u00e4n tarpeensa t\u00e4ytet\u00e4\u00e4n ammattitaitoisesti ja huolellisesti. Kilpailukykyiset hintamme yhdistettyn\u00e4 horjumattomaan sitoutumiseemme laatuun tekev\u00e4t FMP:st\u00e4 \u00e4lykk\u00e4\u00e4n valinnan yrityksille, jotka haluavat investoida luotettaviin hydrauliikkaratkaisuihin.<\/p>","protected":false},"excerpt":{"rendered":"<p>Customized Trailer Telescopic Hydraulic Cylinder Used For Dump Truck From FMP Experience the power and efficiency of the Customized Trailer Telescopic hydraulic cylinder, a top-notch product From FMP. Designed specifically for dump trucks, this hydraulic cylinder offers unmatched performance and reliability. Key Features and Specifications Features Condition: New Warranty: 1 Year Structure: Piston Cylinder Power: [&hellip;]<\/p>","protected":false},"featured_media":6801,"comment_status":"closed","ping_status":"closed","template":"","meta":{"_et_pb_use_builder":"","_et_pb_old_content":"","_et_gb_content_width":""},"product_brand":[],"product_cat":[103],"product_tag":[34,105],"class_list":{"0":"post-6608","1":"product","2":"type-product","3":"status-publish","4":"has-post-thumbnail","6":"product_cat-telescopic-hydraulic-cylinders","7":"product_tag-hydraulic-cylinder","8":"product_tag-telescopic-hydraulic-cylinders","10":"first","11":"instock","12":"product-type-simple"},"_links":{"self":[{"href":"https:\/\/fmp-components.com\/fi\/wp-json\/wp\/v2\/product\/6608","targetHints":{"allow":["GET"]}}],"collection":[{"href":"https:\/\/fmp-components.com\/fi\/wp-json\/wp\/v2\/product"}],"about":[{"href":"https:\/\/fmp-components.com\/fi\/wp-json\/wp\/v2\/types\/product"}],"replies":[{"embeddable":true,"href":"https:\/\/fmp-components.com\/fi\/wp-json\/wp\/v2\/comments?post=6608"}],"wp:featuredmedia":[{"embeddable":true,"href":"https:\/\/fmp-components.com\/fi\/wp-json\/wp\/v2\/media\/6801"}],"wp:attachment":[{"href":"https:\/\/fmp-components.com\/fi\/wp-json\/wp\/v2\/media?parent=6608"}],"wp:term":[{"taxonomy":"product_brand","embeddable":true,"href":"https:\/\/fmp-components.com\/fi\/wp-json\/wp\/v2\/product_brand?post=6608"},{"taxonomy":"product_cat","embeddable":true,"href":"https:\/\/fmp-components.com\/fi\/wp-json\/wp\/v2\/product_cat?post=6608"},{"taxonomy":"product_tag","embeddable":true,"href":"https:\/\/fmp-components.com\/fi\/wp-json\/wp\/v2\/product_tag?post=6608"}],"curies":[{"name":"wp","href":"https:\/\/api.w.org\/{rel}","templated":true}]}}