{"id":6601,"date":"2025-03-11T06:32:38","date_gmt":"2025-03-11T06:32:38","guid":{"rendered":"https:\/\/fmp-components.com\/product\/dump-truck-telescopic-hydraulic-cylinder-from-fmp"},"modified":"2025-03-12T03:20:08","modified_gmt":"2025-03-12T03:20:08","slug":"dump-truck-telescopic-hydraulic-cylinder-from-fmp","status":"publish","type":"product","link":"https:\/\/fmp-components.com\/fi\/product\/dump-truck-telescopic-hydraulic-cylinder-from-fmp\/","title":{"rendered":"Kippiauton teleskooppinen hydraulisylinteri FMP:lt\u00e4"},"content":{"rendered":"<h2>Kippiauton teleskooppinen hydraulisylinteri FMP:lt\u00e4<\/h2>\n<p>Italiassa valmistettu kippiauton teleskooppinen hydraulisylinterimme on huippuluokan hydraulinen ratkaisu FMP:lt\u00e4, vuonna 2006 perustetulta arvostetulta valmistajalta. T\u00e4m\u00e4 huippuluokan hydraulinen laite on suunniteltu tarjoamaan vertaansa vailla olevaa suorituskyky\u00e4 eri teollisuudenaloilla, kuten tuotantolaitoksissa, konepajoissa, maatiloilla sek\u00e4 energia- ja kaivosteollisuudessa.<\/p>\n<p><img loading=\"lazy\" decoding=\"async\" class=\"alignnone  wp-image-6665\" src=\"https:\/\/fmp-components.com\/wp-content\/uploads\/2025\/03\/telescopic-hydraulic-cylinder-9.webp\" alt=\"teleskooppinen hydraulisylinteri\" width=\"899\" height=\"899\" title=\"\" srcset=\"https:\/\/fmp-components.com\/wp-content\/uploads\/2025\/03\/telescopic-hydraulic-cylinder-9.webp 899w, https:\/\/fmp-components.com\/wp-content\/uploads\/2025\/03\/telescopic-hydraulic-cylinder-9-480x480.webp 480w\" sizes=\"(min-width: 0px) and (max-width: 480px) 480px, (min-width: 481px) 899px, 100vw\" \/><\/p>\n<h3>Tuotteen ominaisuudet ja edut<\/h3>\n<ul>\n<li><strong>Energiatehokas:<\/strong> Hydraulisylinterimme tarjoaa energiaa s\u00e4\u00e4st\u00e4v\u00e4n ratkaisun, joka alentaa k\u00e4ytt\u00f6kustannuksia.<\/li>\n<li><strong>Korkea hy\u00f6tysuhde:<\/strong> Se on suunniteltu korkeaa suorituskyky\u00e4 varten ja varmistaa nopean ja luotettavan toiminnan.<\/li>\n<li><strong>Turvallisuus:<\/strong> Sylinteriss\u00e4 on turvallinen rakenne, joka minimoi onnettomuusriskin k\u00e4yt\u00f6n aikana.<\/li>\n<\/ul>\n<h2>Hydraulij\u00e4rjestelm\u00e4t ja toimintaperiaatteet<\/h2>\n<p>Hydraulisylinteri on hydraulisten j\u00e4rjestelmien ydinosa, jolla on keskeinen rooli hydraulisen energian muuntamisessa mekaaniseksi liikkeeksi. T\u00e4m\u00e4 muunnos saavutetaan muuttamalla hydraulinesteen kohdistama paine voimaksi, jota voidaan sitten hy\u00f6dynt\u00e4\u00e4 erilaisissa teht\u00e4viss\u00e4. Hydraulisylinteri toimii synergiassa voimayksik\u00f6n kanssa, joka tuottaa tarvittavan hydraulisen paineen nesteen kuljettamiseksi j\u00e4rjestelm\u00e4n l\u00e4pi. T\u00e4m\u00e4 koordinoitu toiminta mahdollistaa hydrauliteknologian tehokkaan hy\u00f6dynt\u00e4misen monilla eri teollisuudenaloilla, mik\u00e4 mahdollistaa suurta voimaa ja tarkkuutta vaativien teht\u00e4vien tehokkaan suorittamisen.<\/p>\n<p>Hydraulij\u00e4rjestelm\u00e4t on suunniteltu hy\u00f6dynt\u00e4m\u00e4\u00e4n nesteiden kokoonpuristumattomuutta, mik\u00e4 mahdollistaa voimansiirron huomattavien matkojen p\u00e4\u00e4h\u00e4n ilman merkitt\u00e4v\u00e4\u00e4 voimah\u00e4vi\u00f6t\u00e4. T\u00e4m\u00e4 periaate on erityisen edullinen sovelluksissa, joissa vaaditaan raskaita nostoja tai tarkkoja liikkeit\u00e4, mik\u00e4 tekee hydraulisylintereist\u00e4 v\u00e4ltt\u00e4m\u00e4tt\u00f6mi\u00e4 teollisuudenaloilla, jotka ovat riippuvaisia \u200b\u200bkest\u00e4vist\u00e4 koneista ja laitteista.<\/p>\n<h2>Hakemus<\/h2>\n<p>Hydraulisylintereit\u00e4mme k\u00e4ytet\u00e4\u00e4n monenlaisissa sovelluksissa eri toimialoilla. Tuotantolaitoksissa ne ovat v\u00e4ltt\u00e4m\u00e4tt\u00f6mi\u00e4 prosessien automatisoinnissa ja raskaiden komponenttien tehokkaassa k\u00e4sittelyss\u00e4. Konekorjaamot luottavat hydraulisylintereihin laitteiden nostamisessa ja sijoittamisessa huollon aikana, mik\u00e4 varmistaa, ett\u00e4 korjaukset voidaan suorittaa turvallisesti ja tehokkaasti. Maataloudessa n\u00e4m\u00e4 sylinterit ovat ratkaisevan t\u00e4rkeit\u00e4 traktoreiden ja muiden koneiden k\u00e4yt\u00f6ss\u00e4, mink\u00e4 ansiosta maanviljelij\u00e4t voivat suorittaa helposti t\u00e4rkeit\u00e4 teht\u00e4vi\u00e4, kuten kynt\u00f6\u00e4 ja sadonkorjuuta.<\/p>\n<p>Lis\u00e4ksi energia- ja kaivosteollisuus hy\u00f6tyv\u00e4t merkitt\u00e4v\u00e4sti hydraulisylintereiden tehosta ja tarkkuudesta. Niit\u00e4 k\u00e4ytet\u00e4\u00e4n esimerkiksi porauksessa, kaivauksessa ja materiaalink\u00e4sittelyss\u00e4, joissa luotettava voima on kriittist\u00e4. N\u00e4iden alojen lis\u00e4ksi hydraulisylintereit\u00e4mme k\u00e4ytet\u00e4\u00e4n my\u00f6s rakentamisessa, kuljetuksessa ja monilla muilla aloilla, mik\u00e4 osoittaa niiden monipuolisuuden ja merkityksen nykyaikaisessa teollisessa toiminnassa.<\/p>\n<p><img loading=\"lazy\" decoding=\"async\" class=\"alignnone  wp-image-6664\" src=\"https:\/\/fmp-components.com\/wp-content\/uploads\/2025\/03\/telescopic-hydraulic-cylinder-8.webp\" alt=\"teleskooppinen hydraulisylinteri\" width=\"858\" height=\"858\" title=\"\" srcset=\"https:\/\/fmp-components.com\/wp-content\/uploads\/2025\/03\/telescopic-hydraulic-cylinder-8.webp 858w, https:\/\/fmp-components.com\/wp-content\/uploads\/2025\/03\/telescopic-hydraulic-cylinder-8-480x480.webp 480w\" sizes=\"(min-width: 0px) and (max-width: 480px) 480px, (min-width: 481px) 858px, 100vw\" \/><\/p>\n<h2>Hydraulisylinterit ja voimayksik\u00f6t<\/h2>\n<p>Hydraulisylinterit ja voimayksik\u00f6t ovat hydraulisten j\u00e4rjestelmien olennaisia \u200b\u200bosia, ja niiden yhdistetty toiminta on v\u00e4ltt\u00e4m\u00e4t\u00f6nt\u00e4 hydraulitekniikan tehokkaalle soveltamiselle teollisuudessa. Hydraulisylinteri toimii toimilaitteena, joka muuntaa hydraulisen energian mekaaniseksi liikkeeksi, kun taas voimayksikk\u00f6 toimii j\u00e4rjestelm\u00e4n k\u00e4ytt\u00e4miseen tarvittavan hydraulisen paineen l\u00e4hteen\u00e4.<\/p>\n<p>Yhdess\u00e4 n\u00e4m\u00e4 komponentit tarjoavat luotettavaa tehonsy\u00f6tt\u00f6\u00e4 ja ohjausta erilaisille teknisille ja mekaanisille laitteille. Tehoyksikk\u00f6\u00f6n kuuluvat tyypillisesti moottori, pumppu, s\u00e4ili\u00f6 ja s\u00e4\u00e4t\u00f6venttiilit, jotka kaikki toimivat harmonisesti optimaalisen paineen ja virtausnopeuden yll\u00e4pit\u00e4miseksi. T\u00e4m\u00e4 synergia varmistaa, ett\u00e4 hydraulisylinterit voivat suorittaa teht\u00e4v\u00e4ns\u00e4 tehokkaasti ja tuloksellisesti, jolloin teollisuus voi hy\u00f6dynt\u00e4\u00e4 hydrauliikkateknologian t\u00e4ytt\u00e4 potentiaalia.<\/p>\n<p>FMP:ll\u00e4 ymm\u00e4rr\u00e4mme voimayksik\u00f6iden kriittisen roolin hydraulij\u00e4rjestelmiss\u00e4 ja tarjoamme myyntiin korkealaatuisia voimayksik\u00f6it\u00e4. T\u00e4m\u00e4 antaa asiakkaillemme mahdollisuuden luoda t\u00e4ysin integroituja hydraulij\u00e4rjestelmi\u00e4, jotka on r\u00e4\u00e4t\u00e4l\u00f6ity heid\u00e4n erityistarpeisiinsa, mik\u00e4 parantaa heid\u00e4n toimintakyky\u00e4\u00e4n ja varmistaa, ett\u00e4 he voivat vastata omien toimialojensa vaatimuksiin luottavaisin mielin.<\/p>\n<h3>Tietoja FMP:st\u00e4<\/h3>\n<p class=\"break-words\">FMP on johtava italialainen valmistaja, joka on erikoistunut korkealaatuisten hydraulisylintereiden suunnitteluun, kehitt\u00e4miseen ja tuotantoon. Rikkaalla, vuosikymmenten kokemukseen perustuvalla perinn\u00f6ll\u00e4mme yhdist\u00e4mme ylpe\u00e4n\u00e4 italialaisen k\u00e4sity\u00f6taidon huipputeknologiaan toimittaaksemme poikkeuksellisia hydraulisia ratkaisuja, jotka on r\u00e4\u00e4t\u00e4l\u00f6ity vastaamaan maailmanlaajuisen asiakaskuntamme monipuolisiin tarpeisiin. Italiassa, insin\u00f6\u00f6ritaidon huippuosaamisen keskuksessa, sijaitseva FMP on luotettava nimi hydrauliikkateollisuudessa ja sitoutunut tarjoamaan luotettavia, kest\u00e4vi\u00e4 ja innovatiivisia tuotteita, jotka voimaannuttavat yrityksi\u00e4 maailmanlaajuisesti.<\/p>\n<p class=\"break-words\">Yrityksemme yhdist\u00e4\u00e4 parhaat edistykselliset valmistusperinteet tulevaisuuteen suuntautuneeseen l\u00e4hestymistapaan. Vuosien kokemuksella hydrauliikkaj\u00e4rjestelmist\u00e4 FMP on kehittynyt nykyaikaiseksi yritykseksi, joka erottuu edukseen tutkimuksessa, suunnittelussa ja tuotannossa. Olemme erikoistuneet laajaan valikoimaan hydraulisylintereit\u00e4, mukaan lukien kaksitoimiset sylinterit, autojen nostosylinterit, maatalouskoneiden sylinterit ja r\u00e4\u00e4t\u00e4l\u00f6idyt ratkaisut erilaisiin teollisiin sovelluksiin. Olipa kyseess\u00e4 sitten rakentaminen, teollisuusasennukset, maatalous tai raskaskoneet, hydraulisylinterimme on rakennettu toimimaan vaativimmissakin olosuhteissa varmistaen turvallisuuden, tehokkuuden ja pitk\u00e4n k\u00e4ytt\u00f6i\u00e4n.<\/p>\n<p><img loading=\"lazy\" decoding=\"async\" class=\"alignnone size-full wp-image-6720\" src=\"https:\/\/fmp-components.com\/wp-content\/uploads\/2025\/03\/hydraulic-cylinder-8.webp\" alt=\"Teleskooppiset hydraulisylinterit\" width=\"933\" height=\"526\" title=\"\" srcset=\"https:\/\/fmp-components.com\/wp-content\/uploads\/2025\/03\/hydraulic-cylinder-8.webp 933w, https:\/\/fmp-components.com\/wp-content\/uploads\/2025\/03\/hydraulic-cylinder-8-480x271.webp 480w\" sizes=\"(min-width: 0px) and (max-width: 480px) 480px, (min-width: 481px) 933px, 100vw\" \/><\/p>\n<p class=\"break-words\">FMP:ll\u00e4 olemme ylpeit\u00e4 huippumoderneista tuotantolaitoksistamme, jotka on varustettu tarkkuuskoneilla ja edistyneill\u00e4 testausj\u00e4rjestelmill\u00e4. Valmistusprosessimme noudattavat tiukkoja kansallisia ja kansainv\u00e4lisi\u00e4 standardeja, mik\u00e4 varmistaa, ett\u00e4 jokainen tehtaaltamme l\u00e4htev\u00e4 hydraulisylinteri on eritt\u00e4in laadukas ja luotettava. Taitava tekninen tiimimme ja huippuluokan laitteet mahdollistavat tiukan laadunvalvonnan tuotannon jokaisessa vaiheessa \u2013 raaka-aineiden valinnasta lopputarkastukseen. T\u00e4m\u00e4 omistautuminen erinomaisuuteen on ansainnut meille sertifikaatteja ja tunnustusta alan viranomaisilta, mik\u00e4 on vahvistanut mainettamme luotettavana kumppanina.<\/p>\n<p class=\"break-words\">Missiomme on yksinkertainen mutta kunnianhimoinen: tarjota asiakkaillemme hydraulisylintereit\u00e4, jotka ylitt\u00e4v\u00e4t odotukset suorituskyvyss\u00e4, kest\u00e4vyydess\u00e4 ja arvossa. Toimimme ammattitaidon, rehellisyyden ja asiakasl\u00e4ht\u00f6isyyden ohjaamilla periaatteilla. Edist\u00e4m\u00e4ll\u00e4 innovaatio- ja tarkkuuskulttuuria ja jalostamme jatkuvasti tuotteitamme pysy\u00e4ksemme kilpailuedulla. Kattava tuotevalikoimamme ja kykymme tarjota r\u00e4\u00e4t\u00e4l\u00f6ityj\u00e4 ratkaisuja tekev\u00e4t meist\u00e4 ensisijaisen valinnan yrityksille, jotka etsiv\u00e4t tehokkaita hydraulisylintereit\u00e4.<\/p>\n<p class=\"break-words\">FMP on enemm\u00e4n kuin vain valmistaja \u2013 olemme kumppani menestyksess\u00e4si. Ymm\u00e4rr\u00e4mme, ett\u00e4 asiakkaamme luottavat meihin ty\u00f6kalujen toimittamisessa, jotka parantavat heid\u00e4n tuottavuuttaan ja turvallisuuttaan. Siksi olemme sitoutuneet tarjoamaan paitsi huippuluokan tuotteita my\u00f6s poikkeuksellista palvelua. Alustavasta konsultoinnista myynnin j\u00e4lkeiseen tukeen teemme tiivist\u00e4 yhteisty\u00f6t\u00e4 asiakkaidemme kanssa varmistaaksemme, ett\u00e4 heid\u00e4n tarpeensa t\u00e4ytet\u00e4\u00e4n ammattitaitoisesti ja huolellisesti. Kilpailukykyiset hintamme yhdistettyn\u00e4 horjumattomaan sitoutumiseemme laatuun tekev\u00e4t FMP:st\u00e4 \u00e4lykk\u00e4\u00e4n valinnan yrityksille, jotka haluavat investoida luotettaviin hydrauliikkaratkaisuihin.<\/p>","protected":false},"excerpt":{"rendered":"<p>Dump Truck Telescopic Hydraulic Cylinder From FMP Our Dump Truck Telescopic Hydraulic Cylinder, made in Italy, is a state-of-the-art hydraulic solution From FMP, a reputable manufacturer established in 2006. This cutting-edge hydraulic equipment is designed to offer unmatched performance in various industries, including manufacturing plants, machinery repair shops, farms, and energy &amp; mining sectors. Product [&hellip;]<\/p>","protected":false},"featured_media":6711,"comment_status":"closed","ping_status":"closed","template":"","meta":{"_et_pb_use_builder":"","_et_pb_old_content":"","_et_gb_content_width":""},"product_brand":[],"product_cat":[103],"product_tag":[34,105],"class_list":{"0":"post-6601","1":"product","2":"type-product","3":"status-publish","4":"has-post-thumbnail","6":"product_cat-telescopic-hydraulic-cylinders","7":"product_tag-hydraulic-cylinder","8":"product_tag-telescopic-hydraulic-cylinders","10":"first","11":"instock","12":"product-type-simple"},"_links":{"self":[{"href":"https:\/\/fmp-components.com\/fi\/wp-json\/wp\/v2\/product\/6601","targetHints":{"allow":["GET"]}}],"collection":[{"href":"https:\/\/fmp-components.com\/fi\/wp-json\/wp\/v2\/product"}],"about":[{"href":"https:\/\/fmp-components.com\/fi\/wp-json\/wp\/v2\/types\/product"}],"replies":[{"embeddable":true,"href":"https:\/\/fmp-components.com\/fi\/wp-json\/wp\/v2\/comments?post=6601"}],"wp:featuredmedia":[{"embeddable":true,"href":"https:\/\/fmp-components.com\/fi\/wp-json\/wp\/v2\/media\/6711"}],"wp:attachment":[{"href":"https:\/\/fmp-components.com\/fi\/wp-json\/wp\/v2\/media?parent=6601"}],"wp:term":[{"taxonomy":"product_brand","embeddable":true,"href":"https:\/\/fmp-components.com\/fi\/wp-json\/wp\/v2\/product_brand?post=6601"},{"taxonomy":"product_cat","embeddable":true,"href":"https:\/\/fmp-components.com\/fi\/wp-json\/wp\/v2\/product_cat?post=6601"},{"taxonomy":"product_tag","embeddable":true,"href":"https:\/\/fmp-components.com\/fi\/wp-json\/wp\/v2\/product_tag?post=6601"}],"curies":[{"name":"wp","href":"https:\/\/api.w.org\/{rel}","templated":true}]}}