{"id":6600,"date":"2025-03-11T06:32:38","date_gmt":"2025-03-11T06:32:38","guid":{"rendered":"https:\/\/fmp-components.com\/product\/3tons-5tons-7tons-12-tons-telescopic-multistages-tipper-truck-hydraulic-cylinder-from-fmp"},"modified":"2025-03-12T03:14:59","modified_gmt":"2025-03-12T03:14:59","slug":"3tons-5tons-7tons-12-tons-telescopic-multistages-tipper-truck-hydraulic-cylinder-from-fmp","status":"publish","type":"product","link":"https:\/\/fmp-components.com\/fi\/product\/3tons-5tons-7tons-12-tons-telescopic-multistages-tipper-truck-hydraulic-cylinder-from-fmp\/","title":{"rendered":"3 tonnin 5 tonnin 7 tonnin 12 tonnin teleskooppinen\/monivaiheinen kippiauton hydraulisylinteri FMP:lt\u00e4"},"content":{"rendered":"<h2>3 tonnin 5 tonnin 7 tonnin 12 tonnin teleskooppinen\/monivaiheinen kippiauton hydraulisylinteri FMP:lt\u00e4<\/h2>\n<p>FMP:n teleskooppinen\/monivaiheinen hydraulisylinteri on innovatiivinen ratkaisu kippiautoihin. T\u00e4m\u00e4 hydraulisylinteri on suunniteltu 3 tonnin, 5 tonnin, 7 tonnin ja 12 tonnin kuorma-autoille, ja se tarjoaa poikkeuksellista tehoa ja tarkkuutta. Korkealaatuisesta ter\u00e4ksest\u00e4 valmistetut hydraulisylinterit takaavat optimaalisen suorituskyvyn ja kest\u00e4vyyden.<\/p>\n<h3>Ominaisuudet ja toiminnot<\/h3>\n<p>Hydraulisylinterimme ovat ISO 9001:2000 -sertifioituja. T\u00e4m\u00e4 on merkki erinomaisesta laadusta ja suorituskyvyst\u00e4, joka heijastaa sitoutumistamme valmistuksen huippuosaamiseen. Vaikuttavan 3000 mm:n ty\u00f6nt\u00f6voiman ja 600 mm:n vetovoiman ansiosta n\u00e4m\u00e4 sylinterit tarjoavat tehokasta suorituskyky\u00e4 ja sopivat monenlaisiin teollisiin sovelluksiin. Sylinterien halkaisija vaihtelee 20 mm:st\u00e4 250 mm:iin, mik\u00e4 tarjoaa vertaansa vailla olevaa monipuolisuutta erilaisiin k\u00e4ytt\u00f6vaatimuksiin. Tarvitsetpa sitten kompaktin ratkaisun ahtaisiin tiloihin tai suuremman sylinterin raskaisiin teht\u00e4viin, tuotteemme voidaan r\u00e4\u00e4t\u00e4l\u00f6id\u00e4 vastaamaan erityistarpeitasi.<\/p>\n<p><img loading=\"lazy\" decoding=\"async\" class=\"alignnone  wp-image-6657\" src=\"https:\/\/fmp-components.com\/wp-content\/uploads\/2025\/03\/telescopic-hydraulic-cylinder-3.webp\" alt=\"teleskooppinen hydraulisylinteri\" width=\"902\" height=\"902\" title=\"\" srcset=\"https:\/\/fmp-components.com\/wp-content\/uploads\/2025\/03\/telescopic-hydraulic-cylinder-3.webp 902w, https:\/\/fmp-components.com\/wp-content\/uploads\/2025\/03\/telescopic-hydraulic-cylinder-3-480x480.webp 480w\" sizes=\"(min-width: 0px) and (max-width: 480px) 480px, (min-width: 481px) 902px, 100vw\" \/><\/p>\n<h3>Tuotteen tekniset tiedot<\/h3>\n<p>Jokainen hydraulisylinteri on asiantuntevasti suunniteltu ja valmistettu tarkkojen eritelmien mukaisesti. Rei\u00e4n koko on t\u00e4ysin muokattavissa, joten voit valita sovelluksesi vaatimuksiin parhaiten sopivat mitat. T\u00e4m\u00e4 joustavuus varmistaa, ett\u00e4 saat tuotteen, joka vastaa t\u00e4ydellisesti k\u00e4ytt\u00f6tarpeitasi. Lis\u00e4ksi n\u00e4iss\u00e4 sylintereiss\u00e4 on ydinkomponentteina korkealaatuiset laakerit, jotka parantavat merkitt\u00e4v\u00e4sti niiden suorituskyky\u00e4 ja kest\u00e4vyytt\u00e4. Laakereiden k\u00e4ytt\u00f6 v\u00e4hent\u00e4\u00e4 kitkaa ja kulumista, mik\u00e4 mahdollistaa tasaisemman toiminnan ja pident\u00e4\u00e4 hydraulisylinterin k\u00e4ytt\u00f6ik\u00e4\u00e4.<\/p>\n<h3>Ainutlaatuiset ominaisuudet<\/h3>\n<ul>\n<li><strong>Energians\u00e4\u00e4st\u00f6:<\/strong> Hydraulisylinterimme on suunniteltu energians\u00e4\u00e4st\u00f6 mieless\u00e4. T\u00e4m\u00e4 suunnittelu ei ainoastaan \u200b\u200bauta v\u00e4hent\u00e4m\u00e4\u00e4n k\u00e4ytt\u00f6kustannuksia, vaan my\u00f6s edist\u00e4\u00e4 ymp\u00e4rist\u00f6n kest\u00e4vyytt\u00e4 minimoimalla energianhukkaa k\u00e4yt\u00f6n aikana. Optimoimalla hydraulinesteen k\u00e4ytt\u00f6\u00e4 sylinterimme varmistavat, ett\u00e4 yritykset voivat saavuttaa tavoitteensa tehokkaasti ja samalla ottaa huomioon energiankulutuksen.<\/li>\n<li><strong>Tehokas:<\/strong> Edistyksellist\u00e4 hydrauliikkateknologiaa hy\u00f6dynt\u00e4v\u00e4t sylinterimme tarjoavat korkean hy\u00f6tysuhteen ja suorituskyvyn. T\u00e4m\u00e4 tehokkuus tarkoittaa nopeampia sykliaikoja ja parantunutta tuottavuutta, mink\u00e4 ansiosta teollisuudenalat voivat virtaviivaistaa prosessejaan ja parantaa toiminnan yleist\u00e4 tehokkuutta.<\/li>\n<li><strong>Turvallisuus:<\/strong> Turvallisuus on ensiarvoisen t\u00e4rke\u00e4\u00e4 teollisissa sovelluksissa, ja hydraulisylinterimme on valmistettu korkealaatuisista materiaaleista, jotka takaavat kest\u00e4vyyden vaativimmissakin ty\u00f6olosuhteissa. Tarkat testaus- ja laadunvarmistusprotokollat \u200b\u200btakaavat, ett\u00e4 tuotteemme t\u00e4ytt\u00e4v\u00e4t korkeimmat turvallisuusstandardit. T\u00e4m\u00e4 kest\u00e4v\u00e4 rakenne ei ainoastaan \u200b\u200bsuojaa k\u00e4ytt\u00e4ji\u00e4, vaan my\u00f6s parantaa koneiden luotettavuutta, mik\u00e4 mahdollistaa turvallisemman ty\u00f6ymp\u00e4rist\u00f6n.<\/li>\n<\/ul>\n<p>Hydraulisylinterimme on suunniteltu erinomaiseksi suorituskyvyksi, turvallisuudeksi ja tehokkuudeksi, mik\u00e4 tekee niist\u00e4 ihanteellisen valinnan erilaisiin teollisiin sovelluksiin. Mukautettavien ominaisuuksien ja sitoutumisen ansiosta laatuun tarjoamme ratkaisuja, jotka mahdollistavat yritysten tehokkaan ja turvallisen toiminnan.<\/p>\n<h3>Tietoja FMP:st\u00e4<\/h3>\n<p class=\"break-words\">FMP on johtava italialainen valmistaja, joka on erikoistunut korkealaatuisten hydraulisylintereiden suunnitteluun, kehitt\u00e4miseen ja tuotantoon. Rikkaalla, vuosikymmenten kokemukseen perustuvalla perinn\u00f6ll\u00e4mme yhdist\u00e4mme ylpe\u00e4n\u00e4 italialaisen k\u00e4sity\u00f6taidon huipputeknologiaan toimittaaksemme poikkeuksellisia hydraulisia ratkaisuja, jotka on r\u00e4\u00e4t\u00e4l\u00f6ity vastaamaan maailmanlaajuisen asiakaskuntamme monipuolisiin tarpeisiin. Italiassa, insin\u00f6\u00f6ritaidon huippuosaamisen keskuksessa, sijaitseva FMP on luotettava nimi hydrauliikkateollisuudessa ja sitoutunut tarjoamaan luotettavia, kest\u00e4vi\u00e4 ja innovatiivisia tuotteita, jotka voimaannuttavat yrityksi\u00e4 maailmanlaajuisesti.<\/p>\n<p class=\"break-words\">Yrityksemme yhdist\u00e4\u00e4 parhaat edistykselliset valmistusperinteet tulevaisuuteen suuntautuneeseen l\u00e4hestymistapaan. Vuosien kokemuksella hydrauliikkaj\u00e4rjestelmist\u00e4 FMP on kehittynyt nykyaikaiseksi yritykseksi, joka erottuu edukseen tutkimuksessa, suunnittelussa ja tuotannossa. Olemme erikoistuneet laajaan valikoimaan hydraulisylintereit\u00e4, mukaan lukien kaksitoimiset sylinterit, autojen nostosylinterit, maatalouskoneiden sylinterit ja r\u00e4\u00e4t\u00e4l\u00f6idyt ratkaisut erilaisiin teollisiin sovelluksiin. Olipa kyseess\u00e4 sitten rakentaminen, teollisuusasennukset, maatalous tai raskaskoneet, hydraulisylinterimme on rakennettu toimimaan vaativimmissakin olosuhteissa varmistaen turvallisuuden, tehokkuuden ja pitk\u00e4n k\u00e4ytt\u00f6i\u00e4n.<\/p>\n<p><img loading=\"lazy\" decoding=\"async\" class=\"alignnone size-full wp-image-6720\" src=\"https:\/\/fmp-components.com\/wp-content\/uploads\/2025\/03\/hydraulic-cylinder-8.webp\" alt=\"Teleskooppiset hydraulisylinterit\" width=\"933\" height=\"526\" title=\"\" srcset=\"https:\/\/fmp-components.com\/wp-content\/uploads\/2025\/03\/hydraulic-cylinder-8.webp 933w, https:\/\/fmp-components.com\/wp-content\/uploads\/2025\/03\/hydraulic-cylinder-8-480x271.webp 480w\" sizes=\"(min-width: 0px) and (max-width: 480px) 480px, (min-width: 481px) 933px, 100vw\" \/><\/p>\n<p class=\"break-words\">FMP:ll\u00e4 olemme ylpeit\u00e4 huippumoderneista tuotantolaitoksistamme, jotka on varustettu tarkkuuskoneilla ja edistyneill\u00e4 testausj\u00e4rjestelmill\u00e4. Valmistusprosessimme noudattavat tiukkoja kansallisia ja kansainv\u00e4lisi\u00e4 standardeja, mik\u00e4 varmistaa, ett\u00e4 jokainen tehtaaltamme l\u00e4htev\u00e4 hydraulisylinteri on eritt\u00e4in laadukas ja luotettava. Taitava tekninen tiimimme ja huippuluokan laitteet mahdollistavat tiukan laadunvalvonnan tuotannon jokaisessa vaiheessa \u2013 raaka-aineiden valinnasta lopputarkastukseen. T\u00e4m\u00e4 omistautuminen erinomaisuuteen on ansainnut meille sertifikaatteja ja tunnustusta alan viranomaisilta, mik\u00e4 on vahvistanut mainettamme luotettavana kumppanina.<\/p>\n<p class=\"break-words\">Missiomme on yksinkertainen mutta kunnianhimoinen: tarjota asiakkaillemme hydraulisylintereit\u00e4, jotka ylitt\u00e4v\u00e4t odotukset suorituskyvyss\u00e4, kest\u00e4vyydess\u00e4 ja arvossa. Toimimme ammattitaidon, rehellisyyden ja asiakasl\u00e4ht\u00f6isyyden ohjaamilla periaatteilla. Edist\u00e4m\u00e4ll\u00e4 innovaatio- ja tarkkuuskulttuuria ja jalostamme jatkuvasti tuotteitamme pysy\u00e4ksemme kilpailuedulla. Kattava tuotevalikoimamme ja kykymme tarjota r\u00e4\u00e4t\u00e4l\u00f6ityj\u00e4 ratkaisuja tekev\u00e4t meist\u00e4 ensisijaisen valinnan yrityksille, jotka etsiv\u00e4t tehokkaita hydraulisylintereit\u00e4.<\/p>\n<p class=\"break-words\">FMP on enemm\u00e4n kuin vain valmistaja \u2013 olemme kumppani menestyksess\u00e4si. Ymm\u00e4rr\u00e4mme, ett\u00e4 asiakkaamme luottavat meihin ty\u00f6kalujen toimittamisessa, jotka parantavat heid\u00e4n tuottavuuttaan ja turvallisuuttaan. Siksi olemme sitoutuneet tarjoamaan paitsi huippuluokan tuotteita my\u00f6s poikkeuksellista palvelua. Alustavasta konsultoinnista myynnin j\u00e4lkeiseen tukeen teemme tiivist\u00e4 yhteisty\u00f6t\u00e4 asiakkaidemme kanssa varmistaaksemme, ett\u00e4 heid\u00e4n tarpeensa t\u00e4ytet\u00e4\u00e4n ammattitaitoisesti ja huolellisesti. Kilpailukykyiset hintamme yhdistettyn\u00e4 horjumattomaan sitoutumiseemme laatuun tekev\u00e4t FMP:st\u00e4 \u00e4lykk\u00e4\u00e4n valinnan yrityksille, jotka haluavat investoida luotettaviin hydrauliikkaratkaisuihin.<\/p>\n<h2>Usein kysytyt kysymykset<\/h2>\n<h3>K1: Mik\u00e4 on hydraulisylintereiden takuu?<\/h3>\n<p>Tarjoamme hydraulisylintereillemme vuoden takuun, mik\u00e4 takaa niiden laadun ja suorituskyvyn.<\/p>\n<h3>K2: Voinko mukauttaa hydraulisylinterin reik\u00e4kokoa?<\/h3>\n<p>Kyll\u00e4, hydraulisylintereidemme reik\u00e4kokoa voidaan mukauttaa erityisvaatimustesi mukaan.<\/p>\n<h3>K3: Mik\u00e4 on hydraulisylintereiden suurin ty\u00f6nt\u00f6voima ja vetovoima?<\/h3>\n<p>Hydraulisylintereidemme suurin ty\u00f6nt\u00f6voima on 3000 ja suurin vetovoima 600.<\/p>\n<p><img loading=\"lazy\" decoding=\"async\" class=\"alignnone  wp-image-6717\" src=\"https:\/\/fmp-components.com\/wp-content\/uploads\/2025\/03\/hydraulic-cylinder-211.webp\" alt=\"Hydraulisylinterit\" width=\"893\" height=\"895\" title=\"\" srcset=\"https:\/\/fmp-components.com\/wp-content\/uploads\/2025\/03\/hydraulic-cylinder-211.webp 893w, https:\/\/fmp-components.com\/wp-content\/uploads\/2025\/03\/hydraulic-cylinder-211-480x481.webp 480w\" sizes=\"(min-width: 0px) and (max-width: 480px) 480px, (min-width: 481px) 893px, 100vw\" \/><\/p>","protected":false},"excerpt":{"rendered":"<p>3tons 5tons 7tons 12 tons Telescopic \/MultiStages Tipper Truck Hydraulic Cylinder From FMP The Telescopic\/MultiStages hydraulic cylinder From FMP is an innovative solution for tipper trucks. This hydraulic cylinder is designed for 3-ton, 5-ton, 7-ton, and 12-ton trucks, providing exceptional power and precision. Manufactured with high-quality steel, these hydraulic cylinders ensure optimal performance and durability. [&hellip;]<\/p>","protected":false},"featured_media":6710,"comment_status":"closed","ping_status":"closed","template":"","meta":{"_et_pb_use_builder":"","_et_pb_old_content":"","_et_gb_content_width":""},"product_brand":[],"product_cat":[103],"product_tag":[34,105],"class_list":{"0":"post-6600","1":"product","2":"type-product","3":"status-publish","4":"has-post-thumbnail","6":"product_cat-telescopic-hydraulic-cylinders","7":"product_tag-hydraulic-cylinder","8":"product_tag-telescopic-hydraulic-cylinders","10":"first","11":"instock","12":"product-type-simple"},"_links":{"self":[{"href":"https:\/\/fmp-components.com\/fi\/wp-json\/wp\/v2\/product\/6600","targetHints":{"allow":["GET"]}}],"collection":[{"href":"https:\/\/fmp-components.com\/fi\/wp-json\/wp\/v2\/product"}],"about":[{"href":"https:\/\/fmp-components.com\/fi\/wp-json\/wp\/v2\/types\/product"}],"replies":[{"embeddable":true,"href":"https:\/\/fmp-components.com\/fi\/wp-json\/wp\/v2\/comments?post=6600"}],"wp:featuredmedia":[{"embeddable":true,"href":"https:\/\/fmp-components.com\/fi\/wp-json\/wp\/v2\/media\/6710"}],"wp:attachment":[{"href":"https:\/\/fmp-components.com\/fi\/wp-json\/wp\/v2\/media?parent=6600"}],"wp:term":[{"taxonomy":"product_brand","embeddable":true,"href":"https:\/\/fmp-components.com\/fi\/wp-json\/wp\/v2\/product_brand?post=6600"},{"taxonomy":"product_cat","embeddable":true,"href":"https:\/\/fmp-components.com\/fi\/wp-json\/wp\/v2\/product_cat?post=6600"},{"taxonomy":"product_tag","embeddable":true,"href":"https:\/\/fmp-components.com\/fi\/wp-json\/wp\/v2\/product_tag?post=6600"}],"curies":[{"name":"wp","href":"https:\/\/api.w.org\/{rel}","templated":true}]}}