{"id":6598,"date":"2025-03-11T06:32:38","date_gmt":"2025-03-11T06:32:38","guid":{"rendered":"https:\/\/fmp-components.com\/product\/3-ton-telescopic-multi-stages-trailer-ram-for-agriculture-machinery-from-fmp"},"modified":"2025-03-12T03:06:42","modified_gmt":"2025-03-12T03:06:42","slug":"3-ton-telescopic-multi-stages-trailer-ram-for-agriculture-machinery-from-fmp","status":"publish","type":"product","link":"https:\/\/fmp-components.com\/fi\/product\/3-ton-telescopic-multi-stages-trailer-ram-for-agriculture-machinery-from-fmp\/","title":{"rendered":"3 tonnin teleskooppinen monivaiheinen per\u00e4vaunun ramppi maatalouskoneille FMP:lt\u00e4"},"content":{"rendered":"<h2>3 tonnin teleskooppinen monivaiheinen per\u00e4vaunun ramppi maatalouskoneille FMP:lt\u00e4<\/h2>\n<p>Tervetuloa FMP:n korkealaatuisten hydraulisylintereiden maailmaan. 3 tonnin teleskooppinen monivaiheinen per\u00e4vaunusylinterimme on suunniteltu erityisesti maatalouskoneille, ja se tarjoaa erinomaisen suorituskyvyn ja kest\u00e4vyyden. Sen kompakti rakenne, korkea luotettavuus ja erinomainen hy\u00f6tysuhde tekev\u00e4t siit\u00e4 t\u00e4ydellisen valinnan koneidesi tarpeisiin.<\/p>\n<h3>Tuotetiedot<\/h3>\n<p>Tuotteemme ylpeilee 3 tonnin kapasiteetilla ja kest\u00e4\u00e4 3000 ty\u00f6nt\u00f6voiman ja 600 vetovoiman. Siin\u00e4 on vakiom\u00e4nt\u00e4inen sylinterirakenne, jota k\u00e4ytet\u00e4\u00e4n hydraulisesti. Tuotteen runko on valmistettu kest\u00e4v\u00e4st\u00e4 ter\u00e4ksest\u00e4. Sen sylinterin halkaisijaa voidaan mukauttaa erityisvaatimusten mukaan, ja sylinterin halkaisija vaihtelee 20 mm:st\u00e4 250 mm:iin.<\/p>\n<p>T\u00e4m\u00e4 hydraulisylinteri on ISO9001:2000-sertifioitu ja k\u00e4ytt\u00e4\u00e4 \u00f6ljy\u00e4 nesteen\u00e4. Se on pakattu rautakoteloon, vanerikoteloon tai pahvilaatikkoon.<\/p>\n<p><img loading=\"lazy\" decoding=\"async\" class=\"alignnone  wp-image-6659\" src=\"https:\/\/fmp-components.com\/wp-content\/uploads\/2025\/03\/telescopic-hydraulic-cylinder-12.webp\" alt=\"teleskooppinen hydraulisylinteri\" width=\"888\" height=\"888\" title=\"\" srcset=\"https:\/\/fmp-components.com\/wp-content\/uploads\/2025\/03\/telescopic-hydraulic-cylinder-12.webp 888w, https:\/\/fmp-components.com\/wp-content\/uploads\/2025\/03\/telescopic-hydraulic-cylinder-12-480x480.webp 480w\" sizes=\"(min-width: 0px) and (max-width: 480px) 480px, (min-width: 481px) 888px, 100vw\" \/><\/p>\n<h3>T\u00e4rkeimm\u00e4t ominaisuudet<\/h3>\n<ul>\n<li>Energiatehokkuus: Hydraulisylinterimme on suunniteltu maksimoimaan tuottavuus ja minimoimaan energiankulutus.<\/li>\n<li>Korkea suorituskyky: N\u00e4m\u00e4 sylinterit tarjoavat erinomaisen suorituskyvyn my\u00f6s ankarissa olosuhteissa.<\/li>\n<li>Turvallisuus: Kest\u00e4v\u00e4n rakenteensa ja korkealaatuisten komponenttiensa ansiosta n\u00e4m\u00e4 sylinterit takaavat aina turvallisen k\u00e4yt\u00f6n.<\/li>\n<\/ul>\n<h3>Sovellukset ja toimintaperiaate<\/h3>\n<p>Hydraulisylintereit\u00e4mme k\u00e4ytet\u00e4\u00e4n laajasti tuotantolaitoksissa, konepajoissa, maatiloilla sek\u00e4 energia- ja kaivosteollisuudessa. Ne toimivat periaatteella, jossa ne muuttavat hydraulisen energian mekaaniseksi liikkeeksi, mik\u00e4 tarjoaa luotettavan virtal\u00e4hteen teollisuuskoneillesi.<\/p>\n<h2>Hydraulisylinterit ja voimayksik\u00f6t<\/h2>\n<p>Hydraulisylinterit ja voimayksik\u00f6t ovat olennainen osa mit\u00e4 tahansa hydraulij\u00e4rjestelm\u00e4\u00e4. Niiden yhdistetty toiminta varmistaa hydraulitekniikan laajan soveltamisen teollisuudessa ja tarjoaa luotettavaa teho- ja ohjaustukea erilaisille teknisille ja mekaanisille laitteille. Hydraulisylinteri toimilaitteena vastaa hydraulisen energian muuntamisesta mekaaniseksi liikkeeksi ja paineen muuttamisesta voimaksi. Voimayksikk\u00f6 puolestaan \u200b\u200btuottaa hydraulij\u00e4rjestelm\u00e4n tarvitsemat energia- ja ohjaussignaalit. Niiden koordinoitu toiminta varmistaa hydraulij\u00e4rjestelm\u00e4n sujuvan toiminnan. FMP:ll\u00e4 toimitamme sek\u00e4 hydraulisylintereit\u00e4 ett\u00e4 voimayksik\u00f6it\u00e4.<\/p>\n<h2>Usein kysytyt kysymykset<\/h2>\n<dl>\n<dt>K1: Voidaanko hydraulisylinterin reik\u00e4kokoa mukauttaa?<\/dt>\n<dd>A1: Kyll\u00e4, voimme suunnitella rei\u00e4n koon tarpeidesi mukaan.<\/dd>\n<dt>K2: Mik\u00e4 on hydraulisylinterin takuuaika?<\/dt>\n<dd>A2: Tarjoamme hydraulisylinterillemme 1 vuoden takuun.<\/dd>\n<dt>K3: Tarjoatteko myynnin j\u00e4lkeist\u00e4 tukea?<\/dt>\n<dd>A3: Kyll\u00e4, tarjoamme tukea verkossa takuun p\u00e4\u00e4ttymisen j\u00e4lkeen.<\/dd>\n<\/dl>\n<h3>Tietoja FMP:st\u00e4<\/h3>\n<p class=\"break-words\">FMP on johtava italialainen valmistaja, joka on erikoistunut korkealaatuisten hydraulisylintereiden suunnitteluun, kehitt\u00e4miseen ja tuotantoon. Rikkaalla, vuosikymmenten kokemukseen perustuvalla perinn\u00f6ll\u00e4mme yhdist\u00e4mme ylpe\u00e4n\u00e4 italialaisen k\u00e4sity\u00f6taidon huipputeknologiaan toimittaaksemme poikkeuksellisia hydraulisia ratkaisuja, jotka on r\u00e4\u00e4t\u00e4l\u00f6ity vastaamaan maailmanlaajuisen asiakaskuntamme monipuolisiin tarpeisiin. Italiassa, insin\u00f6\u00f6ritaidon huippuosaamisen keskuksessa, sijaitseva FMP on luotettava nimi hydrauliikkateollisuudessa ja sitoutunut tarjoamaan luotettavia, kest\u00e4vi\u00e4 ja innovatiivisia tuotteita, jotka voimaannuttavat yrityksi\u00e4 maailmanlaajuisesti.<\/p>\n<p class=\"break-words\">Yrityksemme yhdist\u00e4\u00e4 parhaat edistykselliset valmistusperinteet tulevaisuuteen suuntautuneeseen l\u00e4hestymistapaan. Vuosien kokemuksella hydrauliikkaj\u00e4rjestelmist\u00e4 FMP on kehittynyt nykyaikaiseksi yritykseksi, joka erottuu edukseen tutkimuksessa, suunnittelussa ja tuotannossa. Olemme erikoistuneet laajaan valikoimaan hydraulisylintereit\u00e4, mukaan lukien kaksitoimiset sylinterit, autojen nostosylinterit, maatalouskoneiden sylinterit ja r\u00e4\u00e4t\u00e4l\u00f6idyt ratkaisut erilaisiin teollisiin sovelluksiin. Olipa kyseess\u00e4 sitten rakentaminen, teollisuusasennukset, maatalous tai raskaskoneet, hydraulisylinterimme on rakennettu toimimaan vaativimmissakin olosuhteissa varmistaen turvallisuuden, tehokkuuden ja pitk\u00e4n k\u00e4ytt\u00f6i\u00e4n.<\/p>\n<p><img loading=\"lazy\" decoding=\"async\" class=\"alignnone size-full wp-image-6720\" src=\"https:\/\/fmp-components.com\/wp-content\/uploads\/2025\/03\/hydraulic-cylinder-8.webp\" alt=\"Teleskooppiset hydraulisylinterit\" width=\"933\" height=\"526\" title=\"\" srcset=\"https:\/\/fmp-components.com\/wp-content\/uploads\/2025\/03\/hydraulic-cylinder-8.webp 933w, https:\/\/fmp-components.com\/wp-content\/uploads\/2025\/03\/hydraulic-cylinder-8-480x271.webp 480w\" sizes=\"(min-width: 0px) and (max-width: 480px) 480px, (min-width: 481px) 933px, 100vw\" \/><\/p>\n<p class=\"break-words\">FMP:ll\u00e4 olemme ylpeit\u00e4 huippumoderneista tuotantolaitoksistamme, jotka on varustettu tarkkuuskoneilla ja edistyneill\u00e4 testausj\u00e4rjestelmill\u00e4. Valmistusprosessimme noudattavat tiukkoja kansallisia ja kansainv\u00e4lisi\u00e4 standardeja, mik\u00e4 varmistaa, ett\u00e4 jokainen tehtaaltamme l\u00e4htev\u00e4 hydraulisylinteri on eritt\u00e4in laadukas ja luotettava. Taitava tekninen tiimimme ja huippuluokan laitteet mahdollistavat tiukan laadunvalvonnan tuotannon jokaisessa vaiheessa \u2013 raaka-aineiden valinnasta lopputarkastukseen. T\u00e4m\u00e4 omistautuminen erinomaisuuteen on ansainnut meille sertifikaatteja ja tunnustusta alan viranomaisilta, mik\u00e4 on vahvistanut mainettamme luotettavana kumppanina.<\/p>\n<p class=\"break-words\">Missiomme on yksinkertainen mutta kunnianhimoinen: tarjota asiakkaillemme hydraulisylintereit\u00e4, jotka ylitt\u00e4v\u00e4t odotukset suorituskyvyss\u00e4, kest\u00e4vyydess\u00e4 ja arvossa. Toimimme ammattitaidon, rehellisyyden ja asiakasl\u00e4ht\u00f6isyyden ohjaamilla periaatteilla. Edist\u00e4m\u00e4ll\u00e4 innovaatio- ja tarkkuuskulttuuria ja jalostamme jatkuvasti tuotteitamme pysy\u00e4ksemme kilpailuedulla. Kattava tuotevalikoimamme ja kykymme tarjota r\u00e4\u00e4t\u00e4l\u00f6ityj\u00e4 ratkaisuja tekev\u00e4t meist\u00e4 ensisijaisen valinnan yrityksille, jotka etsiv\u00e4t tehokkaita hydraulisylintereit\u00e4.<\/p>\n<p class=\"break-words\">FMP on enemm\u00e4n kuin vain valmistaja \u2013 olemme kumppani menestyksess\u00e4si. Ymm\u00e4rr\u00e4mme, ett\u00e4 asiakkaamme luottavat meihin ty\u00f6kalujen toimittamisessa, jotka parantavat heid\u00e4n tuottavuuttaan ja turvallisuuttaan. Siksi olemme sitoutuneet tarjoamaan paitsi huippuluokan tuotteita my\u00f6s poikkeuksellista palvelua. Alustavasta konsultoinnista myynnin j\u00e4lkeiseen tukeen teemme tiivist\u00e4 yhteisty\u00f6t\u00e4 asiakkaidemme kanssa varmistaaksemme, ett\u00e4 heid\u00e4n tarpeensa t\u00e4ytet\u00e4\u00e4n ammattitaitoisesti ja huolellisesti. Kilpailukykyiset hintamme yhdistettyn\u00e4 horjumattomaan sitoutumiseemme laatuun tekev\u00e4t FMP:st\u00e4 \u00e4lykk\u00e4\u00e4n valinnan yrityksille, jotka haluavat investoida luotettaviin hydrauliikkaratkaisuihin.<\/p>","protected":false},"excerpt":{"rendered":"<p>3 Ton Telescopic Multi Stages Trailer Ram For Agriculture Machinery From FMP Welcome to the world of high-quality hydraulic cylinders From FMP. Our 3 Ton Telescopic Multi Stages Trailer Ram is specifically designed for agricultural machinery, providing superior performance and durability. Its compact structure, high reliability, and excellent efficiency make it the perfect choice for [&hellip;]<\/p>","protected":false},"featured_media":6708,"comment_status":"closed","ping_status":"closed","template":"","meta":{"_et_pb_use_builder":"","_et_pb_old_content":"","_et_gb_content_width":""},"product_brand":[],"product_cat":[103],"product_tag":[34,105],"class_list":{"0":"post-6598","1":"product","2":"type-product","3":"status-publish","4":"has-post-thumbnail","6":"product_cat-telescopic-hydraulic-cylinders","7":"product_tag-hydraulic-cylinder","8":"product_tag-telescopic-hydraulic-cylinders","10":"first","11":"instock","12":"product-type-simple"},"_links":{"self":[{"href":"https:\/\/fmp-components.com\/fi\/wp-json\/wp\/v2\/product\/6598","targetHints":{"allow":["GET"]}}],"collection":[{"href":"https:\/\/fmp-components.com\/fi\/wp-json\/wp\/v2\/product"}],"about":[{"href":"https:\/\/fmp-components.com\/fi\/wp-json\/wp\/v2\/types\/product"}],"replies":[{"embeddable":true,"href":"https:\/\/fmp-components.com\/fi\/wp-json\/wp\/v2\/comments?post=6598"}],"wp:featuredmedia":[{"embeddable":true,"href":"https:\/\/fmp-components.com\/fi\/wp-json\/wp\/v2\/media\/6708"}],"wp:attachment":[{"href":"https:\/\/fmp-components.com\/fi\/wp-json\/wp\/v2\/media?parent=6598"}],"wp:term":[{"taxonomy":"product_brand","embeddable":true,"href":"https:\/\/fmp-components.com\/fi\/wp-json\/wp\/v2\/product_brand?post=6598"},{"taxonomy":"product_cat","embeddable":true,"href":"https:\/\/fmp-components.com\/fi\/wp-json\/wp\/v2\/product_cat?post=6598"},{"taxonomy":"product_tag","embeddable":true,"href":"https:\/\/fmp-components.com\/fi\/wp-json\/wp\/v2\/product_tag?post=6598"}],"curies":[{"name":"wp","href":"https:\/\/api.w.org\/{rel}","templated":true}]}}