{"id":6596,"date":"2025-03-11T06:32:38","date_gmt":"2025-03-11T06:32:38","guid":{"rendered":"https:\/\/fmp-components.com\/product\/high-quality-italy-manufacture-direct-seal-multi-stages-hydraulic-cylinder-for-dump-truck-industry-and-agriculture"},"modified":"2025-03-17T08:47:26","modified_gmt":"2025-03-17T08:47:26","slug":"high-quality-italy-manufacture-direct-seal-multi-stages-hydraulic-cylinder-for-dump-truck-industry-and-agriculture","status":"publish","type":"product","link":"https:\/\/fmp-components.com\/fi\/product\/high-quality-italy-manufacture-direct-seal-multi-stages-hydraulic-cylinder-for-dump-truck-industry-and-agriculture\/","title":{"rendered":"Korkealaatuinen Italiassa valmistettu suoratiivisteinen monivaiheinen hydraulisylinteri kippiautoteollisuudelle ja maataloudelle"},"content":{"rendered":"<h2>Korkealaatuinen Italiassa valmistettu suoratiivisteinen monivaiheinen hydraulisylinteri kippiautoteollisuudelle ja maataloudelle<\/h2>\n<p>Monivaiheinen hydraulisylinteri on eritt\u00e4in laadukas tuote, joka on suoraan FMP:lt\u00e4, arvostetulta valmistusyritykselt\u00e4 Italiassa. FMP on tunnettu nimi alalla, ja se valmistaa huippuluokan hydraulisylintereit\u00e4 k\u00e4ytett\u00e4v\u00e4ksi dumppereissa, maataloudessa ja muilla teollisuudenaloilla.<\/p>\n<h3>Ominaisuudet ja toiminnot<\/h3>\n<p>T\u00e4m\u00e4 hydraulisylinteri on rakennettu toimimaan useissa vaiheissa, mik\u00e4 tekee siit\u00e4 monipuolisen ja tehokkaan ty\u00f6kalun lukuisiin sovelluksiin. M\u00e4nt\u00e4sylinterirakenteella suunniteltu sylinteri toimii hydraulisella voimalla. Tuotteen ydinosat ovat holkki, m\u00e4nt\u00e4 ja tiivistesarja. N\u00e4m\u00e4 komponentit on koteloitu tukevaan ter\u00e4srunkoon, mik\u00e4 varmistaa tuotteen kest\u00e4vyyden.<\/p>\n<p><img loading=\"lazy\" decoding=\"async\" class=\"alignnone wp-image-6662\" src=\"https:\/\/fmp-components.com\/wp-content\/uploads\/2025\/03\/telescopic-hydraulic-cylinder-4.webp\" alt=\"teleskooppinen hydraulisylinteri\" width=\"928\" height=\"928\" title=\"\" srcset=\"https:\/\/fmp-components.com\/wp-content\/uploads\/2025\/03\/telescopic-hydraulic-cylinder-4.webp 928w, https:\/\/fmp-components.com\/wp-content\/uploads\/2025\/03\/telescopic-hydraulic-cylinder-4-480x480.webp 480w\" sizes=\"(min-width: 0px) and (max-width: 480px) 480px, (min-width: 481px) 928px, 100vw\" \/><\/p>\n<h3>Tuotteen tekniset tiedot<\/h3>\n<ul>\n<li>Maksimi ty\u00f6nt\u00f6voima: 3000<\/li>\n<li>Tyyppi: Monivaiheinen hydraulisylinteri<\/li>\n<li>Rei\u00e4n koko: Tarpeidesi mukaan<\/li>\n<li>Maksimiveto: 600<\/li>\n<li>Sertifiointi: ISO9001:2000<\/li>\n<li>Neste: \u00d6ljy<\/li>\n<li>Sylinterin halkaisija: 20 ~ 250 mm<\/li>\n<li>Kunto: Uusi<\/li>\n<li>Takuu: 1 vuosi<\/li>\n<\/ul>\n<table style=\"width: 91.9676%;\" border=\"\">\n<tbody>\n<tr>\n<td style=\"width: 42.3729%;\">Rei\u00e4n koko<\/td>\n<td style=\"width: 426.554%;\">2,5\u201312 tuumaa<\/td>\n<\/tr>\n<tr>\n<td style=\"width: 42.3729%;\">Tangon koko<\/td>\n<td style=\"width: 426.554%;\">1,8\u201310 tuumaa<\/td>\n<\/tr>\n<tr>\n<td style=\"width: 42.3729%;\">Iskun koko<\/td>\n<td style=\"width: 426.554%;\">20\u2013120 tuumaa<\/td>\n<\/tr>\n<tr>\n<td style=\"width: 42.3729%;\">Portit<\/td>\n<td style=\"width: 426.554%;\">G\/SAE\/NPT\/M<\/td>\n<\/tr>\n<\/tbody>\n<\/table>\n<h3>Tietoja FMP:st\u00e4<\/h3>\n<p class=\"break-words\">FMP on johtava italialainen valmistaja, joka on erikoistunut korkealaatuisten hydraulisylintereiden suunnitteluun, kehitt\u00e4miseen ja tuotantoon. Rikkaalla, vuosikymmenten kokemukseen perustuvalla perinn\u00f6ll\u00e4mme yhdist\u00e4mme ylpe\u00e4n\u00e4 italialaisen k\u00e4sity\u00f6taidon huipputeknologiaan toimittaaksemme poikkeuksellisia hydraulisia ratkaisuja, jotka on r\u00e4\u00e4t\u00e4l\u00f6ity vastaamaan maailmanlaajuisen asiakaskuntamme monipuolisiin tarpeisiin. Italiassa, insin\u00f6\u00f6ritaidon huippuosaamisen keskuksessa, sijaitseva FMP on luotettava nimi hydrauliikkateollisuudessa ja sitoutunut tarjoamaan luotettavia, kest\u00e4vi\u00e4 ja innovatiivisia tuotteita, jotka voimaannuttavat yrityksi\u00e4 maailmanlaajuisesti.<\/p>\n<p class=\"break-words\">Yrityksemme yhdist\u00e4\u00e4 parhaat edistykselliset valmistusperinteet tulevaisuuteen suuntautuneeseen l\u00e4hestymistapaan. Vuosien kokemuksella hydrauliikkaj\u00e4rjestelmist\u00e4 FMP on kehittynyt nykyaikaiseksi yritykseksi, joka erottuu edukseen tutkimuksessa, suunnittelussa ja tuotannossa. Olemme erikoistuneet laajaan valikoimaan hydraulisylintereit\u00e4, mukaan lukien kaksitoimiset sylinterit, autojen nostosylinterit, maatalouskoneiden sylinterit ja r\u00e4\u00e4t\u00e4l\u00f6idyt ratkaisut erilaisiin teollisiin sovelluksiin. Olipa kyseess\u00e4 sitten rakentaminen, teollisuusasennukset, maatalous tai raskaskoneet, hydraulisylinterimme on rakennettu toimimaan vaativimmissakin olosuhteissa varmistaen turvallisuuden, tehokkuuden ja pitk\u00e4n k\u00e4ytt\u00f6i\u00e4n.<\/p>\n<p><img loading=\"lazy\" decoding=\"async\" class=\"alignnone size-full wp-image-6720\" src=\"https:\/\/fmp-components.com\/wp-content\/uploads\/2025\/03\/hydraulic-cylinder-8.webp\" alt=\"Teleskooppiset hydraulisylinterit\" width=\"933\" height=\"526\" title=\"\" srcset=\"https:\/\/fmp-components.com\/wp-content\/uploads\/2025\/03\/hydraulic-cylinder-8.webp 933w, https:\/\/fmp-components.com\/wp-content\/uploads\/2025\/03\/hydraulic-cylinder-8-480x271.webp 480w\" sizes=\"(min-width: 0px) and (max-width: 480px) 480px, (min-width: 481px) 933px, 100vw\" \/><\/p>\n<p class=\"break-words\">FMP:ll\u00e4 olemme ylpeit\u00e4 huippumoderneista tuotantolaitoksistamme, jotka on varustettu tarkkuuskoneilla ja edistyneill\u00e4 testausj\u00e4rjestelmill\u00e4. Valmistusprosessimme noudattavat tiukkoja kansallisia ja kansainv\u00e4lisi\u00e4 standardeja, mik\u00e4 varmistaa, ett\u00e4 jokainen tehtaaltamme l\u00e4htev\u00e4 hydraulisylinteri on eritt\u00e4in laadukas ja luotettava. Taitava tekninen tiimimme ja huippuluokan laitteet mahdollistavat tiukan laadunvalvonnan tuotannon jokaisessa vaiheessa \u2013 raaka-aineiden valinnasta lopputarkastukseen. T\u00e4m\u00e4 omistautuminen erinomaisuuteen on ansainnut meille sertifikaatteja ja tunnustusta alan viranomaisilta, mik\u00e4 on vahvistanut mainettamme luotettavana kumppanina.<\/p>\n<p class=\"break-words\">Missiomme on yksinkertainen mutta kunnianhimoinen: tarjota asiakkaillemme hydraulisylintereit\u00e4, jotka ylitt\u00e4v\u00e4t odotukset suorituskyvyss\u00e4, kest\u00e4vyydess\u00e4 ja arvossa. Toimimme ammattitaidon, rehellisyyden ja asiakasl\u00e4ht\u00f6isyyden ohjaamilla periaatteilla. Edist\u00e4m\u00e4ll\u00e4 innovaatio- ja tarkkuuskulttuuria ja jalostamme jatkuvasti tuotteitamme pysy\u00e4ksemme kilpailuedulla. Kattava tuotevalikoimamme ja kykymme tarjota r\u00e4\u00e4t\u00e4l\u00f6ityj\u00e4 ratkaisuja tekev\u00e4t meist\u00e4 ensisijaisen valinnan yrityksille, jotka etsiv\u00e4t tehokkaita hydraulisylintereit\u00e4.<\/p>\n<p class=\"break-words\">FMP on enemm\u00e4n kuin vain valmistaja \u2013 olemme kumppani menestyksess\u00e4si. Ymm\u00e4rr\u00e4mme, ett\u00e4 asiakkaamme luottavat meihin ty\u00f6kalujen toimittamisessa, jotka parantavat heid\u00e4n tuottavuuttaan ja turvallisuuttaan. Siksi olemme sitoutuneet tarjoamaan paitsi huippuluokan tuotteita my\u00f6s poikkeuksellista palvelua. Alustavasta konsultoinnista myynnin j\u00e4lkeiseen tukeen teemme tiivist\u00e4 yhteisty\u00f6t\u00e4 asiakkaidemme kanssa varmistaaksemme, ett\u00e4 heid\u00e4n tarpeensa t\u00e4ytet\u00e4\u00e4n ammattitaitoisesti ja huolellisesti. Kilpailukykyiset hintamme yhdistettyn\u00e4 horjumattomaan sitoutumiseemme laatuun tekev\u00e4t FMP:st\u00e4 \u00e4lykk\u00e4\u00e4n valinnan yrityksille, jotka haluavat investoida luotettaviin hydrauliikkaratkaisuihin.<\/p>\n<h3>Usein kysytyt kysymykset<\/h3>\n<h4>K: Mik\u00e4 on t\u00e4m\u00e4n tuotteen takuu?<\/h4>\n<p>A: Tuotteella on 1 vuoden takuu.<\/p>\n<h4>K: Voidaanko hydraulisylinterin reik\u00e4kokoa mukauttaa?<\/h4>\n<p>V: Kyll\u00e4, rei\u00e4n kokoa voidaan mukauttaa tarpeidesi mukaan.<\/p>\n<h4>K: Mitk\u00e4 teollisuudenalat voivat k\u00e4ytt\u00e4\u00e4 t\u00e4t\u00e4 hydraulisylinteri\u00e4?<\/h4>\n<p>A: T\u00e4t\u00e4 hydraulisylinteri\u00e4 voidaan k\u00e4ytt\u00e4\u00e4 tuotantolaitoksissa, konepajoissa, maatiloilla, energia- ja kaivosteollisuudessa, mainostoimistoissa ja muissa.<\/p>","protected":false},"excerpt":{"rendered":"<p>High Quality Italy Manufacture Direct Seal Multi Stages Hydraulic Cylinder for Dump Truck Industry and Agriculture The multi-stages hydraulic cylinder is a product of superior quality that is direct from FMP, an esteemed manufacturing company based in Italy City. FMP is a renowned name in the industry that produces top-notch hydraulic cylinders for use in [&hellip;]<\/p>","protected":false},"featured_media":6706,"comment_status":"closed","ping_status":"closed","template":"","meta":{"_et_pb_use_builder":"","_et_pb_old_content":"","_et_gb_content_width":""},"product_brand":[],"product_cat":[103],"product_tag":[34,105],"class_list":{"0":"post-6596","1":"product","2":"type-product","3":"status-publish","4":"has-post-thumbnail","6":"product_cat-telescopic-hydraulic-cylinders","7":"product_tag-hydraulic-cylinder","8":"product_tag-telescopic-hydraulic-cylinders","10":"first","11":"instock","12":"product-type-simple"},"_links":{"self":[{"href":"https:\/\/fmp-components.com\/fi\/wp-json\/wp\/v2\/product\/6596","targetHints":{"allow":["GET"]}}],"collection":[{"href":"https:\/\/fmp-components.com\/fi\/wp-json\/wp\/v2\/product"}],"about":[{"href":"https:\/\/fmp-components.com\/fi\/wp-json\/wp\/v2\/types\/product"}],"replies":[{"embeddable":true,"href":"https:\/\/fmp-components.com\/fi\/wp-json\/wp\/v2\/comments?post=6596"}],"wp:featuredmedia":[{"embeddable":true,"href":"https:\/\/fmp-components.com\/fi\/wp-json\/wp\/v2\/media\/6706"}],"wp:attachment":[{"href":"https:\/\/fmp-components.com\/fi\/wp-json\/wp\/v2\/media?parent=6596"}],"wp:term":[{"taxonomy":"product_brand","embeddable":true,"href":"https:\/\/fmp-components.com\/fi\/wp-json\/wp\/v2\/product_brand?post=6596"},{"taxonomy":"product_cat","embeddable":true,"href":"https:\/\/fmp-components.com\/fi\/wp-json\/wp\/v2\/product_cat?post=6596"},{"taxonomy":"product_tag","embeddable":true,"href":"https:\/\/fmp-components.com\/fi\/wp-json\/wp\/v2\/product_tag?post=6596"}],"curies":[{"name":"wp","href":"https:\/\/api.w.org\/{rel}","templated":true}]}}