{"id":6591,"date":"2025-03-11T06:32:38","date_gmt":"2025-03-11T06:32:38","guid":{"rendered":"https:\/\/fmp-components.com\/product\/high-quality-double-acting-telescopic-hydraulic-cylinder-for-dump-truck"},"modified":"2025-03-17T08:49:02","modified_gmt":"2025-03-17T08:49:02","slug":"high-quality-double-acting-telescopic-hydraulic-cylinder-for-dump-truck","status":"publish","type":"product","link":"https:\/\/fmp-components.com\/fi\/product\/high-quality-double-acting-telescopic-hydraulic-cylinder-for-dump-truck\/","title":{"rendered":"Korkealaatuinen kaksitoiminen teleskooppinen hydraulisylinteri kippiautoon"},"content":{"rendered":"<h2>Korkealaatuinen kaksitoiminen teleskooppinen hydraulisylinteri kippiautoon<\/h2>\n<p>T\u00e4m\u00e4 korkealaatuinen kaksitoiminen teleskooppinen hydraulisylinteri, joka on suunniteltu erityisesti kippiautoihin, on huippuluokan kone. FMP:n, erinomaisista tuotteistaan \u200b\u200bja palveluistaan \u200b\u200btunnetun yrityksen, valmistama hydraulisylinteri on toimivuuden ja kest\u00e4vyyden ruumiillistuma. Ty\u00f6skenteletp\u00e4 sitten koneiden korjauksessa, energia- ja kaivosteollisuudessa tai koneiden valmistuksessa, t\u00e4m\u00e4 on tarvitsemasi tuote.<\/p>\n<p><img loading=\"lazy\" decoding=\"async\" class=\"alignnone size-full wp-image-6767\" src=\"https:\/\/fmp-components.com\/wp-content\/uploads\/2025\/03\/Telescopic-Hydraulic-Cylinders-124.webp\" alt=\"Teleskooppiset hydraulisylinterit\" width=\"744\" height=\"580\" title=\"\" srcset=\"https:\/\/fmp-components.com\/wp-content\/uploads\/2025\/03\/Telescopic-Hydraulic-Cylinders-124.webp 744w, https:\/\/fmp-components.com\/wp-content\/uploads\/2025\/03\/Telescopic-Hydraulic-Cylinders-124-480x374.webp 480w\" sizes=\"(min-width: 0px) and (max-width: 480px) 480px, (min-width: 481px) 744px, 100vw\" \/><\/p>\n<h2>T\u00e4rkeimm\u00e4t ominaisuudet ja toiminnallisuus<\/h2>\n<p>Yhden vuoden takuun ansiosta voit olla varma, ett\u00e4 tuotteesi kuuluu takuun piiriin. T\u00e4m\u00e4 hydraulisylinteri on suunniteltu vakiomalliksi m\u00e4nt\u00e4sylinterirakenteella. Se toimii hydraulisella voimalla ja on valmistettu kest\u00e4v\u00e4st\u00e4 ter\u00e4ksest\u00e4. Maksimaalisen ty\u00f6nt\u00f6voimansa ansiosta t\u00e4m\u00e4 monivaiheinen hydraulisylinteri on huippusuorituskykyinen. Sen maksimivetovoima on 20 tonnia, ja se on sertifioitu ISO9001:2000-standardin mukaisesti, mik\u00e4 takaa laadun ja luotettavuuden.<\/p>\n<h3>Tekniset tiedot<\/h3>\n<table style=\"width: 98.1199%;\" border=\"\">\n<tbody>\n<tr>\n<th style=\"width: 42.8571%;\">Rei\u00e4n koko<\/th>\n<th style=\"width: 398.286%;\">2\u20136 tuumaa<\/th>\n<\/tr>\n<tr>\n<td style=\"width: 42.8571%;\">Tangon koko<\/td>\n<td style=\"width: 398.286%;\">1,125\u20134 tuumaa<\/td>\n<\/tr>\n<tr>\n<td style=\"width: 42.8571%;\">Iskun koko<\/td>\n<td style=\"width: 398.286%;\">4\u2013100 tuumaa<\/td>\n<\/tr>\n<tr>\n<td style=\"width: 42.8571%;\">Tapin koko<\/td>\n<td style=\"width: 398.286%;\">0,5\u20132 tuumaa<\/td>\n<\/tr>\n<tr>\n<td style=\"width: 42.8571%;\">Portit<\/td>\n<td style=\"width: 398.286%;\">G\/SAE\/NPT\/M<\/td>\n<\/tr>\n<\/tbody>\n<\/table>\n<h2>Ainutlaatuiset edut<\/h2>\n<p>T\u00e4m\u00e4n hydraulisylinterin erottaa muista sen energiatehokkuus ja korkea suorituskyky. Turvaominaisuudet takaavat sujuvan ja luotettavan toiminnan, mik\u00e4 tekee siit\u00e4 optimaalisen valinnan raskaisiin sovelluksiin.<\/p>\n<h2>Hydraulij\u00e4rjestelm\u00e4 ja toimintaperiaate<\/h2>\n<p>Hydraulij\u00e4rjestelm\u00e4n ja sen toimintaperiaatteen ymm\u00e4rt\u00e4minen on ratkaisevan t\u00e4rke\u00e4\u00e4 laitteiden tehokkuuden ja pitk\u00e4ik\u00e4isyyden maksimoimiseksi. Hydraulij\u00e4rjestelm\u00e4 k\u00e4ytt\u00e4\u00e4 kokoonpuristumatonta nestett\u00e4 voiman siirt\u00e4miseen pisteest\u00e4 toiseen. Hydraulisylinteri muuntaa hydraulisen energian mekaaniseksi energiaksi, mik\u00e4 tuottaa koneesi toiminnan edellytt\u00e4m\u00e4n voiman.<\/p>\n<h2>Hakemus<\/h2>\n<p>T\u00e4m\u00e4 hydraulisylinteri sopii t\u00e4ydellisesti useille eri teollisuudenaloille ja sovelluksiin, kuten konepajoille, maatiloille, energia- ja kaivosteollisuudelle, konevalmistukseen ja konetehtaisiin.<\/p>\n<h2>Usein kysytyt kysymykset<\/h2>\n<p><b>K: Oletko kauppayhti\u00f6 vai valmistaja?<\/b><br \/>\nV: Olemme valmistaja.<\/p>\n<p><b>K: Kuinka pitk\u00e4 on toimitusaikanne?<\/b><br \/>\nV: Yleens\u00e4 se on 25\u201335 p\u00e4iv\u00e4\u00e4.<\/p>\n<p><b>K: Toimitatteko n\u00e4ytteit\u00e4?<\/b><br \/>\nV: Kyll\u00e4, voimme tarjota n\u00e4ytteit\u00e4, mutta ne eiv\u00e4t ole ilmaisia.<\/p>\n<h3>Tietoja FMP:st\u00e4<\/h3>\n<p class=\"break-words\">FMP on johtava italialainen valmistaja, joka on erikoistunut korkealaatuisten hydraulisylintereiden suunnitteluun, kehitt\u00e4miseen ja tuotantoon. Rikkaalla, vuosikymmenten kokemukseen perustuvalla perinn\u00f6ll\u00e4mme yhdist\u00e4mme ylpe\u00e4n\u00e4 italialaisen k\u00e4sity\u00f6taidon huipputeknologiaan toimittaaksemme poikkeuksellisia hydraulisia ratkaisuja, jotka on r\u00e4\u00e4t\u00e4l\u00f6ity vastaamaan maailmanlaajuisen asiakaskuntamme monipuolisiin tarpeisiin. Italiassa, insin\u00f6\u00f6ritaidon huippuosaamisen keskuksessa, sijaitseva FMP on luotettava nimi hydrauliikkateollisuudessa ja sitoutunut tarjoamaan luotettavia, kest\u00e4vi\u00e4 ja innovatiivisia tuotteita, jotka voimaannuttavat yrityksi\u00e4 maailmanlaajuisesti.<\/p>\n<p class=\"break-words\">Yrityksemme yhdist\u00e4\u00e4 parhaat edistykselliset valmistusperinteet tulevaisuuteen suuntautuneeseen l\u00e4hestymistapaan. Vuosien kokemuksella hydrauliikkaj\u00e4rjestelmist\u00e4 FMP on kehittynyt nykyaikaiseksi yritykseksi, joka erottuu edukseen tutkimuksessa, suunnittelussa ja tuotannossa. Olemme erikoistuneet laajaan valikoimaan hydraulisylintereit\u00e4, mukaan lukien kaksitoimiset sylinterit, autojen nostosylinterit, maatalouskoneiden sylinterit ja r\u00e4\u00e4t\u00e4l\u00f6idyt ratkaisut erilaisiin teollisiin sovelluksiin. Olipa kyseess\u00e4 sitten rakentaminen, teollisuusasennukset, maatalous tai raskaskoneet, hydraulisylinterimme on rakennettu toimimaan vaativimmissakin olosuhteissa varmistaen turvallisuuden, tehokkuuden ja pitk\u00e4n k\u00e4ytt\u00f6i\u00e4n.<\/p>\n<p><img loading=\"lazy\" decoding=\"async\" class=\"alignnone size-full wp-image-6720\" src=\"https:\/\/fmp-components.com\/wp-content\/uploads\/2025\/03\/hydraulic-cylinder-8.webp\" alt=\"Teleskooppiset hydraulisylinterit\" width=\"933\" height=\"526\" title=\"\" srcset=\"https:\/\/fmp-components.com\/wp-content\/uploads\/2025\/03\/hydraulic-cylinder-8.webp 933w, https:\/\/fmp-components.com\/wp-content\/uploads\/2025\/03\/hydraulic-cylinder-8-480x271.webp 480w\" sizes=\"(min-width: 0px) and (max-width: 480px) 480px, (min-width: 481px) 933px, 100vw\" \/><\/p>\n<p class=\"break-words\">FMP:ll\u00e4 olemme ylpeit\u00e4 huippumoderneista tuotantolaitoksistamme, jotka on varustettu tarkkuuskoneilla ja edistyneill\u00e4 testausj\u00e4rjestelmill\u00e4. Valmistusprosessimme noudattavat tiukkoja kansallisia ja kansainv\u00e4lisi\u00e4 standardeja, mik\u00e4 varmistaa, ett\u00e4 jokainen tehtaaltamme l\u00e4htev\u00e4 hydraulisylinteri on eritt\u00e4in laadukas ja luotettava. Taitava tekninen tiimimme ja huippuluokan laitteet mahdollistavat tiukan laadunvalvonnan tuotannon jokaisessa vaiheessa \u2013 raaka-aineiden valinnasta lopputarkastukseen. T\u00e4m\u00e4 omistautuminen erinomaisuuteen on ansainnut meille sertifikaatteja ja tunnustusta alan viranomaisilta, mik\u00e4 on vahvistanut mainettamme luotettavana kumppanina.<\/p>\n<p class=\"break-words\">Missiomme on yksinkertainen mutta kunnianhimoinen: tarjota asiakkaillemme hydraulisylintereit\u00e4, jotka ylitt\u00e4v\u00e4t odotukset suorituskyvyss\u00e4, kest\u00e4vyydess\u00e4 ja arvossa. Toimimme ammattitaidon, rehellisyyden ja asiakasl\u00e4ht\u00f6isyyden ohjaamilla periaatteilla. Edist\u00e4m\u00e4ll\u00e4 innovaatio- ja tarkkuuskulttuuria ja jalostamme jatkuvasti tuotteitamme pysy\u00e4ksemme kilpailuedulla. Kattava tuotevalikoimamme ja kykymme tarjota r\u00e4\u00e4t\u00e4l\u00f6ityj\u00e4 ratkaisuja tekev\u00e4t meist\u00e4 ensisijaisen valinnan yrityksille, jotka etsiv\u00e4t tehokkaita hydraulisylintereit\u00e4.<\/p>\n<p class=\"break-words\">FMP on enemm\u00e4n kuin vain valmistaja \u2013 olemme kumppani menestyksess\u00e4si. Ymm\u00e4rr\u00e4mme, ett\u00e4 asiakkaamme luottavat meihin ty\u00f6kalujen toimittamisessa, jotka parantavat heid\u00e4n tuottavuuttaan ja turvallisuuttaan. Siksi olemme sitoutuneet tarjoamaan paitsi huippuluokan tuotteita my\u00f6s poikkeuksellista palvelua. Alustavasta konsultoinnista myynnin j\u00e4lkeiseen tukeen teemme tiivist\u00e4 yhteisty\u00f6t\u00e4 asiakkaidemme kanssa varmistaaksemme, ett\u00e4 heid\u00e4n tarpeensa t\u00e4ytet\u00e4\u00e4n ammattitaitoisesti ja huolellisesti. Kilpailukykyiset hintamme yhdistettyn\u00e4 horjumattomaan sitoutumiseemme laatuun tekev\u00e4t FMP:st\u00e4 \u00e4lykk\u00e4\u00e4n valinnan yrityksille, jotka haluavat investoida luotettaviin hydrauliikkaratkaisuihin.<\/p>","protected":false},"excerpt":{"rendered":"<p>High Quality Double Acting Telescopic Hydraulic Cylinder for Dump Truck This High Quality Double Acting Telescopic Hydraulic Cylinder, designed specifically for dump trucks, is a top-of-the-line piece of machinery. Manufactured by FMP, a company renowned for its superior products and services, this hydraulic cylinder is the epitome of function and durability. Whether you&#8217;re working in [&hellip;]<\/p>","protected":false},"featured_media":6777,"comment_status":"closed","ping_status":"closed","template":"","meta":{"_et_pb_use_builder":"","_et_pb_old_content":"","_et_gb_content_width":""},"product_brand":[],"product_cat":[103],"product_tag":[34,105],"class_list":{"0":"post-6591","1":"product","2":"type-product","3":"status-publish","4":"has-post-thumbnail","6":"product_cat-telescopic-hydraulic-cylinders","7":"product_tag-hydraulic-cylinder","8":"product_tag-telescopic-hydraulic-cylinders","10":"first","11":"instock","12":"product-type-simple"},"_links":{"self":[{"href":"https:\/\/fmp-components.com\/fi\/wp-json\/wp\/v2\/product\/6591","targetHints":{"allow":["GET"]}}],"collection":[{"href":"https:\/\/fmp-components.com\/fi\/wp-json\/wp\/v2\/product"}],"about":[{"href":"https:\/\/fmp-components.com\/fi\/wp-json\/wp\/v2\/types\/product"}],"replies":[{"embeddable":true,"href":"https:\/\/fmp-components.com\/fi\/wp-json\/wp\/v2\/comments?post=6591"}],"wp:featuredmedia":[{"embeddable":true,"href":"https:\/\/fmp-components.com\/fi\/wp-json\/wp\/v2\/media\/6777"}],"wp:attachment":[{"href":"https:\/\/fmp-components.com\/fi\/wp-json\/wp\/v2\/media?parent=6591"}],"wp:term":[{"taxonomy":"product_brand","embeddable":true,"href":"https:\/\/fmp-components.com\/fi\/wp-json\/wp\/v2\/product_brand?post=6591"},{"taxonomy":"product_cat","embeddable":true,"href":"https:\/\/fmp-components.com\/fi\/wp-json\/wp\/v2\/product_cat?post=6591"},{"taxonomy":"product_tag","embeddable":true,"href":"https:\/\/fmp-components.com\/fi\/wp-json\/wp\/v2\/product_tag?post=6591"}],"curies":[{"name":"wp","href":"https:\/\/api.w.org\/{rel}","templated":true}]}}