{"id":6587,"date":"2025-03-11T06:32:38","date_gmt":"2025-03-11T06:32:38","guid":{"rendered":"https:\/\/fmp-components.com\/product\/high-quality-4-stage-telescopic-double-acting-telescopic-hydraulic-cylinder"},"modified":"2025-03-17T08:56:27","modified_gmt":"2025-03-17T08:56:27","slug":"high-quality-4-stage-telescopic-double-acting-telescopic-hydraulic-cylinder","status":"publish","type":"product","link":"https:\/\/fmp-components.com\/fi\/product\/high-quality-4-stage-telescopic-double-acting-telescopic-hydraulic-cylinder\/","title":{"rendered":"Korkealaatuinen 4-vaiheinen teleskooppinen kaksitoiminen teleskooppinen hydraulisylinteri"},"content":{"rendered":"<p>&#8221;<\/p>\n<h2>Korkealaatuinen 4-vaiheinen teleskooppinen kaksitoiminen teleskooppinen hydraulisylinteri<\/h2>\n<p>Hemmottele itse\u00e4si 4-vaiheisen teleskooppisen kaksitoimisen hydraulisylinterimme parhaalla laadulla. T\u00e4m\u00e4 huippuluokan tuote erottuu joukosta sovelluksissaan eri toimialoilla, kuten konepajoissa, maatiloilla, energia- ja kaivosteollisuudessa, konevalmistuksessa ja konetehtaissa.<\/p>\n<h3>T\u00e4rkeimm\u00e4t ominaisuudet ja toiminnot<\/h3>\n<p>T\u00e4ss\u00e4 monivaiheisessa hydraulisylinteriss\u00e4 on korkea 3000 tonnin ty\u00f6nt\u00f6voima ja 20 tonnin vetovoima. Se saa voimansa hydraulinesteest\u00e4, ja sen runko on valmistettu kest\u00e4v\u00e4st\u00e4 ja joustavasta ter\u00e4ksest\u00e4. Sen vakiorakenne on m\u00e4nt\u00e4sylinteri, joka tarjoaa optimaalisen suorituskyvyn ja tehokkuuden.<\/p>\n<h3>Tekniset tiedot<\/h3>\n<table style=\"width: 98.7112%;\" border=\"\">\n<tbody>\n<tr>\n<td style=\"width: 42.6136%;\"><i>Rei\u00e4n koko<\/i><\/td>\n<td style=\"width: 303.977%;\">2\u20136 tuumaa<\/td>\n<\/tr>\n<tr>\n<td style=\"width: 42.6136%;\"><i>Tangon koko<\/i><\/td>\n<td style=\"width: 303.977%;\">1,125\u20134 tuumaa<\/td>\n<\/tr>\n<tr>\n<td style=\"width: 42.6136%;\"><i>Iskun koko<\/i><\/td>\n<td style=\"width: 303.977%;\">4\u2013100 tuumaa<\/td>\n<\/tr>\n<tr>\n<td style=\"width: 42.6136%;\"><i>Tapin koko<\/i><\/td>\n<td style=\"width: 303.977%;\">0,5\u20132 tuumaa<\/td>\n<\/tr>\n<tr>\n<td style=\"width: 42.6136%;\"><i>Portit<\/i><\/td>\n<td style=\"width: 303.977%;\">G\/SAE\/NPT\/M<\/td>\n<\/tr>\n<\/tbody>\n<\/table>\n<h3>Ainutlaatuiset edut<\/h3>\n<p>Hydraulisylinterimme on ISO9001:2000-sertifioitu, ja sen ydinosille, kuten laakerille ja itse hydraulisylinterille, my\u00f6nnet\u00e4\u00e4n vuoden takuu. Energiaa s\u00e4\u00e4st\u00e4vien, tehokkaiden ja turvallisten ominaisuuksiensa ansiosta hydraulisylinterimme on kiistatta arvokas lis\u00e4 koneisiisi.<\/p>\n<p><img loading=\"lazy\" decoding=\"async\" class=\"alignnone size-full wp-image-6757\" src=\"https:\/\/fmp-components.com\/wp-content\/uploads\/2025\/03\/Telescopic-Hydraulic-Cylinders-114.webp\" alt=\"Teleskooppiset hydraulisylinterit\" width=\"2160\" height=\"2160\" title=\"\" srcset=\"https:\/\/fmp-components.com\/wp-content\/uploads\/2025\/03\/Telescopic-Hydraulic-Cylinders-114.webp 2160w, https:\/\/fmp-components.com\/wp-content\/uploads\/2025\/03\/Telescopic-Hydraulic-Cylinders-114-1280x1280.webp 1280w, https:\/\/fmp-components.com\/wp-content\/uploads\/2025\/03\/Telescopic-Hydraulic-Cylinders-114-980x980.webp 980w, https:\/\/fmp-components.com\/wp-content\/uploads\/2025\/03\/Telescopic-Hydraulic-Cylinders-114-480x480.webp 480w\" sizes=\"(min-width: 0px) and (max-width: 480px) 480px, (min-width: 481px) and (max-width: 980px) 980px, (min-width: 981px) and (max-width: 1280px) 1280px, (min-width: 1281px) 2160px, 100vw\" \/><\/p>\n<h2>Hydraulij\u00e4rjestelm\u00e4t ja toimintaperiaatteet<\/h2>\n<p>Hydraulisylintereill\u00e4 on ratkaiseva rooli erilaisissa koneissa ja sovelluksissa, sill\u00e4 ne muuntavat hydraulisen energian mekaaniseksi liikkeeksi ja paineen voimaksi. T\u00e4m\u00e4 saumaton toiminta on mahdollista hydraulisylinterin ja... <b>p<\/b>tehoyksikk\u00f6, ydin, joka sy\u00f6tt\u00e4\u00e4 hydrauliikkaj\u00e4rjestelm\u00e4lle tarvittavan energian ja ohjaussignaalit.<\/p>\n<h2>Hydraulisylinterin k\u00e4ytt\u00f6<\/h2>\n<p>Hydraulisylinterimme monipuolisuus mahdollistaa sen k\u00e4yt\u00f6n useilla eri teollisuudenaloilla ja koneissa. Konekorjaamoista maatiloihin, energia- ja kaivosteollisuudesta konevalmistukseen ja konetehtaisiin, hydraulisylinterimme osoittautuu korvaamattomaksi.<\/p>\n<h2>Hydraulisylinterit ja voimayksik\u00f6t<\/h2>\n<p>Hydraulisylinterit ja voimayksik\u00f6t ovat hydraulij\u00e4rjestelm\u00e4n olennaisia \u200b\u200bosia. Niiden yhteisty\u00f6 varmistaa hydrauliteknologian laajan soveltamisen teollisuudessa ja tarjoaa luotettavaa tehonsy\u00f6tt\u00f6\u00e4 ja ohjausta erilaisille teknisille ja mekaanisille laitteille.<\/p>\n<h2>Usein kysytyt kysymykset<\/h2>\n<h3>K: Oletko kauppayhti\u00f6 vai valmistaja?<\/h3>\n<p>V: Olemme valmistaja.<\/p>\n<h3>K: Kuinka pitk\u00e4 on toimitusaikanne?<\/h3>\n<p>V: Toimitusaikamme on yleens\u00e4 25\u201335 p\u00e4iv\u00e4\u00e4.<\/p>\n<h3>K: Toimitatteko n\u00e4ytteit\u00e4? Onko se ilmaista vai lis\u00e4maksullista?<\/h3>\n<p>V: Kyll\u00e4, tarjoamme n\u00e4ytteit\u00e4, mutta ne eiv\u00e4t ole ilmaisia.<\/p>","protected":false},"excerpt":{"rendered":"<p>&#8221; High Quality 4 Stage Telescopic Double Acting Telescopic Hydraulic Cylinder Indulge in the finest quality of our 4 Stage Telescopic Double Acting Telescopic hydraulic cylinder, a top-tier product that stands out in its application across industries such as Machinery Repair Shops, Farms, Energy &amp; Mining, Machinery manufacturing, and Machinery Factory. Key Features and Functions [&hellip;]<\/p>","protected":false},"featured_media":6769,"comment_status":"closed","ping_status":"closed","template":"","meta":{"_et_pb_use_builder":"","_et_pb_old_content":"","_et_gb_content_width":""},"product_brand":[],"product_cat":[103],"product_tag":[34,105],"class_list":{"0":"post-6587","1":"product","2":"type-product","3":"status-publish","4":"has-post-thumbnail","6":"product_cat-telescopic-hydraulic-cylinders","7":"product_tag-hydraulic-cylinder","8":"product_tag-telescopic-hydraulic-cylinders","10":"first","11":"instock","12":"product-type-simple"},"_links":{"self":[{"href":"https:\/\/fmp-components.com\/fi\/wp-json\/wp\/v2\/product\/6587","targetHints":{"allow":["GET"]}}],"collection":[{"href":"https:\/\/fmp-components.com\/fi\/wp-json\/wp\/v2\/product"}],"about":[{"href":"https:\/\/fmp-components.com\/fi\/wp-json\/wp\/v2\/types\/product"}],"replies":[{"embeddable":true,"href":"https:\/\/fmp-components.com\/fi\/wp-json\/wp\/v2\/comments?post=6587"}],"wp:featuredmedia":[{"embeddable":true,"href":"https:\/\/fmp-components.com\/fi\/wp-json\/wp\/v2\/media\/6769"}],"wp:attachment":[{"href":"https:\/\/fmp-components.com\/fi\/wp-json\/wp\/v2\/media?parent=6587"}],"wp:term":[{"taxonomy":"product_brand","embeddable":true,"href":"https:\/\/fmp-components.com\/fi\/wp-json\/wp\/v2\/product_brand?post=6587"},{"taxonomy":"product_cat","embeddable":true,"href":"https:\/\/fmp-components.com\/fi\/wp-json\/wp\/v2\/product_cat?post=6587"},{"taxonomy":"product_tag","embeddable":true,"href":"https:\/\/fmp-components.com\/fi\/wp-json\/wp\/v2\/product_tag?post=6587"}],"curies":[{"name":"wp","href":"https:\/\/api.w.org\/{rel}","templated":true}]}}