{"id":6582,"date":"2025-03-11T06:31:13","date_gmt":"2025-03-11T06:31:13","guid":{"rendered":"https:\/\/fmp-components.com\/product\/professional-craftsmanship-4-stage-dump-truck-stainless-steel-hydraulic-cylinder"},"modified":"2025-03-12T05:36:17","modified_gmt":"2025-03-12T05:36:17","slug":"professional-craftsmanship-4-stage-dump-truck-stainless-steel-hydraulic-cylinder","status":"publish","type":"product","link":"https:\/\/fmp-components.com\/fi\/product\/professional-craftsmanship-4-stage-dump-truck-stainless-steel-hydraulic-cylinder\/","title":{"rendered":"Ammattimainen k\u00e4sity\u00f6taito 4-vaiheinen kippiauton ruostumattomasta ter\u00e4ksest\u00e4 valmistettu hydraulisylinteri"},"content":{"rendered":"<h2>Ammattimainen k\u00e4sity\u00f6taito 4-vaiheinen kippiauton ruostumattomasta ter\u00e4ksest\u00e4 valmistettu hydraulisylinteri<\/h2>\n<p>T\u00e4m\u00e4 on upouusi ammattimainen nelivaiheinen dumpperin ruostumattomasta ter\u00e4ksest\u00e4 valmistettu hydraulisylinteri, joka on rakennettu palvelemaan sinua useilla eri toimialoilla, kuten konepajoissa, maatiloilla, energia- ja kaivosteollisuudessa, konevalmistuksessa ja konetehtaissa. T\u00e4ll\u00e4 monivaiheisella hydraulisylinterill\u00e4 on yhden vuoden takuu sen keskeisille osille, joihin kuuluvat laakeri ja itse hydraulisylinteri.<\/p>\n<h3>T\u00e4rkeimm\u00e4t ominaisuudet ja tekniset tiedot<\/h3>\n<p>Hydraulisylinterill\u00e4 on vakiorakenne, tarkemmin sanottuna m\u00e4nt\u00e4sylinteri. Sen voima on hydraulinen ja runkomateriaali on ter\u00e4st\u00e4. Sylinterin ty\u00f6nt\u00f6voima on enint\u00e4\u00e4n 3000 tonnia ja vetovoima 20 tonnia. Se on ISO9001:2000-sertifioitu, mik\u00e4 takaa sen laadun ja luotettavuuden.<\/p>\n<h3>Tekniset tiedot<\/h3>\n<table style=\"width: 99.3161%;\" border=\"\">\n<tbody>\n<tr>\n<td style=\"width: 42.9379%;\"><i>Rei\u00e4n koko<\/i><\/td>\n<td style=\"width: 470.621%;\">2\u20136 tuumaa<\/td>\n<\/tr>\n<tr>\n<td style=\"width: 42.9379%;\"><i>Tangon koko<\/i><\/td>\n<td style=\"width: 470.621%;\">1,125\u20134 tuumaa<\/td>\n<\/tr>\n<tr>\n<td style=\"width: 42.9379%;\"><i>Iskun koko<\/i><\/td>\n<td style=\"width: 470.621%;\">4\u2013100 tuumaa<\/td>\n<\/tr>\n<tr>\n<td style=\"width: 42.9379%;\"><i>Tapin koko<\/i><\/td>\n<td style=\"width: 470.621%;\">0,5\u20132 tuumaa<\/td>\n<\/tr>\n<tr>\n<td style=\"width: 42.9379%;\"><i>Portit<\/i><\/td>\n<td style=\"width: 470.621%;\">G\/SAE\/NPT\/M<\/td>\n<\/tr>\n<\/tbody>\n<\/table>\n<h2>Ainutlaatuiset ominaisuudet ja edut<\/h2>\n<ul>\n<li>Energians\u00e4\u00e4st\u00f6<\/li>\n<li>Eritt\u00e4in tehokas<\/li>\n<li>Turvallinen k\u00e4ytt\u00e4\u00e4<\/li>\n<\/ul>\n<h2>Syv\u00e4llinen katsaus hydraulij\u00e4rjestelmiin ja toimintaperiaatteeseen<\/h2>\n<p>Hydraulisylinteri toimii kippiautojen ja monien muiden koneiden toiminnan liikkeellepanevana voimana, ja se toimii periaatteella, jossa paineistettua nestett\u00e4 k\u00e4ytet\u00e4\u00e4n lineaarisen voiman ja liikkeen tuottamiseen. Hydraulij\u00e4rjestelm\u00e4ss\u00e4 sylinteri toimii kriittisen\u00e4 komponenttina, joka muuntaa hydraulinesteen sis\u00e4lt\u00e4m\u00e4n energian mekaaniseksi ty\u00f6ksi. Kun hydraulinestett\u00e4 pumpataan sylinteriin, se luo paineen, joka pakottaa m\u00e4nn\u00e4n liikkumaan, mik\u00e4 johtaa haluttuun lineaariseen liikkeeseen. T\u00e4m\u00e4 periaate ei ainoastaan \u200b\u200bole kippiautojen toiminnan perusta, vaan se my\u00f6s parantaa monenlaisten laitteiden toimivuutta, mik\u00e4 tekee hydraulisylintereist\u00e4 v\u00e4ltt\u00e4m\u00e4tt\u00f6mi\u00e4 monissa teollisissa sovelluksissa.<\/p>\n<p><img loading=\"lazy\" decoding=\"async\" class=\"alignnone  wp-image-6659\" src=\"https:\/\/fmp-components.com\/wp-content\/uploads\/2025\/03\/telescopic-hydraulic-cylinder-12.webp\" alt=\"teleskooppinen hydraulisylinteri\" width=\"912\" height=\"912\" title=\"\" srcset=\"https:\/\/fmp-components.com\/wp-content\/uploads\/2025\/03\/telescopic-hydraulic-cylinder-12.webp 912w, https:\/\/fmp-components.com\/wp-content\/uploads\/2025\/03\/telescopic-hydraulic-cylinder-12-480x480.webp 480w\" sizes=\"(min-width: 0px) and (max-width: 480px) 480px, (min-width: 481px) 912px, 100vw\" \/><\/p>\n<h2>Hydraulisylinterin k\u00e4ytt\u00f6<\/h2>\n<p>Hydraulisylinterin monipuolisuus n\u00e4kyy sen laajassa k\u00e4yt\u00f6ss\u00e4 useilla eri teollisuudenaloilla. Konekorjaamoissa n\u00e4m\u00e4 sylinterit helpottavat raskaiden laitteiden nostamista ja sijoittamista, mik\u00e4 mahdollistaa tehokkaan huollon ja korjaukset. Maatiloilla hydraulisylintereit\u00e4 k\u00e4ytet\u00e4\u00e4n traktoreissa ja muissa maatalouskoneissa materiaalien nostamiseen, kallistamiseen ja kuljettamiseen, mik\u00e4 parantaa merkitt\u00e4v\u00e4sti maataloustoiminnan tuottavuutta.<\/p>\n<p>Energia- ja kaivosteollisuudessa hydraulisylintereill\u00e4 on keskeinen rooli esimerkiksi porauksessa, kaivauksessa ja materiaalink\u00e4sittelyss\u00e4, joissa tehokas ja luotettava suorituskyky on ratkaisevan t\u00e4rke\u00e4\u00e4. Lis\u00e4ksi koneenrakennuksessa ja tehtaissa ne ovat olennainen osa kokoonpanolinjoja ja erilaisia \u200b\u200bautomatisoituja prosesseja, mik\u00e4 tehostaa tuotantoa ja parantaa toiminnan tehokkuutta. Vaikka kippiautot ovat merkitt\u00e4v\u00e4 sovellus, hydraulisylintereiden k\u00e4ytt\u00f6 ulottuu my\u00f6s muihin raskaisiin koneisiin, jotka vaativat luotettavaa lineaarista voimaa ja liikett\u00e4, mik\u00e4 tekee niist\u00e4 v\u00e4ltt\u00e4m\u00e4tt\u00f6mi\u00e4 monissa teollisuusymp\u00e4rist\u00f6iss\u00e4.<\/p>\n<h2>Hydraulisylinterit ja voimayksik\u00f6t<\/h2>\n<p>Hydraulisylinterit ja voimayksik\u00f6t ovat olennaisia \u200b\u200bosia miss\u00e4 tahansa hydraulij\u00e4rjestelm\u00e4ss\u00e4, ja ne toimivat yhdess\u00e4 varmistaakseen optimaalisen suorituskyvyn ja luotettavuuden. Hydraulisylinteri toimii toimilaitteena, joka muuntaa hydraulisen energian mekaaniseksi liikkeeksi muuttamalla paineen voimaksi. T\u00e4m\u00e4 ominaisuus tekee siit\u00e4 ty\u00f6n suorittajan, joka mahdollistaa raskaiden kuormien siirt\u00e4misen ja kriittisten teht\u00e4vien suorittamisen.<\/p>\n<p>Voimayksikk\u00f6 puolestaan \u200b\u200btoimii hydraulij\u00e4rjestelm\u00e4n syd\u00e4men\u00e4, joka tuottaa tarvittavan energian ja ohjaussignaalit. Se sis\u00e4lt\u00e4\u00e4 tyypillisesti moottorin, pumpun, s\u00e4ili\u00f6n ja ohjausventtiilit, jotka kaikki toimivat yhdess\u00e4 yll\u00e4pit\u00e4\u00e4kseen tasaista painetta ja virtausnopeuksia. Hydraulisylinterin ja voimayksik\u00f6n v\u00e4linen koordinointi on elint\u00e4rke\u00e4\u00e4 hydraulij\u00e4rjestelm\u00e4n sujuvalle toiminnalle, sill\u00e4 se varmistaa, ett\u00e4 kaikki komponentit toimivat harmonisesti ja tuottavat luotettavaa tehoa ja ohjausta.<\/p>\n<p>FMP:ll\u00e4 olemme sitoutuneet tarjoamaan kattavia hydrauliikkaratkaisuja, joihin kuuluu my\u00f6s voimayksik\u00f6iden myynti. T\u00e4m\u00e4 varmistaa, ett\u00e4 asiakkaillamme on k\u00e4yt\u00f6ss\u00e4\u00e4n sek\u00e4 hydraulisylintereit\u00e4 ett\u00e4 voimayksik\u00f6it\u00e4, mik\u00e4 mahdollistaa komponenttien saumattoman integroinnin heid\u00e4n hydraulij\u00e4rjestelmiins\u00e4. Tarjoamalla n\u00e4it\u00e4 olennaisia \u200b\u200belementtej\u00e4 tuemme erilaisten teknisten ja mekaanisten laitteiden tehokasta ja tuloksellista toimintaa erilaisissa teollisissa sovelluksissa.<\/p>\n<p><img loading=\"lazy\" decoding=\"async\" class=\"alignnone size-full wp-image-6660\" src=\"https:\/\/fmp-components.com\/wp-content\/uploads\/2025\/03\/hydraulic-cylinder-workshop-4.webp\" alt=\"teleskooppinen hydraulisylinteri\" width=\"914\" height=\"733\" title=\"\" srcset=\"https:\/\/fmp-components.com\/wp-content\/uploads\/2025\/03\/hydraulic-cylinder-workshop-4.webp 914w, https:\/\/fmp-components.com\/wp-content\/uploads\/2025\/03\/hydraulic-cylinder-workshop-4-480x385.webp 480w\" sizes=\"(min-width: 0px) and (max-width: 480px) 480px, (min-width: 481px) 914px, 100vw\" \/><\/p>\n<h2>Usein kysytyt kysymykset<\/h2>\n<p><span>K: Oletko kauppayhti\u00f6 vai valmistaja?<\/span><br \/>\n<span>A: Olemme tehdas.<\/span><br \/>\n<span>K: Kuinka pitk\u00e4 on toimitusaikanne?<\/span><br \/>\n<span>V: Yleens\u00e4 se on 25\u201335 p\u00e4iv\u00e4\u00e4.<\/span><br \/>\n<span>K: Toimitatteko n\u00e4ytteit\u00e4? Onko se ilmaista vai lis\u00e4maksullista?<\/span><br \/>\n<span>V: Kyll\u00e4, voisimme tarjota n\u00e4ytteen, mutta se ei ole ilmainen.<\/span><\/p>\n<h3>Tietoja FMP:st\u00e4<\/h3>\n<p class=\"break-words\">FMP on johtava italialainen valmistaja, joka on erikoistunut korkealaatuisten hydraulisylintereiden suunnitteluun, kehitt\u00e4miseen ja tuotantoon. Rikkaalla, vuosikymmenten kokemukseen perustuvalla perinn\u00f6ll\u00e4mme yhdist\u00e4mme ylpe\u00e4n\u00e4 italialaisen k\u00e4sity\u00f6taidon huipputeknologiaan toimittaaksemme poikkeuksellisia hydraulisia ratkaisuja, jotka on r\u00e4\u00e4t\u00e4l\u00f6ity vastaamaan maailmanlaajuisen asiakaskuntamme monipuolisiin tarpeisiin. Italiassa, insin\u00f6\u00f6ritaidon huippuosaamisen keskuksessa, sijaitseva FMP on luotettava nimi hydrauliikkateollisuudessa ja sitoutunut tarjoamaan luotettavia, kest\u00e4vi\u00e4 ja innovatiivisia tuotteita, jotka voimaannuttavat yrityksi\u00e4 maailmanlaajuisesti.<\/p>\n<p class=\"break-words\">Yrityksemme yhdist\u00e4\u00e4 parhaat edistykselliset valmistusperinteet tulevaisuuteen suuntautuneeseen l\u00e4hestymistapaan. Vuosien kokemuksella hydrauliikkaj\u00e4rjestelmist\u00e4 FMP on kehittynyt nykyaikaiseksi yritykseksi, joka erottuu edukseen tutkimuksessa, suunnittelussa ja tuotannossa. Olemme erikoistuneet laajaan valikoimaan hydraulisylintereit\u00e4, mukaan lukien kaksitoimiset sylinterit, autojen nostosylinterit, maatalouskoneiden sylinterit ja r\u00e4\u00e4t\u00e4l\u00f6idyt ratkaisut erilaisiin teollisiin sovelluksiin. Olipa kyseess\u00e4 sitten rakentaminen, teollisuusasennukset, maatalous tai raskaskoneet, hydraulisylinterimme on rakennettu toimimaan vaativimmissakin olosuhteissa varmistaen turvallisuuden, tehokkuuden ja pitk\u00e4n k\u00e4ytt\u00f6i\u00e4n.<\/p>\n<p><img loading=\"lazy\" decoding=\"async\" class=\"alignnone size-full wp-image-6720\" src=\"https:\/\/fmp-components.com\/wp-content\/uploads\/2025\/03\/hydraulic-cylinder-8.webp\" alt=\"Teleskooppiset hydraulisylinterit\" width=\"933\" height=\"526\" title=\"\" srcset=\"https:\/\/fmp-components.com\/wp-content\/uploads\/2025\/03\/hydraulic-cylinder-8.webp 933w, https:\/\/fmp-components.com\/wp-content\/uploads\/2025\/03\/hydraulic-cylinder-8-480x271.webp 480w\" sizes=\"(min-width: 0px) and (max-width: 480px) 480px, (min-width: 481px) 933px, 100vw\" \/><\/p>\n<p class=\"break-words\">FMP:ll\u00e4 olemme ylpeit\u00e4 huippumoderneista tuotantolaitoksistamme, jotka on varustettu tarkkuuskoneilla ja edistyneill\u00e4 testausj\u00e4rjestelmill\u00e4. Valmistusprosessimme noudattavat tiukkoja kansallisia ja kansainv\u00e4lisi\u00e4 standardeja, mik\u00e4 varmistaa, ett\u00e4 jokainen tehtaaltamme l\u00e4htev\u00e4 hydraulisylinteri on eritt\u00e4in laadukas ja luotettava. Taitava tekninen tiimimme ja huippuluokan laitteet mahdollistavat tiukan laadunvalvonnan tuotannon jokaisessa vaiheessa \u2013 raaka-aineiden valinnasta lopputarkastukseen. T\u00e4m\u00e4 omistautuminen erinomaisuuteen on ansainnut meille sertifikaatteja ja tunnustusta alan viranomaisilta, mik\u00e4 on vahvistanut mainettamme luotettavana kumppanina.<\/p>\n<p class=\"break-words\">Missiomme on yksinkertainen mutta kunnianhimoinen: tarjota asiakkaillemme hydraulisylintereit\u00e4, jotka ylitt\u00e4v\u00e4t odotukset suorituskyvyss\u00e4, kest\u00e4vyydess\u00e4 ja arvossa. Toimimme ammattitaidon, rehellisyyden ja asiakasl\u00e4ht\u00f6isyyden ohjaamilla periaatteilla. Edist\u00e4m\u00e4ll\u00e4 innovaatio- ja tarkkuuskulttuuria ja jalostamme jatkuvasti tuotteitamme pysy\u00e4ksemme kilpailuedulla. Kattava tuotevalikoimamme ja kykymme tarjota r\u00e4\u00e4t\u00e4l\u00f6ityj\u00e4 ratkaisuja tekev\u00e4t meist\u00e4 ensisijaisen valinnan yrityksille, jotka etsiv\u00e4t tehokkaita hydraulisylintereit\u00e4.<\/p>\n<p class=\"break-words\">FMP on enemm\u00e4n kuin vain valmistaja \u2013 olemme kumppani menestyksess\u00e4si. Ymm\u00e4rr\u00e4mme, ett\u00e4 asiakkaamme luottavat meihin ty\u00f6kalujen toimittamisessa, jotka parantavat heid\u00e4n tuottavuuttaan ja turvallisuuttaan. Siksi olemme sitoutuneet tarjoamaan paitsi huippuluokan tuotteita my\u00f6s poikkeuksellista palvelua. Alustavasta konsultoinnista myynnin j\u00e4lkeiseen tukeen teemme tiivist\u00e4 yhteisty\u00f6t\u00e4 asiakkaidemme kanssa varmistaaksemme, ett\u00e4 heid\u00e4n tarpeensa t\u00e4ytet\u00e4\u00e4n ammattitaitoisesti ja huolellisesti. Kilpailukykyiset hintamme yhdistettyn\u00e4 horjumattomaan sitoutumiseemme laatuun tekev\u00e4t FMP:st\u00e4 \u00e4lykk\u00e4\u00e4n valinnan yrityksille, jotka haluavat investoida luotettaviin hydrauliikkaratkaisuihin.<\/p>","protected":false},"excerpt":{"rendered":"<p>Professional Craftsmanship 4 Stage Dump Truck Stainless Steel Hydraulic Cylinder This is a brand new Professional Craftsmanship 4 Stage Dump Truck Stainless Steel hydraulic cylinder, built to serve you in various industries such as machinery repair shops, farms, energy and mining, machinery manufacturing and machinery factories. This multistage hydraulic cylinder comes with a one-year warranty [&hellip;]<\/p>","protected":false},"featured_media":6725,"comment_status":"closed","ping_status":"closed","template":"","meta":{"_et_pb_use_builder":"","_et_pb_old_content":"","_et_gb_content_width":""},"product_brand":[],"product_cat":[103],"product_tag":[34,105],"class_list":{"0":"post-6582","1":"product","2":"type-product","3":"status-publish","4":"has-post-thumbnail","6":"product_cat-telescopic-hydraulic-cylinders","7":"product_tag-hydraulic-cylinder","8":"product_tag-telescopic-hydraulic-cylinders","10":"first","11":"instock","12":"product-type-simple"},"_links":{"self":[{"href":"https:\/\/fmp-components.com\/fi\/wp-json\/wp\/v2\/product\/6582","targetHints":{"allow":["GET"]}}],"collection":[{"href":"https:\/\/fmp-components.com\/fi\/wp-json\/wp\/v2\/product"}],"about":[{"href":"https:\/\/fmp-components.com\/fi\/wp-json\/wp\/v2\/types\/product"}],"replies":[{"embeddable":true,"href":"https:\/\/fmp-components.com\/fi\/wp-json\/wp\/v2\/comments?post=6582"}],"wp:featuredmedia":[{"embeddable":true,"href":"https:\/\/fmp-components.com\/fi\/wp-json\/wp\/v2\/media\/6725"}],"wp:attachment":[{"href":"https:\/\/fmp-components.com\/fi\/wp-json\/wp\/v2\/media?parent=6582"}],"wp:term":[{"taxonomy":"product_brand","embeddable":true,"href":"https:\/\/fmp-components.com\/fi\/wp-json\/wp\/v2\/product_brand?post=6582"},{"taxonomy":"product_cat","embeddable":true,"href":"https:\/\/fmp-components.com\/fi\/wp-json\/wp\/v2\/product_cat?post=6582"},{"taxonomy":"product_tag","embeddable":true,"href":"https:\/\/fmp-components.com\/fi\/wp-json\/wp\/v2\/product_tag?post=6582"}],"curies":[{"name":"wp","href":"https:\/\/api.w.org\/{rel}","templated":true}]}}