{"id":6581,"date":"2025-03-11T06:31:13","date_gmt":"2025-03-11T06:31:13","guid":{"rendered":"https:\/\/fmp-components.com\/product\/professional-craftsmanship-mini-small-dump-truck-hydraulic-telescopic-cylinder"},"modified":"2025-03-12T05:31:52","modified_gmt":"2025-03-12T05:31:52","slug":"professional-craftsmanship-mini-small-dump-truck-hydraulic-telescopic-cylinder","status":"publish","type":"product","link":"https:\/\/fmp-components.com\/fi\/product\/professional-craftsmanship-mini-small-dump-truck-hydraulic-telescopic-cylinder\/","title":{"rendered":"Ammattimainen k\u00e4sity\u00f6taito Mini Small Dump Truck Hydraulinen Teleskooppisylinteri"},"content":{"rendered":"<h2>Ammattimainen k\u00e4sity\u00f6taito Mini Small Dump Truck Hydraulinen Teleskooppisylinteri<\/h2>\n<p>Hydraulinen teleskooppisylinteri on ammattitaitoisen ty\u00f6n tulos. N\u00e4m\u00e4 pienet, pienet kippiautojen hydraulisylinterit on suunniteltu k\u00e4ytett\u00e4v\u00e4ksi useilla eri teollisuudenaloilla, kuten konepajoissa, maatiloilla, energia- ja kaivosteollisuudessa, konevalmistuksessa ja tehtaissa. N\u00e4m\u00e4 teollisuudenalat ovat eritt\u00e4in riippuvaisia \u200b\u200bkoneista, jotka vaativat tehokkaita ja luotettavia hydraulij\u00e4rjestelmi\u00e4.<\/p>\n<p><img loading=\"lazy\" decoding=\"async\" class=\"alignnone  wp-image-6661\" src=\"https:\/\/fmp-components.com\/wp-content\/uploads\/2025\/03\/telescopic-hydraulic-cylinder-10.webp\" alt=\"teleskooppinen hydraulisylinteri\" width=\"882\" height=\"882\" title=\"\" srcset=\"https:\/\/fmp-components.com\/wp-content\/uploads\/2025\/03\/telescopic-hydraulic-cylinder-10.webp 882w, https:\/\/fmp-components.com\/wp-content\/uploads\/2025\/03\/telescopic-hydraulic-cylinder-10-480x480.webp 480w\" sizes=\"(min-width: 0px) and (max-width: 480px) 480px, (min-width: 481px) 882px, 100vw\" \/><\/p>\n<h3>Tuotteen ominaisuudet ja merkitys<\/h3>\n<p>Hydraulinen teleskooppisylinteri on olennainen osa n\u00e4iden teollisuudenalojen hydraulij\u00e4rjestelmi\u00e4. Se tarjoaa vahvan ja luotettavan voiman, joka pystyy nostamaan, ty\u00f6nt\u00e4m\u00e4\u00e4n, vet\u00e4m\u00e4\u00e4n ja pit\u00e4m\u00e4\u00e4n kuormia, mik\u00e4 tekee siit\u00e4 kriittisen osan toimintoja. Sylinterill\u00e4 on monivaiheinen rakenne, joka mahdollistaa suuremmat pidennys- ja sis\u00e4\u00e4nvetomatkat s\u00e4ilytt\u00e4en samalla kompaktin koon t\u00e4ysin sis\u00e4\u00e4nvedettyn\u00e4.<\/p>\n<h3>Tuotteen tekniset tiedot<\/h3>\n<table style=\"width: 98.0631%;\" border=\"\">\n<tbody>\n<tr>\n<th style=\"width: 16.9576%;\">Rei\u00e4n koko<\/th>\n<th style=\"width: 20.4489%;\">Tangon koko<\/th>\n<th style=\"width: 19.9501%;\">Iskun koko<\/th>\n<th style=\"width: 16.4589%;\">Tapin koko<\/th>\n<th style=\"width: 149.377%;\">Portit<\/th>\n<\/tr>\n<tr>\n<td style=\"width: 16.9576%;\">2\u20136 tuumaa<\/td>\n<td style=\"width: 20.4489%;\">1,125\u20134 tuumaa<\/td>\n<td style=\"width: 19.9501%;\">4\u2013100 tuumaa<\/td>\n<td style=\"width: 16.4589%;\">0,5\u20132 tuumaa<\/td>\n<td style=\"width: 149.377%;\">G\/SAE\/NPT\/M<\/td>\n<\/tr>\n<\/tbody>\n<\/table>\n<h3>Tuotteen edut<\/h3>\n<ul>\n<li>Energiatehokkuus: Hydraulij\u00e4rjestelm\u00e4t tunnetaan korkeasta teho-koko-suhteestaan, mik\u00e4 tekee niist\u00e4 eritt\u00e4in tehokkaita.<\/li>\n<li>Turvallisuus: Hydraulisylinterin suunnittelu ja rakenne takaavat turvallisen k\u00e4yt\u00f6n my\u00f6s kovan paineen alaisena.<\/li>\n<li>Korkea laatu: Hydraulisylinteri on valmistettu tukevasta ja kest\u00e4v\u00e4st\u00e4 ter\u00e4ksest\u00e4, mik\u00e4 varmistaa sen pitk\u00e4n k\u00e4ytt\u00f6i\u00e4n.<\/li>\n<\/ul>\n<h2>Hydraulij\u00e4rjestelm\u00e4t ja niiden k\u00e4ytt\u00f6<\/h2>\n<p>Hydraulinen teleskooppisylinteri toimii paineistetun hydraulinesteen avulla lineaarisen liikkeen aikaansaamiseksi. T\u00e4t\u00e4 liikett\u00e4 k\u00e4ytet\u00e4\u00e4n erilaisten teht\u00e4vien suorittamiseen koneissa, erityisesti kuormien nostamisessa ja siirt\u00e4misess\u00e4.<\/p>\n<p><img loading=\"lazy\" decoding=\"async\" class=\"alignnone  wp-image-6662\" src=\"https:\/\/fmp-components.com\/wp-content\/uploads\/2025\/03\/telescopic-hydraulic-cylinder-4.webp\" alt=\"teleskooppinen hydraulisylinteri\" width=\"945\" height=\"945\" title=\"\" srcset=\"https:\/\/fmp-components.com\/wp-content\/uploads\/2025\/03\/telescopic-hydraulic-cylinder-4.webp 945w, https:\/\/fmp-components.com\/wp-content\/uploads\/2025\/03\/telescopic-hydraulic-cylinder-4-480x480.webp 480w\" sizes=\"(min-width: 0px) and (max-width: 480px) 480px, (min-width: 481px) 945px, 100vw\" \/><\/p>\n<h2>Hydraulisylinterit ja voimayksik\u00f6t<\/h2>\n<p>Hydraulisylinteri ja voimayksikk\u00f6 ovat hydraulij\u00e4rjestelm\u00e4n v\u00e4ltt\u00e4m\u00e4tt\u00f6mi\u00e4 osia. Niiden yhdistetty toiminta takaa hydraulitekniikan laajan soveltamisen teollisuudessa ja tarjoaa luotettavaa teho- ja ohjaustukea erilaisille teknisille ja mekaanisille laitteille. Hydraulisylinteri toimilaitteena vastaa hydraulisen energian muuntamisesta mekaaniseksi liikkeeksi ja paineen muuttamisesta voimaksi. Voimayksikk\u00f6 on ydin, joka tuottaa hydraulij\u00e4rjestelm\u00e4n tarvitseman energian ja ohjaussignaalit. Niiden koordinoitu yhteisty\u00f6 mahdollistaa hydraulij\u00e4rjestelm\u00e4n normaalin toiminnan.<\/p>\n<h3>Usein kysytyt kysymykset<\/h3>\n<dl>\n<dt>K: Oletko kauppayhti\u00f6 vai valmistaja?<\/dt>\n<dd>V: Olemme valmistaja.<\/dd>\n<dt>K: Kuinka pitk\u00e4 on toimitusaikanne?<\/dt>\n<dd>V: Yleens\u00e4 se on 25\u201335 p\u00e4iv\u00e4\u00e4.<\/dd>\n<dt>K: Toimitatteko n\u00e4ytteit\u00e4? Onko se ilmaista vai lis\u00e4maksullista?<\/dt>\n<dd>V: Kyll\u00e4, voisimme tarjota n\u00e4ytteen, mutta se ei ole ilmainen.<\/dd>\n<\/dl>\n<h3>Tietoja FMP:st\u00e4<\/h3>\n<p class=\"break-words\">FMP on johtava italialainen valmistaja, joka on erikoistunut korkealaatuisten hydraulisylintereiden suunnitteluun, kehitt\u00e4miseen ja tuotantoon. Rikkaalla, vuosikymmenten kokemukseen perustuvalla perinn\u00f6ll\u00e4mme yhdist\u00e4mme ylpe\u00e4n\u00e4 italialaisen k\u00e4sity\u00f6taidon huipputeknologiaan toimittaaksemme poikkeuksellisia hydraulisia ratkaisuja, jotka on r\u00e4\u00e4t\u00e4l\u00f6ity vastaamaan maailmanlaajuisen asiakaskuntamme monipuolisiin tarpeisiin. Italiassa, insin\u00f6\u00f6ritaidon huippuosaamisen keskuksessa, sijaitseva FMP on luotettava nimi hydrauliikkateollisuudessa ja sitoutunut tarjoamaan luotettavia, kest\u00e4vi\u00e4 ja innovatiivisia tuotteita, jotka voimaannuttavat yrityksi\u00e4 maailmanlaajuisesti.<\/p>\n<p class=\"break-words\">Yrityksemme yhdist\u00e4\u00e4 parhaat edistykselliset valmistusperinteet tulevaisuuteen suuntautuneeseen l\u00e4hestymistapaan. Vuosien kokemuksella hydrauliikkaj\u00e4rjestelmist\u00e4 FMP on kehittynyt nykyaikaiseksi yritykseksi, joka erottuu edukseen tutkimuksessa, suunnittelussa ja tuotannossa. Olemme erikoistuneet laajaan valikoimaan hydraulisylintereit\u00e4, mukaan lukien kaksitoimiset sylinterit, autojen nostosylinterit, maatalouskoneiden sylinterit ja r\u00e4\u00e4t\u00e4l\u00f6idyt ratkaisut erilaisiin teollisiin sovelluksiin. Olipa kyseess\u00e4 sitten rakentaminen, teollisuusasennukset, maatalous tai raskaskoneet, hydraulisylinterimme on rakennettu toimimaan vaativimmissakin olosuhteissa varmistaen turvallisuuden, tehokkuuden ja pitk\u00e4n k\u00e4ytt\u00f6i\u00e4n.<\/p>\n<p><img loading=\"lazy\" decoding=\"async\" class=\"alignnone size-full wp-image-6720\" src=\"https:\/\/fmp-components.com\/wp-content\/uploads\/2025\/03\/hydraulic-cylinder-8.webp\" alt=\"Teleskooppiset hydraulisylinterit\" width=\"933\" height=\"526\" title=\"\" srcset=\"https:\/\/fmp-components.com\/wp-content\/uploads\/2025\/03\/hydraulic-cylinder-8.webp 933w, https:\/\/fmp-components.com\/wp-content\/uploads\/2025\/03\/hydraulic-cylinder-8-480x271.webp 480w\" sizes=\"(min-width: 0px) and (max-width: 480px) 480px, (min-width: 481px) 933px, 100vw\" \/><\/p>\n<p class=\"break-words\">FMP:ll\u00e4 olemme ylpeit\u00e4 huippumoderneista tuotantolaitoksistamme, jotka on varustettu tarkkuuskoneilla ja edistyneill\u00e4 testausj\u00e4rjestelmill\u00e4. Valmistusprosessimme noudattavat tiukkoja kansallisia ja kansainv\u00e4lisi\u00e4 standardeja, mik\u00e4 varmistaa, ett\u00e4 jokainen tehtaaltamme l\u00e4htev\u00e4 hydraulisylinteri on eritt\u00e4in laadukas ja luotettava. Taitava tekninen tiimimme ja huippuluokan laitteet mahdollistavat tiukan laadunvalvonnan tuotannon jokaisessa vaiheessa \u2013 raaka-aineiden valinnasta lopputarkastukseen. T\u00e4m\u00e4 omistautuminen erinomaisuuteen on ansainnut meille sertifikaatteja ja tunnustusta alan viranomaisilta, mik\u00e4 on vahvistanut mainettamme luotettavana kumppanina.<\/p>\n<p class=\"break-words\">Missiomme on yksinkertainen mutta kunnianhimoinen: tarjota asiakkaillemme hydraulisylintereit\u00e4, jotka ylitt\u00e4v\u00e4t odotukset suorituskyvyss\u00e4, kest\u00e4vyydess\u00e4 ja arvossa. Toimimme ammattitaidon, rehellisyyden ja asiakasl\u00e4ht\u00f6isyyden ohjaamilla periaatteilla. Edist\u00e4m\u00e4ll\u00e4 innovaatio- ja tarkkuuskulttuuria ja jalostamme jatkuvasti tuotteitamme pysy\u00e4ksemme kilpailuedulla. Kattava tuotevalikoimamme ja kykymme tarjota r\u00e4\u00e4t\u00e4l\u00f6ityj\u00e4 ratkaisuja tekev\u00e4t meist\u00e4 ensisijaisen valinnan yrityksille, jotka etsiv\u00e4t tehokkaita hydraulisylintereit\u00e4.<\/p>\n<p class=\"break-words\">FMP on enemm\u00e4n kuin vain valmistaja \u2013 olemme kumppani menestyksess\u00e4si. Ymm\u00e4rr\u00e4mme, ett\u00e4 asiakkaamme luottavat meihin ty\u00f6kalujen toimittamisessa, jotka parantavat heid\u00e4n tuottavuuttaan ja turvallisuuttaan. Siksi olemme sitoutuneet tarjoamaan paitsi huippuluokan tuotteita my\u00f6s poikkeuksellista palvelua. Alustavasta konsultoinnista myynnin j\u00e4lkeiseen tukeen teemme tiivist\u00e4 yhteisty\u00f6t\u00e4 asiakkaidemme kanssa varmistaaksemme, ett\u00e4 heid\u00e4n tarpeensa t\u00e4ytet\u00e4\u00e4n ammattitaitoisesti ja huolellisesti. Kilpailukykyiset hintamme yhdistettyn\u00e4 horjumattomaan sitoutumiseemme laatuun tekev\u00e4t FMP:st\u00e4 \u00e4lykk\u00e4\u00e4n valinnan yrityksille, jotka haluavat investoida luotettaviin hydrauliikkaratkaisuihin.<\/p>","protected":false},"excerpt":{"rendered":"<p>Professional Craftsmanship Mini Small Dump Truck Hydraulic Telescopic Cylinder The Hydraulic Telescopic Cylinder is a product of high professional craftsmanship. These mini, small dump truck hydraulic cylinders are designed for use in various industries such as machinery repair shops, farms, energy and mining, machinery manufacturing, and factories. These industries rely heavily on machinery that requires [&hellip;]<\/p>","protected":false},"featured_media":6724,"comment_status":"closed","ping_status":"closed","template":"","meta":{"_et_pb_use_builder":"","_et_pb_old_content":"","_et_gb_content_width":""},"product_brand":[],"product_cat":[103],"product_tag":[34,105],"class_list":{"0":"post-6581","1":"product","2":"type-product","3":"status-publish","4":"has-post-thumbnail","6":"product_cat-telescopic-hydraulic-cylinders","7":"product_tag-hydraulic-cylinder","8":"product_tag-telescopic-hydraulic-cylinders","10":"first","11":"instock","12":"product-type-simple"},"_links":{"self":[{"href":"https:\/\/fmp-components.com\/fi\/wp-json\/wp\/v2\/product\/6581","targetHints":{"allow":["GET"]}}],"collection":[{"href":"https:\/\/fmp-components.com\/fi\/wp-json\/wp\/v2\/product"}],"about":[{"href":"https:\/\/fmp-components.com\/fi\/wp-json\/wp\/v2\/types\/product"}],"replies":[{"embeddable":true,"href":"https:\/\/fmp-components.com\/fi\/wp-json\/wp\/v2\/comments?post=6581"}],"wp:featuredmedia":[{"embeddable":true,"href":"https:\/\/fmp-components.com\/fi\/wp-json\/wp\/v2\/media\/6724"}],"wp:attachment":[{"href":"https:\/\/fmp-components.com\/fi\/wp-json\/wp\/v2\/media?parent=6581"}],"wp:term":[{"taxonomy":"product_brand","embeddable":true,"href":"https:\/\/fmp-components.com\/fi\/wp-json\/wp\/v2\/product_brand?post=6581"},{"taxonomy":"product_cat","embeddable":true,"href":"https:\/\/fmp-components.com\/fi\/wp-json\/wp\/v2\/product_cat?post=6581"},{"taxonomy":"product_tag","embeddable":true,"href":"https:\/\/fmp-components.com\/fi\/wp-json\/wp\/v2\/product_tag?post=6581"}],"curies":[{"name":"wp","href":"https:\/\/api.w.org\/{rel}","templated":true}]}}