{"id":6578,"date":"2025-03-11T06:31:13","date_gmt":"2025-03-11T06:31:13","guid":{"rendered":"https:\/\/fmp-components.com\/product\/low-price-small-dump-truck-hydraulic-hoist-cylinder"},"modified":"2025-03-18T01:03:51","modified_gmt":"2025-03-18T01:03:51","slug":"low-price-small-dump-truck-hydraulic-hoist-cylinder","status":"publish","type":"product","link":"https:\/\/fmp-components.com\/fi\/product\/low-price-small-dump-truck-hydraulic-hoist-cylinder\/","title":{"rendered":"Alhainen hinta pieni kippiauto hydraulinen nostosylinteri"},"content":{"rendered":"<h2>Alhainen hinta pieni kippiauto hydraulinen nostosylinteri<\/h2>\n<p>Esittelyss\u00e4 edullinen pienten kippiautojen hydraulinen nostosylinterimme, uusi tuote vuodelle 2025. T\u00e4m\u00e4 korkealaatuinen, vakiomallin monivaiheinen hydraulisylinteri on suunniteltu raskaisiin sovelluksiin. Sen ensisijainen k\u00e4ytt\u00f6kohde on konekorjaamot, maatilat, energia- ja kaivosala, konevalmistus ja konetehtaat. Hydraulisylinteri on ratkaiseva osa koneidesi tehokasta ja luotettavaa voimanl\u00e4hdett\u00e4.<\/p>\n<h3>Tuotteen ominaisuudet ja tekniset tiedot<\/h3>\n<p>Hydraulinen nostosylinteri on ainutlaatuisesti suunniteltu m\u00e4nt\u00e4sylinterirakenteella ja sit\u00e4 k\u00e4ytet\u00e4\u00e4n hydraulisella energialla. Se on valmistettu kest\u00e4v\u00e4st\u00e4 ter\u00e4smateriaalista, mik\u00e4 varmistaa kest\u00e4vyyden ja kest\u00e4vyyden ankarimmissakin k\u00e4ytt\u00f6olosuhteissa. Sylinterin enimm\u00e4isty\u00f6nt\u00f6voima on 3000 tonnia ja enimm\u00e4isvetovoima 20 tonnia. Se on ISO9001:2000-sertifioitu, mik\u00e4 takaa korkeimman laadun ja suorituskyvyn.<\/p>\n<table style=\"width: 96.9279%;\" border=\"\">\n<tbody>\n<tr>\n<td style=\"width: 42.9379%;\"><i>Rei\u00e4n koko<\/i><\/td>\n<td style=\"width: 458.192%;\">2\u20136 tuumaa<\/td>\n<\/tr>\n<tr>\n<td style=\"width: 42.9379%;\"><i>Tangon koko<\/i><\/td>\n<td style=\"width: 458.192%;\">1,125\u20134 tuumaa<\/td>\n<\/tr>\n<tr>\n<td style=\"width: 42.9379%;\"><i>Iskun koko<\/i><\/td>\n<td style=\"width: 458.192%;\">4\u2013100 tuumaa<\/td>\n<\/tr>\n<tr>\n<td style=\"width: 42.9379%;\"><i>Tapin koko<\/i><\/td>\n<td style=\"width: 458.192%;\">0,5\u20132 tuumaa<\/td>\n<\/tr>\n<tr>\n<td style=\"width: 42.9379%;\"><i>Portit<\/i><\/td>\n<td style=\"width: 458.192%;\">G\/SAE\/NPT\/M<\/td>\n<\/tr>\n<\/tbody>\n<\/table>\n<h3>Ainutlaatuiset edut ja edut<\/h3>\n<p>Hydraulisylinteri tarjoaa useita ainutlaatuisia etuja. Se on energians\u00e4\u00e4st\u00f6inen, tehokas ja turvallinen. Sen erinomainen rakenne minimoi energiah\u00e4vi\u00f6n ja korkea hy\u00f6tysuhde takaa optimaalisen suorituskyvyn. Se tarjoaa my\u00f6s turvallisen ja varman toiminnan, mik\u00e4 v\u00e4hent\u00e4\u00e4 onnettomuuksien ja loukkaantumisten riski\u00e4.<\/p>\n<h2>Hydraulij\u00e4rjestelm\u00e4 ja toimintaperiaate<\/h2>\n<p>Hydraulinen nostosylinteri toimii nestemekaniikan periaatteella. Se k\u00e4ytt\u00e4\u00e4 hydraulista energiaa lineaarisen liikkeen ja voiman luomiseen, muuntaakseen hydraulisen paineen tehokkaasti mekaaniseksi energiaksi. T\u00e4m\u00e4n ansiosta se voi suorittaa raskaita teht\u00e4vi\u00e4 helposti.<\/p>\n<h2>Hydraulisylinterin k\u00e4ytt\u00f6<\/h2>\n<p>Hydraulisylinteri\u00e4 k\u00e4ytet\u00e4\u00e4n laajalti useilla eri teollisuudenaloilla. Se on erityisen hy\u00f6dyllinen konepajoissa, maatiloilla, energia- ja kaivosteollisuudessa, konevalmistuksessa ja konetehtaissa.<\/p>\n<p><img loading=\"lazy\" decoding=\"async\" class=\"alignnone wp-image-6717\" src=\"https:\/\/fmp-components.com\/wp-content\/uploads\/2025\/03\/hydraulic-cylinder-211.webp\" alt=\"Hydraulisylinterit\" width=\"946\" height=\"948\" title=\"\" srcset=\"https:\/\/fmp-components.com\/wp-content\/uploads\/2025\/03\/hydraulic-cylinder-211.webp 946w, https:\/\/fmp-components.com\/wp-content\/uploads\/2025\/03\/hydraulic-cylinder-211-480x481.webp 480w\" sizes=\"(min-width: 0px) and (max-width: 480px) 480px, (min-width: 481px) 946px, 100vw\" \/><\/p>\n<h2>Hydraulisylinterit ja voimayksik\u00f6t<\/h2>\n<p>Hydraulisylinterit ja voimayksik\u00f6t ovat hydraulij\u00e4rjestelm\u00e4n olennainen osa. Niiden koordinoitu toiminta varmistaa hydraulitekniikan laajan soveltamisen teollisuudessa ja tarjoaa luotettavaa teho- ja ohjaustukea erilaisille teknisille ja mekaanisille laitteille. Hydraulisylinteri toimilaitteena vastaa hydraulisen energian muuntamisesta mekaaniseksi liikkeeksi ja paineen muuntamisesta voimaksi. Voimayksikk\u00f6 puolestaan \u200b\u200bon ydin, joka tuottaa hydraulij\u00e4rjestelm\u00e4n tarvitsemat energia- ja ohjaussignaalit. N\u00e4iden kahden v\u00e4linen koordinointi varmistaa hydraulij\u00e4rjestelm\u00e4n normaalin toiminnan. Me FMP:ll\u00e4 tarjoamme my\u00f6s voimayksik\u00f6it\u00e4 myyntiin.<\/p>\n<h2>Usein kysytyt kysymykset<\/h2>\n<p><b>K: Oletko kauppayhti\u00f6 vai valmistaja?<\/b><br \/>\nA: Olemme tehdas.<\/p>\n<p><b>K: Kuinka pitk\u00e4 on toimitusaikanne?<\/b><br \/>\nV: Yleens\u00e4 se on 25\u201335 p\u00e4iv\u00e4\u00e4.<\/p>\n<p><b>K: Toimitatteko n\u00e4ytteit\u00e4? Onko se ilmaista vai lis\u00e4maksullista?<\/b><br \/>\nV: Kyll\u00e4, voisimme tarjota n\u00e4ytteen, mutta se ei ole ilmainen.<\/p>\n<h3>Tietoja FMP:st\u00e4<\/h3>\n<p>FMP on johtava italialainen valmistaja, joka on erikoistunut korkealaatuisten hydraulisylintereiden suunnitteluun, kehitt\u00e4miseen ja tuotantoon. Vuosikymmenten kokemuksella yhdist\u00e4mme asiantuntevasti italialaisen k\u00e4sity\u00f6taidon innovatiiviseen teknologiaan toimittaaksemme poikkeuksellisia hydraulisia ratkaisuja, jotka on r\u00e4\u00e4t\u00e4l\u00f6ity globaalien asiakkaidemme monipuolisiin tarpeisiin. Italiassa, insin\u00f6\u00f6ritaidon huippuosaamisen keskuksessa, sijaitseva FMP on luotettu nimi hydrauliikkateollisuudessa, ja se on omistautunut tarjoamaan luotettavia, kest\u00e4vi\u00e4 ja innovatiivisia tuotteita, jotka voimaannuttavat yrityksi\u00e4 maailmanlaajuisesti.<\/p>\n<p>Yrityksemme yhdist\u00e4\u00e4 edistykselliset valmistusperinteet tulevaisuuteen suuntautuneeseen l\u00e4hestymistapaan. Hy\u00f6dynt\u00e4m\u00e4ll\u00e4 vuosien kokemusta hydraulij\u00e4rjestelmist\u00e4, FMP on kehittynyt nykyaikaiseksi yritykseksi, joka on erinomainen tutkimuksessa, suunnittelussa ja tuotannossa. Tarjoamme laajan valikoiman hydraulisylintereit\u00e4, mukaan lukien kaksitoimiset sylinterit, autojen nostosylinterit, maatalouskoneiden sylinterit ja r\u00e4\u00e4t\u00e4l\u00f6ityj\u00e4 ratkaisuja erilaisiin teollisiin sovelluksiin. Olipa kyseess\u00e4 rakentaminen, teollisuusasennukset, maatalous tai raskaskoneet, hydraulisylinterimme on suunniteltu toimimaan vaativimmissakin olosuhteissa varmistaen turvallisuuden, tehokkuuden ja pitk\u00e4n k\u00e4ytt\u00f6i\u00e4n.<\/p>\n<p>FMP:ll\u00e4 olemme ylpeit\u00e4 huippumoderneista tuotantolaitoksistamme, jotka on varustettu tarkkuuskoneilla ja edistyneill\u00e4 testausj\u00e4rjestelmill\u00e4. Valmistusprosessimme noudattavat tiukkoja kansallisia ja kansainv\u00e4lisi\u00e4 standardeja, mik\u00e4 takaa, ett\u00e4 jokainen valmistettu hydraulisylinteri t\u00e4ytt\u00e4\u00e4 korkeimmat laatu- ja luotettavuusvaatimukset. Taitava tekninen tiimimme ja huippuluokan laitteet mahdollistavat tiukan laadunvalvonnan tuotannon jokaisessa vaiheessa \u2013 raaka-aineiden valinnasta lopputarkastukseen. T\u00e4m\u00e4 sitoutuminen erinomaisuuteen on ansainnut meille sertifikaatteja ja tunnustusta alan viranomaisilta, mik\u00e4 on vahvistanut mainettamme luotettavana kumppanina.<\/p>\n<p><img loading=\"lazy\" decoding=\"async\" class=\"alignnone size-full wp-image-6720\" src=\"https:\/\/fmp-components.com\/wp-content\/uploads\/2025\/03\/hydraulic-cylinder-8.webp\" alt=\"Teleskooppiset hydraulisylinterit\" width=\"933\" height=\"526\" title=\"\" srcset=\"https:\/\/fmp-components.com\/wp-content\/uploads\/2025\/03\/hydraulic-cylinder-8.webp 933w, https:\/\/fmp-components.com\/wp-content\/uploads\/2025\/03\/hydraulic-cylinder-8-480x271.webp 480w\" sizes=\"(min-width: 0px) and (max-width: 480px) 480px, (min-width: 481px) 933px, 100vw\" \/><\/p>\n<p>Missiomme on yksinkertainen mutta kunnianhimoinen: toimittaa hydraulisylintereit\u00e4, jotka ylitt\u00e4v\u00e4t odotukset suorituskyvyss\u00e4, kest\u00e4vyydess\u00e4 ja arvossa. Ammattimaisuuden, rehellisyyden ja asiakasl\u00e4ht\u00f6isyyden periaatteiden ohjaamina vaalimme innovaatio- ja tarkkuuskulttuuria ja jalostamme jatkuvasti tuotteitamme pysy\u00e4ksemme kilpailukykyisin\u00e4 markkinoilla. Kattava tuotevalikoimamme ja kykymme tarjota r\u00e4\u00e4t\u00e4l\u00f6ityj\u00e4 ratkaisuja tekev\u00e4t meist\u00e4 ensisijaisen valinnan yrityksille, jotka etsiv\u00e4t tehokkaita hydraulisylintereit\u00e4.<\/p>\n<p>FMP on enemm\u00e4n kuin vain valmistaja; olemme kumppani menestyksess\u00e4si. Ymm\u00e4rr\u00e4mme, ett\u00e4 asiakkaamme luottavat meihin ty\u00f6kalujen suhteen, jotka parantavat tuottavuutta ja turvallisuutta. Siksi olemme sitoutuneet toimittamaan paitsi huippuluokan tuotteita, my\u00f6s poikkeuksellista palvelua. Alustavasta konsultoinnista myynnin j\u00e4lkeiseen tukeen teemme tiivist\u00e4 yhteisty\u00f6t\u00e4 asiakkaidemme kanssa varmistaaksemme, ett\u00e4 heid\u00e4n tarpeensa t\u00e4ytet\u00e4\u00e4n ammattitaitoisesti ja huolellisesti. Kilpailukykyinen hinnoittelumme yhdistettyn\u00e4 horjumattomaan sitoutumiseen laatuun tekee FMP:st\u00e4 \u00e4lykk\u00e4\u00e4n valinnan yrityksille, jotka haluavat investoida luotettaviin hydrauliikkaratkaisuihin.<\/p>","protected":false},"excerpt":{"rendered":"<p>Low Price Small Dump Truck Hydraulic Hoist Cylinder Introducing our Low Price Small Dump Truck Hydraulic Hoist Cylinder, a new product for 2025. This high-quality, standard multistage hydraulic cylinder is designed for heavy-duty applications. Its primary use is in machinery repair shops, farms, energy and mining sectors, machinery manufacturing, and machinery factories. The Hydraulic Cylinder [&hellip;]<\/p>","protected":false},"featured_media":6721,"comment_status":"closed","ping_status":"closed","template":"","meta":{"_et_pb_use_builder":"","_et_pb_old_content":"","_et_gb_content_width":""},"product_brand":[],"product_cat":[103],"product_tag":[34,105],"class_list":{"0":"post-6578","1":"product","2":"type-product","3":"status-publish","4":"has-post-thumbnail","6":"product_cat-telescopic-hydraulic-cylinders","7":"product_tag-hydraulic-cylinder","8":"product_tag-telescopic-hydraulic-cylinders","10":"first","11":"instock","12":"product-type-simple"},"_links":{"self":[{"href":"https:\/\/fmp-components.com\/fi\/wp-json\/wp\/v2\/product\/6578","targetHints":{"allow":["GET"]}}],"collection":[{"href":"https:\/\/fmp-components.com\/fi\/wp-json\/wp\/v2\/product"}],"about":[{"href":"https:\/\/fmp-components.com\/fi\/wp-json\/wp\/v2\/types\/product"}],"replies":[{"embeddable":true,"href":"https:\/\/fmp-components.com\/fi\/wp-json\/wp\/v2\/comments?post=6578"}],"wp:featuredmedia":[{"embeddable":true,"href":"https:\/\/fmp-components.com\/fi\/wp-json\/wp\/v2\/media\/6721"}],"wp:attachment":[{"href":"https:\/\/fmp-components.com\/fi\/wp-json\/wp\/v2\/media?parent=6578"}],"wp:term":[{"taxonomy":"product_brand","embeddable":true,"href":"https:\/\/fmp-components.com\/fi\/wp-json\/wp\/v2\/product_brand?post=6578"},{"taxonomy":"product_cat","embeddable":true,"href":"https:\/\/fmp-components.com\/fi\/wp-json\/wp\/v2\/product_cat?post=6578"},{"taxonomy":"product_tag","embeddable":true,"href":"https:\/\/fmp-components.com\/fi\/wp-json\/wp\/v2\/product_tag?post=6578"}],"curies":[{"name":"wp","href":"https:\/\/api.w.org\/{rel}","templated":true}]}}