{"id":6577,"date":"2025-03-11T06:31:13","date_gmt":"2025-03-11T06:31:13","guid":{"rendered":"https:\/\/fmp-components.com\/product\/factory-direct-sale-20-ton-dump-truck-hoist-hydraulic-cylinder"},"modified":"2025-03-12T05:11:27","modified_gmt":"2025-03-12T05:11:27","slug":"factory-direct-sale-20-ton-dump-truck-hoist-hydraulic-cylinder","status":"publish","type":"product","link":"https:\/\/fmp-components.com\/fi\/product\/factory-direct-sale-20-ton-dump-truck-hoist-hydraulic-cylinder\/","title":{"rendered":"Tehtaan suoramyynti 20 tonnin kippiauton nostolaitteen hydraulisylinteri"},"content":{"rendered":"<h2>Tehtaan suoramyynti 20 tonnin kippiauton nostolaitteen hydraulisylinteri<\/h2>\n<p>Tutustu tarkemmin tehtaalta suoraan myyt\u00e4v\u00e4\u00e4n 20 tonnin kippiauton nostolaitteen hydrauliseen sylinteriin. T\u00e4m\u00e4 laite, joka on suunniteltu nostamaan raskaita kuormia tarkasti ja helposti, on v\u00e4ltt\u00e4m\u00e4t\u00f6n ty\u00f6kalu koneiden korjauksessa, maataloudessa, energia- ja kaivosteollisuudessa sek\u00e4 koneenrakennusteollisuudessa. Etsitp\u00e4 sitten vanhan hydraulisylinterin vaihtoa tai p\u00e4ivityst\u00e4 tehokkaampaan malliin, t\u00e4m\u00e4 tuote on harkitsemisen arvoinen.<\/p>\n<h3>Ominaisuudet ja tekniset tiedot<\/h3>\n<p>Hydraulisylinterimme on valmistettu kest\u00e4v\u00e4st\u00e4 ter\u00e4srakenteesta, joka kest\u00e4\u00e4 raskasta k\u00e4ytt\u00f6\u00e4. Se toimii hydraulisella voimalla, mik\u00e4 tekee siit\u00e4 eritt\u00e4in luotettavan ja tehokkaan ty\u00f6kalun raskaiden kuormien nostamiseen ja siirt\u00e4miseen. Sylinterill\u00e4 on my\u00f6s ISO9001:2000-sertifiointi, mik\u00e4 takaa sen laadun ja luotettavuuden.<\/p>\n<table style=\"width: 99.9058%;\" border=\"\">\n<tbody>\n<tr>\n<th style=\"width: 16.9576%;\">Rei\u00e4n koko<\/th>\n<th style=\"width: 20.4489%;\">Tangon koko<\/th>\n<th style=\"width: 19.9501%;\">Iskun koko<\/th>\n<th style=\"width: 16.4589%;\">Tapin koko<\/th>\n<th style=\"width: 153.616%;\">Portit<\/th>\n<\/tr>\n<tr>\n<td style=\"width: 16.9576%;\">2\u20136 tuumaa<\/td>\n<td style=\"width: 20.4489%;\">1,125\u20134 tuumaa<\/td>\n<td style=\"width: 19.9501%;\">4\u2013100 tuumaa<\/td>\n<td style=\"width: 16.4589%;\">0,5\u20132 tuumaa<\/td>\n<td style=\"width: 153.616%;\">G\/SAE\/NPT\/M<\/td>\n<\/tr>\n<\/tbody>\n<\/table>\n<h2>Ainutlaatuiset edut<\/h2>\n<ul>\n<li>Energiatehokas<\/li>\n<li>Eritt\u00e4in tehokas<\/li>\n<li>Turvallisuus taattu<\/li>\n<\/ul>\n<p><img loading=\"lazy\" decoding=\"async\" class=\"alignnone  wp-image-6657\" src=\"https:\/\/fmp-components.com\/wp-content\/uploads\/2025\/03\/telescopic-hydraulic-cylinder-3.webp\" alt=\"teleskooppinen hydraulisylinteri\" width=\"940\" height=\"940\" title=\"\" srcset=\"https:\/\/fmp-components.com\/wp-content\/uploads\/2025\/03\/telescopic-hydraulic-cylinder-3.webp 940w, https:\/\/fmp-components.com\/wp-content\/uploads\/2025\/03\/telescopic-hydraulic-cylinder-3-480x480.webp 480w\" sizes=\"(min-width: 0px) and (max-width: 480px) 480px, (min-width: 481px) 940px, 100vw\" \/><\/p>\n<h2>Hydraulij\u00e4rjestelm\u00e4 ja toimintaperiaate<\/h2>\n<p>Hydraulisylinteri toimii periaatteella, jossa se muuntaa nesteen paineen voimaksi, joka voi tehokkaasti liikuttaa kuormaa tai suorittaa mekaanista ty\u00f6t\u00e4. Kun hydraulinestett\u00e4 pumpataan s\u00e4ili\u00f6st\u00e4 sylinteriin, se kulkee suuntaventtiilin l\u00e4pi, joka s\u00e4\u00e4telee nesteen virtausta. T\u00e4m\u00e4 paineistettu neste t\u00e4ytt\u00e4\u00e4 sylinterin ja luo voiman, joka ty\u00f6nt\u00e4\u00e4 sis\u00e4ll\u00e4 olevaa m\u00e4nt\u00e4\u00e4 vasten. M\u00e4nn\u00e4n liikkuessa se tuottaa lineaarista liikett\u00e4, jonka avulla hydraulisylinteri voi suorittaa erilaisia \u200b\u200bteht\u00e4vi\u00e4, kuten nostaa, ty\u00f6nt\u00e4\u00e4 tai vet\u00e4\u00e4 raskaita esineit\u00e4. T\u00e4m\u00e4 tehokas energiansiirto nestedynamiikan kautta tekee hydraulij\u00e4rjestelmist\u00e4 erityisen tehokkaita ja toimivia monissa eri sovelluksissa.<\/p>\n<p>Hydraulisylinterin rakenne, mukaan lukien sen kest\u00e4v\u00e4t materiaalit ja tarkka suunnittelu, varmistaa, ett\u00e4 se kest\u00e4\u00e4 korkeita paineita ja raskaita kuormia, maksimoiden sen suorituskyvyn ja luotettavuuden. K\u00e4ytettiinp\u00e4 sit\u00e4 sitten nosto-operaatioissa tai monimutkaisissa koneprosesseissa, hydraulisylinterin kyky muuntaa hydraulinen energia mekaaniseksi liikkeeksi on sen toiminnallisuuden perustavanlaatuinen osa.<\/p>\n<p><img loading=\"lazy\" decoding=\"async\" class=\"alignnone  wp-image-6656\" src=\"https:\/\/fmp-components.com\/wp-content\/uploads\/2025\/03\/telescopic-hydraulic-cylinder-5.webp\" alt=\"teleskooppinen hydraulisylinteri\" width=\"969\" height=\"969\" title=\"\" srcset=\"https:\/\/fmp-components.com\/wp-content\/uploads\/2025\/03\/telescopic-hydraulic-cylinder-5.webp 969w, https:\/\/fmp-components.com\/wp-content\/uploads\/2025\/03\/telescopic-hydraulic-cylinder-5-480x480.webp 480w\" sizes=\"(min-width: 0px) and (max-width: 480px) 480px, (min-width: 481px) 969px, 100vw\" \/><\/p>\n<h2>Hydraulisylinterin k\u00e4ytt\u00f6<\/h2>\n<p>T\u00e4m\u00e4 hydraulisylinteri sopii erityisen hyvin monenlaisiin sovelluksiin useilla eri toimialoilla. Konekorjaamoissa se toimii ratkaisevana ty\u00f6kaluna raskaiden laitteiden nostamiseen ja sijoittamiseen, mik\u00e4 helpottaa huoltoteht\u00e4vi\u00e4, jotka muuten olisivat haastavia tai vaarallisia. Sylinterin kyky k\u00e4sitell\u00e4 merkitt\u00e4vi\u00e4 kuormia tekee siit\u00e4 korvaamattoman n\u00e4iss\u00e4 ymp\u00e4rist\u00f6iss\u00e4.<\/p>\n<p>Maatalousymp\u00e4rist\u00f6iss\u00e4 hydraulisylinteri\u00e4 k\u00e4ytet\u00e4\u00e4n erilaisissa koneissa, kuten traktoreissa ja puimureissa, raskaiden materiaalien nostamiseen ja kuljettamiseen, mik\u00e4 parantaa maatilojen toiminnan tehokkuutta ja tuottavuutta. Sen kest\u00e4v\u00e4 rakenne varmistaa, ett\u00e4 se kest\u00e4\u00e4 ulkok\u00e4yt\u00f6n rasitukset ja maatalousteht\u00e4vien vaatimukset.<\/p>\n<p>Energia- ja kaivosteollisuudessa t\u00e4ll\u00e4 hydraulisylinterill\u00e4 on t\u00e4rke\u00e4 rooli esimerkiksi kaivauksissa ja materiaalink\u00e4sittelyss\u00e4. Sen kyky nostaa raskaita kuormia tarkasti ja luotettavasti on olennaista teht\u00e4viss\u00e4, jotka vaativat sek\u00e4 lujuutta ett\u00e4 tarkkuutta. Lis\u00e4ksi konepajateollisuudessa hydraulisylinteri\u00e4 k\u00e4ytet\u00e4\u00e4n kokoonpanolinjoilla ja automatisoiduissa prosesseissa, joissa se auttaa komponenttien nostamisessa ja tuotannon helpottamisessa.<\/p>\n<p>Kaiken kaikkiaan hydraulisylinteri on olennainen ty\u00f6kalu n\u00e4ill\u00e4 teollisuudenaloilla, sill\u00e4 se tarjoaa tarvittavan tehon ja hallinnan raskaiden kuormien nostamiseen ja kriittisten teht\u00e4vien suorittamiseen tehokkaasti ja turvallisesti. Sen monipuolisuus ja luotettavuus tekev\u00e4t siit\u00e4 keskeisen osan erilaisten koneiden ja laitteiden k\u00e4yt\u00f6ss\u00e4.<\/p>\n<h2>Usein kysytyt kysymykset<\/h2>\n<ol>\n<li><strong>K: Voidaanko hydraulisylinteri\u00e4 k\u00e4ytt\u00e4\u00e4 eri toimialoilla?<\/strong><br \/>\nV: Kyll\u00e4, hydraulisylinterimme on monipuolinen ja sit\u00e4 voidaan k\u00e4ytt\u00e4\u00e4 eri toimialoilla, kuten rakentamisessa, kaivosteollisuudessa, maataloudessa ja muissa.<\/li>\n<li><strong>K: Tarjoatteko hydraulisylinterille takuun?<\/strong><br \/>\nV: Kyll\u00e4, tarjoamme hydraulisylinterillemme 1 vuoden takuun.<\/li>\n<li><strong>K: Voinko vierailla tehtaallasi?<\/strong><br \/>\nV: Kyll\u00e4, toivotamme asiakkaat l\u00e4mpim\u00e4sti tervetulleiksi tehtaallemme. Voit my\u00f6s tehd\u00e4 virtuaalikierroksen tehtaaseemme yll\u00e4 olevan linkin kautta.<\/li>\n<\/ol>\n<h3>Tietoja FMP:st\u00e4<\/h3>\n<p>FMP on johtava italialainen valmistaja, joka on erikoistunut korkealaatuisten hydraulisylintereiden suunnitteluun, kehitt\u00e4miseen ja tuotantoon. Vuosikymmenten kokemuksella yhdist\u00e4mme asiantuntevasti italialaisen k\u00e4sity\u00f6taidon innovatiiviseen teknologiaan toimittaaksemme poikkeuksellisia hydraulisia ratkaisuja, jotka on r\u00e4\u00e4t\u00e4l\u00f6ity globaalien asiakkaidemme monipuolisiin tarpeisiin. Italiassa, insin\u00f6\u00f6ritaidon huippuosaamisen keskuksessa, sijaitseva FMP on luotettu nimi hydrauliikkateollisuudessa, ja se on omistautunut tarjoamaan luotettavia, kest\u00e4vi\u00e4 ja innovatiivisia tuotteita, jotka voimaannuttavat yrityksi\u00e4 maailmanlaajuisesti.<\/p>\n<p>Yrityksemme yhdist\u00e4\u00e4 edistykselliset valmistusperinteet tulevaisuuteen suuntautuneeseen l\u00e4hestymistapaan. Hy\u00f6dynt\u00e4m\u00e4ll\u00e4 vuosien kokemusta hydraulij\u00e4rjestelmist\u00e4, FMP on kehittynyt nykyaikaiseksi yritykseksi, joka on erinomainen tutkimuksessa, suunnittelussa ja tuotannossa. Tarjoamme laajan valikoiman hydraulisylintereit\u00e4, mukaan lukien kaksitoimiset sylinterit, autojen nostosylinterit, maatalouskoneiden sylinterit ja r\u00e4\u00e4t\u00e4l\u00f6ityj\u00e4 ratkaisuja erilaisiin teollisiin sovelluksiin. Olipa kyseess\u00e4 rakentaminen, teollisuusasennukset, maatalous tai raskaskoneet, hydraulisylinterimme on suunniteltu toimimaan vaativimmissakin olosuhteissa varmistaen turvallisuuden, tehokkuuden ja pitk\u00e4n k\u00e4ytt\u00f6i\u00e4n.<\/p>\n<p>FMP:ll\u00e4 olemme ylpeit\u00e4 huippumoderneista tuotantolaitoksistamme, jotka on varustettu tarkkuuskoneilla ja edistyneill\u00e4 testausj\u00e4rjestelmill\u00e4. Valmistusprosessimme noudattavat tiukkoja kansallisia ja kansainv\u00e4lisi\u00e4 standardeja, mik\u00e4 takaa, ett\u00e4 jokainen valmistettu hydraulisylinteri t\u00e4ytt\u00e4\u00e4 korkeimmat laatu- ja luotettavuusvaatimukset. Taitava tekninen tiimimme ja huippuluokan laitteet mahdollistavat tiukan laadunvalvonnan tuotannon jokaisessa vaiheessa \u2013 raaka-aineiden valinnasta lopputarkastukseen. T\u00e4m\u00e4 sitoutuminen erinomaisuuteen on ansainnut meille sertifikaatteja ja tunnustusta alan viranomaisilta, mik\u00e4 on vahvistanut mainettamme luotettavana kumppanina.<\/p>\n<p><img loading=\"lazy\" decoding=\"async\" class=\"alignnone size-full wp-image-6720\" src=\"https:\/\/fmp-components.com\/wp-content\/uploads\/2025\/03\/hydraulic-cylinder-8.webp\" alt=\"Teleskooppiset hydraulisylinterit\" width=\"933\" height=\"526\" title=\"\" srcset=\"https:\/\/fmp-components.com\/wp-content\/uploads\/2025\/03\/hydraulic-cylinder-8.webp 933w, https:\/\/fmp-components.com\/wp-content\/uploads\/2025\/03\/hydraulic-cylinder-8-480x271.webp 480w\" sizes=\"(min-width: 0px) and (max-width: 480px) 480px, (min-width: 481px) 933px, 100vw\" \/><\/p>\n<p>Missiomme on yksinkertainen mutta kunnianhimoinen: toimittaa hydraulisylintereit\u00e4, jotka ylitt\u00e4v\u00e4t odotukset suorituskyvyss\u00e4, kest\u00e4vyydess\u00e4 ja arvossa. Ammattimaisuuden, rehellisyyden ja asiakasl\u00e4ht\u00f6isyyden periaatteiden ohjaamina vaalimme innovaatio- ja tarkkuuskulttuuria ja jalostamme jatkuvasti tuotteitamme pysy\u00e4ksemme kilpailukykyisin\u00e4 markkinoilla. Kattava tuotevalikoimamme ja kykymme tarjota r\u00e4\u00e4t\u00e4l\u00f6ityj\u00e4 ratkaisuja tekev\u00e4t meist\u00e4 ensisijaisen valinnan yrityksille, jotka etsiv\u00e4t tehokkaita hydraulisylintereit\u00e4.<\/p>\n<p>FMP on enemm\u00e4n kuin vain valmistaja; olemme kumppani menestyksess\u00e4si. Ymm\u00e4rr\u00e4mme, ett\u00e4 asiakkaamme luottavat meihin ty\u00f6kalujen suhteen, jotka parantavat tuottavuutta ja turvallisuutta. Siksi olemme sitoutuneet toimittamaan paitsi huippuluokan tuotteita, my\u00f6s poikkeuksellista palvelua. Alustavasta konsultoinnista myynnin j\u00e4lkeiseen tukeen teemme tiivist\u00e4 yhteisty\u00f6t\u00e4 asiakkaidemme kanssa varmistaaksemme, ett\u00e4 heid\u00e4n tarpeensa t\u00e4ytet\u00e4\u00e4n ammattitaitoisesti ja huolellisesti. Kilpailukykyinen hinnoittelumme yhdistettyn\u00e4 horjumattomaan sitoutumiseen laatuun tekee FMP:st\u00e4 \u00e4lykk\u00e4\u00e4n valinnan yrityksille, jotka haluavat investoida luotettaviin hydrauliikkaratkaisuihin.<\/p>","protected":false},"excerpt":{"rendered":"<p>Factory Direct Sale 20 Ton Dump Truck Hoist Hydraulic Cylinder Take a closer look at our Factory Direct Sale 20 Ton Dump Truck Hoist Hydraulic Cylinder. This piece of equipment, designed to lift heavy loads with precision and ease, is an essential tool in the machinery repair, farming, energy &amp; mining, and machinery manufacturing industries. [&hellip;]<\/p>","protected":false},"featured_media":6719,"comment_status":"closed","ping_status":"closed","template":"","meta":{"_et_pb_use_builder":"","_et_pb_old_content":"","_et_gb_content_width":""},"product_brand":[],"product_cat":[103],"product_tag":[34,105],"class_list":{"0":"post-6577","1":"product","2":"type-product","3":"status-publish","4":"has-post-thumbnail","6":"product_cat-telescopic-hydraulic-cylinders","7":"product_tag-hydraulic-cylinder","8":"product_tag-telescopic-hydraulic-cylinders","10":"first","11":"instock","12":"product-type-simple"},"_links":{"self":[{"href":"https:\/\/fmp-components.com\/fi\/wp-json\/wp\/v2\/product\/6577","targetHints":{"allow":["GET"]}}],"collection":[{"href":"https:\/\/fmp-components.com\/fi\/wp-json\/wp\/v2\/product"}],"about":[{"href":"https:\/\/fmp-components.com\/fi\/wp-json\/wp\/v2\/types\/product"}],"replies":[{"embeddable":true,"href":"https:\/\/fmp-components.com\/fi\/wp-json\/wp\/v2\/comments?post=6577"}],"wp:featuredmedia":[{"embeddable":true,"href":"https:\/\/fmp-components.com\/fi\/wp-json\/wp\/v2\/media\/6719"}],"wp:attachment":[{"href":"https:\/\/fmp-components.com\/fi\/wp-json\/wp\/v2\/media?parent=6577"}],"wp:term":[{"taxonomy":"product_brand","embeddable":true,"href":"https:\/\/fmp-components.com\/fi\/wp-json\/wp\/v2\/product_brand?post=6577"},{"taxonomy":"product_cat","embeddable":true,"href":"https:\/\/fmp-components.com\/fi\/wp-json\/wp\/v2\/product_cat?post=6577"},{"taxonomy":"product_tag","embeddable":true,"href":"https:\/\/fmp-components.com\/fi\/wp-json\/wp\/v2\/product_tag?post=6577"}],"curies":[{"name":"wp","href":"https:\/\/api.w.org\/{rel}","templated":true}]}}