{"id":6576,"date":"2025-03-11T06:31:13","date_gmt":"2025-03-11T06:31:13","guid":{"rendered":"https:\/\/fmp-components.com\/product\/high-quality-mini-dump-truck-hydraulic-hoist-cylinder-telescopic-hydraulic-cylinder"},"modified":"2025-03-12T05:08:32","modified_gmt":"2025-03-12T05:08:32","slug":"high-quality-mini-dump-truck-hydraulic-hoist-cylinder-telescopic-hydraulic-cylinder","status":"publish","type":"product","link":"https:\/\/fmp-components.com\/fi\/product\/high-quality-mini-dump-truck-hydraulic-hoist-cylinder-telescopic-hydraulic-cylinder\/","title":{"rendered":"Korkealaatuinen minikippiauton hydraulinen nostosylinteri teleskooppinen hydraulisylinteri"},"content":{"rendered":"<h2>Korkealaatuinen minikippiauton hydraulinen nostosylinteri teleskooppinen hydraulisylinteri<\/h2>\n<p>Korkealaatuinen minikippiauton hydraulinen nostosylinteri teleskooppinen hydraulisylinteri on huippuluokan tuote, joka varmistaa optimaalisen toimivuuden ja pitk\u00e4n k\u00e4ytt\u00f6i\u00e4n. T\u00e4t\u00e4 hydraulisylinteri\u00e4 k\u00e4ytet\u00e4\u00e4n p\u00e4\u00e4asiassa konepajoissa, maatiloilla, energia- ja kaivosteollisuudessa, konevalmistuksessa ja tehtaissa, ja se on suunniteltu tarjoamaan vertaansa vailla olevaa suorituskyky\u00e4.<\/p>\n<p><img loading=\"lazy\" decoding=\"async\" class=\"alignnone  wp-image-6657\" src=\"https:\/\/fmp-components.com\/wp-content\/uploads\/2025\/03\/telescopic-hydraulic-cylinder-3.webp\" alt=\"teleskooppinen hydraulisylinteri\" width=\"911\" height=\"911\" title=\"\" srcset=\"https:\/\/fmp-components.com\/wp-content\/uploads\/2025\/03\/telescopic-hydraulic-cylinder-3.webp 911w, https:\/\/fmp-components.com\/wp-content\/uploads\/2025\/03\/telescopic-hydraulic-cylinder-3-480x480.webp 480w\" sizes=\"(min-width: 0px) and (max-width: 480px) 480px, (min-width: 481px) 911px, 100vw\" \/><\/p>\n<h3>Tuotteen tekniset tiedot<\/h3>\n<p>Sylinterimme ylpeilee vakiorakenteella, tarkemmin sanottuna m\u00e4nt\u00e4sylinterill\u00e4, jota k\u00e4ytt\u00e4\u00e4 hydrauliikka. Siin\u00e4 on kest\u00e4v\u00e4 ter\u00e4srunko, monivaiheinen hydraulinen sylinterityyppi ja suurin ty\u00f6nt\u00f6voima 3000. T\u00e4m\u00e4 tuote on ISO9001:2000-sertifiointistandardien mukainen, mik\u00e4 takaa korkeimman laatutason.<\/p>\n<table style=\"width: 97.2621%;\" border=\"\">\n<tbody>\n<tr>\n<td style=\"width: 43.5028%;\"><b>Rei\u00e4n koko<\/b><\/td>\n<td style=\"width: 470.621%;\">2\u20136 tuumaa<\/td>\n<\/tr>\n<tr>\n<td style=\"width: 43.5028%;\"><b>Tangon koko<\/b><\/td>\n<td style=\"width: 470.621%;\">1,125\u20134 tuumaa<\/td>\n<\/tr>\n<tr>\n<td style=\"width: 43.5028%;\"><b>Iskun koko<\/b><\/td>\n<td style=\"width: 470.621%;\">4\u2013100 tuumaa<\/td>\n<\/tr>\n<tr>\n<td style=\"width: 43.5028%;\"><b>Tapin koko<\/b><\/td>\n<td style=\"width: 470.621%;\">0,5\u20132 tuumaa<\/td>\n<\/tr>\n<tr>\n<td style=\"width: 43.5028%;\"><b>Portit<\/b><\/td>\n<td style=\"width: 470.621%;\">G\/SAE\/NPT\/M<\/td>\n<\/tr>\n<\/tbody>\n<\/table>\n<h3>Erottuvia ominaisuuksia ja etuja<\/h3>\n<ul>\n<li>Huippusuorituskyky: Maksimaalisen ty\u00f6nt\u00f6voiman 3000 ja maksimivetovauhdin 20 tonnia ansiosta t\u00e4m\u00e4 hydraulisylinteri takaa huipputason suorituskyvyn.<\/li>\n<li>Turvallisuus: Hydraulisylinterimme on ISO9001:2000-sertifiointistandardien mukainen, mik\u00e4 varmistaa korkeimman turvallisuustason.<\/li>\n<li>Energiatehokas: Korkealaatuinen minikippiauton hydraulinen nostosylinteri ja teleskooppinen hydraulisylinteri on suunniteltu optimaalista energiatehokkuutta silm\u00e4ll\u00e4 pit\u00e4en, mik\u00e4 varmistaa toimintasi kustannustehokkuuden.<\/li>\n<\/ul>\n<h2>Hydrauliset j\u00e4rjestelm\u00e4t ja toimintaperiaate<\/h2>\n<p>Hydraulisylinterimme toimintaperiaate on elegantin yksinkertainen: se muuntaa hydraulisen energian mekaaniseksi liikkeeksi ja muuntaa hydraulisen paineen tehokkaasti voimaksi. T\u00e4m\u00e4 perusperiaate on hydraulij\u00e4rjestelmien selk\u00e4ranka, joka mahdollistaa tehokkaan voimansiirron. Sylinterin suunnittelulla on ratkaiseva rooli t\u00e4ss\u00e4 prosessissa, sill\u00e4 se maksimoi alueen, jolla hydraulineste voi kohdistaa painetta, mik\u00e4 parantaa tuotettua voimaa. T\u00e4m\u00e4 suunnittelun ja toiminnallisuuden yhdistelm\u00e4 mahdollistaa hydraulisylintereidemme laajan k\u00e4yt\u00f6n monilla eri teollisuudenaloilla rakentamisesta valmistukseen, joissa luotettava ja tehokas suorituskyky on v\u00e4ltt\u00e4m\u00e4t\u00f6nt\u00e4.<\/p>\n<p><img loading=\"lazy\" decoding=\"async\" class=\"alignnone  wp-image-6658\" src=\"https:\/\/fmp-components.com\/wp-content\/uploads\/2025\/03\/telescopic-hydraulic-cylinder-6.webp\" alt=\"teleskooppinen hydraulisylinteri\" width=\"938\" height=\"938\" title=\"\" srcset=\"https:\/\/fmp-components.com\/wp-content\/uploads\/2025\/03\/telescopic-hydraulic-cylinder-6.webp 938w, https:\/\/fmp-components.com\/wp-content\/uploads\/2025\/03\/telescopic-hydraulic-cylinder-6-480x480.webp 480w\" sizes=\"(min-width: 0px) and (max-width: 480px) 480px, (min-width: 481px) 938px, 100vw\" \/><\/p>\n<h2>Sovellusskenaariot<\/h2>\n<p>Korkealaatuinen minikippiauton hydraulinen nostosylinteri, erityisesti teleskooppisessa rakenteessaan, on uskomattoman monipuolinen ja sopii monenlaisiin k\u00e4ytt\u00f6tarkoituksiin. Konekorjaamoissa se on korvaamaton apu raskaiden laitteiden nostamiseen ja k\u00e4sittelyyn, mik\u00e4 varmistaa, ett\u00e4 huoltoteht\u00e4v\u00e4t voidaan suorittaa tehokkaasti ja turvallisesti. Maatiloilla t\u00e4t\u00e4 hydraulisylinteri\u00e4 k\u00e4ytet\u00e4\u00e4n maatalouskoneissa esimerkiksi kuormien nostamiseen, kallistamiseen ja materiaalien kippaamiseen, mik\u00e4 tehostaa maatilan toimintaa.<\/p>\n<p>Energia- ja kaivosteollisuudessa hydraulinen nostosylinteri on v\u00e4ltt\u00e4m\u00e4t\u00f6n kaivamiseen, poraamiseen ja materiaalink\u00e4sittelyyn liittyviss\u00e4 sovelluksissa, joissa vankka suorituskyky ja luotettavuus ovat kriittisi\u00e4. Lis\u00e4ksi koneenrakennuksessa ja tehtaissa t\u00e4t\u00e4 hydraulista sylinteri\u00e4 k\u00e4ytet\u00e4\u00e4n kokoonpanolinjoilla ja automatisoiduissa laitteissa, mik\u00e4 edist\u00e4\u00e4 tuotantoprosessien virtaviivaistamista ja toiminnan tehokkuuden parantamista. Sen mukautuvuus ja vankka suorituskyky tekev\u00e4t siit\u00e4 ihanteellisen valinnan mihin tahansa teollisuusymp\u00e4rist\u00f6\u00f6n, joka vaatii luotettavaa nosto- ja siirtokyky\u00e4, varmistaen, ett\u00e4 yritykset voivat toimia tehokkaasti omilla aloillaan.<\/p>\n<h2>Usein kysytyt kysymykset<\/h2>\n<p><b>K:<\/b> Oletko kauppayhti\u00f6 vai valmistaja?<br \/>\n<b>A:<\/b> Olemme valmistaja.<\/p>\n<p><b>K:<\/b> Kuinka pitk\u00e4 on toimitusaikanne?<br \/>\n<b>A:<\/b> Toimitusaika on yleens\u00e4 25-35 p\u00e4iv\u00e4\u00e4.<\/p>\n<p><b>K:<\/b> Tarjoatteko n\u00e4ytteit\u00e4? Onko se ilmaista vai lis\u00e4maksusta?<br \/>\n<b>A:<\/b> Kyll\u00e4, tarjoamme n\u00e4ytteit\u00e4, mutta ne eiv\u00e4t ole ilmaisia.<\/p>\n<h3>Tietoja FMP:st\u00e4<\/h3>\n<p>FMP on johtava italialainen valmistaja, joka on erikoistunut korkealaatuisten hydraulisylintereiden suunnitteluun, kehitt\u00e4miseen ja tuotantoon. Vuosikymmenten kokemuksella yhdist\u00e4mme asiantuntevasti italialaisen k\u00e4sity\u00f6taidon innovatiiviseen teknologiaan toimittaaksemme poikkeuksellisia hydraulisia ratkaisuja, jotka on r\u00e4\u00e4t\u00e4l\u00f6ity globaalien asiakkaidemme monipuolisiin tarpeisiin. Italiassa, insin\u00f6\u00f6ritaidon huippuosaamisen keskuksessa, sijaitseva FMP on luotettu nimi hydrauliikkateollisuudessa, ja se on omistautunut tarjoamaan luotettavia, kest\u00e4vi\u00e4 ja innovatiivisia tuotteita, jotka voimaannuttavat yrityksi\u00e4 maailmanlaajuisesti.<\/p>\n<p>Yrityksemme yhdist\u00e4\u00e4 edistykselliset valmistusperinteet tulevaisuuteen suuntautuneeseen l\u00e4hestymistapaan. Hy\u00f6dynt\u00e4m\u00e4ll\u00e4 vuosien kokemusta hydraulij\u00e4rjestelmist\u00e4, FMP on kehittynyt nykyaikaiseksi yritykseksi, joka on erinomainen tutkimuksessa, suunnittelussa ja tuotannossa. Tarjoamme laajan valikoiman hydraulisylintereit\u00e4, mukaan lukien kaksitoimiset sylinterit, autojen nostosylinterit, maatalouskoneiden sylinterit ja r\u00e4\u00e4t\u00e4l\u00f6ityj\u00e4 ratkaisuja erilaisiin teollisiin sovelluksiin. Olipa kyseess\u00e4 rakentaminen, teollisuusasennukset, maatalous tai raskaskoneet, hydraulisylinterimme on suunniteltu toimimaan vaativimmissakin olosuhteissa varmistaen turvallisuuden, tehokkuuden ja pitk\u00e4n k\u00e4ytt\u00f6i\u00e4n.<\/p>\n<p>FMP:ll\u00e4 olemme ylpeit\u00e4 huippumoderneista tuotantolaitoksistamme, jotka on varustettu tarkkuuskoneilla ja edistyneill\u00e4 testausj\u00e4rjestelmill\u00e4. Valmistusprosessimme noudattavat tiukkoja kansallisia ja kansainv\u00e4lisi\u00e4 standardeja, mik\u00e4 takaa, ett\u00e4 jokainen valmistettu hydraulisylinteri t\u00e4ytt\u00e4\u00e4 korkeimmat laatu- ja luotettavuusvaatimukset. Taitava tekninen tiimimme ja huippuluokan laitteet mahdollistavat tiukan laadunvalvonnan tuotannon jokaisessa vaiheessa \u2013 raaka-aineiden valinnasta lopputarkastukseen. T\u00e4m\u00e4 sitoutuminen erinomaisuuteen on ansainnut meille sertifikaatteja ja tunnustusta alan viranomaisilta, mik\u00e4 on vahvistanut mainettamme luotettavana kumppanina.<\/p>\n<p><img loading=\"lazy\" decoding=\"async\" class=\"alignnone size-full wp-image-6720\" src=\"https:\/\/fmp-components.com\/wp-content\/uploads\/2025\/03\/hydraulic-cylinder-8.webp\" alt=\"Teleskooppiset hydraulisylinterit\" width=\"933\" height=\"526\" title=\"\" srcset=\"https:\/\/fmp-components.com\/wp-content\/uploads\/2025\/03\/hydraulic-cylinder-8.webp 933w, https:\/\/fmp-components.com\/wp-content\/uploads\/2025\/03\/hydraulic-cylinder-8-480x271.webp 480w\" sizes=\"(min-width: 0px) and (max-width: 480px) 480px, (min-width: 481px) 933px, 100vw\" \/><\/p>\n<p>Missiomme on yksinkertainen mutta kunnianhimoinen: toimittaa hydraulisylintereit\u00e4, jotka ylitt\u00e4v\u00e4t odotukset suorituskyvyss\u00e4, kest\u00e4vyydess\u00e4 ja arvossa. Ammattimaisuuden, rehellisyyden ja asiakasl\u00e4ht\u00f6isyyden periaatteiden ohjaamina vaalimme innovaatio- ja tarkkuuskulttuuria ja jalostamme jatkuvasti tuotteitamme pysy\u00e4ksemme kilpailukykyisin\u00e4 markkinoilla. Kattava tuotevalikoimamme ja kykymme tarjota r\u00e4\u00e4t\u00e4l\u00f6ityj\u00e4 ratkaisuja tekev\u00e4t meist\u00e4 ensisijaisen valinnan yrityksille, jotka etsiv\u00e4t tehokkaita hydraulisylintereit\u00e4.<\/p>\n<p>FMP on enemm\u00e4n kuin vain valmistaja; olemme kumppani menestyksess\u00e4si. Ymm\u00e4rr\u00e4mme, ett\u00e4 asiakkaamme luottavat meihin ty\u00f6kalujen suhteen, jotka parantavat tuottavuutta ja turvallisuutta. Siksi olemme sitoutuneet toimittamaan paitsi huippuluokan tuotteita, my\u00f6s poikkeuksellista palvelua. Alustavasta konsultoinnista myynnin j\u00e4lkeiseen tukeen teemme tiivist\u00e4 yhteisty\u00f6t\u00e4 asiakkaidemme kanssa varmistaaksemme, ett\u00e4 heid\u00e4n tarpeensa t\u00e4ytet\u00e4\u00e4n ammattitaitoisesti ja huolellisesti. Kilpailukykyinen hinnoittelumme yhdistettyn\u00e4 horjumattomaan sitoutumiseen laatuun tekee FMP:st\u00e4 \u00e4lykk\u00e4\u00e4n valinnan yrityksille, jotka haluavat investoida luotettaviin hydrauliikkaratkaisuihin.<\/p>","protected":false},"excerpt":{"rendered":"<p>High Quality Mini Dump Truck Hydraulic Hoist Cylinder Telescopic Hydraulic Cylinder The High Quality Mini Dump Truck Hydraulic Hoist Cylinder Telescopic Hydraulic Cylinder is a top-tier product that ensures optimal functionality and longevity. Primarily used in machinery repair shops, farms, energy and mining sectors, machinery manufacturing and factories, this hydraulic cylinder is designed to deliver [&hellip;]<\/p>","protected":false},"featured_media":6718,"comment_status":"closed","ping_status":"closed","template":"","meta":{"_et_pb_use_builder":"","_et_pb_old_content":"","_et_gb_content_width":""},"product_brand":[],"product_cat":[103],"product_tag":[34,105],"class_list":{"0":"post-6576","1":"product","2":"type-product","3":"status-publish","4":"has-post-thumbnail","6":"product_cat-telescopic-hydraulic-cylinders","7":"product_tag-hydraulic-cylinder","8":"product_tag-telescopic-hydraulic-cylinders","10":"first","11":"instock","12":"product-type-simple"},"_links":{"self":[{"href":"https:\/\/fmp-components.com\/fi\/wp-json\/wp\/v2\/product\/6576","targetHints":{"allow":["GET"]}}],"collection":[{"href":"https:\/\/fmp-components.com\/fi\/wp-json\/wp\/v2\/product"}],"about":[{"href":"https:\/\/fmp-components.com\/fi\/wp-json\/wp\/v2\/types\/product"}],"replies":[{"embeddable":true,"href":"https:\/\/fmp-components.com\/fi\/wp-json\/wp\/v2\/comments?post=6576"}],"wp:featuredmedia":[{"embeddable":true,"href":"https:\/\/fmp-components.com\/fi\/wp-json\/wp\/v2\/media\/6718"}],"wp:attachment":[{"href":"https:\/\/fmp-components.com\/fi\/wp-json\/wp\/v2\/media?parent=6576"}],"wp:term":[{"taxonomy":"product_brand","embeddable":true,"href":"https:\/\/fmp-components.com\/fi\/wp-json\/wp\/v2\/product_brand?post=6576"},{"taxonomy":"product_cat","embeddable":true,"href":"https:\/\/fmp-components.com\/fi\/wp-json\/wp\/v2\/product_cat?post=6576"},{"taxonomy":"product_tag","embeddable":true,"href":"https:\/\/fmp-components.com\/fi\/wp-json\/wp\/v2\/product_tag?post=6576"}],"curies":[{"name":"wp","href":"https:\/\/api.w.org\/{rel}","templated":true}]}}