{"id":6575,"date":"2025-03-11T06:31:13","date_gmt":"2025-03-11T06:31:13","guid":{"rendered":"https:\/\/fmp-components.com\/product\/cost-effective-telescopic-dump-truck-hydraulic-cylinder-for-sale"},"modified":"2025-03-18T01:05:23","modified_gmt":"2025-03-18T01:05:23","slug":"cost-effective-telescopic-dump-truck-hydraulic-cylinder-for-sale","status":"publish","type":"product","link":"https:\/\/fmp-components.com\/fi\/product\/cost-effective-telescopic-dump-truck-hydraulic-cylinder-for-sale\/","title":{"rendered":"Kustannustehokas teleskooppinen kippiauton hydraulisylinteri myyt\u00e4v\u00e4n\u00e4"},"content":{"rendered":"<h2>Kustannustehokas teleskooppinen kippiauton hydraulisylinteri myyt\u00e4v\u00e4n\u00e4<\/h2>\n<p>T\u00e4m\u00e4 kustannustehokas teleskooppisen kippiauton hydraulisylinteri on vuoden 2025 uutuustuote ja tarjoaa erinomaista tehoa konekorjaamoille, maatiloille, energia- ja kaivosteollisuudelle, konevalmistukseen ja konetehtaille. Monivaiheisena hydraulisylinterin\u00e4 se tarjoaa maksimaalisen ty\u00f6nt\u00f6voiman ja vetovoiman, mik\u00e4 tekee siit\u00e4 arvokkaan ty\u00f6kalun eri teollisuudenaloilla.<\/p>\n<h3>Tuotteen tekniset tiedot<\/h3>\n<p>Hydraulisylinterill\u00e4 on vakiorakenne, jonka runko on valmistettu tukevasta ter\u00e4ksest\u00e4. Sen suurin ty\u00f6nt\u00f6voima on 3000 tonnia ja suurin vetovoima 20 tonnia. Se on ISO9001:2000-sertifioitu ja saatavana tyylikk\u00e4\u00e4n mustana.<\/p>\n<table style=\"width: 95.6255%;\" border=\"\">\n<tbody>\n<tr>\n<td style=\"width: 42.9379%;\"><i>Rei\u00e4n koko<\/i><\/td>\n<td style=\"width: 451.412%;\">2\u20136 tuumaa<\/td>\n<\/tr>\n<tr>\n<td style=\"width: 42.9379%;\"><i>Tangon koko<\/i><\/td>\n<td style=\"width: 451.412%;\">1,125\u20134 tuumaa<\/td>\n<\/tr>\n<tr>\n<td style=\"width: 42.9379%;\"><i>Iskun koko<\/i><\/td>\n<td style=\"width: 451.412%;\">4\u2013100 tuumaa<\/td>\n<\/tr>\n<tr>\n<td style=\"width: 42.9379%;\"><i>Tapin koko<\/i><\/td>\n<td style=\"width: 451.412%;\">0,5\u20132 tuumaa<\/td>\n<\/tr>\n<tr>\n<td style=\"width: 42.9379%;\"><i>Portit<\/i><\/td>\n<td style=\"width: 451.412%;\">G\/SAE\/NPT\/M<\/td>\n<\/tr>\n<\/tbody>\n<\/table>\n<h2>Erottuvia ominaisuuksia ja etuja<\/h2>\n<p>Teleskooppisen kippiauton hydraulisylinteri erottuu edukseen energiatehokkuudellaan, korkealla tehokkuudellaan ja turvallisuusominaisuuksillaan. T\u00e4m\u00e4 sylinteri on suunniteltu muuntamaan hydraulinen energia mekaaniseksi liikkeeksi, ja se muuntaa hydraulisen paineen taitavasti voimaksi, mik\u00e4 mahdollistaa teht\u00e4vien suorittamisen tarkasti ja luotettavasti. T\u00e4m\u00e4n hydraulij\u00e4rjestelm\u00e4n suunnittelu on r\u00e4\u00e4t\u00e4l\u00f6ity varmistamaan optimaalinen suorituskyky erilaisissa ty\u00f6ymp\u00e4rist\u00f6iss\u00e4, mik\u00e4 tekee siit\u00e4 monipuolisen valinnan lukuisiin sovelluksiin. Sen kyky toimia tehokkaasti minimoi energiankulutuksen, mik\u00e4 alentaa k\u00e4ytt\u00f6kustannuksia ja parantaa tuottavuutta. Lis\u00e4ksi turvallisuus on etusijalla; sylinteri on valmistettu kest\u00e4vist\u00e4 materiaaleista ja edistyneist\u00e4 suunnittelutekniikoista kest\u00e4m\u00e4\u00e4n raskaita kuormia ja vaativia olosuhteita varmistaen sek\u00e4 k\u00e4ytt\u00e4j\u00e4n turvallisuuden ett\u00e4 laitteiden pitk\u00e4ik\u00e4isyyden.<\/p>\n<p><img loading=\"lazy\" decoding=\"async\" class=\"alignnone wp-image-6659\" src=\"https:\/\/fmp-components.com\/wp-content\/uploads\/2025\/03\/telescopic-hydraulic-cylinder-12.webp\" alt=\"teleskooppinen hydraulisylinteri\" width=\"952\" height=\"952\" title=\"\" srcset=\"https:\/\/fmp-components.com\/wp-content\/uploads\/2025\/03\/telescopic-hydraulic-cylinder-12.webp 952w, https:\/\/fmp-components.com\/wp-content\/uploads\/2025\/03\/telescopic-hydraulic-cylinder-12-480x480.webp 480w\" sizes=\"(min-width: 0px) and (max-width: 480px) 480px, (min-width: 481px) 952px, 100vw\" \/><\/p>\n<h2>Hydraulisylinterin sovellukset<\/h2>\n<p>Vankan rakenteensa ja poikkeuksellisen toimivuutensa ansiosta teleskooppisen kippiauton hydraulisylinteri sopii t\u00e4ydellisesti monenlaisiin k\u00e4ytt\u00f6tarkoituksiin. Konekorjaamoissa se on v\u00e4ltt\u00e4m\u00e4t\u00f6n raskaiden laitteiden nostamiseen ja sijoittamiseen, mik\u00e4 helpottaa huoltoteht\u00e4vi\u00e4 helposti ja turvallisesti. Maatiloilla t\u00e4ll\u00e4 hydraulisylinterill\u00e4 on ratkaiseva rooli erilaisten maatalouskoneiden k\u00e4yt\u00f6ss\u00e4, sill\u00e4 se mahdollistaa maanviljelij\u00f6iden tehokkaan toiminnan, kuten materiaalien nostamisen, kallistamisen ja kuljettamisen.<\/p>\n<p>Energia- ja kaivosteollisuudessa hydraulisylinteri on v\u00e4ltt\u00e4m\u00e4t\u00f6n esimerkiksi kaivauksissa, porauksessa ja materiaalink\u00e4sittelyss\u00e4, joissa luotettavuus ja teho ovat ratkaisevan t\u00e4rkeit\u00e4. Lis\u00e4ksi sen k\u00e4ytt\u00f6alue ulottuu koneiden valmistukseen ja tehtaisiin, joissa sit\u00e4 k\u00e4ytet\u00e4\u00e4n kokoonpanolinjoilla ja automatisoiduissa prosesseissa, mik\u00e4 tehostaa toimintaa ja parantaa kokonaistuottavuutta. Sen monipuolisuus ja kest\u00e4v\u00e4 rakenne tekev\u00e4t siit\u00e4 ihanteellisen ratkaisun mihin tahansa teollisuusymp\u00e4rist\u00f6\u00f6n, jossa vaaditaan raskaita nostoja ja tarkkaa ohjausta, varmistaen, ett\u00e4 yritykset voivat toimia tehokkaasti ja turvallisesti.<\/p>\n<p><img loading=\"lazy\" decoding=\"async\" class=\"alignnone wp-image-6658\" src=\"https:\/\/fmp-components.com\/wp-content\/uploads\/2025\/03\/telescopic-hydraulic-cylinder-6.webp\" alt=\"teleskooppinen hydraulisylinteri\" width=\"893\" height=\"893\" title=\"\" srcset=\"https:\/\/fmp-components.com\/wp-content\/uploads\/2025\/03\/telescopic-hydraulic-cylinder-6.webp 893w, https:\/\/fmp-components.com\/wp-content\/uploads\/2025\/03\/telescopic-hydraulic-cylinder-6-480x480.webp 480w\" sizes=\"(min-width: 0px) and (max-width: 480px) 480px, (min-width: 481px) 893px, 100vw\" \/><\/p>\n<h3>Tietoja FMP:st\u00e4<\/h3>\n<p>FMP on johtava italialainen valmistaja, joka on erikoistunut korkealaatuisten hydraulisylintereiden suunnitteluun, kehitt\u00e4miseen ja tuotantoon. Vuosikymmenten kokemuksella yhdist\u00e4mme asiantuntevasti italialaisen k\u00e4sity\u00f6taidon innovatiiviseen teknologiaan toimittaaksemme poikkeuksellisia hydraulisia ratkaisuja, jotka on r\u00e4\u00e4t\u00e4l\u00f6ity globaalien asiakkaidemme monipuolisiin tarpeisiin. Italiassa, insin\u00f6\u00f6ritaidon huippuosaamisen keskuksessa, sijaitseva FMP on luotettu nimi hydrauliikkateollisuudessa, ja se on omistautunut tarjoamaan luotettavia, kest\u00e4vi\u00e4 ja innovatiivisia tuotteita, jotka voimaannuttavat yrityksi\u00e4 maailmanlaajuisesti.<\/p>\n<p>Yrityksemme yhdist\u00e4\u00e4 edistykselliset valmistusperinteet tulevaisuuteen suuntautuneeseen l\u00e4hestymistapaan. Hy\u00f6dynt\u00e4m\u00e4ll\u00e4 vuosien kokemusta hydraulij\u00e4rjestelmist\u00e4, FMP on kehittynyt nykyaikaiseksi yritykseksi, joka on erinomainen tutkimuksessa, suunnittelussa ja tuotannossa. Tarjoamme laajan valikoiman hydraulisylintereit\u00e4, mukaan lukien kaksitoimiset sylinterit, autojen nostosylinterit, maatalouskoneiden sylinterit ja r\u00e4\u00e4t\u00e4l\u00f6ityj\u00e4 ratkaisuja erilaisiin teollisiin sovelluksiin. Olipa kyseess\u00e4 rakentaminen, teollisuusasennukset, maatalous tai raskaskoneet, hydraulisylinterimme on suunniteltu toimimaan vaativimmissakin olosuhteissa varmistaen turvallisuuden, tehokkuuden ja pitk\u00e4n k\u00e4ytt\u00f6i\u00e4n.<\/p>\n<p>FMP:ll\u00e4 olemme ylpeit\u00e4 huippumoderneista tuotantolaitoksistamme, jotka on varustettu tarkkuuskoneilla ja edistyneill\u00e4 testausj\u00e4rjestelmill\u00e4. Valmistusprosessimme noudattavat tiukkoja kansallisia ja kansainv\u00e4lisi\u00e4 standardeja, mik\u00e4 takaa, ett\u00e4 jokainen valmistettu hydraulisylinteri t\u00e4ytt\u00e4\u00e4 korkeimmat laatu- ja luotettavuusvaatimukset. Taitava tekninen tiimimme ja huippuluokan laitteet mahdollistavat tiukan laadunvalvonnan tuotannon jokaisessa vaiheessa \u2013 raaka-aineiden valinnasta lopputarkastukseen. T\u00e4m\u00e4 sitoutuminen erinomaisuuteen on ansainnut meille sertifikaatteja ja tunnustusta alan viranomaisilta, mik\u00e4 on vahvistanut mainettamme luotettavana kumppanina.<\/p>\n<p><img loading=\"lazy\" decoding=\"async\" class=\"alignnone size-full wp-image-6720\" src=\"https:\/\/fmp-components.com\/wp-content\/uploads\/2025\/03\/hydraulic-cylinder-8.webp\" alt=\"Teleskooppiset hydraulisylinterit\" width=\"933\" height=\"526\" title=\"\" srcset=\"https:\/\/fmp-components.com\/wp-content\/uploads\/2025\/03\/hydraulic-cylinder-8.webp 933w, https:\/\/fmp-components.com\/wp-content\/uploads\/2025\/03\/hydraulic-cylinder-8-480x271.webp 480w\" sizes=\"(min-width: 0px) and (max-width: 480px) 480px, (min-width: 481px) 933px, 100vw\" \/><\/p>\n<p>Missiomme on yksinkertainen mutta kunnianhimoinen: toimittaa hydraulisylintereit\u00e4, jotka ylitt\u00e4v\u00e4t odotukset suorituskyvyss\u00e4, kest\u00e4vyydess\u00e4 ja arvossa. Ammattimaisuuden, rehellisyyden ja asiakasl\u00e4ht\u00f6isyyden periaatteiden ohjaamina vaalimme innovaatio- ja tarkkuuskulttuuria ja jalostamme jatkuvasti tuotteitamme pysy\u00e4ksemme kilpailukykyisin\u00e4 markkinoilla. Kattava tuotevalikoimamme ja kykymme tarjota r\u00e4\u00e4t\u00e4l\u00f6ityj\u00e4 ratkaisuja tekev\u00e4t meist\u00e4 ensisijaisen valinnan yrityksille, jotka etsiv\u00e4t tehokkaita hydraulisylintereit\u00e4.<\/p>\n<p>FMP on enemm\u00e4n kuin vain valmistaja; olemme kumppani menestyksess\u00e4si. Ymm\u00e4rr\u00e4mme, ett\u00e4 asiakkaamme luottavat meihin ty\u00f6kalujen suhteen, jotka parantavat tuottavuutta ja turvallisuutta. Siksi olemme sitoutuneet toimittamaan paitsi huippuluokan tuotteita, my\u00f6s poikkeuksellista palvelua. Alustavasta konsultoinnista myynnin j\u00e4lkeiseen tukeen teemme tiivist\u00e4 yhteisty\u00f6t\u00e4 asiakkaidemme kanssa varmistaaksemme, ett\u00e4 heid\u00e4n tarpeensa t\u00e4ytet\u00e4\u00e4n ammattitaitoisesti ja huolellisesti. Kilpailukykyinen hinnoittelumme yhdistettyn\u00e4 horjumattomaan sitoutumiseen laatuun tekee FMP:st\u00e4 \u00e4lykk\u00e4\u00e4n valinnan yrityksille, jotka haluavat investoida luotettaviin hydrauliikkaratkaisuihin.<\/p>\n<h2>Usein kysytyt kysymykset<\/h2>\n<p>K: Oletko kauppayhti\u00f6 vai valmistaja?<br \/>\nV: Olemme valmistaja.<br \/>\nK: Kuinka pitk\u00e4 on toimitusaikanne?<br \/>\nV: Yleens\u00e4 se on 25\u201335 p\u00e4iv\u00e4\u00e4.<br \/>\nK: Toimitatteko n\u00e4ytteit\u00e4? Onko se ilmaista vai lis\u00e4maksullista?<br \/>\nV: Kyll\u00e4, voisimme tarjota n\u00e4ytteen. Se ei kuitenkaan ole ilmainen.<\/p>","protected":false},"excerpt":{"rendered":"<p>Cost Effective Telescopic Dump Truck Hydraulic Cylinder for Sale This cost-effective Telescopic Dump Truck Hydraulic Cylinder is a new product of 2025 and offers excellent power for machinery repair shops, farms, energy &amp; mining operations, machinery manufacturing, and machinery factories. As a multistage hydraulic cylinder, it provides maximum thrust and pull, making it a valuable [&hellip;]<\/p>","protected":false},"featured_media":6716,"comment_status":"closed","ping_status":"closed","template":"","meta":{"_et_pb_use_builder":"","_et_pb_old_content":"","_et_gb_content_width":""},"product_brand":[],"product_cat":[103],"product_tag":[34,105],"class_list":{"0":"post-6575","1":"product","2":"type-product","3":"status-publish","4":"has-post-thumbnail","6":"product_cat-telescopic-hydraulic-cylinders","7":"product_tag-hydraulic-cylinder","8":"product_tag-telescopic-hydraulic-cylinders","10":"first","11":"instock","12":"product-type-simple"},"_links":{"self":[{"href":"https:\/\/fmp-components.com\/fi\/wp-json\/wp\/v2\/product\/6575","targetHints":{"allow":["GET"]}}],"collection":[{"href":"https:\/\/fmp-components.com\/fi\/wp-json\/wp\/v2\/product"}],"about":[{"href":"https:\/\/fmp-components.com\/fi\/wp-json\/wp\/v2\/types\/product"}],"replies":[{"embeddable":true,"href":"https:\/\/fmp-components.com\/fi\/wp-json\/wp\/v2\/comments?post=6575"}],"wp:featuredmedia":[{"embeddable":true,"href":"https:\/\/fmp-components.com\/fi\/wp-json\/wp\/v2\/media\/6716"}],"wp:attachment":[{"href":"https:\/\/fmp-components.com\/fi\/wp-json\/wp\/v2\/media?parent=6575"}],"wp:term":[{"taxonomy":"product_brand","embeddable":true,"href":"https:\/\/fmp-components.com\/fi\/wp-json\/wp\/v2\/product_brand?post=6575"},{"taxonomy":"product_cat","embeddable":true,"href":"https:\/\/fmp-components.com\/fi\/wp-json\/wp\/v2\/product_cat?post=6575"},{"taxonomy":"product_tag","embeddable":true,"href":"https:\/\/fmp-components.com\/fi\/wp-json\/wp\/v2\/product_tag?post=6575"}],"curies":[{"name":"wp","href":"https:\/\/api.w.org\/{rel}","templated":true}]}}