{"id":6573,"date":"2025-03-11T06:31:13","date_gmt":"2025-03-11T06:31:13","guid":{"rendered":"https:\/\/fmp-components.com\/product\/good-quality-4-stage-double-acting-telescopic-multistage-hydraulic-cylinder"},"modified":"2025-03-14T02:28:31","modified_gmt":"2025-03-14T02:28:31","slug":"good-quality-4-stage-double-acting-telescopic-multistage-hydraulic-cylinder","status":"publish","type":"product","link":"https:\/\/fmp-components.com\/fi\/product\/good-quality-4-stage-double-acting-telescopic-multistage-hydraulic-cylinder\/","title":{"rendered":"Hyv\u00e4laatuinen 4-vaiheinen kaksitoiminen teleskooppinen monivaiheinen hydraulisylinteri"},"content":{"rendered":"<h2>Hyv\u00e4laatuinen 4-vaiheinen kaksitoiminen teleskooppinen monivaiheinen hydraulisylinteri<\/h2>\n<p>Esittelyss\u00e4 huippuluokan ja tehokas nelivaiheinen kaksitoiminen teleskooppinen hydraulisylinteri. T\u00e4m\u00e4 hydraulisylinteri on t\u00e4ydellinen yhdistelm\u00e4 erinomaista laatua ja vankkaa suunnittelua, ja se on suunniteltu sopimaan useille eri toimialoille, kuten konepajoille, maatiloille, energia- ja kaivosteollisuudelle, konevalmistukseen ja konetehtaisiin.<\/p>\n<h3>T\u00e4rkeimm\u00e4t ominaisuudet ja toiminnallisuus<\/h3>\n<p>Hydraulisylinteri on hydraulij\u00e4rjestelmien olennainen osa, joka muuntaa hydraulisen energian mekaaniseksi energiaksi ja tuottaa lineaarisen liikkeen ja voiman, jota tarvitaan koneen vivustojen ja ty\u00f6koneiden liikuttamiseen. T\u00e4m\u00e4 tuote on suunniteltu enint\u00e4\u00e4n 3000 tonnin ty\u00f6nt\u00f6voimalle ja per\u00e4ti 20 tonnin vetovoimalle, joten se sopii t\u00e4ydellisesti raskaisiin sovelluksiin.<\/p>\n<h3>Tekniset tiedot<\/h3>\n<p>T\u00e4m\u00e4n tuotteen yksityiskohdat on suunniteltu huolellisesti maksimaalisen tehokkuuden ja pitk\u00e4n k\u00e4ytt\u00f6i\u00e4n varmistamiseksi.<\/p>\n<table style=\"width: 97.8678%;\" border=\"\">\n<tbody>\n<tr>\n<th style=\"width: 42.8571%;\">Rei\u00e4n koko<\/th>\n<th style=\"width: 397.143%;\">2\u20136 tuumaa<\/th>\n<\/tr>\n<tr>\n<td style=\"width: 42.8571%;\">Tangon koko<\/td>\n<td style=\"width: 397.143%;\">1,125\u20134 tuumaa<\/td>\n<\/tr>\n<tr>\n<td style=\"width: 42.8571%;\">Iskun koko<\/td>\n<td style=\"width: 397.143%;\">4\u2013100 tuumaa<\/td>\n<\/tr>\n<tr>\n<td style=\"width: 42.8571%;\">Tapin koko<\/td>\n<td style=\"width: 397.143%;\">0,5\u20132 tuumaa<\/td>\n<\/tr>\n<tr>\n<td style=\"width: 42.8571%;\">Portit<\/td>\n<td style=\"width: 397.143%;\">G\/SAE\/NPT\/M<\/td>\n<\/tr>\n<\/tbody>\n<\/table>\n<h2>Erottuvia ominaisuuksia<\/h2>\n<ul>\n<li>Energiatehokas: T\u00e4m\u00e4 hydraulisylinteri on suunniteltu maksimoimaan tuotto ja minimoimaan energiankulutus.<\/li>\n<li>Huippusuorituskyky: Se tarjoaa vertaansa vailla olevan suorituskyvyn, jonka maksimity\u00f6nt\u00f6voima on 3000 tonnia ja maksimivetovoima 20 tonnia.<\/li>\n<li>Turvallisuus: Tuote on suunniteltu korkeimpien turvallisuusstandardien mukaisesti riskitt\u00f6m\u00e4n toiminnan varmistamiseksi.<\/li>\n<\/ul>\n<p><img loading=\"lazy\" decoding=\"async\" class=\"alignnone  wp-image-6663\" src=\"https:\/\/fmp-components.com\/wp-content\/uploads\/2025\/03\/telescopic-hydraulic-cylinder-11.webp\" alt=\"teleskooppinen hydraulisylinteri\" width=\"794\" height=\"794\" title=\"\" srcset=\"https:\/\/fmp-components.com\/wp-content\/uploads\/2025\/03\/telescopic-hydraulic-cylinder-11.webp 794w, https:\/\/fmp-components.com\/wp-content\/uploads\/2025\/03\/telescopic-hydraulic-cylinder-11-480x480.webp 480w\" sizes=\"(min-width: 0px) and (max-width: 480px) 480px, (min-width: 481px) 794px, 100vw\" \/><\/p>\n<h2>Hydraulij\u00e4rjestelm\u00e4t ja toimintaperiaatteet<\/h2>\n<p>Hydraulisylinteri toimii perusperiaatteella, jossa paineistettua hydraulinestett\u00e4 k\u00e4ytet\u00e4\u00e4n lineaarisen voiman ja liikkeen tuottamiseen. Kun hydraulineste paineistetaan sylinterin sis\u00e4ll\u00e4, se luo voiman, joka vaikuttaa m\u00e4nt\u00e4\u00e4n ja johtaa liikkeeseen. T\u00e4m\u00e4 mekanismi on ratkaisevan t\u00e4rke\u00e4 hydraulisen energian muuntamiseksi mekaaniseksi energiaksi, mik\u00e4 mahdollistaa erilaisten voimaa ja tarkkuutta vaativien teht\u00e4vien suorittamisen. Hydraulisylinterien monipuolisuus tekee niist\u00e4 v\u00e4ltt\u00e4m\u00e4tt\u00f6mi\u00e4 monissa sovelluksissa, erityisesti raskaissa koneissa, rakennuslaitteissa ja suurissa ty\u00f6kaluissa, joissa luotettava ja tehokas suorituskyky on v\u00e4ltt\u00e4m\u00e4t\u00f6nt\u00e4.<\/p>\n<p>Hydraulij\u00e4rjestelm\u00e4t hy\u00f6dynt\u00e4v\u00e4t t\u00e4t\u00e4 periaatetta parantaakseen toiminnan tehokkuutta eri toimialoilla. Hydraulinestett\u00e4 k\u00e4ytt\u00e4m\u00e4ll\u00e4 n\u00e4m\u00e4 j\u00e4rjestelm\u00e4t voivat siirt\u00e4\u00e4 tehoa huomattavien matkojen p\u00e4\u00e4h\u00e4n ilman merkitt\u00e4v\u00e4\u00e4 h\u00e4vi\u00f6t\u00e4, mik\u00e4 tekee niist\u00e4 ihanteellisia sovelluksiin, joissa tila- ja painorajoitukset ovat huolenaihe. T\u00e4m\u00e4n ominaisuuden ansiosta hydraulisylinterit voivat tarjota tarvittavan voiman raskaiden kuormien nostamiseen, koneen osien k\u00e4sittelyyn ja monimutkaisten teht\u00e4vien suorittamiseen helposti.<\/p>\n<h2>Sovellukset<\/h2>\n<p>Hydraulisylintereit\u00e4mme k\u00e4ytet\u00e4\u00e4n laajasti useilla eri aloilla, kuten konepajoissa, maatiloilla, energia- ja kaivosteollisuudessa, konevalmistuksessa ja konetehtaissa. Konepajoissa ne helpottavat raskaiden laitteiden turvallista nostamista ja sijoittamista, jolloin teknikot voivat suorittaa huolto- ja korjaust\u00f6it\u00e4 tehokkaasti. T\u00e4m\u00e4 toiminto on ratkaisevan t\u00e4rke\u00e4 sen varmistamiseksi, ett\u00e4 koneet pysyv\u00e4t toimintakunnossa ja turvallisina k\u00e4ytt\u00e4\u00e4.<\/p>\n<p>Maatalousymp\u00e4rist\u00f6iss\u00e4 hydraulisylinterit ovat v\u00e4ltt\u00e4m\u00e4tt\u00f6mi\u00e4 maatalouskoneiden, kuten traktoreiden, aurojen ja puimureiden, k\u00e4yt\u00f6ss\u00e4. Niiden avulla maanviljelij\u00e4t voivat tehokkaasti nostaa ja s\u00e4\u00e4t\u00e4\u00e4 laitteita, mik\u00e4 parantaa merkitt\u00e4v\u00e4sti tuottavuutta ja v\u00e4hent\u00e4\u00e4 fyysiseen ty\u00f6h\u00f6n liittyv\u00e4\u00e4 fyysist\u00e4 rasitusta.<\/p>\n<p>Energia- ja kaivosteollisuus on my\u00f6s eritt\u00e4in riippuvainen hydraulisylintereist\u00e4 laitteiden, kuten kaivinkoneiden ja porakoneiden, voimanl\u00e4hteen\u00e4. N\u00e4m\u00e4 sylinterit tarjoavat vaativien teht\u00e4vien suorittamiseen tarvittavan voiman, mik\u00e4 varmistaa tehokkaan resurssien louhinnan ja k\u00e4sittelyn haastavissa ymp\u00e4rist\u00f6iss\u00e4.<\/p>\n<p>Koneenrakennussektorilla hydrauliikkasylinterimme ovat olennainen osa kokoonpanolinjoja ja tuotantoprosesseja. Ne auttavat komponenttien tarkassa liikuttelussa, mik\u00e4 parantaa ty\u00f6nkulkua ja toiminnan tehokkuutta. Niiden luotettavuus ja suorituskyky ovat ratkaisevan t\u00e4rkeit\u00e4 korkeiden tuotantostandardien yll\u00e4pit\u00e4misess\u00e4 ja seisokkiaikojen minimoimisessa.<\/p>\n<h2>Hydraulisylinterit ja voimayksik\u00f6t<\/h2>\n<p>Hydraulisylinterit ja voimayksik\u00f6t ovat olennainen osa mit\u00e4 tahansa hydraulij\u00e4rjestelm\u00e4\u00e4, ja ne toimivat yhdess\u00e4 tehokkaan tehon ja ohjauksen aikaansaamiseksi. Voimayksikk\u00f6 toimii j\u00e4rjestelm\u00e4n energial\u00e4hteen\u00e4, joka tuottaa ja s\u00e4\u00e4telee hydraulisylinterien k\u00e4ytt\u00e4miseen tarvittavaa hydraulinesteen painetta. T\u00e4m\u00e4 synergia varmistaa, ett\u00e4 sylinterit saavat tarvittavan voiman toimintojensa tehokkaaseen suorittamiseen.<\/p>\n<p>Hydraulisylinterien ja voimayksik\u00f6iden yhdistelm\u00e4 mahdollistaa hydrauliikkateknologian laajan soveltamisen teollisuudessa. Yhdess\u00e4 ne tarjoavat luotettavaa voimansiirtoa ja ohjausta erilaisille teknisille ja mekaanisille laitteille, jolloin yritykset voivat saavuttaa operatiiviset tavoitteensa luottavaisin mielin.<\/p>\n<p>FMP:ll\u00e4 tarjoamme myyntiin paitsi korkealaatuisia hydraulisylintereit\u00e4 my\u00f6s laajan valikoiman voimayksik\u00f6it\u00e4. T\u00e4m\u00e4 kokonaisvaltainen l\u00e4hestymistapa varmistaa, ett\u00e4 asiakkaillamme on k\u00e4yt\u00f6ss\u00e4\u00e4n heid\u00e4n tarpeisiinsa r\u00e4\u00e4t\u00e4l\u00f6ityj\u00e4 t\u00e4ydellisi\u00e4 hydrauliratkaisuja. Tarjoamalla molemmat komponentit autamme yrityksi\u00e4 optimoimaan hydraulij\u00e4rjestelm\u00e4ns\u00e4, parantaen tehokkuutta, luotettavuutta ja kokonaistuottavuutta erilaisissa sovelluksissa.<\/p>\n<h2>Usein kysytyt kysymykset<\/h2>\n<p><strong>K: Oletko kauppayhti\u00f6 vai valmistaja?<\/strong><\/p>\n<p>A: Olemme tehdas.<\/p>\n<p><strong>K: Kuinka pitk\u00e4 on toimitusaikanne?<\/strong><\/p>\n<p>V: Yleens\u00e4 se on 25\u201335 p\u00e4iv\u00e4\u00e4.<\/p>\n<p><strong>K: Toimitatteko n\u00e4ytteit\u00e4?<\/strong><\/p>\n<p>V: Kyll\u00e4, voisimme tarjota n\u00e4ytteen, mutta se ei ole ilmainen.<\/p>\n<h3>Tietoja FMP:st\u00e4<\/h3>\n<p class=\"break-words\">FMP on johtava italialainen valmistaja, joka on erikoistunut korkealaatuisten hydraulisylintereiden suunnitteluun, kehitt\u00e4miseen ja tuotantoon. Rikkaalla, vuosikymmenten kokemukseen perustuvalla perinn\u00f6ll\u00e4mme yhdist\u00e4mme ylpe\u00e4n\u00e4 italialaisen k\u00e4sity\u00f6taidon huipputeknologiaan toimittaaksemme poikkeuksellisia hydraulisia ratkaisuja, jotka on r\u00e4\u00e4t\u00e4l\u00f6ity vastaamaan maailmanlaajuisen asiakaskuntamme monipuolisiin tarpeisiin. Italiassa, insin\u00f6\u00f6ritaidon huippuosaamisen keskuksessa, sijaitseva FMP on luotettava nimi hydrauliikkateollisuudessa ja sitoutunut tarjoamaan luotettavia, kest\u00e4vi\u00e4 ja innovatiivisia tuotteita, jotka voimaannuttavat yrityksi\u00e4 maailmanlaajuisesti.<\/p>\n<p class=\"break-words\">Yrityksemme yhdist\u00e4\u00e4 parhaat edistykselliset valmistusperinteet tulevaisuuteen suuntautuneeseen l\u00e4hestymistapaan. Vuosien kokemuksella hydrauliikkaj\u00e4rjestelmist\u00e4 FMP on kehittynyt nykyaikaiseksi yritykseksi, joka erottuu edukseen tutkimuksessa, suunnittelussa ja tuotannossa. Olemme erikoistuneet laajaan valikoimaan hydraulisylintereit\u00e4, mukaan lukien kaksitoimiset sylinterit, autojen nostosylinterit, maatalouskoneiden sylinterit ja r\u00e4\u00e4t\u00e4l\u00f6idyt ratkaisut erilaisiin teollisiin sovelluksiin. Olipa kyseess\u00e4 sitten rakentaminen, teollisuusasennukset, maatalous tai raskaskoneet, hydraulisylinterimme on rakennettu toimimaan vaativimmissakin olosuhteissa varmistaen turvallisuuden, tehokkuuden ja pitk\u00e4n k\u00e4ytt\u00f6i\u00e4n.<\/p>\n<p><img loading=\"lazy\" decoding=\"async\" class=\"alignnone size-full wp-image-6720\" src=\"https:\/\/fmp-components.com\/wp-content\/uploads\/2025\/03\/hydraulic-cylinder-8.webp\" alt=\"Teleskooppiset hydraulisylinterit\" width=\"933\" height=\"526\" title=\"\" srcset=\"https:\/\/fmp-components.com\/wp-content\/uploads\/2025\/03\/hydraulic-cylinder-8.webp 933w, https:\/\/fmp-components.com\/wp-content\/uploads\/2025\/03\/hydraulic-cylinder-8-480x271.webp 480w\" sizes=\"(min-width: 0px) and (max-width: 480px) 480px, (min-width: 481px) 933px, 100vw\" \/><\/p>\n<p class=\"break-words\">FMP:ll\u00e4 olemme ylpeit\u00e4 huippumoderneista tuotantolaitoksistamme, jotka on varustettu tarkkuuskoneilla ja edistyneill\u00e4 testausj\u00e4rjestelmill\u00e4. Valmistusprosessimme noudattavat tiukkoja kansallisia ja kansainv\u00e4lisi\u00e4 standardeja, mik\u00e4 varmistaa, ett\u00e4 jokainen tehtaaltamme l\u00e4htev\u00e4 hydraulisylinteri on eritt\u00e4in laadukas ja luotettava. Taitava tekninen tiimimme ja huippuluokan laitteet mahdollistavat tiukan laadunvalvonnan tuotannon jokaisessa vaiheessa \u2013 raaka-aineiden valinnasta lopputarkastukseen. T\u00e4m\u00e4 omistautuminen erinomaisuuteen on ansainnut meille sertifikaatteja ja tunnustusta alan viranomaisilta, mik\u00e4 on vahvistanut mainettamme luotettavana kumppanina.<\/p>\n<p class=\"break-words\">Missiomme on yksinkertainen mutta kunnianhimoinen: tarjota asiakkaillemme hydraulisylintereit\u00e4, jotka ylitt\u00e4v\u00e4t odotukset suorituskyvyss\u00e4, kest\u00e4vyydess\u00e4 ja arvossa. Toimimme ammattitaidon, rehellisyyden ja asiakasl\u00e4ht\u00f6isyyden ohjaamilla periaatteilla. Edist\u00e4m\u00e4ll\u00e4 innovaatio- ja tarkkuuskulttuuria ja jalostamme jatkuvasti tuotteitamme pysy\u00e4ksemme kilpailuedulla. Kattava tuotevalikoimamme ja kykymme tarjota r\u00e4\u00e4t\u00e4l\u00f6ityj\u00e4 ratkaisuja tekev\u00e4t meist\u00e4 ensisijaisen valinnan yrityksille, jotka etsiv\u00e4t tehokkaita hydraulisylintereit\u00e4.<\/p>\n<p class=\"break-words\">FMP on enemm\u00e4n kuin vain valmistaja \u2013 olemme kumppani menestyksess\u00e4si. Ymm\u00e4rr\u00e4mme, ett\u00e4 asiakkaamme luottavat meihin ty\u00f6kalujen toimittamisessa, jotka parantavat heid\u00e4n tuottavuuttaan ja turvallisuuttaan. Siksi olemme sitoutuneet tarjoamaan paitsi huippuluokan tuotteita my\u00f6s poikkeuksellista palvelua. Alustavasta konsultoinnista myynnin j\u00e4lkeiseen tukeen teemme tiivist\u00e4 yhteisty\u00f6t\u00e4 asiakkaidemme kanssa varmistaaksemme, ett\u00e4 heid\u00e4n tarpeensa t\u00e4ytet\u00e4\u00e4n ammattitaitoisesti ja huolellisesti. Kilpailukykyiset hintamme yhdistettyn\u00e4 horjumattomaan sitoutumiseemme laatuun tekev\u00e4t FMP:st\u00e4 \u00e4lykk\u00e4\u00e4n valinnan yrityksille, jotka haluavat investoida luotettaviin hydrauliikkaratkaisuihin.<\/p>","protected":false},"excerpt":{"rendered":"<p>Good Quality 4 Stage Double Acting Telescopic Multistage Hydraulic Cylinder Introducing the top-notch, high-performing 4 Stage Double Acting Telescopic hydraulic cylinder. This hydraulic cylinder is a perfect blend of superior quality and robust engineering, designed to suit a variety of industries including Machinery Repair Shops, Farms, Energy &amp; Mining, Machinery manufacturing, and Machinery factories. Key [&hellip;]<\/p>","protected":false},"featured_media":6800,"comment_status":"closed","ping_status":"closed","template":"","meta":{"_et_pb_use_builder":"","_et_pb_old_content":"","_et_gb_content_width":""},"product_brand":[],"product_cat":[103],"product_tag":[34,105],"class_list":{"0":"post-6573","1":"product","2":"type-product","3":"status-publish","4":"has-post-thumbnail","6":"product_cat-telescopic-hydraulic-cylinders","7":"product_tag-hydraulic-cylinder","8":"product_tag-telescopic-hydraulic-cylinders","10":"first","11":"instock","12":"product-type-simple"},"_links":{"self":[{"href":"https:\/\/fmp-components.com\/fi\/wp-json\/wp\/v2\/product\/6573","targetHints":{"allow":["GET"]}}],"collection":[{"href":"https:\/\/fmp-components.com\/fi\/wp-json\/wp\/v2\/product"}],"about":[{"href":"https:\/\/fmp-components.com\/fi\/wp-json\/wp\/v2\/types\/product"}],"replies":[{"embeddable":true,"href":"https:\/\/fmp-components.com\/fi\/wp-json\/wp\/v2\/comments?post=6573"}],"wp:featuredmedia":[{"embeddable":true,"href":"https:\/\/fmp-components.com\/fi\/wp-json\/wp\/v2\/media\/6800"}],"wp:attachment":[{"href":"https:\/\/fmp-components.com\/fi\/wp-json\/wp\/v2\/media?parent=6573"}],"wp:term":[{"taxonomy":"product_brand","embeddable":true,"href":"https:\/\/fmp-components.com\/fi\/wp-json\/wp\/v2\/product_brand?post=6573"},{"taxonomy":"product_cat","embeddable":true,"href":"https:\/\/fmp-components.com\/fi\/wp-json\/wp\/v2\/product_cat?post=6573"},{"taxonomy":"product_tag","embeddable":true,"href":"https:\/\/fmp-components.com\/fi\/wp-json\/wp\/v2\/product_tag?post=6573"}],"curies":[{"name":"wp","href":"https:\/\/api.w.org\/{rel}","templated":true}]}}