{"id":6572,"date":"2025-03-11T06:31:13","date_gmt":"2025-03-11T06:31:13","guid":{"rendered":"https:\/\/fmp-components.com\/product\/cost-effective-telescopic-hydraulic-cylinder-for-dump-trailer"},"modified":"2025-03-14T02:31:59","modified_gmt":"2025-03-14T02:31:59","slug":"cost-effective-telescopic-hydraulic-cylinder-for-dump-trailer","status":"publish","type":"product","link":"https:\/\/fmp-components.com\/fi\/product\/cost-effective-telescopic-hydraulic-cylinder-for-dump-trailer\/","title":{"rendered":"Kustannustehokas teleskooppinen hydraulisylinteri kippiper\u00e4vaunulle"},"content":{"rendered":"<h2>Kustannustehokas teleskooppinen hydraulisylinteri kippiper\u00e4vaunulle<\/h2>\n<p>Esittelyss\u00e4 kustannustehokas, monivaiheinen teleskooppinen hydraulisylinteri, joka on erityisesti suunniteltu kippiper\u00e4vaunuille. T\u00e4m\u00e4 korkealaatuinen hydraulisylinteri on valmistettu massiiviter\u00e4ksest\u00e4, mik\u00e4 takaa kest\u00e4vyyden ja lujuuden. Sen enimm\u00e4isty\u00f6nt\u00f6voima on 3000 ja enimm\u00e4isvetovoima 20 tonnia. Sen sylinterin sylinterin halkaisija vaihtelee 2\u20136 tuuman v\u00e4lill\u00e4, m\u00e4nn\u00e4nvarren halkaisijan 1,125\u20134 tuuman v\u00e4lill\u00e4 ja iskunpituuden 4\u2013100 tuuman v\u00e4lill\u00e4.<\/p>\n<h2>Ominaisuudet ja edut<\/h2>\n<ul>\n<li>Energiatehokas: Kippiper\u00e4vaunujen hydraulisylinterimme on suunniteltu maksimaalista energiatehokkuutta ajatellen, mik\u00e4 v\u00e4hent\u00e4\u00e4 k\u00e4ytt\u00f6kustannuksia.<\/li>\n<li>Eritt\u00e4in tehokas: Se tarjoaa erinomaisen suorituskyvyn, jonka enimm\u00e4isty\u00f6nt\u00f6voima on 3000 ja enimm\u00e4isvetovoima 20 tonnia.<\/li>\n<li>Turvallisuus: Valmistettu kest\u00e4v\u00e4st\u00e4 ter\u00e4ksest\u00e4, se on suunniteltu kest\u00e4m\u00e4\u00e4n haastavia olosuhteita varmistaen turvallisuuden ja pitk\u00e4ik\u00e4isyyden.<\/li>\n<\/ul>\n<h2>Hydrauliset j\u00e4rjestelm\u00e4t ja toimintaperiaate<\/h2>\n<p>Hydraulisylinteri on hydraulij\u00e4rjestelm\u00e4n olennainen osa, joka muuntaa hydraulisen energian mekaaniseksi energiaksi. T\u00e4m\u00e4 muunnos luo lineaarisen voiman ja liikkeen, jota koneesi tarvitsee k\u00e4ytt\u00e4\u00e4kseen. Hydraulisylinteri on suunniteltu toimimaan k\u00e4si k\u00e4dess\u00e4 voimayksik\u00f6iden kanssa, mik\u00e4 varmistaa saumattoman ja tehokkaan toiminnan.<\/p>\n<p><img loading=\"lazy\" decoding=\"async\" class=\"alignnone size-full wp-image-6757\" src=\"https:\/\/fmp-components.com\/wp-content\/uploads\/2025\/03\/Telescopic-Hydraulic-Cylinders-114.webp\" alt=\"Teleskooppiset hydraulisylinterit\" width=\"2160\" height=\"2160\" title=\"\" srcset=\"https:\/\/fmp-components.com\/wp-content\/uploads\/2025\/03\/Telescopic-Hydraulic-Cylinders-114.webp 2160w, https:\/\/fmp-components.com\/wp-content\/uploads\/2025\/03\/Telescopic-Hydraulic-Cylinders-114-1280x1280.webp 1280w, https:\/\/fmp-components.com\/wp-content\/uploads\/2025\/03\/Telescopic-Hydraulic-Cylinders-114-980x980.webp 980w, https:\/\/fmp-components.com\/wp-content\/uploads\/2025\/03\/Telescopic-Hydraulic-Cylinders-114-480x480.webp 480w\" sizes=\"(min-width: 0px) and (max-width: 480px) 480px, (min-width: 481px) and (max-width: 980px) 980px, (min-width: 981px) and (max-width: 1280px) 1280px, (min-width: 1281px) 2160px, 100vw\" \/><\/p>\n<h2>Sovellukset<\/h2>\n<p>T\u00e4m\u00e4 hydraulisylinteri sopii t\u00e4ydellisesti useille eri teollisuudenaloille, kuten konepajoille, maatiloille, energia- ja kaivosteollisuudelle, konevalmistukseen ja konetehtaisiin. Kest\u00e4v\u00e4n rakenteensa ja erinomaisen suorituskykyns\u00e4 ansiosta se on ihanteellinen ratkaisu hydraulij\u00e4rjestelm\u00e4tarpeisiisi.<\/p>\n<h2>Hydraulisylinterit ja voimayksik\u00f6t<\/h2>\n<p>Hydraulisylinterit ja voimayksik\u00f6t ovat erottamattomia osia hydraulij\u00e4rjestelm\u00e4ss\u00e4. Niiden yhdistetty toiminta takaa hydraulitekniikan laajan k\u00e4yt\u00f6n teollisuudessa ja tarjoaa luotettavaa teho- ja ohjaustukea erilaisille teknisille ja mekaanisille laitteille. FMP tarjoaa my\u00f6s voimayksik\u00f6it\u00e4 myyntiin, mik\u00e4 varmistaa, ett\u00e4 sinulla on kaikki tarvittavat komponentit t\u00e4ysin toimivaan hydraulij\u00e4rjestelm\u00e4\u00e4n.<\/p>\n<h2>Usein kysytyt kysymykset<\/h2>\n<table border=\"\">\n<tbody>\n<tr>\n<td>K: Oletko kauppayhti\u00f6 vai valmistaja?<\/td>\n<td>V: Olemme valmistaja.<\/td>\n<\/tr>\n<tr>\n<td>K: Kuinka pitk\u00e4 on toimitusaikanne?<\/td>\n<td>V: Yleens\u00e4 se on 25\u201335 p\u00e4iv\u00e4\u00e4.<\/td>\n<\/tr>\n<tr>\n<td>K: Toimitatteko n\u00e4ytteit\u00e4? Onko se ilmaista vai lis\u00e4maksullista?<\/td>\n<td>V: Kyll\u00e4, tarjoamme n\u00e4ytteit\u00e4, mutta ne eiv\u00e4t ole ilmaisia.<\/td>\n<\/tr>\n<\/tbody>\n<\/table>\n<h3>Tietoja FMP:st\u00e4<\/h3>\n<p class=\"break-words\">FMP on johtava italialainen valmistaja, joka on erikoistunut korkealaatuisten hydraulisylintereiden suunnitteluun, kehitt\u00e4miseen ja tuotantoon. Rikkaalla, vuosikymmenten kokemukseen perustuvalla perinn\u00f6ll\u00e4mme yhdist\u00e4mme ylpe\u00e4n\u00e4 italialaisen k\u00e4sity\u00f6taidon huipputeknologiaan toimittaaksemme poikkeuksellisia hydraulisia ratkaisuja, jotka on r\u00e4\u00e4t\u00e4l\u00f6ity vastaamaan maailmanlaajuisen asiakaskuntamme monipuolisiin tarpeisiin. Italiassa, insin\u00f6\u00f6ritaidon huippuosaamisen keskuksessa, sijaitseva FMP on luotettava nimi hydrauliikkateollisuudessa ja sitoutunut tarjoamaan luotettavia, kest\u00e4vi\u00e4 ja innovatiivisia tuotteita, jotka voimaannuttavat yrityksi\u00e4 maailmanlaajuisesti.<\/p>\n<p class=\"break-words\">Yrityksemme yhdist\u00e4\u00e4 parhaat edistykselliset valmistusperinteet tulevaisuuteen suuntautuneeseen l\u00e4hestymistapaan. Vuosien kokemuksella hydrauliikkaj\u00e4rjestelmist\u00e4 FMP on kehittynyt nykyaikaiseksi yritykseksi, joka erottuu edukseen tutkimuksessa, suunnittelussa ja tuotannossa. Olemme erikoistuneet laajaan valikoimaan hydraulisylintereit\u00e4, mukaan lukien kaksitoimiset sylinterit, autojen nostosylinterit, maatalouskoneiden sylinterit ja r\u00e4\u00e4t\u00e4l\u00f6idyt ratkaisut erilaisiin teollisiin sovelluksiin. Olipa kyseess\u00e4 sitten rakentaminen, teollisuusasennukset, maatalous tai raskaskoneet, hydraulisylinterimme on rakennettu toimimaan vaativimmissakin olosuhteissa varmistaen turvallisuuden, tehokkuuden ja pitk\u00e4n k\u00e4ytt\u00f6i\u00e4n.<\/p>\n<p><img loading=\"lazy\" decoding=\"async\" class=\"alignnone size-full wp-image-6720\" src=\"https:\/\/fmp-components.com\/wp-content\/uploads\/2025\/03\/hydraulic-cylinder-8.webp\" alt=\"Teleskooppiset hydraulisylinterit\" width=\"933\" height=\"526\" title=\"\" srcset=\"https:\/\/fmp-components.com\/wp-content\/uploads\/2025\/03\/hydraulic-cylinder-8.webp 933w, https:\/\/fmp-components.com\/wp-content\/uploads\/2025\/03\/hydraulic-cylinder-8-480x271.webp 480w\" sizes=\"(min-width: 0px) and (max-width: 480px) 480px, (min-width: 481px) 933px, 100vw\" \/><\/p>\n<p class=\"break-words\">FMP:ll\u00e4 olemme ylpeit\u00e4 huippumoderneista tuotantolaitoksistamme, jotka on varustettu tarkkuuskoneilla ja edistyneill\u00e4 testausj\u00e4rjestelmill\u00e4. Valmistusprosessimme noudattavat tiukkoja kansallisia ja kansainv\u00e4lisi\u00e4 standardeja, mik\u00e4 varmistaa, ett\u00e4 jokainen tehtaaltamme l\u00e4htev\u00e4 hydraulisylinteri on eritt\u00e4in laadukas ja luotettava. Taitava tekninen tiimimme ja huippuluokan laitteet mahdollistavat tiukan laadunvalvonnan tuotannon jokaisessa vaiheessa \u2013 raaka-aineiden valinnasta lopputarkastukseen. T\u00e4m\u00e4 omistautuminen erinomaisuuteen on ansainnut meille sertifikaatteja ja tunnustusta alan viranomaisilta, mik\u00e4 on vahvistanut mainettamme luotettavana kumppanina.<\/p>\n<p class=\"break-words\">Missiomme on yksinkertainen mutta kunnianhimoinen: tarjota asiakkaillemme hydraulisylintereit\u00e4, jotka ylitt\u00e4v\u00e4t odotukset suorituskyvyss\u00e4, kest\u00e4vyydess\u00e4 ja arvossa. Toimimme ammattitaidon, rehellisyyden ja asiakasl\u00e4ht\u00f6isyyden ohjaamilla periaatteilla. Edist\u00e4m\u00e4ll\u00e4 innovaatio- ja tarkkuuskulttuuria ja jalostamme jatkuvasti tuotteitamme pysy\u00e4ksemme kilpailuedulla. Kattava tuotevalikoimamme ja kykymme tarjota r\u00e4\u00e4t\u00e4l\u00f6ityj\u00e4 ratkaisuja tekev\u00e4t meist\u00e4 ensisijaisen valinnan yrityksille, jotka etsiv\u00e4t tehokkaita hydraulisylintereit\u00e4.<\/p>\n<p class=\"break-words\">FMP on enemm\u00e4n kuin vain valmistaja \u2013 olemme kumppani menestyksess\u00e4si. Ymm\u00e4rr\u00e4mme, ett\u00e4 asiakkaamme luottavat meihin ty\u00f6kalujen toimittamisessa, jotka parantavat heid\u00e4n tuottavuuttaan ja turvallisuuttaan. Siksi olemme sitoutuneet tarjoamaan paitsi huippuluokan tuotteita my\u00f6s poikkeuksellista palvelua. Alustavasta konsultoinnista myynnin j\u00e4lkeiseen tukeen teemme tiivist\u00e4 yhteisty\u00f6t\u00e4 asiakkaidemme kanssa varmistaaksemme, ett\u00e4 heid\u00e4n tarpeensa t\u00e4ytet\u00e4\u00e4n ammattitaitoisesti ja huolellisesti. Kilpailukykyiset hintamme yhdistettyn\u00e4 horjumattomaan sitoutumiseemme laatuun tekev\u00e4t FMP:st\u00e4 \u00e4lykk\u00e4\u00e4n valinnan yrityksille, jotka haluavat investoida luotettaviin hydrauliikkaratkaisuihin.<\/p>","protected":false},"excerpt":{"rendered":"<p>Cost Effective Telescopic Hydraulic Cylinder for Dump Trailer Introducing the cost-effective, multi-stage telescopic hydraulic cylinder specially designed for dump trailers. This high-quality hydraulic cylinder is made with solid steel, ensuring durability and robustness. It boasts a maximum thrust of 3000 and a maximum pull of 20 tons. Its bore size ranges from 2 to 6 [&hellip;]<\/p>","protected":false},"featured_media":6792,"comment_status":"closed","ping_status":"closed","template":"","meta":{"_et_pb_use_builder":"","_et_pb_old_content":"","_et_gb_content_width":""},"product_brand":[],"product_cat":[103],"product_tag":[34,105],"class_list":{"0":"post-6572","1":"product","2":"type-product","3":"status-publish","4":"has-post-thumbnail","6":"product_cat-telescopic-hydraulic-cylinders","7":"product_tag-hydraulic-cylinder","8":"product_tag-telescopic-hydraulic-cylinders","10":"first","11":"instock","12":"product-type-simple"},"_links":{"self":[{"href":"https:\/\/fmp-components.com\/fi\/wp-json\/wp\/v2\/product\/6572","targetHints":{"allow":["GET"]}}],"collection":[{"href":"https:\/\/fmp-components.com\/fi\/wp-json\/wp\/v2\/product"}],"about":[{"href":"https:\/\/fmp-components.com\/fi\/wp-json\/wp\/v2\/types\/product"}],"replies":[{"embeddable":true,"href":"https:\/\/fmp-components.com\/fi\/wp-json\/wp\/v2\/comments?post=6572"}],"wp:featuredmedia":[{"embeddable":true,"href":"https:\/\/fmp-components.com\/fi\/wp-json\/wp\/v2\/media\/6792"}],"wp:attachment":[{"href":"https:\/\/fmp-components.com\/fi\/wp-json\/wp\/v2\/media?parent=6572"}],"wp:term":[{"taxonomy":"product_brand","embeddable":true,"href":"https:\/\/fmp-components.com\/fi\/wp-json\/wp\/v2\/product_brand?post=6572"},{"taxonomy":"product_cat","embeddable":true,"href":"https:\/\/fmp-components.com\/fi\/wp-json\/wp\/v2\/product_cat?post=6572"},{"taxonomy":"product_tag","embeddable":true,"href":"https:\/\/fmp-components.com\/fi\/wp-json\/wp\/v2\/product_tag?post=6572"}],"curies":[{"name":"wp","href":"https:\/\/api.w.org\/{rel}","templated":true}]}}