{"id":6567,"date":"2025-03-11T06:31:13","date_gmt":"2025-03-11T06:31:13","guid":{"rendered":"https:\/\/fmp-components.com\/product\/hot-sale-5-stage-hydraulic-telescopic-cylinder-for-dump-trailer"},"modified":"2025-03-12T05:37:19","modified_gmt":"2025-03-12T05:37:19","slug":"hot-sale-5-stage-hydraulic-telescopic-cylinder-for-dump-trailer","status":"publish","type":"product","link":"https:\/\/fmp-components.com\/fi\/product\/hot-sale-5-stage-hydraulic-telescopic-cylinder-for-dump-trailer\/","title":{"rendered":"Kuuma myynti 5-vaiheinen hydraulinen teleskooppisylinteri kippiper\u00e4vaunulle"},"content":{"rendered":"<h2>Kuuma myynti 5-vaiheinen hydraulinen teleskooppisylinteri kippiper\u00e4vaunulle<\/h2>\n<p>T\u00e4m\u00e4 upouusi 5-vaiheinen hydraulinen teleskooppisylinteri on eritt\u00e4in suosittu ja v\u00e4ltt\u00e4m\u00e4t\u00f6n hankinta raskaita koneita vaativille teollisuudenaloille. T\u00e4m\u00e4 hydraulisylinteri sopii konepajoille, maatiloille, energia- ja kaivosteollisuuteen, konevalmistukseen ja konetehtaisiin, ja siin\u00e4 on monia ominaisuuksia ja etuja, jotka tekev\u00e4t siit\u00e4 erinomaisen valinnan.<\/p>\n<h3>T\u00e4rkeimm\u00e4t ominaisuudet ja edut<\/h3>\n<ul>\n<li>1 vuoden takuu keskeisille osille: Laakeri ja hydraulisylinteri<\/li>\n<li>Vakiomallinen m\u00e4nt\u00e4sylinterirakenne, joka varmistaa tehokkuuden ja luotettavuuden<\/li>\n<li>Hydraulinen k\u00e4ytt\u00f6voima, jonka ty\u00f6nt\u00f6voima on enint\u00e4\u00e4n 3000 hp ja vetovoima 20 tonnia<\/li>\n<li>Valmistettu tukevasta ja kest\u00e4v\u00e4st\u00e4 ter\u00e4ksest\u00e4<\/li>\n<li>ISO9001:2000-sertifioitu, mik\u00e4 takaa tuotteen laadun ja turvallisuuden<\/li>\n<\/ul>\n<h2>Tekniset tiedot<\/h2>\n<p>T\u00e4ss\u00e4 monivaiheisessa hydraulisylinteriss\u00e4 on vaikuttava valikoima teknisi\u00e4 tietoja, jotka on suunniteltu vastaamaan monenlaisiin teollisuuden vaatimuksiin.<\/p>\n<table style=\"width: 97.9054%;\" border=\"\">\n<tbody>\n<tr>\n<td style=\"width: 42.9379%;\">Rei\u00e4n koko<\/td>\n<td style=\"width: 463.277%;\">2\u20136 tuumaa<\/td>\n<\/tr>\n<tr>\n<td style=\"width: 42.9379%;\">Tangon koko<\/td>\n<td style=\"width: 463.277%;\">1,125\u20134 tuumaa<\/td>\n<\/tr>\n<tr>\n<td style=\"width: 42.9379%;\">Iskun koko<\/td>\n<td style=\"width: 463.277%;\">4\u2013100 tuumaa<\/td>\n<\/tr>\n<tr>\n<td style=\"width: 42.9379%;\">Tapin koko<\/td>\n<td style=\"width: 463.277%;\">0,5\u20132 tuumaa<\/td>\n<\/tr>\n<tr>\n<td style=\"width: 42.9379%;\">Portit<\/td>\n<td style=\"width: 463.277%;\">G\/SAE\/NPT\/M<\/td>\n<\/tr>\n<\/tbody>\n<\/table>\n<h2>Hydraulisylinterit ja voimayksik\u00f6t<\/h2>\n<p>Hydraulisylinterit ja voimayksik\u00f6t ovat hydraulij\u00e4rjestelm\u00e4n olennaisia \u200b\u200bosia. Niiden yhteisty\u00f6 varmistaa hydraulitekniikan laajan soveltamisen teollisuudessa ja tarjoaa luotettavaa teho- ja ohjaustukea erilaisille teknisille ja mekaanisille laitteille. Hydraulisylinteri muuntaa toimilaitteena hydraulisen energian mekaaniseksi liikkeeksi ja paineen voimaksi. Voimayksikk\u00f6 puolestaan \u200b\u200bon ydin, joka tuottaa hydraulij\u00e4rjestelm\u00e4n tarvitseman energian ja ohjaussignaalit.<\/p>\n<p><img loading=\"lazy\" decoding=\"async\" class=\"alignnone  wp-image-6657\" src=\"https:\/\/fmp-components.com\/wp-content\/uploads\/2025\/03\/telescopic-hydraulic-cylinder-3.webp\" alt=\"teleskooppinen hydraulisylinteri\" width=\"1004\" height=\"1004\" title=\"\" srcset=\"https:\/\/fmp-components.com\/wp-content\/uploads\/2025\/03\/telescopic-hydraulic-cylinder-3.webp 1004w, https:\/\/fmp-components.com\/wp-content\/uploads\/2025\/03\/telescopic-hydraulic-cylinder-3-480x480.webp 480w\" sizes=\"(min-width: 0px) and (max-width: 480px) 480px, (min-width: 481px) 1004px, 100vw\" \/><\/p>\n<h2>Usein kysytyt kysymykset<\/h2>\n<dl>\n<dt>K: Oletko kauppayhti\u00f6 vai valmistaja?<\/dt>\n<dd>V: Olemme valmistaja.<\/dd>\n<dt>K: Kuinka pitk\u00e4 on toimitusaikanne?<\/dt>\n<dd>V: Yleens\u00e4 se on 25\u201335 p\u00e4iv\u00e4\u00e4.<\/dd>\n<dt>K: Tarjoatteko n\u00e4ytteit\u00e4? Ovatko ne ilmaisia \u200b\u200bvai ylim\u00e4\u00e4r\u00e4isi\u00e4?<\/dt>\n<dd>V: Kyll\u00e4, voisimme tarjota n\u00e4ytteen, mutta se ei ole ilmainen.<\/dd>\n<\/dl>\n<h3>Tietoja FMP:st\u00e4<\/h3>\n<p class=\"break-words\">FMP on johtava italialainen valmistaja, joka on erikoistunut korkealaatuisten hydraulisylintereiden suunnitteluun, kehitt\u00e4miseen ja tuotantoon. Rikkaalla, vuosikymmenten kokemukseen perustuvalla perinn\u00f6ll\u00e4mme yhdist\u00e4mme ylpe\u00e4n\u00e4 italialaisen k\u00e4sity\u00f6taidon huipputeknologiaan toimittaaksemme poikkeuksellisia hydraulisia ratkaisuja, jotka on r\u00e4\u00e4t\u00e4l\u00f6ity vastaamaan maailmanlaajuisen asiakaskuntamme monipuolisiin tarpeisiin. Italiassa, insin\u00f6\u00f6ritaidon huippuosaamisen keskuksessa, sijaitseva FMP on luotettava nimi hydrauliikkateollisuudessa ja sitoutunut tarjoamaan luotettavia, kest\u00e4vi\u00e4 ja innovatiivisia tuotteita, jotka voimaannuttavat yrityksi\u00e4 maailmanlaajuisesti.<\/p>\n<p class=\"break-words\">Yrityksemme yhdist\u00e4\u00e4 parhaat edistykselliset valmistusperinteet tulevaisuuteen suuntautuneeseen l\u00e4hestymistapaan. Vuosien kokemuksella hydrauliikkaj\u00e4rjestelmist\u00e4 FMP on kehittynyt nykyaikaiseksi yritykseksi, joka erottuu edukseen tutkimuksessa, suunnittelussa ja tuotannossa. Olemme erikoistuneet laajaan valikoimaan hydraulisylintereit\u00e4, mukaan lukien kaksitoimiset sylinterit, autojen nostosylinterit, maatalouskoneiden sylinterit ja r\u00e4\u00e4t\u00e4l\u00f6idyt ratkaisut erilaisiin teollisiin sovelluksiin. Olipa kyseess\u00e4 sitten rakentaminen, teollisuusasennukset, maatalous tai raskaskoneet, hydraulisylinterimme on rakennettu toimimaan vaativimmissakin olosuhteissa varmistaen turvallisuuden, tehokkuuden ja pitk\u00e4n k\u00e4ytt\u00f6i\u00e4n.<\/p>\n<p><img loading=\"lazy\" decoding=\"async\" class=\"alignnone size-full wp-image-6720\" src=\"https:\/\/fmp-components.com\/wp-content\/uploads\/2025\/03\/hydraulic-cylinder-8.webp\" alt=\"Teleskooppiset hydraulisylinterit\" width=\"933\" height=\"526\" title=\"\" srcset=\"https:\/\/fmp-components.com\/wp-content\/uploads\/2025\/03\/hydraulic-cylinder-8.webp 933w, https:\/\/fmp-components.com\/wp-content\/uploads\/2025\/03\/hydraulic-cylinder-8-480x271.webp 480w\" sizes=\"(min-width: 0px) and (max-width: 480px) 480px, (min-width: 481px) 933px, 100vw\" \/><\/p>\n<p class=\"break-words\">FMP:ll\u00e4 olemme ylpeit\u00e4 huippumoderneista tuotantolaitoksistamme, jotka on varustettu tarkkuuskoneilla ja edistyneill\u00e4 testausj\u00e4rjestelmill\u00e4. Valmistusprosessimme noudattavat tiukkoja kansallisia ja kansainv\u00e4lisi\u00e4 standardeja, mik\u00e4 varmistaa, ett\u00e4 jokainen tehtaaltamme l\u00e4htev\u00e4 hydraulisylinteri on eritt\u00e4in laadukas ja luotettava. Taitava tekninen tiimimme ja huippuluokan laitteet mahdollistavat tiukan laadunvalvonnan tuotannon jokaisessa vaiheessa \u2013 raaka-aineiden valinnasta lopputarkastukseen. T\u00e4m\u00e4 omistautuminen erinomaisuuteen on ansainnut meille sertifikaatteja ja tunnustusta alan viranomaisilta, mik\u00e4 on vahvistanut mainettamme luotettavana kumppanina.<\/p>\n<p class=\"break-words\">Missiomme on yksinkertainen mutta kunnianhimoinen: tarjota asiakkaillemme hydraulisylintereit\u00e4, jotka ylitt\u00e4v\u00e4t odotukset suorituskyvyss\u00e4, kest\u00e4vyydess\u00e4 ja arvossa. Toimimme ammattitaidon, rehellisyyden ja asiakasl\u00e4ht\u00f6isyyden ohjaamilla periaatteilla. Edist\u00e4m\u00e4ll\u00e4 innovaatio- ja tarkkuuskulttuuria ja jalostamme jatkuvasti tuotteitamme pysy\u00e4ksemme kilpailuedulla. Kattava tuotevalikoimamme ja kykymme tarjota r\u00e4\u00e4t\u00e4l\u00f6ityj\u00e4 ratkaisuja tekev\u00e4t meist\u00e4 ensisijaisen valinnan yrityksille, jotka etsiv\u00e4t tehokkaita hydraulisylintereit\u00e4.<\/p>\n<p class=\"break-words\">FMP on enemm\u00e4n kuin vain valmistaja \u2013 olemme kumppani menestyksess\u00e4si. Ymm\u00e4rr\u00e4mme, ett\u00e4 asiakkaamme luottavat meihin ty\u00f6kalujen toimittamisessa, jotka parantavat heid\u00e4n tuottavuuttaan ja turvallisuuttaan. Siksi olemme sitoutuneet tarjoamaan paitsi huippuluokan tuotteita my\u00f6s poikkeuksellista palvelua. Alustavasta konsultoinnista myynnin j\u00e4lkeiseen tukeen teemme tiivist\u00e4 yhteisty\u00f6t\u00e4 asiakkaidemme kanssa varmistaaksemme, ett\u00e4 heid\u00e4n tarpeensa t\u00e4ytet\u00e4\u00e4n ammattitaitoisesti ja huolellisesti. Kilpailukykyiset hintamme yhdistettyn\u00e4 horjumattomaan sitoutumiseemme laatuun tekev\u00e4t FMP:st\u00e4 \u00e4lykk\u00e4\u00e4n valinnan yrityksille, jotka haluavat investoida luotettaviin hydrauliikkaratkaisuihin.<\/p>","protected":false},"excerpt":{"rendered":"<p>Hot Sale 5 Stage Hydraulic Telescopic Cylinder for Dump Trailer This brand-new 5 Stage Hydraulic Telescopic Cylinder is a hot sale item and a must-have for industries that require heavy-duty machinery. Suitable for Machinery Repair Shops, Farms, Energy &amp; Mining, Machinery Manufacturing, and Machinery Factory, this hydraulic cylinder boasts a multitude of features and benefits [&hellip;]<\/p>","protected":false},"featured_media":6726,"comment_status":"closed","ping_status":"closed","template":"","meta":{"_et_pb_use_builder":"","_et_pb_old_content":"","_et_gb_content_width":""},"product_brand":[],"product_cat":[103],"product_tag":[34,105],"class_list":{"0":"post-6567","1":"product","2":"type-product","3":"status-publish","4":"has-post-thumbnail","6":"product_cat-telescopic-hydraulic-cylinders","7":"product_tag-hydraulic-cylinder","8":"product_tag-telescopic-hydraulic-cylinders","10":"first","11":"instock","12":"product-type-simple"},"_links":{"self":[{"href":"https:\/\/fmp-components.com\/fi\/wp-json\/wp\/v2\/product\/6567","targetHints":{"allow":["GET"]}}],"collection":[{"href":"https:\/\/fmp-components.com\/fi\/wp-json\/wp\/v2\/product"}],"about":[{"href":"https:\/\/fmp-components.com\/fi\/wp-json\/wp\/v2\/types\/product"}],"replies":[{"embeddable":true,"href":"https:\/\/fmp-components.com\/fi\/wp-json\/wp\/v2\/comments?post=6567"}],"wp:featuredmedia":[{"embeddable":true,"href":"https:\/\/fmp-components.com\/fi\/wp-json\/wp\/v2\/media\/6726"}],"wp:attachment":[{"href":"https:\/\/fmp-components.com\/fi\/wp-json\/wp\/v2\/media?parent=6567"}],"wp:term":[{"taxonomy":"product_brand","embeddable":true,"href":"https:\/\/fmp-components.com\/fi\/wp-json\/wp\/v2\/product_brand?post=6567"},{"taxonomy":"product_cat","embeddable":true,"href":"https:\/\/fmp-components.com\/fi\/wp-json\/wp\/v2\/product_cat?post=6567"},{"taxonomy":"product_tag","embeddable":true,"href":"https:\/\/fmp-components.com\/fi\/wp-json\/wp\/v2\/product_tag?post=6567"}],"curies":[{"name":"wp","href":"https:\/\/api.w.org\/{rel}","templated":true}]}}